{"id":20433,"date":"2020-10-01T00:00:00","date_gmt":"2020-10-01T00:00:00","guid":{"rendered":"https:\/\/amrtop.com\/B2B\/?post_type=product&#038;p=20433"},"modified":"2023-06-05T11:55:01","modified_gmt":"2023-06-05T11:55:01","slug":"ventilateurs-tangentiels-ipc-o-60-mm-l-270mm","status":"publish","type":"product","link":"https:\/\/amrtop.net\/ro\/produit\/ventilateurs-tangentiels-ipc-o-60-mm-l-270mm\/","title":{"rendered":"Ventilateur tangentiel Fergas Code 158201-D8 &#8211; Longueur ventilateur 270 mm &#8211; Longueur totale 380 mm"},"content":{"rendered":"<h3>Ventilateurs tangentiels Ipc \u00f8 60 mm L.270mm<\/h3>\n<p>Cu o experien\u021b\u0103 practic\u0103 de peste dou\u0103zeci de ani \u00een toate aplica\u021biile utilizate \u00een sobele pe pele\u021bi\/biomas\u0103, IPC este acum lider de pia\u021b\u0103 \u00een furnizarea de componente \u0219i sisteme \u00een aceast\u0103 ni\u0219\u0103 a sectorului de \u00eenc\u0103lzire.<\/p>\n<p>Experien\u021ba pe care am dob\u00e2ndit-o ne permite s\u0103 dezvolt\u0103m solu\u021bii specifice pentru produc\u0103torii de sisteme HVACR, iar pe pia\u021ba sobei pe pele\u021bi \u0219i a \u0219emineelor pe biomas\u0103, proiect\u0103m \u0219i producem componente inovatoare folosind tehnologii de ultim\u0103 or\u0103.<\/p>\n<p>Nous concevons et fabriquons des composants innovants en utilisant des technologies de pointe.<\/p>\n<p>Motoreductorii no\u0219tri BRUSHLESS pentru \u00eenc\u0103rcare CONTINU\u0102 \u0219i ventilatoarele noastre EC 230V pentru extragerea fumului sunt acum punctul de referin\u021b\u0103 pentru to\u021bi cei mai cunoscu\u021bi produc\u0103tori de sisteme de biomas\u0103.<\/p>\n<p>Amrtop propose une large gamme de produits IPC pour la ventilation sp\u00e9cialement con\u00e7us pour le secteur du chauffage et de la r\u00e9frig\u00e9ration.<\/p>\n<h3>Utilisation du ventilateur tangentiel Ipc \u00f8 60 mm L.270mm<\/h3>\n<p>Il ventilatore tangenziale IPC Codice CRW20627SRB1 proposto da Amrtop si istallano negli apparecchi a biomassa per estrarre l\u2019aria calda creata dal corpo di combustione per poi diffonderla nell\u2019ambiente circostante.<\/p>\n<p>&nbsp;<\/p>\n<p><strong>Prezent \u00een aparatele tipice<\/strong>\u00a0Soba pe pele\u021bi - Cazan pe pele\u021bi - Arz\u0103tor pe pele\u021bi - Gr\u0103tar pe pele\u021bi Cazan pe biomas\u0103 - Arz\u0103tor pe biomas\u0103 - \u0218i multe alte arz\u0103toare<\/p>\n<h3><strong>Interior<\/strong><\/h3>\n<p><a href=\"https:\/\/wekos.it\/\">Sobe, aragazuri \u0219i aragazuri pe lemne<\/a>\u00a0-\u00a0<a href=\"https:\/\/www.greenpuros.com\/\">\u0219eminee, sobe \u0219i cazane pe pele\u021bi.<\/a><\/p>\n<h3><strong>Gama Amrtop de piese de schimb \u0219i accesorii<\/strong><\/h3>\n<p><a href=\"https:\/\/amrtop.net\/ro\/categoria-de-produse\/piese-de-schimb-sobe-si-cazane-de-gatit-si-cazane-mixte-2\/bougies-dallumage-pour-poeles-et-chaudieres-a-pellets\/\">Bujii incandescente<\/a><\/p>\n<p><a href=\"https:\/\/amrtop.net\/ro\/categoria-de-produse\/piese-de-schimb-sobe-si-cazane-de-gatit-si-cazane-mixte-2\/electronique\/\">Electronic\u0103<\/a><\/p>\n<p><a href=\"https:\/\/amrtop.net\/ro\/categoria-de-produse\/piese-de-schimb-sobe-si-cazane-de-gatit-si-cazane-mixte-2\/extracteurs-de-fumee\/\">Extractoare de fum<\/a><\/p>\n<p><a href=\"https:\/\/amrtop.net\/ro\/categoria-de-produse\/piese-de-schimb-sobe-si-cazane-de-gatit-si-cazane-mixte-2\/gaines-cable-connecteurs\/\">Teci de cablu conector<\/a><\/p>\n<p><a href=\"https:\/\/amrtop.net\/ro\/categoria-de-produse\/piese-de-schimb-sobe-si-cazane-de-gatit-si-cazane-mixte-2\/joints-de-silicone\/\">Garnituri de silicon<\/a><\/p>\n<p><a href=\"https:\/\/amrtop.net\/ro\/categoria-de-produse\/piese-de-schimb-sobe-si-cazane-de-gatit-si-cazane-mixte-2\/motoreducteurs\/\">Motoare cu angrenaje<\/a><\/p>\n<p><a href=\"https:\/\/amrtop.net\/ro\/categoria-de-produse\/piese-de-schimb-sobe-si-cazane-de-gatit-si-cazane-mixte-2\/pressostats-et-transducteurs\/\">Presostate \u0219i traductoare de presiune<\/a><\/p>\n<p><a href=\"https:\/\/amrtop.net\/ro\/categoria-de-produse\/piese-de-schimb-sobe-si-cazane-de-gatit-si-cazane-mixte-2\/sondes-thermostats-manometres-thermometres\/\">Sonde termostate manometre termometre termometre<\/a><\/p>\n<p><a href=\"https:\/\/amrtop.net\/ro\/categoria-de-produse\/piese-de-schimb-sobe-si-cazane-de-gatit-si-cazane-mixte-2\/joints-detancheite\/\">Tricotaje de etan\u0219are<\/a><\/p>\n<p><a href=\"https:\/\/amrtop.net\/ro\/categoria-de-produse\/piese-de-schimb-sobe-si-cazane-de-gatit-si-cazane-mixte-2\/ventilateurs-centrifuges-pour-poeles-a-pellets\/\">Ventilatoare centrifuge<\/a><\/p>\n<p><a href=\"https:\/\/amrtop.net\/ro\/categoria-de-produse\/piese-de-schimb-sobe-si-cazane-de-gatit-si-cazane-mixte-2\/ventilateurs-tangentiels-flux-transversal\/\">Ventilatoare cu flux \u00eencruci\u0219at<\/a><\/p>\n<p><a href=\"https:\/\/amrtop.net\/ro\/categoria-de-produse\/piese-de-schimb-sobe-si-cazane-de-gatit-si-cazane-mixte-2\/adhesifs-et-produits-detancheite\/\">Adezivi \u0219i materiale de etan\u0219are<\/a><\/p>","protected":false},"excerpt":{"rendered":"<h2><span style=\"color: #008000\">Disponibil la<\/span><\/h2>\n<hr \/>\n<p>Motor st\u00e2nga<\/p>\n<p>Code VEN035<\/p>\n<p>Ventilator \u00f8 60 mm<\/p>\n<p>Lungime ventilator 270 mm<\/p>\n<p>Longueur totale : 340 mm<\/p>\n<p>Hauteur totale : 115 mm<\/p>\n<p>Dimension bouches : 42 x 273 mm<\/p>\n<p>Debit d&#8217;air : 215 m\u00b3\/h<\/p>\n<p>Pachet de clapete: 30 mm<\/p>\n<p>Puissances : 27 W<\/p>\n<p>Clasa H<\/p>","protected":false},"featured_media":35113,"comment_status":"open","ping_status":"closed","template":"","meta":[],"product_brand":[],"product_cat":[878,883,1381],"product_tag":[],"class_list":{"0":"post-20433","1":"product","2":"type-product","3":"status-publish","4":"has-post-thumbnail","6":"product_cat-ventilateurs-tangentiels-flux-transversal","7":"product_cat-ventilateurs-tangentiels-fergas-pour-poeles-et-chaudieres-a-pellets","8":"product_cat-ventilateurs-tangentiels-fergas-moteur-droit-o-80-mm","9":"product_shipping_class-classe-di-spedizione-02","11":"first","12":"instock","13":"shipping-taxable","14":"purchasable","15":"product-type-simple"},"yoast_head":"<!-- This site is optimized with the Yoast SEO plugin v27.5 - https:\/\/yoast.com\/product\/yoast-seo-wordpress\/ -->\n<title>Ventilateurs tangentiels Ipc \u00f8 60 mm L.270mm<\/title>\n<meta name=\"description\" content=\"Ventilateur tangentiel Ipc \u00f8 80 mm motor Dx - Extracteur d\u2019air tangentiel avec moteur gauche IPC -Syst\u00e8me d\u2019extraction d\u2019air chaud tangentiel IPC pour po\u00eales \u00e0 pellets - Ventilateur tangentiel pour l\u2019expulsion d\u2019air chaud IPC -Ventilateur horizontal d\u2019air chaud ambiant IPC pour po\u00eale \u00e0 pellets\" \/>\n<meta name=\"robots\" content=\"index, follow, max-snippet:-1, max-image-preview:large, max-video-preview:-1\" \/>\n<link rel=\"canonical\" href=\"https:\/\/amrtop.net\/ro\/produs\/ventilateurs-tangentiels-ipc-o-60-mm-l-270mm\/\" \/>\n<meta property=\"og:locale\" content=\"ro_RO\" \/>\n<meta property=\"og:type\" content=\"article\" \/>\n<meta property=\"og:title\" content=\"Ventilateurs tangentiels Ipc \u00f8 60 mm L.270mm\" \/>\n<meta property=\"og:description\" content=\"Ventilateur tangentiel Ipc \u00f8 80 mm motor Dx - Extracteur d\u2019air tangentiel avec moteur gauche IPC -Syst\u00e8me d\u2019extraction d\u2019air chaud tangentiel IPC pour po\u00eales \u00e0 pellets - Ventilateur tangentiel pour l\u2019expulsion d\u2019air chaud IPC -Ventilateur horizontal d\u2019air chaud ambiant IPC pour po\u00eale \u00e0 pellets\" \/>\n<meta property=\"og:url\" content=\"https:\/\/amrtop.net\/ro\/produs\/ventilateurs-tangentiels-ipc-o-60-mm-l-270mm\/\" \/>\n<meta property=\"og:site_name\" content=\"AMRTOP B2B \u00c9tranger - Achats r\u00e9serv\u00e9s au professionnel\" \/>\n<meta property=\"article:modified_time\" content=\"2023-06-05T11:55:01+00:00\" \/>\n<meta property=\"og:image\" content=\"https:\/\/amrtop.net\/wp-content\/uploads\/2020\/10\/158201D8.jpg\" \/>\n\t<meta property=\"og:image:width\" content=\"960\" \/>\n\t<meta property=\"og:image:height\" content=\"960\" \/>\n\t<meta property=\"og:image:type\" content=\"image\/jpeg\" \/>\n<meta name=\"twitter:card\" content=\"summary_large_image\" \/>\n<meta name=\"twitter:label1\" content=\"Timp estimat pentru citire\" \/>\n\t<meta name=\"twitter:data1\" content=\"1 minut\" \/>\n<script type=\"application\/ld+json\" class=\"yoast-schema-graph\">{\"@context\":\"https:\\\/\\\/schema.org\",\"@graph\":[{\"@type\":\"WebPage\",\"@id\":\"https:\\\/\\\/amrtop.net\\\/produit\\\/ventilateurs-tangentiels-ipc-o-60-mm-l-270mm\\\/\",\"url\":\"https:\\\/\\\/amrtop.net\\\/produit\\\/ventilateurs-tangentiels-ipc-o-60-mm-l-270mm\\\/\",\"name\":\"Ventilateurs tangentiels Ipc \u00f8 60 mm L.270mm\",\"isPartOf\":{\"@id\":\"https:\\\/\\\/amrtop.net\\\/#website\"},\"primaryImageOfPage\":{\"@id\":\"https:\\\/\\\/amrtop.net\\\/produit\\\/ventilateurs-tangentiels-ipc-o-60-mm-l-270mm\\\/#primaryimage\"},\"image\":{\"@id\":\"https:\\\/\\\/amrtop.net\\\/produit\\\/ventilateurs-tangentiels-ipc-o-60-mm-l-270mm\\\/#primaryimage\"},\"thumbnailUrl\":\"https:\\\/\\\/amrtop.net\\\/wp-content\\\/uploads\\\/2020\\\/10\\\/158201D8.jpg\",\"datePublished\":\"2020-10-01T00:00:00+00:00\",\"dateModified\":\"2023-06-05T11:55:01+00:00\",\"description\":\"Ventilateur tangentiel Ipc \u00f8 80 mm motor Dx - Extracteur d\u2019air tangentiel avec moteur gauche IPC -Syst\u00e8me d\u2019extraction d\u2019air chaud tangentiel IPC pour po\u00eales \u00e0 pellets - Ventilateur tangentiel pour l\u2019expulsion d\u2019air chaud IPC -Ventilateur horizontal d\u2019air chaud ambiant IPC pour po\u00eale \u00e0 pellets\",\"breadcrumb\":{\"@id\":\"https:\\\/\\\/amrtop.net\\\/produit\\\/ventilateurs-tangentiels-ipc-o-60-mm-l-270mm\\\/#breadcrumb\"},\"inLanguage\":\"ro-RO\",\"potentialAction\":[{\"@type\":\"ReadAction\",\"target\":[\"https:\\\/\\\/amrtop.net\\\/produit\\\/ventilateurs-tangentiels-ipc-o-60-mm-l-270mm\\\/\"]}]},{\"@type\":\"ImageObject\",\"inLanguage\":\"ro-RO\",\"@id\":\"https:\\\/\\\/amrtop.net\\\/produit\\\/ventilateurs-tangentiels-ipc-o-60-mm-l-270mm\\\/#primaryimage\",\"url\":\"https:\\\/\\\/amrtop.net\\\/wp-content\\\/uploads\\\/2020\\\/10\\\/158201D8.jpg\",\"contentUrl\":\"https:\\\/\\\/amrtop.net\\\/wp-content\\\/uploads\\\/2020\\\/10\\\/158201D8.jpg\",\"width\":960,\"height\":960,\"caption\":\"Ventilateur tangentiel Ipc \u00f8 80 mm motor Dx - Extracteur d\u2019air tangentiel avec moteur gauche IPC -Syst\u00e8me d\u2019extraction d\u2019air chaud tangentiel IPC pour po\u00eales \u00e0 pellets - Ventilateur tangentiel pour l\u2019expulsion d\u2019air chaud IPC -Ventilateur horizontal d\u2019air chaud ambiant IPC pour po\u00eale \u00e0 pellets\"},{\"@type\":\"BreadcrumbList\",\"@id\":\"https:\\\/\\\/amrtop.net\\\/produit\\\/ventilateurs-tangentiels-ipc-o-60-mm-l-270mm\\\/#breadcrumb\",\"itemListElement\":[{\"@type\":\"ListItem\",\"position\":1,\"name\":\"Home\",\"item\":\"https:\\\/\\\/amrtop.net\\\/\"},{\"@type\":\"ListItem\",\"position\":2,\"name\":\"Shop\",\"item\":\"https:\\\/\\\/amrtop.net\\\/negozio\\\/\"},{\"@type\":\"ListItem\",\"position\":3,\"name\":\"Ventilateur tangentiel Fergas Code 158201-D8 &#8211; Longueur ventilateur 270 mm &#8211; Longueur totale 380 mm\"}]},{\"@type\":\"WebSite\",\"@id\":\"https:\\\/\\\/amrtop.net\\\/#website\",\"url\":\"https:\\\/\\\/amrtop.net\\\/\",\"name\":\"AMRTOP B2B \u00c9tranger - Achats r\u00e9serv\u00e9s au professionnel\",\"description\":\"Pi\u00e8ces de rechange et accessoires pour po\u00eales et chaudi\u00e8res - eCommerce B2B pour Clients Professionnels\",\"potentialAction\":[{\"@type\":\"SearchAction\",\"target\":{\"@type\":\"EntryPoint\",\"urlTemplate\":\"https:\\\/\\\/amrtop.net\\\/?s={search_term_string}\"},\"query-input\":{\"@type\":\"PropertyValueSpecification\",\"valueRequired\":true,\"valueName\":\"search_term_string\"}}],\"inLanguage\":\"ro-RO\"}]}<\/script>\n<!-- \/ Yoast SEO plugin. -->","yoast_head_json":{"title":"Ventilateurs tangentiels Ipc \u00f8 60 mm L.270mm","description":"Ventilateur tangentiel Ipc \u00f8 80 mm motor Dx - Extracteur d\u2019air tangentiel avec moteur gauche IPC -Syst\u00e8me d\u2019extraction d\u2019air chaud tangentiel IPC pour po\u00eales \u00e0 pellets - Ventilateur tangentiel pour l\u2019expulsion d\u2019air chaud IPC -Ventilateur horizontal d\u2019air chaud ambiant IPC pour po\u00eale \u00e0 pellets","robots":{"index":"index","follow":"follow","max-snippet":"max-snippet:-1","max-image-preview":"max-image-preview:large","max-video-preview":"max-video-preview:-1"},"canonical":"https:\/\/amrtop.net\/ro\/produs\/ventilateurs-tangentiels-ipc-o-60-mm-l-270mm\/","og_locale":"ro_RO","og_type":"article","og_title":"Ventilateurs tangentiels Ipc \u00f8 60 mm L.270mm","og_description":"Ventilateur tangentiel Ipc \u00f8 80 mm motor Dx - Extracteur d\u2019air tangentiel avec moteur gauche IPC -Syst\u00e8me d\u2019extraction d\u2019air chaud tangentiel IPC pour po\u00eales \u00e0 pellets - Ventilateur tangentiel pour l\u2019expulsion d\u2019air chaud IPC -Ventilateur horizontal d\u2019air chaud ambiant IPC pour po\u00eale \u00e0 pellets","og_url":"https:\/\/amrtop.net\/ro\/produs\/ventilateurs-tangentiels-ipc-o-60-mm-l-270mm\/","og_site_name":"AMRTOP B2B \u00c9tranger - Achats r\u00e9serv\u00e9s au professionnel","article_modified_time":"2023-06-05T11:55:01+00:00","og_image":[{"width":960,"height":960,"url":"https:\/\/amrtop.net\/wp-content\/uploads\/2020\/10\/158201D8.jpg","type":"image\/jpeg"}],"twitter_card":"summary_large_image","twitter_misc":{"Timp estimat pentru citire":"1 minut"},"schema":{"@context":"https:\/\/schema.org","@graph":[{"@type":"WebPage","@id":"https:\/\/amrtop.net\/produit\/ventilateurs-tangentiels-ipc-o-60-mm-l-270mm\/","url":"https:\/\/amrtop.net\/produit\/ventilateurs-tangentiels-ipc-o-60-mm-l-270mm\/","name":"Ventilateurs tangentiels Ipc \u00f8 60 mm L.270mm","isPartOf":{"@id":"https:\/\/amrtop.net\/#website"},"primaryImageOfPage":{"@id":"https:\/\/amrtop.net\/produit\/ventilateurs-tangentiels-ipc-o-60-mm-l-270mm\/#primaryimage"},"image":{"@id":"https:\/\/amrtop.net\/produit\/ventilateurs-tangentiels-ipc-o-60-mm-l-270mm\/#primaryimage"},"thumbnailUrl":"https:\/\/amrtop.net\/wp-content\/uploads\/2020\/10\/158201D8.jpg","datePublished":"2020-10-01T00:00:00+00:00","dateModified":"2023-06-05T11:55:01+00:00","description":"Ventilateur tangentiel Ipc \u00f8 80 mm motor Dx - Extracteur d\u2019air tangentiel avec moteur gauche IPC -Syst\u00e8me d\u2019extraction d\u2019air chaud tangentiel IPC pour po\u00eales \u00e0 pellets - Ventilateur tangentiel pour l\u2019expulsion d\u2019air chaud IPC -Ventilateur horizontal d\u2019air chaud ambiant IPC pour po\u00eale \u00e0 pellets","breadcrumb":{"@id":"https:\/\/amrtop.net\/produit\/ventilateurs-tangentiels-ipc-o-60-mm-l-270mm\/#breadcrumb"},"inLanguage":"ro-RO","potentialAction":[{"@type":"ReadAction","target":["https:\/\/amrtop.net\/produit\/ventilateurs-tangentiels-ipc-o-60-mm-l-270mm\/"]}]},{"@type":"ImageObject","inLanguage":"ro-RO","@id":"https:\/\/amrtop.net\/produit\/ventilateurs-tangentiels-ipc-o-60-mm-l-270mm\/#primaryimage","url":"https:\/\/amrtop.net\/wp-content\/uploads\/2020\/10\/158201D8.jpg","contentUrl":"https:\/\/amrtop.net\/wp-content\/uploads\/2020\/10\/158201D8.jpg","width":960,"height":960,"caption":"Ventilateur tangentiel Ipc \u00f8 80 mm motor Dx - Extracteur d\u2019air tangentiel avec moteur gauche IPC -Syst\u00e8me d\u2019extraction d\u2019air chaud tangentiel IPC pour po\u00eales \u00e0 pellets - Ventilateur tangentiel pour l\u2019expulsion d\u2019air chaud IPC -Ventilateur horizontal d\u2019air chaud ambiant IPC pour po\u00eale \u00e0 pellets"},{"@type":"BreadcrumbList","@id":"https:\/\/amrtop.net\/produit\/ventilateurs-tangentiels-ipc-o-60-mm-l-270mm\/#breadcrumb","itemListElement":[{"@type":"ListItem","position":1,"name":"Home","item":"https:\/\/amrtop.net\/"},{"@type":"ListItem","position":2,"name":"Shop","item":"https:\/\/amrtop.net\/negozio\/"},{"@type":"ListItem","position":3,"name":"Ventilateur tangentiel Fergas Code 158201-D8 &#8211; Longueur ventilateur 270 mm &#8211; Longueur totale 380 mm"}]},{"@type":"WebSite","@id":"https:\/\/amrtop.net\/#website","url":"https:\/\/amrtop.net\/","name":"AMRTOP B2B Abroad - Achizi\u021bii rezervate profesioni\u0219tilor","description":"Piese de schimb \u0219i accesorii pentru sobe \u0219i cazane - eCommerce B2B pentru clien\u021bi profesioni\u0219ti","potentialAction":[{"@type":"SearchAction","target":{"@type":"EntryPoint","urlTemplate":"https:\/\/amrtop.net\/?s={search_term_string}"},"query-input":{"@type":"PropertyValueSpecification","valueRequired":true,"valueName":"search_term_string"}}],"inLanguage":"ro-RO"}]}},"_links":{"self":[{"href":"https:\/\/amrtop.net\/ro\/wp-json\/wp\/v2\/product\/20433","targetHints":{"allow":["GET"]}}],"collection":[{"href":"https:\/\/amrtop.net\/ro\/wp-json\/wp\/v2\/product"}],"about":[{"href":"https:\/\/amrtop.net\/ro\/wp-json\/wp\/v2\/types\/product"}],"replies":[{"embeddable":true,"href":"https:\/\/amrtop.net\/ro\/wp-json\/wp\/v2\/comments?post=20433"}],"wp:featuredmedia":[{"embeddable":true,"href":"https:\/\/amrtop.net\/ro\/wp-json\/wp\/v2\/media\/35113"}],"wp:attachment":[{"href":"https:\/\/amrtop.net\/ro\/wp-json\/wp\/v2\/media?parent=20433"}],"wp:term":[{"taxonomy":"product_brand","embeddable":true,"href":"https:\/\/amrtop.net\/ro\/wp-json\/wp\/v2\/product_brand?post=20433"},{"taxonomy":"product_cat","embeddable":true,"href":"https:\/\/amrtop.net\/ro\/wp-json\/wp\/v2\/product_cat?post=20433"},{"taxonomy":"product_tag","embeddable":true,"href":"https:\/\/amrtop.net\/ro\/wp-json\/wp\/v2\/product_tag?post=20433"}],"curies":[{"name":"wp","href":"https:\/\/api.w.org\/{rel}","templated":true}]}}