{"id":20592,"date":"2022-01-06T09:20:18","date_gmt":"2022-01-06T09:20:18","guid":{"rendered":"https:\/\/amrtop.com\/B2B\/?post_type=product&#038;p=20592"},"modified":"2023-08-02T12:47:16","modified_gmt":"2023-08-02T12:47:16","slug":"garnitura-din-fibra-de-sticla-cu-bulb-dublu","status":"publish","type":"product","link":"https:\/\/amrtop.net\/ro\/produit\/joint-a-levre-avec-double-ampoule-en-fibre-de-verre\/","title":{"rendered":"Garnitur\u0103 de buz\u0103 cu bulb dublu din fibr\u0103 de sticl\u0103 pentru sobe \u0219i \u0219eminee \u00een form\u0103 de kit \u0219i bobin\u0103"},"content":{"rendered":"<h3>Etan\u0219are cu buz\u0103 cu bulb dublu din fibr\u0103 de sticl\u0103<\/h3>\n<p>Atunci c\u00e2nd comercializeaz\u0103 acest tip de produs, Amrtop lucreaz\u0103 exclusiv cu companii certificate ISO 9001, prezente pe pia\u021b\u0103 de peste 30 de ani \u0219i care sunt extrem de specializate \u0219i lideri \u00een produc\u021bia de textile tehnice pentru izola\u021bie termic\u0103 \u0219i etan\u0219\u0103ri statice pentru temperaturi ridicate:<\/p>\n<p>Fr\u00e2nghii, \u00eempletituri, \u0219osete, benzi, \u021bes\u0103turi, produse izolatoare \u0219i izolatoare, rosturi de dilatare.<\/p>\n<p>Panglicile \u0219i benzile din fibr\u0103 de sticl\u0103 oferite de Amrtop previn posibilele pagube pentru persoane, dar protejeaz\u0103 \u0219i alte p\u0103r\u021bi ale instala\u021biilor \u00eempotriva expunerii excesive sau previn riscul de explozie sau de incendiu provocat de \u00eenc\u0103lzire.<\/p>\n<h3>Aplica\u021bii<\/h3>\n<ul>\n<li>Sobe pe pele\u021bi \u0219i pe lemne<\/li>\n<li>\u0218eminee pe lemn \u0219i pe pele\u021bi<\/li>\n<li>Radiatoare \u0219i cazane pe lemn \u0219i pe pele\u021bi<\/li>\n<\/ul>\n<h3>Utilizarea garniturii cu buz\u0103 cu bulb dublu din fibr\u0103 de sticl\u0103<\/h3>\n<p>Garnitura din fibr\u0103 de sticl\u0103 \u0219i cordonul adeziv normal din fibr\u0103 ceramic\u0103 sunt utilizate \u00een mod normal \u00een u\u0219a de inspec\u021bie pentru cur\u0103\u021barea de rutin\u0103 prezent\u0103 \u00een toate camerele de ardere, \u00een u\u0219ile focarelor \u0219i ale rezervoarelor \u0219i, de asemenea, \u00een geamul u\u0219ii focarului din aparatele cu lemne \u0219i pele\u021bi.<\/p>\n<p>\u00cen unele cazuri, pentru a le putea aplica, ave\u021bi nevoie de adeziv specific sau chit refractar pentru temperaturi ridicate, pe care le pute\u021bi g\u0103si \u00een diferite formate pe site-ul de comer\u021b electronic al<\/p>\n<h3>Interior<\/h3>\n<p><a href=\"https:\/\/wekos.it\/\">Sobe, aragazuri \u0219i aragazuri pe lemne<\/a>\u00a0-\u00a0<a href=\"https:\/\/www.greenpuros.com\/\">\u0219eminee, sobe \u0219i cazane pe pele\u021bi.<\/a><\/p>\n<h3>Gama Amrtop de piese de schimb \u0219i accesorii<\/h3>\n<p><a href=\"https:\/\/amrtop.net\/ro\/categoria-de-produse\/piese-de-schimb-sobe-si-cazane-de-gatit-si-cazane-mixte-2\/bougies-dallumage-pour-poeles-et-chaudieres-a-pellets\/\">Bujii incandescente<\/a><\/p>\n<p><a href=\"https:\/\/amrtop.net\/ro\/categoria-de-produse\/piese-de-schimb-sobe-si-cazane-de-gatit-si-cazane-mixte-2\/electronique\/\">Electronic\u0103<\/a><\/p>\n<p><a href=\"https:\/\/amrtop.net\/ro\/categoria-de-produse\/piese-de-schimb-sobe-si-cazane-de-gatit-si-cazane-mixte-2\/extracteurs-de-fumee\/\">Extractoare de fum<\/a><\/p>\n<p><a href=\"https:\/\/amrtop.net\/ro\/categoria-de-produse\/piese-de-schimb-sobe-si-cazane-de-gatit-si-cazane-mixte-2\/gaines-cable-connecteurs\/\">Teci de cablu conector<\/a><\/p>\n<p><a href=\"https:\/\/amrtop.net\/ro\/categoria-de-produse\/piese-de-schimb-sobe-si-cazane-de-gatit-si-cazane-mixte-2\/joints-de-silicone\/\">Garnituri de silicon<\/a><\/p>\n<p><a href=\"https:\/\/amrtop.net\/ro\/categoria-de-produse\/piese-de-schimb-sobe-si-cazane-de-gatit-si-cazane-mixte-2\/motoreducteurs\/\">Motoare cu angrenaje<\/a><\/p>\n<p><a href=\"https:\/\/amrtop.net\/ro\/categoria-de-produse\/piese-de-schimb-sobe-si-cazane-de-gatit-si-cazane-mixte-2\/pressostats-et-transducteurs\/\">Presostate \u0219i traductoare de presiune<\/a><\/p>\n<p><a href=\"https:\/\/amrtop.net\/ro\/categoria-de-produse\/piese-de-schimb-sobe-si-cazane-de-gatit-si-cazane-mixte-2\/sondes-thermostats-manometres-thermometres\/\">Sonde termostate manometre termometre termometre<\/a><\/p>\n<p><a href=\"https:\/\/amrtop.net\/ro\/categoria-de-produse\/piese-de-schimb-sobe-si-cazane-de-gatit-si-cazane-mixte-2\/joints-detancheite\/\">Tricotaje de etan\u0219are<\/a><\/p>\n<p><a href=\"https:\/\/amrtop.net\/ro\/categoria-de-produse\/piese-de-schimb-sobe-si-cazane-de-gatit-si-cazane-mixte-2\/ventilateurs-centrifuges-pour-poeles-a-pellets\/\">Ventilatoare centrifuge<\/a><\/p>\n<p><a href=\"https:\/\/amrtop.net\/ro\/categoria-de-produse\/piese-de-schimb-sobe-si-cazane-de-gatit-si-cazane-mixte-2\/ventilateurs-tangentiels-flux-transversal\/\">Ventilatoare cu flux \u00eencruci\u0219at<\/a><\/p>\n<p><a href=\"https:\/\/amrtop.net\/ro\/categoria-de-produse\/piese-de-schimb-sobe-si-cazane-de-gatit-si-cazane-mixte-2\/adhesifs-et-produits-detancheite\/\">Adezivi \u0219i materiale de etan\u0219are<\/a><\/p>\n<p>&nbsp;<\/p>","protected":false},"excerpt":{"rendered":"<h2><span style=\"color: #008000;\">Disponibil la<\/span><\/h2>\n<hr \/>\n<p><strong>CON\u021aINUT :<\/strong><\/p>\n<ul>\n<li>2.5 mt din fibr\u0103 de sticl\u0103 kit de garnitur\u0103 de bec dublu 2.5 mt<\/li>\n<li>50 mt bobin\u0103 de fibr\u0103 de sticl\u0103 dublu bulb sigiliu de sticl\u0103 dubl\u0103<\/li>\n<li>10 mt bobin\u0103 de fibr\u0103 de sticl\u0103 dublu bulb sigiliu de sticl\u0103 dubl\u0103<\/li>\n<\/ul>","protected":false},"featured_media":25318,"comment_status":"open","ping_status":"closed","template":"","meta":[],"product_brand":[],"product_cat":[1343,839],"product_tag":[],"class_list":{"0":"post-20592","1":"product","2":"type-product","3":"status-publish","4":"has-post-thumbnail","6":"product_cat-joints-detancheite-pour-poele-et-cheminees","7":"product_cat-pieces-de-rechange-divers-poeles-et-chaudieres","8":"product_shipping_class-classe-di-spedizione-01","10":"first","11":"instock","12":"shipping-taxable","13":"purchasable","14":"product-type-variable"},"yoast_head":"<!-- This site is optimized with the Yoast SEO plugin v27.4 - https:\/\/yoast.com\/product\/yoast-seo-wordpress\/ -->\n<title>Joint \u00e0 l\u00e8vre avec double ampoule en fibre de verre<\/title>\n<meta name=\"description\" content=\"Joint \u00e0 l\u00e8vre avec double ampoule en fibre de verre - Bas adh\u00e9sif en fibre de verre - Tresse pour po\u00eale \u00e0 pellets - Tresse pour chemin\u00e9es \u00e0 bois - Tresse pour foyers \u00e0 bois - Tresse pour inserts \u00e0 bois - Tresse pour portes po\u00eales inserts \u00e0 bois - Joint pour portes po\u00eales inserts \u00e0 bois Joint pour portes chaudi\u00e8res et radiateurs \u00e0 pellets\" \/>\n<meta name=\"robots\" content=\"index, follow, max-snippet:-1, max-image-preview:large, max-video-preview:-1\" \/>\n<link rel=\"canonical\" href=\"https:\/\/amrtop.net\/ro\/produs\/garnitura-din-fibra-de-sticla-cu-bulb-dublu\/\" \/>\n<meta property=\"og:locale\" content=\"ro_RO\" \/>\n<meta property=\"og:type\" content=\"article\" \/>\n<meta property=\"og:title\" content=\"Joint \u00e0 l\u00e8vre avec double ampoule en fibre de verre\" \/>\n<meta property=\"og:description\" content=\"Joint \u00e0 l\u00e8vre avec double ampoule en fibre de verre - Bas adh\u00e9sif en fibre de verre - Tresse pour po\u00eale \u00e0 pellets - Tresse pour chemin\u00e9es \u00e0 bois - Tresse pour foyers \u00e0 bois - Tresse pour inserts \u00e0 bois - Tresse pour portes po\u00eales inserts \u00e0 bois - Joint pour portes po\u00eales inserts \u00e0 bois Joint pour portes chaudi\u00e8res et radiateurs \u00e0 pellets\" \/>\n<meta property=\"og:url\" content=\"https:\/\/amrtop.net\/ro\/produs\/garnitura-din-fibra-de-sticla-cu-bulb-dublu\/\" \/>\n<meta property=\"og:site_name\" content=\"AMRTOP B2B \u00c9tranger - Achats r\u00e9serv\u00e9s au professionnel\" \/>\n<meta property=\"article:modified_time\" content=\"2023-08-02T12:47:16+00:00\" \/>\n<meta property=\"og:image\" content=\"https:\/\/amrtop.net\/wp-content\/uploads\/2022\/01\/GUARNIZIONE-A-LABBRO-CON-DOPPIO-BULBO-AMR-TOP.png\" \/>\n\t<meta property=\"og:image:width\" content=\"640\" \/>\n\t<meta property=\"og:image:height\" content=\"640\" \/>\n\t<meta property=\"og:image:type\" content=\"image\/png\" \/>\n<meta name=\"twitter:card\" content=\"summary_large_image\" \/>\n<meta name=\"twitter:label1\" content=\"Timp estimat pentru citire\" \/>\n\t<meta name=\"twitter:data1\" content=\"1 minut\" \/>\n<script type=\"application\/ld+json\" class=\"yoast-schema-graph\">{\"@context\":\"https:\\\/\\\/schema.org\",\"@graph\":[{\"@type\":\"WebPage\",\"@id\":\"https:\\\/\\\/amrtop.net\\\/produit\\\/joint-a-levre-avec-double-ampoule-en-fibre-de-verre\\\/\",\"url\":\"https:\\\/\\\/amrtop.net\\\/produit\\\/joint-a-levre-avec-double-ampoule-en-fibre-de-verre\\\/\",\"name\":\"Joint \u00e0 l\u00e8vre avec double ampoule en fibre de verre\",\"isPartOf\":{\"@id\":\"https:\\\/\\\/amrtop.net\\\/#website\"},\"primaryImageOfPage\":{\"@id\":\"https:\\\/\\\/amrtop.net\\\/produit\\\/joint-a-levre-avec-double-ampoule-en-fibre-de-verre\\\/#primaryimage\"},\"image\":{\"@id\":\"https:\\\/\\\/amrtop.net\\\/produit\\\/joint-a-levre-avec-double-ampoule-en-fibre-de-verre\\\/#primaryimage\"},\"thumbnailUrl\":\"https:\\\/\\\/amrtop.net\\\/wp-content\\\/uploads\\\/2022\\\/01\\\/GUARNIZIONE-A-LABBRO-CON-DOPPIO-BULBO-AMR-TOP.png\",\"datePublished\":\"2022-01-06T09:20:18+00:00\",\"dateModified\":\"2023-08-02T12:47:16+00:00\",\"description\":\"Joint \u00e0 l\u00e8vre avec double ampoule en fibre de verre - Bas adh\u00e9sif en fibre de verre - Tresse pour po\u00eale \u00e0 pellets - Tresse pour chemin\u00e9es \u00e0 bois - Tresse pour foyers \u00e0 bois - Tresse pour inserts \u00e0 bois - Tresse pour portes po\u00eales inserts \u00e0 bois - Joint pour portes po\u00eales inserts \u00e0 bois Joint pour portes chaudi\u00e8res et radiateurs \u00e0 pellets\",\"breadcrumb\":{\"@id\":\"https:\\\/\\\/amrtop.net\\\/produit\\\/joint-a-levre-avec-double-ampoule-en-fibre-de-verre\\\/#breadcrumb\"},\"inLanguage\":\"ro-RO\",\"potentialAction\":[{\"@type\":\"ReadAction\",\"target\":[\"https:\\\/\\\/amrtop.net\\\/produit\\\/joint-a-levre-avec-double-ampoule-en-fibre-de-verre\\\/\"]}]},{\"@type\":\"ImageObject\",\"inLanguage\":\"ro-RO\",\"@id\":\"https:\\\/\\\/amrtop.net\\\/produit\\\/joint-a-levre-avec-double-ampoule-en-fibre-de-verre\\\/#primaryimage\",\"url\":\"https:\\\/\\\/amrtop.net\\\/wp-content\\\/uploads\\\/2022\\\/01\\\/GUARNIZIONE-A-LABBRO-CON-DOPPIO-BULBO-AMR-TOP.png\",\"contentUrl\":\"https:\\\/\\\/amrtop.net\\\/wp-content\\\/uploads\\\/2022\\\/01\\\/GUARNIZIONE-A-LABBRO-CON-DOPPIO-BULBO-AMR-TOP.png\",\"width\":640,\"height\":640,\"caption\":\"Joint \u00e0 l\u00e8vre avec double ampoule en fibre de verre - Bas adh\u00e9sif en fibre de verre - Tresse pour po\u00eale \u00e0 pellets - Tresse pour chemin\u00e9es \u00e0 bois - Tresse pour foyers \u00e0 bois - Tresse pour inserts \u00e0 bois - Tresse pour portes po\u00eales inserts \u00e0 bois - Joint pour portes po\u00eales inserts \u00e0 bois Joint pour portes chaudi\u00e8res et radiateurs \u00e0 pellets\"},{\"@type\":\"BreadcrumbList\",\"@id\":\"https:\\\/\\\/amrtop.net\\\/produit\\\/joint-a-levre-avec-double-ampoule-en-fibre-de-verre\\\/#breadcrumb\",\"itemListElement\":[{\"@type\":\"ListItem\",\"position\":1,\"name\":\"Home\",\"item\":\"https:\\\/\\\/amrtop.net\\\/\"},{\"@type\":\"ListItem\",\"position\":2,\"name\":\"Shop\",\"item\":\"https:\\\/\\\/amrtop.net\\\/negozio\\\/\"},{\"@type\":\"ListItem\",\"position\":3,\"name\":\"Joint \u00e0 l\u00e8vre avec double ampoule en fibre de verre pour po\u00eales et chemin\u00e9es en kit et bobines\"}]},{\"@type\":\"WebSite\",\"@id\":\"https:\\\/\\\/amrtop.net\\\/#website\",\"url\":\"https:\\\/\\\/amrtop.net\\\/\",\"name\":\"AMRTOP B2B \u00c9tranger - Achats r\u00e9serv\u00e9s au professionnel\",\"description\":\"Pi\u00e8ces de rechange et accessoires pour po\u00eales et chaudi\u00e8res - eCommerce B2B pour Clients Professionnels\",\"potentialAction\":[{\"@type\":\"SearchAction\",\"target\":{\"@type\":\"EntryPoint\",\"urlTemplate\":\"https:\\\/\\\/amrtop.net\\\/?s={search_term_string}\"},\"query-input\":{\"@type\":\"PropertyValueSpecification\",\"valueRequired\":true,\"valueName\":\"search_term_string\"}}],\"inLanguage\":\"ro-RO\"}]}<\/script>\n<!-- \/ Yoast SEO plugin. -->","yoast_head_json":{"title":"Etan\u0219are cu buz\u0103 cu bulb dublu din fibr\u0103 de sticl\u0103","description":"Garnitur\u0103 de buz\u0103 cu bulb dublu din fibr\u0103 de sticl\u0103 - Ciorap din fibr\u0103 de sticl\u0103 aderent\u0103 - Tr\u0103ncior pentru sobe pe pele\u021bi - Tr\u0103ncior pentru \u0219eminee pe lemne - Tr\u0103ncior pentru \u0219eminee pe lemne - Tr\u0103ncior pentru inser\u021bii pe lemne - Tr\u0103ncior pentru u\u0219i de inser\u021bie pentru sobe pe lemne - Garnitur\u0103 pentru u\u0219i de inser\u021bie pentru sobe pe lemne Garnitur\u0103 pentru u\u0219i de cazane \u0219i radiatoare pe pele\u021bi","robots":{"index":"index","follow":"follow","max-snippet":"max-snippet:-1","max-image-preview":"max-image-preview:large","max-video-preview":"max-video-preview:-1"},"canonical":"https:\/\/amrtop.net\/ro\/produs\/garnitura-din-fibra-de-sticla-cu-bulb-dublu\/","og_locale":"ro_RO","og_type":"article","og_title":"Joint \u00e0 l\u00e8vre avec double ampoule en fibre de verre","og_description":"Joint \u00e0 l\u00e8vre avec double ampoule en fibre de verre - Bas adh\u00e9sif en fibre de verre - Tresse pour po\u00eale \u00e0 pellets - Tresse pour chemin\u00e9es \u00e0 bois - Tresse pour foyers \u00e0 bois - Tresse pour inserts \u00e0 bois - Tresse pour portes po\u00eales inserts \u00e0 bois - Joint pour portes po\u00eales inserts \u00e0 bois Joint pour portes chaudi\u00e8res et radiateurs \u00e0 pellets","og_url":"https:\/\/amrtop.net\/ro\/produs\/garnitura-din-fibra-de-sticla-cu-bulb-dublu\/","og_site_name":"AMRTOP B2B \u00c9tranger - Achats r\u00e9serv\u00e9s au professionnel","article_modified_time":"2023-08-02T12:47:16+00:00","og_image":[{"width":640,"height":640,"url":"https:\/\/amrtop.net\/wp-content\/uploads\/2022\/01\/GUARNIZIONE-A-LABBRO-CON-DOPPIO-BULBO-AMR-TOP.png","type":"image\/png"}],"twitter_card":"summary_large_image","twitter_misc":{"Timp estimat pentru citire":"1 minut"},"schema":{"@context":"https:\/\/schema.org","@graph":[{"@type":"WebPage","@id":"https:\/\/amrtop.net\/produit\/joint-a-levre-avec-double-ampoule-en-fibre-de-verre\/","url":"https:\/\/amrtop.net\/produit\/joint-a-levre-avec-double-ampoule-en-fibre-de-verre\/","name":"Etan\u0219are cu buz\u0103 cu bulb dublu din fibr\u0103 de sticl\u0103","isPartOf":{"@id":"https:\/\/amrtop.net\/#website"},"primaryImageOfPage":{"@id":"https:\/\/amrtop.net\/produit\/joint-a-levre-avec-double-ampoule-en-fibre-de-verre\/#primaryimage"},"image":{"@id":"https:\/\/amrtop.net\/produit\/joint-a-levre-avec-double-ampoule-en-fibre-de-verre\/#primaryimage"},"thumbnailUrl":"https:\/\/amrtop.net\/wp-content\/uploads\/2022\/01\/GUARNIZIONE-A-LABBRO-CON-DOPPIO-BULBO-AMR-TOP.png","datePublished":"2022-01-06T09:20:18+00:00","dateModified":"2023-08-02T12:47:16+00:00","description":"Garnitur\u0103 de buz\u0103 cu bulb dublu din fibr\u0103 de sticl\u0103 - Ciorap din fibr\u0103 de sticl\u0103 aderent\u0103 - Tr\u0103ncior pentru sobe pe pele\u021bi - Tr\u0103ncior pentru \u0219eminee pe lemne - Tr\u0103ncior pentru \u0219eminee pe lemne - Tr\u0103ncior pentru inser\u021bii pe lemne - Tr\u0103ncior pentru u\u0219i de inser\u021bie pentru sobe pe lemne - Garnitur\u0103 pentru u\u0219i de inser\u021bie pentru sobe pe lemne Garnitur\u0103 pentru u\u0219i de cazane \u0219i radiatoare pe pele\u021bi","breadcrumb":{"@id":"https:\/\/amrtop.net\/produit\/joint-a-levre-avec-double-ampoule-en-fibre-de-verre\/#breadcrumb"},"inLanguage":"ro-RO","potentialAction":[{"@type":"ReadAction","target":["https:\/\/amrtop.net\/produit\/joint-a-levre-avec-double-ampoule-en-fibre-de-verre\/"]}]},{"@type":"ImageObject","inLanguage":"ro-RO","@id":"https:\/\/amrtop.net\/produit\/joint-a-levre-avec-double-ampoule-en-fibre-de-verre\/#primaryimage","url":"https:\/\/amrtop.net\/wp-content\/uploads\/2022\/01\/GUARNIZIONE-A-LABBRO-CON-DOPPIO-BULBO-AMR-TOP.png","contentUrl":"https:\/\/amrtop.net\/wp-content\/uploads\/2022\/01\/GUARNIZIONE-A-LABBRO-CON-DOPPIO-BULBO-AMR-TOP.png","width":640,"height":640,"caption":"Joint \u00e0 l\u00e8vre avec double ampoule en fibre de verre - Bas adh\u00e9sif en fibre de verre - Tresse pour po\u00eale \u00e0 pellets - Tresse pour chemin\u00e9es \u00e0 bois - Tresse pour foyers \u00e0 bois - Tresse pour inserts \u00e0 bois - Tresse pour portes po\u00eales inserts \u00e0 bois - Joint pour portes po\u00eales inserts \u00e0 bois Joint pour portes chaudi\u00e8res et radiateurs \u00e0 pellets"},{"@type":"BreadcrumbList","@id":"https:\/\/amrtop.net\/produit\/joint-a-levre-avec-double-ampoule-en-fibre-de-verre\/#breadcrumb","itemListElement":[{"@type":"ListItem","position":1,"name":"Home","item":"https:\/\/amrtop.net\/"},{"@type":"ListItem","position":2,"name":"Shop","item":"https:\/\/amrtop.net\/negozio\/"},{"@type":"ListItem","position":3,"name":"Joint \u00e0 l\u00e8vre avec double ampoule en fibre de verre pour po\u00eales et chemin\u00e9es en kit et bobines"}]},{"@type":"WebSite","@id":"https:\/\/amrtop.net\/#website","url":"https:\/\/amrtop.net\/","name":"AMRTOP B2B Abroad - Achizi\u021bii rezervate profesioni\u0219tilor","description":"Piese de schimb \u0219i accesorii pentru sobe \u0219i cazane - eCommerce B2B pentru clien\u021bi profesioni\u0219ti","potentialAction":[{"@type":"SearchAction","target":{"@type":"EntryPoint","urlTemplate":"https:\/\/amrtop.net\/?s={search_term_string}"},"query-input":{"@type":"PropertyValueSpecification","valueRequired":true,"valueName":"search_term_string"}}],"inLanguage":"ro-RO"}]}},"_links":{"self":[{"href":"https:\/\/amrtop.net\/ro\/wp-json\/wp\/v2\/product\/20592","targetHints":{"allow":["GET"]}}],"collection":[{"href":"https:\/\/amrtop.net\/ro\/wp-json\/wp\/v2\/product"}],"about":[{"href":"https:\/\/amrtop.net\/ro\/wp-json\/wp\/v2\/types\/product"}],"replies":[{"embeddable":true,"href":"https:\/\/amrtop.net\/ro\/wp-json\/wp\/v2\/comments?post=20592"}],"wp:featuredmedia":[{"embeddable":true,"href":"https:\/\/amrtop.net\/ro\/wp-json\/wp\/v2\/media\/25318"}],"wp:attachment":[{"href":"https:\/\/amrtop.net\/ro\/wp-json\/wp\/v2\/media?parent=20592"}],"wp:term":[{"taxonomy":"product_brand","embeddable":true,"href":"https:\/\/amrtop.net\/ro\/wp-json\/wp\/v2\/product_brand?post=20592"},{"taxonomy":"product_cat","embeddable":true,"href":"https:\/\/amrtop.net\/ro\/wp-json\/wp\/v2\/product_cat?post=20592"},{"taxonomy":"product_tag","embeddable":true,"href":"https:\/\/amrtop.net\/ro\/wp-json\/wp\/v2\/product_tag?post=20592"}],"curies":[{"name":"wp","href":"https:\/\/api.w.org\/{rel}","templated":true}]}}