{"id":20721,"date":"2020-10-01T00:00:00","date_gmt":"2020-10-01T00:00:00","guid":{"rendered":"https:\/\/amrtop.com\/B2B\/?post_type=product&#038;p=20721"},"modified":"2023-06-03T09:58:32","modified_gmt":"2023-06-03T09:58:32","slug":"ventilator-tangential-fergas-80-mm-ventilator-330-mm","status":"publish","type":"product","link":"https:\/\/amrtop.net\/ro\/produit\/ventilateur-tangentiel-fergas-a-80-mm-ventilateur-330-mm\/","title":{"rendered":"Ventilator tangen\u021bial Fergas Cod 153612- Lungimea ventilatorului 330 mm - Lungimea total\u0103 436,5 mm"},"content":{"rendered":"<h3>Fergas Ventilator tangen\u021bial de 80 mm Ventilator de 330 mm<\/h3>\n<p>\u00cenfiin\u021bat\u0103 \u00een Link\u00f6ping, Suedia, \u00een 1949 de c\u0103tre fondatorul nostru Lennart Wallman, compania r\u0103m\u00e2ne \u0219i ast\u0103zi \u00een proprietatea aceleia\u0219i familii.<\/p>\n<p>Ventilatoarele cu flux \u00eencruci\u0219at Fergas oferite de Amrtop sunt utilizate \u00eentr-o gam\u0103 larg\u0103 de aplica\u021bii, cum ar fi \u0219emineele cu efect de flac\u0103r\u0103, ma\u0219inile de sp\u0103lat vase, echipamentele medicale \u0219i pentru r\u0103cirea multor tipuri de echipamente electronice. Acestea sunt disponibile \u00een diferite lungimi \u0219i diametre, \u00een versiuni simple \u0219i duble, cu o gam\u0103 larg\u0103 de motoare.<\/p>\n<p>Amrtop ofer\u0103 o gam\u0103 larg\u0103 de produse de ventila\u021bie Fergas special concepute pentru sectorul de \u00eenc\u0103lzire \u0219i refrigerare.<\/p>\n<p>De-a lungul istoriei sale, Fergas a pus succesul clien\u021bilor s\u0103i pe primul loc.<\/p>\n<p>Procesele de produc\u021bie sunt orientate c\u0103tre client \u0219i utilizeaz\u0103 tehnologie de clas\u0103 mondial\u0103.<\/p>\n<h3>Utilizarea ventilatorului tangen\u021bial Fergas \u00f8 80 mm Ventilator 330 mm<\/h3>\n<p>Ventilatoarele tangen\u021biale cu flux \u00eencruci\u0219at oferite de Amrtop sunt instalate \u00een aparatele pe biomas\u0103 pentru a extrage aerul cald creat de corpul de combustie \u0219i apoi pentru a-l distribui \u00een mediul \u00eenconjur\u0103tor.<\/p>\n<p><strong>Prezent \u00een aparatele tipice<\/strong>\u00a0Soba pe pele\u021bi - Cazan pe pele\u021bi - Arz\u0103tor pe pele\u021bi - Gr\u0103tar pe pele\u021bi Cazan pe biomas\u0103 - Arz\u0103tor pe biomas\u0103 - \u0218i multe alte arz\u0103toare<\/p>\n<h3><strong>Interior<\/strong><\/h3>\n<p><a href=\"https:\/\/wekos.it\/\">Sobe, aragazuri \u0219i aragazuri pe lemne<\/a>\u00a0-\u00a0<a href=\"https:\/\/www.greenpuros.com\/\">\u0219eminee, sobe \u0219i cazane pe pele\u021bi.<\/a><\/p>\n<h3><strong>Gama Amrtop de piese de schimb \u0219i accesorii<\/strong><\/h3>\n<p><a href=\"https:\/\/amrtop.net\/ro\/categoria-de-produse\/piese-de-schimb-sobe-si-cazane-de-gatit-si-cazane-mixte-2\/bougies-dallumage-pour-poeles-et-chaudieres-a-pellets\/\">Bujii incandescente<\/a><\/p>\n<p><a href=\"https:\/\/amrtop.net\/ro\/categoria-de-produse\/piese-de-schimb-sobe-si-cazane-de-gatit-si-cazane-mixte-2\/electronique\/\">Electronic\u0103<\/a><\/p>\n<p><a href=\"https:\/\/amrtop.net\/ro\/categoria-de-produse\/piese-de-schimb-sobe-si-cazane-de-gatit-si-cazane-mixte-2\/extracteurs-de-fumee\/\">Extractoare de fum<\/a><\/p>\n<p><a href=\"https:\/\/amrtop.net\/ro\/categoria-de-produse\/piese-de-schimb-sobe-si-cazane-de-gatit-si-cazane-mixte-2\/gaines-cable-connecteurs\/\">Teci de cablu conector<\/a><\/p>\n<p><a href=\"https:\/\/amrtop.net\/ro\/categoria-de-produse\/piese-de-schimb-sobe-si-cazane-de-gatit-si-cazane-mixte-2\/joints-de-silicone\/\">Garnituri de silicon<\/a><\/p>\n<p><a href=\"https:\/\/amrtop.net\/ro\/categoria-de-produse\/piese-de-schimb-sobe-si-cazane-de-gatit-si-cazane-mixte-2\/motoreducteurs\/\">Motoare cu angrenaje<\/a><\/p>\n<p><a href=\"https:\/\/amrtop.net\/ro\/categoria-de-produse\/piese-de-schimb-sobe-si-cazane-de-gatit-si-cazane-mixte-2\/pressostats-et-transducteurs\/\">Presostate \u0219i traductoare de presiune<\/a><\/p>\n<p><a href=\"https:\/\/amrtop.net\/ro\/categoria-de-produse\/piese-de-schimb-sobe-si-cazane-de-gatit-si-cazane-mixte-2\/sondes-thermostats-manometres-thermometres\/\">Sonde termostate manometre termometre termometre<\/a><\/p>\n<p><a href=\"https:\/\/amrtop.net\/ro\/categoria-de-produse\/piese-de-schimb-sobe-si-cazane-de-gatit-si-cazane-mixte-2\/joints-detancheite\/\">Tricotaje de etan\u0219are<\/a><\/p>\n<p><a href=\"https:\/\/amrtop.net\/ro\/categoria-de-produse\/piese-de-schimb-sobe-si-cazane-de-gatit-si-cazane-mixte-2\/ventilateurs-centrifuges-pour-poeles-a-pellets\/\">Ventilatoare centrifuge<\/a><\/p>\n<p><a href=\"https:\/\/amrtop.net\/ro\/categoria-de-produse\/piese-de-schimb-sobe-si-cazane-de-gatit-si-cazane-mixte-2\/ventilateurs-tangentiels-flux-transversal\/\">Ventilatoare cu flux \u00eencruci\u0219at<\/a><\/p>\n<p><a href=\"https:\/\/amrtop.net\/ro\/categoria-de-produse\/piese-de-schimb-sobe-si-cazane-de-gatit-si-cazane-mixte-2\/adhesifs-et-produits-detancheite\/\">Adezivi \u0219i materiale de etan\u0219are<\/a><\/p>\n<p>&nbsp;<\/p>","protected":false},"excerpt":{"rendered":"<hr \/>\n<h2><span style=\"color: #008000\">Disponibil la<\/span><\/h2>\n<hr \/>\n<p>Cod 153612<\/p>\n<p>Motor st\u00e2nga<br \/>\nVentilator \u00f8 80 mm<br \/>\nLungimea ventilatorului: 330 mm<br \/>\nLungime total\u0103: 436,5 mm<br \/>\n\u00cen\u0103l\u021bime total\u0103: 156,50 mm<br \/>\nDimensiunea ventilului: 50 x 108 mm<br \/>\nDebit de aer: 393 m\u00b3\/h<br \/>\nFoi laminate: 35 mm<br \/>\nPutere: 78 W<br \/>\nClasa H<\/p>","protected":false},"featured_media":36907,"comment_status":"open","ping_status":"closed","template":"","meta":[],"product_brand":[],"product_cat":[878,883,1397],"product_tag":[],"class_list":{"0":"post-20721","1":"product","2":"type-product","3":"status-publish","4":"has-post-thumbnail","6":"product_cat-ventilateurs-tangentiels-flux-transversal","7":"product_cat-ventilateurs-tangentiels-fergas-pour-poeles-et-chaudieres-a-pellets","8":"product_cat-ventilateurs-tangentiels-fergas-o-80-mm-moteur-gauche","9":"product_shipping_class-classe-di-spedizione-02","11":"first","12":"instock","13":"shipping-taxable","14":"purchasable","15":"product-type-simple"},"yoast_head":"<!-- This site is optimized with the Yoast SEO plugin v27.5 - https:\/\/yoast.com\/product\/yoast-seo-wordpress\/ -->\n<title>Ventilateur tangentiel Fergas \u00e0 80 mm ventilateur 330 mm<\/title>\n<meta name=\"description\" content=\"Ventilateur tangentiel Fergas \u00e0 80 mm ventilateur 330 mm - Extracteur d\u2019air tangentiel Fergas-Syst\u00e8me d\u2019extraction d\u2019air chaud tangentiel pour po\u00eales \u00e0 pellets - Ventilateur tangentiel pour l\u2019expulsion d\u2019air chaud -Ventilateur d\u2019air chaud ambiant pour po\u00eale \u00e0 pellets\" \/>\n<meta name=\"robots\" content=\"index, follow, max-snippet:-1, max-image-preview:large, max-video-preview:-1\" \/>\n<link rel=\"canonical\" href=\"https:\/\/amrtop.net\/ro\/produs\/ventilator-tangential-fergas-80-mm-ventilator-330-mm\/\" \/>\n<meta property=\"og:locale\" content=\"ro_RO\" \/>\n<meta property=\"og:type\" content=\"article\" \/>\n<meta property=\"og:title\" content=\"Ventilateur tangentiel Fergas \u00e0 80 mm ventilateur 330 mm\" \/>\n<meta property=\"og:description\" content=\"Ventilateur tangentiel Fergas \u00e0 80 mm ventilateur 330 mm - Extracteur d\u2019air tangentiel Fergas-Syst\u00e8me d\u2019extraction d\u2019air chaud tangentiel pour po\u00eales \u00e0 pellets - Ventilateur tangentiel pour l\u2019expulsion d\u2019air chaud -Ventilateur d\u2019air chaud ambiant pour po\u00eale \u00e0 pellets\" \/>\n<meta property=\"og:url\" content=\"https:\/\/amrtop.net\/ro\/produs\/ventilator-tangential-fergas-80-mm-ventilator-330-mm\/\" \/>\n<meta property=\"og:site_name\" content=\"AMRTOP B2B \u00c9tranger - Achats r\u00e9serv\u00e9s au professionnel\" \/>\n<meta property=\"article:modified_time\" content=\"2023-06-03T09:58:32+00:00\" \/>\n<meta property=\"og:image\" content=\"https:\/\/amrtop.net\/wp-content\/uploads\/2020\/10\/153612-AMR.jpg\" \/>\n\t<meta property=\"og:image:width\" content=\"640\" \/>\n\t<meta property=\"og:image:height\" content=\"640\" \/>\n\t<meta property=\"og:image:type\" content=\"image\/jpeg\" \/>\n<meta name=\"twitter:card\" content=\"summary_large_image\" \/>\n<meta name=\"twitter:label1\" content=\"Timp estimat pentru citire\" \/>\n\t<meta name=\"twitter:data1\" content=\"1 minut\" \/>\n<script type=\"application\/ld+json\" class=\"yoast-schema-graph\">{\"@context\":\"https:\\\/\\\/schema.org\",\"@graph\":[{\"@type\":\"WebPage\",\"@id\":\"https:\\\/\\\/amrtop.net\\\/produit\\\/ventilateur-tangentiel-fergas-a-80-mm-ventilateur-330-mm\\\/\",\"url\":\"https:\\\/\\\/amrtop.net\\\/produit\\\/ventilateur-tangentiel-fergas-a-80-mm-ventilateur-330-mm\\\/\",\"name\":\"Ventilateur tangentiel Fergas \u00e0 80 mm ventilateur 330 mm\",\"isPartOf\":{\"@id\":\"https:\\\/\\\/amrtop.net\\\/#website\"},\"primaryImageOfPage\":{\"@id\":\"https:\\\/\\\/amrtop.net\\\/produit\\\/ventilateur-tangentiel-fergas-a-80-mm-ventilateur-330-mm\\\/#primaryimage\"},\"image\":{\"@id\":\"https:\\\/\\\/amrtop.net\\\/produit\\\/ventilateur-tangentiel-fergas-a-80-mm-ventilateur-330-mm\\\/#primaryimage\"},\"thumbnailUrl\":\"https:\\\/\\\/amrtop.net\\\/wp-content\\\/uploads\\\/2020\\\/10\\\/153612-AMR.jpg\",\"datePublished\":\"2020-10-01T00:00:00+00:00\",\"dateModified\":\"2023-06-03T09:58:32+00:00\",\"description\":\"Ventilateur tangentiel Fergas \u00e0 80 mm ventilateur 330 mm - Extracteur d\u2019air tangentiel Fergas-Syst\u00e8me d\u2019extraction d\u2019air chaud tangentiel pour po\u00eales \u00e0 pellets - Ventilateur tangentiel pour l\u2019expulsion d\u2019air chaud -Ventilateur d\u2019air chaud ambiant pour po\u00eale \u00e0 pellets\",\"breadcrumb\":{\"@id\":\"https:\\\/\\\/amrtop.net\\\/produit\\\/ventilateur-tangentiel-fergas-a-80-mm-ventilateur-330-mm\\\/#breadcrumb\"},\"inLanguage\":\"ro-RO\",\"potentialAction\":[{\"@type\":\"ReadAction\",\"target\":[\"https:\\\/\\\/amrtop.net\\\/produit\\\/ventilateur-tangentiel-fergas-a-80-mm-ventilateur-330-mm\\\/\"]}]},{\"@type\":\"ImageObject\",\"inLanguage\":\"ro-RO\",\"@id\":\"https:\\\/\\\/amrtop.net\\\/produit\\\/ventilateur-tangentiel-fergas-a-80-mm-ventilateur-330-mm\\\/#primaryimage\",\"url\":\"https:\\\/\\\/amrtop.net\\\/wp-content\\\/uploads\\\/2020\\\/10\\\/153612-AMR.jpg\",\"contentUrl\":\"https:\\\/\\\/amrtop.net\\\/wp-content\\\/uploads\\\/2020\\\/10\\\/153612-AMR.jpg\",\"width\":640,\"height\":640,\"caption\":\"Ventilateur tangentiel Fergas \u00e0 80 mm ventilateur 330 mm - Extracteur d\u2019air tangentiel Fergas-Syst\u00e8me d\u2019extraction d\u2019air chaud tangentiel pour po\u00eales \u00e0 pellets - Ventilateur tangentiel pour l\u2019expulsion d\u2019air chaud -Ventilateur d\u2019air chaud ambiant pour po\u00eale \u00e0 pellets\"},{\"@type\":\"BreadcrumbList\",\"@id\":\"https:\\\/\\\/amrtop.net\\\/produit\\\/ventilateur-tangentiel-fergas-a-80-mm-ventilateur-330-mm\\\/#breadcrumb\",\"itemListElement\":[{\"@type\":\"ListItem\",\"position\":1,\"name\":\"Home\",\"item\":\"https:\\\/\\\/amrtop.net\\\/\"},{\"@type\":\"ListItem\",\"position\":2,\"name\":\"Shop\",\"item\":\"https:\\\/\\\/amrtop.net\\\/negozio\\\/\"},{\"@type\":\"ListItem\",\"position\":3,\"name\":\"Ventilateur tangentiel Fergas Code 153612- Longueur du ventilateur 330 mm &#8211; Longueur totale 436,5 mm\"}]},{\"@type\":\"WebSite\",\"@id\":\"https:\\\/\\\/amrtop.net\\\/#website\",\"url\":\"https:\\\/\\\/amrtop.net\\\/\",\"name\":\"AMRTOP B2B \u00c9tranger - Achats r\u00e9serv\u00e9s au professionnel\",\"description\":\"Pi\u00e8ces de rechange et accessoires pour po\u00eales et chaudi\u00e8res - eCommerce B2B pour Clients Professionnels\",\"potentialAction\":[{\"@type\":\"SearchAction\",\"target\":{\"@type\":\"EntryPoint\",\"urlTemplate\":\"https:\\\/\\\/amrtop.net\\\/?s={search_term_string}\"},\"query-input\":{\"@type\":\"PropertyValueSpecification\",\"valueRequired\":true,\"valueName\":\"search_term_string\"}}],\"inLanguage\":\"ro-RO\"}]}<\/script>\n<!-- \/ Yoast SEO plugin. -->","yoast_head_json":{"title":"Fergas Ventilator tangen\u021bial de 80 mm Ventilator de 330 mm","description":"Ventilator tangen\u021bial Fergas 80 mm ventilator 330 mm - Extractor de aer tangen\u021bial Fergas - Sistem tangen\u021bial de extragere a aerului cald pentru sobe pe pele\u021bi - Ventilator tangen\u021bial pentru expulzarea aerului cald - Ventilator de aer cald ambiental pentru sobe pe pele\u021bi","robots":{"index":"index","follow":"follow","max-snippet":"max-snippet:-1","max-image-preview":"max-image-preview:large","max-video-preview":"max-video-preview:-1"},"canonical":"https:\/\/amrtop.net\/ro\/produs\/ventilator-tangential-fergas-80-mm-ventilator-330-mm\/","og_locale":"ro_RO","og_type":"article","og_title":"Ventilateur tangentiel Fergas \u00e0 80 mm ventilateur 330 mm","og_description":"Ventilateur tangentiel Fergas \u00e0 80 mm ventilateur 330 mm - Extracteur d\u2019air tangentiel Fergas-Syst\u00e8me d\u2019extraction d\u2019air chaud tangentiel pour po\u00eales \u00e0 pellets - Ventilateur tangentiel pour l\u2019expulsion d\u2019air chaud -Ventilateur d\u2019air chaud ambiant pour po\u00eale \u00e0 pellets","og_url":"https:\/\/amrtop.net\/ro\/produs\/ventilator-tangential-fergas-80-mm-ventilator-330-mm\/","og_site_name":"AMRTOP B2B \u00c9tranger - Achats r\u00e9serv\u00e9s au professionnel","article_modified_time":"2023-06-03T09:58:32+00:00","og_image":[{"width":640,"height":640,"url":"https:\/\/amrtop.net\/wp-content\/uploads\/2020\/10\/153612-AMR.jpg","type":"image\/jpeg"}],"twitter_card":"summary_large_image","twitter_misc":{"Timp estimat pentru citire":"1 minut"},"schema":{"@context":"https:\/\/schema.org","@graph":[{"@type":"WebPage","@id":"https:\/\/amrtop.net\/produit\/ventilateur-tangentiel-fergas-a-80-mm-ventilateur-330-mm\/","url":"https:\/\/amrtop.net\/produit\/ventilateur-tangentiel-fergas-a-80-mm-ventilateur-330-mm\/","name":"Fergas Ventilator tangen\u021bial de 80 mm Ventilator de 330 mm","isPartOf":{"@id":"https:\/\/amrtop.net\/#website"},"primaryImageOfPage":{"@id":"https:\/\/amrtop.net\/produit\/ventilateur-tangentiel-fergas-a-80-mm-ventilateur-330-mm\/#primaryimage"},"image":{"@id":"https:\/\/amrtop.net\/produit\/ventilateur-tangentiel-fergas-a-80-mm-ventilateur-330-mm\/#primaryimage"},"thumbnailUrl":"https:\/\/amrtop.net\/wp-content\/uploads\/2020\/10\/153612-AMR.jpg","datePublished":"2020-10-01T00:00:00+00:00","dateModified":"2023-06-03T09:58:32+00:00","description":"Ventilator tangen\u021bial Fergas 80 mm ventilator 330 mm - Extractor de aer tangen\u021bial Fergas - Sistem tangen\u021bial de extragere a aerului cald pentru sobe pe pele\u021bi - Ventilator tangen\u021bial pentru expulzarea aerului cald - Ventilator de aer cald ambiental pentru sobe pe pele\u021bi","breadcrumb":{"@id":"https:\/\/amrtop.net\/produit\/ventilateur-tangentiel-fergas-a-80-mm-ventilateur-330-mm\/#breadcrumb"},"inLanguage":"ro-RO","potentialAction":[{"@type":"ReadAction","target":["https:\/\/amrtop.net\/produit\/ventilateur-tangentiel-fergas-a-80-mm-ventilateur-330-mm\/"]}]},{"@type":"ImageObject","inLanguage":"ro-RO","@id":"https:\/\/amrtop.net\/produit\/ventilateur-tangentiel-fergas-a-80-mm-ventilateur-330-mm\/#primaryimage","url":"https:\/\/amrtop.net\/wp-content\/uploads\/2020\/10\/153612-AMR.jpg","contentUrl":"https:\/\/amrtop.net\/wp-content\/uploads\/2020\/10\/153612-AMR.jpg","width":640,"height":640,"caption":"Ventilateur tangentiel Fergas \u00e0 80 mm ventilateur 330 mm - Extracteur d\u2019air tangentiel Fergas-Syst\u00e8me d\u2019extraction d\u2019air chaud tangentiel pour po\u00eales \u00e0 pellets - Ventilateur tangentiel pour l\u2019expulsion d\u2019air chaud -Ventilateur d\u2019air chaud ambiant pour po\u00eale \u00e0 pellets"},{"@type":"BreadcrumbList","@id":"https:\/\/amrtop.net\/produit\/ventilateur-tangentiel-fergas-a-80-mm-ventilateur-330-mm\/#breadcrumb","itemListElement":[{"@type":"ListItem","position":1,"name":"Home","item":"https:\/\/amrtop.net\/"},{"@type":"ListItem","position":2,"name":"Shop","item":"https:\/\/amrtop.net\/negozio\/"},{"@type":"ListItem","position":3,"name":"Ventilateur tangentiel Fergas Code 153612- Longueur du ventilateur 330 mm &#8211; Longueur totale 436,5 mm"}]},{"@type":"WebSite","@id":"https:\/\/amrtop.net\/#website","url":"https:\/\/amrtop.net\/","name":"AMRTOP B2B Abroad - Achizi\u021bii rezervate profesioni\u0219tilor","description":"Piese de schimb \u0219i accesorii pentru sobe \u0219i cazane - eCommerce B2B pentru clien\u021bi profesioni\u0219ti","potentialAction":[{"@type":"SearchAction","target":{"@type":"EntryPoint","urlTemplate":"https:\/\/amrtop.net\/?s={search_term_string}"},"query-input":{"@type":"PropertyValueSpecification","valueRequired":true,"valueName":"search_term_string"}}],"inLanguage":"ro-RO"}]}},"_links":{"self":[{"href":"https:\/\/amrtop.net\/ro\/wp-json\/wp\/v2\/product\/20721","targetHints":{"allow":["GET"]}}],"collection":[{"href":"https:\/\/amrtop.net\/ro\/wp-json\/wp\/v2\/product"}],"about":[{"href":"https:\/\/amrtop.net\/ro\/wp-json\/wp\/v2\/types\/product"}],"replies":[{"embeddable":true,"href":"https:\/\/amrtop.net\/ro\/wp-json\/wp\/v2\/comments?post=20721"}],"wp:featuredmedia":[{"embeddable":true,"href":"https:\/\/amrtop.net\/ro\/wp-json\/wp\/v2\/media\/36907"}],"wp:attachment":[{"href":"https:\/\/amrtop.net\/ro\/wp-json\/wp\/v2\/media?parent=20721"}],"wp:term":[{"taxonomy":"product_brand","embeddable":true,"href":"https:\/\/amrtop.net\/ro\/wp-json\/wp\/v2\/product_brand?post=20721"},{"taxonomy":"product_cat","embeddable":true,"href":"https:\/\/amrtop.net\/ro\/wp-json\/wp\/v2\/product_cat?post=20721"},{"taxonomy":"product_tag","embeddable":true,"href":"https:\/\/amrtop.net\/ro\/wp-json\/wp\/v2\/product_tag?post=20721"}],"curies":[{"name":"wp","href":"https:\/\/api.w.org\/{rel}","templated":true}]}}