{"id":20723,"date":"2020-10-01T00:00:00","date_gmt":"2020-10-01T00:00:00","guid":{"rendered":"https:\/\/amrtop.com\/B2B\/?post_type=product&#038;p=20723"},"modified":"2023-05-10T13:36:56","modified_gmt":"2023-05-10T13:36:56","slug":"ventilator-tangential-de-80-mm-ventilator-tangential-de-80-mm-ventilator-de-270-mm-2","status":"publish","type":"product","link":"https:\/\/amrtop.net\/ro\/produit\/ventilatore-tangenziale-fergas-o-80-mm-ventola-270-mm-2\/","title":{"rendered":"Ventilator tangen\u021bial Fergas Codice153459 - Lungime ventola 270 mm - Lungime total\u0103 387 mm"},"content":{"rendered":"<h3>Ventilator tangen\u021bial Fergas \u00f8 80 mm ventola 270 mm<\/h3>\n<p>Fondat\u0103 la Link\u00f6ping, \u00een Suedia, \u00een 1949, de c\u0103tre fondatorul nostru Lennart Wallman, \u00eentreprinderea r\u0103m\u00e2ne ast\u0103zi sub aceea\u0219i proprietate familial\u0103.<\/p>\n<p>Ventilatoarele tangen\u021biale Fergas oferite de Amrtop sunt utilizate \u00een multiple aplica\u021bii, cum ar fi camioane cu efect de foc, sp\u0103l\u0103torii, echipamente medicale \u0219i pentru r\u0103cirea a numeroase tipuri de dispozitive electronice. Sunt disponibile \u00een diverse lungimi \u0219i diametre, \u00een versiune unic\u0103 \u0219i dubl\u0103, cu o gam\u0103 larg\u0103 de motoare.<\/p>\n<p>Sunt oferite \u00een diverse lungimi \u0219i diametre, individuale, duble sau modulare, cu o gam\u0103 larg\u0103 de motoare de curent alternativ.<\/p>\n<p>Amrtop propune o gam\u0103 larg\u0103 de produse Fergas pentru ventila\u021bie realizate special pentru sectorul de \u00eenc\u0103lzire \u0219i pentru refrigerare.<\/p>\n<p>Aceste produse sunt realizate \u00een general la 230V, dar unele categorii sunt disponibile \u0219i \u00een tensiune redus\u0103 la 12V sau 24V.<\/p>\n<p>De-a lungul istoriei sale, Fergas a pus succesul clien\u021bilor s\u0103i pe primul loc.<\/p>\n<p>Procesele de produc\u021bie sunt concentrate pe client \u0219i utilizeaz\u0103 o tehnologie de nivel mondial.<\/p>\n<h3>Utilizarea ventilatorului tangen\u021bial Fergas \u00f8 80 mm ventola 270 mm<\/h3>\n<p>Ventilatorul tangen\u021bial Fergas - Motor sinistru - Cod 153459 oferit de Amrtop se instaleaz\u0103 \u00een aparatele cu biomas\u0103 pentru a extrage aerul cald creat de corpul de combustie \u0219i apoi pentru a-l difuza \u00een mediul \u00eenconjur\u0103tor.<\/p>\n<p><strong>Prezen\u021bi \u00een aparate de tip<\/strong>\u00a0- Stufa a pellet - Caldaia a pellet - Bruciatore a pellet - Pellet BBQ\/grill Caldaia a biomassa - Bruciatore a biomassa - \u0218i mul\u021bi al\u021bi produc\u0103tori de gr\u0103tare<\/p>\n<h3><strong>Domestico<\/strong><\/h3>\n<p><a href=\"https:\/\/wekos.it\/\">stufe, cucine \u0219i termocucine a legna<\/a>\u00a0-\u00a0<a href=\"https:\/\/www.greenpuros.com\/\">caminetti, stufe, termostufe \u0219i caldaie a pellet.<\/a><\/p>\n<h3><strong>Gama de produse \u0219i accesorii Amrtop<\/strong><\/h3>\n<p><a href=\"https:\/\/amrtop.com\/B2B\/categoria-prodotto\/ricambi-vari-stufe-e-caldaie\/candelette\/\"><strong>Candelete<\/strong><\/a><\/p>\n<p><a href=\"https:\/\/amrtop.com\/B2B\/categoria-prodotto\/ricambi-vari-stufe-e-caldaie\/elettronica\/\">Elettronica<\/a><\/p>\n<p><a href=\"https:\/\/amrtop.com\/B2B\/categoria-prodotto\/ricambi-vari-stufe-e-caldaie\/estrattori-fumo\/\">Estrattori fumo<\/a><\/p>\n<p><a href=\"https:\/\/amrtop.com\/B2B\/categoria-prodotto\/ricambi-vari-stufe-e-caldaie\/guaine-cavi-connettori\/\">Guaine cavi conectori<\/a><\/p>\n<p><a href=\"https:\/\/amrtop.com\/B2B\/categoria-prodotto\/ricambi-vari-stufe-e-caldaie\/guaine-cavi-connettori\/\">Garnituri din silicon<\/a><\/p>\n<p><a href=\"https:\/\/amrtop.com\/B2B\/categoria-prodotto\/ricambi-vari-stufe-e-caldaie\/motoriduttori\/\">Motoriduttori<\/a><\/p>\n<p><a href=\"https:\/\/amrtop.com\/B2B\/categoria-prodotto\/ricambi-vari-stufe-e-caldaie\/pressostati-e-trasduttori\/\">Declara\u021bii de pres\u0103 \u0219i declara\u021bii de pres\u0103<\/a><\/p>\n<p><a href=\"https:\/\/amrtop.com\/B2B\/categoria-prodotto\/ricambi-vari-stufe-e-caldaie\/sonde-termostati-manometri-termometri\/\">Sonde termostati manometri termometri<\/a><\/p>\n<p><a href=\"https:\/\/amrtop.com\/B2B\/categoria-prodotto\/ricambi-vari-stufe-e-caldaie\/trecce-di-tenuta\/\">Trecce di tenuta<\/a><\/p>\n<p><a href=\"https:\/\/amrtop.com\/B2B\/categoria-prodotto\/ricambi-vari-stufe-e-caldaie\/ventilatori-centrifughi\/\">Ventilatoare centrifuge<\/a><\/p>\n<p><a href=\"https:\/\/amrtop.com\/B2B\/categoria-prodotto\/ricambi-vari-stufe-e-caldaie\/ventilatori-tangenziali\/\">Ventilatoare tangen\u021biale<\/a><\/p>\n<p><a href=\"https:\/\/amrtop.com\/B2B\/categoria-prodotto\/ricambi-vari-stufe-e-caldaie\/adesivi-e-sigillanti\/\">Adesivi \u0219i sigilan\u021bi<\/a><\/p>\n<p>Personalul de la\u00a0<strong>Amrtop<\/strong>\u00a0a fost format cu grij\u0103 pentru a v\u0103 ajuta s\u0103 identifica\u021bi eventualele partide de \u00eenlocuire a \u00eenlocuitorilor, oferind un serviciu de asisten\u021b\u0103 telefonic\u0103 \u00een francez\u0103, englez\u0103, rom\u00e2n\u0103 \u0219i italian\u0103.<br \/>\nNu v\u0103 a\u0219tepta\u021bi s\u0103 v\u0103 contacta\u021bi<\/p>","protected":false},"excerpt":{"rendered":"<hr \/>\n<h2><span style=\"color: #008000\">Disponibil la<\/span><\/h2>\n<hr \/>\n<p>Cod 153459<\/p>\n<p>Motor sinistru<br \/>\nVentola \u00f8 80 mm<br \/>\nLungime ventola 270 mm<br \/>\nLungime total\u0103 : 387 mm<br \/>\n\u00cen\u0103l\u021bimea corpului: 147 mm<br \/>\nDimensiuni bochet\u0103 : 44 x 280 mm<br \/>\nPortata : 305 m\u00b3\/h<br \/>\nPacco lamellare: 35 mm<br \/>\nPotenza: 78 W<br \/>\nClasa H<\/p>","protected":false},"featured_media":35094,"comment_status":"open","ping_status":"closed","template":"","meta":[],"product_brand":[],"product_cat":[878,883,1397],"product_tag":[],"class_list":{"0":"post-20723","1":"product","2":"type-product","3":"status-publish","4":"has-post-thumbnail","6":"product_cat-ventilateurs-tangentiels-flux-transversal","7":"product_cat-ventilateurs-tangentiels-fergas-pour-poeles-et-chaudieres-a-pellets","8":"product_cat-ventilateurs-tangentiels-fergas-o-80-mm-moteur-gauche","9":"product_shipping_class-classe-di-spedizione-02","11":"first","12":"instock","13":"shipping-taxable","14":"purchasable","15":"product-type-simple"},"yoast_head":"<!-- This site is optimized with the Yoast SEO plugin v27.5 - https:\/\/yoast.com\/product\/yoast-seo-wordpress\/ -->\n<title>Ventilatore tangenziale Fergas \u00f8 80 mm ventola 270 mm<\/title>\n<meta name=\"description\" content=\"Ventilatore tangenziale Fergas \u00f8 80 mm ventola 270 mm-Ventilatore ambiente tangenziale stufa a pellet-Ventilatore aria calda tangenziale per stufa a pellet\" \/>\n<meta name=\"robots\" content=\"index, follow, max-snippet:-1, max-image-preview:large, max-video-preview:-1\" \/>\n<link rel=\"canonical\" href=\"https:\/\/amrtop.net\/ro\/produs\/ventilator-tangential-de-80-mm-ventilator-tangential-de-80-mm-ventilator-de-270-mm-2\/\" \/>\n<meta property=\"og:locale\" content=\"ro_RO\" \/>\n<meta property=\"og:type\" content=\"article\" \/>\n<meta property=\"og:title\" content=\"Ventilatore tangenziale Fergas \u00f8 80 mm ventola 270 mm\" \/>\n<meta property=\"og:description\" content=\"Ventilatore tangenziale Fergas \u00f8 80 mm ventola 270 mm-Ventilatore ambiente tangenziale stufa a pellet-Ventilatore aria calda tangenziale per stufa a pellet\" \/>\n<meta property=\"og:url\" content=\"https:\/\/amrtop.net\/ro\/produs\/ventilator-tangential-de-80-mm-ventilator-tangential-de-80-mm-ventilator-de-270-mm-2\/\" \/>\n<meta property=\"og:site_name\" content=\"AMRTOP B2B \u00c9tranger - Achats r\u00e9serv\u00e9s au professionnel\" \/>\n<meta property=\"article:modified_time\" content=\"2023-05-10T13:36:56+00:00\" \/>\n<meta property=\"og:image\" content=\"https:\/\/amrtop.net\/wp-content\/uploads\/2020\/10\/153459S8.jpg\" \/>\n\t<meta property=\"og:image:width\" content=\"960\" \/>\n\t<meta property=\"og:image:height\" content=\"960\" \/>\n\t<meta property=\"og:image:type\" content=\"image\/jpeg\" \/>\n<meta name=\"twitter:card\" content=\"summary_large_image\" \/>\n<meta name=\"twitter:label1\" content=\"Timp estimat pentru citire\" \/>\n\t<meta name=\"twitter:data1\" content=\"1 minut\" \/>\n<script type=\"application\/ld+json\" class=\"yoast-schema-graph\">{\"@context\":\"https:\\\/\\\/schema.org\",\"@graph\":[{\"@type\":\"WebPage\",\"@id\":\"https:\\\/\\\/amrtop.net\\\/produit\\\/ventilatore-tangenziale-fergas-o-80-mm-ventola-270-mm-2\\\/\",\"url\":\"https:\\\/\\\/amrtop.net\\\/produit\\\/ventilatore-tangenziale-fergas-o-80-mm-ventola-270-mm-2\\\/\",\"name\":\"Ventilatore tangenziale Fergas \u00f8 80 mm ventola 270 mm\",\"isPartOf\":{\"@id\":\"https:\\\/\\\/amrtop.net\\\/#website\"},\"primaryImageOfPage\":{\"@id\":\"https:\\\/\\\/amrtop.net\\\/produit\\\/ventilatore-tangenziale-fergas-o-80-mm-ventola-270-mm-2\\\/#primaryimage\"},\"image\":{\"@id\":\"https:\\\/\\\/amrtop.net\\\/produit\\\/ventilatore-tangenziale-fergas-o-80-mm-ventola-270-mm-2\\\/#primaryimage\"},\"thumbnailUrl\":\"https:\\\/\\\/amrtop.net\\\/wp-content\\\/uploads\\\/2020\\\/10\\\/153459S8.jpg\",\"datePublished\":\"2020-10-01T00:00:00+00:00\",\"dateModified\":\"2023-05-10T13:36:56+00:00\",\"description\":\"Ventilatore tangenziale Fergas \u00f8 80 mm ventola 270 mm-Ventilatore ambiente tangenziale stufa a pellet-Ventilatore aria calda tangenziale per stufa a pellet\",\"breadcrumb\":{\"@id\":\"https:\\\/\\\/amrtop.net\\\/produit\\\/ventilatore-tangenziale-fergas-o-80-mm-ventola-270-mm-2\\\/#breadcrumb\"},\"inLanguage\":\"ro-RO\",\"potentialAction\":[{\"@type\":\"ReadAction\",\"target\":[\"https:\\\/\\\/amrtop.net\\\/produit\\\/ventilatore-tangenziale-fergas-o-80-mm-ventola-270-mm-2\\\/\"]}]},{\"@type\":\"ImageObject\",\"inLanguage\":\"ro-RO\",\"@id\":\"https:\\\/\\\/amrtop.net\\\/produit\\\/ventilatore-tangenziale-fergas-o-80-mm-ventola-270-mm-2\\\/#primaryimage\",\"url\":\"https:\\\/\\\/amrtop.net\\\/wp-content\\\/uploads\\\/2020\\\/10\\\/153459S8.jpg\",\"contentUrl\":\"https:\\\/\\\/amrtop.net\\\/wp-content\\\/uploads\\\/2020\\\/10\\\/153459S8.jpg\",\"width\":960,\"height\":960,\"caption\":\"Ventilatore tangenziale Fergas \u00f8 80 mm ventola 270 mm\"},{\"@type\":\"BreadcrumbList\",\"@id\":\"https:\\\/\\\/amrtop.net\\\/produit\\\/ventilatore-tangenziale-fergas-o-80-mm-ventola-270-mm-2\\\/#breadcrumb\",\"itemListElement\":[{\"@type\":\"ListItem\",\"position\":1,\"name\":\"Home\",\"item\":\"https:\\\/\\\/amrtop.net\\\/\"},{\"@type\":\"ListItem\",\"position\":2,\"name\":\"Shop\",\"item\":\"https:\\\/\\\/amrtop.net\\\/negozio\\\/\"},{\"@type\":\"ListItem\",\"position\":3,\"name\":\"Ventilatore tangenziale Fergas Codice153459 &#8211; Lunghezza ventola 270 mm &#8211; Lunghezza totale 387 mm\"}]},{\"@type\":\"WebSite\",\"@id\":\"https:\\\/\\\/amrtop.net\\\/#website\",\"url\":\"https:\\\/\\\/amrtop.net\\\/\",\"name\":\"AMRTOP B2B \u00c9tranger - Achats r\u00e9serv\u00e9s au professionnel\",\"description\":\"Pi\u00e8ces de rechange et accessoires pour po\u00eales et chaudi\u00e8res - eCommerce B2B pour Clients Professionnels\",\"potentialAction\":[{\"@type\":\"SearchAction\",\"target\":{\"@type\":\"EntryPoint\",\"urlTemplate\":\"https:\\\/\\\/amrtop.net\\\/?s={search_term_string}\"},\"query-input\":{\"@type\":\"PropertyValueSpecification\",\"valueRequired\":true,\"valueName\":\"search_term_string\"}}],\"inLanguage\":\"ro-RO\"}]}<\/script>\n<!-- \/ Yoast SEO plugin. -->","yoast_head_json":{"title":"Ventilator tangen\u021bial Fergas \u00f8 80 mm ventola 270 mm","description":"Ventilatore tangenziale Fergas \u00f8 80 mm ventola 270 mm-Ventilatore ambiente tangenziale stufa a pellet-Ventilatore aria calda tangenziale per stufa a pellet","robots":{"index":"index","follow":"follow","max-snippet":"max-snippet:-1","max-image-preview":"max-image-preview:large","max-video-preview":"max-video-preview:-1"},"canonical":"https:\/\/amrtop.net\/ro\/produs\/ventilator-tangential-de-80-mm-ventilator-tangential-de-80-mm-ventilator-de-270-mm-2\/","og_locale":"ro_RO","og_type":"article","og_title":"Ventilatore tangenziale Fergas \u00f8 80 mm ventola 270 mm","og_description":"Ventilatore tangenziale Fergas \u00f8 80 mm ventola 270 mm-Ventilatore ambiente tangenziale stufa a pellet-Ventilatore aria calda tangenziale per stufa a pellet","og_url":"https:\/\/amrtop.net\/ro\/produs\/ventilator-tangential-de-80-mm-ventilator-tangential-de-80-mm-ventilator-de-270-mm-2\/","og_site_name":"AMRTOP B2B \u00c9tranger - Achats r\u00e9serv\u00e9s au professionnel","article_modified_time":"2023-05-10T13:36:56+00:00","og_image":[{"width":960,"height":960,"url":"https:\/\/amrtop.net\/wp-content\/uploads\/2020\/10\/153459S8.jpg","type":"image\/jpeg"}],"twitter_card":"summary_large_image","twitter_misc":{"Timp estimat pentru citire":"1 minut"},"schema":{"@context":"https:\/\/schema.org","@graph":[{"@type":"WebPage","@id":"https:\/\/amrtop.net\/produit\/ventilatore-tangenziale-fergas-o-80-mm-ventola-270-mm-2\/","url":"https:\/\/amrtop.net\/produit\/ventilatore-tangenziale-fergas-o-80-mm-ventola-270-mm-2\/","name":"Ventilator tangen\u021bial Fergas \u00f8 80 mm ventola 270 mm","isPartOf":{"@id":"https:\/\/amrtop.net\/#website"},"primaryImageOfPage":{"@id":"https:\/\/amrtop.net\/produit\/ventilatore-tangenziale-fergas-o-80-mm-ventola-270-mm-2\/#primaryimage"},"image":{"@id":"https:\/\/amrtop.net\/produit\/ventilatore-tangenziale-fergas-o-80-mm-ventola-270-mm-2\/#primaryimage"},"thumbnailUrl":"https:\/\/amrtop.net\/wp-content\/uploads\/2020\/10\/153459S8.jpg","datePublished":"2020-10-01T00:00:00+00:00","dateModified":"2023-05-10T13:36:56+00:00","description":"Ventilatore tangenziale Fergas \u00f8 80 mm ventola 270 mm-Ventilatore ambiente tangenziale stufa a pellet-Ventilatore aria calda tangenziale per stufa a pellet","breadcrumb":{"@id":"https:\/\/amrtop.net\/produit\/ventilatore-tangenziale-fergas-o-80-mm-ventola-270-mm-2\/#breadcrumb"},"inLanguage":"ro-RO","potentialAction":[{"@type":"ReadAction","target":["https:\/\/amrtop.net\/produit\/ventilatore-tangenziale-fergas-o-80-mm-ventola-270-mm-2\/"]}]},{"@type":"ImageObject","inLanguage":"ro-RO","@id":"https:\/\/amrtop.net\/produit\/ventilatore-tangenziale-fergas-o-80-mm-ventola-270-mm-2\/#primaryimage","url":"https:\/\/amrtop.net\/wp-content\/uploads\/2020\/10\/153459S8.jpg","contentUrl":"https:\/\/amrtop.net\/wp-content\/uploads\/2020\/10\/153459S8.jpg","width":960,"height":960,"caption":"Ventilatore tangenziale Fergas \u00f8 80 mm ventola 270 mm"},{"@type":"BreadcrumbList","@id":"https:\/\/amrtop.net\/produit\/ventilatore-tangenziale-fergas-o-80-mm-ventola-270-mm-2\/#breadcrumb","itemListElement":[{"@type":"ListItem","position":1,"name":"Home","item":"https:\/\/amrtop.net\/"},{"@type":"ListItem","position":2,"name":"Shop","item":"https:\/\/amrtop.net\/negozio\/"},{"@type":"ListItem","position":3,"name":"Ventilatore tangenziale Fergas Codice153459 &#8211; Lunghezza ventola 270 mm &#8211; Lunghezza totale 387 mm"}]},{"@type":"WebSite","@id":"https:\/\/amrtop.net\/#website","url":"https:\/\/amrtop.net\/","name":"AMRTOP B2B Abroad - Achizi\u021bii rezervate profesioni\u0219tilor","description":"Piese de schimb \u0219i accesorii pentru sobe \u0219i cazane - eCommerce B2B pentru clien\u021bi profesioni\u0219ti","potentialAction":[{"@type":"SearchAction","target":{"@type":"EntryPoint","urlTemplate":"https:\/\/amrtop.net\/?s={search_term_string}"},"query-input":{"@type":"PropertyValueSpecification","valueRequired":true,"valueName":"search_term_string"}}],"inLanguage":"ro-RO"}]}},"_links":{"self":[{"href":"https:\/\/amrtop.net\/ro\/wp-json\/wp\/v2\/product\/20723","targetHints":{"allow":["GET"]}}],"collection":[{"href":"https:\/\/amrtop.net\/ro\/wp-json\/wp\/v2\/product"}],"about":[{"href":"https:\/\/amrtop.net\/ro\/wp-json\/wp\/v2\/types\/product"}],"replies":[{"embeddable":true,"href":"https:\/\/amrtop.net\/ro\/wp-json\/wp\/v2\/comments?post=20723"}],"wp:featuredmedia":[{"embeddable":true,"href":"https:\/\/amrtop.net\/ro\/wp-json\/wp\/v2\/media\/35094"}],"wp:attachment":[{"href":"https:\/\/amrtop.net\/ro\/wp-json\/wp\/v2\/media?parent=20723"}],"wp:term":[{"taxonomy":"product_brand","embeddable":true,"href":"https:\/\/amrtop.net\/ro\/wp-json\/wp\/v2\/product_brand?post=20723"},{"taxonomy":"product_cat","embeddable":true,"href":"https:\/\/amrtop.net\/ro\/wp-json\/wp\/v2\/product_cat?post=20723"},{"taxonomy":"product_tag","embeddable":true,"href":"https:\/\/amrtop.net\/ro\/wp-json\/wp\/v2\/product_tag?post=20723"}],"curies":[{"name":"wp","href":"https:\/\/api.w.org\/{rel}","templated":true}]}}