{"id":20774,"date":"2020-10-01T00:00:00","date_gmt":"2020-10-01T00:00:00","guid":{"rendered":"https:\/\/amrtop.com\/B2B\/?post_type=product&#038;p=20774"},"modified":"2023-06-06T12:02:52","modified_gmt":"2023-06-06T12:02:52","slug":"ventilateur-centrifuge-ipc-code-cfh2100401-encombrement-longueur-135-mm-encombrement-hauteur-170-mm","status":"publish","type":"product","link":"https:\/\/amrtop.net\/ro\/produit\/ventilateur-centrifuge-ipc-code-cfh2100401-encombrement-longueur-135-mm-encombrement-hauteur-170-mm\/","title":{"rendered":"Ventilateur centrifuge IPC Code CFH2100401 &#8211; Encombrement longueur 135 mm &#8211; Encombrement hauteur 170 mm"},"content":{"rendered":"<hr \/>\n<h3>Ventilateur centrifuge IPC Code CFH2100401<\/h3>\n<p>Cu o experien\u021b\u0103 practic\u0103 de peste dou\u0103zeci de ani \u00een toate aplica\u021biile utilizate \u00een sobele pe pele\u021bi\/biomas\u0103, IPC este acum lider de pia\u021b\u0103 \u00een furnizarea de componente \u0219i sisteme \u00een aceast\u0103 ni\u0219\u0103 a sectorului de \u00eenc\u0103lzire.<\/p>\n<p>Cunoa\u0219terea \u00een profunzime a tuturor problemelor \u0219i dificult\u0103\u021bilor legate de aplica\u021biile sobei pe pele\u021bi \u0219i biomas\u0103 reprezint\u0103 baza succesului IPC \u00een proiectarea \u0219i fabricarea sistemelor de ventila\u021bie a \u00eenc\u0103perilor.<\/p>\n<p>Pentru a satisface nevoile de canalizare ale sobelor pe biomas\u0103, este disponibil\u0103 o gam\u0103 larg\u0103 de ventilatoare de aspira\u021bie SIMPL\u0102 sau DOUBL\u0102, care pot fi personalizate pentru a se potrivi cerin\u021belor clientului.<\/p>\n<p>Ventilatoarele centrifuge sunt disponibile \u00eentr-o gam\u0103 de dimensiuni de conduct\u0103: 60 mm diametru, 80 mm diametru sau cu un terminal cu gura de scurgere p\u0103trat\u0103.<\/p>\n<p>\u00cen cazul produselor IPC, fiecare detaliu este \u00eengrijit cu aten\u021bie; de exemplu, capacele de cap\u0103t sunt antivibra\u021bii \u0219i fabricate din silicon, \u00een timp ce rulmen\u021bii cu bile sunt \u00eentotdeauna de \u00eenalt\u0103 calitate \u0219i performan\u021b\u0103.<\/p>\n<h3>Utilisation du ventilateur centrifuge IPC Code CFH2100401<\/h3>\n<p>Les extracteurs d\u2019air chaud centrifuges propos\u00e9s par Amrtop s\u2019installent dans les appareils \u00e0 biomasse pour extraire l\u2019air chaud cr\u00e9\u00e9 par le corps de combustion et le diffuser ensuite dans l\u2019environnement.<\/p>\n<p><strong>Prezent \u00een aparatele tipice<\/strong>\u00a0Soba pe pele\u021bi - Cazan pe pele\u021bi - Arz\u0103tor pe pele\u021bi - Gr\u0103tar pe pele\u021bi Cazan pe biomas\u0103 - Arz\u0103tor pe biomas\u0103 - \u0218i multe alte arz\u0103toare<\/p>\n<h3><strong>Interior<\/strong><\/h3>\n<p><a href=\"https:\/\/wekos.it\/\">Sobe, aragazuri \u0219i aragazuri pe lemne<\/a>\u00a0-\u00a0<a href=\"https:\/\/www.greenpuros.com\/\">\u0219eminee, sobe \u0219i cazane pe pele\u021bi.<\/a><\/p>\n<h3><strong>Gama Amrtop de piese de schimb \u0219i accesorii<\/strong><\/h3>\n<p><a href=\"https:\/\/amrtop.net\/ro\/categoria-de-produse\/piese-de-schimb-sobe-si-cazane-de-gatit-si-cazane-mixte-2\/bougies-dallumage-pour-poeles-et-chaudieres-a-pellets\/\">Bujii incandescente<\/a><\/p>\n<p><a href=\"https:\/\/amrtop.net\/ro\/categoria-de-produse\/piese-de-schimb-sobe-si-cazane-de-gatit-si-cazane-mixte-2\/electronique\/\">Electronic\u0103<\/a><\/p>\n<p><a href=\"https:\/\/amrtop.net\/ro\/categoria-de-produse\/piese-de-schimb-sobe-si-cazane-de-gatit-si-cazane-mixte-2\/extracteurs-de-fumee\/\">Extractoare de fum<\/a><\/p>\n<p><a href=\"https:\/\/amrtop.net\/ro\/categoria-de-produse\/piese-de-schimb-sobe-si-cazane-de-gatit-si-cazane-mixte-2\/gaines-cable-connecteurs\/\">Teci de cablu conector<\/a><\/p>\n<p><a href=\"https:\/\/amrtop.net\/ro\/categoria-de-produse\/piese-de-schimb-sobe-si-cazane-de-gatit-si-cazane-mixte-2\/joints-de-silicone\/\">Garnituri de silicon<\/a><\/p>\n<p><a href=\"https:\/\/amrtop.net\/ro\/categoria-de-produse\/piese-de-schimb-sobe-si-cazane-de-gatit-si-cazane-mixte-2\/motoreducteurs\/\">Motoare cu angrenaje<\/a><\/p>\n<p><a href=\"https:\/\/amrtop.net\/ro\/categoria-de-produse\/piese-de-schimb-sobe-si-cazane-de-gatit-si-cazane-mixte-2\/pressostats-et-transducteurs\/\">Presostate \u0219i traductoare de presiune<\/a><\/p>\n<p><a href=\"https:\/\/amrtop.net\/ro\/categoria-de-produse\/piese-de-schimb-sobe-si-cazane-de-gatit-si-cazane-mixte-2\/sondes-thermostats-manometres-thermometres\/\">Sonde termostate manometre termometre termometre<\/a><\/p>\n<p><a href=\"https:\/\/amrtop.net\/ro\/categoria-de-produse\/piese-de-schimb-sobe-si-cazane-de-gatit-si-cazane-mixte-2\/joints-detancheite\/\">Tricotaje de etan\u0219are<\/a><\/p>\n<p><a href=\"https:\/\/amrtop.net\/ro\/categoria-de-produse\/piese-de-schimb-sobe-si-cazane-de-gatit-si-cazane-mixte-2\/ventilateurs-centrifuges-pour-poeles-a-pellets\/\">Ventilatoare centrifuge<\/a><\/p>\n<p><a href=\"https:\/\/amrtop.net\/ro\/categoria-de-produse\/piese-de-schimb-sobe-si-cazane-de-gatit-si-cazane-mixte-2\/ventilateurs-tangentiels-flux-transversal\/\">Ventilatoare cu flux \u00eencruci\u0219at<\/a><\/p>\n<p><a href=\"https:\/\/amrtop.net\/ro\/categoria-de-produse\/piese-de-schimb-sobe-si-cazane-de-gatit-si-cazane-mixte-2\/adhesifs-et-produits-detancheite\/\">Adezivi \u0219i materiale de etan\u0219are<\/a><\/p>\n<p>Personalul de la\u00a0<strong>Amrtop<\/strong>\u00a0a fost instruit cu aten\u021bie pentru a v\u0103 ajuta s\u0103 identifica\u021bi piesele de schimb pe care ar putea fi necesar s\u0103 le \u00eenlocui\u021bi, iar asisten\u021ba telefonic\u0103 este disponibil\u0103 \u00een limbile englez\u0103, francez\u0103, rom\u00e2n\u0103 \u0219i italian\u0103.<br \/>\nNu ezita\u021bi s\u0103 ne contacta\u021bi.<\/p>","protected":false},"excerpt":{"rendered":"<hr \/>\n<h2><span style=\"color: #008000\">Disponibil la<\/span><\/h2>\n<hr \/>\n<h2>Ventilateur centrifuge IPC Moteur ext\u00e9rieur DX<\/h2>\n<p>Code CFH2100401<\/p>\n<p>Ventilateur \u00f8 108 mm<\/p>\n<p>Longueur totale : 135 mm<\/p>\n<p>\u00cen\u0103l\u021bime total\u0103: 170 mm<\/p>\n<p>Profondeur totale : 162 mm<\/p>\n<p>Dimensions bouches : 60 x 59,4 mm<\/p>\n<p>Debit d&#8217;air : 155 m\u00b3\/h<\/p>\n<p>Pachet de clapete: 30 mm<\/p>\n<p>Puissances : Capacity : 60 W<\/p>\n<p>Classe H- Protection thermique 145\u00b0C<\/p>","protected":false},"featured_media":35167,"comment_status":"open","ping_status":"closed","template":"","meta":[],"product_brand":[],"product_cat":[1300,1303,1404],"product_tag":[],"class_list":{"0":"post-20774","1":"product","2":"type-product","3":"status-publish","4":"has-post-thumbnail","6":"product_cat-ventilateurs-centrifuges-pour-poeles-a-pellets","7":"product_cat-ventilateurs-centrifuges-ipc","8":"product_cat-ventilateurs-centrifuges-ipc-aspiration-simple","9":"product_shipping_class-classe-di-spedizione-02","11":"first","12":"instock","13":"shipping-taxable","14":"purchasable","15":"product-type-simple"},"yoast_head":"<!-- This site is optimized with the Yoast SEO plugin v27.5 - https:\/\/yoast.com\/product\/yoast-seo-wordpress\/ -->\n<title>Ventilateur centrifuge IPC Code CFH2100401<\/title>\n<meta name=\"description\" content=\"Ventilateur centrifuge IPC Code CFH2100401- Ventilateur centrifuge IPC Code CFH2100401 pour po\u00eales et chaudi\u00e8res \u00e0 pellets\" \/>\n<meta name=\"robots\" content=\"index, follow, max-snippet:-1, max-image-preview:large, max-video-preview:-1\" \/>\n<link rel=\"canonical\" href=\"https:\/\/amrtop.net\/ro\/produs\/ventilateur-centrifuge-ipc-code-cfh2100401-encombrement-longueur-135-mm-encombrement-hauteur-170-mm\/\" \/>\n<meta property=\"og:locale\" content=\"ro_RO\" \/>\n<meta property=\"og:type\" content=\"article\" \/>\n<meta property=\"og:title\" content=\"Ventilateur centrifuge IPC Code CFH2100401\" \/>\n<meta property=\"og:description\" content=\"Ventilateur centrifuge IPC Code CFH2100401- Ventilateur centrifuge IPC Code CFH2100401 pour po\u00eales et chaudi\u00e8res \u00e0 pellets\" \/>\n<meta property=\"og:url\" content=\"https:\/\/amrtop.net\/ro\/produs\/ventilateur-centrifuge-ipc-code-cfh2100401-encombrement-longueur-135-mm-encombrement-hauteur-170-mm\/\" \/>\n<meta property=\"og:site_name\" content=\"AMRTOP B2B \u00c9tranger - Achats r\u00e9serv\u00e9s au professionnel\" \/>\n<meta property=\"article:modified_time\" content=\"2023-06-06T12:02:52+00:00\" \/>\n<meta property=\"og:image\" content=\"https:\/\/amrtop.net\/wp-content\/uploads\/2020\/10\/CFH2100401.jpg\" \/>\n\t<meta property=\"og:image:width\" content=\"960\" \/>\n\t<meta property=\"og:image:height\" content=\"960\" \/>\n\t<meta property=\"og:image:type\" content=\"image\/jpeg\" \/>\n<meta name=\"twitter:card\" content=\"summary_large_image\" \/>\n<meta name=\"twitter:label1\" content=\"Timp estimat pentru citire\" \/>\n\t<meta name=\"twitter:data1\" content=\"1 minut\" \/>\n<script type=\"application\/ld+json\" class=\"yoast-schema-graph\">{\"@context\":\"https:\\\/\\\/schema.org\",\"@graph\":[{\"@type\":\"WebPage\",\"@id\":\"https:\\\/\\\/amrtop.net\\\/produit\\\/ventilateur-centrifuge-ipc-code-cfh2100401-encombrement-longueur-135-mm-encombrement-hauteur-170-mm\\\/\",\"url\":\"https:\\\/\\\/amrtop.net\\\/produit\\\/ventilateur-centrifuge-ipc-code-cfh2100401-encombrement-longueur-135-mm-encombrement-hauteur-170-mm\\\/\",\"name\":\"Ventilateur centrifuge IPC Code CFH2100401\",\"isPartOf\":{\"@id\":\"https:\\\/\\\/amrtop.net\\\/#website\"},\"primaryImageOfPage\":{\"@id\":\"https:\\\/\\\/amrtop.net\\\/produit\\\/ventilateur-centrifuge-ipc-code-cfh2100401-encombrement-longueur-135-mm-encombrement-hauteur-170-mm\\\/#primaryimage\"},\"image\":{\"@id\":\"https:\\\/\\\/amrtop.net\\\/produit\\\/ventilateur-centrifuge-ipc-code-cfh2100401-encombrement-longueur-135-mm-encombrement-hauteur-170-mm\\\/#primaryimage\"},\"thumbnailUrl\":\"https:\\\/\\\/amrtop.net\\\/wp-content\\\/uploads\\\/2020\\\/10\\\/CFH2100401.jpg\",\"datePublished\":\"2020-10-01T00:00:00+00:00\",\"dateModified\":\"2023-06-06T12:02:52+00:00\",\"description\":\"Ventilateur centrifuge IPC Code CFH2100401- Ventilateur centrifuge IPC Code CFH2100401 pour po\u00eales et chaudi\u00e8res \u00e0 pellets\",\"breadcrumb\":{\"@id\":\"https:\\\/\\\/amrtop.net\\\/produit\\\/ventilateur-centrifuge-ipc-code-cfh2100401-encombrement-longueur-135-mm-encombrement-hauteur-170-mm\\\/#breadcrumb\"},\"inLanguage\":\"ro-RO\",\"potentialAction\":[{\"@type\":\"ReadAction\",\"target\":[\"https:\\\/\\\/amrtop.net\\\/produit\\\/ventilateur-centrifuge-ipc-code-cfh2100401-encombrement-longueur-135-mm-encombrement-hauteur-170-mm\\\/\"]}]},{\"@type\":\"ImageObject\",\"inLanguage\":\"ro-RO\",\"@id\":\"https:\\\/\\\/amrtop.net\\\/produit\\\/ventilateur-centrifuge-ipc-code-cfh2100401-encombrement-longueur-135-mm-encombrement-hauteur-170-mm\\\/#primaryimage\",\"url\":\"https:\\\/\\\/amrtop.net\\\/wp-content\\\/uploads\\\/2020\\\/10\\\/CFH2100401.jpg\",\"contentUrl\":\"https:\\\/\\\/amrtop.net\\\/wp-content\\\/uploads\\\/2020\\\/10\\\/CFH2100401.jpg\",\"width\":960,\"height\":960,\"caption\":\"Ventilateur centrifuge IPC Code CFH2100401- Ventilateur centrifuge IPC Code CFH2100401 pour po\u00eales et chaudi\u00e8res \u00e0 pellets\"},{\"@type\":\"BreadcrumbList\",\"@id\":\"https:\\\/\\\/amrtop.net\\\/produit\\\/ventilateur-centrifuge-ipc-code-cfh2100401-encombrement-longueur-135-mm-encombrement-hauteur-170-mm\\\/#breadcrumb\",\"itemListElement\":[{\"@type\":\"ListItem\",\"position\":1,\"name\":\"Home\",\"item\":\"https:\\\/\\\/amrtop.net\\\/\"},{\"@type\":\"ListItem\",\"position\":2,\"name\":\"Shop\",\"item\":\"https:\\\/\\\/amrtop.net\\\/negozio\\\/\"},{\"@type\":\"ListItem\",\"position\":3,\"name\":\"Ventilateur centrifuge IPC Code CFH2100401 &#8211; Encombrement longueur 135 mm &#8211; Encombrement hauteur 170 mm\"}]},{\"@type\":\"WebSite\",\"@id\":\"https:\\\/\\\/amrtop.net\\\/#website\",\"url\":\"https:\\\/\\\/amrtop.net\\\/\",\"name\":\"AMRTOP B2B \u00c9tranger - Achats r\u00e9serv\u00e9s au professionnel\",\"description\":\"Pi\u00e8ces de rechange et accessoires pour po\u00eales et chaudi\u00e8res - eCommerce B2B pour Clients Professionnels\",\"potentialAction\":[{\"@type\":\"SearchAction\",\"target\":{\"@type\":\"EntryPoint\",\"urlTemplate\":\"https:\\\/\\\/amrtop.net\\\/?s={search_term_string}\"},\"query-input\":{\"@type\":\"PropertyValueSpecification\",\"valueRequired\":true,\"valueName\":\"search_term_string\"}}],\"inLanguage\":\"ro-RO\"}]}<\/script>\n<!-- \/ Yoast SEO plugin. -->","yoast_head_json":{"title":"Ventilateur centrifuge IPC Code CFH2100401","description":"Ventilateur centrifuge IPC Code CFH2100401- Ventilateur centrifuge IPC Code CFH2100401 pour po\u00eales et chaudi\u00e8res \u00e0 pellets","robots":{"index":"index","follow":"follow","max-snippet":"max-snippet:-1","max-image-preview":"max-image-preview:large","max-video-preview":"max-video-preview:-1"},"canonical":"https:\/\/amrtop.net\/ro\/produs\/ventilateur-centrifuge-ipc-code-cfh2100401-encombrement-longueur-135-mm-encombrement-hauteur-170-mm\/","og_locale":"ro_RO","og_type":"article","og_title":"Ventilateur centrifuge IPC Code CFH2100401","og_description":"Ventilateur centrifuge IPC Code CFH2100401- Ventilateur centrifuge IPC Code CFH2100401 pour po\u00eales et chaudi\u00e8res \u00e0 pellets","og_url":"https:\/\/amrtop.net\/ro\/produs\/ventilateur-centrifuge-ipc-code-cfh2100401-encombrement-longueur-135-mm-encombrement-hauteur-170-mm\/","og_site_name":"AMRTOP B2B \u00c9tranger - Achats r\u00e9serv\u00e9s au professionnel","article_modified_time":"2023-06-06T12:02:52+00:00","og_image":[{"width":960,"height":960,"url":"https:\/\/amrtop.net\/wp-content\/uploads\/2020\/10\/CFH2100401.jpg","type":"image\/jpeg"}],"twitter_card":"summary_large_image","twitter_misc":{"Timp estimat pentru citire":"1 minut"},"schema":{"@context":"https:\/\/schema.org","@graph":[{"@type":"WebPage","@id":"https:\/\/amrtop.net\/produit\/ventilateur-centrifuge-ipc-code-cfh2100401-encombrement-longueur-135-mm-encombrement-hauteur-170-mm\/","url":"https:\/\/amrtop.net\/produit\/ventilateur-centrifuge-ipc-code-cfh2100401-encombrement-longueur-135-mm-encombrement-hauteur-170-mm\/","name":"Ventilateur centrifuge IPC Code CFH2100401","isPartOf":{"@id":"https:\/\/amrtop.net\/#website"},"primaryImageOfPage":{"@id":"https:\/\/amrtop.net\/produit\/ventilateur-centrifuge-ipc-code-cfh2100401-encombrement-longueur-135-mm-encombrement-hauteur-170-mm\/#primaryimage"},"image":{"@id":"https:\/\/amrtop.net\/produit\/ventilateur-centrifuge-ipc-code-cfh2100401-encombrement-longueur-135-mm-encombrement-hauteur-170-mm\/#primaryimage"},"thumbnailUrl":"https:\/\/amrtop.net\/wp-content\/uploads\/2020\/10\/CFH2100401.jpg","datePublished":"2020-10-01T00:00:00+00:00","dateModified":"2023-06-06T12:02:52+00:00","description":"Ventilateur centrifuge IPC Code CFH2100401- Ventilateur centrifuge IPC Code CFH2100401 pour po\u00eales et chaudi\u00e8res \u00e0 pellets","breadcrumb":{"@id":"https:\/\/amrtop.net\/produit\/ventilateur-centrifuge-ipc-code-cfh2100401-encombrement-longueur-135-mm-encombrement-hauteur-170-mm\/#breadcrumb"},"inLanguage":"ro-RO","potentialAction":[{"@type":"ReadAction","target":["https:\/\/amrtop.net\/produit\/ventilateur-centrifuge-ipc-code-cfh2100401-encombrement-longueur-135-mm-encombrement-hauteur-170-mm\/"]}]},{"@type":"ImageObject","inLanguage":"ro-RO","@id":"https:\/\/amrtop.net\/produit\/ventilateur-centrifuge-ipc-code-cfh2100401-encombrement-longueur-135-mm-encombrement-hauteur-170-mm\/#primaryimage","url":"https:\/\/amrtop.net\/wp-content\/uploads\/2020\/10\/CFH2100401.jpg","contentUrl":"https:\/\/amrtop.net\/wp-content\/uploads\/2020\/10\/CFH2100401.jpg","width":960,"height":960,"caption":"Ventilateur centrifuge IPC Code CFH2100401- Ventilateur centrifuge IPC Code CFH2100401 pour po\u00eales et chaudi\u00e8res \u00e0 pellets"},{"@type":"BreadcrumbList","@id":"https:\/\/amrtop.net\/produit\/ventilateur-centrifuge-ipc-code-cfh2100401-encombrement-longueur-135-mm-encombrement-hauteur-170-mm\/#breadcrumb","itemListElement":[{"@type":"ListItem","position":1,"name":"Home","item":"https:\/\/amrtop.net\/"},{"@type":"ListItem","position":2,"name":"Shop","item":"https:\/\/amrtop.net\/negozio\/"},{"@type":"ListItem","position":3,"name":"Ventilateur centrifuge IPC Code CFH2100401 &#8211; Encombrement longueur 135 mm &#8211; Encombrement hauteur 170 mm"}]},{"@type":"WebSite","@id":"https:\/\/amrtop.net\/#website","url":"https:\/\/amrtop.net\/","name":"AMRTOP B2B Abroad - Achizi\u021bii rezervate profesioni\u0219tilor","description":"Piese de schimb \u0219i accesorii pentru sobe \u0219i cazane - eCommerce B2B pentru clien\u021bi profesioni\u0219ti","potentialAction":[{"@type":"SearchAction","target":{"@type":"EntryPoint","urlTemplate":"https:\/\/amrtop.net\/?s={search_term_string}"},"query-input":{"@type":"PropertyValueSpecification","valueRequired":true,"valueName":"search_term_string"}}],"inLanguage":"ro-RO"}]}},"_links":{"self":[{"href":"https:\/\/amrtop.net\/ro\/wp-json\/wp\/v2\/product\/20774","targetHints":{"allow":["GET"]}}],"collection":[{"href":"https:\/\/amrtop.net\/ro\/wp-json\/wp\/v2\/product"}],"about":[{"href":"https:\/\/amrtop.net\/ro\/wp-json\/wp\/v2\/types\/product"}],"replies":[{"embeddable":true,"href":"https:\/\/amrtop.net\/ro\/wp-json\/wp\/v2\/comments?post=20774"}],"wp:featuredmedia":[{"embeddable":true,"href":"https:\/\/amrtop.net\/ro\/wp-json\/wp\/v2\/media\/35167"}],"wp:attachment":[{"href":"https:\/\/amrtop.net\/ro\/wp-json\/wp\/v2\/media?parent=20774"}],"wp:term":[{"taxonomy":"product_brand","embeddable":true,"href":"https:\/\/amrtop.net\/ro\/wp-json\/wp\/v2\/product_brand?post=20774"},{"taxonomy":"product_cat","embeddable":true,"href":"https:\/\/amrtop.net\/ro\/wp-json\/wp\/v2\/product_cat?post=20774"},{"taxonomy":"product_tag","embeddable":true,"href":"https:\/\/amrtop.net\/ro\/wp-json\/wp\/v2\/product_tag?post=20774"}],"curies":[{"name":"wp","href":"https:\/\/api.w.org\/{rel}","templated":true}]}}