{"id":20839,"date":"2020-10-01T00:00:00","date_gmt":"2020-10-01T00:00:00","guid":{"rendered":"https:\/\/amrtop.com\/B2B\/?post_type=product&#038;p=20839"},"modified":"2023-06-07T12:41:36","modified_gmt":"2023-06-07T12:41:36","slug":"pressostat-eau-reglable-xp200m-1-4-gaz","status":"publish","type":"product","link":"https:\/\/amrtop.net\/ro\/produit\/pressostat-eau-reglable-xp200m-1-4-gaz\/","title":{"rendered":"Presostat de ap\u0103 reglabil XP200A 1\/4\u2033 cod gaz PCQ004"},"content":{"rendered":"<hr \/>\n<h3>Pressostat eau r\u00e9glable XP200M 1\/4&#8243; gaz<\/h3>\n<p>Amrtop dispune de o gam\u0103 complet\u0103 de presostate diferen\u021biale reglabile pentru aer, presostate normale \u0219i traductoare de presiune pentru sobe \u0219i cazane de tip pelllet.<\/p>\n<p>Aceste componente de \u00eenalt\u0103 performan\u021b\u0103 au fost dezvoltate pe baza cuno\u0219tin\u021belor aplicative ale companiilor de top din sectorul pele\u021bilor \u0219i reprezint\u0103 cea mai eficient\u0103 solu\u021bie disponibil\u0103 \u00een prezent pentru acest tip de produs.<\/p>\n<p>Fiabilitatea, eficien\u021ba \u0219i compatibilitatea sunt caracteristicile acestui tip de produs comercializat de Amrtop, care este \u00eentotdeauna disponibil \u00een depozitele sale.<\/p>\n<p>Caracteristicile de proiectare \u0219i calitatea materialelor utilizate asigur\u0103 siguran\u021b\u0103 \u0219i fiabilitate maxim\u0103.<\/p>\n<p>Se g\u0103se\u0219te \u00een aparatele tipice - Soba pe pele\u021bi - Cazan pe pele\u021bi - Arz\u0103tor pe pele\u021bi - Gr\u0103tar\/barbeque pe pele\u021bi Cazan pe biomas\u0103 - Arz\u0103tor pe biomas\u0103 - \u0218i multe alte arz\u0103toare<\/p>\n<h3>Utilisation du pressostat eau r\u00e9glable XP200M 1\/4&#8243; gaz<\/h3>\n<p>Presa\u021bi-m\u0103 cum func\u021bioneaz\u0103.<\/p>\n<p>Comutatorul de presiune este un dispozitiv care permite \u00eenchiderea \u0219i deschiderea unui circuit electric prin simpla varia\u021bie automat\u0103 a presiunii.  Acesta este utilizat \u00een numeroase sectoare, de la hidraulic\u0103 la termoelectric\u0103, unde este instalat \u00een dispozitive precum pompele hidraulice, compresoarele \u0219i sistemele de \u00eenc\u0103lzire \u0219i de aer condi\u021bionat.<\/p>\n<p>Transductorul cum func\u021bioneaz\u0103.<\/p>\n<p>Traductoarele pentru cazane \u0219i radiatoare pe pele\u021bi sunt componente capabile s\u0103 m\u0103soare for\u021ba unui lichid, \u00een cazul unui traductor de ap\u0103, sau a unui gaz, \u00een cazul unui traductor de aer\/fluviu. Valoarea citit\u0103 este convertit\u0103 \u00eentr-un num\u0103r \u0219i apoi este f\u0103cut\u0103 lizibil\u0103 pe fi\u0219a cazanului.<\/p>\n<h3>Interior<\/h3>\n<p><a href=\"https:\/\/wekos.it\/\">Sobe, aragazuri \u0219i aragazuri pe lemne<\/a>\u00a0-\u00a0<a href=\"https:\/\/www.greenpuros.com\/\">\u0219eminee, sobe \u0219i cazane pe pele\u021bi.<\/a><\/p>\n<h3>Gama Amrtop de piese de schimb \u0219i accesorii<\/h3>\n<p><a href=\"https:\/\/amrtop.net\/ro\/categoria-de-produse\/piese-de-schimb-sobe-si-cazane-de-gatit-si-cazane-mixte-2\/bougies-dallumage-pour-poeles-et-chaudieres-a-pellets\/\">Bujii incandescente<\/a><\/p>\n<p><a href=\"https:\/\/amrtop.net\/ro\/categoria-de-produse\/piese-de-schimb-sobe-si-cazane-de-gatit-si-cazane-mixte-2\/electronique\/\">Electronic\u0103<\/a><\/p>\n<p><a href=\"https:\/\/amrtop.net\/ro\/categoria-de-produse\/piese-de-schimb-sobe-si-cazane-de-gatit-si-cazane-mixte-2\/extracteurs-de-fumee\/\">Extractoare de fum<\/a><\/p>\n<p><a href=\"https:\/\/amrtop.net\/ro\/categoria-de-produse\/piese-de-schimb-sobe-si-cazane-de-gatit-si-cazane-mixte-2\/gaines-cable-connecteurs\/\">Teci de cablu conector<\/a><\/p>\n<p><a href=\"https:\/\/amrtop.net\/ro\/categoria-de-produse\/piese-de-schimb-sobe-si-cazane-de-gatit-si-cazane-mixte-2\/joints-de-silicone\/\">Garnituri de silicon<\/a><\/p>\n<p><a href=\"https:\/\/amrtop.net\/ro\/categoria-de-produse\/piese-de-schimb-sobe-si-cazane-de-gatit-si-cazane-mixte-2\/motoreducteurs\/\">Motoare cu angrenaje<\/a><\/p>\n<p><a href=\"https:\/\/amrtop.net\/ro\/categoria-de-produse\/piese-de-schimb-sobe-si-cazane-de-gatit-si-cazane-mixte-2\/pressostats-et-transducteurs\/\">Presostate \u0219i traductoare de presiune<\/a><\/p>\n<p><a href=\"https:\/\/amrtop.net\/ro\/categoria-de-produse\/piese-de-schimb-sobe-si-cazane-de-gatit-si-cazane-mixte-2\/sondes-thermostats-manometres-thermometres\/\">Sonde termostate manometre termometre termometre<\/a><\/p>\n<p><a href=\"https:\/\/amrtop.net\/ro\/categoria-de-produse\/piese-de-schimb-sobe-si-cazane-de-gatit-si-cazane-mixte-2\/joints-detancheite\/\">Tricotaje de etan\u0219are<\/a><\/p>\n<p><a href=\"https:\/\/amrtop.net\/ro\/categoria-de-produse\/piese-de-schimb-sobe-si-cazane-de-gatit-si-cazane-mixte-2\/ventilateurs-centrifuges-pour-poeles-a-pellets\/\">Ventilatoare centrifuge<\/a><\/p>\n<p><a href=\"https:\/\/amrtop.net\/ro\/categoria-de-produse\/piese-de-schimb-sobe-si-cazane-de-gatit-si-cazane-mixte-2\/ventilateurs-tangentiels-flux-transversal\/\">Ventilatoare cu flux \u00eencruci\u0219at<\/a><\/p>\n<p><a href=\"https:\/\/amrtop.net\/ro\/categoria-de-produse\/piese-de-schimb-sobe-si-cazane-de-gatit-si-cazane-mixte-2\/adhesifs-et-produits-detancheite\/\">Adezivi \u0219i materiale de etan\u0219are<\/a><\/p>\n<p>&nbsp;<\/p>\n<p>&nbsp;<\/p>\n<p>&nbsp;<\/p>\n<p>&nbsp;<\/p>\n<p>&nbsp;<\/p>\n<p>&nbsp;<\/p>","protected":false},"excerpt":{"rendered":"<hr \/>\n<h2><span style=\"color: #008000\">Disponibil la<\/span><\/h2>\n<hr \/>\n<p>cod.PCQ004<\/p>\n<p>Pressostat eau r\u00e9glable XP200A 1,5\/4 bar<br \/>\nMontaj: 1\/4 baz\u0103 de alam\u0103 cu gaz cu gaur\u0103 ogive<br \/>\nDiafragm\u0103: Aisi 316<br \/>\nCalibrage usine 1\u00b0 contact\u00a0: 2,5 bar &#8220;automatique&#8221;<br \/>\nCalibrarea din fabric\u0103 al doilea contact: 0,4 bar descresc\u0103tor cu 2,5 bar<br \/>\nTemperatura maxim\u0103 a fluidului: 150 C<br \/>\nContactele microcontactului: 16A 250 Vac C-NO-NC<br \/>\nTerminale: Fast-on 6,3 x 0,8<br \/>\nAprobat conform EN60730 \u0219i Directivei 2014\/68\/UE.<\/p>","protected":false},"featured_media":35645,"comment_status":"open","ping_status":"closed","template":"","meta":[],"product_brand":[],"product_cat":[1410,1407],"product_tag":[],"class_list":{"0":"post-20839","1":"product","2":"type-product","3":"status-publish","4":"has-post-thumbnail","6":"product_cat-pressostats-eau","7":"product_cat-pressostats-et-transducteurs-pour-poeles-et-chaudieres-a-pellets","8":"product_shipping_class-classe-di-spedizione-01","10":"first","11":"instock","12":"shipping-taxable","13":"purchasable","14":"product-type-simple"},"yoast_head":"<!-- This site is optimized with the Yoast SEO plugin v27.4 - https:\/\/yoast.com\/product\/yoast-seo-wordpress\/ -->\n<title>Pressostat eau r\u00e9glable XP200M 1\/4&quot; gaz<\/title>\n<meta name=\"description\" content=\"Pressostat eau r\u00e9glable XP200M 1\/4&quot; gaz - Pressostat eau et air pour po\u00eale et chaudi\u00e8re \u00e0 pellets - Transducteur pour po\u00eale et chaudi\u00e8re \u00e0 pellets - R\u00e9gulateur de pression pour po\u00eale et chaudi\u00e8re \u00e0 pellets - R\u00e9gulateur de pression pour po\u00eale et chaudi\u00e8re \u00e0 pellets - Transducteur de pression po\u00eale et chaudi\u00e8re \u00e0 pellets\" \/>\n<meta name=\"robots\" content=\"index, follow, max-snippet:-1, max-image-preview:large, max-video-preview:-1\" \/>\n<link rel=\"canonical\" href=\"https:\/\/amrtop.net\/ro\/produs\/pressostat-eau-reglable-xp200m-1-4-gaz\/\" \/>\n<meta property=\"og:locale\" content=\"ro_RO\" \/>\n<meta property=\"og:type\" content=\"article\" \/>\n<meta property=\"og:title\" content=\"Pressostat eau r\u00e9glable XP200M 1\/4&quot; gaz\" \/>\n<meta property=\"og:description\" content=\"Pressostat eau r\u00e9glable XP200M 1\/4&quot; gaz - Pressostat eau et air pour po\u00eale et chaudi\u00e8re \u00e0 pellets - Transducteur pour po\u00eale et chaudi\u00e8re \u00e0 pellets - R\u00e9gulateur de pression pour po\u00eale et chaudi\u00e8re \u00e0 pellets - R\u00e9gulateur de pression pour po\u00eale et chaudi\u00e8re \u00e0 pellets - Transducteur de pression po\u00eale et chaudi\u00e8re \u00e0 pellets\" \/>\n<meta property=\"og:url\" content=\"https:\/\/amrtop.net\/ro\/produs\/pressostat-eau-reglable-xp200m-1-4-gaz\/\" \/>\n<meta property=\"og:site_name\" content=\"AMRTOP B2B \u00c9tranger - Achats r\u00e9serv\u00e9s au professionnel\" \/>\n<meta property=\"article:modified_time\" content=\"2023-06-07T12:41:36+00:00\" \/>\n<meta property=\"og:image\" content=\"https:\/\/amrtop.net\/wp-content\/uploads\/2020\/10\/PCQ004.jpg\" \/>\n\t<meta property=\"og:image:width\" content=\"640\" \/>\n\t<meta property=\"og:image:height\" content=\"640\" \/>\n\t<meta property=\"og:image:type\" content=\"image\/jpeg\" \/>\n<meta name=\"twitter:card\" content=\"summary_large_image\" \/>\n<meta name=\"twitter:label1\" content=\"Timp estimat pentru citire\" \/>\n\t<meta name=\"twitter:data1\" content=\"2 minute\" \/>\n<script type=\"application\/ld+json\" class=\"yoast-schema-graph\">{\"@context\":\"https:\\\/\\\/schema.org\",\"@graph\":[{\"@type\":\"WebPage\",\"@id\":\"https:\\\/\\\/amrtop.net\\\/produit\\\/pressostat-eau-reglable-xp200m-1-4-gaz\\\/\",\"url\":\"https:\\\/\\\/amrtop.net\\\/produit\\\/pressostat-eau-reglable-xp200m-1-4-gaz\\\/\",\"name\":\"Pressostat eau r\u00e9glable XP200M 1\\\/4\\\" gaz\",\"isPartOf\":{\"@id\":\"https:\\\/\\\/amrtop.net\\\/#website\"},\"primaryImageOfPage\":{\"@id\":\"https:\\\/\\\/amrtop.net\\\/produit\\\/pressostat-eau-reglable-xp200m-1-4-gaz\\\/#primaryimage\"},\"image\":{\"@id\":\"https:\\\/\\\/amrtop.net\\\/produit\\\/pressostat-eau-reglable-xp200m-1-4-gaz\\\/#primaryimage\"},\"thumbnailUrl\":\"https:\\\/\\\/amrtop.net\\\/wp-content\\\/uploads\\\/2020\\\/10\\\/PCQ004.jpg\",\"datePublished\":\"2020-10-01T00:00:00+00:00\",\"dateModified\":\"2023-06-07T12:41:36+00:00\",\"description\":\"Pressostat eau r\u00e9glable XP200M 1\\\/4\\\" gaz - Pressostat eau et air pour po\u00eale et chaudi\u00e8re \u00e0 pellets - Transducteur pour po\u00eale et chaudi\u00e8re \u00e0 pellets - R\u00e9gulateur de pression pour po\u00eale et chaudi\u00e8re \u00e0 pellets - R\u00e9gulateur de pression pour po\u00eale et chaudi\u00e8re \u00e0 pellets - Transducteur de pression po\u00eale et chaudi\u00e8re \u00e0 pellets\",\"breadcrumb\":{\"@id\":\"https:\\\/\\\/amrtop.net\\\/produit\\\/pressostat-eau-reglable-xp200m-1-4-gaz\\\/#breadcrumb\"},\"inLanguage\":\"ro-RO\",\"potentialAction\":[{\"@type\":\"ReadAction\",\"target\":[\"https:\\\/\\\/amrtop.net\\\/produit\\\/pressostat-eau-reglable-xp200m-1-4-gaz\\\/\"]}]},{\"@type\":\"ImageObject\",\"inLanguage\":\"ro-RO\",\"@id\":\"https:\\\/\\\/amrtop.net\\\/produit\\\/pressostat-eau-reglable-xp200m-1-4-gaz\\\/#primaryimage\",\"url\":\"https:\\\/\\\/amrtop.net\\\/wp-content\\\/uploads\\\/2020\\\/10\\\/PCQ004.jpg\",\"contentUrl\":\"https:\\\/\\\/amrtop.net\\\/wp-content\\\/uploads\\\/2020\\\/10\\\/PCQ004.jpg\",\"width\":640,\"height\":640,\"caption\":\"Pressostat eau r\u00e9glable XP200M 1\\\/4\\\" gaz - Pressostat eau et air pour po\u00eale et chaudi\u00e8re \u00e0 pellets - Transducteur pour po\u00eale et chaudi\u00e8re \u00e0 pellets - R\u00e9gulateur de pression pour po\u00eale et chaudi\u00e8re \u00e0 pellets - R\u00e9gulateur de pression pour po\u00eale et chaudi\u00e8re \u00e0 pellets - Transducteur de pression po\u00eale et chaudi\u00e8re \u00e0 pellets\"},{\"@type\":\"BreadcrumbList\",\"@id\":\"https:\\\/\\\/amrtop.net\\\/produit\\\/pressostat-eau-reglable-xp200m-1-4-gaz\\\/#breadcrumb\",\"itemListElement\":[{\"@type\":\"ListItem\",\"position\":1,\"name\":\"Home\",\"item\":\"https:\\\/\\\/amrtop.net\\\/\"},{\"@type\":\"ListItem\",\"position\":2,\"name\":\"Shop\",\"item\":\"https:\\\/\\\/amrtop.net\\\/negozio\\\/\"},{\"@type\":\"ListItem\",\"position\":3,\"name\":\"Pressostat eau r\u00e9glable XP200A 1\\\/4\u2033 gas code PCQ004\"}]},{\"@type\":\"WebSite\",\"@id\":\"https:\\\/\\\/amrtop.net\\\/#website\",\"url\":\"https:\\\/\\\/amrtop.net\\\/\",\"name\":\"AMRTOP B2B \u00c9tranger - Achats r\u00e9serv\u00e9s au professionnel\",\"description\":\"Pi\u00e8ces de rechange et accessoires pour po\u00eales et chaudi\u00e8res - eCommerce B2B pour Clients Professionnels\",\"potentialAction\":[{\"@type\":\"SearchAction\",\"target\":{\"@type\":\"EntryPoint\",\"urlTemplate\":\"https:\\\/\\\/amrtop.net\\\/?s={search_term_string}\"},\"query-input\":{\"@type\":\"PropertyValueSpecification\",\"valueRequired\":true,\"valueName\":\"search_term_string\"}}],\"inLanguage\":\"ro-RO\"}]}<\/script>\n<!-- \/ Yoast SEO plugin. -->","yoast_head_json":{"title":"Pressostat eau r\u00e9glable XP200M 1\/4\" gaz","description":"Presostat de ap\u0103 reglabil XP200M 1\/4\" gaz - Presostat de ap\u0103 \u0219i aer pentru sobe pe pele\u021bi \u0219i cazane - Traductor pentru sobe pe pele\u021bi \u0219i cazane - Regulator de presiune pentru sobe pe pele\u021bi \u0219i cazane - Regulator de presiune pentru sobe pe pele\u021bi \u0219i cazane - Traductor de presiune pentru sobe pe pele\u021bi \u0219i cazane","robots":{"index":"index","follow":"follow","max-snippet":"max-snippet:-1","max-image-preview":"max-image-preview:large","max-video-preview":"max-video-preview:-1"},"canonical":"https:\/\/amrtop.net\/ro\/produs\/pressostat-eau-reglable-xp200m-1-4-gaz\/","og_locale":"ro_RO","og_type":"article","og_title":"Pressostat eau r\u00e9glable XP200M 1\/4\" gaz","og_description":"Pressostat eau r\u00e9glable XP200M 1\/4\" gaz - Pressostat eau et air pour po\u00eale et chaudi\u00e8re \u00e0 pellets - Transducteur pour po\u00eale et chaudi\u00e8re \u00e0 pellets - R\u00e9gulateur de pression pour po\u00eale et chaudi\u00e8re \u00e0 pellets - R\u00e9gulateur de pression pour po\u00eale et chaudi\u00e8re \u00e0 pellets - Transducteur de pression po\u00eale et chaudi\u00e8re \u00e0 pellets","og_url":"https:\/\/amrtop.net\/ro\/produs\/pressostat-eau-reglable-xp200m-1-4-gaz\/","og_site_name":"AMRTOP B2B \u00c9tranger - Achats r\u00e9serv\u00e9s au professionnel","article_modified_time":"2023-06-07T12:41:36+00:00","og_image":[{"width":640,"height":640,"url":"https:\/\/amrtop.net\/wp-content\/uploads\/2020\/10\/PCQ004.jpg","type":"image\/jpeg"}],"twitter_card":"summary_large_image","twitter_misc":{"Timp estimat pentru citire":"2 minute"},"schema":{"@context":"https:\/\/schema.org","@graph":[{"@type":"WebPage","@id":"https:\/\/amrtop.net\/produit\/pressostat-eau-reglable-xp200m-1-4-gaz\/","url":"https:\/\/amrtop.net\/produit\/pressostat-eau-reglable-xp200m-1-4-gaz\/","name":"Pressostat eau r\u00e9glable XP200M 1\/4\" gaz","isPartOf":{"@id":"https:\/\/amrtop.net\/#website"},"primaryImageOfPage":{"@id":"https:\/\/amrtop.net\/produit\/pressostat-eau-reglable-xp200m-1-4-gaz\/#primaryimage"},"image":{"@id":"https:\/\/amrtop.net\/produit\/pressostat-eau-reglable-xp200m-1-4-gaz\/#primaryimage"},"thumbnailUrl":"https:\/\/amrtop.net\/wp-content\/uploads\/2020\/10\/PCQ004.jpg","datePublished":"2020-10-01T00:00:00+00:00","dateModified":"2023-06-07T12:41:36+00:00","description":"Presostat de ap\u0103 reglabil XP200M 1\/4\" gaz - Presostat de ap\u0103 \u0219i aer pentru sobe pe pele\u021bi \u0219i cazane - Traductor pentru sobe pe pele\u021bi \u0219i cazane - Regulator de presiune pentru sobe pe pele\u021bi \u0219i cazane - Regulator de presiune pentru sobe pe pele\u021bi \u0219i cazane - Traductor de presiune pentru sobe pe pele\u021bi \u0219i cazane","breadcrumb":{"@id":"https:\/\/amrtop.net\/produit\/pressostat-eau-reglable-xp200m-1-4-gaz\/#breadcrumb"},"inLanguage":"ro-RO","potentialAction":[{"@type":"ReadAction","target":["https:\/\/amrtop.net\/produit\/pressostat-eau-reglable-xp200m-1-4-gaz\/"]}]},{"@type":"ImageObject","inLanguage":"ro-RO","@id":"https:\/\/amrtop.net\/produit\/pressostat-eau-reglable-xp200m-1-4-gaz\/#primaryimage","url":"https:\/\/amrtop.net\/wp-content\/uploads\/2020\/10\/PCQ004.jpg","contentUrl":"https:\/\/amrtop.net\/wp-content\/uploads\/2020\/10\/PCQ004.jpg","width":640,"height":640,"caption":"Pressostat eau r\u00e9glable XP200M 1\/4\" gaz - Pressostat eau et air pour po\u00eale et chaudi\u00e8re \u00e0 pellets - Transducteur pour po\u00eale et chaudi\u00e8re \u00e0 pellets - R\u00e9gulateur de pression pour po\u00eale et chaudi\u00e8re \u00e0 pellets - R\u00e9gulateur de pression pour po\u00eale et chaudi\u00e8re \u00e0 pellets - Transducteur de pression po\u00eale et chaudi\u00e8re \u00e0 pellets"},{"@type":"BreadcrumbList","@id":"https:\/\/amrtop.net\/produit\/pressostat-eau-reglable-xp200m-1-4-gaz\/#breadcrumb","itemListElement":[{"@type":"ListItem","position":1,"name":"Home","item":"https:\/\/amrtop.net\/"},{"@type":"ListItem","position":2,"name":"Shop","item":"https:\/\/amrtop.net\/negozio\/"},{"@type":"ListItem","position":3,"name":"Pressostat eau r\u00e9glable XP200A 1\/4\u2033 gas code PCQ004"}]},{"@type":"WebSite","@id":"https:\/\/amrtop.net\/#website","url":"https:\/\/amrtop.net\/","name":"AMRTOP B2B Abroad - Achizi\u021bii rezervate profesioni\u0219tilor","description":"Piese de schimb \u0219i accesorii pentru sobe \u0219i cazane - eCommerce B2B pentru clien\u021bi profesioni\u0219ti","potentialAction":[{"@type":"SearchAction","target":{"@type":"EntryPoint","urlTemplate":"https:\/\/amrtop.net\/?s={search_term_string}"},"query-input":{"@type":"PropertyValueSpecification","valueRequired":true,"valueName":"search_term_string"}}],"inLanguage":"ro-RO"}]}},"_links":{"self":[{"href":"https:\/\/amrtop.net\/ro\/wp-json\/wp\/v2\/product\/20839","targetHints":{"allow":["GET"]}}],"collection":[{"href":"https:\/\/amrtop.net\/ro\/wp-json\/wp\/v2\/product"}],"about":[{"href":"https:\/\/amrtop.net\/ro\/wp-json\/wp\/v2\/types\/product"}],"replies":[{"embeddable":true,"href":"https:\/\/amrtop.net\/ro\/wp-json\/wp\/v2\/comments?post=20839"}],"wp:featuredmedia":[{"embeddable":true,"href":"https:\/\/amrtop.net\/ro\/wp-json\/wp\/v2\/media\/35645"}],"wp:attachment":[{"href":"https:\/\/amrtop.net\/ro\/wp-json\/wp\/v2\/media?parent=20839"}],"wp:term":[{"taxonomy":"product_brand","embeddable":true,"href":"https:\/\/amrtop.net\/ro\/wp-json\/wp\/v2\/product_brand?post=20839"},{"taxonomy":"product_cat","embeddable":true,"href":"https:\/\/amrtop.net\/ro\/wp-json\/wp\/v2\/product_cat?post=20839"},{"taxonomy":"product_tag","embeddable":true,"href":"https:\/\/amrtop.net\/ro\/wp-json\/wp\/v2\/product_tag?post=20839"}],"curies":[{"name":"wp","href":"https:\/\/api.w.org\/{rel}","templated":true}]}}