{"id":20869,"date":"2020-10-01T00:00:00","date_gmt":"2020-10-01T00:00:00","guid":{"rendered":"https:\/\/amrtop.com\/B2B\/?post_type=product&#038;p=20869"},"modified":"2022-10-27T13:23:36","modified_gmt":"2022-10-27T13:23:36","slug":"guaina-nera-termo-restringente-o-4-8-mm","status":"publish","type":"product","link":"https:\/\/amrtop.net\/ro\/produit\/guaina-nera-termo-restringente-o-4-8-mm\/","title":{"rendered":"Guaina nera termorestringente \u00f8 4,8 mm &#8211; Codice GTR002"},"content":{"rendered":"<hr \/>\n<h3>Guaina nera termo restringente \u00f8 4.8 mm<\/h3>\n<p><strong>Amrtop<\/strong> oltre a proporre le schede elettroniche, display e tanti altri componenti elettronici offre tutta una serie di accessori inerenti.<\/p>\n<p>Connettori per circuito stampato con passo 3,81 mm, 5,08 mm, 7.5 mm,\u00a0 con connessione a vite, da 2 a 10 poli per schede elettroniche Micronova, Duepi, Ceza e Tiemme.<\/p>\n<p>Guaine termoretraibili con diametri che partono da 3.2 mm a 9.4 mm<\/p>\n<p>Guaine in Vetrotex con diametri che partono da 4 mm a 8 mm<\/p>\n<p>Guaina in Vetro-silicone con diametro che partono da 4 mm a 8 mm<\/p>\n<p>Cavi flat da 10 poli a 16 poli di varie lunghezze<\/p>\n<p>Cavi elettrici unipolari in vetrotex e silicone con sezione da 1.5 a 2.5<\/p>\n<p>Cavo di alimentazione nero tipo schuko e Italiano<\/p>\n<p>Descrizione:<br \/>\nLa morsettiera serie MTB unisce ingombri ridotti ad una generosa capacit\u00e0 di connessione 1.5 mm\u00b2(16 AWG) e di conseguenza una portata di<br \/>\ncorrente che raggiunge i 17.5A certificati.<br \/>\nE\u2019 disponibile con passi metrici da 3.5 mm (.138 in) e da 7 mm (.275 in) e anglosassoni da 3.81 mm (.100 in) e da 7.62 mm (.300 in), in base monolitiche per ottenere qualsiasi numero di vie senza perdita del passo;<\/p>\n<p>Sfruttando questa peculiarit\u00e0 \u00e8 possibile gestire uno stoccaggio<br \/>\nminimo di morsettiere base.<\/p>\n<h3>Utilizzo del Guaina nera termo restringente \u00f8 4.8 mm<\/h3>\n<p>La guaina termo restringente\u00a0 \u00e8 venduta in confezioni da 10 metri ed in rotoli<strong>\u00a0<\/strong><\/p>\n<p>Normalmente usata per i cablaggi nelle stufe e caldaie a pellet e biomasse per proteggere i cavi dalle alte temperature e da agenti chimici<\/p>\n<p>Sono disponibili in vari diametri, resiste a temperature fino a 350\u00b0C.<\/p>\n<h3><strong>Domestico<\/strong><\/h3>\n<p><a href=\"https:\/\/wekos.it\/\">stufe, cucine \u0219i termocucine a legna<\/a>\u00a0-\u00a0<a href=\"https:\/\/www.greenpuros.com\/\">caminetti, stufe, termostufe \u0219i caldaie a pellet.<\/a><\/p>\n<h3><strong>Gama de produse \u0219i accesorii Amrtop<\/strong><\/h3>\n<p><a href=\"https:\/\/amrtop.com\/B2B\/categoria-prodotto\/ricambi-vari-stufe-e-caldaie\/candelette\/\"><strong>Candelete<\/strong><\/a><\/p>\n<p><a href=\"https:\/\/amrtop.com\/B2B\/categoria-prodotto\/ricambi-vari-stufe-e-caldaie\/elettronica\/\">Elettronica<\/a><\/p>\n<p><a href=\"https:\/\/amrtop.com\/B2B\/categoria-prodotto\/ricambi-vari-stufe-e-caldaie\/estrattori-fumo\/\">Estrattori fumo<\/a><\/p>\n<p><a href=\"https:\/\/amrtop.com\/B2B\/categoria-prodotto\/ricambi-vari-stufe-e-caldaie\/guaine-cavi-connettori\/\">Guaine cavi conectori<\/a><\/p>\n<p><a href=\"https:\/\/amrtop.com\/B2B\/categoria-prodotto\/ricambi-vari-stufe-e-caldaie\/guaine-cavi-connettori\/\">Garnituri din silicon<\/a><\/p>\n<p><a href=\"https:\/\/amrtop.com\/B2B\/categoria-prodotto\/ricambi-vari-stufe-e-caldaie\/motoriduttori\/\">Motoriduttori<\/a><\/p>\n<p><a href=\"https:\/\/amrtop.com\/B2B\/categoria-prodotto\/ricambi-vari-stufe-e-caldaie\/pressostati-e-trasduttori\/\">Declara\u021bii de pres\u0103 \u0219i declara\u021bii de pres\u0103<\/a><\/p>\n<p><a href=\"https:\/\/amrtop.com\/B2B\/categoria-prodotto\/ricambi-vari-stufe-e-caldaie\/sonde-termostati-manometri-termometri\/\">Sonde termostati manometri termometri<\/a><\/p>\n<p><a href=\"https:\/\/amrtop.com\/B2B\/categoria-prodotto\/ricambi-vari-stufe-e-caldaie\/trecce-di-tenuta\/\">Trecce di tenuta<\/a><\/p>\n<p><a href=\"https:\/\/amrtop.com\/B2B\/categoria-prodotto\/ricambi-vari-stufe-e-caldaie\/ventilatori-centrifughi\/\">Ventilatoare centrifuge<\/a><\/p>\n<p><a href=\"https:\/\/amrtop.com\/B2B\/categoria-prodotto\/ricambi-vari-stufe-e-caldaie\/ventilatori-tangenziali\/\">Ventilatoare tangen\u021biale<\/a><\/p>\n<p><a href=\"https:\/\/amrtop.com\/B2B\/categoria-prodotto\/ricambi-vari-stufe-e-caldaie\/adesivi-e-sigillanti\/\">Adesivi \u0219i sigilan\u021bi<\/a><\/p>\n<p>Personalul de la\u00a0<strong>Amrtop<\/strong>\u00a0a fost format cu grij\u0103 pentru a v\u0103 ajuta s\u0103 identifica\u021bi eventualele partide de \u00eenlocuire a \u00eenlocuitorilor, oferind un serviciu de asisten\u021b\u0103 telefonic\u0103 \u00een francez\u0103, englez\u0103, rom\u00e2n\u0103 \u0219i italian\u0103.<br \/>\nNu v\u0103 a\u0219tepta\u021bi s\u0103 v\u0103 contacta\u021bi<\/p>","protected":false},"excerpt":{"rendered":"<hr \/>\n<h2><span style=\"color: #008000\">Disponibil la<\/span><\/h2>\n<hr \/>\n<h3>Guaina nera termorestringente \u00f8 4,8 mm<\/h3>\n<p>Codice GTR002<br \/>\nGuaina : termorestringente<br \/>\nMateriale : poliolefina<br \/>\nColore : nero<br \/>\nRapporto ritrazione : 4 -1<br \/>\nDiametro : \u00f8 4,8 mm<br \/>\nResestenza temperatura fiamma : 350 \u00b0C<br \/>\nConfezione : Bobina 10 metri<\/p>","protected":false},"featured_media":33725,"comment_status":"open","ping_status":"closed","template":"","meta":[],"product_brand":[],"product_cat":[1413,1412,1416],"product_tag":[],"class_list":{"0":"post-20869","1":"product","2":"type-product","3":"status-publish","4":"has-post-thumbnail","6":"product_cat-gaines-en-vetrotex-et-thermoretractables","7":"product_cat-gaines-cable-connecteurs","8":"product_cat-gaines-thermoretractables-pour-cables-electriques","9":"product_shipping_class-classe-di-spedizione-01","11":"first","12":"instock","13":"shipping-taxable","14":"purchasable","15":"product-type-simple"},"yoast_head":"<!-- This site is optimized with the Yoast SEO plugin v27.5 - https:\/\/yoast.com\/product\/yoast-seo-wordpress\/ -->\n<title>Guaina nera termo restringente \u00f8 4.8 mm<\/title>\n<meta name=\"description\" content=\"Guaina nera termo restringente \u00f8 4.8 mm - Guaina termoretraibili per stufa e caldaia a pellet - Gaina in Vetrotex per stufa e caldaia a pellet - Cavo flat per stufa e caldaia a pellet - Cavo elettrico unipolare in vetrotex e silicone per stufa e caldaia a pellet - Cavo di alimentazione nero tipo schuko e Italiano\" \/>\n<meta name=\"robots\" content=\"index, follow, max-snippet:-1, max-image-preview:large, max-video-preview:-1\" \/>\n<link rel=\"canonical\" href=\"https:\/\/amrtop.net\/ro\/produs\/guaina-nera-termo-restringente-o-4-8-mm\/\" \/>\n<meta property=\"og:locale\" content=\"ro_RO\" \/>\n<meta property=\"og:type\" content=\"article\" \/>\n<meta property=\"og:title\" content=\"Guaina nera termo restringente \u00f8 4.8 mm\" \/>\n<meta property=\"og:description\" content=\"Guaina nera termo restringente \u00f8 4.8 mm - Guaina termoretraibili per stufa e caldaia a pellet - Gaina in Vetrotex per stufa e caldaia a pellet - Cavo flat per stufa e caldaia a pellet - Cavo elettrico unipolare in vetrotex e silicone per stufa e caldaia a pellet - Cavo di alimentazione nero tipo schuko e Italiano\" \/>\n<meta property=\"og:url\" content=\"https:\/\/amrtop.net\/ro\/produs\/guaina-nera-termo-restringente-o-4-8-mm\/\" \/>\n<meta property=\"og:site_name\" content=\"AMRTOP B2B \u00c9tranger - Achats r\u00e9serv\u00e9s au professionnel\" \/>\n<meta property=\"article:modified_time\" content=\"2022-10-27T13:23:36+00:00\" \/>\n<meta property=\"og:image\" content=\"https:\/\/amrtop.net\/wp-content\/uploads\/2022\/06\/GTR002.jpg\" \/>\n\t<meta property=\"og:image:width\" content=\"640\" \/>\n\t<meta property=\"og:image:height\" content=\"640\" \/>\n\t<meta property=\"og:image:type\" content=\"image\/jpeg\" \/>\n<meta name=\"twitter:card\" content=\"summary_large_image\" \/>\n<meta name=\"twitter:label1\" content=\"Timp estimat pentru citire\" \/>\n\t<meta name=\"twitter:data1\" content=\"1 minut\" \/>\n<script type=\"application\/ld+json\" class=\"yoast-schema-graph\">{\"@context\":\"https:\\\/\\\/schema.org\",\"@graph\":[{\"@type\":\"WebPage\",\"@id\":\"https:\\\/\\\/amrtop.net\\\/produit\\\/guaina-nera-termo-restringente-o-4-8-mm\\\/\",\"url\":\"https:\\\/\\\/amrtop.net\\\/produit\\\/guaina-nera-termo-restringente-o-4-8-mm\\\/\",\"name\":\"Guaina nera termo restringente \u00f8 4.8 mm\",\"isPartOf\":{\"@id\":\"https:\\\/\\\/amrtop.net\\\/#website\"},\"primaryImageOfPage\":{\"@id\":\"https:\\\/\\\/amrtop.net\\\/produit\\\/guaina-nera-termo-restringente-o-4-8-mm\\\/#primaryimage\"},\"image\":{\"@id\":\"https:\\\/\\\/amrtop.net\\\/produit\\\/guaina-nera-termo-restringente-o-4-8-mm\\\/#primaryimage\"},\"thumbnailUrl\":\"https:\\\/\\\/amrtop.net\\\/wp-content\\\/uploads\\\/2022\\\/06\\\/GTR002.jpg\",\"datePublished\":\"2020-10-01T00:00:00+00:00\",\"dateModified\":\"2022-10-27T13:23:36+00:00\",\"description\":\"Guaina nera termo restringente \u00f8 4.8 mm - Guaina termoretraibili per stufa e caldaia a pellet - Gaina in Vetrotex per stufa e caldaia a pellet - Cavo flat per stufa e caldaia a pellet - Cavo elettrico unipolare in vetrotex e silicone per stufa e caldaia a pellet - Cavo di alimentazione nero tipo schuko e Italiano\",\"breadcrumb\":{\"@id\":\"https:\\\/\\\/amrtop.net\\\/produit\\\/guaina-nera-termo-restringente-o-4-8-mm\\\/#breadcrumb\"},\"inLanguage\":\"ro-RO\",\"potentialAction\":[{\"@type\":\"ReadAction\",\"target\":[\"https:\\\/\\\/amrtop.net\\\/produit\\\/guaina-nera-termo-restringente-o-4-8-mm\\\/\"]}]},{\"@type\":\"ImageObject\",\"inLanguage\":\"ro-RO\",\"@id\":\"https:\\\/\\\/amrtop.net\\\/produit\\\/guaina-nera-termo-restringente-o-4-8-mm\\\/#primaryimage\",\"url\":\"https:\\\/\\\/amrtop.net\\\/wp-content\\\/uploads\\\/2022\\\/06\\\/GTR002.jpg\",\"contentUrl\":\"https:\\\/\\\/amrtop.net\\\/wp-content\\\/uploads\\\/2022\\\/06\\\/GTR002.jpg\",\"width\":640,\"height\":640,\"caption\":\"Guaina nera termo restringente \u00f8 4.8 mm\"},{\"@type\":\"BreadcrumbList\",\"@id\":\"https:\\\/\\\/amrtop.net\\\/produit\\\/guaina-nera-termo-restringente-o-4-8-mm\\\/#breadcrumb\",\"itemListElement\":[{\"@type\":\"ListItem\",\"position\":1,\"name\":\"Home\",\"item\":\"https:\\\/\\\/amrtop.net\\\/\"},{\"@type\":\"ListItem\",\"position\":2,\"name\":\"Shop\",\"item\":\"https:\\\/\\\/amrtop.net\\\/negozio\\\/\"},{\"@type\":\"ListItem\",\"position\":3,\"name\":\"Guaina nera termorestringente \u00f8 4,8 mm &#8211; Codice GTR002\"}]},{\"@type\":\"WebSite\",\"@id\":\"https:\\\/\\\/amrtop.net\\\/#website\",\"url\":\"https:\\\/\\\/amrtop.net\\\/\",\"name\":\"AMRTOP B2B \u00c9tranger - Achats r\u00e9serv\u00e9s au professionnel\",\"description\":\"Pi\u00e8ces de rechange et accessoires pour po\u00eales et chaudi\u00e8res - eCommerce B2B pour Clients Professionnels\",\"potentialAction\":[{\"@type\":\"SearchAction\",\"target\":{\"@type\":\"EntryPoint\",\"urlTemplate\":\"https:\\\/\\\/amrtop.net\\\/?s={search_term_string}\"},\"query-input\":{\"@type\":\"PropertyValueSpecification\",\"valueRequired\":true,\"valueName\":\"search_term_string\"}}],\"inLanguage\":\"ro-RO\"}]}<\/script>\n<!-- \/ Yoast SEO plugin. -->","yoast_head_json":{"title":"Guaina nera termo restringente \u00f8 4.8 mm","description":"Guaina nera termo restringente \u00f8 4.8 mm - Guaina termoretraibili per stufa e caldaia a pellet - Gaina in Vetrotex per stufa e caldaia a pellet - Cavo flat per stufa e caldaia a pellet - Cavo elettrico unipolare in vetrotex e silicone per stufa e caldaia a pellet - Cavo di alimentazione nero tipo schuko e Italiano","robots":{"index":"index","follow":"follow","max-snippet":"max-snippet:-1","max-image-preview":"max-image-preview:large","max-video-preview":"max-video-preview:-1"},"canonical":"https:\/\/amrtop.net\/ro\/produs\/guaina-nera-termo-restringente-o-4-8-mm\/","og_locale":"ro_RO","og_type":"article","og_title":"Guaina nera termo restringente \u00f8 4.8 mm","og_description":"Guaina nera termo restringente \u00f8 4.8 mm - Guaina termoretraibili per stufa e caldaia a pellet - Gaina in Vetrotex per stufa e caldaia a pellet - Cavo flat per stufa e caldaia a pellet - Cavo elettrico unipolare in vetrotex e silicone per stufa e caldaia a pellet - Cavo di alimentazione nero tipo schuko e Italiano","og_url":"https:\/\/amrtop.net\/ro\/produs\/guaina-nera-termo-restringente-o-4-8-mm\/","og_site_name":"AMRTOP B2B \u00c9tranger - Achats r\u00e9serv\u00e9s au professionnel","article_modified_time":"2022-10-27T13:23:36+00:00","og_image":[{"width":640,"height":640,"url":"https:\/\/amrtop.net\/wp-content\/uploads\/2022\/06\/GTR002.jpg","type":"image\/jpeg"}],"twitter_card":"summary_large_image","twitter_misc":{"Timp estimat pentru citire":"1 minut"},"schema":{"@context":"https:\/\/schema.org","@graph":[{"@type":"WebPage","@id":"https:\/\/amrtop.net\/produit\/guaina-nera-termo-restringente-o-4-8-mm\/","url":"https:\/\/amrtop.net\/produit\/guaina-nera-termo-restringente-o-4-8-mm\/","name":"Guaina nera termo restringente \u00f8 4.8 mm","isPartOf":{"@id":"https:\/\/amrtop.net\/#website"},"primaryImageOfPage":{"@id":"https:\/\/amrtop.net\/produit\/guaina-nera-termo-restringente-o-4-8-mm\/#primaryimage"},"image":{"@id":"https:\/\/amrtop.net\/produit\/guaina-nera-termo-restringente-o-4-8-mm\/#primaryimage"},"thumbnailUrl":"https:\/\/amrtop.net\/wp-content\/uploads\/2022\/06\/GTR002.jpg","datePublished":"2020-10-01T00:00:00+00:00","dateModified":"2022-10-27T13:23:36+00:00","description":"Guaina nera termo restringente \u00f8 4.8 mm - Guaina termoretraibili per stufa e caldaia a pellet - Gaina in Vetrotex per stufa e caldaia a pellet - Cavo flat per stufa e caldaia a pellet - Cavo elettrico unipolare in vetrotex e silicone per stufa e caldaia a pellet - Cavo di alimentazione nero tipo schuko e Italiano","breadcrumb":{"@id":"https:\/\/amrtop.net\/produit\/guaina-nera-termo-restringente-o-4-8-mm\/#breadcrumb"},"inLanguage":"ro-RO","potentialAction":[{"@type":"ReadAction","target":["https:\/\/amrtop.net\/produit\/guaina-nera-termo-restringente-o-4-8-mm\/"]}]},{"@type":"ImageObject","inLanguage":"ro-RO","@id":"https:\/\/amrtop.net\/produit\/guaina-nera-termo-restringente-o-4-8-mm\/#primaryimage","url":"https:\/\/amrtop.net\/wp-content\/uploads\/2022\/06\/GTR002.jpg","contentUrl":"https:\/\/amrtop.net\/wp-content\/uploads\/2022\/06\/GTR002.jpg","width":640,"height":640,"caption":"Guaina nera termo restringente \u00f8 4.8 mm"},{"@type":"BreadcrumbList","@id":"https:\/\/amrtop.net\/produit\/guaina-nera-termo-restringente-o-4-8-mm\/#breadcrumb","itemListElement":[{"@type":"ListItem","position":1,"name":"Home","item":"https:\/\/amrtop.net\/"},{"@type":"ListItem","position":2,"name":"Shop","item":"https:\/\/amrtop.net\/negozio\/"},{"@type":"ListItem","position":3,"name":"Guaina nera termorestringente \u00f8 4,8 mm &#8211; Codice GTR002"}]},{"@type":"WebSite","@id":"https:\/\/amrtop.net\/#website","url":"https:\/\/amrtop.net\/","name":"AMRTOP B2B Abroad - Achizi\u021bii rezervate profesioni\u0219tilor","description":"Piese de schimb \u0219i accesorii pentru sobe \u0219i cazane - eCommerce B2B pentru clien\u021bi profesioni\u0219ti","potentialAction":[{"@type":"SearchAction","target":{"@type":"EntryPoint","urlTemplate":"https:\/\/amrtop.net\/?s={search_term_string}"},"query-input":{"@type":"PropertyValueSpecification","valueRequired":true,"valueName":"search_term_string"}}],"inLanguage":"ro-RO"}]}},"_links":{"self":[{"href":"https:\/\/amrtop.net\/ro\/wp-json\/wp\/v2\/product\/20869","targetHints":{"allow":["GET"]}}],"collection":[{"href":"https:\/\/amrtop.net\/ro\/wp-json\/wp\/v2\/product"}],"about":[{"href":"https:\/\/amrtop.net\/ro\/wp-json\/wp\/v2\/types\/product"}],"replies":[{"embeddable":true,"href":"https:\/\/amrtop.net\/ro\/wp-json\/wp\/v2\/comments?post=20869"}],"wp:featuredmedia":[{"embeddable":true,"href":"https:\/\/amrtop.net\/ro\/wp-json\/wp\/v2\/media\/33725"}],"wp:attachment":[{"href":"https:\/\/amrtop.net\/ro\/wp-json\/wp\/v2\/media?parent=20869"}],"wp:term":[{"taxonomy":"product_brand","embeddable":true,"href":"https:\/\/amrtop.net\/ro\/wp-json\/wp\/v2\/product_brand?post=20869"},{"taxonomy":"product_cat","embeddable":true,"href":"https:\/\/amrtop.net\/ro\/wp-json\/wp\/v2\/product_cat?post=20869"},{"taxonomy":"product_tag","embeddable":true,"href":"https:\/\/amrtop.net\/ro\/wp-json\/wp\/v2\/product_tag?post=20869"}],"curies":[{"name":"wp","href":"https:\/\/api.w.org\/{rel}","templated":true}]}}