{"id":20871,"date":"2020-10-01T00:00:00","date_gmt":"2020-10-01T00:00:00","guid":{"rendered":"https:\/\/amrtop.com\/B2B\/?post_type=product&#038;p=20871"},"modified":"2023-06-08T09:08:42","modified_gmt":"2023-06-08T09:08:42","slug":"gaine-noire-thermoretractable-o-9-4-mm","status":"publish","type":"product","link":"https:\/\/amrtop.net\/ro\/produit\/gaine-noire-thermoretractable-o-9-4-mm\/","title":{"rendered":"Tuburi termocontractabile negre de 9,4 mm - Cod GTR004"},"content":{"rendered":"<h3>Gaine noire thermor\u00e9tractable \u00f8 9.4 mm<\/h3>\n<p>Pe l\u00e2ng\u0103 pl\u0103ci electronice, ecrane \u0219i multe alte componente electronice, Amrtop ofer\u0103 o gam\u0103 \u00eentreag\u0103 de accesorii.<\/p>\n<p>Conectori PCB cu pas de 3,81 mm, 5,08 mm, 7,5 mm, cu conexiune cu \u0219urub, de la 2 la 10 poli pentru pl\u0103ci electronice Micronova, Duepi, Ceza \u0219i Tiemme.<\/p>\n<p>Tuburi termocontractabile cu diametre cuprinse \u00eentre 3,2 mm \u0219i 9,4 mm<\/p>\n<p>Tuburi Vetrotex cu diametre de la 4 mm la 8 mm<\/p>\n<p>\u00cenveli\u0219 din sticl\u0103-silicon cu diametre de la 4 mm la 8 mm<\/p>\n<p>Cabluri plate de la 10-poli la 16-poli \u00een diferite lungimi<\/p>\n<p>Cablu electric unipolar din vetrotex \u0219i silicon cu sec\u021biune transversal\u0103 de 1,5 p\u00e2n\u0103 la 2,5<\/p>\n<p>Schuko negru \u0219i cablu de alimentare italian<\/p>\n<p>Descriere:<br \/>\nBlocul terminal din seria VTT combin\u0103 o amprent\u0103 mic\u0103 cu o capacitate de conectare generoas\u0103 de 1,5 mm\u00b2 (16 AWG) \u0219i, prin urmare, o raz\u0103 de ac\u021biune de<br \/>\ncurent care ajunge la certificate de 17,5 A.<br \/>\nEste disponibil cu pasuri metrice de 3,5 mm (.138 in) \u0219i 7 mm (.275 in) \u0219i cu pasuri anglo-saxone de 3,81 mm (.100 in) \u0219i 7,62 mm (.300 in), pe o baz\u0103 monolitic\u0103 pentru a ob\u021bine orice num\u0103r de canale f\u0103r\u0103 pierdere de pas;<\/p>\n<p>Profit\u00e2nd de aceast\u0103 caracteristic\u0103, este posibil s\u0103 se gestioneze stocarea<br \/>\nnum\u0103rul minim de blocuri terminale de baz\u0103.<\/p>\n<h3>Utilisation du gaine noire thermor\u00e9tractable \u00f8 9.4 mm<\/h3>\n<p>Componentele electronice instalate \u00een general pe sobele \u0219i cazanele pe pele\u021bi sunt utilizate pentru a gestiona combustia, oferind posibilitatea de a regla c\u0103ldura generat\u0103 de aparat.<\/p>\n<h3><strong>Interior<\/strong><\/h3>\n<p><a href=\"https:\/\/wekos.it\/\">Sobe, aragazuri \u0219i aragazuri pe lemne<\/a>\u00a0-\u00a0<a href=\"https:\/\/www.greenpuros.com\/\">\u0219eminee, sobe \u0219i cazane pe pele\u021bi.<\/a><\/p>\n<h3><strong>Gama Amrtop de piese de schimb \u0219i accesorii<\/strong><\/h3>\n<p><a href=\"https:\/\/amrtop.net\/ro\/categoria-de-produse\/piese-de-schimb-sobe-si-cazane-de-gatit-si-cazane-mixte-2\/bougies-dallumage-pour-poeles-et-chaudieres-a-pellets\/\">Bujii incandescente<\/a><\/p>\n<p><a href=\"https:\/\/amrtop.net\/ro\/categoria-de-produse\/piese-de-schimb-sobe-si-cazane-de-gatit-si-cazane-mixte-2\/electronique\/\">Electronic\u0103<\/a><\/p>\n<p><a href=\"https:\/\/amrtop.net\/ro\/categoria-de-produse\/piese-de-schimb-sobe-si-cazane-de-gatit-si-cazane-mixte-2\/extracteurs-de-fumee\/\">Extractoare de fum<\/a><\/p>\n<p><a href=\"https:\/\/amrtop.net\/ro\/categoria-de-produse\/piese-de-schimb-sobe-si-cazane-de-gatit-si-cazane-mixte-2\/gaines-cable-connecteurs\/\">Teci de cablu conector<\/a><\/p>\n<p><a href=\"https:\/\/amrtop.net\/ro\/categoria-de-produse\/piese-de-schimb-sobe-si-cazane-de-gatit-si-cazane-mixte-2\/joints-de-silicone\/\">Garnituri de silicon<\/a><\/p>\n<p><a href=\"https:\/\/amrtop.net\/ro\/categoria-de-produse\/piese-de-schimb-sobe-si-cazane-de-gatit-si-cazane-mixte-2\/motoreducteurs\/\">Motoare cu angrenaje<\/a><\/p>\n<p><a href=\"https:\/\/amrtop.net\/ro\/categoria-de-produse\/piese-de-schimb-sobe-si-cazane-de-gatit-si-cazane-mixte-2\/pressostats-et-transducteurs\/\">Presostate \u0219i traductoare de presiune<\/a><\/p>\n<p><a href=\"https:\/\/amrtop.net\/ro\/categoria-de-produse\/piese-de-schimb-sobe-si-cazane-de-gatit-si-cazane-mixte-2\/sondes-thermostats-manometres-thermometres\/\">Sonde termostate manometre termometre termometre<\/a><\/p>\n<p><a href=\"https:\/\/amrtop.net\/ro\/categoria-de-produse\/piese-de-schimb-sobe-si-cazane-de-gatit-si-cazane-mixte-2\/joints-detancheite\/\">Tricotaje de etan\u0219are<\/a><\/p>\n<p><a href=\"https:\/\/amrtop.net\/ro\/categoria-de-produse\/piese-de-schimb-sobe-si-cazane-de-gatit-si-cazane-mixte-2\/ventilateurs-centrifuges-pour-poeles-a-pellets\/\">Ventilatoare centrifuge<\/a><\/p>\n<p><a href=\"https:\/\/amrtop.net\/ro\/categoria-de-produse\/piese-de-schimb-sobe-si-cazane-de-gatit-si-cazane-mixte-2\/ventilateurs-tangentiels-flux-transversal\/\">Ventilatoare cu flux \u00eencruci\u0219at<\/a><\/p>\n<p><a href=\"https:\/\/amrtop.net\/ro\/categoria-de-produse\/piese-de-schimb-sobe-si-cazane-de-gatit-si-cazane-mixte-2\/adhesifs-et-produits-detancheite\/\">Adezivi \u0219i materiale de etan\u0219are<\/a><\/p>\n<p>&nbsp;<\/p>\n<p>&nbsp;<\/p>\n<p>&nbsp;<\/p>","protected":false},"excerpt":{"rendered":"<hr \/>\n<h2><span style=\"color: #008000\">Disponibil la<\/span><\/h2>\n<hr \/>\n<h3>Gaine noire thermor\u00e9tractable \u00f8 9,4 mm<\/h3>\n<p>Code GTR004<br \/>\nGaine thermor\u00e9tractable<br \/>\nMat\u00e9riau\u00a0: polyol\u00e9fine<br \/>\nCuloare: negru<br \/>\nRapport de r\u00e9tractation\u00a0: 4 -1<br \/>\nDiam\u00e8tre : \u00f8 9,4 mm<br \/>\nResestenza temp\u00e9rature flamme\u00a0: Max 350 C<br \/>\nAmbalare : Bobin\u0103 de 10 metri<\/p>","protected":false},"featured_media":33727,"comment_status":"open","ping_status":"closed","template":"","meta":[],"product_brand":[],"product_cat":[1413,1412,1416],"product_tag":[],"class_list":{"0":"post-20871","1":"product","2":"type-product","3":"status-publish","4":"has-post-thumbnail","6":"product_cat-gaines-en-vetrotex-et-thermoretractables","7":"product_cat-gaines-cable-connecteurs","8":"product_cat-gaines-thermoretractables-pour-cables-electriques","9":"product_shipping_class-classe-di-spedizione-01","11":"first","12":"instock","13":"shipping-taxable","14":"purchasable","15":"product-type-simple"},"yoast_head":"<!-- This site is optimized with the Yoast SEO plugin v27.5 - https:\/\/yoast.com\/product\/yoast-seo-wordpress\/ -->\n<title>Gaine noire thermor\u00e9tractable \u00f8 9.4 mm<\/title>\n<meta name=\"description\" content=\"Gaine r\u00e9tractable pour po\u00eale et chaudi\u00e8re \u00e0 pellets - Gaine en Vetrotex pour po\u00eale et chaudi\u00e8re \u00e0 pellets - C\u00e2ble plat pour po\u00eale et chaudi\u00e8re \u00e0 pellets - C\u00e2ble \u00e9lectrique unipolaire en vetrotex et silicone pour po\u00eale et chaudi\u00e8re \u00e0 pellets - C\u00e2ble d\u2019alimentation noir type schuko et italien\" \/>\n<meta name=\"robots\" content=\"index, follow, max-snippet:-1, max-image-preview:large, max-video-preview:-1\" \/>\n<link rel=\"canonical\" href=\"https:\/\/amrtop.net\/ro\/produs\/gaine-noire-thermoretractable-o-9-4-mm\/\" \/>\n<meta property=\"og:locale\" content=\"ro_RO\" \/>\n<meta property=\"og:type\" content=\"article\" \/>\n<meta property=\"og:title\" content=\"Gaine noire thermor\u00e9tractable \u00f8 9.4 mm\" \/>\n<meta property=\"og:description\" content=\"Gaine r\u00e9tractable pour po\u00eale et chaudi\u00e8re \u00e0 pellets - Gaine en Vetrotex pour po\u00eale et chaudi\u00e8re \u00e0 pellets - C\u00e2ble plat pour po\u00eale et chaudi\u00e8re \u00e0 pellets - C\u00e2ble \u00e9lectrique unipolaire en vetrotex et silicone pour po\u00eale et chaudi\u00e8re \u00e0 pellets - C\u00e2ble d\u2019alimentation noir type schuko et italien\" \/>\n<meta property=\"og:url\" content=\"https:\/\/amrtop.net\/ro\/produs\/gaine-noire-thermoretractable-o-9-4-mm\/\" \/>\n<meta property=\"og:site_name\" content=\"AMRTOP B2B \u00c9tranger - Achats r\u00e9serv\u00e9s au professionnel\" \/>\n<meta property=\"article:modified_time\" content=\"2023-06-08T09:08:42+00:00\" \/>\n<meta property=\"og:image\" content=\"https:\/\/amrtop.net\/wp-content\/uploads\/2022\/06\/GTR004.jpg\" \/>\n\t<meta property=\"og:image:width\" content=\"640\" \/>\n\t<meta property=\"og:image:height\" content=\"640\" \/>\n\t<meta property=\"og:image:type\" content=\"image\/jpeg\" \/>\n<meta name=\"twitter:card\" content=\"summary_large_image\" \/>\n<meta name=\"twitter:label1\" content=\"Timp estimat pentru citire\" \/>\n\t<meta name=\"twitter:data1\" content=\"1 minut\" \/>\n<script type=\"application\/ld+json\" class=\"yoast-schema-graph\">{\"@context\":\"https:\\\/\\\/schema.org\",\"@graph\":[{\"@type\":\"WebPage\",\"@id\":\"https:\\\/\\\/amrtop.net\\\/produit\\\/gaine-noire-thermoretractable-o-9-4-mm\\\/\",\"url\":\"https:\\\/\\\/amrtop.net\\\/produit\\\/gaine-noire-thermoretractable-o-9-4-mm\\\/\",\"name\":\"Gaine noire thermor\u00e9tractable \u00f8 9.4 mm\",\"isPartOf\":{\"@id\":\"https:\\\/\\\/amrtop.net\\\/#website\"},\"primaryImageOfPage\":{\"@id\":\"https:\\\/\\\/amrtop.net\\\/produit\\\/gaine-noire-thermoretractable-o-9-4-mm\\\/#primaryimage\"},\"image\":{\"@id\":\"https:\\\/\\\/amrtop.net\\\/produit\\\/gaine-noire-thermoretractable-o-9-4-mm\\\/#primaryimage\"},\"thumbnailUrl\":\"https:\\\/\\\/amrtop.net\\\/wp-content\\\/uploads\\\/2022\\\/06\\\/GTR004.jpg\",\"datePublished\":\"2020-10-01T00:00:00+00:00\",\"dateModified\":\"2023-06-08T09:08:42+00:00\",\"description\":\"Gaine r\u00e9tractable pour po\u00eale et chaudi\u00e8re \u00e0 pellets - Gaine en Vetrotex pour po\u00eale et chaudi\u00e8re \u00e0 pellets - C\u00e2ble plat pour po\u00eale et chaudi\u00e8re \u00e0 pellets - C\u00e2ble \u00e9lectrique unipolaire en vetrotex et silicone pour po\u00eale et chaudi\u00e8re \u00e0 pellets - C\u00e2ble d\u2019alimentation noir type schuko et italien\",\"breadcrumb\":{\"@id\":\"https:\\\/\\\/amrtop.net\\\/produit\\\/gaine-noire-thermoretractable-o-9-4-mm\\\/#breadcrumb\"},\"inLanguage\":\"ro-RO\",\"potentialAction\":[{\"@type\":\"ReadAction\",\"target\":[\"https:\\\/\\\/amrtop.net\\\/produit\\\/gaine-noire-thermoretractable-o-9-4-mm\\\/\"]}]},{\"@type\":\"ImageObject\",\"inLanguage\":\"ro-RO\",\"@id\":\"https:\\\/\\\/amrtop.net\\\/produit\\\/gaine-noire-thermoretractable-o-9-4-mm\\\/#primaryimage\",\"url\":\"https:\\\/\\\/amrtop.net\\\/wp-content\\\/uploads\\\/2022\\\/06\\\/GTR004.jpg\",\"contentUrl\":\"https:\\\/\\\/amrtop.net\\\/wp-content\\\/uploads\\\/2022\\\/06\\\/GTR004.jpg\",\"width\":640,\"height\":640,\"caption\":\"Gaine r\u00e9tractable pour po\u00eale et chaudi\u00e8re \u00e0 pellets - Gaine en Vetrotex pour po\u00eale et chaudi\u00e8re \u00e0 pellets - C\u00e2ble plat pour po\u00eale et chaudi\u00e8re \u00e0 pellets - C\u00e2ble \u00e9lectrique unipolaire en vetrotex et silicone pour po\u00eale et chaudi\u00e8re \u00e0 pellets - C\u00e2ble d\u2019alimentation noir type schuko et italien\"},{\"@type\":\"BreadcrumbList\",\"@id\":\"https:\\\/\\\/amrtop.net\\\/produit\\\/gaine-noire-thermoretractable-o-9-4-mm\\\/#breadcrumb\",\"itemListElement\":[{\"@type\":\"ListItem\",\"position\":1,\"name\":\"Home\",\"item\":\"https:\\\/\\\/amrtop.net\\\/\"},{\"@type\":\"ListItem\",\"position\":2,\"name\":\"Shop\",\"item\":\"https:\\\/\\\/amrtop.net\\\/negozio\\\/\"},{\"@type\":\"ListItem\",\"position\":3,\"name\":\"Gaine thermor\u00e9tractable noire 9,4 mm &#8211; Code GTR004\"}]},{\"@type\":\"WebSite\",\"@id\":\"https:\\\/\\\/amrtop.net\\\/#website\",\"url\":\"https:\\\/\\\/amrtop.net\\\/\",\"name\":\"AMRTOP B2B \u00c9tranger - Achats r\u00e9serv\u00e9s au professionnel\",\"description\":\"Pi\u00e8ces de rechange et accessoires pour po\u00eales et chaudi\u00e8res - eCommerce B2B pour Clients Professionnels\",\"potentialAction\":[{\"@type\":\"SearchAction\",\"target\":{\"@type\":\"EntryPoint\",\"urlTemplate\":\"https:\\\/\\\/amrtop.net\\\/?s={search_term_string}\"},\"query-input\":{\"@type\":\"PropertyValueSpecification\",\"valueRequired\":true,\"valueName\":\"search_term_string\"}}],\"inLanguage\":\"ro-RO\"}]}<\/script>\n<!-- \/ Yoast SEO plugin. -->","yoast_head_json":{"title":"Gaine noire thermor\u00e9tractable \u00f8 9.4 mm","description":"\u00cenveli\u0219 retractabil pentru soba pe pele\u021bi \u0219i cazanul pe pele\u021bi - \u00cenveli\u0219 Vetrotex pentru soba pe pele\u021bi \u0219i cazanul pe pele\u021bi - Cablu plat pentru soba pe pele\u021bi \u0219i cazanul pe pele\u021bi - Cablu de alimentare unipolar din Vetrotex \u0219i silicon pentru soba pe pele\u021bi \u0219i cazanul pe pele\u021bi - Cablu de alimentare negru schuko \u0219i italian","robots":{"index":"index","follow":"follow","max-snippet":"max-snippet:-1","max-image-preview":"max-image-preview:large","max-video-preview":"max-video-preview:-1"},"canonical":"https:\/\/amrtop.net\/ro\/produs\/gaine-noire-thermoretractable-o-9-4-mm\/","og_locale":"ro_RO","og_type":"article","og_title":"Gaine noire thermor\u00e9tractable \u00f8 9.4 mm","og_description":"Gaine r\u00e9tractable pour po\u00eale et chaudi\u00e8re \u00e0 pellets - Gaine en Vetrotex pour po\u00eale et chaudi\u00e8re \u00e0 pellets - C\u00e2ble plat pour po\u00eale et chaudi\u00e8re \u00e0 pellets - C\u00e2ble \u00e9lectrique unipolaire en vetrotex et silicone pour po\u00eale et chaudi\u00e8re \u00e0 pellets - C\u00e2ble d\u2019alimentation noir type schuko et italien","og_url":"https:\/\/amrtop.net\/ro\/produs\/gaine-noire-thermoretractable-o-9-4-mm\/","og_site_name":"AMRTOP B2B \u00c9tranger - Achats r\u00e9serv\u00e9s au professionnel","article_modified_time":"2023-06-08T09:08:42+00:00","og_image":[{"width":640,"height":640,"url":"https:\/\/amrtop.net\/wp-content\/uploads\/2022\/06\/GTR004.jpg","type":"image\/jpeg"}],"twitter_card":"summary_large_image","twitter_misc":{"Timp estimat pentru citire":"1 minut"},"schema":{"@context":"https:\/\/schema.org","@graph":[{"@type":"WebPage","@id":"https:\/\/amrtop.net\/produit\/gaine-noire-thermoretractable-o-9-4-mm\/","url":"https:\/\/amrtop.net\/produit\/gaine-noire-thermoretractable-o-9-4-mm\/","name":"Gaine noire thermor\u00e9tractable \u00f8 9.4 mm","isPartOf":{"@id":"https:\/\/amrtop.net\/#website"},"primaryImageOfPage":{"@id":"https:\/\/amrtop.net\/produit\/gaine-noire-thermoretractable-o-9-4-mm\/#primaryimage"},"image":{"@id":"https:\/\/amrtop.net\/produit\/gaine-noire-thermoretractable-o-9-4-mm\/#primaryimage"},"thumbnailUrl":"https:\/\/amrtop.net\/wp-content\/uploads\/2022\/06\/GTR004.jpg","datePublished":"2020-10-01T00:00:00+00:00","dateModified":"2023-06-08T09:08:42+00:00","description":"\u00cenveli\u0219 retractabil pentru soba pe pele\u021bi \u0219i cazanul pe pele\u021bi - \u00cenveli\u0219 Vetrotex pentru soba pe pele\u021bi \u0219i cazanul pe pele\u021bi - Cablu plat pentru soba pe pele\u021bi \u0219i cazanul pe pele\u021bi - Cablu de alimentare unipolar din Vetrotex \u0219i silicon pentru soba pe pele\u021bi \u0219i cazanul pe pele\u021bi - Cablu de alimentare negru schuko \u0219i italian","breadcrumb":{"@id":"https:\/\/amrtop.net\/produit\/gaine-noire-thermoretractable-o-9-4-mm\/#breadcrumb"},"inLanguage":"ro-RO","potentialAction":[{"@type":"ReadAction","target":["https:\/\/amrtop.net\/produit\/gaine-noire-thermoretractable-o-9-4-mm\/"]}]},{"@type":"ImageObject","inLanguage":"ro-RO","@id":"https:\/\/amrtop.net\/produit\/gaine-noire-thermoretractable-o-9-4-mm\/#primaryimage","url":"https:\/\/amrtop.net\/wp-content\/uploads\/2022\/06\/GTR004.jpg","contentUrl":"https:\/\/amrtop.net\/wp-content\/uploads\/2022\/06\/GTR004.jpg","width":640,"height":640,"caption":"Gaine r\u00e9tractable pour po\u00eale et chaudi\u00e8re \u00e0 pellets - Gaine en Vetrotex pour po\u00eale et chaudi\u00e8re \u00e0 pellets - C\u00e2ble plat pour po\u00eale et chaudi\u00e8re \u00e0 pellets - C\u00e2ble \u00e9lectrique unipolaire en vetrotex et silicone pour po\u00eale et chaudi\u00e8re \u00e0 pellets - C\u00e2ble d\u2019alimentation noir type schuko et italien"},{"@type":"BreadcrumbList","@id":"https:\/\/amrtop.net\/produit\/gaine-noire-thermoretractable-o-9-4-mm\/#breadcrumb","itemListElement":[{"@type":"ListItem","position":1,"name":"Home","item":"https:\/\/amrtop.net\/"},{"@type":"ListItem","position":2,"name":"Shop","item":"https:\/\/amrtop.net\/negozio\/"},{"@type":"ListItem","position":3,"name":"Gaine thermor\u00e9tractable noire 9,4 mm &#8211; Code GTR004"}]},{"@type":"WebSite","@id":"https:\/\/amrtop.net\/#website","url":"https:\/\/amrtop.net\/","name":"AMRTOP B2B Abroad - Achizi\u021bii rezervate profesioni\u0219tilor","description":"Piese de schimb \u0219i accesorii pentru sobe \u0219i cazane - eCommerce B2B pentru clien\u021bi profesioni\u0219ti","potentialAction":[{"@type":"SearchAction","target":{"@type":"EntryPoint","urlTemplate":"https:\/\/amrtop.net\/?s={search_term_string}"},"query-input":{"@type":"PropertyValueSpecification","valueRequired":true,"valueName":"search_term_string"}}],"inLanguage":"ro-RO"}]}},"_links":{"self":[{"href":"https:\/\/amrtop.net\/ro\/wp-json\/wp\/v2\/product\/20871","targetHints":{"allow":["GET"]}}],"collection":[{"href":"https:\/\/amrtop.net\/ro\/wp-json\/wp\/v2\/product"}],"about":[{"href":"https:\/\/amrtop.net\/ro\/wp-json\/wp\/v2\/types\/product"}],"replies":[{"embeddable":true,"href":"https:\/\/amrtop.net\/ro\/wp-json\/wp\/v2\/comments?post=20871"}],"wp:featuredmedia":[{"embeddable":true,"href":"https:\/\/amrtop.net\/ro\/wp-json\/wp\/v2\/media\/33727"}],"wp:attachment":[{"href":"https:\/\/amrtop.net\/ro\/wp-json\/wp\/v2\/media?parent=20871"}],"wp:term":[{"taxonomy":"product_brand","embeddable":true,"href":"https:\/\/amrtop.net\/ro\/wp-json\/wp\/v2\/product_brand?post=20871"},{"taxonomy":"product_cat","embeddable":true,"href":"https:\/\/amrtop.net\/ro\/wp-json\/wp\/v2\/product_cat?post=20871"},{"taxonomy":"product_tag","embeddable":true,"href":"https:\/\/amrtop.net\/ro\/wp-json\/wp\/v2\/product_tag?post=20871"}],"curies":[{"name":"wp","href":"https:\/\/api.w.org\/{rel}","templated":true}]}}