{"id":20872,"date":"2020-10-01T00:00:00","date_gmt":"2020-10-01T00:00:00","guid":{"rendered":"https:\/\/amrtop.com\/B2B\/?post_type=product&#038;p=20872"},"modified":"2023-06-07T14:00:08","modified_gmt":"2023-06-07T14:00:08","slug":"cable-unipolaire-en-verre-silicone-de-1-5-mm","status":"publish","type":"product","link":"https:\/\/amrtop.net\/ro\/produit\/cable-unipolaire-en-verre-silicone-de-1-5-mm\/","title":{"rendered":"Cablu vetrotex cu un singur fir - Cod CUV001"},"content":{"rendered":"<hr \/>\n<h3>C\u00e2ble unipolaire en verre-silicone de 1.5 mm<\/h3>\n<p>La soci\u00e9t\u00e9 Amrtop propose \u00e0 sa client\u00e8le une s\u00e9rie de c\u00e2bles \u00e9lectriques unipolaires avec des rev\u00eatements sp\u00e9ciaux r\u00e9alis\u00e9s par les plus prestigieux constructeurs mondiaux adapt\u00e9s pour toutes les applications \u00e9lectrom\u00e9caniques et \u00e9lectrotechniques comme les moteurs et les transformateurs \u00e9lectriques.<\/p>\n<p>Les excellentes caract\u00e9ristiques chimiques et physiques des mati\u00e8res premi\u00e8res utilis\u00e9es et les cycles de production constamment contr\u00f4l\u00e9s et certifi\u00e9s ISO 9002 permettent \u00e0 nos c\u00e2bles de passer avec succ\u00e8s les tests les plus stricts pr\u00e9vus pour les homologations VDE, UL, CSA etc. et de les rendre aptes aux applications les plus extr\u00eames comme la pr\u00e9sence de temp\u00e9ratures \u00e9lev\u00e9es et de fluides et gaz acides corrosifs (FREON).<\/p>\n<p>Les conducteurs sont disponibles avec des rev\u00eatements en levapr\u00e8ne, silicone, silicone + verre, polyester + verre, polyester + Mylar, t\u00e9flon, ptfe et fep pour des temp\u00e9ratures de fonctionnement allant de -90 en C \u00e0 +260 en C, des tensions de fonctionnement jusqu\u2019\u00e0 900V et des tensions d\u2019essai jusqu\u2019\u00e0 2500<\/p>\n<p>Le c\u00e2ble en verre-silicone est un c\u00e2ble unipolaire flexible auto-extinguible et \u00e0 propagation de flamme limit\u00e9e.<br \/>\nIl conserve une excellente flexibilit\u00e9 et r\u00e9sistance m\u00e9canique gr\u00e2ce \u00e0 son rev\u00eatement en verre.<br \/>\nIl est utilis\u00e9 pour le c\u00e2blage des moteurs et des transformateurs de classe F et H et pour toute application \u00e0 haute et basse temp\u00e9rature.<br \/>\nDisponible enti\u00e8rement en blanc, base blanche avec des rayures de fil rouge, noir, bleu et autres couleurs sur demande.<\/p>\n<h3>Utilisation du C\u00e2ble unipolaire verre-silicone de 1.5 mm<\/h3>\n<p>Les c\u00e2bles en verre-silicone sont normalement utilis\u00e9s l\u00e0 o\u00f9 il y a des sources de chaleur qui pourraient endommager le c\u00e2blage existant dans les po\u00eales et chaudi\u00e8res \u00e0 pellets.<\/p>\n<h3><strong>Interior<\/strong><\/h3>\n<p><a href=\"https:\/\/wekos.it\/\">Sobe, aragazuri \u0219i aragazuri pe lemne<\/a>\u00a0-\u00a0<a href=\"https:\/\/www.greenpuros.com\/\">\u0219eminee, sobe \u0219i cazane pe pele\u021bi.<\/a><\/p>\n<h3><strong>Gama Amrtop de piese de schimb \u0219i accesorii<\/strong><\/h3>\n<p><a href=\"https:\/\/amrtop.net\/ro\/categoria-de-produse\/piese-de-schimb-sobe-si-cazane-de-gatit-si-cazane-mixte-2\/bougies-dallumage-pour-poeles-et-chaudieres-a-pellets\/\">Bujii incandescente<\/a><\/p>\n<p><a href=\"https:\/\/amrtop.net\/ro\/categoria-de-produse\/piese-de-schimb-sobe-si-cazane-de-gatit-si-cazane-mixte-2\/electronique\/\">Electronic\u0103<\/a><\/p>\n<p><a href=\"https:\/\/amrtop.net\/ro\/categoria-de-produse\/piese-de-schimb-sobe-si-cazane-de-gatit-si-cazane-mixte-2\/extracteurs-de-fumee\/\">Extractoare de fum<\/a><\/p>\n<p><a href=\"https:\/\/amrtop.net\/ro\/categoria-de-produse\/piese-de-schimb-sobe-si-cazane-de-gatit-si-cazane-mixte-2\/gaines-cable-connecteurs\/\">Teci de cablu conector<\/a><\/p>\n<p><a href=\"https:\/\/amrtop.net\/ro\/categoria-de-produse\/piese-de-schimb-sobe-si-cazane-de-gatit-si-cazane-mixte-2\/joints-de-silicone\/\">Garnituri de silicon<\/a><\/p>\n<p><a href=\"https:\/\/amrtop.net\/ro\/categoria-de-produse\/piese-de-schimb-sobe-si-cazane-de-gatit-si-cazane-mixte-2\/motoreducteurs\/\">Motoare cu angrenaje<\/a><\/p>\n<p><a href=\"https:\/\/amrtop.net\/ro\/categoria-de-produse\/piese-de-schimb-sobe-si-cazane-de-gatit-si-cazane-mixte-2\/pressostats-et-transducteurs\/\">Presostate \u0219i traductoare de presiune<\/a><\/p>\n<p><a href=\"https:\/\/amrtop.net\/ro\/categoria-de-produse\/piese-de-schimb-sobe-si-cazane-de-gatit-si-cazane-mixte-2\/sondes-thermostats-manometres-thermometres\/\">Sonde termostate manometre termometre termometre<\/a><\/p>\n<p><a href=\"https:\/\/amrtop.net\/ro\/categoria-de-produse\/piese-de-schimb-sobe-si-cazane-de-gatit-si-cazane-mixte-2\/joints-detancheite\/\">Tricotaje de etan\u0219are<\/a><\/p>\n<p><a href=\"https:\/\/amrtop.net\/ro\/categoria-de-produse\/piese-de-schimb-sobe-si-cazane-de-gatit-si-cazane-mixte-2\/ventilateurs-centrifuges-pour-poeles-a-pellets\/\">Ventilatoare centrifuge<\/a><\/p>\n<p><a href=\"https:\/\/amrtop.net\/ro\/categoria-de-produse\/piese-de-schimb-sobe-si-cazane-de-gatit-si-cazane-mixte-2\/ventilateurs-tangentiels-flux-transversal\/\">Ventilatoare cu flux \u00eencruci\u0219at<\/a><\/p>\n<p><a href=\"https:\/\/amrtop.net\/ro\/categoria-de-produse\/piese-de-schimb-sobe-si-cazane-de-gatit-si-cazane-mixte-2\/adhesifs-et-produits-detancheite\/\">Adezivi \u0219i materiale de etan\u0219are<\/a><\/p>\n<p>&nbsp;<\/p>\n<p>&nbsp;<\/p>\n<p>&nbsp;<\/p>\n<p>&nbsp;<\/p>\n<p>&nbsp;<\/p>\n<p>&nbsp;<\/p>\n<h3><\/h3>\n<p>&nbsp;<\/p>","protected":false},"excerpt":{"rendered":"<h2><span style=\"color: #008000\">Disponibil la<\/span><\/h2>\n<hr \/>\n<h3>C\u00e2ble unipolaire en Vetrotex &#8211; Silicone de 1,5 mm<\/h3>\n<p>Code CUV001<br \/>\nC\u00e2ble unipolaire en Vetrotex &#8211; Silicone<br \/>\nDiam\u00e8tre de section : \u00f8 1,5 mm<br \/>\nClasa de izolare: H 2500 V<br \/>\nRezisten\u021ba la temperatur\u0103: Max 300 C<br \/>\nEmballage\u00a0: Bobine 6 m\u00e8tres<\/p>","protected":false},"featured_media":33705,"comment_status":"open","ping_status":"closed","template":"","meta":[],"product_brand":[],"product_cat":[1418,1417,1412],"product_tag":[],"class_list":{"0":"post-20872","1":"product","2":"type-product","3":"status-publish","4":"has-post-thumbnail","6":"product_cat-cable-unipolaire-en-vetrotex-et-silicone","7":"product_cat-cables","8":"product_cat-gaines-cable-connecteurs","9":"product_shipping_class-classe-di-spedizione-01","11":"first","12":"instock","13":"shipping-taxable","14":"purchasable","15":"product-type-simple"},"yoast_head":"<!-- This site is optimized with the Yoast SEO plugin v27.5 - https:\/\/yoast.com\/product\/yoast-seo-wordpress\/ -->\n<title>C\u00e2ble unipolaire en verre-silicone de 1.5 mm<\/title>\n<meta name=\"description\" content=\"C\u00e2ble unipolaire verre-silicone de 1.5 mm - C\u00e2ble noir d\u2019alimentation avec fiche italienne - C\u00e2ble plat 10 p\u00f4les pour po\u00eales et chaudi\u00e8res \u00e0 pellets - Gaine thermor\u00e9tractable pour po\u00eale et chaudi\u00e8re \u00e0 pellets - Connecteur enfichable pour circuit imprim\u00e9 avec \u00e9tape 3,81 mm, 5,08 mm, 7.5 mm pour po\u00eale et chaudi\u00e8re \u00e0 pellets - Gaine en Vetrotex pour po\u00eale et chaudi\u00e8re \u00e0 pellets\" \/>\n<meta name=\"robots\" content=\"index, follow, max-snippet:-1, max-image-preview:large, max-video-preview:-1\" \/>\n<link rel=\"canonical\" href=\"https:\/\/amrtop.net\/ro\/produs\/cable-unipolaire-en-verre-silicone-de-1-5-mm\/\" \/>\n<meta property=\"og:locale\" content=\"ro_RO\" \/>\n<meta property=\"og:type\" content=\"article\" \/>\n<meta property=\"og:title\" content=\"C\u00e2ble unipolaire en verre-silicone de 1.5 mm\" \/>\n<meta property=\"og:description\" content=\"C\u00e2ble unipolaire verre-silicone de 1.5 mm - C\u00e2ble noir d\u2019alimentation avec fiche italienne - C\u00e2ble plat 10 p\u00f4les pour po\u00eales et chaudi\u00e8res \u00e0 pellets - Gaine thermor\u00e9tractable pour po\u00eale et chaudi\u00e8re \u00e0 pellets - Connecteur enfichable pour circuit imprim\u00e9 avec \u00e9tape 3,81 mm, 5,08 mm, 7.5 mm pour po\u00eale et chaudi\u00e8re \u00e0 pellets - Gaine en Vetrotex pour po\u00eale et chaudi\u00e8re \u00e0 pellets\" \/>\n<meta property=\"og:url\" content=\"https:\/\/amrtop.net\/ro\/produs\/cable-unipolaire-en-verre-silicone-de-1-5-mm\/\" \/>\n<meta property=\"og:site_name\" content=\"AMRTOP B2B \u00c9tranger - Achats r\u00e9serv\u00e9s au professionnel\" \/>\n<meta property=\"article:modified_time\" content=\"2023-06-07T14:00:08+00:00\" \/>\n<meta property=\"og:image\" content=\"https:\/\/amrtop.net\/wp-content\/uploads\/2022\/06\/CUV001.jpg\" \/>\n\t<meta property=\"og:image:width\" content=\"640\" \/>\n\t<meta property=\"og:image:height\" content=\"640\" \/>\n\t<meta property=\"og:image:type\" content=\"image\/jpeg\" \/>\n<meta name=\"twitter:card\" content=\"summary_large_image\" \/>\n<meta name=\"twitter:label1\" content=\"Timp estimat pentru citire\" \/>\n\t<meta name=\"twitter:data1\" content=\"1 minut\" \/>\n<script type=\"application\/ld+json\" class=\"yoast-schema-graph\">{\"@context\":\"https:\\\/\\\/schema.org\",\"@graph\":[{\"@type\":\"WebPage\",\"@id\":\"https:\\\/\\\/amrtop.net\\\/produit\\\/cable-unipolaire-en-verre-silicone-de-1-5-mm\\\/\",\"url\":\"https:\\\/\\\/amrtop.net\\\/produit\\\/cable-unipolaire-en-verre-silicone-de-1-5-mm\\\/\",\"name\":\"C\u00e2ble unipolaire en verre-silicone de 1.5 mm\",\"isPartOf\":{\"@id\":\"https:\\\/\\\/amrtop.net\\\/#website\"},\"primaryImageOfPage\":{\"@id\":\"https:\\\/\\\/amrtop.net\\\/produit\\\/cable-unipolaire-en-verre-silicone-de-1-5-mm\\\/#primaryimage\"},\"image\":{\"@id\":\"https:\\\/\\\/amrtop.net\\\/produit\\\/cable-unipolaire-en-verre-silicone-de-1-5-mm\\\/#primaryimage\"},\"thumbnailUrl\":\"https:\\\/\\\/amrtop.net\\\/wp-content\\\/uploads\\\/2022\\\/06\\\/CUV001.jpg\",\"datePublished\":\"2020-10-01T00:00:00+00:00\",\"dateModified\":\"2023-06-07T14:00:08+00:00\",\"description\":\"C\u00e2ble unipolaire verre-silicone de 1.5 mm - C\u00e2ble noir d\u2019alimentation avec fiche italienne - C\u00e2ble plat 10 p\u00f4les pour po\u00eales et chaudi\u00e8res \u00e0 pellets - Gaine thermor\u00e9tractable pour po\u00eale et chaudi\u00e8re \u00e0 pellets - Connecteur enfichable pour circuit imprim\u00e9 avec \u00e9tape 3,81 mm, 5,08 mm, 7.5 mm pour po\u00eale et chaudi\u00e8re \u00e0 pellets - Gaine en Vetrotex pour po\u00eale et chaudi\u00e8re \u00e0 pellets\",\"breadcrumb\":{\"@id\":\"https:\\\/\\\/amrtop.net\\\/produit\\\/cable-unipolaire-en-verre-silicone-de-1-5-mm\\\/#breadcrumb\"},\"inLanguage\":\"ro-RO\",\"potentialAction\":[{\"@type\":\"ReadAction\",\"target\":[\"https:\\\/\\\/amrtop.net\\\/produit\\\/cable-unipolaire-en-verre-silicone-de-1-5-mm\\\/\"]}]},{\"@type\":\"ImageObject\",\"inLanguage\":\"ro-RO\",\"@id\":\"https:\\\/\\\/amrtop.net\\\/produit\\\/cable-unipolaire-en-verre-silicone-de-1-5-mm\\\/#primaryimage\",\"url\":\"https:\\\/\\\/amrtop.net\\\/wp-content\\\/uploads\\\/2022\\\/06\\\/CUV001.jpg\",\"contentUrl\":\"https:\\\/\\\/amrtop.net\\\/wp-content\\\/uploads\\\/2022\\\/06\\\/CUV001.jpg\",\"width\":640,\"height\":640,\"caption\":\"C\u00e2ble unipolaire verre-silicone de 1.5 mm - C\u00e2ble noir d\u2019alimentation avec fiche italienne - C\u00e2ble plat 10 p\u00f4les pour po\u00eales et chaudi\u00e8res \u00e0 pellets - Gaine thermor\u00e9tractable pour po\u00eale et chaudi\u00e8re \u00e0 pellets - Connecteur enfichable pour circuit imprim\u00e9 avec \u00e9tape 3,81 mm, 5,08 mm, 7.5 mm pour po\u00eale et chaudi\u00e8re \u00e0 pellets - Gaine en Vetrotex pour po\u00eale et chaudi\u00e8re \u00e0 pellets\"},{\"@type\":\"BreadcrumbList\",\"@id\":\"https:\\\/\\\/amrtop.net\\\/produit\\\/cable-unipolaire-en-verre-silicone-de-1-5-mm\\\/#breadcrumb\",\"itemListElement\":[{\"@type\":\"ListItem\",\"position\":1,\"name\":\"Home\",\"item\":\"https:\\\/\\\/amrtop.net\\\/\"},{\"@type\":\"ListItem\",\"position\":2,\"name\":\"Shop\",\"item\":\"https:\\\/\\\/amrtop.net\\\/negozio\\\/\"},{\"@type\":\"ListItem\",\"position\":3,\"name\":\"C\u00e2ble unipolaire en vetrotex &#8211; Code CUV001\"}]},{\"@type\":\"WebSite\",\"@id\":\"https:\\\/\\\/amrtop.net\\\/#website\",\"url\":\"https:\\\/\\\/amrtop.net\\\/\",\"name\":\"AMRTOP B2B \u00c9tranger - Achats r\u00e9serv\u00e9s au professionnel\",\"description\":\"Pi\u00e8ces de rechange et accessoires pour po\u00eales et chaudi\u00e8res - eCommerce B2B pour Clients Professionnels\",\"potentialAction\":[{\"@type\":\"SearchAction\",\"target\":{\"@type\":\"EntryPoint\",\"urlTemplate\":\"https:\\\/\\\/amrtop.net\\\/?s={search_term_string}\"},\"query-input\":{\"@type\":\"PropertyValueSpecification\",\"valueRequired\":true,\"valueName\":\"search_term_string\"}}],\"inLanguage\":\"ro-RO\"}]}<\/script>\n<!-- \/ Yoast SEO plugin. -->","yoast_head_json":{"title":"C\u00e2ble unipolaire en verre-silicone de 1.5 mm","description":"Cablu unipolar din sticl\u0103-silicon de 1,5 mm - Cablu de alimentare negru cu fi\u0219\u0103 italian\u0103 - Cablu plat cu 10 poli pentru sobe \u0219i cazane pe pele\u021bi - \u021aeav\u0103 termocontractabil\u0103 pentru sobe \u0219i cazane pe pele\u021bi - Conector cu fi\u0219\u0103 pentru circuit imprimat cu pas de 3,81 mm, 5,08 mm, 7,5 mm pentru sobe \u0219i cazane pe pele\u021bi - \u021aeav\u0103 Vetrotex pentru sobe \u0219i cazane pe pele\u021bi","robots":{"index":"index","follow":"follow","max-snippet":"max-snippet:-1","max-image-preview":"max-image-preview:large","max-video-preview":"max-video-preview:-1"},"canonical":"https:\/\/amrtop.net\/ro\/produs\/cable-unipolaire-en-verre-silicone-de-1-5-mm\/","og_locale":"ro_RO","og_type":"article","og_title":"C\u00e2ble unipolaire en verre-silicone de 1.5 mm","og_description":"C\u00e2ble unipolaire verre-silicone de 1.5 mm - C\u00e2ble noir d\u2019alimentation avec fiche italienne - C\u00e2ble plat 10 p\u00f4les pour po\u00eales et chaudi\u00e8res \u00e0 pellets - Gaine thermor\u00e9tractable pour po\u00eale et chaudi\u00e8re \u00e0 pellets - Connecteur enfichable pour circuit imprim\u00e9 avec \u00e9tape 3,81 mm, 5,08 mm, 7.5 mm pour po\u00eale et chaudi\u00e8re \u00e0 pellets - Gaine en Vetrotex pour po\u00eale et chaudi\u00e8re \u00e0 pellets","og_url":"https:\/\/amrtop.net\/ro\/produs\/cable-unipolaire-en-verre-silicone-de-1-5-mm\/","og_site_name":"AMRTOP B2B \u00c9tranger - Achats r\u00e9serv\u00e9s au professionnel","article_modified_time":"2023-06-07T14:00:08+00:00","og_image":[{"width":640,"height":640,"url":"https:\/\/amrtop.net\/wp-content\/uploads\/2022\/06\/CUV001.jpg","type":"image\/jpeg"}],"twitter_card":"summary_large_image","twitter_misc":{"Timp estimat pentru citire":"1 minut"},"schema":{"@context":"https:\/\/schema.org","@graph":[{"@type":"WebPage","@id":"https:\/\/amrtop.net\/produit\/cable-unipolaire-en-verre-silicone-de-1-5-mm\/","url":"https:\/\/amrtop.net\/produit\/cable-unipolaire-en-verre-silicone-de-1-5-mm\/","name":"C\u00e2ble unipolaire en verre-silicone de 1.5 mm","isPartOf":{"@id":"https:\/\/amrtop.net\/#website"},"primaryImageOfPage":{"@id":"https:\/\/amrtop.net\/produit\/cable-unipolaire-en-verre-silicone-de-1-5-mm\/#primaryimage"},"image":{"@id":"https:\/\/amrtop.net\/produit\/cable-unipolaire-en-verre-silicone-de-1-5-mm\/#primaryimage"},"thumbnailUrl":"https:\/\/amrtop.net\/wp-content\/uploads\/2022\/06\/CUV001.jpg","datePublished":"2020-10-01T00:00:00+00:00","dateModified":"2023-06-07T14:00:08+00:00","description":"Cablu unipolar din sticl\u0103-silicon de 1,5 mm - Cablu de alimentare negru cu fi\u0219\u0103 italian\u0103 - Cablu plat cu 10 poli pentru sobe \u0219i cazane pe pele\u021bi - \u021aeav\u0103 termocontractabil\u0103 pentru sobe \u0219i cazane pe pele\u021bi - Conector cu fi\u0219\u0103 pentru circuit imprimat cu pas de 3,81 mm, 5,08 mm, 7,5 mm pentru sobe \u0219i cazane pe pele\u021bi - \u021aeav\u0103 Vetrotex pentru sobe \u0219i cazane pe pele\u021bi","breadcrumb":{"@id":"https:\/\/amrtop.net\/produit\/cable-unipolaire-en-verre-silicone-de-1-5-mm\/#breadcrumb"},"inLanguage":"ro-RO","potentialAction":[{"@type":"ReadAction","target":["https:\/\/amrtop.net\/produit\/cable-unipolaire-en-verre-silicone-de-1-5-mm\/"]}]},{"@type":"ImageObject","inLanguage":"ro-RO","@id":"https:\/\/amrtop.net\/produit\/cable-unipolaire-en-verre-silicone-de-1-5-mm\/#primaryimage","url":"https:\/\/amrtop.net\/wp-content\/uploads\/2022\/06\/CUV001.jpg","contentUrl":"https:\/\/amrtop.net\/wp-content\/uploads\/2022\/06\/CUV001.jpg","width":640,"height":640,"caption":"C\u00e2ble unipolaire verre-silicone de 1.5 mm - C\u00e2ble noir d\u2019alimentation avec fiche italienne - C\u00e2ble plat 10 p\u00f4les pour po\u00eales et chaudi\u00e8res \u00e0 pellets - Gaine thermor\u00e9tractable pour po\u00eale et chaudi\u00e8re \u00e0 pellets - Connecteur enfichable pour circuit imprim\u00e9 avec \u00e9tape 3,81 mm, 5,08 mm, 7.5 mm pour po\u00eale et chaudi\u00e8re \u00e0 pellets - Gaine en Vetrotex pour po\u00eale et chaudi\u00e8re \u00e0 pellets"},{"@type":"BreadcrumbList","@id":"https:\/\/amrtop.net\/produit\/cable-unipolaire-en-verre-silicone-de-1-5-mm\/#breadcrumb","itemListElement":[{"@type":"ListItem","position":1,"name":"Home","item":"https:\/\/amrtop.net\/"},{"@type":"ListItem","position":2,"name":"Shop","item":"https:\/\/amrtop.net\/negozio\/"},{"@type":"ListItem","position":3,"name":"C\u00e2ble unipolaire en vetrotex &#8211; Code CUV001"}]},{"@type":"WebSite","@id":"https:\/\/amrtop.net\/#website","url":"https:\/\/amrtop.net\/","name":"AMRTOP B2B Abroad - Achizi\u021bii rezervate profesioni\u0219tilor","description":"Piese de schimb \u0219i accesorii pentru sobe \u0219i cazane - eCommerce B2B pentru clien\u021bi profesioni\u0219ti","potentialAction":[{"@type":"SearchAction","target":{"@type":"EntryPoint","urlTemplate":"https:\/\/amrtop.net\/?s={search_term_string}"},"query-input":{"@type":"PropertyValueSpecification","valueRequired":true,"valueName":"search_term_string"}}],"inLanguage":"ro-RO"}]}},"_links":{"self":[{"href":"https:\/\/amrtop.net\/ro\/wp-json\/wp\/v2\/product\/20872","targetHints":{"allow":["GET"]}}],"collection":[{"href":"https:\/\/amrtop.net\/ro\/wp-json\/wp\/v2\/product"}],"about":[{"href":"https:\/\/amrtop.net\/ro\/wp-json\/wp\/v2\/types\/product"}],"replies":[{"embeddable":true,"href":"https:\/\/amrtop.net\/ro\/wp-json\/wp\/v2\/comments?post=20872"}],"wp:featuredmedia":[{"embeddable":true,"href":"https:\/\/amrtop.net\/ro\/wp-json\/wp\/v2\/media\/33705"}],"wp:attachment":[{"href":"https:\/\/amrtop.net\/ro\/wp-json\/wp\/v2\/media?parent=20872"}],"wp:term":[{"taxonomy":"product_brand","embeddable":true,"href":"https:\/\/amrtop.net\/ro\/wp-json\/wp\/v2\/product_brand?post=20872"},{"taxonomy":"product_cat","embeddable":true,"href":"https:\/\/amrtop.net\/ro\/wp-json\/wp\/v2\/product_cat?post=20872"},{"taxonomy":"product_tag","embeddable":true,"href":"https:\/\/amrtop.net\/ro\/wp-json\/wp\/v2\/product_tag?post=20872"}],"curies":[{"name":"wp","href":"https:\/\/api.w.org\/{rel}","templated":true}]}}