{"id":20875,"date":"2020-10-01T00:00:00","date_gmt":"2020-10-01T00:00:00","guid":{"rendered":"https:\/\/amrtop.com\/B2B\/?post_type=product&#038;p=20875"},"modified":"2023-06-07T08:47:11","modified_gmt":"2023-06-07T08:47:11","slug":"cable-dalimentation-noir-avec-fiche-italienne-code-cda002","status":"publish","type":"product","link":"https:\/\/amrtop.net\/ro\/produit\/cable-dalimentation-noir-avec-fiche-italienne-code-cda002\/","title":{"rendered":"Cablu de alimentare negru cu muf\u0103 italian\u0103 - Cod CDA002"},"content":{"rendered":"<hr \/>\n<h3>C\u00e2ble d\u2019alimentation noir avec prise italienne<\/h3>\n<div class=\"vc_row wpb_row vc_inner row\">\n<div class=\"vc_column_container col-md-8\">\n<div class=\"wpb_wrapper vc_column-inner\">\n<div class=\"wpb_text_column wpb_content_element\">\n<div class=\"wpb_wrapper\">\n<p>Qu\u2019est-ce que le c\u00e2ble d\u2019alimentation avec prise italienne?<\/p>\n<p><strong>C\u2019est un c\u00e2ble avec prise moul\u00e9e sous pression<\/strong> et est utilis\u00e9 pour connecter un appareil \u00e0 l\u2019alimentation, une prise murale ou volant , et ainsi permettre le passage de courant.<\/p>\n<p>Selon les besoins, ils peuvent \u00eatre connect\u00e9s en permanence \u00e0 l\u2019int\u00e9rieur de l\u2019\u00e9quipement ou m\u00eame amovibles s\u2019ils sont connect\u00e9s via un connecteur IEC.<\/p>\n<p>Les 3 parties principales des c\u00e2bles d\u2019alimentation:<\/p>\n<p>C\u00e2ble \u00e9lectrique<br \/>\nC\u00f4t\u00e9 \u00e9pine<br \/>\nPrise<br \/>\nLe <strong>c\u00e2ble \u00e9lectrique<\/strong> est constitu\u00e9 d\u2019un ou plusieurs faisceaux de conducteurs (cuivre ou aluminium), rev\u00eatus d\u2019un mat\u00e9riau isolant et d\u2019une gaine pour le prot\u00e9ger des chocs. La section et la port\u00e9e d\u2019un c\u00e2ble sont d\u00e9finies en fonction du nombre de noyaux (conducteurs) et de leur taille.<\/p>\n<p><strong>C\u00f4t\u00e9 fiche<\/strong>, c\u2019est la partie de c\u00e2ble avec <strong>fiche moul\u00e9e<\/strong> qui se connecte directement \u00e0 l\u2019alimentation. Selon le march\u00e9, il existe diff\u00e9rents types de prises que nous verrons plus loin.<\/p>\n<p><strong>Le c\u00f4t\u00e9 de la prise,<\/strong> est le c\u00f4t\u00e9 qui est connect\u00e9 \u00e0 l\u2019appareil et peut \u00eatre connect\u00e9 directement \u00e0 l\u2019int\u00e9rieur, par c\u00e2blage, ou pr\u00e9senter un connecteur femelle IEC \u00e0 connecter \u00e0 une prise pr\u00e9sente sur l\u2019appareil.<\/p>\n<p><strong>Utilisation du c\u00e2ble d\u2019alimentation noir avec prise italienne<\/strong><\/p>\n<p>Les c\u00e2bles d\u2019alimentation sont utilis\u00e9s dans tous les appareils \u00e9lectroniques de chauffage tels que les po\u00eales et les chaudi\u00e8res \u00e0 pellets, les bols, les grignons et les noix, les appareils m\u00e9nagers, les outils \u00e9lectriques, etc&#8230;.<\/p>\n<\/div>\n<\/div>\n<\/div>\n<\/div>\n<\/div>\n<div class=\"wpb_text_column wpb_content_element\">\n<div class=\"wpb_wrapper\">\n<h3><strong>Interior<\/strong><\/h3>\n<p><a href=\"https:\/\/wekos.it\/\">Sobe, aragazuri \u0219i aragazuri pe lemne<\/a>\u00a0-\u00a0<a href=\"https:\/\/www.greenpuros.com\/\">\u0219eminee, sobe \u0219i cazane pe pele\u021bi.<\/a><\/p>\n<h3><strong>Gama Amrtop de piese de schimb \u0219i accesorii<\/strong><\/h3>\n<\/div>\n<\/div>\n<div class=\"wpb_text_column wpb_content_element\">\n<div class=\"wpb_wrapper\">\n<p><a href=\"https:\/\/amrtop.net\/ro\/categoria-de-produse\/piese-de-schimb-sobe-si-cazane-de-gatit-si-cazane-mixte-2\/bougies-dallumage-pour-poeles-et-chaudieres-a-pellets\/\">Bujii incandescente<\/a><\/p>\n<p><a href=\"https:\/\/amrtop.net\/ro\/categoria-de-produse\/piese-de-schimb-sobe-si-cazane-de-gatit-si-cazane-mixte-2\/electronique\/\">Electronic\u0103<\/a><\/p>\n<p><a href=\"https:\/\/amrtop.net\/ro\/categoria-de-produse\/piese-de-schimb-sobe-si-cazane-de-gatit-si-cazane-mixte-2\/extracteurs-de-fumee\/\">Extractoare de fum<\/a><\/p>\n<p><a href=\"https:\/\/amrtop.net\/ro\/categoria-de-produse\/piese-de-schimb-sobe-si-cazane-de-gatit-si-cazane-mixte-2\/gaines-cable-connecteurs\/\">Teci de cablu conector<\/a><\/p>\n<p><a href=\"https:\/\/amrtop.net\/ro\/categoria-de-produse\/piese-de-schimb-sobe-si-cazane-de-gatit-si-cazane-mixte-2\/joints-de-silicone\/\">Garnituri de silicon<\/a><\/p>\n<p><a href=\"https:\/\/amrtop.net\/ro\/categoria-de-produse\/piese-de-schimb-sobe-si-cazane-de-gatit-si-cazane-mixte-2\/motoreducteurs\/\">Motoare cu angrenaje<\/a><\/p>\n<p><a href=\"https:\/\/amrtop.net\/ro\/categoria-de-produse\/piese-de-schimb-sobe-si-cazane-de-gatit-si-cazane-mixte-2\/pressostats-et-transducteurs\/\">Presostate \u0219i traductoare de presiune<\/a><\/p>\n<p><a href=\"https:\/\/amrtop.net\/ro\/categoria-de-produse\/piese-de-schimb-sobe-si-cazane-de-gatit-si-cazane-mixte-2\/sondes-thermostats-manometres-thermometres\/\">Sonde termostate manometre termometre termometre<\/a><\/p>\n<p><a href=\"https:\/\/amrtop.net\/ro\/categoria-de-produse\/piese-de-schimb-sobe-si-cazane-de-gatit-si-cazane-mixte-2\/joints-detancheite\/\">Tricotaje de etan\u0219are<\/a><\/p>\n<p><a href=\"https:\/\/amrtop.net\/ro\/categoria-de-produse\/piese-de-schimb-sobe-si-cazane-de-gatit-si-cazane-mixte-2\/ventilateurs-centrifuges-pour-poeles-a-pellets\/\">Ventilatoare centrifuge<\/a><\/p>\n<p><a href=\"https:\/\/amrtop.net\/ro\/categoria-de-produse\/piese-de-schimb-sobe-si-cazane-de-gatit-si-cazane-mixte-2\/ventilateurs-tangentiels-flux-transversal\/\">Ventilatoare cu flux \u00eencruci\u0219at<\/a><\/p>\n<p><a href=\"https:\/\/amrtop.net\/ro\/categoria-de-produse\/piese-de-schimb-sobe-si-cazane-de-gatit-si-cazane-mixte-2\/adhesifs-et-produits-detancheite\/\">Adezivi \u0219i materiale de etan\u0219are<\/a><\/p>\n<p>Personalul de la\u00a0<strong>Amrtop<\/strong>\u00a0a fost instruit cu aten\u021bie pentru a v\u0103 ajuta s\u0103 identifica\u021bi piesele de schimb pe care ar putea fi necesar s\u0103 le \u00eenlocui\u021bi, iar asisten\u021ba telefonic\u0103 este disponibil\u0103 \u00een limbile englez\u0103, francez\u0103, rom\u00e2n\u0103 \u0219i italian\u0103.<br \/>\nNu ezita\u021bi s\u0103 ne contacta\u021bi.<\/p>\n<\/div>\n<\/div>","protected":false},"excerpt":{"rendered":"<hr \/>\n<h2><span style=\"color: #008000\">Disponibil la<\/span><\/h2>\n<hr \/>\n<h3>C\u00e2ble d\u2019alimentation noir avec prise italienne<\/h3>\n<p>Code CDA002<\/p>\n<p>C\u00e2ble d\u2019alimentation noir avec prise italienne<br \/>\nDiam\u00e8tre de section\u00a0: 3 x 0,75 mm\u00b2<br \/>\nCourant maximal\u00a0: 10 A<br \/>\nCaract\u00e9ristiques du c\u00e2ble\u00a0: H03VV-F3G X 0.75 mm\u00b2<br \/>\nLongueur : 2.0 m\u00e8tres<br \/>\nType de prise\u00a0: VDE<\/p>","protected":false},"featured_media":35716,"comment_status":"open","ping_status":"closed","template":"","meta":[],"product_brand":[],"product_cat":[1418,1417,1412],"product_tag":[],"class_list":{"0":"post-20875","1":"product","2":"type-product","3":"status-publish","4":"has-post-thumbnail","6":"product_cat-cable-unipolaire-en-vetrotex-et-silicone","7":"product_cat-cables","8":"product_cat-gaines-cable-connecteurs","9":"product_shipping_class-classe-di-spedizione-01","11":"first","12":"instock","13":"shipping-taxable","14":"product-type-simple"},"yoast_head":"<!-- This site is optimized with the Yoast SEO plugin v27.5 - https:\/\/yoast.com\/product\/yoast-seo-wordpress\/ -->\n<title>C\u00e2ble d\u2019alimentation noir avec prise italienne<\/title>\n<meta name=\"description\" content=\"C\u00e2ble d\u2019alimentation noir avec prise italienne-C\u00e2ble d\u2019alimentation noir avec prise italienne po\u00eales et chaudi\u00e8res \u00e0 pellets\" \/>\n<meta name=\"robots\" content=\"index, follow, max-snippet:-1, max-image-preview:large, max-video-preview:-1\" \/>\n<link rel=\"canonical\" href=\"https:\/\/amrtop.net\/ro\/produs\/cable-dalimentation-noir-avec-fiche-italienne-code-cda002\/\" \/>\n<meta property=\"og:locale\" content=\"ro_RO\" \/>\n<meta property=\"og:type\" content=\"article\" \/>\n<meta property=\"og:title\" content=\"C\u00e2ble d\u2019alimentation noir avec prise italienne\" \/>\n<meta property=\"og:description\" content=\"C\u00e2ble d\u2019alimentation noir avec prise italienne-C\u00e2ble d\u2019alimentation noir avec prise italienne po\u00eales et chaudi\u00e8res \u00e0 pellets\" \/>\n<meta property=\"og:url\" content=\"https:\/\/amrtop.net\/ro\/produs\/cable-dalimentation-noir-avec-fiche-italienne-code-cda002\/\" \/>\n<meta property=\"og:site_name\" content=\"AMRTOP B2B \u00c9tranger - Achats r\u00e9serv\u00e9s au professionnel\" \/>\n<meta property=\"article:modified_time\" content=\"2023-06-07T08:47:11+00:00\" \/>\n<meta property=\"og:image\" content=\"https:\/\/amrtop.net\/wp-content\/uploads\/2020\/10\/presa-italiana.jpg\" \/>\n\t<meta property=\"og:image:width\" content=\"960\" \/>\n\t<meta property=\"og:image:height\" content=\"960\" \/>\n\t<meta property=\"og:image:type\" content=\"image\/jpeg\" \/>\n<meta name=\"twitter:card\" content=\"summary_large_image\" \/>\n<meta name=\"twitter:label1\" content=\"Timp estimat pentru citire\" \/>\n\t<meta name=\"twitter:data1\" content=\"1 minut\" \/>\n<script type=\"application\/ld+json\" class=\"yoast-schema-graph\">{\"@context\":\"https:\\\/\\\/schema.org\",\"@graph\":[{\"@type\":\"WebPage\",\"@id\":\"https:\\\/\\\/amrtop.net\\\/produit\\\/cable-dalimentation-noir-avec-fiche-italienne-code-cda002\\\/\",\"url\":\"https:\\\/\\\/amrtop.net\\\/produit\\\/cable-dalimentation-noir-avec-fiche-italienne-code-cda002\\\/\",\"name\":\"C\u00e2ble d\u2019alimentation noir avec prise italienne\",\"isPartOf\":{\"@id\":\"https:\\\/\\\/amrtop.net\\\/#website\"},\"primaryImageOfPage\":{\"@id\":\"https:\\\/\\\/amrtop.net\\\/produit\\\/cable-dalimentation-noir-avec-fiche-italienne-code-cda002\\\/#primaryimage\"},\"image\":{\"@id\":\"https:\\\/\\\/amrtop.net\\\/produit\\\/cable-dalimentation-noir-avec-fiche-italienne-code-cda002\\\/#primaryimage\"},\"thumbnailUrl\":\"https:\\\/\\\/amrtop.net\\\/wp-content\\\/uploads\\\/2020\\\/10\\\/presa-italiana.jpg\",\"datePublished\":\"2020-10-01T00:00:00+00:00\",\"dateModified\":\"2023-06-07T08:47:11+00:00\",\"description\":\"C\u00e2ble d\u2019alimentation noir avec prise italienne-C\u00e2ble d\u2019alimentation noir avec prise italienne po\u00eales et chaudi\u00e8res \u00e0 pellets\",\"breadcrumb\":{\"@id\":\"https:\\\/\\\/amrtop.net\\\/produit\\\/cable-dalimentation-noir-avec-fiche-italienne-code-cda002\\\/#breadcrumb\"},\"inLanguage\":\"ro-RO\",\"potentialAction\":[{\"@type\":\"ReadAction\",\"target\":[\"https:\\\/\\\/amrtop.net\\\/produit\\\/cable-dalimentation-noir-avec-fiche-italienne-code-cda002\\\/\"]}]},{\"@type\":\"ImageObject\",\"inLanguage\":\"ro-RO\",\"@id\":\"https:\\\/\\\/amrtop.net\\\/produit\\\/cable-dalimentation-noir-avec-fiche-italienne-code-cda002\\\/#primaryimage\",\"url\":\"https:\\\/\\\/amrtop.net\\\/wp-content\\\/uploads\\\/2020\\\/10\\\/presa-italiana.jpg\",\"contentUrl\":\"https:\\\/\\\/amrtop.net\\\/wp-content\\\/uploads\\\/2020\\\/10\\\/presa-italiana.jpg\",\"width\":960,\"height\":960,\"caption\":\"C\u00e2ble d\u2019alimentation noir avec prise italienne-C\u00e2ble d\u2019alimentation noir avec prise italienne po\u00eales et chaudi\u00e8res \u00e0 pellets\"},{\"@type\":\"BreadcrumbList\",\"@id\":\"https:\\\/\\\/amrtop.net\\\/produit\\\/cable-dalimentation-noir-avec-fiche-italienne-code-cda002\\\/#breadcrumb\",\"itemListElement\":[{\"@type\":\"ListItem\",\"position\":1,\"name\":\"Home\",\"item\":\"https:\\\/\\\/amrtop.net\\\/\"},{\"@type\":\"ListItem\",\"position\":2,\"name\":\"Shop\",\"item\":\"https:\\\/\\\/amrtop.net\\\/negozio\\\/\"},{\"@type\":\"ListItem\",\"position\":3,\"name\":\"C\u00e2ble d\u2019alimentation noir avec fiche italienne &#8211; Code CDA002\"}]},{\"@type\":\"WebSite\",\"@id\":\"https:\\\/\\\/amrtop.net\\\/#website\",\"url\":\"https:\\\/\\\/amrtop.net\\\/\",\"name\":\"AMRTOP B2B \u00c9tranger - Achats r\u00e9serv\u00e9s au professionnel\",\"description\":\"Pi\u00e8ces de rechange et accessoires pour po\u00eales et chaudi\u00e8res - eCommerce B2B pour Clients Professionnels\",\"potentialAction\":[{\"@type\":\"SearchAction\",\"target\":{\"@type\":\"EntryPoint\",\"urlTemplate\":\"https:\\\/\\\/amrtop.net\\\/?s={search_term_string}\"},\"query-input\":{\"@type\":\"PropertyValueSpecification\",\"valueRequired\":true,\"valueName\":\"search_term_string\"}}],\"inLanguage\":\"ro-RO\"}]}<\/script>\n<!-- \/ Yoast SEO plugin. -->","yoast_head_json":{"title":"C\u00e2ble d\u2019alimentation noir avec prise italienne","description":"Cablu de alimentare negru cu muf\u0103 italian\u0103-Cablu de alimentare negru cu muf\u0103 italian\u0103 Sobe \u0219i cazane pe pele\u021bi","robots":{"index":"index","follow":"follow","max-snippet":"max-snippet:-1","max-image-preview":"max-image-preview:large","max-video-preview":"max-video-preview:-1"},"canonical":"https:\/\/amrtop.net\/ro\/produs\/cable-dalimentation-noir-avec-fiche-italienne-code-cda002\/","og_locale":"ro_RO","og_type":"article","og_title":"C\u00e2ble d\u2019alimentation noir avec prise italienne","og_description":"C\u00e2ble d\u2019alimentation noir avec prise italienne-C\u00e2ble d\u2019alimentation noir avec prise italienne po\u00eales et chaudi\u00e8res \u00e0 pellets","og_url":"https:\/\/amrtop.net\/ro\/produs\/cable-dalimentation-noir-avec-fiche-italienne-code-cda002\/","og_site_name":"AMRTOP B2B \u00c9tranger - Achats r\u00e9serv\u00e9s au professionnel","article_modified_time":"2023-06-07T08:47:11+00:00","og_image":[{"width":960,"height":960,"url":"https:\/\/amrtop.net\/wp-content\/uploads\/2020\/10\/presa-italiana.jpg","type":"image\/jpeg"}],"twitter_card":"summary_large_image","twitter_misc":{"Timp estimat pentru citire":"1 minut"},"schema":{"@context":"https:\/\/schema.org","@graph":[{"@type":"WebPage","@id":"https:\/\/amrtop.net\/produit\/cable-dalimentation-noir-avec-fiche-italienne-code-cda002\/","url":"https:\/\/amrtop.net\/produit\/cable-dalimentation-noir-avec-fiche-italienne-code-cda002\/","name":"C\u00e2ble d\u2019alimentation noir avec prise italienne","isPartOf":{"@id":"https:\/\/amrtop.net\/#website"},"primaryImageOfPage":{"@id":"https:\/\/amrtop.net\/produit\/cable-dalimentation-noir-avec-fiche-italienne-code-cda002\/#primaryimage"},"image":{"@id":"https:\/\/amrtop.net\/produit\/cable-dalimentation-noir-avec-fiche-italienne-code-cda002\/#primaryimage"},"thumbnailUrl":"https:\/\/amrtop.net\/wp-content\/uploads\/2020\/10\/presa-italiana.jpg","datePublished":"2020-10-01T00:00:00+00:00","dateModified":"2023-06-07T08:47:11+00:00","description":"Cablu de alimentare negru cu muf\u0103 italian\u0103-Cablu de alimentare negru cu muf\u0103 italian\u0103 Sobe \u0219i cazane pe pele\u021bi","breadcrumb":{"@id":"https:\/\/amrtop.net\/produit\/cable-dalimentation-noir-avec-fiche-italienne-code-cda002\/#breadcrumb"},"inLanguage":"ro-RO","potentialAction":[{"@type":"ReadAction","target":["https:\/\/amrtop.net\/produit\/cable-dalimentation-noir-avec-fiche-italienne-code-cda002\/"]}]},{"@type":"ImageObject","inLanguage":"ro-RO","@id":"https:\/\/amrtop.net\/produit\/cable-dalimentation-noir-avec-fiche-italienne-code-cda002\/#primaryimage","url":"https:\/\/amrtop.net\/wp-content\/uploads\/2020\/10\/presa-italiana.jpg","contentUrl":"https:\/\/amrtop.net\/wp-content\/uploads\/2020\/10\/presa-italiana.jpg","width":960,"height":960,"caption":"C\u00e2ble d\u2019alimentation noir avec prise italienne-C\u00e2ble d\u2019alimentation noir avec prise italienne po\u00eales et chaudi\u00e8res \u00e0 pellets"},{"@type":"BreadcrumbList","@id":"https:\/\/amrtop.net\/produit\/cable-dalimentation-noir-avec-fiche-italienne-code-cda002\/#breadcrumb","itemListElement":[{"@type":"ListItem","position":1,"name":"Home","item":"https:\/\/amrtop.net\/"},{"@type":"ListItem","position":2,"name":"Shop","item":"https:\/\/amrtop.net\/negozio\/"},{"@type":"ListItem","position":3,"name":"C\u00e2ble d\u2019alimentation noir avec fiche italienne &#8211; Code CDA002"}]},{"@type":"WebSite","@id":"https:\/\/amrtop.net\/#website","url":"https:\/\/amrtop.net\/","name":"AMRTOP B2B Abroad - Achizi\u021bii rezervate profesioni\u0219tilor","description":"Piese de schimb \u0219i accesorii pentru sobe \u0219i cazane - eCommerce B2B pentru clien\u021bi profesioni\u0219ti","potentialAction":[{"@type":"SearchAction","target":{"@type":"EntryPoint","urlTemplate":"https:\/\/amrtop.net\/?s={search_term_string}"},"query-input":{"@type":"PropertyValueSpecification","valueRequired":true,"valueName":"search_term_string"}}],"inLanguage":"ro-RO"}]}},"_links":{"self":[{"href":"https:\/\/amrtop.net\/ro\/wp-json\/wp\/v2\/product\/20875","targetHints":{"allow":["GET"]}}],"collection":[{"href":"https:\/\/amrtop.net\/ro\/wp-json\/wp\/v2\/product"}],"about":[{"href":"https:\/\/amrtop.net\/ro\/wp-json\/wp\/v2\/types\/product"}],"replies":[{"embeddable":true,"href":"https:\/\/amrtop.net\/ro\/wp-json\/wp\/v2\/comments?post=20875"}],"wp:featuredmedia":[{"embeddable":true,"href":"https:\/\/amrtop.net\/ro\/wp-json\/wp\/v2\/media\/35716"}],"wp:attachment":[{"href":"https:\/\/amrtop.net\/ro\/wp-json\/wp\/v2\/media?parent=20875"}],"wp:term":[{"taxonomy":"product_brand","embeddable":true,"href":"https:\/\/amrtop.net\/ro\/wp-json\/wp\/v2\/product_brand?post=20875"},{"taxonomy":"product_cat","embeddable":true,"href":"https:\/\/amrtop.net\/ro\/wp-json\/wp\/v2\/product_cat?post=20875"},{"taxonomy":"product_tag","embeddable":true,"href":"https:\/\/amrtop.net\/ro\/wp-json\/wp\/v2\/product_tag?post=20875"}],"curies":[{"name":"wp","href":"https:\/\/api.w.org\/{rel}","templated":true}]}}