{"id":20877,"date":"2020-10-01T00:00:00","date_gmt":"2020-10-01T00:00:00","guid":{"rendered":"https:\/\/amrtop.com\/B2B\/?post_type=product&#038;p=20877"},"modified":"2023-06-06T13:20:08","modified_gmt":"2023-06-06T13:20:08","slug":"cable-plat-avec-connecteur-a-14-poles-de-110-mm-code-cft002","status":"publish","type":"product","link":"https:\/\/amrtop.net\/ro\/produit\/cable-plat-avec-connecteur-a-14-poles-de-110-mm-code-cft002\/","title":{"rendered":"C\u00e2ble plat avec connecteur \u00e0 14 p\u00f4les de 110 mm &#8211; Code CFT002"},"content":{"rendered":"<hr \/>\n<h3>C\u00e2ble plat 14 p\u00f4les pour po\u00eales et chaudi\u00e8res \u00e0 pellets<\/h3>\n<p>En plus de proposer des cartes \u00e9lectroniques, des \u00e9crans et de nombreux autres composants,\u00a0<strong>Amrtop<\/strong>\u00a0propose toute une gamme d\u2019accessoires.<\/p>\n<p>Qu\u2019est-ce qu\u2019un c\u00e2ble plat ? Un\u00a0<strong>c\u00e2ble \u00e0 bande<\/strong>\u00a0(\u00e9galement appel\u00e9\u00a0<strong>c\u00e2ble plat<\/strong>\u00a0ou\u00a0<strong>plat avec terminaisons<\/strong>) est un c\u00e2ble avec de nombreux fils conducteurs parall\u00e8les les uns aux autres sur le m\u00eame plan. Le c\u00e2ble est donc large et plat.<br \/>\nLes c\u00e2bles \u00e0 bande (ou c\u00e2bles plats) sont g\u00e9n\u00e9ralement utilis\u00e9s pour le transfert de signaux \u00e9lectriques num\u00e9riques \u00e0 l\u2019int\u00e9rieur des ordinateurs, des p\u00e9riph\u00e9riques qui y sont connect\u00e9s et de nombreux autres \u00e9quipements fonctionnant avec des signaux num\u00e9riques.<br \/>\nLa m\u00e9thode adopt\u00e9e pour la fixation des bornes est d\u00e9finie \u00e0 la perforation d\u2019isolation.<\/p>\n<p>Les c\u00e2bles \u00e0 bande offerts par Amrtop (ou c\u00e2bles plats) sont g\u00e9n\u00e9ralement utilis\u00e9s et install\u00e9s sur les po\u00eales et chaudi\u00e8res \u00e0 pellets, copeaux, noisettes, grignons etc\u2026 pour le transfert de signaux \u00e9lectriques num\u00e9riques entre la carte \u00e9lectronique et l\u2019affichage dans ce cas, dans d\u2019autres cas, ils peuvent \u00eatre connect\u00e9s dans de nombreux autres \u00e9quipements fonctionnant avec des signaux num\u00e9riques. La m\u00e9thode adopt\u00e9e pour la fixation des bornes est d\u00e9finie \u00e0 la perforation d\u2019isolation.<\/p>\n<h3>Utilisation du c\u00e2ble plat 14 p\u00f4les pour po\u00eales et chaudi\u00e8res \u00e0 pellets<\/h3>\n<p>Dans le secteur des appareils \u00e0 pellets, le c\u00e2ble plat est normalement pr\u00e9sent sur tous les po\u00eales et chaudi\u00e8res.<\/p>\n<p>Sa fonction est de transf\u00e9rer les donn\u00e9es normalement dans la m\u00e9moire de la carte \u00e9lectronique et d\u2019activer et de r\u00e9gler les diff\u00e9rents composants qui composent tous les syst\u00e8mes de biomasse<\/p>\n<h3><strong>Interior<\/strong><\/h3>\n<p><a href=\"https:\/\/wekos.it\/\">Sobe, aragazuri \u0219i aragazuri pe lemne<\/a>\u00a0-\u00a0<a href=\"https:\/\/www.greenpuros.com\/\">\u0219eminee, sobe \u0219i cazane pe pele\u021bi.<\/a><\/p>\n<h3><strong>Gama Amrtop de piese de schimb \u0219i accesorii<\/strong><\/h3>\n<p><a href=\"https:\/\/amrtop.net\/ro\/categoria-de-produse\/piese-de-schimb-sobe-si-cazane-de-gatit-si-cazane-mixte-2\/bougies-dallumage-pour-poeles-et-chaudieres-a-pellets\/\">Bujii incandescente<\/a><\/p>\n<p><a href=\"https:\/\/amrtop.net\/ro\/categoria-de-produse\/piese-de-schimb-sobe-si-cazane-de-gatit-si-cazane-mixte-2\/electronique\/\">Electronic\u0103<\/a><\/p>\n<p><a href=\"https:\/\/amrtop.net\/ro\/categoria-de-produse\/piese-de-schimb-sobe-si-cazane-de-gatit-si-cazane-mixte-2\/extracteurs-de-fumee\/\">Extractoare de fum<\/a><\/p>\n<p><a href=\"https:\/\/amrtop.net\/ro\/categoria-de-produse\/piese-de-schimb-sobe-si-cazane-de-gatit-si-cazane-mixte-2\/gaines-cable-connecteurs\/\">Teci de cablu conector<\/a><\/p>\n<p><a href=\"https:\/\/amrtop.net\/ro\/categoria-de-produse\/piese-de-schimb-sobe-si-cazane-de-gatit-si-cazane-mixte-2\/joints-de-silicone\/\">Garnituri de silicon<\/a><\/p>\n<p><a href=\"https:\/\/amrtop.net\/ro\/categoria-de-produse\/piese-de-schimb-sobe-si-cazane-de-gatit-si-cazane-mixte-2\/motoreducteurs\/\">Motoare cu angrenaje<\/a><\/p>\n<p><a href=\"https:\/\/amrtop.net\/ro\/categoria-de-produse\/piese-de-schimb-sobe-si-cazane-de-gatit-si-cazane-mixte-2\/pressostats-et-transducteurs\/\">Presostate \u0219i traductoare de presiune<\/a><\/p>\n<p><a href=\"https:\/\/amrtop.net\/ro\/categoria-de-produse\/piese-de-schimb-sobe-si-cazane-de-gatit-si-cazane-mixte-2\/sondes-thermostats-manometres-thermometres\/\">Sonde termostate manometre termometre termometre<\/a><\/p>\n<p><a href=\"https:\/\/amrtop.net\/ro\/categoria-de-produse\/piese-de-schimb-sobe-si-cazane-de-gatit-si-cazane-mixte-2\/joints-detancheite\/\">Tricotaje de etan\u0219are<\/a><\/p>\n<p><a href=\"https:\/\/amrtop.net\/ro\/categoria-de-produse\/piese-de-schimb-sobe-si-cazane-de-gatit-si-cazane-mixte-2\/ventilateurs-centrifuges-pour-poeles-a-pellets\/\">Ventilatoare centrifuge<\/a><\/p>\n<p><a href=\"https:\/\/amrtop.net\/ro\/categoria-de-produse\/piese-de-schimb-sobe-si-cazane-de-gatit-si-cazane-mixte-2\/ventilateurs-tangentiels-flux-transversal\/\">Ventilatoare cu flux \u00eencruci\u0219at<\/a><\/p>\n<p><a href=\"https:\/\/amrtop.net\/ro\/categoria-de-produse\/piese-de-schimb-sobe-si-cazane-de-gatit-si-cazane-mixte-2\/adhesifs-et-produits-detancheite\/\">Adezivi \u0219i materiale de etan\u0219are<\/a><\/p>\n<p>Le personnel d\u2019\u00a0<strong>Amrtop<\/strong>\u00a0a fost instruit cu aten\u021bie pentru a v\u0103 ajuta s\u0103 identifica\u021bi piesele de schimb pe care ar putea fi necesar s\u0103 le \u00eenlocui\u021bi, iar asisten\u021ba telefonic\u0103 este disponibil\u0103 \u00een limbile englez\u0103, francez\u0103, rom\u00e2n\u0103 \u0219i italian\u0103.<br \/>\nNu ezita\u021bi s\u0103 ne contacta\u021bi.<\/p>","protected":false},"excerpt":{"rendered":"<hr \/>\n<h2><span style=\"color: #008000\">Disponibil la<\/span><\/h2>\n<hr \/>\n<h3>C\u00e2ble plat pour cartes \u00e9lectroniques avec connecteur \u00e0 14 p\u00f4les de 110 mm<\/h3>\n<p>Code CFT002<\/p>\n<p>C\u00e2ble plat avec connecteur pour cartes \u00e9lectroniques<br \/>\nConnecteur\u00a0: 14 p\u00f4les<br \/>\nLongueur\u00a0: 1,1 m\u00e8tres<\/p>","protected":false},"featured_media":35705,"comment_status":"open","ping_status":"closed","template":"","meta":[],"product_brand":[],"product_cat":[1417,1419,1412],"product_tag":[],"class_list":{"0":"post-20877","1":"product","2":"type-product","3":"status-publish","4":"has-post-thumbnail","6":"product_cat-cables","7":"product_cat-cables-plats-pour-cartes-electroniques","8":"product_cat-gaines-cable-connecteurs","9":"product_shipping_class-classe-di-spedizione-01","11":"first","12":"instock","13":"shipping-taxable","14":"purchasable","15":"product-type-simple"},"yoast_head":"<!-- This site is optimized with the Yoast SEO plugin v27.5 - https:\/\/yoast.com\/product\/yoast-seo-wordpress\/ -->\n<title>C\u00e2ble plat 14 p\u00f4les pour po\u00eales et chaudi\u00e8res \u00e0 pellets<\/title>\n<meta name=\"description\" content=\"C\u00e2ble plat 14 p\u00f4les pour po\u00eales et chaudi\u00e8res \u00e0 pellets- Gaine thermor\u00e9tractable po\u00eale et chaudi\u00e8re \u00e0 pellets - Gaine Vetrotex po\u00eale et chaudi\u00e8re \u00e0 pellets\" \/>\n<meta name=\"robots\" content=\"index, follow, max-snippet:-1, max-image-preview:large, max-video-preview:-1\" \/>\n<link rel=\"canonical\" href=\"https:\/\/amrtop.net\/ro\/produs\/cable-plat-avec-connecteur-a-14-poles-de-110-mm-code-cft002\/\" \/>\n<meta property=\"og:locale\" content=\"ro_RO\" \/>\n<meta property=\"og:type\" content=\"article\" \/>\n<meta property=\"og:title\" content=\"C\u00e2ble plat 14 p\u00f4les pour po\u00eales et chaudi\u00e8res \u00e0 pellets\" \/>\n<meta property=\"og:description\" content=\"C\u00e2ble plat 14 p\u00f4les pour po\u00eales et chaudi\u00e8res \u00e0 pellets- Gaine thermor\u00e9tractable po\u00eale et chaudi\u00e8re \u00e0 pellets - Gaine Vetrotex po\u00eale et chaudi\u00e8re \u00e0 pellets\" \/>\n<meta property=\"og:url\" content=\"https:\/\/amrtop.net\/ro\/produs\/cable-plat-avec-connecteur-a-14-poles-de-110-mm-code-cft002\/\" \/>\n<meta property=\"og:site_name\" content=\"AMRTOP B2B \u00c9tranger - Achats r\u00e9serv\u00e9s au professionnel\" \/>\n<meta property=\"article:modified_time\" content=\"2023-06-06T13:20:08+00:00\" \/>\n<meta property=\"og:image\" content=\"https:\/\/amrtop.net\/wp-content\/uploads\/2020\/10\/CAVI-FLAT-10-14-16-POLI-1.jpg\" \/>\n\t<meta property=\"og:image:width\" content=\"960\" \/>\n\t<meta property=\"og:image:height\" content=\"960\" \/>\n\t<meta property=\"og:image:type\" content=\"image\/jpeg\" \/>\n<meta name=\"twitter:card\" content=\"summary_large_image\" \/>\n<meta name=\"twitter:label1\" content=\"Timp estimat pentru citire\" \/>\n\t<meta name=\"twitter:data1\" content=\"1 minut\" \/>\n<script type=\"application\/ld+json\" class=\"yoast-schema-graph\">{\"@context\":\"https:\\\/\\\/schema.org\",\"@graph\":[{\"@type\":\"WebPage\",\"@id\":\"https:\\\/\\\/amrtop.net\\\/produit\\\/cable-plat-avec-connecteur-a-14-poles-de-110-mm-code-cft002\\\/\",\"url\":\"https:\\\/\\\/amrtop.net\\\/produit\\\/cable-plat-avec-connecteur-a-14-poles-de-110-mm-code-cft002\\\/\",\"name\":\"C\u00e2ble plat 14 p\u00f4les pour po\u00eales et chaudi\u00e8res \u00e0 pellets\",\"isPartOf\":{\"@id\":\"https:\\\/\\\/amrtop.net\\\/#website\"},\"primaryImageOfPage\":{\"@id\":\"https:\\\/\\\/amrtop.net\\\/produit\\\/cable-plat-avec-connecteur-a-14-poles-de-110-mm-code-cft002\\\/#primaryimage\"},\"image\":{\"@id\":\"https:\\\/\\\/amrtop.net\\\/produit\\\/cable-plat-avec-connecteur-a-14-poles-de-110-mm-code-cft002\\\/#primaryimage\"},\"thumbnailUrl\":\"https:\\\/\\\/amrtop.net\\\/wp-content\\\/uploads\\\/2020\\\/10\\\/CAVI-FLAT-10-14-16-POLI-1.jpg\",\"datePublished\":\"2020-10-01T00:00:00+00:00\",\"dateModified\":\"2023-06-06T13:20:08+00:00\",\"description\":\"C\u00e2ble plat 14 p\u00f4les pour po\u00eales et chaudi\u00e8res \u00e0 pellets- Gaine thermor\u00e9tractable po\u00eale et chaudi\u00e8re \u00e0 pellets - Gaine Vetrotex po\u00eale et chaudi\u00e8re \u00e0 pellets\",\"breadcrumb\":{\"@id\":\"https:\\\/\\\/amrtop.net\\\/produit\\\/cable-plat-avec-connecteur-a-14-poles-de-110-mm-code-cft002\\\/#breadcrumb\"},\"inLanguage\":\"ro-RO\",\"potentialAction\":[{\"@type\":\"ReadAction\",\"target\":[\"https:\\\/\\\/amrtop.net\\\/produit\\\/cable-plat-avec-connecteur-a-14-poles-de-110-mm-code-cft002\\\/\"]}]},{\"@type\":\"ImageObject\",\"inLanguage\":\"ro-RO\",\"@id\":\"https:\\\/\\\/amrtop.net\\\/produit\\\/cable-plat-avec-connecteur-a-14-poles-de-110-mm-code-cft002\\\/#primaryimage\",\"url\":\"https:\\\/\\\/amrtop.net\\\/wp-content\\\/uploads\\\/2020\\\/10\\\/CAVI-FLAT-10-14-16-POLI-1.jpg\",\"contentUrl\":\"https:\\\/\\\/amrtop.net\\\/wp-content\\\/uploads\\\/2020\\\/10\\\/CAVI-FLAT-10-14-16-POLI-1.jpg\",\"width\":960,\"height\":960,\"caption\":\"C\u00e2ble plat 14 p\u00f4les pour po\u00eales et chaudi\u00e8res \u00e0 pellets- Gaine thermor\u00e9tractable po\u00eale et chaudi\u00e8re \u00e0 pellets - Gaine Vetrotex po\u00eale et chaudi\u00e8re \u00e0 pellets\"},{\"@type\":\"BreadcrumbList\",\"@id\":\"https:\\\/\\\/amrtop.net\\\/produit\\\/cable-plat-avec-connecteur-a-14-poles-de-110-mm-code-cft002\\\/#breadcrumb\",\"itemListElement\":[{\"@type\":\"ListItem\",\"position\":1,\"name\":\"Home\",\"item\":\"https:\\\/\\\/amrtop.net\\\/\"},{\"@type\":\"ListItem\",\"position\":2,\"name\":\"Shop\",\"item\":\"https:\\\/\\\/amrtop.net\\\/negozio\\\/\"},{\"@type\":\"ListItem\",\"position\":3,\"name\":\"C\u00e2ble plat avec connecteur \u00e0 14 p\u00f4les de 110 mm &#8211; Code CFT002\"}]},{\"@type\":\"WebSite\",\"@id\":\"https:\\\/\\\/amrtop.net\\\/#website\",\"url\":\"https:\\\/\\\/amrtop.net\\\/\",\"name\":\"AMRTOP B2B \u00c9tranger - Achats r\u00e9serv\u00e9s au professionnel\",\"description\":\"Pi\u00e8ces de rechange et accessoires pour po\u00eales et chaudi\u00e8res - eCommerce B2B pour Clients Professionnels\",\"potentialAction\":[{\"@type\":\"SearchAction\",\"target\":{\"@type\":\"EntryPoint\",\"urlTemplate\":\"https:\\\/\\\/amrtop.net\\\/?s={search_term_string}\"},\"query-input\":{\"@type\":\"PropertyValueSpecification\",\"valueRequired\":true,\"valueName\":\"search_term_string\"}}],\"inLanguage\":\"ro-RO\"}]}<\/script>\n<!-- \/ Yoast SEO plugin. -->","yoast_head_json":{"title":"C\u00e2ble plat 14 p\u00f4les pour po\u00eales et chaudi\u00e8res \u00e0 pellets","description":"C\u00e2ble plat 14 p\u00f4les pour po\u00eales et chaudi\u00e8res \u00e0 pellets- Gaine thermor\u00e9tractable po\u00eale et chaudi\u00e8re \u00e0 pellets - Gaine Vetrotex po\u00eale et chaudi\u00e8re \u00e0 pellets","robots":{"index":"index","follow":"follow","max-snippet":"max-snippet:-1","max-image-preview":"max-image-preview:large","max-video-preview":"max-video-preview:-1"},"canonical":"https:\/\/amrtop.net\/ro\/produs\/cable-plat-avec-connecteur-a-14-poles-de-110-mm-code-cft002\/","og_locale":"ro_RO","og_type":"article","og_title":"C\u00e2ble plat 14 p\u00f4les pour po\u00eales et chaudi\u00e8res \u00e0 pellets","og_description":"C\u00e2ble plat 14 p\u00f4les pour po\u00eales et chaudi\u00e8res \u00e0 pellets- Gaine thermor\u00e9tractable po\u00eale et chaudi\u00e8re \u00e0 pellets - Gaine Vetrotex po\u00eale et chaudi\u00e8re \u00e0 pellets","og_url":"https:\/\/amrtop.net\/ro\/produs\/cable-plat-avec-connecteur-a-14-poles-de-110-mm-code-cft002\/","og_site_name":"AMRTOP B2B \u00c9tranger - Achats r\u00e9serv\u00e9s au professionnel","article_modified_time":"2023-06-06T13:20:08+00:00","og_image":[{"width":960,"height":960,"url":"https:\/\/amrtop.net\/wp-content\/uploads\/2020\/10\/CAVI-FLAT-10-14-16-POLI-1.jpg","type":"image\/jpeg"}],"twitter_card":"summary_large_image","twitter_misc":{"Timp estimat pentru citire":"1 minut"},"schema":{"@context":"https:\/\/schema.org","@graph":[{"@type":"WebPage","@id":"https:\/\/amrtop.net\/produit\/cable-plat-avec-connecteur-a-14-poles-de-110-mm-code-cft002\/","url":"https:\/\/amrtop.net\/produit\/cable-plat-avec-connecteur-a-14-poles-de-110-mm-code-cft002\/","name":"C\u00e2ble plat 14 p\u00f4les pour po\u00eales et chaudi\u00e8res \u00e0 pellets","isPartOf":{"@id":"https:\/\/amrtop.net\/#website"},"primaryImageOfPage":{"@id":"https:\/\/amrtop.net\/produit\/cable-plat-avec-connecteur-a-14-poles-de-110-mm-code-cft002\/#primaryimage"},"image":{"@id":"https:\/\/amrtop.net\/produit\/cable-plat-avec-connecteur-a-14-poles-de-110-mm-code-cft002\/#primaryimage"},"thumbnailUrl":"https:\/\/amrtop.net\/wp-content\/uploads\/2020\/10\/CAVI-FLAT-10-14-16-POLI-1.jpg","datePublished":"2020-10-01T00:00:00+00:00","dateModified":"2023-06-06T13:20:08+00:00","description":"C\u00e2ble plat 14 p\u00f4les pour po\u00eales et chaudi\u00e8res \u00e0 pellets- Gaine thermor\u00e9tractable po\u00eale et chaudi\u00e8re \u00e0 pellets - Gaine Vetrotex po\u00eale et chaudi\u00e8re \u00e0 pellets","breadcrumb":{"@id":"https:\/\/amrtop.net\/produit\/cable-plat-avec-connecteur-a-14-poles-de-110-mm-code-cft002\/#breadcrumb"},"inLanguage":"ro-RO","potentialAction":[{"@type":"ReadAction","target":["https:\/\/amrtop.net\/produit\/cable-plat-avec-connecteur-a-14-poles-de-110-mm-code-cft002\/"]}]},{"@type":"ImageObject","inLanguage":"ro-RO","@id":"https:\/\/amrtop.net\/produit\/cable-plat-avec-connecteur-a-14-poles-de-110-mm-code-cft002\/#primaryimage","url":"https:\/\/amrtop.net\/wp-content\/uploads\/2020\/10\/CAVI-FLAT-10-14-16-POLI-1.jpg","contentUrl":"https:\/\/amrtop.net\/wp-content\/uploads\/2020\/10\/CAVI-FLAT-10-14-16-POLI-1.jpg","width":960,"height":960,"caption":"C\u00e2ble plat 14 p\u00f4les pour po\u00eales et chaudi\u00e8res \u00e0 pellets- Gaine thermor\u00e9tractable po\u00eale et chaudi\u00e8re \u00e0 pellets - Gaine Vetrotex po\u00eale et chaudi\u00e8re \u00e0 pellets"},{"@type":"BreadcrumbList","@id":"https:\/\/amrtop.net\/produit\/cable-plat-avec-connecteur-a-14-poles-de-110-mm-code-cft002\/#breadcrumb","itemListElement":[{"@type":"ListItem","position":1,"name":"Home","item":"https:\/\/amrtop.net\/"},{"@type":"ListItem","position":2,"name":"Shop","item":"https:\/\/amrtop.net\/negozio\/"},{"@type":"ListItem","position":3,"name":"C\u00e2ble plat avec connecteur \u00e0 14 p\u00f4les de 110 mm &#8211; Code CFT002"}]},{"@type":"WebSite","@id":"https:\/\/amrtop.net\/#website","url":"https:\/\/amrtop.net\/","name":"AMRTOP B2B Abroad - Achizi\u021bii rezervate profesioni\u0219tilor","description":"Piese de schimb \u0219i accesorii pentru sobe \u0219i cazane - eCommerce B2B pentru clien\u021bi profesioni\u0219ti","potentialAction":[{"@type":"SearchAction","target":{"@type":"EntryPoint","urlTemplate":"https:\/\/amrtop.net\/?s={search_term_string}"},"query-input":{"@type":"PropertyValueSpecification","valueRequired":true,"valueName":"search_term_string"}}],"inLanguage":"ro-RO"}]}},"_links":{"self":[{"href":"https:\/\/amrtop.net\/ro\/wp-json\/wp\/v2\/product\/20877","targetHints":{"allow":["GET"]}}],"collection":[{"href":"https:\/\/amrtop.net\/ro\/wp-json\/wp\/v2\/product"}],"about":[{"href":"https:\/\/amrtop.net\/ro\/wp-json\/wp\/v2\/types\/product"}],"replies":[{"embeddable":true,"href":"https:\/\/amrtop.net\/ro\/wp-json\/wp\/v2\/comments?post=20877"}],"wp:featuredmedia":[{"embeddable":true,"href":"https:\/\/amrtop.net\/ro\/wp-json\/wp\/v2\/media\/35705"}],"wp:attachment":[{"href":"https:\/\/amrtop.net\/ro\/wp-json\/wp\/v2\/media?parent=20877"}],"wp:term":[{"taxonomy":"product_brand","embeddable":true,"href":"https:\/\/amrtop.net\/ro\/wp-json\/wp\/v2\/product_brand?post=20877"},{"taxonomy":"product_cat","embeddable":true,"href":"https:\/\/amrtop.net\/ro\/wp-json\/wp\/v2\/product_cat?post=20877"},{"taxonomy":"product_tag","embeddable":true,"href":"https:\/\/amrtop.net\/ro\/wp-json\/wp\/v2\/product_tag?post=20877"}],"curies":[{"name":"wp","href":"https:\/\/api.w.org\/{rel}","templated":true}]}}