{"id":21675,"date":"2020-01-10T00:00:00","date_gmt":"2020-01-10T00:00:00","guid":{"rendered":"https:\/\/amrtop.com\/B2B\/?post_type=product&#038;p=21675"},"modified":"2024-11-26T13:18:45","modified_gmt":"2024-11-26T13:18:45","slug":"lumanare-etansa-din-cuart-cu-racord-ceramic-3-8","status":"publish","type":"product","link":"https:\/\/amrtop.net\/ro\/produit\/bougie-etanche-en-quartz-avec-raccord-3-8-en-ceramique\/","title":{"rendered":"Lum\u00e2nare din cuar\u021b sigilat\u0103 cu 3\/8 racord ceramic - Dimensiuni cuar\u021b 68 x 4 mm - 300 Watt - Lungime total\u0103 113 mm - Cod PS22S"},"content":{"rendered":"<hr \/>\n<h3>Bujie de cuar\u021b sigilat\u0103 cu conector ceramic 3\/8<\/h3>\n<p>Amrtop ofer\u0103 o varietate de componente Quartz Crystal Candle negre pentru acces rapid la biomas\u0103: pele\u021bi, lemn, paie etc. \u00een diferite lungimi, cu flan\u0219\u0103, 3\/8\u2033 \u0219i conexiune neted\u0103.<\/p>\n<p>O inova\u021bie major\u0103 \u00een ceea ce prive\u0219te aprinderea sobelor \u0219i a cazanelor pe pele\u021bi.   Bujia incandescent\u0103 cu cristale de cuar\u021b negru este urm\u0103toarea genera\u021bie pentru arderea pele\u021bilor \u0219i a altor biomase.<\/p>\n<p>Datorit\u0103 aprinderii sale rapide, reduce consumul de energie: lum\u00e2narea din cristal de cuar\u021b negru aprinde peletele \u00een doar c\u00e2teva secunde.<\/p>\n<p>Aceasta atinge o temperatur\u0103 semnificativ mai mare, de aproximativ dou\u0103 ori mai mare dec\u00e2t cea a bujiilor incandescente tradi\u021bionale din metal \u0219i ceramic\u0103. Ea atinge eficien\u021ba maxim\u0103 \u00een mai pu\u021bin de 60 de secunde.<\/p>\n<p>Nu necesit\u0103 \u00eentre\u021binere. Structur\u0103 dur\u0103 ca un diamant, spre deosebire de bujiile incandescente ceramice tradi\u021bionale.<\/p>\n<p>Bujia cu cristal de cuar\u021b nu genereaz\u0103 niciun fel de problem\u0103 sau scurtcircuit.<\/p>\n<p>Cu aceast\u0103 structur\u0103 unic\u0103, aerul ambiant este injectat \u00een suportul lum\u00e2n\u0103rii, cresc\u00e2nd de la o temperatur\u0103 de 25\u00baC la 1000\u00baC \u00een c\u00e2teva secunde, cresc\u00e2nd rata de ardere de aproximativ dou\u0103 ori mai mult dec\u00e2t \u00een trecut.<\/p>\n<h3>Avantajele lum\u00e2n\u0103rii sigilate din cuar\u021b cu racord ceramic 3\/8<\/h3>\n<ul>\n<li>\u00cen 10 secunde, acesta a atins peste 1000\u00b0, iar temperatura r\u0103m\u00e2ne constant\u0103.<\/li>\n<li>Fixare universal\u0103 3\/8 sau cu flan\u0219\u0103 conceput\u0103 pentru a se potrivi la orice cazan sau sob\u0103 existent\u0103<\/li>\n<li>Rezisten\u021b\u0103 ridicat\u0103 la oxidare \u0219i la coroziunea natural\u0103 sau chimic\u0103.<\/li>\n<li>Lemn u\u0219or, rumegu\u0219, a\u0219chii de lemn \u0219i c\u0103rbune<\/li>\n<li>Convertibile \u00een modele etan\u0219ate ermetic sau standard - versiuni de 24 V \u0219i 240 V (disponibil ca model de 24 V cu cristal de cuar\u021b negru de 90 de wa\u021bi).<\/li>\n<li>Nu exist\u0103 niciun risc de scurtcircuit. - Seriile Vulcano \u0219i Nitro sunt de dou\u0103 ori mai rezistente la impact din punct de vedere mecanic dec\u00e2t ceramica.<\/li>\n<li>Rezisten\u021b\u0103 ridicat\u0103 la cenu\u0219\u0103 de ardere \u0219i \u0219ocuri termice<\/li>\n<li>Flan\u0219\u0103 conceput\u0103 pentru a permite trecerea aerului \u0219i reducerea volumului cristalului de cuar\u021b negru.<\/li>\n<li>De asemenea, putem furniza conectori \u0219i tuburi personalizate (contacta\u021bi-ne pentru mai multe informa\u021bii).<\/li>\n<li>Lum\u00e2narea din cristal de cuar\u021b negru are un element de fixare care permite trecerea aerului de combustie at\u00e2t pentru sobe etan\u0219e, c\u00e2t \u0219i pentru sobe tradi\u021bionale.<\/li>\n<\/ul>\n<h3>Utilizarea lum\u00e2n\u0103rii de cuar\u021b sigilate<\/h3>\n<p>Bujia incandescent\u0103 din cuar\u021b - comercializat\u0103 de Amrtop - este utilizat\u0103 pentru a aprinde a\u0219chii de lemn, bu\u0219teni despica\u021bi, brichete de lemn sau alt\u0103 biomas\u0103, paie, porumb etc. prin aer \u00een generatoarele de c\u0103ldur\u0103 pe baz\u0103 de biomas\u0103.<\/p>\n<p>Se g\u0103se\u0219te \u00een aparatele tipice - Soba pe pele\u021bi - Cazan pe pele\u021bi - Arz\u0103tor pe pele\u021bi - Gr\u0103tar\/barbeque pe pele\u021bi Cazan pe biomas\u0103 - Arz\u0103tor pe biomas\u0103 - \u0218i multe alte arz\u0103toare<\/p>\n<h3>Interior<\/h3>\n<p><a href=\"https:\/\/wekos.it\/\">Sobe, aragazuri \u0219i aragazuri pe lemne<\/a>\u00a0-\u00a0<a href=\"https:\/\/www.greenpuros.com\/\">\u0219eminee, sobe \u0219i cazane pe pele\u021bi.<\/a><\/p>\n<h3>Gama Amrtop de piese de schimb \u0219i accesorii<\/h3>\n<p><a href=\"https:\/\/amrtop.net\/ro\/categoria-de-produse\/piese-de-schimb-sobe-si-cazane-de-gatit-si-cazane-mixte-2\/bougies-dallumage-pour-poeles-et-chaudieres-a-pellets\/\">Bujii incandescente<\/a><\/p>\n<p><a href=\"https:\/\/amrtop.net\/ro\/categoria-de-produse\/piese-de-schimb-sobe-si-cazane-de-gatit-si-cazane-mixte-2\/electronique\/\">Electronic\u0103<\/a><\/p>\n<p><a href=\"https:\/\/amrtop.net\/ro\/categoria-de-produse\/piese-de-schimb-sobe-si-cazane-de-gatit-si-cazane-mixte-2\/extracteurs-de-fumee\/\">Extractoare de fum<\/a><\/p>\n<p><a href=\"https:\/\/amrtop.net\/ro\/categoria-de-produse\/piese-de-schimb-sobe-si-cazane-de-gatit-si-cazane-mixte-2\/gaines-cable-connecteurs\/\">Teci de cablu conector<\/a><\/p>\n<p><a href=\"https:\/\/amrtop.net\/ro\/categoria-de-produse\/piese-de-schimb-sobe-si-cazane-de-gatit-si-cazane-mixte-2\/joints-de-silicone\/\">Garnituri de silicon<\/a><\/p>\n<p><a href=\"https:\/\/amrtop.net\/ro\/categoria-de-produse\/piese-de-schimb-sobe-si-cazane-de-gatit-si-cazane-mixte-2\/motoreducteurs\/\">Motoare cu angrenaje<\/a><\/p>\n<p><a href=\"https:\/\/amrtop.net\/ro\/categoria-de-produse\/piese-de-schimb-sobe-si-cazane-de-gatit-si-cazane-mixte-2\/pressostats-et-transducteurs\/\">Presostate \u0219i traductoare de presiune<\/a><\/p>\n<p><a href=\"https:\/\/amrtop.com\/B2B\/fr\/categorie-produit\/ricambi-vari-stufe-e-caldaie\/sonde-termostati-manometri-termometri\/\">Sonde termostate manometre termometre termometre<\/a><\/p>\n<p><a href=\"https:\/\/amrtop.net\/ro\/categoria-de-produse\/piese-de-schimb-sobe-si-cazane-de-gatit-si-cazane-mixte-2\/joints-detancheite\/\">Tricotaje de etan\u0219are<\/a><\/p>\n<p><a href=\"https:\/\/amrtop.net\/ro\/categoria-de-produse\/piese-de-schimb-sobe-si-cazane-de-gatit-si-cazane-mixte-2\/ventilateurs-centrifuges-pour-poeles-a-pellets\/\">Ventilatoare centrifuge<\/a><\/p>\n<p><a href=\"https:\/\/amrtop.net\/ro\/categoria-de-produse\/piese-de-schimb-sobe-si-cazane-de-gatit-si-cazane-mixte-2\/ventilateurs-tangentiels-flux-transversal\/\">Ventilatoare cu flux \u00eencruci\u0219at<\/a><\/p>\n<p><a href=\"https:\/\/amrtop.net\/ro\/categoria-de-produse\/piese-de-schimb-sobe-si-cazane-de-gatit-si-cazane-mixte-2\/adhesifs-et-produits-detancheite\/\">Adezivi \u0219i materiale de etan\u0219are<\/a><\/p>\n<p>&nbsp;<\/p>\n<h3><\/h3>\n<p>&nbsp;<\/p>","protected":false},"excerpt":{"rendered":"<hr \/>\n<h2><span style=\"color: #008000;\">Disponibil la<\/span><\/h2>\n<hr \/>\n<h3>Bujii cu cuar\u021b etan\u0219ate cu conector ceramic de 3\/8\u2033.<\/h3>\n<p>Cod PS22S\/PS23S<\/p>\n<p>Dimensiuni cuar\u021b: 68 x 4 mm<br \/>\nLungime total\u0103: 113 mm<br \/>\nLungime sub nut: 79 mm<br \/>\nPutere: 300 W<br \/>\nLungime cablu: 350 mm<\/p>\n<h3>Compatibilitate<\/h3>\n<p>Compatibil cu codul PS23S.<\/p>\n<hr \/>\n<h3>Bujie\/rezistor\/cartu\u0219 de aprindere compatibil cu urm\u0103toarele m\u0103rci de sobe pe pele\u021bi<\/h3>\n<p>Moretti Design<\/p>\n<p>Om vesel<\/p>","protected":false},"featured_media":34692,"comment_status":"open","ping_status":"closed","template":"","meta":[],"product_brand":[],"product_cat":[840,855,839],"product_tag":[154],"class_list":{"0":"post-21675","1":"product","2":"type-product","3":"status-publish","4":"has-post-thumbnail","6":"product_cat-bougies-dallumage-pour-poeles-et-chaudieres-a-pellets","7":"product_cat-bougies-de-prechauffage-en-quartz-etanches-avec-raccord-3-8","8":"product_cat-pieces-de-rechange-divers-poeles-et-chaudieres","9":"product_tag-moretti-design","10":"product_shipping_class-classe-di-spedizione-01","12":"first","13":"instock","14":"shipping-taxable","15":"purchasable","16":"product-type-simple"},"yoast_head":"<!-- This site is optimized with the Yoast SEO plugin v27.4 - https:\/\/yoast.com\/product\/yoast-seo-wordpress\/ -->\n<title>Bougie \u00e9tanche en quartz avec raccord 3\/8 en c\u00e9ramique<\/title>\n<meta name=\"description\" content=\"Bougie \u00e9tanche en quartz avec raccord 3\/8 en c\u00e9ramique - r\u00e9sistance \u00e0 l\u2019allumage par quartz - cartouche d\u2019allumage en quartz pour po\u00eales, radiateurs, inserts et chaudi\u00e8res \u00e0 granul\u00e9s\" \/>\n<meta name=\"robots\" content=\"index, follow, max-snippet:-1, max-image-preview:large, max-video-preview:-1\" \/>\n<link rel=\"canonical\" href=\"https:\/\/amrtop.net\/ro\/produs\/lumanare-etansa-din-cuart-cu-racord-ceramic-3-8\/\" \/>\n<meta property=\"og:locale\" content=\"ro_RO\" \/>\n<meta property=\"og:type\" content=\"article\" \/>\n<meta property=\"og:title\" content=\"Bougie \u00e9tanche en quartz avec raccord 3\/8 en c\u00e9ramique\" \/>\n<meta property=\"og:description\" content=\"Bougie \u00e9tanche en quartz avec raccord 3\/8 en c\u00e9ramique - r\u00e9sistance \u00e0 l\u2019allumage par quartz - cartouche d\u2019allumage en quartz pour po\u00eales, radiateurs, inserts et chaudi\u00e8res \u00e0 granul\u00e9s\" \/>\n<meta property=\"og:url\" content=\"https:\/\/amrtop.net\/ro\/produs\/lumanare-etansa-din-cuart-cu-racord-ceramic-3-8\/\" \/>\n<meta property=\"og:site_name\" content=\"AMRTOP B2B \u00c9tranger - Achats r\u00e9serv\u00e9s au professionnel\" \/>\n<meta property=\"article:modified_time\" content=\"2024-11-26T13:18:45+00:00\" \/>\n<meta property=\"og:image\" content=\"https:\/\/amrtop.net\/wp-content\/uploads\/2020\/01\/ps22s.jpg\" \/>\n\t<meta property=\"og:image:width\" content=\"960\" \/>\n\t<meta property=\"og:image:height\" content=\"960\" \/>\n\t<meta property=\"og:image:type\" content=\"image\/jpeg\" \/>\n<meta name=\"twitter:card\" content=\"summary_large_image\" \/>\n<meta name=\"twitter:label1\" content=\"Timp estimat pentru citire\" \/>\n\t<meta name=\"twitter:data1\" content=\"3 minute\" \/>\n<script type=\"application\/ld+json\" class=\"yoast-schema-graph\">{\"@context\":\"https:\\\/\\\/schema.org\",\"@graph\":[{\"@type\":\"WebPage\",\"@id\":\"https:\\\/\\\/amrtop.net\\\/produit\\\/bougie-etanche-en-quartz-avec-raccord-3-8-en-ceramique\\\/\",\"url\":\"https:\\\/\\\/amrtop.net\\\/produit\\\/bougie-etanche-en-quartz-avec-raccord-3-8-en-ceramique\\\/\",\"name\":\"Bougie \u00e9tanche en quartz avec raccord 3\\\/8 en c\u00e9ramique\",\"isPartOf\":{\"@id\":\"https:\\\/\\\/amrtop.net\\\/#website\"},\"primaryImageOfPage\":{\"@id\":\"https:\\\/\\\/amrtop.net\\\/produit\\\/bougie-etanche-en-quartz-avec-raccord-3-8-en-ceramique\\\/#primaryimage\"},\"image\":{\"@id\":\"https:\\\/\\\/amrtop.net\\\/produit\\\/bougie-etanche-en-quartz-avec-raccord-3-8-en-ceramique\\\/#primaryimage\"},\"thumbnailUrl\":\"https:\\\/\\\/amrtop.net\\\/wp-content\\\/uploads\\\/2020\\\/01\\\/ps22s.jpg\",\"datePublished\":\"2020-01-10T00:00:00+00:00\",\"dateModified\":\"2024-11-26T13:18:45+00:00\",\"description\":\"Bougie \u00e9tanche en quartz avec raccord 3\\\/8 en c\u00e9ramique - r\u00e9sistance \u00e0 l\u2019allumage par quartz - cartouche d\u2019allumage en quartz pour po\u00eales, radiateurs, inserts et chaudi\u00e8res \u00e0 granul\u00e9s\",\"breadcrumb\":{\"@id\":\"https:\\\/\\\/amrtop.net\\\/produit\\\/bougie-etanche-en-quartz-avec-raccord-3-8-en-ceramique\\\/#breadcrumb\"},\"inLanguage\":\"ro-RO\",\"potentialAction\":[{\"@type\":\"ReadAction\",\"target\":[\"https:\\\/\\\/amrtop.net\\\/produit\\\/bougie-etanche-en-quartz-avec-raccord-3-8-en-ceramique\\\/\"]}]},{\"@type\":\"ImageObject\",\"inLanguage\":\"ro-RO\",\"@id\":\"https:\\\/\\\/amrtop.net\\\/produit\\\/bougie-etanche-en-quartz-avec-raccord-3-8-en-ceramique\\\/#primaryimage\",\"url\":\"https:\\\/\\\/amrtop.net\\\/wp-content\\\/uploads\\\/2020\\\/01\\\/ps22s.jpg\",\"contentUrl\":\"https:\\\/\\\/amrtop.net\\\/wp-content\\\/uploads\\\/2020\\\/01\\\/ps22s.jpg\",\"width\":960,\"height\":960,\"caption\":\"Bougie \u00e9tanche en quartz avec raccord 3\\\/8 en c\u00e9ramique - r\u00e9sistance \u00e0 l\u2019allumage par quartz - cartouche d\u2019allumage en quartz pour po\u00eales, radiateurs, inserts et chaudi\u00e8res \u00e0 granul\u00e9s\"},{\"@type\":\"BreadcrumbList\",\"@id\":\"https:\\\/\\\/amrtop.net\\\/produit\\\/bougie-etanche-en-quartz-avec-raccord-3-8-en-ceramique\\\/#breadcrumb\",\"itemListElement\":[{\"@type\":\"ListItem\",\"position\":1,\"name\":\"Home\",\"item\":\"https:\\\/\\\/amrtop.net\\\/\"},{\"@type\":\"ListItem\",\"position\":2,\"name\":\"Shop\",\"item\":\"https:\\\/\\\/amrtop.net\\\/negozio\\\/\"},{\"@type\":\"ListItem\",\"position\":3,\"name\":\"Bougie \u00e9tanche en quartz avec raccord 3\\\/8 en c\u00e9ramique &#8211; Dimensions Quartz 68 x 4 mm &#8211; 300 Watt &#8211; Longueur totale 113 mm &#8211; Code PS22S\"}]},{\"@type\":\"WebSite\",\"@id\":\"https:\\\/\\\/amrtop.net\\\/#website\",\"url\":\"https:\\\/\\\/amrtop.net\\\/\",\"name\":\"AMRTOP B2B \u00c9tranger - Achats r\u00e9serv\u00e9s au professionnel\",\"description\":\"Pi\u00e8ces de rechange et accessoires pour po\u00eales et chaudi\u00e8res - eCommerce B2B pour Clients Professionnels\",\"potentialAction\":[{\"@type\":\"SearchAction\",\"target\":{\"@type\":\"EntryPoint\",\"urlTemplate\":\"https:\\\/\\\/amrtop.net\\\/?s={search_term_string}\"},\"query-input\":{\"@type\":\"PropertyValueSpecification\",\"valueRequired\":true,\"valueName\":\"search_term_string\"}}],\"inLanguage\":\"ro-RO\"}]}<\/script>\n<!-- \/ Yoast SEO plugin. -->","yoast_head_json":{"title":"Bujie de cuar\u021b sigilat\u0103 cu conector ceramic 3\/8","description":"Bougie \u00e9tanche en quartz avec raccord 3\/8 en c\u00e9ramique - r\u00e9sistance \u00e0 l\u2019allumage par quartz - cartouche d\u2019allumage en quartz pour po\u00eales, radiateurs, inserts et chaudi\u00e8res \u00e0 granul\u00e9s","robots":{"index":"index","follow":"follow","max-snippet":"max-snippet:-1","max-image-preview":"max-image-preview:large","max-video-preview":"max-video-preview:-1"},"canonical":"https:\/\/amrtop.net\/ro\/produs\/lumanare-etansa-din-cuart-cu-racord-ceramic-3-8\/","og_locale":"ro_RO","og_type":"article","og_title":"Bougie \u00e9tanche en quartz avec raccord 3\/8 en c\u00e9ramique","og_description":"Bougie \u00e9tanche en quartz avec raccord 3\/8 en c\u00e9ramique - r\u00e9sistance \u00e0 l\u2019allumage par quartz - cartouche d\u2019allumage en quartz pour po\u00eales, radiateurs, inserts et chaudi\u00e8res \u00e0 granul\u00e9s","og_url":"https:\/\/amrtop.net\/ro\/produs\/lumanare-etansa-din-cuart-cu-racord-ceramic-3-8\/","og_site_name":"AMRTOP B2B \u00c9tranger - Achats r\u00e9serv\u00e9s au professionnel","article_modified_time":"2024-11-26T13:18:45+00:00","og_image":[{"width":960,"height":960,"url":"https:\/\/amrtop.net\/wp-content\/uploads\/2020\/01\/ps22s.jpg","type":"image\/jpeg"}],"twitter_card":"summary_large_image","twitter_misc":{"Timp estimat pentru citire":"3 minute"},"schema":{"@context":"https:\/\/schema.org","@graph":[{"@type":"WebPage","@id":"https:\/\/amrtop.net\/produit\/bougie-etanche-en-quartz-avec-raccord-3-8-en-ceramique\/","url":"https:\/\/amrtop.net\/produit\/bougie-etanche-en-quartz-avec-raccord-3-8-en-ceramique\/","name":"Bujie de cuar\u021b sigilat\u0103 cu conector ceramic 3\/8","isPartOf":{"@id":"https:\/\/amrtop.net\/#website"},"primaryImageOfPage":{"@id":"https:\/\/amrtop.net\/produit\/bougie-etanche-en-quartz-avec-raccord-3-8-en-ceramique\/#primaryimage"},"image":{"@id":"https:\/\/amrtop.net\/produit\/bougie-etanche-en-quartz-avec-raccord-3-8-en-ceramique\/#primaryimage"},"thumbnailUrl":"https:\/\/amrtop.net\/wp-content\/uploads\/2020\/01\/ps22s.jpg","datePublished":"2020-01-10T00:00:00+00:00","dateModified":"2024-11-26T13:18:45+00:00","description":"Bougie \u00e9tanche en quartz avec raccord 3\/8 en c\u00e9ramique - r\u00e9sistance \u00e0 l\u2019allumage par quartz - cartouche d\u2019allumage en quartz pour po\u00eales, radiateurs, inserts et chaudi\u00e8res \u00e0 granul\u00e9s","breadcrumb":{"@id":"https:\/\/amrtop.net\/produit\/bougie-etanche-en-quartz-avec-raccord-3-8-en-ceramique\/#breadcrumb"},"inLanguage":"ro-RO","potentialAction":[{"@type":"ReadAction","target":["https:\/\/amrtop.net\/produit\/bougie-etanche-en-quartz-avec-raccord-3-8-en-ceramique\/"]}]},{"@type":"ImageObject","inLanguage":"ro-RO","@id":"https:\/\/amrtop.net\/produit\/bougie-etanche-en-quartz-avec-raccord-3-8-en-ceramique\/#primaryimage","url":"https:\/\/amrtop.net\/wp-content\/uploads\/2020\/01\/ps22s.jpg","contentUrl":"https:\/\/amrtop.net\/wp-content\/uploads\/2020\/01\/ps22s.jpg","width":960,"height":960,"caption":"Bougie \u00e9tanche en quartz avec raccord 3\/8 en c\u00e9ramique - r\u00e9sistance \u00e0 l\u2019allumage par quartz - cartouche d\u2019allumage en quartz pour po\u00eales, radiateurs, inserts et chaudi\u00e8res \u00e0 granul\u00e9s"},{"@type":"BreadcrumbList","@id":"https:\/\/amrtop.net\/produit\/bougie-etanche-en-quartz-avec-raccord-3-8-en-ceramique\/#breadcrumb","itemListElement":[{"@type":"ListItem","position":1,"name":"Home","item":"https:\/\/amrtop.net\/"},{"@type":"ListItem","position":2,"name":"Shop","item":"https:\/\/amrtop.net\/negozio\/"},{"@type":"ListItem","position":3,"name":"Bougie \u00e9tanche en quartz avec raccord 3\/8 en c\u00e9ramique &#8211; Dimensions Quartz 68 x 4 mm &#8211; 300 Watt &#8211; Longueur totale 113 mm &#8211; Code PS22S"}]},{"@type":"WebSite","@id":"https:\/\/amrtop.net\/#website","url":"https:\/\/amrtop.net\/","name":"AMRTOP B2B Abroad - Achizi\u021bii rezervate profesioni\u0219tilor","description":"Piese de schimb \u0219i accesorii pentru sobe \u0219i cazane - eCommerce B2B pentru clien\u021bi profesioni\u0219ti","potentialAction":[{"@type":"SearchAction","target":{"@type":"EntryPoint","urlTemplate":"https:\/\/amrtop.net\/?s={search_term_string}"},"query-input":{"@type":"PropertyValueSpecification","valueRequired":true,"valueName":"search_term_string"}}],"inLanguage":"ro-RO"}]}},"_links":{"self":[{"href":"https:\/\/amrtop.net\/ro\/wp-json\/wp\/v2\/product\/21675","targetHints":{"allow":["GET"]}}],"collection":[{"href":"https:\/\/amrtop.net\/ro\/wp-json\/wp\/v2\/product"}],"about":[{"href":"https:\/\/amrtop.net\/ro\/wp-json\/wp\/v2\/types\/product"}],"replies":[{"embeddable":true,"href":"https:\/\/amrtop.net\/ro\/wp-json\/wp\/v2\/comments?post=21675"}],"wp:featuredmedia":[{"embeddable":true,"href":"https:\/\/amrtop.net\/ro\/wp-json\/wp\/v2\/media\/34692"}],"wp:attachment":[{"href":"https:\/\/amrtop.net\/ro\/wp-json\/wp\/v2\/media?parent=21675"}],"wp:term":[{"taxonomy":"product_brand","embeddable":true,"href":"https:\/\/amrtop.net\/ro\/wp-json\/wp\/v2\/product_brand?post=21675"},{"taxonomy":"product_cat","embeddable":true,"href":"https:\/\/amrtop.net\/ro\/wp-json\/wp\/v2\/product_cat?post=21675"},{"taxonomy":"product_tag","embeddable":true,"href":"https:\/\/amrtop.net\/ro\/wp-json\/wp\/v2\/product_tag?post=21675"}],"curies":[{"name":"wp","href":"https:\/\/api.w.org\/{rel}","templated":true}]}}