{"id":22551,"date":"2020-01-10T00:00:00","date_gmt":"2020-01-10T00:00:00","guid":{"rendered":"https:\/\/amrtop.com\/B2B\/?post_type=product&#038;p=22551"},"modified":"2023-06-08T11:53:37","modified_gmt":"2023-06-08T11:53:37","slug":"herisson-o-70-mm-rigide-en-nylon-060-mm-longeur-300-mm-code-spc3002","status":"publish","type":"product","link":"https:\/\/amrtop.net\/ro\/produit\/herisson-o-70-mm-rigide-en-nylon-060-mm-longeur-300-mm-code-spc3002\/","title":{"rendered":"Rigid \u00d8 70 mm tij\u0103 nylon 0.60 mm lungime 300 mm Cod SPC3002"},"content":{"rendered":"<hr \/>\n<h3>H\u00e9risson \u00d8 70 mm rigide en nylon 0,60 mm longeur 300 mm<\/h3>\n<p>Code SPC3002<\/p>\n<hr \/>\n<p>H\u00e9rissons en nylon avec tige rigide de 0,70 mm, id\u00e9ale pour le nettoyage \u00e0 l\u2019int\u00e9rieur des \u00e9changeurs de chaleur ou des bandes tubulaires des po\u00eales et chaudi\u00e8res \u00e0 pellets et bois.<br \/>\nLa tige rigide permet un nettoyage plus \u00e9nergique.<\/p>","protected":false},"excerpt":{"rendered":"<hr \/>\n<h2><span style=\"color: #339966\">Disponibil la<\/span><\/h2>","protected":false},"featured_media":33041,"comment_status":"open","ping_status":"closed","template":"","meta":[],"product_brand":[],"product_cat":[1506,1505],"product_tag":[],"class_list":{"0":"post-22551","1":"product","2":"type-product","3":"status-publish","4":"has-post-thumbnail","6":"product_cat-accessoires-bois-et-pellets","7":"product_cat-produits-et-accessoires-fumisterie","8":"product_shipping_class-classe-di-spedizione-01","10":"first","11":"instock","12":"shipping-taxable","13":"purchasable","14":"product-type-simple"},"yoast_head":"<!-- This site is optimized with the Yoast SEO plugin v27.5 - https:\/\/yoast.com\/product\/yoast-seo-wordpress\/ -->\n<title>H\u00e9risson \u00d8 70 mm rigide en nylon 0,60 mm longeur 300 mm Code SPC3002<\/title>\n<meta name=\"robots\" content=\"index, follow, max-snippet:-1, max-image-preview:large, max-video-preview:-1\" \/>\n<link rel=\"canonical\" href=\"https:\/\/amrtop.net\/ro\/produs\/herisson-o-70-mm-rigide-en-nylon-060-mm-longeur-300-mm-code-spc3002\/\" \/>\n<meta property=\"og:locale\" content=\"ro_RO\" \/>\n<meta property=\"og:type\" content=\"article\" \/>\n<meta property=\"og:title\" content=\"H\u00e9risson \u00d8 70 mm rigide en nylon 0,60 mm longeur 300 mm Code SPC3002\" \/>\n<meta property=\"og:description\" content=\"Disponibile\" \/>\n<meta property=\"og:url\" content=\"https:\/\/amrtop.net\/ro\/produs\/herisson-o-70-mm-rigide-en-nylon-060-mm-longeur-300-mm-code-spc3002\/\" \/>\n<meta property=\"og:site_name\" content=\"AMRTOP B2B \u00c9tranger - Achats r\u00e9serv\u00e9s au professionnel\" \/>\n<meta property=\"article:modified_time\" content=\"2023-06-08T11:53:37+00:00\" \/>\n<meta property=\"og:image\" content=\"https:\/\/amrtop.net\/wp-content\/uploads\/2022\/06\/SCOVOLO-RIGIDO-NYLON.jpg\" \/>\n\t<meta property=\"og:image:width\" content=\"960\" \/>\n\t<meta property=\"og:image:height\" content=\"960\" \/>\n\t<meta property=\"og:image:type\" content=\"image\/jpeg\" \/>\n<meta name=\"twitter:card\" content=\"summary_large_image\" \/>\n<meta name=\"twitter:label1\" content=\"Timp estimat pentru citire\" \/>\n\t<meta name=\"twitter:data1\" content=\"1 minut\" \/>\n<script type=\"application\/ld+json\" class=\"yoast-schema-graph\">{\"@context\":\"https:\\\/\\\/schema.org\",\"@graph\":[{\"@type\":\"WebPage\",\"@id\":\"https:\\\/\\\/amrtop.net\\\/produit\\\/herisson-o-70-mm-rigide-en-nylon-060-mm-longeur-300-mm-code-spc3002\\\/\",\"url\":\"https:\\\/\\\/amrtop.net\\\/produit\\\/herisson-o-70-mm-rigide-en-nylon-060-mm-longeur-300-mm-code-spc3002\\\/\",\"name\":\"H\u00e9risson \u00d8 70 mm rigide en nylon 0,60 mm longeur 300 mm Code SPC3002\",\"isPartOf\":{\"@id\":\"https:\\\/\\\/amrtop.net\\\/#website\"},\"primaryImageOfPage\":{\"@id\":\"https:\\\/\\\/amrtop.net\\\/produit\\\/herisson-o-70-mm-rigide-en-nylon-060-mm-longeur-300-mm-code-spc3002\\\/#primaryimage\"},\"image\":{\"@id\":\"https:\\\/\\\/amrtop.net\\\/produit\\\/herisson-o-70-mm-rigide-en-nylon-060-mm-longeur-300-mm-code-spc3002\\\/#primaryimage\"},\"thumbnailUrl\":\"https:\\\/\\\/amrtop.net\\\/wp-content\\\/uploads\\\/2022\\\/06\\\/SCOVOLO-RIGIDO-NYLON.jpg\",\"datePublished\":\"2020-01-10T00:00:00+00:00\",\"dateModified\":\"2023-06-08T11:53:37+00:00\",\"breadcrumb\":{\"@id\":\"https:\\\/\\\/amrtop.net\\\/produit\\\/herisson-o-70-mm-rigide-en-nylon-060-mm-longeur-300-mm-code-spc3002\\\/#breadcrumb\"},\"inLanguage\":\"ro-RO\",\"potentialAction\":[{\"@type\":\"ReadAction\",\"target\":[\"https:\\\/\\\/amrtop.net\\\/produit\\\/herisson-o-70-mm-rigide-en-nylon-060-mm-longeur-300-mm-code-spc3002\\\/\"]}]},{\"@type\":\"ImageObject\",\"inLanguage\":\"ro-RO\",\"@id\":\"https:\\\/\\\/amrtop.net\\\/produit\\\/herisson-o-70-mm-rigide-en-nylon-060-mm-longeur-300-mm-code-spc3002\\\/#primaryimage\",\"url\":\"https:\\\/\\\/amrtop.net\\\/wp-content\\\/uploads\\\/2022\\\/06\\\/SCOVOLO-RIGIDO-NYLON.jpg\",\"contentUrl\":\"https:\\\/\\\/amrtop.net\\\/wp-content\\\/uploads\\\/2022\\\/06\\\/SCOVOLO-RIGIDO-NYLON.jpg\",\"width\":960,\"height\":960,\"caption\":\"H\u00e9risson \u00d8 60 mm mall\u00e9able en nylon 0,30 mm longeur 300 mm Code SPC3001\"},{\"@type\":\"BreadcrumbList\",\"@id\":\"https:\\\/\\\/amrtop.net\\\/produit\\\/herisson-o-70-mm-rigide-en-nylon-060-mm-longeur-300-mm-code-spc3002\\\/#breadcrumb\",\"itemListElement\":[{\"@type\":\"ListItem\",\"position\":1,\"name\":\"Home\",\"item\":\"https:\\\/\\\/amrtop.net\\\/\"},{\"@type\":\"ListItem\",\"position\":2,\"name\":\"Shop\",\"item\":\"https:\\\/\\\/amrtop.net\\\/negozio\\\/\"},{\"@type\":\"ListItem\",\"position\":3,\"name\":\"H\u00e9risson \u00d8 70 mm rigide en nylon 0,60 mm longeur 300 mm Code SPC3002\"}]},{\"@type\":\"WebSite\",\"@id\":\"https:\\\/\\\/amrtop.net\\\/#website\",\"url\":\"https:\\\/\\\/amrtop.net\\\/\",\"name\":\"AMRTOP B2B \u00c9tranger - Achats r\u00e9serv\u00e9s au professionnel\",\"description\":\"Pi\u00e8ces de rechange et accessoires pour po\u00eales et chaudi\u00e8res - eCommerce B2B pour Clients Professionnels\",\"potentialAction\":[{\"@type\":\"SearchAction\",\"target\":{\"@type\":\"EntryPoint\",\"urlTemplate\":\"https:\\\/\\\/amrtop.net\\\/?s={search_term_string}\"},\"query-input\":{\"@type\":\"PropertyValueSpecification\",\"valueRequired\":true,\"valueName\":\"search_term_string\"}}],\"inLanguage\":\"ro-RO\"}]}<\/script>\n<!-- \/ Yoast SEO plugin. -->","yoast_head_json":{"title":"Rigid \u00d8 70 mm tij\u0103 nylon 0.60 mm lungime 300 mm Cod SPC3002","robots":{"index":"index","follow":"follow","max-snippet":"max-snippet:-1","max-image-preview":"max-image-preview:large","max-video-preview":"max-video-preview:-1"},"canonical":"https:\/\/amrtop.net\/ro\/produs\/herisson-o-70-mm-rigide-en-nylon-060-mm-longeur-300-mm-code-spc3002\/","og_locale":"ro_RO","og_type":"article","og_title":"H\u00e9risson \u00d8 70 mm rigide en nylon 0,60 mm longeur 300 mm Code SPC3002","og_description":"Disponibile","og_url":"https:\/\/amrtop.net\/ro\/produs\/herisson-o-70-mm-rigide-en-nylon-060-mm-longeur-300-mm-code-spc3002\/","og_site_name":"AMRTOP B2B \u00c9tranger - Achats r\u00e9serv\u00e9s au professionnel","article_modified_time":"2023-06-08T11:53:37+00:00","og_image":[{"width":960,"height":960,"url":"https:\/\/amrtop.net\/wp-content\/uploads\/2022\/06\/SCOVOLO-RIGIDO-NYLON.jpg","type":"image\/jpeg"}],"twitter_card":"summary_large_image","twitter_misc":{"Timp estimat pentru citire":"1 minut"},"schema":{"@context":"https:\/\/schema.org","@graph":[{"@type":"WebPage","@id":"https:\/\/amrtop.net\/produit\/herisson-o-70-mm-rigide-en-nylon-060-mm-longeur-300-mm-code-spc3002\/","url":"https:\/\/amrtop.net\/produit\/herisson-o-70-mm-rigide-en-nylon-060-mm-longeur-300-mm-code-spc3002\/","name":"Rigid \u00d8 70 mm tij\u0103 nylon 0.60 mm lungime 300 mm Cod SPC3002","isPartOf":{"@id":"https:\/\/amrtop.net\/#website"},"primaryImageOfPage":{"@id":"https:\/\/amrtop.net\/produit\/herisson-o-70-mm-rigide-en-nylon-060-mm-longeur-300-mm-code-spc3002\/#primaryimage"},"image":{"@id":"https:\/\/amrtop.net\/produit\/herisson-o-70-mm-rigide-en-nylon-060-mm-longeur-300-mm-code-spc3002\/#primaryimage"},"thumbnailUrl":"https:\/\/amrtop.net\/wp-content\/uploads\/2022\/06\/SCOVOLO-RIGIDO-NYLON.jpg","datePublished":"2020-01-10T00:00:00+00:00","dateModified":"2023-06-08T11:53:37+00:00","breadcrumb":{"@id":"https:\/\/amrtop.net\/produit\/herisson-o-70-mm-rigide-en-nylon-060-mm-longeur-300-mm-code-spc3002\/#breadcrumb"},"inLanguage":"ro-RO","potentialAction":[{"@type":"ReadAction","target":["https:\/\/amrtop.net\/produit\/herisson-o-70-mm-rigide-en-nylon-060-mm-longeur-300-mm-code-spc3002\/"]}]},{"@type":"ImageObject","inLanguage":"ro-RO","@id":"https:\/\/amrtop.net\/produit\/herisson-o-70-mm-rigide-en-nylon-060-mm-longeur-300-mm-code-spc3002\/#primaryimage","url":"https:\/\/amrtop.net\/wp-content\/uploads\/2022\/06\/SCOVOLO-RIGIDO-NYLON.jpg","contentUrl":"https:\/\/amrtop.net\/wp-content\/uploads\/2022\/06\/SCOVOLO-RIGIDO-NYLON.jpg","width":960,"height":960,"caption":"H\u00e9risson \u00d8 60 mm mall\u00e9able en nylon 0,30 mm longeur 300 mm Code SPC3001"},{"@type":"BreadcrumbList","@id":"https:\/\/amrtop.net\/produit\/herisson-o-70-mm-rigide-en-nylon-060-mm-longeur-300-mm-code-spc3002\/#breadcrumb","itemListElement":[{"@type":"ListItem","position":1,"name":"Home","item":"https:\/\/amrtop.net\/"},{"@type":"ListItem","position":2,"name":"Shop","item":"https:\/\/amrtop.net\/negozio\/"},{"@type":"ListItem","position":3,"name":"H\u00e9risson \u00d8 70 mm rigide en nylon 0,60 mm longeur 300 mm Code SPC3002"}]},{"@type":"WebSite","@id":"https:\/\/amrtop.net\/#website","url":"https:\/\/amrtop.net\/","name":"AMRTOP B2B Abroad - Achizi\u021bii rezervate profesioni\u0219tilor","description":"Piese de schimb \u0219i accesorii pentru sobe \u0219i cazane - eCommerce B2B pentru clien\u021bi profesioni\u0219ti","potentialAction":[{"@type":"SearchAction","target":{"@type":"EntryPoint","urlTemplate":"https:\/\/amrtop.net\/?s={search_term_string}"},"query-input":{"@type":"PropertyValueSpecification","valueRequired":true,"valueName":"search_term_string"}}],"inLanguage":"ro-RO"}]}},"_links":{"self":[{"href":"https:\/\/amrtop.net\/ro\/wp-json\/wp\/v2\/product\/22551","targetHints":{"allow":["GET"]}}],"collection":[{"href":"https:\/\/amrtop.net\/ro\/wp-json\/wp\/v2\/product"}],"about":[{"href":"https:\/\/amrtop.net\/ro\/wp-json\/wp\/v2\/types\/product"}],"replies":[{"embeddable":true,"href":"https:\/\/amrtop.net\/ro\/wp-json\/wp\/v2\/comments?post=22551"}],"wp:featuredmedia":[{"embeddable":true,"href":"https:\/\/amrtop.net\/ro\/wp-json\/wp\/v2\/media\/33041"}],"wp:attachment":[{"href":"https:\/\/amrtop.net\/ro\/wp-json\/wp\/v2\/media?parent=22551"}],"wp:term":[{"taxonomy":"product_brand","embeddable":true,"href":"https:\/\/amrtop.net\/ro\/wp-json\/wp\/v2\/product_brand?post=22551"},{"taxonomy":"product_cat","embeddable":true,"href":"https:\/\/amrtop.net\/ro\/wp-json\/wp\/v2\/product_cat?post=22551"},{"taxonomy":"product_tag","embeddable":true,"href":"https:\/\/amrtop.net\/ro\/wp-json\/wp\/v2\/product_tag?post=22551"}],"curies":[{"name":"wp","href":"https:\/\/api.w.org\/{rel}","templated":true}]}}