{"id":22555,"date":"2020-01-10T00:00:00","date_gmt":"2020-01-10T00:00:00","guid":{"rendered":"https:\/\/amrtop.com\/B2B\/?post_type=product&#038;p=22555"},"modified":"2023-06-08T12:04:29","modified_gmt":"2023-06-08T12:04:29","slug":"pinceau-nettoyage-du-brasier-en-acier-inox-avec-grattoir","status":"publish","type":"product","link":"https:\/\/amrtop.net\/ro\/produit\/pinceau-nettoyage-du-brasier-en-acier-inox-avec-grattoir\/","title":{"rendered":"Perie pentru cur\u0103\u021barea suporturilor din o\u021bel cu raclet\u0103 - lungime 250 mm - Cod.SPC3007"},"content":{"rendered":"<hr \/>\n<h3>Pinceau nettoyage du brasier en acier inox avec grattoir<\/h3>\n<p>La Amrtop, furniz\u0103m kituri profesionale complete pentru cur\u0103\u021barea sobelor pe pele\u021bi, a \u0219emineelor \u0219i a cazanelor.<\/p>\n<p>Suntem specializa\u021bi \u00een v\u00e2nzarea de insigne \u0219i perii industriale de peste 10 ani, aduc\u00e2nd calitatea uneltelor \u0219i accesoriilor profesionale \u00een casele italienilor.<\/p>\n<p>Toate produsele noastre sunt fabricate \u0219i asamblate \u00een Piemont, de c\u0103tre companii specializate \u00een sectorul produc\u021biei de fum, pentru a garanta calitatea \u00eenalt\u0103 a gamei largi disponibile.<\/p>\n<ul>\n<li>Articole pentru cur\u0103\u021barea sobelor pe pele\u021bi \u0219i pe lemne -<\/li>\n<li>Kit de accesorii complet, u\u0219or de utilizat pentru cur\u0103\u021barea co\u0219ului de fum<\/li>\n<li>Perii de m\u00e2n\u0103 pentru cur\u0103\u021bare general\u0103 pentru toate lucr\u0103rile de bricolaj -<\/li>\n<\/ul>\n<h3>Utilizzo del pinceau nettoyage du brasier en acier inox avec grattoir<\/h3>\n<p>Il pennello multiuso in acciaio con raschietto \u00e8 stato progettato appositamente per la pulizia del bracere delle stufe e caldaie a pellet e legna.<br \/>\nIl suo doppio uso lo rende molto efficace e versatile nelle situazioni dove sono presenti incrostazioni spesse e difficili da eliminare<\/p>\n<h3>Interior<\/h3>\n<p><a href=\"https:\/\/wekos.it\/\">Sobe, aragazuri \u0219i aragazuri pe lemne<\/a>\u00a0-\u00a0<a href=\"https:\/\/www.greenpuros.com\/\">\u0219eminee, sobe \u0219i cazane pe pele\u021bi.<\/a><\/p>\n<h3>Gama Amrtop de piese de schimb \u0219i accesorii<\/h3>\n<p><a href=\"https:\/\/amrtop.net\/ro\/categoria-de-produse\/piese-de-schimb-sobe-si-cazane-de-gatit-si-cazane-mixte-2\/bougies-dallumage-pour-poeles-et-chaudieres-a-pellets\/\">Bujii incandescente<\/a><\/p>\n<p><a href=\"https:\/\/amrtop.net\/ro\/categoria-de-produse\/piese-de-schimb-sobe-si-cazane-de-gatit-si-cazane-mixte-2\/electronique\/\">Electronic\u0103<\/a><\/p>\n<p><a href=\"https:\/\/amrtop.net\/ro\/categoria-de-produse\/piese-de-schimb-sobe-si-cazane-de-gatit-si-cazane-mixte-2\/extracteurs-de-fumee\/\">Extractoare de fum<\/a><\/p>\n<p><a href=\"https:\/\/amrtop.net\/ro\/categoria-de-produse\/piese-de-schimb-sobe-si-cazane-de-gatit-si-cazane-mixte-2\/gaines-cable-connecteurs\/\">Teci de cablu conector<\/a><\/p>\n<p><a href=\"https:\/\/amrtop.net\/ro\/categoria-de-produse\/piese-de-schimb-sobe-si-cazane-de-gatit-si-cazane-mixte-2\/joints-de-silicone\/\">Garnituri de silicon<\/a><\/p>\n<p><a href=\"https:\/\/amrtop.net\/ro\/categoria-de-produse\/piese-de-schimb-sobe-si-cazane-de-gatit-si-cazane-mixte-2\/motoreducteurs\/\">Motoare cu angrenaje<\/a><\/p>\n<p><a href=\"https:\/\/amrtop.net\/ro\/categoria-de-produse\/piese-de-schimb-sobe-si-cazane-de-gatit-si-cazane-mixte-2\/pressostats-et-transducteurs\/\">Presostate \u0219i traductoare de presiune<\/a><\/p>\n<p><a href=\"https:\/\/amrtop.net\/ro\/categoria-de-produse\/piese-de-schimb-sobe-si-cazane-de-gatit-si-cazane-mixte-2\/sondes-thermostats-manometres-thermometres\/\">Sonde termostate manometre termometre termometre<\/a><\/p>\n<p><a href=\"https:\/\/amrtop.net\/ro\/categoria-de-produse\/piese-de-schimb-sobe-si-cazane-de-gatit-si-cazane-mixte-2\/joints-detancheite\/\">Tricotaje de etan\u0219are<\/a><\/p>\n<p><a href=\"https:\/\/amrtop.net\/ro\/categoria-de-produse\/piese-de-schimb-sobe-si-cazane-de-gatit-si-cazane-mixte-2\/ventilateurs-centrifuges-pour-poeles-a-pellets\/\">Ventilatoare centrifuge<\/a><\/p>\n<p><a href=\"https:\/\/amrtop.net\/ro\/categoria-de-produse\/piese-de-schimb-sobe-si-cazane-de-gatit-si-cazane-mixte-2\/ventilateurs-tangentiels-flux-transversal\/\">Ventilatoare cu flux \u00eencruci\u0219at<\/a><\/p>\n<p><a href=\"https:\/\/amrtop.net\/ro\/categoria-de-produse\/piese-de-schimb-sobe-si-cazane-de-gatit-si-cazane-mixte-2\/adhesifs-et-produits-detancheite\/\">Adezivi \u0219i materiale de etan\u0219are<\/a><\/p>\n<p>&nbsp;<\/p>","protected":false},"excerpt":{"rendered":"<hr \/>\n<h2><span style=\"color: #008000\">Disponibil la<\/span><\/h2>\n<hr \/>\n<h3>Pinceau nettoyage du brasier en acier inox avec grattoir longeur 250 mm<\/h3>\n<p>Code SPC3007<\/p>\n<p>Le pinceau multi-usage en acier avec grattoir est sp\u00e9cialement con\u00e7u pour le nettoyage des po\u00eales et chaudi\u00e8res \u00e0 pellets et bois.<br \/>\nUtilizarea sa dubl\u0103 \u00eel face extrem de eficient \u0219i versatil \u00een situa\u021bii \u00een care exist\u0103 incrusta\u021bii groase, greu de \u00eendep\u0103rtat<\/p>","protected":false},"featured_media":33318,"comment_status":"open","ping_status":"closed","template":"","meta":[],"product_brand":[],"product_cat":[1507,1505],"product_tag":[],"class_list":{"0":"post-22555","1":"product","2":"type-product","3":"status-publish","4":"has-post-thumbnail","6":"product_cat-accessoires-divers-pour-poeles-et-chaudieres","7":"product_cat-produits-et-accessoires-fumisterie","8":"product_shipping_class-classe-di-spedizione-01","10":"first","11":"instock","12":"shipping-taxable","13":"purchasable","14":"product-type-simple"},"yoast_head":"<!-- This site is optimized with the Yoast SEO plugin v27.4 - https:\/\/yoast.com\/product\/yoast-seo-wordpress\/ -->\n<title>Pinceau nettoyage du brasier en acier inox avec grattoir<\/title>\n<meta name=\"description\" content=\"Pinceau nettoyage du brasier en acier inox avec grattoir - Article de nettoyage des po\u00eales \u00e0 pellets et \u00e0 bois - Kit complet d\u2019accessoires faciles \u00e0 utiliser pour le nettoyage de la chemin\u00e9e et de la chemin\u00e9e - Brosses de nettoyage g\u00e9n\u00e9rales pour tout travail de DIY -\" \/>\n<meta name=\"robots\" content=\"index, follow, max-snippet:-1, max-image-preview:large, max-video-preview:-1\" \/>\n<link rel=\"canonical\" href=\"https:\/\/amrtop.net\/ro\/produs\/pinceau-nettoyage-du-brasier-en-acier-inox-avec-grattoir\/\" \/>\n<meta property=\"og:locale\" content=\"ro_RO\" \/>\n<meta property=\"og:type\" content=\"article\" \/>\n<meta property=\"og:title\" content=\"Pinceau nettoyage du brasier en acier inox avec grattoir\" \/>\n<meta property=\"og:description\" content=\"Pinceau nettoyage du brasier en acier inox avec grattoir - Article de nettoyage des po\u00eales \u00e0 pellets et \u00e0 bois - Kit complet d\u2019accessoires faciles \u00e0 utiliser pour le nettoyage de la chemin\u00e9e et de la chemin\u00e9e - Brosses de nettoyage g\u00e9n\u00e9rales pour tout travail de DIY -\" \/>\n<meta property=\"og:url\" content=\"https:\/\/amrtop.net\/ro\/produs\/pinceau-nettoyage-du-brasier-en-acier-inox-avec-grattoir\/\" \/>\n<meta property=\"og:site_name\" content=\"AMRTOP B2B \u00c9tranger - Achats r\u00e9serv\u00e9s au professionnel\" \/>\n<meta property=\"article:modified_time\" content=\"2023-06-08T12:04:29+00:00\" \/>\n<meta property=\"og:image\" content=\"https:\/\/amrtop.net\/wp-content\/uploads\/2022\/06\/spc3007.jpg\" \/>\n\t<meta property=\"og:image:width\" content=\"640\" \/>\n\t<meta property=\"og:image:height\" content=\"640\" \/>\n\t<meta property=\"og:image:type\" content=\"image\/jpeg\" \/>\n<meta name=\"twitter:card\" content=\"summary_large_image\" \/>\n<meta name=\"twitter:label1\" content=\"Timp estimat pentru citire\" \/>\n\t<meta name=\"twitter:data1\" content=\"1 minut\" \/>\n<script type=\"application\/ld+json\" class=\"yoast-schema-graph\">{\"@context\":\"https:\\\/\\\/schema.org\",\"@graph\":[{\"@type\":\"WebPage\",\"@id\":\"https:\\\/\\\/amrtop.net\\\/produit\\\/pinceau-nettoyage-du-brasier-en-acier-inox-avec-grattoir\\\/\",\"url\":\"https:\\\/\\\/amrtop.net\\\/produit\\\/pinceau-nettoyage-du-brasier-en-acier-inox-avec-grattoir\\\/\",\"name\":\"Pinceau nettoyage du brasier en acier inox avec grattoir\",\"isPartOf\":{\"@id\":\"https:\\\/\\\/amrtop.net\\\/#website\"},\"primaryImageOfPage\":{\"@id\":\"https:\\\/\\\/amrtop.net\\\/produit\\\/pinceau-nettoyage-du-brasier-en-acier-inox-avec-grattoir\\\/#primaryimage\"},\"image\":{\"@id\":\"https:\\\/\\\/amrtop.net\\\/produit\\\/pinceau-nettoyage-du-brasier-en-acier-inox-avec-grattoir\\\/#primaryimage\"},\"thumbnailUrl\":\"https:\\\/\\\/amrtop.net\\\/wp-content\\\/uploads\\\/2022\\\/06\\\/spc3007.jpg\",\"datePublished\":\"2020-01-10T00:00:00+00:00\",\"dateModified\":\"2023-06-08T12:04:29+00:00\",\"description\":\"Pinceau nettoyage du brasier en acier inox avec grattoir - Article de nettoyage des po\u00eales \u00e0 pellets et \u00e0 bois - Kit complet d\u2019accessoires faciles \u00e0 utiliser pour le nettoyage de la chemin\u00e9e et de la chemin\u00e9e - Brosses de nettoyage g\u00e9n\u00e9rales pour tout travail de DIY -\",\"breadcrumb\":{\"@id\":\"https:\\\/\\\/amrtop.net\\\/produit\\\/pinceau-nettoyage-du-brasier-en-acier-inox-avec-grattoir\\\/#breadcrumb\"},\"inLanguage\":\"ro-RO\",\"potentialAction\":[{\"@type\":\"ReadAction\",\"target\":[\"https:\\\/\\\/amrtop.net\\\/produit\\\/pinceau-nettoyage-du-brasier-en-acier-inox-avec-grattoir\\\/\"]}]},{\"@type\":\"ImageObject\",\"inLanguage\":\"ro-RO\",\"@id\":\"https:\\\/\\\/amrtop.net\\\/produit\\\/pinceau-nettoyage-du-brasier-en-acier-inox-avec-grattoir\\\/#primaryimage\",\"url\":\"https:\\\/\\\/amrtop.net\\\/wp-content\\\/uploads\\\/2022\\\/06\\\/spc3007.jpg\",\"contentUrl\":\"https:\\\/\\\/amrtop.net\\\/wp-content\\\/uploads\\\/2022\\\/06\\\/spc3007.jpg\",\"width\":640,\"height\":640,\"caption\":\"Pinceau nettoyage du brasier en acier inox avec grattoir - Article de nettoyage des po\u00eales \u00e0 pellets et \u00e0 bois - Kit complet d\u2019accessoires faciles \u00e0 utiliser pour le nettoyage de la chemin\u00e9e et de la chemin\u00e9e - Brosses de nettoyage g\u00e9n\u00e9rales pour tout travail de DIY -\"},{\"@type\":\"BreadcrumbList\",\"@id\":\"https:\\\/\\\/amrtop.net\\\/produit\\\/pinceau-nettoyage-du-brasier-en-acier-inox-avec-grattoir\\\/#breadcrumb\",\"itemListElement\":[{\"@type\":\"ListItem\",\"position\":1,\"name\":\"Home\",\"item\":\"https:\\\/\\\/amrtop.net\\\/\"},{\"@type\":\"ListItem\",\"position\":2,\"name\":\"Shop\",\"item\":\"https:\\\/\\\/amrtop.net\\\/negozio\\\/\"},{\"@type\":\"ListItem\",\"position\":3,\"name\":\"Pinceau pour nettoyer les brasi\u00e8res en acier avec racleur &#8211; longueur 250 mm &#8211; Code.SPC3007\"}]},{\"@type\":\"WebSite\",\"@id\":\"https:\\\/\\\/amrtop.net\\\/#website\",\"url\":\"https:\\\/\\\/amrtop.net\\\/\",\"name\":\"AMRTOP B2B \u00c9tranger - Achats r\u00e9serv\u00e9s au professionnel\",\"description\":\"Pi\u00e8ces de rechange et accessoires pour po\u00eales et chaudi\u00e8res - eCommerce B2B pour Clients Professionnels\",\"potentialAction\":[{\"@type\":\"SearchAction\",\"target\":{\"@type\":\"EntryPoint\",\"urlTemplate\":\"https:\\\/\\\/amrtop.net\\\/?s={search_term_string}\"},\"query-input\":{\"@type\":\"PropertyValueSpecification\",\"valueRequired\":true,\"valueName\":\"search_term_string\"}}],\"inLanguage\":\"ro-RO\"}]}<\/script>\n<!-- \/ Yoast SEO plugin. -->","yoast_head_json":{"title":"Pinceau nettoyage du brasier en acier inox avec grattoir","description":"Perie din o\u021bel inoxidabil pentru cur\u0103\u021barea brazierului cu r\u0103zuitor - Articol pentru cur\u0103\u021barea sobei pe pele\u021bi \u0219i pe lemne - Set complet de accesorii u\u0219or de utilizat pentru cur\u0103\u021barea co\u0219urilor de fum \u0219i a \u0219emineelor - Perii de cur\u0103\u021bare general\u0103 pentru toate lucr\u0103rile de bricolaj -","robots":{"index":"index","follow":"follow","max-snippet":"max-snippet:-1","max-image-preview":"max-image-preview:large","max-video-preview":"max-video-preview:-1"},"canonical":"https:\/\/amrtop.net\/ro\/produs\/pinceau-nettoyage-du-brasier-en-acier-inox-avec-grattoir\/","og_locale":"ro_RO","og_type":"article","og_title":"Pinceau nettoyage du brasier en acier inox avec grattoir","og_description":"Pinceau nettoyage du brasier en acier inox avec grattoir - Article de nettoyage des po\u00eales \u00e0 pellets et \u00e0 bois - Kit complet d\u2019accessoires faciles \u00e0 utiliser pour le nettoyage de la chemin\u00e9e et de la chemin\u00e9e - Brosses de nettoyage g\u00e9n\u00e9rales pour tout travail de DIY -","og_url":"https:\/\/amrtop.net\/ro\/produs\/pinceau-nettoyage-du-brasier-en-acier-inox-avec-grattoir\/","og_site_name":"AMRTOP B2B \u00c9tranger - Achats r\u00e9serv\u00e9s au professionnel","article_modified_time":"2023-06-08T12:04:29+00:00","og_image":[{"width":640,"height":640,"url":"https:\/\/amrtop.net\/wp-content\/uploads\/2022\/06\/spc3007.jpg","type":"image\/jpeg"}],"twitter_card":"summary_large_image","twitter_misc":{"Timp estimat pentru citire":"1 minut"},"schema":{"@context":"https:\/\/schema.org","@graph":[{"@type":"WebPage","@id":"https:\/\/amrtop.net\/produit\/pinceau-nettoyage-du-brasier-en-acier-inox-avec-grattoir\/","url":"https:\/\/amrtop.net\/produit\/pinceau-nettoyage-du-brasier-en-acier-inox-avec-grattoir\/","name":"Pinceau nettoyage du brasier en acier inox avec grattoir","isPartOf":{"@id":"https:\/\/amrtop.net\/#website"},"primaryImageOfPage":{"@id":"https:\/\/amrtop.net\/produit\/pinceau-nettoyage-du-brasier-en-acier-inox-avec-grattoir\/#primaryimage"},"image":{"@id":"https:\/\/amrtop.net\/produit\/pinceau-nettoyage-du-brasier-en-acier-inox-avec-grattoir\/#primaryimage"},"thumbnailUrl":"https:\/\/amrtop.net\/wp-content\/uploads\/2022\/06\/spc3007.jpg","datePublished":"2020-01-10T00:00:00+00:00","dateModified":"2023-06-08T12:04:29+00:00","description":"Perie din o\u021bel inoxidabil pentru cur\u0103\u021barea brazierului cu r\u0103zuitor - Articol pentru cur\u0103\u021barea sobei pe pele\u021bi \u0219i pe lemne - Set complet de accesorii u\u0219or de utilizat pentru cur\u0103\u021barea co\u0219urilor de fum \u0219i a \u0219emineelor - Perii de cur\u0103\u021bare general\u0103 pentru toate lucr\u0103rile de bricolaj -","breadcrumb":{"@id":"https:\/\/amrtop.net\/produit\/pinceau-nettoyage-du-brasier-en-acier-inox-avec-grattoir\/#breadcrumb"},"inLanguage":"ro-RO","potentialAction":[{"@type":"ReadAction","target":["https:\/\/amrtop.net\/produit\/pinceau-nettoyage-du-brasier-en-acier-inox-avec-grattoir\/"]}]},{"@type":"ImageObject","inLanguage":"ro-RO","@id":"https:\/\/amrtop.net\/produit\/pinceau-nettoyage-du-brasier-en-acier-inox-avec-grattoir\/#primaryimage","url":"https:\/\/amrtop.net\/wp-content\/uploads\/2022\/06\/spc3007.jpg","contentUrl":"https:\/\/amrtop.net\/wp-content\/uploads\/2022\/06\/spc3007.jpg","width":640,"height":640,"caption":"Pinceau nettoyage du brasier en acier inox avec grattoir - Article de nettoyage des po\u00eales \u00e0 pellets et \u00e0 bois - Kit complet d\u2019accessoires faciles \u00e0 utiliser pour le nettoyage de la chemin\u00e9e et de la chemin\u00e9e - Brosses de nettoyage g\u00e9n\u00e9rales pour tout travail de DIY -"},{"@type":"BreadcrumbList","@id":"https:\/\/amrtop.net\/produit\/pinceau-nettoyage-du-brasier-en-acier-inox-avec-grattoir\/#breadcrumb","itemListElement":[{"@type":"ListItem","position":1,"name":"Home","item":"https:\/\/amrtop.net\/"},{"@type":"ListItem","position":2,"name":"Shop","item":"https:\/\/amrtop.net\/negozio\/"},{"@type":"ListItem","position":3,"name":"Pinceau pour nettoyer les brasi\u00e8res en acier avec racleur &#8211; longueur 250 mm &#8211; Code.SPC3007"}]},{"@type":"WebSite","@id":"https:\/\/amrtop.net\/#website","url":"https:\/\/amrtop.net\/","name":"AMRTOP B2B Abroad - Achizi\u021bii rezervate profesioni\u0219tilor","description":"Piese de schimb \u0219i accesorii pentru sobe \u0219i cazane - eCommerce B2B pentru clien\u021bi profesioni\u0219ti","potentialAction":[{"@type":"SearchAction","target":{"@type":"EntryPoint","urlTemplate":"https:\/\/amrtop.net\/?s={search_term_string}"},"query-input":{"@type":"PropertyValueSpecification","valueRequired":true,"valueName":"search_term_string"}}],"inLanguage":"ro-RO"}]}},"_links":{"self":[{"href":"https:\/\/amrtop.net\/ro\/wp-json\/wp\/v2\/product\/22555","targetHints":{"allow":["GET"]}}],"collection":[{"href":"https:\/\/amrtop.net\/ro\/wp-json\/wp\/v2\/product"}],"about":[{"href":"https:\/\/amrtop.net\/ro\/wp-json\/wp\/v2\/types\/product"}],"replies":[{"embeddable":true,"href":"https:\/\/amrtop.net\/ro\/wp-json\/wp\/v2\/comments?post=22555"}],"wp:featuredmedia":[{"embeddable":true,"href":"https:\/\/amrtop.net\/ro\/wp-json\/wp\/v2\/media\/33318"}],"wp:attachment":[{"href":"https:\/\/amrtop.net\/ro\/wp-json\/wp\/v2\/media?parent=22555"}],"wp:term":[{"taxonomy":"product_brand","embeddable":true,"href":"https:\/\/amrtop.net\/ro\/wp-json\/wp\/v2\/product_brand?post=22555"},{"taxonomy":"product_cat","embeddable":true,"href":"https:\/\/amrtop.net\/ro\/wp-json\/wp\/v2\/product_cat?post=22555"},{"taxonomy":"product_tag","embeddable":true,"href":"https:\/\/amrtop.net\/ro\/wp-json\/wp\/v2\/product_tag?post=22555"}],"curies":[{"name":"wp","href":"https:\/\/api.w.org\/{rel}","templated":true}]}}