{"id":22631,"date":"2022-03-22T14:21:32","date_gmt":"2022-03-22T14:21:32","guid":{"rendered":"https:\/\/amrtop.com\/B2B\/?post_type=product&#038;p=22631"},"modified":"2023-06-08T14:28:43","modified_gmt":"2023-06-08T14:28:43","slug":"kit-pellet-6-mt-2-brosse-nylon-fixe-et-flexible-o-80-mm-code-kp62001","status":"publish","type":"product","link":"https:\/\/amrtop.net\/ro\/produit\/kit-pellet-6-mt-2-brosse-nylon-fixe-et-flexible-o-80-mm-code-kp62001\/","title":{"rendered":"Kit pellet 6 mt + 2 brosse nylon fixe et flexible \u00f8 80 mm Code KP62001"},"content":{"rendered":"<hr \/>\n<h3>Kit pellet 6 mt + 2 brosse nylon fixe et flexible \u00f8 80 mm<\/h3>\n<p>Code KP62001<\/p>\n<hr \/>\n<p>Kitul con\u021bine :<br \/>\nNm 2 Cablu prelungitor flexibil de 3 metri<br \/>\nNm 1 perie fix\u0103 din nailon<br \/>\nNm 1 perie flexibil\u0103 din nailon \u00f8 80 mm<br \/>\nNm 1 m\u00e2ner de plastic<br \/>\nNm 1 perie de nailon universal cu m\u00e2ner din plastic.<\/p>\n<p>Peria fix\u0103 de nailon \u00f8 80 mm este util\u0103 pentru cur\u0103\u021barea \u021bevilor \u0219i a co\u0219urilor de fum, iar lungimea co\u0219ului de fum \u00eenseamn\u0103 c\u0103 pute\u021bi cur\u0103\u021ba cu u\u0219urin\u021b\u0103 prin curbe.<br \/>\nLe brosse flexible en nylon \u00f8 80 mm est tr\u00e8s polyvalent et simplifie le nettoyage des tuyaux et des conduits de fum\u00e9e.Sa longueur r\u00e9duite et sa flexibilit\u00e9 lui permettent de traverser des couds \u00e0 90\u00b0et des espaces difficiles d\u00e0 rejoindre.<br \/>\n\u0218urubul filetat ISO M12x1,75 mm de la cap\u0103tul sculei este utilizat pentru a se conecta cu extensia flexibil\u0103 albastr\u0103 de 3 metri, care este acoperit\u0103 cu un material rigid \u0219i \u00eent\u0103rit.<\/p>","protected":false},"excerpt":{"rendered":"<h2><span style=\"color: #339966\">Disponibil la<\/span><\/h2>","protected":false},"featured_media":22870,"comment_status":"open","ping_status":"closed","template":"","meta":[],"product_brand":[],"product_cat":[1509,1505],"product_tag":[],"class_list":{"0":"post-22631","1":"product","2":"type-product","3":"status-publish","4":"has-post-thumbnail","6":"product_cat-kit-spazzacamino-pellet","7":"product_cat-produits-et-accessoires-fumisterie","8":"product_shipping_class-classe-di-spedizione-01","10":"first","11":"instock","12":"shipping-taxable","13":"purchasable","14":"product-type-simple"},"yoast_head":"<!-- This site is optimized with the Yoast SEO plugin v27.4 - https:\/\/yoast.com\/product\/yoast-seo-wordpress\/ -->\n<title>Kit pellet 6 mt + 2 brosse nylon fixe et flexible \u00f8 80 mm Code KP62001<\/title>\n<meta name=\"robots\" content=\"index, follow, max-snippet:-1, max-image-preview:large, max-video-preview:-1\" \/>\n<link rel=\"canonical\" href=\"https:\/\/amrtop.net\/ro\/produs\/kit-pellet-6-mt-2-brosse-nylon-fixe-et-flexible-o-80-mm-code-kp62001\/\" \/>\n<meta property=\"og:locale\" content=\"ro_RO\" \/>\n<meta property=\"og:type\" content=\"article\" \/>\n<meta property=\"og:title\" content=\"Kit pellet 6 mt + 2 brosse nylon fixe et flexible \u00f8 80 mm Code KP62001\" \/>\n<meta property=\"og:description\" content=\"Disponible\" \/>\n<meta property=\"og:url\" content=\"https:\/\/amrtop.net\/ro\/produs\/kit-pellet-6-mt-2-brosse-nylon-fixe-et-flexible-o-80-mm-code-kp62001\/\" \/>\n<meta property=\"og:site_name\" content=\"AMRTOP B2B \u00c9tranger - Achats r\u00e9serv\u00e9s au professionnel\" \/>\n<meta property=\"article:modified_time\" content=\"2023-06-08T14:28:43+00:00\" \/>\n<meta property=\"og:image\" content=\"https:\/\/amrtop.net\/wp-content\/uploads\/2022\/03\/kit-pellet.jpg\" \/>\n\t<meta property=\"og:image:width\" content=\"960\" \/>\n\t<meta property=\"og:image:height\" content=\"960\" \/>\n\t<meta property=\"og:image:type\" content=\"image\/jpeg\" \/>\n<meta name=\"twitter:card\" content=\"summary_large_image\" \/>\n<meta name=\"twitter:label1\" content=\"Timp estimat pentru citire\" \/>\n\t<meta name=\"twitter:data1\" content=\"1 minut\" \/>\n<script type=\"application\/ld+json\" class=\"yoast-schema-graph\">{\"@context\":\"https:\\\/\\\/schema.org\",\"@graph\":[{\"@type\":\"WebPage\",\"@id\":\"https:\\\/\\\/amrtop.net\\\/produit\\\/kit-pellet-6-mt-2-brosse-nylon-fixe-et-flexible-o-80-mm-code-kp62001\\\/\",\"url\":\"https:\\\/\\\/amrtop.net\\\/produit\\\/kit-pellet-6-mt-2-brosse-nylon-fixe-et-flexible-o-80-mm-code-kp62001\\\/\",\"name\":\"Kit pellet 6 mt + 2 brosse nylon fixe et flexible \u00f8 80 mm Code KP62001\",\"isPartOf\":{\"@id\":\"https:\\\/\\\/amrtop.net\\\/#website\"},\"primaryImageOfPage\":{\"@id\":\"https:\\\/\\\/amrtop.net\\\/produit\\\/kit-pellet-6-mt-2-brosse-nylon-fixe-et-flexible-o-80-mm-code-kp62001\\\/#primaryimage\"},\"image\":{\"@id\":\"https:\\\/\\\/amrtop.net\\\/produit\\\/kit-pellet-6-mt-2-brosse-nylon-fixe-et-flexible-o-80-mm-code-kp62001\\\/#primaryimage\"},\"thumbnailUrl\":\"https:\\\/\\\/amrtop.net\\\/wp-content\\\/uploads\\\/2022\\\/03\\\/kit-pellet.jpg\",\"datePublished\":\"2022-03-22T14:21:32+00:00\",\"dateModified\":\"2023-06-08T14:28:43+00:00\",\"breadcrumb\":{\"@id\":\"https:\\\/\\\/amrtop.net\\\/produit\\\/kit-pellet-6-mt-2-brosse-nylon-fixe-et-flexible-o-80-mm-code-kp62001\\\/#breadcrumb\"},\"inLanguage\":\"ro-RO\",\"potentialAction\":[{\"@type\":\"ReadAction\",\"target\":[\"https:\\\/\\\/amrtop.net\\\/produit\\\/kit-pellet-6-mt-2-brosse-nylon-fixe-et-flexible-o-80-mm-code-kp62001\\\/\"]}]},{\"@type\":\"ImageObject\",\"inLanguage\":\"ro-RO\",\"@id\":\"https:\\\/\\\/amrtop.net\\\/produit\\\/kit-pellet-6-mt-2-brosse-nylon-fixe-et-flexible-o-80-mm-code-kp62001\\\/#primaryimage\",\"url\":\"https:\\\/\\\/amrtop.net\\\/wp-content\\\/uploads\\\/2022\\\/03\\\/kit-pellet.jpg\",\"contentUrl\":\"https:\\\/\\\/amrtop.net\\\/wp-content\\\/uploads\\\/2022\\\/03\\\/kit-pellet.jpg\",\"width\":960,\"height\":960,\"caption\":\"Kit pellet 6 mt + 2 brosse nylon fixe et flexible \u00f8 80 mm Code KP62001\"},{\"@type\":\"BreadcrumbList\",\"@id\":\"https:\\\/\\\/amrtop.net\\\/produit\\\/kit-pellet-6-mt-2-brosse-nylon-fixe-et-flexible-o-80-mm-code-kp62001\\\/#breadcrumb\",\"itemListElement\":[{\"@type\":\"ListItem\",\"position\":1,\"name\":\"Home\",\"item\":\"https:\\\/\\\/amrtop.net\\\/\"},{\"@type\":\"ListItem\",\"position\":2,\"name\":\"Shop\",\"item\":\"https:\\\/\\\/amrtop.net\\\/negozio\\\/\"},{\"@type\":\"ListItem\",\"position\":3,\"name\":\"Kit pellet 6 mt + 2 brosse nylon fixe et flexible \u00f8 80 mm Code KP62001\"}]},{\"@type\":\"WebSite\",\"@id\":\"https:\\\/\\\/amrtop.net\\\/#website\",\"url\":\"https:\\\/\\\/amrtop.net\\\/\",\"name\":\"AMRTOP B2B \u00c9tranger - Achats r\u00e9serv\u00e9s au professionnel\",\"description\":\"Pi\u00e8ces de rechange et accessoires pour po\u00eales et chaudi\u00e8res - eCommerce B2B pour Clients Professionnels\",\"potentialAction\":[{\"@type\":\"SearchAction\",\"target\":{\"@type\":\"EntryPoint\",\"urlTemplate\":\"https:\\\/\\\/amrtop.net\\\/?s={search_term_string}\"},\"query-input\":{\"@type\":\"PropertyValueSpecification\",\"valueRequired\":true,\"valueName\":\"search_term_string\"}}],\"inLanguage\":\"ro-RO\"}]}<\/script>\n<!-- \/ Yoast SEO plugin. -->","yoast_head_json":{"title":"Kit pellet 6 mt + 2 brosse nylon fixe et flexible \u00f8 80 mm Code KP62001","robots":{"index":"index","follow":"follow","max-snippet":"max-snippet:-1","max-image-preview":"max-image-preview:large","max-video-preview":"max-video-preview:-1"},"canonical":"https:\/\/amrtop.net\/ro\/produs\/kit-pellet-6-mt-2-brosse-nylon-fixe-et-flexible-o-80-mm-code-kp62001\/","og_locale":"ro_RO","og_type":"article","og_title":"Kit pellet 6 mt + 2 brosse nylon fixe et flexible \u00f8 80 mm Code KP62001","og_description":"Disponible","og_url":"https:\/\/amrtop.net\/ro\/produs\/kit-pellet-6-mt-2-brosse-nylon-fixe-et-flexible-o-80-mm-code-kp62001\/","og_site_name":"AMRTOP B2B \u00c9tranger - Achats r\u00e9serv\u00e9s au professionnel","article_modified_time":"2023-06-08T14:28:43+00:00","og_image":[{"width":960,"height":960,"url":"https:\/\/amrtop.net\/wp-content\/uploads\/2022\/03\/kit-pellet.jpg","type":"image\/jpeg"}],"twitter_card":"summary_large_image","twitter_misc":{"Timp estimat pentru citire":"1 minut"},"schema":{"@context":"https:\/\/schema.org","@graph":[{"@type":"WebPage","@id":"https:\/\/amrtop.net\/produit\/kit-pellet-6-mt-2-brosse-nylon-fixe-et-flexible-o-80-mm-code-kp62001\/","url":"https:\/\/amrtop.net\/produit\/kit-pellet-6-mt-2-brosse-nylon-fixe-et-flexible-o-80-mm-code-kp62001\/","name":"Kit pellet 6 mt + 2 brosse nylon fixe et flexible \u00f8 80 mm Code KP62001","isPartOf":{"@id":"https:\/\/amrtop.net\/#website"},"primaryImageOfPage":{"@id":"https:\/\/amrtop.net\/produit\/kit-pellet-6-mt-2-brosse-nylon-fixe-et-flexible-o-80-mm-code-kp62001\/#primaryimage"},"image":{"@id":"https:\/\/amrtop.net\/produit\/kit-pellet-6-mt-2-brosse-nylon-fixe-et-flexible-o-80-mm-code-kp62001\/#primaryimage"},"thumbnailUrl":"https:\/\/amrtop.net\/wp-content\/uploads\/2022\/03\/kit-pellet.jpg","datePublished":"2022-03-22T14:21:32+00:00","dateModified":"2023-06-08T14:28:43+00:00","breadcrumb":{"@id":"https:\/\/amrtop.net\/produit\/kit-pellet-6-mt-2-brosse-nylon-fixe-et-flexible-o-80-mm-code-kp62001\/#breadcrumb"},"inLanguage":"ro-RO","potentialAction":[{"@type":"ReadAction","target":["https:\/\/amrtop.net\/produit\/kit-pellet-6-mt-2-brosse-nylon-fixe-et-flexible-o-80-mm-code-kp62001\/"]}]},{"@type":"ImageObject","inLanguage":"ro-RO","@id":"https:\/\/amrtop.net\/produit\/kit-pellet-6-mt-2-brosse-nylon-fixe-et-flexible-o-80-mm-code-kp62001\/#primaryimage","url":"https:\/\/amrtop.net\/wp-content\/uploads\/2022\/03\/kit-pellet.jpg","contentUrl":"https:\/\/amrtop.net\/wp-content\/uploads\/2022\/03\/kit-pellet.jpg","width":960,"height":960,"caption":"Kit pellet 6 mt + 2 brosse nylon fixe et flexible \u00f8 80 mm Code KP62001"},{"@type":"BreadcrumbList","@id":"https:\/\/amrtop.net\/produit\/kit-pellet-6-mt-2-brosse-nylon-fixe-et-flexible-o-80-mm-code-kp62001\/#breadcrumb","itemListElement":[{"@type":"ListItem","position":1,"name":"Home","item":"https:\/\/amrtop.net\/"},{"@type":"ListItem","position":2,"name":"Shop","item":"https:\/\/amrtop.net\/negozio\/"},{"@type":"ListItem","position":3,"name":"Kit pellet 6 mt + 2 brosse nylon fixe et flexible \u00f8 80 mm Code KP62001"}]},{"@type":"WebSite","@id":"https:\/\/amrtop.net\/#website","url":"https:\/\/amrtop.net\/","name":"AMRTOP B2B Abroad - Achizi\u021bii rezervate profesioni\u0219tilor","description":"Piese de schimb \u0219i accesorii pentru sobe \u0219i cazane - eCommerce B2B pentru clien\u021bi profesioni\u0219ti","potentialAction":[{"@type":"SearchAction","target":{"@type":"EntryPoint","urlTemplate":"https:\/\/amrtop.net\/?s={search_term_string}"},"query-input":{"@type":"PropertyValueSpecification","valueRequired":true,"valueName":"search_term_string"}}],"inLanguage":"ro-RO"}]}},"_links":{"self":[{"href":"https:\/\/amrtop.net\/ro\/wp-json\/wp\/v2\/product\/22631","targetHints":{"allow":["GET"]}}],"collection":[{"href":"https:\/\/amrtop.net\/ro\/wp-json\/wp\/v2\/product"}],"about":[{"href":"https:\/\/amrtop.net\/ro\/wp-json\/wp\/v2\/types\/product"}],"replies":[{"embeddable":true,"href":"https:\/\/amrtop.net\/ro\/wp-json\/wp\/v2\/comments?post=22631"}],"wp:featuredmedia":[{"embeddable":true,"href":"https:\/\/amrtop.net\/ro\/wp-json\/wp\/v2\/media\/22870"}],"wp:attachment":[{"href":"https:\/\/amrtop.net\/ro\/wp-json\/wp\/v2\/media?parent=22631"}],"wp:term":[{"taxonomy":"product_brand","embeddable":true,"href":"https:\/\/amrtop.net\/ro\/wp-json\/wp\/v2\/product_brand?post=22631"},{"taxonomy":"product_cat","embeddable":true,"href":"https:\/\/amrtop.net\/ro\/wp-json\/wp\/v2\/product_cat?post=22631"},{"taxonomy":"product_tag","embeddable":true,"href":"https:\/\/amrtop.net\/ro\/wp-json\/wp\/v2\/product_tag?post=22631"}],"curies":[{"name":"wp","href":"https:\/\/api.w.org\/{rel}","templated":true}]}}