{"id":23669,"date":"2022-05-26T13:35:09","date_gmt":"2022-05-26T13:35:09","guid":{"rendered":"https:\/\/amrtop.com\/B2B\/?post_type=product&#038;p=23669"},"modified":"2023-06-16T13:16:09","modified_gmt":"2023-06-16T13:16:09","slug":"tub-flexibil-din-aluminiu-o-80-mm-grosime-0-12-mm-extensibil-pana-la-3-m","status":"publish","type":"product","link":"https:\/\/amrtop.net\/ro\/produit\/tube-flexible-aluminium-o-80-mm-epaisseur-0-12-mm-extensible-jusqua-3-m\/","title":{"rendered":"Tub de aluminiu extensibil p\u00e2n\u0103 la 3 m \u00f8 80 mm alb natural sau negru grosime 0,12 mm pentru ventila\u021bie"},"content":{"rendered":"<h3><strong>Tub flexibil din aluminiu \u00f8 80 mm grosime 0,12 mm extensibil p\u00e2n\u0103 la 3 m<\/strong><\/h3>\n<p>Corugate \u00een interior \u0219i exterior - pentru \u0219eminee, cazane, sobe, centrale electrice, buc\u0103t\u0103rii industriale - potrivite \u0219i pentru conductele de ventila\u021bie \u0219i aspira\u021bie.<\/p>\n<h3><strong>Unde utiliza\u021bi : <\/strong><strong>Tub flexibil din aluminiu \u00f8 80 mm grosime 0,12 mm extensibil p\u00e2n\u0103 la 3 m<\/strong><\/h3>\n<p>Crearea de sisteme care s\u0103 furnizeze aer cald \u0219i proasp\u0103t mediului \u0219i s\u0103 asigure evacuarea masei consumate este una dintre diferitele modalit\u0103\u021bi de a \u00eendeplini cerin\u021bele standardelor de s\u0103n\u0103tate \u0219i igien\u0103.<\/p>\n<p>C\u00e2teva avantaje ale tuburilor ondulate din aluminiu:<\/p>\n<ul>\n<li>Rezistent la coroziune. Corpul interior al \u021bevii din aluminiu previne coroziunea.<\/li>\n<li>La instalarea diferitelor instala\u021bii, nu este necesar s\u0103 se utilizeze curbe scumpe, doar articula\u021bii.<\/li>\n<li>U\u0219urin\u021ba instal\u0103rii. Acest lucru se datoreaz\u0103 nu numai greut\u0103\u021bii reduse a aluminiului, ci \u0219i unui proces de fixare simplificat.<\/li>\n<li>Atunci c\u00e2nd instala\u021bi un tub de aluminiu ondulat pentru ventila\u021bie, nu este necesar s\u0103 \u00eel \u00eemp\u0103m\u00e2nta\u021bi.<\/li>\n<\/ul>\n<p><strong>Interior<\/strong><\/p>\n<p><a href=\"https:\/\/wekos.it\/\">Sobe, aragazuri \u0219i aragazuri pe lemne<\/a>\u00a0-\u00a0<a href=\"https:\/\/www.greenpuros.com\/\">\u0219eminee, sobe \u0219i cazane pe pele\u021bi.<\/a><\/p>\n<p><strong>Gama Amrtop de piese de schimb \u0219i accesorii \u00a0 \u00a0 \u00a0 \u00a0 \u00a0 \u00a0 \u00a0 \u00a0 \u00a0 \u00a0 \u00a0 \u00a0 \u00a0 \u00a0 \u00a0 \u00a0 \u00a0 \u00a0 \u00a0 \u00a0 \u00a0 \u00a0 \u00a0 \u00a0 \u00a0 \u00a0 \u00a0 \u00a0 \u00a0 \u00a0 \u00a0 \u00a0 \u00a0 \u00a0 \u00a0 \u00a0 \u00a0 \u00a0 \u00a0 \u00a0 \u00a0 \u00a0 \u00a0 \u00a0 \u00a0 \u00a0 \u00a0 \u00a0 \u00a0\u00a0<\/strong><\/p>\n<p><a href=\"https:\/\/amrtop.com\/B2B\/categoria-prodotto\/canne-fumarie\/top-flex-sp-tubi-flessibili-inox\/\"><strong>Top flex SP - Tubi flessibili inox corrugati mono \u0219i doppia parete<\/strong><\/a><\/p>\n<p><a href=\"https:\/\/amrtop.com\/B2B\/categoria-prodotto\/canne-fumarie\/tubo-monoparete-acciaio-inox\/\"><strong>Sp - Tubo rigido mono parete inox aisi 316L<\/strong><\/a><\/p>\n<p><a href=\"https:\/\/amrtop.com\/B2B\/categoria-prodotto\/canne-fumarie\/isotop-flex-flessibile-coibentato\/\"><strong>Iso top flex - Tubo flexisbile doppia parete interno liscio coibentato<\/strong><\/a><\/p>\n<p><a href=\"https:\/\/amrtop.com\/B2B\/categoria-prodotto\/canne-fumarie\/dp-aria-doppia-parete-aria\/\"><strong>Dp air - Tubo doppia parete inox a camera d'aria<\/strong><\/a><\/p>\n<p><a href=\"https:\/\/amrtop.com\/B2B\/categoria-prodotto\/canne-fumarie\/dp-doppia-parete\/\"><strong>Dp - Tubo doppia parete inox coibentati 10 mm - 25 mm<\/strong><\/a><\/p>\n<p><a href=\"https:\/\/amrtop.com\/B2B\/categoria-prodotto\/canne-fumarie\/coax-top-coassiale\/\"><strong>Coax top - Tubo coassiale inox<\/strong><\/a><\/p>\n<p><a href=\"https:\/\/amrtop.com\/B2B\/categoria-prodotto\/canne-fumarie\/coax-pellet-tubo-coassiale-inox\/\"><strong>Pelete coaxiale - \u021aeav\u0103 coaxial\u0103 din o\u021bel inoxidabil<\/strong><\/a><\/p>\n<p><a href=\"https:\/\/amrtop.com\/B2B\/categoria-prodotto\/canne-fumarie\/biom-top\/\"><strong>Biom top - Tubi per stufe a pellet<\/strong><\/a><\/p>\n<p><a href=\"https:\/\/amrtop.com\/B2B\/categoria-prodotto\/canne-fumarie\/alutop-alluminio-estensibile\/\"><strong>Alu top - Tubo alluminio flessibile estensibile<\/strong><\/a><\/p>\n<p>&nbsp;<\/p>","protected":false},"excerpt":{"rendered":"<p>Tube flexible aluminium \u00f8 80 mm \u00e9paisseur 0.12 mm extensible jusqu\u2019\u00e0 3 m Ondul\u00e9 int\u00e9rieur et ext\u00e9rieur &#8211; pour les chemin\u00e9es, les chaudi\u00e8res, les po\u00eales, les centrales thermiques, les cuisines industrielles \u00e9galement adapt\u00e9 pour les conduits d\u2019a\u00e9ration et d\u2019aspiration. O\u00f9 vous utilisez : Tube flexible aluminium \u00f8 80 mm \u00e9paisseur 0.12 mm extensible jusqu\u2019\u00e0 3 [&hellip;]<\/p>\n","protected":false},"featured_media":30400,"comment_status":"open","ping_status":"closed","template":"","meta":[],"product_brand":[],"product_cat":[1532],"product_tag":[],"class_list":{"0":"post-23669","1":"product","2":"type-product","3":"status-publish","4":"has-post-thumbnail","6":"product_cat-alutop-tube-en-aluminium-flexible-extensible","8":"first","9":"instock","10":"shipping-taxable","11":"purchasable","12":"product-type-variable"},"yoast_head":"<!-- This site is optimized with the Yoast SEO plugin v27.5 - https:\/\/yoast.com\/product\/yoast-seo-wordpress\/ -->\n<title>Tube flexible aluminium \u00f8 80 mm \u00e9paisseur 0.12 mm extensible jusqu\u2019\u00e0 3 m<\/title>\n<meta name=\"description\" content=\"Tube flexible aluminium \u00f8 80 mm \u00e9paisseur 0.12 mm extensible jusqu\u2019\u00e0 3 m - Tube en aluminium naturel noir et blanc ondul\u00e9 flexible en tron\u00e7ons de 0,80 mt extensible jusqu\u2019\u00e0 3 m\u00e8tres pour ventilation d\u2019air sp 0,06 mm\" \/>\n<meta name=\"robots\" content=\"index, follow, max-snippet:-1, max-image-preview:large, max-video-preview:-1\" \/>\n<link rel=\"canonical\" href=\"https:\/\/amrtop.net\/ro\/produs\/tub-flexibil-din-aluminiu-o-80-mm-grosime-0-12-mm-extensibil-pana-la-3-m\/\" \/>\n<meta property=\"og:locale\" content=\"ro_RO\" \/>\n<meta property=\"og:type\" content=\"article\" \/>\n<meta property=\"og:title\" content=\"Tube flexible aluminium \u00f8 80 mm \u00e9paisseur 0.12 mm extensible jusqu\u2019\u00e0 3 m\" \/>\n<meta property=\"og:description\" content=\"Tube flexible aluminium \u00f8 80 mm \u00e9paisseur 0.12 mm extensible jusqu\u2019\u00e0 3 m - Tube en aluminium naturel noir et blanc ondul\u00e9 flexible en tron\u00e7ons de 0,80 mt extensible jusqu\u2019\u00e0 3 m\u00e8tres pour ventilation d\u2019air sp 0,06 mm\" \/>\n<meta property=\"og:url\" content=\"https:\/\/amrtop.net\/ro\/produs\/tub-flexibil-din-aluminiu-o-80-mm-grosime-0-12-mm-extensibil-pana-la-3-m\/\" \/>\n<meta property=\"og:site_name\" content=\"AMRTOP B2B \u00c9tranger - Achats r\u00e9serv\u00e9s au professionnel\" \/>\n<meta property=\"article:modified_time\" content=\"2023-06-16T13:16:09+00:00\" \/>\n<meta property=\"og:image\" content=\"https:\/\/amrtop.net\/wp-content\/uploads\/2022\/06\/GRUPPO-ALUTOP.jpg\" \/>\n\t<meta property=\"og:image:width\" content=\"640\" \/>\n\t<meta property=\"og:image:height\" content=\"640\" \/>\n\t<meta property=\"og:image:type\" content=\"image\/jpeg\" \/>\n<meta name=\"twitter:card\" content=\"summary_large_image\" \/>\n<meta name=\"twitter:label1\" content=\"Timp estimat pentru citire\" \/>\n\t<meta name=\"twitter:data1\" content=\"3 minute\" \/>\n<script type=\"application\/ld+json\" class=\"yoast-schema-graph\">{\"@context\":\"https:\\\/\\\/schema.org\",\"@graph\":[{\"@type\":\"WebPage\",\"@id\":\"https:\\\/\\\/amrtop.net\\\/produit\\\/tube-flexible-aluminium-o-80-mm-epaisseur-0-12-mm-extensible-jusqua-3-m\\\/\",\"url\":\"https:\\\/\\\/amrtop.net\\\/produit\\\/tube-flexible-aluminium-o-80-mm-epaisseur-0-12-mm-extensible-jusqua-3-m\\\/\",\"name\":\"Tube flexible aluminium \u00f8 80 mm \u00e9paisseur 0.12 mm extensible jusqu\u2019\u00e0 3 m\",\"isPartOf\":{\"@id\":\"https:\\\/\\\/amrtop.net\\\/#website\"},\"primaryImageOfPage\":{\"@id\":\"https:\\\/\\\/amrtop.net\\\/produit\\\/tube-flexible-aluminium-o-80-mm-epaisseur-0-12-mm-extensible-jusqua-3-m\\\/#primaryimage\"},\"image\":{\"@id\":\"https:\\\/\\\/amrtop.net\\\/produit\\\/tube-flexible-aluminium-o-80-mm-epaisseur-0-12-mm-extensible-jusqua-3-m\\\/#primaryimage\"},\"thumbnailUrl\":\"https:\\\/\\\/amrtop.net\\\/wp-content\\\/uploads\\\/2022\\\/06\\\/GRUPPO-ALUTOP.jpg\",\"datePublished\":\"2022-05-26T13:35:09+00:00\",\"dateModified\":\"2023-06-16T13:16:09+00:00\",\"description\":\"Tube flexible aluminium \u00f8 80 mm \u00e9paisseur 0.12 mm extensible jusqu\u2019\u00e0 3 m - Tube en aluminium naturel noir et blanc ondul\u00e9 flexible en tron\u00e7ons de 0,80 mt extensible jusqu\u2019\u00e0 3 m\u00e8tres pour ventilation d\u2019air sp 0,06 mm\",\"breadcrumb\":{\"@id\":\"https:\\\/\\\/amrtop.net\\\/produit\\\/tube-flexible-aluminium-o-80-mm-epaisseur-0-12-mm-extensible-jusqua-3-m\\\/#breadcrumb\"},\"inLanguage\":\"ro-RO\",\"potentialAction\":[{\"@type\":\"ReadAction\",\"target\":[\"https:\\\/\\\/amrtop.net\\\/produit\\\/tube-flexible-aluminium-o-80-mm-epaisseur-0-12-mm-extensible-jusqua-3-m\\\/\"]}]},{\"@type\":\"ImageObject\",\"inLanguage\":\"ro-RO\",\"@id\":\"https:\\\/\\\/amrtop.net\\\/produit\\\/tube-flexible-aluminium-o-80-mm-epaisseur-0-12-mm-extensible-jusqua-3-m\\\/#primaryimage\",\"url\":\"https:\\\/\\\/amrtop.net\\\/wp-content\\\/uploads\\\/2022\\\/06\\\/GRUPPO-ALUTOP.jpg\",\"contentUrl\":\"https:\\\/\\\/amrtop.net\\\/wp-content\\\/uploads\\\/2022\\\/06\\\/GRUPPO-ALUTOP.jpg\",\"width\":640,\"height\":640,\"caption\":\"Tube flexible aluminium \u00f8 80 mm \u00e9paisseur 0.12 mm extensible jusqu\u2019\u00e0 3 m - Tube en aluminium naturel noir et blanc ondul\u00e9 flexible en tron\u00e7ons de 0,80 mt extensible jusqu\u2019\u00e0 3 m\u00e8tres pour ventilation d\u2019air sp 0,06 mm\"},{\"@type\":\"BreadcrumbList\",\"@id\":\"https:\\\/\\\/amrtop.net\\\/produit\\\/tube-flexible-aluminium-o-80-mm-epaisseur-0-12-mm-extensible-jusqua-3-m\\\/#breadcrumb\",\"itemListElement\":[{\"@type\":\"ListItem\",\"position\":1,\"name\":\"Home\",\"item\":\"https:\\\/\\\/amrtop.net\\\/\"},{\"@type\":\"ListItem\",\"position\":2,\"name\":\"Shop\",\"item\":\"https:\\\/\\\/amrtop.net\\\/negozio\\\/\"},{\"@type\":\"ListItem\",\"position\":3,\"name\":\"Tube en aluminium extensible jusqu\u2019\u00e0 3 m \u00f8 80 mm naturel blanc ou noire \u00e9paisseur 0.12 mm pour la ventilation\"}]},{\"@type\":\"WebSite\",\"@id\":\"https:\\\/\\\/amrtop.net\\\/#website\",\"url\":\"https:\\\/\\\/amrtop.net\\\/\",\"name\":\"AMRTOP B2B \u00c9tranger - Achats r\u00e9serv\u00e9s au professionnel\",\"description\":\"Pi\u00e8ces de rechange et accessoires pour po\u00eales et chaudi\u00e8res - eCommerce B2B pour Clients Professionnels\",\"potentialAction\":[{\"@type\":\"SearchAction\",\"target\":{\"@type\":\"EntryPoint\",\"urlTemplate\":\"https:\\\/\\\/amrtop.net\\\/?s={search_term_string}\"},\"query-input\":{\"@type\":\"PropertyValueSpecification\",\"valueRequired\":true,\"valueName\":\"search_term_string\"}}],\"inLanguage\":\"ro-RO\"}]}<\/script>\n<!-- \/ Yoast SEO plugin. -->","yoast_head_json":{"title":"Tub flexibil din aluminiu \u00f8 80 mm grosime 0,12 mm extensibil p\u00e2n\u0103 la 3 m","description":"Tub flexibil din aluminiu \u00f8 80 mm grosime 0,12 mm extensibil p\u00e2n\u0103 la 3 m - Tub flexibil ondulat din aluminiu natural alb \u0219i negru \u00een sec\u021biuni de 0,80 m extensibil p\u00e2n\u0103 la 3 metri pentru ventila\u021bie sp 0,06 mm","robots":{"index":"index","follow":"follow","max-snippet":"max-snippet:-1","max-image-preview":"max-image-preview:large","max-video-preview":"max-video-preview:-1"},"canonical":"https:\/\/amrtop.net\/ro\/produs\/tub-flexibil-din-aluminiu-o-80-mm-grosime-0-12-mm-extensibil-pana-la-3-m\/","og_locale":"ro_RO","og_type":"article","og_title":"Tube flexible aluminium \u00f8 80 mm \u00e9paisseur 0.12 mm extensible jusqu\u2019\u00e0 3 m","og_description":"Tube flexible aluminium \u00f8 80 mm \u00e9paisseur 0.12 mm extensible jusqu\u2019\u00e0 3 m - Tube en aluminium naturel noir et blanc ondul\u00e9 flexible en tron\u00e7ons de 0,80 mt extensible jusqu\u2019\u00e0 3 m\u00e8tres pour ventilation d\u2019air sp 0,06 mm","og_url":"https:\/\/amrtop.net\/ro\/produs\/tub-flexibil-din-aluminiu-o-80-mm-grosime-0-12-mm-extensibil-pana-la-3-m\/","og_site_name":"AMRTOP B2B \u00c9tranger - Achats r\u00e9serv\u00e9s au professionnel","article_modified_time":"2023-06-16T13:16:09+00:00","og_image":[{"width":640,"height":640,"url":"https:\/\/amrtop.net\/wp-content\/uploads\/2022\/06\/GRUPPO-ALUTOP.jpg","type":"image\/jpeg"}],"twitter_card":"summary_large_image","twitter_misc":{"Timp estimat pentru citire":"3 minute"},"schema":{"@context":"https:\/\/schema.org","@graph":[{"@type":"WebPage","@id":"https:\/\/amrtop.net\/produit\/tube-flexible-aluminium-o-80-mm-epaisseur-0-12-mm-extensible-jusqua-3-m\/","url":"https:\/\/amrtop.net\/produit\/tube-flexible-aluminium-o-80-mm-epaisseur-0-12-mm-extensible-jusqua-3-m\/","name":"Tub flexibil din aluminiu \u00f8 80 mm grosime 0,12 mm extensibil p\u00e2n\u0103 la 3 m","isPartOf":{"@id":"https:\/\/amrtop.net\/#website"},"primaryImageOfPage":{"@id":"https:\/\/amrtop.net\/produit\/tube-flexible-aluminium-o-80-mm-epaisseur-0-12-mm-extensible-jusqua-3-m\/#primaryimage"},"image":{"@id":"https:\/\/amrtop.net\/produit\/tube-flexible-aluminium-o-80-mm-epaisseur-0-12-mm-extensible-jusqua-3-m\/#primaryimage"},"thumbnailUrl":"https:\/\/amrtop.net\/wp-content\/uploads\/2022\/06\/GRUPPO-ALUTOP.jpg","datePublished":"2022-05-26T13:35:09+00:00","dateModified":"2023-06-16T13:16:09+00:00","description":"Tub flexibil din aluminiu \u00f8 80 mm grosime 0,12 mm extensibil p\u00e2n\u0103 la 3 m - Tub flexibil ondulat din aluminiu natural alb \u0219i negru \u00een sec\u021biuni de 0,80 m extensibil p\u00e2n\u0103 la 3 metri pentru ventila\u021bie sp 0,06 mm","breadcrumb":{"@id":"https:\/\/amrtop.net\/produit\/tube-flexible-aluminium-o-80-mm-epaisseur-0-12-mm-extensible-jusqua-3-m\/#breadcrumb"},"inLanguage":"ro-RO","potentialAction":[{"@type":"ReadAction","target":["https:\/\/amrtop.net\/produit\/tube-flexible-aluminium-o-80-mm-epaisseur-0-12-mm-extensible-jusqua-3-m\/"]}]},{"@type":"ImageObject","inLanguage":"ro-RO","@id":"https:\/\/amrtop.net\/produit\/tube-flexible-aluminium-o-80-mm-epaisseur-0-12-mm-extensible-jusqua-3-m\/#primaryimage","url":"https:\/\/amrtop.net\/wp-content\/uploads\/2022\/06\/GRUPPO-ALUTOP.jpg","contentUrl":"https:\/\/amrtop.net\/wp-content\/uploads\/2022\/06\/GRUPPO-ALUTOP.jpg","width":640,"height":640,"caption":"Tube flexible aluminium \u00f8 80 mm \u00e9paisseur 0.12 mm extensible jusqu\u2019\u00e0 3 m - Tube en aluminium naturel noir et blanc ondul\u00e9 flexible en tron\u00e7ons de 0,80 mt extensible jusqu\u2019\u00e0 3 m\u00e8tres pour ventilation d\u2019air sp 0,06 mm"},{"@type":"BreadcrumbList","@id":"https:\/\/amrtop.net\/produit\/tube-flexible-aluminium-o-80-mm-epaisseur-0-12-mm-extensible-jusqua-3-m\/#breadcrumb","itemListElement":[{"@type":"ListItem","position":1,"name":"Home","item":"https:\/\/amrtop.net\/"},{"@type":"ListItem","position":2,"name":"Shop","item":"https:\/\/amrtop.net\/negozio\/"},{"@type":"ListItem","position":3,"name":"Tube en aluminium extensible jusqu\u2019\u00e0 3 m \u00f8 80 mm naturel blanc ou noire \u00e9paisseur 0.12 mm pour la ventilation"}]},{"@type":"WebSite","@id":"https:\/\/amrtop.net\/#website","url":"https:\/\/amrtop.net\/","name":"AMRTOP B2B Abroad - Achizi\u021bii rezervate profesioni\u0219tilor","description":"Piese de schimb \u0219i accesorii pentru sobe \u0219i cazane - eCommerce B2B pentru clien\u021bi profesioni\u0219ti","potentialAction":[{"@type":"SearchAction","target":{"@type":"EntryPoint","urlTemplate":"https:\/\/amrtop.net\/?s={search_term_string}"},"query-input":{"@type":"PropertyValueSpecification","valueRequired":true,"valueName":"search_term_string"}}],"inLanguage":"ro-RO"}]}},"_links":{"self":[{"href":"https:\/\/amrtop.net\/ro\/wp-json\/wp\/v2\/product\/23669","targetHints":{"allow":["GET"]}}],"collection":[{"href":"https:\/\/amrtop.net\/ro\/wp-json\/wp\/v2\/product"}],"about":[{"href":"https:\/\/amrtop.net\/ro\/wp-json\/wp\/v2\/types\/product"}],"replies":[{"embeddable":true,"href":"https:\/\/amrtop.net\/ro\/wp-json\/wp\/v2\/comments?post=23669"}],"wp:featuredmedia":[{"embeddable":true,"href":"https:\/\/amrtop.net\/ro\/wp-json\/wp\/v2\/media\/30400"}],"wp:attachment":[{"href":"https:\/\/amrtop.net\/ro\/wp-json\/wp\/v2\/media?parent=23669"}],"wp:term":[{"taxonomy":"product_brand","embeddable":true,"href":"https:\/\/amrtop.net\/ro\/wp-json\/wp\/v2\/product_brand?post=23669"},{"taxonomy":"product_cat","embeddable":true,"href":"https:\/\/amrtop.net\/ro\/wp-json\/wp\/v2\/product_cat?post=23669"},{"taxonomy":"product_tag","embeddable":true,"href":"https:\/\/amrtop.net\/ro\/wp-json\/wp\/v2\/product_tag?post=23669"}],"curies":[{"name":"wp","href":"https:\/\/api.w.org\/{rel}","templated":true}]}}