{"id":23830,"date":"2022-05-27T07:50:42","date_gmt":"2022-05-27T07:50:42","guid":{"rendered":"https:\/\/amrtop.com\/B2B\/?post_type=product&#038;p=23830"},"modified":"2023-06-10T14:19:40","modified_gmt":"2023-06-10T14:19:40","slug":"f2l10","status":"publish","type":"product","link":"https:\/\/amrtop.net\/ro\/produit\/f2l10\/","title":{"rendered":"F2L10... - Cot de 90\u00b0 cu trap\u0103 de inspec\u021bie"},"content":{"rendered":"<p><strong>Cot de 90\u00b0 cu trap\u0103 de acces FERTOP 2.0<\/strong><\/p>\n<p>Sistemul cu un singur co\u0219 de fum FERTOP 2.0 de la LEGNA este alc\u0103tuit din elemente modulare rigide din o\u021bel carbon vopsit negru mat cu grosimea de 2 mm, conice pentru a asigura o etan\u0219are perfect\u0103 la ie\u0219irea gazelor de ardere \u0219i o calitate estetic\u0103 ridicat\u0103.<\/p>\n<p>Elementele sunt conforme cu standardele stabilite prin marcajul CE \u00een conformitate cu standardul EN 1856-2 \u0219i sunt grefate cu un ciocan conic.<\/p>\n<p>Ideal pentru generatoare care func\u021bioneaz\u0103 la presiune sc\u0103zut\u0103 cu combustibili solizi \u0219i la temperaturi foarte ridicate (p\u00e2n\u0103 la 600 \u00baC).<strong>Referin\u021be<\/strong><strong> norme \u0219i design<\/strong><\/p>\n<p><strong>Referin\u021b\u0103 juridic\u0103 \u0219i denumire<\/strong><\/p>\n<p>Marcarea produsului \u00een conformitate cu regulamentul european EN 1856-2.<\/p>\n<p>T600 N1 D Vm L01200 Gxxx NM (xxx = \u00d8 X 3)<\/p>\n<p>T600 N1 D Vm L01200 G800 M \u00d8 200<\/p>\n<p><strong>Aplica\u021bie<\/strong><\/p>\n<p>Instalare \u00een interior.<\/p>\n<p><strong>Aplica\u021bie Cot 90\u00b0 cu trap\u0103 de inspec\u021bie FERTOP 2.0<\/strong><\/p>\n<p>Conducte, co\u0219uri de fum, co\u0219uri de fum metalice, \u00eempreun\u0103 cu generatoare de c\u0103ldur\u0103, cum ar fi sobele \u0219i \u0219emineele.<\/p>\n<p><strong>Diametre disponibile - mm 120 - 130 - 140 - 150 - 180 - 200<\/strong><\/p>\n<p><strong>Gama de sisteme de fum AMR TOP\u00a0\u00a0\u00a0\u00a0\u00a0\u00a0 <\/strong><\/p>\n<p><a href=\"https:\/\/amrtop.net\/ro\/categoria-de-produse\/canale-de-fum-2\/tuyaux-flexibles-en-acier-inoxydable\/\"><strong>TOP FLEX SP - Tuburi flexibile din o\u021bel inoxidabil ondulat cu perete simplu \u0219i dublu<\/strong><\/a><\/p>\n<p><a href=\"https:\/\/amrtop.net\/ro\/categoria-de-produse\/canale-de-fum-2\/tube-rigide-monoparete-en-acier-inoxydable\/\"><strong>SP - AISI 316L din o\u021bel inoxidabil cu un singur perete tub rigid<\/strong><\/a><\/p>\n<p><strong><u><a href=\"https:\/\/amrtop.net\/ro\/categoria-de-produse\/canale-de-fum-2\/tube-flexible-inox-aisi-316-l-interieur-lisse-isole\/\">ISOTOP FLEX - \u021aeav\u0103 flexibil\u0103 izolat\u0103 din o\u021bel inoxidabil AISI 316L cu interior neted \u0219i izolat \u00a0<\/a><\/u><\/strong><\/p>\n<p><strong><u><a href=\"https:\/\/amrtop.net\/ro\/categoria-de-produse\/canale-de-fum-2\/dp-air-tube-double-paroi-inox-a-chambre-dair\/\">DP AIR - Tub din o\u021bel inoxidabil cu pere\u021bi dubli cu camer\u0103 de aer<\/a><\/u><\/strong><\/p>\n<p><strong><u><a href=\"https:\/\/amrtop.net\/ro\/categoria-de-produse\/canale-de-fum-2\/tube-coaxial-inox\/\">DP - \u021aeav\u0103 izolat\u0103 cu perete dublu 10 mm - 25 mm<\/a><\/u><\/strong><\/p>\n<p><strong><a href=\"https:\/\/amrtop.net\/ro\/categoria-de-produse\/canale-de-fum-2\/tube-coaxial-inox\/\">COAX TOP - \u021aeav\u0103 coaxial\u0103 din o\u021bel inoxidabil \u00een PPS \u0219i PPS\/ O\u021bel inoxidabil<\/a><\/strong><\/p>\n<p><strong><u><a href=\"https:\/\/amrtop.net\/ro\/categoria-de-produse\/canale-de-fum-2\/tuyau-coaxial-inox-inox-black\/\">COAX PELLET - Tub coaxial din o\u021bel inoxidabil<\/a><\/u><\/strong><\/p>\n<p><strong><u><a href=\"https:\/\/amrtop.net\/ro\/categoria-de-produse\/canale-de-fum-2\/conduits-de-fumee-des-appareils-a-biomasse\/\">BIOM TOP - Tuburi pentru sobe pe pele\u021bi \u0219i pe lemne<\/a><\/u><\/strong><\/p>\n<p><strong><u>\u00a0<\/u><\/strong><\/p>","protected":false},"excerpt":{"rendered":"<p>Coude \u00e0 90\u00b0 avec trappe de visite FERTOP 2.0 Le syst\u00e8me monoparete FERTOP 2.0 LEGNA est compos\u00e9 par des \u00e9l\u00e9ments modulaires rigides, r\u00e9alis\u00e9s en acier au carbone verni noir mat d\u2019une \u00e9paisseur de 2 mm effil\u00e9 pour assurer, avec l\u2019\u00e9tanch\u00e9it\u00e9 parfaite dans l\u2019\u00e9vacuation des fum\u00e9es, haute qualit\u00e9 esth\u00e9tique. Les \u00e9l\u00e9ments sont conformes aux normes pr\u00e9vues [&hellip;]<\/p>\n","protected":false},"featured_media":27800,"comment_status":"open","ping_status":"closed","template":"","meta":[],"product_brand":[],"product_cat":[1547,1550],"product_tag":[],"class_list":{"0":"post-23830","1":"product","2":"type-product","3":"status-publish","4":"has-post-thumbnail","6":"product_cat-conduits-de-fumee-des-appareils-a-biomasse","7":"product_cat-fertop-2-0-tubes-pour-poeles-a-bois-epaisseur-2-mm","9":"first","10":"instock","11":"shipping-taxable","12":"purchasable","13":"product-type-variable"},"yoast_head":"<!-- This site is optimized with the Yoast SEO plugin v27.5 - https:\/\/yoast.com\/product\/yoast-seo-wordpress\/ -->\n<title>Coude \u00e0 90\u00b0 avec trappe de visite FERTOP 2.0<\/title>\n<meta name=\"description\" content=\"Coude \u00e0 90\u00b0 avec trappe de visite FERTOP 2.0 - Conduit de fum\u00e9e pour appareils \u00e0 biomasse \u00e9paisseur 0,4 - 0,8 - 1,2 - 2,0 mm pour po\u00eales \u00e0 pellets et bois - Conduit de chemin\u00e9e en m\u00e9tal et acier inox peint noir mat et brillant - Tuyau de vidange des fum\u00e9es de diff\u00e9rents diam\u00e8tres.\" \/>\n<meta name=\"robots\" content=\"index, follow, max-snippet:-1, max-image-preview:large, max-video-preview:-1\" \/>\n<link rel=\"canonical\" href=\"https:\/\/amrtop.net\/ro\/produs\/f2l10\/\" \/>\n<meta property=\"og:locale\" content=\"ro_RO\" \/>\n<meta property=\"og:type\" content=\"article\" \/>\n<meta property=\"og:title\" content=\"Coude \u00e0 90\u00b0 avec trappe de visite FERTOP 2.0\" \/>\n<meta property=\"og:description\" content=\"Coude \u00e0 90\u00b0 avec trappe de visite FERTOP 2.0 - Conduit de fum\u00e9e pour appareils \u00e0 biomasse \u00e9paisseur 0,4 - 0,8 - 1,2 - 2,0 mm pour po\u00eales \u00e0 pellets et bois - Conduit de chemin\u00e9e en m\u00e9tal et acier inox peint noir mat et brillant - Tuyau de vidange des fum\u00e9es de diff\u00e9rents diam\u00e8tres.\" \/>\n<meta property=\"og:url\" content=\"https:\/\/amrtop.net\/ro\/produs\/f2l10\/\" \/>\n<meta property=\"og:site_name\" content=\"AMRTOP B2B \u00c9tranger - Achats r\u00e9serv\u00e9s au professionnel\" \/>\n<meta property=\"article:modified_time\" content=\"2023-06-10T14:19:40+00:00\" \/>\n<meta property=\"og:image\" content=\"https:\/\/amrtop.net\/wp-content\/uploads\/2022\/06\/F2L10.jpg\" \/>\n\t<meta property=\"og:image:width\" content=\"640\" \/>\n\t<meta property=\"og:image:height\" content=\"640\" \/>\n\t<meta property=\"og:image:type\" content=\"image\/jpeg\" \/>\n<meta name=\"twitter:card\" content=\"summary_large_image\" \/>\n<meta name=\"twitter:label1\" content=\"Timp estimat pentru citire\" \/>\n\t<meta name=\"twitter:data1\" content=\"2 minute\" \/>\n<script type=\"application\/ld+json\" class=\"yoast-schema-graph\">{\"@context\":\"https:\\\/\\\/schema.org\",\"@graph\":[{\"@type\":\"WebPage\",\"@id\":\"https:\\\/\\\/amrtop.net\\\/produit\\\/f2l10\\\/\",\"url\":\"https:\\\/\\\/amrtop.net\\\/produit\\\/f2l10\\\/\",\"name\":\"Coude \u00e0 90\u00b0 avec trappe de visite FERTOP 2.0\",\"isPartOf\":{\"@id\":\"https:\\\/\\\/amrtop.net\\\/#website\"},\"primaryImageOfPage\":{\"@id\":\"https:\\\/\\\/amrtop.net\\\/produit\\\/f2l10\\\/#primaryimage\"},\"image\":{\"@id\":\"https:\\\/\\\/amrtop.net\\\/produit\\\/f2l10\\\/#primaryimage\"},\"thumbnailUrl\":\"https:\\\/\\\/amrtop.net\\\/wp-content\\\/uploads\\\/2022\\\/06\\\/F2L10.jpg\",\"datePublished\":\"2022-05-27T07:50:42+00:00\",\"dateModified\":\"2023-06-10T14:19:40+00:00\",\"description\":\"Coude \u00e0 90\u00b0 avec trappe de visite FERTOP 2.0 - Conduit de fum\u00e9e pour appareils \u00e0 biomasse \u00e9paisseur 0,4 - 0,8 - 1,2 - 2,0 mm pour po\u00eales \u00e0 pellets et bois - Conduit de chemin\u00e9e en m\u00e9tal et acier inox peint noir mat et brillant - Tuyau de vidange des fum\u00e9es de diff\u00e9rents diam\u00e8tres.\",\"breadcrumb\":{\"@id\":\"https:\\\/\\\/amrtop.net\\\/produit\\\/f2l10\\\/#breadcrumb\"},\"inLanguage\":\"ro-RO\",\"potentialAction\":[{\"@type\":\"ReadAction\",\"target\":[\"https:\\\/\\\/amrtop.net\\\/produit\\\/f2l10\\\/\"]}]},{\"@type\":\"ImageObject\",\"inLanguage\":\"ro-RO\",\"@id\":\"https:\\\/\\\/amrtop.net\\\/produit\\\/f2l10\\\/#primaryimage\",\"url\":\"https:\\\/\\\/amrtop.net\\\/wp-content\\\/uploads\\\/2022\\\/06\\\/F2L10.jpg\",\"contentUrl\":\"https:\\\/\\\/amrtop.net\\\/wp-content\\\/uploads\\\/2022\\\/06\\\/F2L10.jpg\",\"width\":640,\"height\":640,\"caption\":\"Coude \u00e0 90\u00b0 avec trappe de visite FERTOP 2.0 - Conduit de fum\u00e9e pour appareils \u00e0 biomasse \u00e9paisseur 0,4 - 0,8 - 1,2 - 2,0 mm pour po\u00eales \u00e0 pellets et bois - Conduit de chemin\u00e9e en m\u00e9tal et acier inox peint noir mat et brillant - Tuyau de vidange des fum\u00e9es de diff\u00e9rents diam\u00e8tres.\"},{\"@type\":\"BreadcrumbList\",\"@id\":\"https:\\\/\\\/amrtop.net\\\/produit\\\/f2l10\\\/#breadcrumb\",\"itemListElement\":[{\"@type\":\"ListItem\",\"position\":1,\"name\":\"Home\",\"item\":\"https:\\\/\\\/amrtop.net\\\/\"},{\"@type\":\"ListItem\",\"position\":2,\"name\":\"Shop\",\"item\":\"https:\\\/\\\/amrtop.net\\\/negozio\\\/\"},{\"@type\":\"ListItem\",\"position\":3,\"name\":\"F2L10&#8230; &#8211; Coude \u00e0 90\u00b0 avec trappe de visite\"}]},{\"@type\":\"WebSite\",\"@id\":\"https:\\\/\\\/amrtop.net\\\/#website\",\"url\":\"https:\\\/\\\/amrtop.net\\\/\",\"name\":\"AMRTOP B2B \u00c9tranger - Achats r\u00e9serv\u00e9s au professionnel\",\"description\":\"Pi\u00e8ces de rechange et accessoires pour po\u00eales et chaudi\u00e8res - eCommerce B2B pour Clients Professionnels\",\"potentialAction\":[{\"@type\":\"SearchAction\",\"target\":{\"@type\":\"EntryPoint\",\"urlTemplate\":\"https:\\\/\\\/amrtop.net\\\/?s={search_term_string}\"},\"query-input\":{\"@type\":\"PropertyValueSpecification\",\"valueRequired\":true,\"valueName\":\"search_term_string\"}}],\"inLanguage\":\"ro-RO\"}]}<\/script>\n<!-- \/ Yoast SEO plugin. -->","yoast_head_json":{"title":"Cot de 90\u00b0 cu trap\u0103 de acces FERTOP 2.0","description":"Cot de 90\u00b0 cu trap\u0103 de vizitare FERTOP 2.0 - Conduct\u0103 de fum pentru aparate pe biomas\u0103, grosime 0,4 - 0,8 - 1,2 - 2,0 mm pentru sobe pe pele\u021bi \u0219i sobe pe lemne - Conduct\u0103 de fum din metal \u0219i o\u021bel inoxidabil vopsit negru mat \u0219i negru lucios - Conduct\u0103 de evacuare a gazelor de ardere \u00een diferite diametre.","robots":{"index":"index","follow":"follow","max-snippet":"max-snippet:-1","max-image-preview":"max-image-preview:large","max-video-preview":"max-video-preview:-1"},"canonical":"https:\/\/amrtop.net\/ro\/produs\/f2l10\/","og_locale":"ro_RO","og_type":"article","og_title":"Coude \u00e0 90\u00b0 avec trappe de visite FERTOP 2.0","og_description":"Coude \u00e0 90\u00b0 avec trappe de visite FERTOP 2.0 - Conduit de fum\u00e9e pour appareils \u00e0 biomasse \u00e9paisseur 0,4 - 0,8 - 1,2 - 2,0 mm pour po\u00eales \u00e0 pellets et bois - Conduit de chemin\u00e9e en m\u00e9tal et acier inox peint noir mat et brillant - Tuyau de vidange des fum\u00e9es de diff\u00e9rents diam\u00e8tres.","og_url":"https:\/\/amrtop.net\/ro\/produs\/f2l10\/","og_site_name":"AMRTOP B2B \u00c9tranger - Achats r\u00e9serv\u00e9s au professionnel","article_modified_time":"2023-06-10T14:19:40+00:00","og_image":[{"width":640,"height":640,"url":"https:\/\/amrtop.net\/wp-content\/uploads\/2022\/06\/F2L10.jpg","type":"image\/jpeg"}],"twitter_card":"summary_large_image","twitter_misc":{"Timp estimat pentru citire":"2 minute"},"schema":{"@context":"https:\/\/schema.org","@graph":[{"@type":"WebPage","@id":"https:\/\/amrtop.net\/produit\/f2l10\/","url":"https:\/\/amrtop.net\/produit\/f2l10\/","name":"Cot de 90\u00b0 cu trap\u0103 de acces FERTOP 2.0","isPartOf":{"@id":"https:\/\/amrtop.net\/#website"},"primaryImageOfPage":{"@id":"https:\/\/amrtop.net\/produit\/f2l10\/#primaryimage"},"image":{"@id":"https:\/\/amrtop.net\/produit\/f2l10\/#primaryimage"},"thumbnailUrl":"https:\/\/amrtop.net\/wp-content\/uploads\/2022\/06\/F2L10.jpg","datePublished":"2022-05-27T07:50:42+00:00","dateModified":"2023-06-10T14:19:40+00:00","description":"Cot de 90\u00b0 cu trap\u0103 de vizitare FERTOP 2.0 - Conduct\u0103 de fum pentru aparate pe biomas\u0103, grosime 0,4 - 0,8 - 1,2 - 2,0 mm pentru sobe pe pele\u021bi \u0219i sobe pe lemne - Conduct\u0103 de fum din metal \u0219i o\u021bel inoxidabil vopsit negru mat \u0219i negru lucios - Conduct\u0103 de evacuare a gazelor de ardere \u00een diferite diametre.","breadcrumb":{"@id":"https:\/\/amrtop.net\/produit\/f2l10\/#breadcrumb"},"inLanguage":"ro-RO","potentialAction":[{"@type":"ReadAction","target":["https:\/\/amrtop.net\/produit\/f2l10\/"]}]},{"@type":"ImageObject","inLanguage":"ro-RO","@id":"https:\/\/amrtop.net\/produit\/f2l10\/#primaryimage","url":"https:\/\/amrtop.net\/wp-content\/uploads\/2022\/06\/F2L10.jpg","contentUrl":"https:\/\/amrtop.net\/wp-content\/uploads\/2022\/06\/F2L10.jpg","width":640,"height":640,"caption":"Coude \u00e0 90\u00b0 avec trappe de visite FERTOP 2.0 - Conduit de fum\u00e9e pour appareils \u00e0 biomasse \u00e9paisseur 0,4 - 0,8 - 1,2 - 2,0 mm pour po\u00eales \u00e0 pellets et bois - Conduit de chemin\u00e9e en m\u00e9tal et acier inox peint noir mat et brillant - Tuyau de vidange des fum\u00e9es de diff\u00e9rents diam\u00e8tres."},{"@type":"BreadcrumbList","@id":"https:\/\/amrtop.net\/produit\/f2l10\/#breadcrumb","itemListElement":[{"@type":"ListItem","position":1,"name":"Home","item":"https:\/\/amrtop.net\/"},{"@type":"ListItem","position":2,"name":"Shop","item":"https:\/\/amrtop.net\/negozio\/"},{"@type":"ListItem","position":3,"name":"F2L10&#8230; &#8211; Coude \u00e0 90\u00b0 avec trappe de visite"}]},{"@type":"WebSite","@id":"https:\/\/amrtop.net\/#website","url":"https:\/\/amrtop.net\/","name":"AMRTOP B2B Abroad - Achizi\u021bii rezervate profesioni\u0219tilor","description":"Piese de schimb \u0219i accesorii pentru sobe \u0219i cazane - eCommerce B2B pentru clien\u021bi profesioni\u0219ti","potentialAction":[{"@type":"SearchAction","target":{"@type":"EntryPoint","urlTemplate":"https:\/\/amrtop.net\/?s={search_term_string}"},"query-input":{"@type":"PropertyValueSpecification","valueRequired":true,"valueName":"search_term_string"}}],"inLanguage":"ro-RO"}]}},"_links":{"self":[{"href":"https:\/\/amrtop.net\/ro\/wp-json\/wp\/v2\/product\/23830","targetHints":{"allow":["GET"]}}],"collection":[{"href":"https:\/\/amrtop.net\/ro\/wp-json\/wp\/v2\/product"}],"about":[{"href":"https:\/\/amrtop.net\/ro\/wp-json\/wp\/v2\/types\/product"}],"replies":[{"embeddable":true,"href":"https:\/\/amrtop.net\/ro\/wp-json\/wp\/v2\/comments?post=23830"}],"wp:featuredmedia":[{"embeddable":true,"href":"https:\/\/amrtop.net\/ro\/wp-json\/wp\/v2\/media\/27800"}],"wp:attachment":[{"href":"https:\/\/amrtop.net\/ro\/wp-json\/wp\/v2\/media?parent=23830"}],"wp:term":[{"taxonomy":"product_brand","embeddable":true,"href":"https:\/\/amrtop.net\/ro\/wp-json\/wp\/v2\/product_brand?post=23830"},{"taxonomy":"product_cat","embeddable":true,"href":"https:\/\/amrtop.net\/ro\/wp-json\/wp\/v2\/product_cat?post=23830"},{"taxonomy":"product_tag","embeddable":true,"href":"https:\/\/amrtop.net\/ro\/wp-json\/wp\/v2\/product_tag?post=23830"}],"curies":[{"name":"wp","href":"https:\/\/api.w.org\/{rel}","templated":true}]}}