{"id":24457,"date":"2022-05-28T13:01:37","date_gmt":"2022-05-28T13:01:37","guid":{"rendered":"https:\/\/amrtop.com\/B2B\/?post_type=product&#038;p=24457"},"modified":"2023-06-13T11:52:15","modified_gmt":"2023-06-13T11:52:15","slug":"palarie-chinezeasca-sp122-cu-flansa-de-blocare","status":"publish","type":"product","link":"https:\/\/amrtop.net\/ro\/produit\/sp122-chapeau-chinois-avec-bride-de-blocage\/","title":{"rendered":"SP122.... - Capac chinezesc cu flan\u0219\u0103 de blocare"},"content":{"rendered":"<p><strong> P\u0103l\u0103rie chinezeasc\u0103 cu flan\u0219\u0103 de blocare<\/strong><strong>\u00a0SP din o\u021bel inoxidabil cu un singur perete<\/strong><\/p>\n<p>Sistemul SP din o\u021bel inoxidabil cu un singur perete este alc\u0103tuit din elemente modulare rigide cu un finisaj BA clar, realizate din o\u021bel austenitic AISI 316L BA (1.4404) cu o grosime minim\u0103 de 0,4 mm.<\/p>\n<p>Este conform cu cerin\u021bele de marcare CE din EN 1856-1 \u0219i EN 1856-2.<\/p>\n<p>Elementele modulare au grefa clasic\u0103 calibrat\u0103 mascul-femel\u0103 cu garnitur\u0103 de etan\u0219are cu buz\u0103 tripl\u0103.<\/p>\n<p>\u00cen conformitate cu regulamentul european EN 14241-1 \u0219i conexiune mecanic\u0103 cu flan\u0219\u0103 de siguran\u021b\u0103.<\/p>\n<p><strong>Aplica\u021bie<\/strong><\/p>\n<p>Instalare \u00een interior sau exterior.<\/p>\n<p><strong>Utilizarea p\u0103l\u0103riei chineze\u0219ti cu clem\u0103 din o\u021bel inoxidabil cu un singur perete SP<\/strong><\/p>\n<p>Conducte, co\u0219uri de fum, co\u0219uri de fum metalice conectate la generatoare de c\u0103ldur\u0103 atmosferice sub presiune, cu aer for\u021bat, tradi\u021bionale sau \u00een condensare, hote de buc\u0103t\u0103rie industriale sau casnice, sobe pe lemne, \u0219eminee, sobe pe pele\u021bi.<\/p>\n<p><strong>Diametre disponibile<\/strong><\/p>\n<p><strong>SP04 grosime<\/strong> 0,4 mm - 50 - 60 - 80 - 100 - 120 - 125 - 130 - 130 - 140 - 150 - 160 - 180 - 200<\/p>\n<p><strong>SP05 grosime<\/strong> 0,5 mm - 220 - 250 - 300 - 350 - 400<\/p>\n<p><strong>Diametru 450 - 500 la cerere - Disponibil p\u00e2n\u0103 la diametrul 800 LA CERERE<\/strong><\/p>\n<p><strong>Gama de sisteme de fum AMR TOP\u00a0\u00a0\u00a0\u00a0\u00a0\u00a0 <\/strong><\/p>\n<p><a href=\"https:\/\/amrtop.net\/ro\/categoria-de-produse\/canale-de-fum-2\/tuyaux-flexibles-en-acier-inoxydable\/\"><strong>TOP FLEX SP - Tuburi flexibile din o\u021bel inoxidabil ondulat cu perete simplu \u0219i dublu<\/strong><\/a><\/p>\n<p><a href=\"https:\/\/amrtop.net\/ro\/categoria-de-produse\/canale-de-fum-2\/tube-rigide-monoparete-en-acier-inoxydable\/\"><strong>SP - AISI 316L din o\u021bel inoxidabil cu un singur perete tub rigid<\/strong><\/a><\/p>\n<p><a href=\"https:\/\/amrtop.net\/ro\/categoria-de-produse\/canale-de-fum-2\/tube-flexible-inox-aisi-316-l-interieur-lisse-isole\/\"><strong>ISOTOP FLEX - \u021aeav\u0103 flexibil\u0103 izolat\u0103 din o\u021bel inoxidabil AISI 316L cu interior neted \u0219i izolat \u00a0<\/strong><\/a><\/p>\n<p><a href=\"https:\/\/amrtop.net\/ro\/categoria-de-produse\/canale-de-fum-2\/dp-air-tube-double-paroi-inox-a-chambre-dair\/\"><strong>DP AIR - Tub din o\u021bel inoxidabil cu pere\u021bi dubli cu camer\u0103 de aer<\/strong><\/a><\/p>\n<p><a href=\"https:\/\/amrtop.net\/ro\/categoria-de-produse\/canale-de-fum-2\/tube-coaxial-inox\/\"><strong>DP - \u021aeav\u0103 izolat\u0103 cu perete dublu 10 mm - 25 mm<\/strong><\/a><\/p>\n<p><a href=\"https:\/\/amrtop.net\/ro\/categoria-de-produse\/canale-de-fum-2\/tube-coaxial-inox\/\"><strong>COAX TOP - \u021aeav\u0103 coaxial\u0103 din o\u021bel inoxidabil \u00een PPS \u0219i PPS\/ O\u021bel inoxidabil<\/strong><\/a><\/p>\n<p><a href=\"https:\/\/amrtop.net\/ro\/categoria-de-produse\/canale-de-fum-2\/tuyau-coaxial-inox-inox-black\/\"><strong>COAX PELLET - Tub coaxial din o\u021bel inoxidabil<\/strong><\/a><\/p>\n<p><strong><a href=\"https:\/\/amrtop.net\/ro\/categoria-de-produse\/canale-de-fum-2\/conduits-de-fumee-des-appareils-a-biomasse\/\">BIOM TOP - Tuburi pentru sobe pe pele\u021bi \u0219i pe lemne<\/a><\/strong><\/p>\n<p><strong><a href=\"https:\/\/amrtop.net\/ro\/categoria-de-produse\/canale-de-fum-2\/alutop-tube-en-aluminium-flexible-extensible\/\">ALU TOP - Tuburi de aluminiu extensibile<\/a><\/strong><strong>\u00a0 \u00a0<\/strong><\/p>\n<p>&nbsp;<\/p>","protected":false},"excerpt":{"rendered":"<p>Chapeau chinois avec bride de blocage\u00a0inox simple paroi SP Le syst\u00e8me inoxydable simple paroi SP est compos\u00e9 d\u2019\u00e9l\u00e9ments modulables rigides avec finition lucide BA, r\u00e9alis\u00e9s en acier aust\u00e9nitique AISI 316L BA (1.4404) de \u00e9paisseur minimale 0,4 mm. Conformes aux normes prescrites du marquage CE selon les normes EN 1856-1 et EN 1856-2. Les \u00e9l\u00e9ments modulaires [&hellip;]<\/p>\n","protected":false},"featured_media":24242,"comment_status":"open","ping_status":"closed","template":"","meta":[],"product_brand":[],"product_cat":[1531],"product_tag":[],"class_list":{"0":"post-24457","1":"product","2":"type-product","3":"status-publish","4":"has-post-thumbnail","6":"product_cat-sp-tube-rigide-mono-paroi-inox-aisi-316l","8":"first","9":"instock","10":"shipping-taxable","11":"purchasable","12":"product-type-variable"},"yoast_head":"<!-- This site is optimized with the Yoast SEO plugin v27.4 - https:\/\/yoast.com\/product\/yoast-seo-wordpress\/ -->\n<title>Chapeau chinois avec bride de blocage\u00a0inox simple paroi SP<\/title>\n<meta name=\"description\" content=\"Chapeau chinois avec bride de blocage\u00a0inox simple paroi SP - Tubes - Conduits de fum\u00e9e - Chemin\u00e9es - Syst\u00e8mes d\u2019extraction de l\u2019air et des fum\u00e9es en mono et double paroi interne lisses et flexibles dans divers diam\u00e8tres vendus au m\u00e8tre et en rouleaux avec bo\u00eetes am\u00e9ricaines et dispencer avec \u00e9paisseur minimum de 0.10 mm en aciaio inox aisi 316L - 304L - 904L\" \/>\n<meta name=\"robots\" content=\"index, follow, max-snippet:-1, max-image-preview:large, max-video-preview:-1\" \/>\n<link rel=\"canonical\" href=\"https:\/\/amrtop.net\/ro\/produs\/palarie-chinezeasca-sp122-cu-flansa-de-blocare\/\" \/>\n<meta property=\"og:locale\" content=\"ro_RO\" \/>\n<meta property=\"og:type\" content=\"article\" \/>\n<meta property=\"og:title\" content=\"Chapeau chinois avec bride de blocage\u00a0inox simple paroi SP\" \/>\n<meta property=\"og:description\" content=\"Chapeau chinois avec bride de blocage\u00a0inox simple paroi SP - Tubes - Conduits de fum\u00e9e - Chemin\u00e9es - Syst\u00e8mes d\u2019extraction de l\u2019air et des fum\u00e9es en mono et double paroi interne lisses et flexibles dans divers diam\u00e8tres vendus au m\u00e8tre et en rouleaux avec bo\u00eetes am\u00e9ricaines et dispencer avec \u00e9paisseur minimum de 0.10 mm en aciaio inox aisi 316L - 304L - 904L\" \/>\n<meta property=\"og:url\" content=\"https:\/\/amrtop.net\/ro\/produs\/palarie-chinezeasca-sp122-cu-flansa-de-blocare\/\" \/>\n<meta property=\"og:site_name\" content=\"AMRTOP B2B \u00c9tranger - Achats r\u00e9serv\u00e9s au professionnel\" \/>\n<meta property=\"article:modified_time\" content=\"2023-06-13T11:52:15+00:00\" \/>\n<meta property=\"og:image\" content=\"https:\/\/amrtop.net\/wp-content\/uploads\/2022\/05\/sp122.jpg\" \/>\n\t<meta property=\"og:image:width\" content=\"640\" \/>\n\t<meta property=\"og:image:height\" content=\"640\" \/>\n\t<meta property=\"og:image:type\" content=\"image\/jpeg\" \/>\n<meta name=\"twitter:card\" content=\"summary_large_image\" \/>\n<meta name=\"twitter:label1\" content=\"Timp estimat pentru citire\" \/>\n\t<meta name=\"twitter:data1\" content=\"2 minute\" \/>\n<script type=\"application\/ld+json\" class=\"yoast-schema-graph\">{\"@context\":\"https:\\\/\\\/schema.org\",\"@graph\":[{\"@type\":\"WebPage\",\"@id\":\"https:\\\/\\\/amrtop.net\\\/produit\\\/sp122-chapeau-chinois-avec-bride-de-blocage\\\/\",\"url\":\"https:\\\/\\\/amrtop.net\\\/produit\\\/sp122-chapeau-chinois-avec-bride-de-blocage\\\/\",\"name\":\"Chapeau chinois avec bride de blocage\u00a0inox simple paroi SP\",\"isPartOf\":{\"@id\":\"https:\\\/\\\/amrtop.net\\\/#website\"},\"primaryImageOfPage\":{\"@id\":\"https:\\\/\\\/amrtop.net\\\/produit\\\/sp122-chapeau-chinois-avec-bride-de-blocage\\\/#primaryimage\"},\"image\":{\"@id\":\"https:\\\/\\\/amrtop.net\\\/produit\\\/sp122-chapeau-chinois-avec-bride-de-blocage\\\/#primaryimage\"},\"thumbnailUrl\":\"https:\\\/\\\/amrtop.net\\\/wp-content\\\/uploads\\\/2022\\\/05\\\/sp122.jpg\",\"datePublished\":\"2022-05-28T13:01:37+00:00\",\"dateModified\":\"2023-06-13T11:52:15+00:00\",\"description\":\"Chapeau chinois avec bride de blocage\u00a0inox simple paroi SP - Tubes - Conduits de fum\u00e9e - Chemin\u00e9es - Syst\u00e8mes d\u2019extraction de l\u2019air et des fum\u00e9es en mono et double paroi interne lisses et flexibles dans divers diam\u00e8tres vendus au m\u00e8tre et en rouleaux avec bo\u00eetes am\u00e9ricaines et dispencer avec \u00e9paisseur minimum de 0.10 mm en aciaio inox aisi 316L - 304L - 904L\",\"breadcrumb\":{\"@id\":\"https:\\\/\\\/amrtop.net\\\/produit\\\/sp122-chapeau-chinois-avec-bride-de-blocage\\\/#breadcrumb\"},\"inLanguage\":\"ro-RO\",\"potentialAction\":[{\"@type\":\"ReadAction\",\"target\":[\"https:\\\/\\\/amrtop.net\\\/produit\\\/sp122-chapeau-chinois-avec-bride-de-blocage\\\/\"]}]},{\"@type\":\"ImageObject\",\"inLanguage\":\"ro-RO\",\"@id\":\"https:\\\/\\\/amrtop.net\\\/produit\\\/sp122-chapeau-chinois-avec-bride-de-blocage\\\/#primaryimage\",\"url\":\"https:\\\/\\\/amrtop.net\\\/wp-content\\\/uploads\\\/2022\\\/05\\\/sp122.jpg\",\"contentUrl\":\"https:\\\/\\\/amrtop.net\\\/wp-content\\\/uploads\\\/2022\\\/05\\\/sp122.jpg\",\"width\":640,\"height\":640,\"caption\":\"Chapeau chinois avec bride de blocage\u00a0inox simple paroi SP - Tubes - Conduits de fum\u00e9e - Chemin\u00e9es - Syst\u00e8mes d\u2019extraction de l\u2019air et des fum\u00e9es en mono et double paroi interne lisses et flexibles dans divers diam\u00e8tres vendus au m\u00e8tre et en rouleaux avec bo\u00eetes am\u00e9ricaines et dispencer avec \u00e9paisseur minimum de 0.10 mm en aciaio inox aisi 316L - 304L - 904L\"},{\"@type\":\"BreadcrumbList\",\"@id\":\"https:\\\/\\\/amrtop.net\\\/produit\\\/sp122-chapeau-chinois-avec-bride-de-blocage\\\/#breadcrumb\",\"itemListElement\":[{\"@type\":\"ListItem\",\"position\":1,\"name\":\"Home\",\"item\":\"https:\\\/\\\/amrtop.net\\\/\"},{\"@type\":\"ListItem\",\"position\":2,\"name\":\"Shop\",\"item\":\"https:\\\/\\\/amrtop.net\\\/negozio\\\/\"},{\"@type\":\"ListItem\",\"position\":3,\"name\":\"SP122&#8230; &#8211; Chapeau chinois avec bride de blocage\"}]},{\"@type\":\"WebSite\",\"@id\":\"https:\\\/\\\/amrtop.net\\\/#website\",\"url\":\"https:\\\/\\\/amrtop.net\\\/\",\"name\":\"AMRTOP B2B \u00c9tranger - Achats r\u00e9serv\u00e9s au professionnel\",\"description\":\"Pi\u00e8ces de rechange et accessoires pour po\u00eales et chaudi\u00e8res - eCommerce B2B pour Clients Professionnels\",\"potentialAction\":[{\"@type\":\"SearchAction\",\"target\":{\"@type\":\"EntryPoint\",\"urlTemplate\":\"https:\\\/\\\/amrtop.net\\\/?s={search_term_string}\"},\"query-input\":{\"@type\":\"PropertyValueSpecification\",\"valueRequired\":true,\"valueName\":\"search_term_string\"}}],\"inLanguage\":\"ro-RO\"}]}<\/script>\n<!-- \/ Yoast SEO plugin. -->","yoast_head_json":{"title":"Capac chinezesc cu clem\u0103 din o\u021bel inoxidabil cu un singur perete SP","description":"Capac chinezesc cu flan\u0219\u0103 de \u00eenchidere din o\u021bel inoxidabil cu un singur perete SP - \u021aevi - Co\u0219uri - Sisteme de extrac\u021bie a aerului \u0219i a fumului cu un singur perete \u0219i cu perete dublu, netede \u0219i flexibile, \u00een diferite diametre, v\u00e2ndute la metru \u0219i \u00een rulouri cu cutii americane \u0219i distribuitor cu grosime minim\u0103 de 0,10 mm din o\u021bel inoxidabil aisi 316L - 304L - 904L","robots":{"index":"index","follow":"follow","max-snippet":"max-snippet:-1","max-image-preview":"max-image-preview:large","max-video-preview":"max-video-preview:-1"},"canonical":"https:\/\/amrtop.net\/ro\/produs\/palarie-chinezeasca-sp122-cu-flansa-de-blocare\/","og_locale":"ro_RO","og_type":"article","og_title":"Chapeau chinois avec bride de blocage\u00a0inox simple paroi SP","og_description":"Chapeau chinois avec bride de blocage\u00a0inox simple paroi SP - Tubes - Conduits de fum\u00e9e - Chemin\u00e9es - Syst\u00e8mes d\u2019extraction de l\u2019air et des fum\u00e9es en mono et double paroi interne lisses et flexibles dans divers diam\u00e8tres vendus au m\u00e8tre et en rouleaux avec bo\u00eetes am\u00e9ricaines et dispencer avec \u00e9paisseur minimum de 0.10 mm en aciaio inox aisi 316L - 304L - 904L","og_url":"https:\/\/amrtop.net\/ro\/produs\/palarie-chinezeasca-sp122-cu-flansa-de-blocare\/","og_site_name":"AMRTOP B2B \u00c9tranger - Achats r\u00e9serv\u00e9s au professionnel","article_modified_time":"2023-06-13T11:52:15+00:00","og_image":[{"width":640,"height":640,"url":"https:\/\/amrtop.net\/wp-content\/uploads\/2022\/05\/sp122.jpg","type":"image\/jpeg"}],"twitter_card":"summary_large_image","twitter_misc":{"Timp estimat pentru citire":"2 minute"},"schema":{"@context":"https:\/\/schema.org","@graph":[{"@type":"WebPage","@id":"https:\/\/amrtop.net\/produit\/sp122-chapeau-chinois-avec-bride-de-blocage\/","url":"https:\/\/amrtop.net\/produit\/sp122-chapeau-chinois-avec-bride-de-blocage\/","name":"Capac chinezesc cu clem\u0103 din o\u021bel inoxidabil cu un singur perete SP","isPartOf":{"@id":"https:\/\/amrtop.net\/#website"},"primaryImageOfPage":{"@id":"https:\/\/amrtop.net\/produit\/sp122-chapeau-chinois-avec-bride-de-blocage\/#primaryimage"},"image":{"@id":"https:\/\/amrtop.net\/produit\/sp122-chapeau-chinois-avec-bride-de-blocage\/#primaryimage"},"thumbnailUrl":"https:\/\/amrtop.net\/wp-content\/uploads\/2022\/05\/sp122.jpg","datePublished":"2022-05-28T13:01:37+00:00","dateModified":"2023-06-13T11:52:15+00:00","description":"Capac chinezesc cu flan\u0219\u0103 de \u00eenchidere din o\u021bel inoxidabil cu un singur perete SP - \u021aevi - Co\u0219uri - Sisteme de extrac\u021bie a aerului \u0219i a fumului cu un singur perete \u0219i cu perete dublu, netede \u0219i flexibile, \u00een diferite diametre, v\u00e2ndute la metru \u0219i \u00een rulouri cu cutii americane \u0219i distribuitor cu grosime minim\u0103 de 0,10 mm din o\u021bel inoxidabil aisi 316L - 304L - 904L","breadcrumb":{"@id":"https:\/\/amrtop.net\/produit\/sp122-chapeau-chinois-avec-bride-de-blocage\/#breadcrumb"},"inLanguage":"ro-RO","potentialAction":[{"@type":"ReadAction","target":["https:\/\/amrtop.net\/produit\/sp122-chapeau-chinois-avec-bride-de-blocage\/"]}]},{"@type":"ImageObject","inLanguage":"ro-RO","@id":"https:\/\/amrtop.net\/produit\/sp122-chapeau-chinois-avec-bride-de-blocage\/#primaryimage","url":"https:\/\/amrtop.net\/wp-content\/uploads\/2022\/05\/sp122.jpg","contentUrl":"https:\/\/amrtop.net\/wp-content\/uploads\/2022\/05\/sp122.jpg","width":640,"height":640,"caption":"Chapeau chinois avec bride de blocage\u00a0inox simple paroi SP - Tubes - Conduits de fum\u00e9e - Chemin\u00e9es - Syst\u00e8mes d\u2019extraction de l\u2019air et des fum\u00e9es en mono et double paroi interne lisses et flexibles dans divers diam\u00e8tres vendus au m\u00e8tre et en rouleaux avec bo\u00eetes am\u00e9ricaines et dispencer avec \u00e9paisseur minimum de 0.10 mm en aciaio inox aisi 316L - 304L - 904L"},{"@type":"BreadcrumbList","@id":"https:\/\/amrtop.net\/produit\/sp122-chapeau-chinois-avec-bride-de-blocage\/#breadcrumb","itemListElement":[{"@type":"ListItem","position":1,"name":"Home","item":"https:\/\/amrtop.net\/"},{"@type":"ListItem","position":2,"name":"Shop","item":"https:\/\/amrtop.net\/negozio\/"},{"@type":"ListItem","position":3,"name":"SP122&#8230; &#8211; Chapeau chinois avec bride de blocage"}]},{"@type":"WebSite","@id":"https:\/\/amrtop.net\/#website","url":"https:\/\/amrtop.net\/","name":"AMRTOP B2B Abroad - Achizi\u021bii rezervate profesioni\u0219tilor","description":"Piese de schimb \u0219i accesorii pentru sobe \u0219i cazane - eCommerce B2B pentru clien\u021bi profesioni\u0219ti","potentialAction":[{"@type":"SearchAction","target":{"@type":"EntryPoint","urlTemplate":"https:\/\/amrtop.net\/?s={search_term_string}"},"query-input":{"@type":"PropertyValueSpecification","valueRequired":true,"valueName":"search_term_string"}}],"inLanguage":"ro-RO"}]}},"_links":{"self":[{"href":"https:\/\/amrtop.net\/ro\/wp-json\/wp\/v2\/product\/24457","targetHints":{"allow":["GET"]}}],"collection":[{"href":"https:\/\/amrtop.net\/ro\/wp-json\/wp\/v2\/product"}],"about":[{"href":"https:\/\/amrtop.net\/ro\/wp-json\/wp\/v2\/types\/product"}],"replies":[{"embeddable":true,"href":"https:\/\/amrtop.net\/ro\/wp-json\/wp\/v2\/comments?post=24457"}],"wp:featuredmedia":[{"embeddable":true,"href":"https:\/\/amrtop.net\/ro\/wp-json\/wp\/v2\/media\/24242"}],"wp:attachment":[{"href":"https:\/\/amrtop.net\/ro\/wp-json\/wp\/v2\/media?parent=24457"}],"wp:term":[{"taxonomy":"product_brand","embeddable":true,"href":"https:\/\/amrtop.net\/ro\/wp-json\/wp\/v2\/product_brand?post=24457"},{"taxonomy":"product_cat","embeddable":true,"href":"https:\/\/amrtop.net\/ro\/wp-json\/wp\/v2\/product_cat?post=24457"},{"taxonomy":"product_tag","embeddable":true,"href":"https:\/\/amrtop.net\/ro\/wp-json\/wp\/v2\/product_tag?post=24457"}],"curies":[{"name":"wp","href":"https:\/\/api.w.org\/{rel}","templated":true}]}}