{"id":26403,"date":"2022-05-31T13:56:09","date_gmt":"2022-05-31T13:56:09","guid":{"rendered":"https:\/\/amrtop.com\/B2B\/?post_type=product&#038;p=26403"},"modified":"2023-06-10T08:18:37","modified_gmt":"2023-06-10T08:18:37","slug":"sp1234-guler-de-perete-cu-diblu","status":"publish","type":"product","link":"https:\/\/amrtop.net\/ro\/produit\/sp1234-collier-mural-avec-cheville\/","title":{"rendered":"SP1234... - Guler de perete cu dibluri"},"content":{"rendered":"<p><strong>Clem\u0103 de perete cu diblu SP 1.2<\/strong><\/p>\n<p>Sistemul cu o singur\u0103 plac\u0103 SP BLACK este format din elemente modulare rigide realizate din o\u021bel inoxidabil AISI 316L.<\/p>\n<p>cu o grosime minim\u0103 de 0,4 mm \u0219i vopsite cu o vopsea rezistent\u0103 la 550 , \u00een conformitate cu standardele de marcare CE \u00een conformitate cu EN 1856-1.<\/p>\n<p>Elementele modulare au un racord de sticl\u0103 clasic calibrat de tip mascul-femel\u0103, cu o<\/p>\n<p>buz\u0103 tripl\u0103, care se utilizeaz\u0103 numai la temperaturi care nu dep\u0103\u0219esc 200 \u00baC \u0219i la presiuni pozitive de p\u00e2n\u0103 la 200 Pa, \u00een conformitate cu standardul european EN 14241-1, \u0219i \u00eembinare mecanic\u0103 cu guler de siguran\u021b\u0103.<\/p>\n<p><strong>Aplica\u021bie<\/strong><\/p>\n<h3><strong>Utilizarea de<\/strong> <strong>Clem\u0103 de perete cu diblu SP 1.2<\/strong><\/h3>\n<p>Toate elementele din gama SP BLACK, vopsite \u00een negru mat, cu o grosime de 0,4 mm, sunt utilizate pentru realizarea de canale, co\u0219uri de fum, co\u0219uri metalice, canale de aer pentru generatoare de c\u0103ldur\u0103 atmosferice, presurizate, cu aer for\u021bat, tradi\u021bionale sau \u00een condensare, hote de buc\u0103t\u0103rie pentru uz industrial sau casnic, sobe pe lemne, \u0219eminee, sobe pe pele\u021bi, etc.<\/p>\n<p><strong>Diametre disponibile - mm <\/strong><\/p>\n<p><strong>\u00f8 80 mm |\u00f8 100 mm<\/strong><\/p>\n<p><strong>\u00f8i 80 mm - \u00f8e 100 mm | \u00f8i 100 mm - \u00f8e 120 mm\u00a0<\/strong><\/p>\n<p><strong>Gama de sisteme de fum AMR TOP\u00a0\u00a0\u00a0\u00a0\u00a0\u00a0 <\/strong><\/p>\n<p><a href=\"https:\/\/amrtop.net\/ro\/categoria-de-produse\/canale-de-fum-2\/tuyaux-flexibles-en-acier-inoxydable\/\"><strong>TOP FLEX SP - Tuburi flexibile din o\u021bel inoxidabil ondulat cu perete simplu \u0219i dublu<\/strong><\/a><\/p>\n<p><a href=\"https:\/\/amrtop.net\/ro\/categoria-de-produse\/canale-de-fum-2\/tube-rigide-monoparete-en-acier-inoxydable\/\"><strong>SP - AISI 316L din o\u021bel inoxidabil cu un singur perete tub rigid<\/strong><\/a><\/p>\n<p><strong><u><a href=\"https:\/\/amrtop.net\/ro\/categoria-de-produse\/canale-de-fum-2\/tube-flexible-inox-aisi-316-l-interieur-lisse-isole\/\">ISOTOP FLEX - \u021aeav\u0103 flexibil\u0103 izolat\u0103 din o\u021bel inoxidabil AISI 316L cu interior neted \u0219i izolat \u00a0<\/a><\/u><\/strong><\/p>\n<p><strong><u><a href=\"https:\/\/amrtop.net\/ro\/categoria-de-produse\/canale-de-fum-2\/dp-air-tube-double-paroi-inox-a-chambre-dair\/\">DP AIR - Tub din o\u021bel inoxidabil cu pere\u021bi dubli cu camer\u0103 de aer<\/a><\/u><\/strong><\/p>\n<p><strong><u><a href=\"https:\/\/amrtop.net\/ro\/categoria-de-produse\/canale-de-fum-2\/tube-coaxial-inox\/\">DP - \u021aeav\u0103 izolat\u0103 cu perete dublu 10 mm - 25 mm<\/a><\/u><\/strong><\/p>\n<p><strong><a href=\"https:\/\/amrtop.net\/ro\/categoria-de-produse\/canale-de-fum-2\/tube-coaxial-inox\/\">COAX TOP - \u021aeav\u0103 coaxial\u0103 din o\u021bel inoxidabil \u00een PPS \u0219i PPS\/ O\u021bel inoxidabil<\/a><\/strong><\/p>\n<p><strong><u><a href=\"https:\/\/amrtop.net\/ro\/categoria-de-produse\/canale-de-fum-2\/tuyau-coaxial-inox-inox-black\/\">COAX PELLET - Tub coaxial din o\u021bel inoxidabil<\/a><\/u><\/strong><\/p>\n<p><strong><u><a href=\"https:\/\/amrtop.net\/ro\/categoria-de-produse\/canale-de-fum-2\/conduits-de-fumee-des-appareils-a-biomasse\/\">BIOM TOP - Tuburi pentru sobe pe pele\u021bi \u0219i pe lemne<\/a><\/u><\/strong><\/p>\n<p><strong><u><a href=\"https:\/\/amrtop.net\/ro\/categoria-de-produse\/canale-de-fum-2\/alutop-tube-en-aluminium-flexible-extensible\/\">ALU TOP - Tub flexibil extensibil din aluminiu<\/a><\/u><\/strong><strong>\u00a0 \u00a0 \u00a0 \u00a0 \u00a0 \u00a0 \u00a0 \u00a0 \u00a0 \u00a0 \u00a0 \u00a0 \u00a0 \u00a0 \u00a0 \u00a0 \u00a0 \u00a0 \u00a0 \u00a0 \u00a0 \u00a0 \u00a0 \u00a0 \u00a0 \u00a0 \u00a0 \u00a0 \u00a0 \u00a0 \u00a0 \u00a0 \u00a0 \u00a0 \u00a0 \u00a0 \u00a0 \u00a0 \u00a0 \u00a0 \u00a0 \u00a0 \u00a0 \u00a0 \u00a0 \u00a0 \u00a0<\/strong><\/p>","protected":false},"excerpt":{"rendered":"<p>Collier mural avec cheville SP 1.2 Le syst\u00e8me monoparet SP BLACK est compos\u00e9 d\u2019\u00e9l\u00e9ments modulaires rigides, r\u00e9alis\u00e9s en acier inox AISI 316L d\u2019une \u00e9paisseur minimale de 0,4 mm et peints avec une peinture r\u00e9sistante jusqu\u2019\u00e0 550\u00a0 , conformes aux normes marquage CE conform\u00e9ment \u00e0 la norme EN 1856-1. Les \u00e9l\u00e9ments modulaires ont un raccord classique [&hellip;]<\/p>\n","protected":false},"featured_media":26363,"comment_status":"open","ping_status":"closed","template":"","meta":[],"product_brand":[],"product_cat":[1547,1548],"product_tag":[],"class_list":{"0":"post-26403","1":"product","2":"type-product","3":"status-publish","4":"has-post-thumbnail","6":"product_cat-conduits-de-fumee-des-appareils-a-biomasse","7":"product_cat-tubes-pour-poeles-a-pellets-epaisseur-1-2-mm","9":"first","10":"instock","11":"shipping-taxable","12":"purchasable","13":"product-type-variable"},"yoast_head":"<!-- This site is optimized with the Yoast SEO plugin v27.5 - https:\/\/yoast.com\/product\/yoast-seo-wordpress\/ -->\n<title>Collier mural avec cheville SP 1.2<\/title>\n<meta name=\"description\" content=\"Conduit de chemin\u00e9e pour les appareils \u00e0 biomasse \u00e9paisseur 0,4 - 0,8 - 1,2 - 2,0 mm - Conduit de chemin\u00e9e en m\u00e9tal et en acier inoxydable peint noir mat et brillant - Tuyau de vidange des fum\u00e9es de diff\u00e9rents diam\u00e8tres.\" \/>\n<meta name=\"robots\" content=\"index, follow, max-snippet:-1, max-image-preview:large, max-video-preview:-1\" \/>\n<link rel=\"canonical\" href=\"https:\/\/amrtop.net\/ro\/produs\/sp1234-guler-de-perete-cu-diblu\/\" \/>\n<meta property=\"og:locale\" content=\"ro_RO\" \/>\n<meta property=\"og:type\" content=\"article\" \/>\n<meta property=\"og:title\" content=\"Collier mural avec cheville SP 1.2\" \/>\n<meta property=\"og:description\" content=\"Conduit de chemin\u00e9e pour les appareils \u00e0 biomasse \u00e9paisseur 0,4 - 0,8 - 1,2 - 2,0 mm - Conduit de chemin\u00e9e en m\u00e9tal et en acier inoxydable peint noir mat et brillant - Tuyau de vidange des fum\u00e9es de diff\u00e9rents diam\u00e8tres.\" \/>\n<meta property=\"og:url\" content=\"https:\/\/amrtop.net\/ro\/produs\/sp1234-guler-de-perete-cu-diblu\/\" \/>\n<meta property=\"og:site_name\" content=\"AMRTOP B2B \u00c9tranger - Achats r\u00e9serv\u00e9s au professionnel\" \/>\n<meta property=\"article:modified_time\" content=\"2023-06-10T08:18:37+00:00\" \/>\n<meta property=\"og:image\" content=\"https:\/\/amrtop.net\/wp-content\/uploads\/2022\/05\/sp1234.jpg\" \/>\n\t<meta property=\"og:image:width\" content=\"640\" \/>\n\t<meta property=\"og:image:height\" content=\"640\" \/>\n\t<meta property=\"og:image:type\" content=\"image\/jpeg\" \/>\n<meta name=\"twitter:card\" content=\"summary_large_image\" \/>\n<meta name=\"twitter:label1\" content=\"Timp estimat pentru citire\" \/>\n\t<meta name=\"twitter:data1\" content=\"2 minute\" \/>\n<script type=\"application\/ld+json\" class=\"yoast-schema-graph\">{\"@context\":\"https:\\\/\\\/schema.org\",\"@graph\":[{\"@type\":\"WebPage\",\"@id\":\"https:\\\/\\\/amrtop.net\\\/produit\\\/sp1234-collier-mural-avec-cheville\\\/\",\"url\":\"https:\\\/\\\/amrtop.net\\\/produit\\\/sp1234-collier-mural-avec-cheville\\\/\",\"name\":\"Collier mural avec cheville SP 1.2\",\"isPartOf\":{\"@id\":\"https:\\\/\\\/amrtop.net\\\/#website\"},\"primaryImageOfPage\":{\"@id\":\"https:\\\/\\\/amrtop.net\\\/produit\\\/sp1234-collier-mural-avec-cheville\\\/#primaryimage\"},\"image\":{\"@id\":\"https:\\\/\\\/amrtop.net\\\/produit\\\/sp1234-collier-mural-avec-cheville\\\/#primaryimage\"},\"thumbnailUrl\":\"https:\\\/\\\/amrtop.net\\\/wp-content\\\/uploads\\\/2022\\\/05\\\/sp1234.jpg\",\"datePublished\":\"2022-05-31T13:56:09+00:00\",\"dateModified\":\"2023-06-10T08:18:37+00:00\",\"description\":\"Conduit de chemin\u00e9e pour les appareils \u00e0 biomasse \u00e9paisseur 0,4 - 0,8 - 1,2 - 2,0 mm - Conduit de chemin\u00e9e en m\u00e9tal et en acier inoxydable peint noir mat et brillant - Tuyau de vidange des fum\u00e9es de diff\u00e9rents diam\u00e8tres.\",\"breadcrumb\":{\"@id\":\"https:\\\/\\\/amrtop.net\\\/produit\\\/sp1234-collier-mural-avec-cheville\\\/#breadcrumb\"},\"inLanguage\":\"ro-RO\",\"potentialAction\":[{\"@type\":\"ReadAction\",\"target\":[\"https:\\\/\\\/amrtop.net\\\/produit\\\/sp1234-collier-mural-avec-cheville\\\/\"]}]},{\"@type\":\"ImageObject\",\"inLanguage\":\"ro-RO\",\"@id\":\"https:\\\/\\\/amrtop.net\\\/produit\\\/sp1234-collier-mural-avec-cheville\\\/#primaryimage\",\"url\":\"https:\\\/\\\/amrtop.net\\\/wp-content\\\/uploads\\\/2022\\\/05\\\/sp1234.jpg\",\"contentUrl\":\"https:\\\/\\\/amrtop.net\\\/wp-content\\\/uploads\\\/2022\\\/05\\\/sp1234.jpg\",\"width\":640,\"height\":640,\"caption\":\"Conduit de chemin\u00e9e pour les appareils \u00e0 biomasse \u00e9paisseur 0,4 - 0,8 - 1,2 - 2,0 mm - Conduit de chemin\u00e9e en m\u00e9tal et en acier inoxydable peint noir mat et brillant - Tuyau de vidange des fum\u00e9es de diff\u00e9rents diam\u00e8tres.\"},{\"@type\":\"BreadcrumbList\",\"@id\":\"https:\\\/\\\/amrtop.net\\\/produit\\\/sp1234-collier-mural-avec-cheville\\\/#breadcrumb\",\"itemListElement\":[{\"@type\":\"ListItem\",\"position\":1,\"name\":\"Home\",\"item\":\"https:\\\/\\\/amrtop.net\\\/\"},{\"@type\":\"ListItem\",\"position\":2,\"name\":\"Shop\",\"item\":\"https:\\\/\\\/amrtop.net\\\/negozio\\\/\"},{\"@type\":\"ListItem\",\"position\":3,\"name\":\"SP1234&#8230; &#8211; Collier mural avec cheville\"}]},{\"@type\":\"WebSite\",\"@id\":\"https:\\\/\\\/amrtop.net\\\/#website\",\"url\":\"https:\\\/\\\/amrtop.net\\\/\",\"name\":\"AMRTOP B2B \u00c9tranger - Achats r\u00e9serv\u00e9s au professionnel\",\"description\":\"Pi\u00e8ces de rechange et accessoires pour po\u00eales et chaudi\u00e8res - eCommerce B2B pour Clients Professionnels\",\"potentialAction\":[{\"@type\":\"SearchAction\",\"target\":{\"@type\":\"EntryPoint\",\"urlTemplate\":\"https:\\\/\\\/amrtop.net\\\/?s={search_term_string}\"},\"query-input\":{\"@type\":\"PropertyValueSpecification\",\"valueRequired\":true,\"valueName\":\"search_term_string\"}}],\"inLanguage\":\"ro-RO\"}]}<\/script>\n<!-- \/ Yoast SEO plugin. -->","yoast_head_json":{"title":"Clem\u0103 de perete cu diblu SP 1.2","description":"\u021aeav\u0103 de fum pentru aparate pe biomas\u0103, grosime 0,4 - 0,8 - 1,2 - 2,0 mm - \u021aeav\u0103 de fum din metal \u0219i o\u021bel inoxidabil, vopsit\u0103 \u00een negru mat \u0219i negru lucios - \u021aeav\u0103 de fum \u00een diferite diametre.","robots":{"index":"index","follow":"follow","max-snippet":"max-snippet:-1","max-image-preview":"max-image-preview:large","max-video-preview":"max-video-preview:-1"},"canonical":"https:\/\/amrtop.net\/ro\/produs\/sp1234-guler-de-perete-cu-diblu\/","og_locale":"ro_RO","og_type":"article","og_title":"Collier mural avec cheville SP 1.2","og_description":"Conduit de chemin\u00e9e pour les appareils \u00e0 biomasse \u00e9paisseur 0,4 - 0,8 - 1,2 - 2,0 mm - Conduit de chemin\u00e9e en m\u00e9tal et en acier inoxydable peint noir mat et brillant - Tuyau de vidange des fum\u00e9es de diff\u00e9rents diam\u00e8tres.","og_url":"https:\/\/amrtop.net\/ro\/produs\/sp1234-guler-de-perete-cu-diblu\/","og_site_name":"AMRTOP B2B \u00c9tranger - Achats r\u00e9serv\u00e9s au professionnel","article_modified_time":"2023-06-10T08:18:37+00:00","og_image":[{"width":640,"height":640,"url":"https:\/\/amrtop.net\/wp-content\/uploads\/2022\/05\/sp1234.jpg","type":"image\/jpeg"}],"twitter_card":"summary_large_image","twitter_misc":{"Timp estimat pentru citire":"2 minute"},"schema":{"@context":"https:\/\/schema.org","@graph":[{"@type":"WebPage","@id":"https:\/\/amrtop.net\/produit\/sp1234-collier-mural-avec-cheville\/","url":"https:\/\/amrtop.net\/produit\/sp1234-collier-mural-avec-cheville\/","name":"Clem\u0103 de perete cu diblu SP 1.2","isPartOf":{"@id":"https:\/\/amrtop.net\/#website"},"primaryImageOfPage":{"@id":"https:\/\/amrtop.net\/produit\/sp1234-collier-mural-avec-cheville\/#primaryimage"},"image":{"@id":"https:\/\/amrtop.net\/produit\/sp1234-collier-mural-avec-cheville\/#primaryimage"},"thumbnailUrl":"https:\/\/amrtop.net\/wp-content\/uploads\/2022\/05\/sp1234.jpg","datePublished":"2022-05-31T13:56:09+00:00","dateModified":"2023-06-10T08:18:37+00:00","description":"\u021aeav\u0103 de fum pentru aparate pe biomas\u0103, grosime 0,4 - 0,8 - 1,2 - 2,0 mm - \u021aeav\u0103 de fum din metal \u0219i o\u021bel inoxidabil, vopsit\u0103 \u00een negru mat \u0219i negru lucios - \u021aeav\u0103 de fum \u00een diferite diametre.","breadcrumb":{"@id":"https:\/\/amrtop.net\/produit\/sp1234-collier-mural-avec-cheville\/#breadcrumb"},"inLanguage":"ro-RO","potentialAction":[{"@type":"ReadAction","target":["https:\/\/amrtop.net\/produit\/sp1234-collier-mural-avec-cheville\/"]}]},{"@type":"ImageObject","inLanguage":"ro-RO","@id":"https:\/\/amrtop.net\/produit\/sp1234-collier-mural-avec-cheville\/#primaryimage","url":"https:\/\/amrtop.net\/wp-content\/uploads\/2022\/05\/sp1234.jpg","contentUrl":"https:\/\/amrtop.net\/wp-content\/uploads\/2022\/05\/sp1234.jpg","width":640,"height":640,"caption":"Conduit de chemin\u00e9e pour les appareils \u00e0 biomasse \u00e9paisseur 0,4 - 0,8 - 1,2 - 2,0 mm - Conduit de chemin\u00e9e en m\u00e9tal et en acier inoxydable peint noir mat et brillant - Tuyau de vidange des fum\u00e9es de diff\u00e9rents diam\u00e8tres."},{"@type":"BreadcrumbList","@id":"https:\/\/amrtop.net\/produit\/sp1234-collier-mural-avec-cheville\/#breadcrumb","itemListElement":[{"@type":"ListItem","position":1,"name":"Home","item":"https:\/\/amrtop.net\/"},{"@type":"ListItem","position":2,"name":"Shop","item":"https:\/\/amrtop.net\/negozio\/"},{"@type":"ListItem","position":3,"name":"SP1234&#8230; &#8211; Collier mural avec cheville"}]},{"@type":"WebSite","@id":"https:\/\/amrtop.net\/#website","url":"https:\/\/amrtop.net\/","name":"AMRTOP B2B Abroad - Achizi\u021bii rezervate profesioni\u0219tilor","description":"Piese de schimb \u0219i accesorii pentru sobe \u0219i cazane - eCommerce B2B pentru clien\u021bi profesioni\u0219ti","potentialAction":[{"@type":"SearchAction","target":{"@type":"EntryPoint","urlTemplate":"https:\/\/amrtop.net\/?s={search_term_string}"},"query-input":{"@type":"PropertyValueSpecification","valueRequired":true,"valueName":"search_term_string"}}],"inLanguage":"ro-RO"}]}},"_links":{"self":[{"href":"https:\/\/amrtop.net\/ro\/wp-json\/wp\/v2\/product\/26403","targetHints":{"allow":["GET"]}}],"collection":[{"href":"https:\/\/amrtop.net\/ro\/wp-json\/wp\/v2\/product"}],"about":[{"href":"https:\/\/amrtop.net\/ro\/wp-json\/wp\/v2\/types\/product"}],"replies":[{"embeddable":true,"href":"https:\/\/amrtop.net\/ro\/wp-json\/wp\/v2\/comments?post=26403"}],"wp:featuredmedia":[{"embeddable":true,"href":"https:\/\/amrtop.net\/ro\/wp-json\/wp\/v2\/media\/26363"}],"wp:attachment":[{"href":"https:\/\/amrtop.net\/ro\/wp-json\/wp\/v2\/media?parent=26403"}],"wp:term":[{"taxonomy":"product_brand","embeddable":true,"href":"https:\/\/amrtop.net\/ro\/wp-json\/wp\/v2\/product_brand?post=26403"},{"taxonomy":"product_cat","embeddable":true,"href":"https:\/\/amrtop.net\/ro\/wp-json\/wp\/v2\/product_cat?post=26403"},{"taxonomy":"product_tag","embeddable":true,"href":"https:\/\/amrtop.net\/ro\/wp-json\/wp\/v2\/product_tag?post=26403"}],"curies":[{"name":"wp","href":"https:\/\/api.w.org\/{rel}","templated":true}]}}