{"id":26510,"date":"2022-06-01T07:36:08","date_gmt":"2022-06-01T07:36:08","guid":{"rendered":"https:\/\/amrtop.com\/B2B\/?post_type=product&#038;p=26510"},"modified":"2023-06-12T08:41:24","modified_gmt":"2023-06-12T08:41:24","slug":"dpc102-tube-lineaire-de-0-50-m","status":"publish","type":"product","link":"https:\/\/amrtop.net\/ro\/produit\/dpc102-tube-lineaire-de-0-50-m\/","title":{"rendered":"DPC102.... - Tub liniar de 0,50 m"},"content":{"rendered":"<h3>Tube lin\u00e9aire de 0.50 m<\/h3>\n<p>CO\u0218 DE FUM DIN O\u021aEL INOXIDABIL CU PERE\u021aI DUBLI, INTERIOR AISI 316 L EXTERIOR VOPSIT NEGRU AISI 304 IZOLA\u021aIE DIN VAT\u0102 MINERAL\u0102, GROSIME 10 MM<\/p>\n<p>Sistemul DP10 cu perete dublu este alc\u0103tuit din elemente modulare rigide cu finisaj lustruit BA, cu un perete interior din o\u021bel inoxidabil AISI 316L cu o grosime minim\u0103 de 0,4 mm \u0219i un perete exterior din o\u021bel inoxidabil.<br \/>\nAISI 304, \u00een conformitate cu standardele stabilite pentru marcajul CE \u00een conformitate cu EN 1856\/1.<\/p>\n<p>Izola\u021bia const\u0103 \u00een vat\u0103 mineral\u0103 de \u00eenalt\u0103 densitate cu o grosime de 10 mm, presat\u0103 \u0219i intercalat\u0103 \u00eentre pere\u021bi f\u0103r\u0103<br \/>\nelemente de jonc\u021biune \u00eentre acestea (punte termic\u0103).<\/p>\n<p>Elementele modulare au o gref\u0103 clasic\u0103 de pahar mascul-femel\u0103 calibrat\u0103 pentru ambii pere\u021bi, cu o garnitur\u0103 de etan\u0219are cu buz\u0103 tripl\u0103 care se introduce pe peretele interior,<br \/>\n\u00een conformitate cu standardul european EN 14241-1 \u0219i asamblare mecanic\u0103 cu flan\u0219\u0103 de siguran\u021b\u0103<\/p>\n<p><b>Referin\u021b\u0103 juridic\u0103 \u0219i denumire<\/b><\/p>\n<p>Marcajul produsului \u00een conformitate cu legisla\u021bia european\u0103 CE 0476 EN 1856-1 \/ EN 1856-2.<br \/>\nT200 P1 W V2 L50040* O 20 cu garnitur\u0103 de etan\u0219are<br \/>\nT600 N1 W V2 L50040 G500 M<\/p>\n<p><b>Utilisation du\u00a0Tube lin\u00e9aire de 0.50 m<\/b><\/p>\n<p>Conducte, co\u0219uri de fum, co\u0219uri metalice, emisii de aer de la generatoare de c\u0103ldur\u0103 atmosferice, presurizate, cu aer for\u021bat, tradi\u021bionale sau cu condensare, hote de buc\u0103t\u0103rie industriale sau comerciale etc.<br \/>\nsobe pe lemne, \u0219eminee, sobe pe pele\u021bi.<\/p>\n<p><b>Interior<\/b><\/p>\n<p><a href=\"https:\/\/wekos.it\/\">Sobe, aragazuri \u0219i aragazuri pe lemne<\/a>\u00a0-\u00a0<a href=\"https:\/\/www.greenpuros.com\/\">\u0219eminee, sobe \u0219i cazane pe pele\u021bi.<\/a><\/p>\n<p><b>Aplica\u021bie<\/b><\/p>\n<p>Instalare \u00een interior sau exterior<\/p>\n<p><b>Diametre disponibile - mm 80\/100<\/b><\/p>\n<p><b>100\/120 LA CERERE<\/b><\/p>\n<p><b>Gama de sisteme de fum AMR TOP\u00a0\u00a0\u00a0\u00a0\u00a0\u00a0<\/b><\/p>\n<p><a href=\"https:\/\/amrtop.net\/ro\/categoria-de-produse\/canale-de-fum-2\/tuyaux-flexibles-en-acier-inoxydable\/\"><b>TOP FLEX SP - Tuburi flexibile din o\u021bel inoxidabil ondulat cu perete simplu \u0219i dublu<\/b><\/a><\/p>\n<p><a href=\"https:\/\/amrtop.net\/ro\/categoria-de-produse\/canale-de-fum-2\/tube-rigide-monoparete-en-acier-inoxydable\/\"><b>SP - AISI 316L din o\u021bel inoxidabil cu un singur perete tub rigid<\/b><\/a><\/p>\n<p><a href=\"https:\/\/amrtop.net\/ro\/categoria-de-produse\/canale-de-fum-2\/tube-flexible-inox-aisi-316-l-interieur-lisse-isole\/\"><b>ISOTOP FLEX - \u021aeav\u0103 flexibil\u0103 izolat\u0103 din o\u021bel inoxidabil AISI 316L cu interior neted \u0219i izolat \u00a0<\/b><\/a><\/p>\n<p><a href=\"https:\/\/amrtop.net\/ro\/categoria-de-produse\/canale-de-fum-2\/dp-air-tube-double-paroi-inox-a-chambre-dair\/\"><b>DP AIR - Tub din o\u021bel inoxidabil cu pere\u021bi dubli cu camer\u0103 de aer<\/b><\/a><\/p>\n<p><a href=\"https:\/\/amrtop.net\/ro\/categoria-de-produse\/canale-de-fum-2\/tube-coaxial-inox\/\"><b>DP - \u021aeav\u0103 izolat\u0103 cu perete dublu 10 mm - 25 mm<\/b><\/a><\/p>\n<p><a href=\"https:\/\/amrtop.net\/ro\/categoria-de-produse\/canale-de-fum-2\/tube-coaxial-inox\/\"><b>COAX TOP - \u021aeav\u0103 coaxial\u0103 din o\u021bel inoxidabil \u00een PPS \u0219i PPS\/ O\u021bel inoxidabil<\/b><\/a><\/p>\n<p><a href=\"https:\/\/amrtop.net\/ro\/categoria-de-produse\/canale-de-fum-2\/tuyau-coaxial-inox-inox-black\/\"><b>COAX PELLET - Tub coaxial din o\u021bel inoxidabil<\/b><\/a><\/p>\n<p><a href=\"https:\/\/amrtop.net\/ro\/categoria-de-produse\/canale-de-fum-2\/conduits-de-fumee-des-appareils-a-biomasse\/\"><b>BIOM TOP - Tuburi pentru sobe pe pele\u021bi \u0219i pe lemne<\/b><\/a><\/p>\n<p><a href=\"https:\/\/amrtop.net\/ro\/categoria-de-produse\/canale-de-fum-2\/alutop-tube-en-aluminium-flexible-extensible\/\"><b>ALU TOP - Tub flexibil extensibil din aluminiu<\/b><\/a><b>\u00a0 \u00a0 \u00a0 \u00a0 \u00a0 \u00a0<\/b><\/p>\n<p>&nbsp;<\/p>","protected":false},"excerpt":{"rendered":"<p>Tube lin\u00e9aire de 0.50 m CONDUIT DE FUM\u00c9E DOUBLE PAROI EN ACIER INOXYDABLE INT\u00c9RIEUR AISI 316 L EXT\u00c9RIEUR ACIER AISI 304 PEINT NOIR ISOLATION EN LAINE MIN\u00c9RALE \u00c9PAISSEUR 10 MM Le syst\u00e8me double paroi DP10 est compos\u00e9 d\u2019\u00e9l\u00e9ments modulables rigides avec finition polie BA, r\u00e9alis\u00e9s avec paroi int\u00e9rieure en acier inoxydable AISI 316L d\u2019\u00e9paisseur minimum [&hellip;]<\/p>\n","protected":false},"featured_media":27878,"comment_status":"open","ping_status":"closed","template":"","meta":[],"product_brand":[],"product_cat":[1533,1534],"product_tag":[],"class_list":{"0":"post-26510","1":"product","2":"type-product","3":"status-publish","4":"has-post-thumbnail","6":"product_cat-tubes-isoles-exterieur-cuivre-inox","7":"product_cat-dp10-tubo-doppia-parete-inox-esterno-inox-spessore-coibentazione-10-mm","9":"first","10":"instock","11":"shipping-taxable","12":"purchasable","13":"product-type-variable"},"yoast_head":"<!-- This site is optimized with the Yoast SEO plugin v27.4 - https:\/\/yoast.com\/product\/yoast-seo-wordpress\/ -->\n<title>Tube lin\u00e9aire de 0.50 m<\/title>\n<meta name=\"description\" content=\"Tube lin\u00e9aire de 0.50 m - \u00c9l\u00e9ment - Syst\u00e8me - Conduit de chemin\u00e9e ou conduit de chemin\u00e9e \u00e0 double paroi isol\u00e9 \u00e9paisseur 10 ou 25 mm en laine de roche int\u00e9rieure en acier 316 L et ext\u00e9rieur en acier 304 rev\u00eatement ext\u00e9rieur en acier - cuivre - peint en noir.\" \/>\n<meta name=\"robots\" content=\"index, follow, max-snippet:-1, max-image-preview:large, max-video-preview:-1\" \/>\n<link rel=\"canonical\" href=\"https:\/\/amrtop.net\/ro\/produs\/dpc102-tube-lineaire-de-0-50-m\/\" \/>\n<meta property=\"og:locale\" content=\"ro_RO\" \/>\n<meta property=\"og:type\" content=\"article\" \/>\n<meta property=\"og:title\" content=\"Tube lin\u00e9aire de 0.50 m\" \/>\n<meta property=\"og:description\" content=\"Tube lin\u00e9aire de 0.50 m - \u00c9l\u00e9ment - Syst\u00e8me - Conduit de chemin\u00e9e ou conduit de chemin\u00e9e \u00e0 double paroi isol\u00e9 \u00e9paisseur 10 ou 25 mm en laine de roche int\u00e9rieure en acier 316 L et ext\u00e9rieur en acier 304 rev\u00eatement ext\u00e9rieur en acier - cuivre - peint en noir.\" \/>\n<meta property=\"og:url\" content=\"https:\/\/amrtop.net\/ro\/produs\/dpc102-tube-lineaire-de-0-50-m\/\" \/>\n<meta property=\"og:site_name\" content=\"AMRTOP B2B \u00c9tranger - Achats r\u00e9serv\u00e9s au professionnel\" \/>\n<meta property=\"article:modified_time\" content=\"2023-06-12T08:41:24+00:00\" \/>\n<meta property=\"og:image\" content=\"https:\/\/amrtop.net\/wp-content\/uploads\/2022\/06\/dpc102.jpg\" \/>\n\t<meta property=\"og:image:width\" content=\"640\" \/>\n\t<meta property=\"og:image:height\" content=\"640\" \/>\n\t<meta property=\"og:image:type\" content=\"image\/jpeg\" \/>\n<meta name=\"twitter:card\" content=\"summary_large_image\" \/>\n<meta name=\"twitter:label1\" content=\"Timp estimat pentru citire\" \/>\n\t<meta name=\"twitter:data1\" content=\"2 minute\" \/>\n<script type=\"application\/ld+json\" class=\"yoast-schema-graph\">{\"@context\":\"https:\\\/\\\/schema.org\",\"@graph\":[{\"@type\":\"WebPage\",\"@id\":\"https:\\\/\\\/amrtop.net\\\/produit\\\/dpc102-tube-lineaire-de-0-50-m\\\/\",\"url\":\"https:\\\/\\\/amrtop.net\\\/produit\\\/dpc102-tube-lineaire-de-0-50-m\\\/\",\"name\":\"Tube lin\u00e9aire de 0.50 m\",\"isPartOf\":{\"@id\":\"https:\\\/\\\/amrtop.net\\\/#website\"},\"primaryImageOfPage\":{\"@id\":\"https:\\\/\\\/amrtop.net\\\/produit\\\/dpc102-tube-lineaire-de-0-50-m\\\/#primaryimage\"},\"image\":{\"@id\":\"https:\\\/\\\/amrtop.net\\\/produit\\\/dpc102-tube-lineaire-de-0-50-m\\\/#primaryimage\"},\"thumbnailUrl\":\"https:\\\/\\\/amrtop.net\\\/wp-content\\\/uploads\\\/2022\\\/06\\\/dpc102.jpg\",\"datePublished\":\"2022-06-01T07:36:08+00:00\",\"dateModified\":\"2023-06-12T08:41:24+00:00\",\"description\":\"Tube lin\u00e9aire de 0.50 m - \u00c9l\u00e9ment - Syst\u00e8me - Conduit de chemin\u00e9e ou conduit de chemin\u00e9e \u00e0 double paroi isol\u00e9 \u00e9paisseur 10 ou 25 mm en laine de roche int\u00e9rieure en acier 316 L et ext\u00e9rieur en acier 304 rev\u00eatement ext\u00e9rieur en acier - cuivre - peint en noir.\",\"breadcrumb\":{\"@id\":\"https:\\\/\\\/amrtop.net\\\/produit\\\/dpc102-tube-lineaire-de-0-50-m\\\/#breadcrumb\"},\"inLanguage\":\"ro-RO\",\"potentialAction\":[{\"@type\":\"ReadAction\",\"target\":[\"https:\\\/\\\/amrtop.net\\\/produit\\\/dpc102-tube-lineaire-de-0-50-m\\\/\"]}]},{\"@type\":\"ImageObject\",\"inLanguage\":\"ro-RO\",\"@id\":\"https:\\\/\\\/amrtop.net\\\/produit\\\/dpc102-tube-lineaire-de-0-50-m\\\/#primaryimage\",\"url\":\"https:\\\/\\\/amrtop.net\\\/wp-content\\\/uploads\\\/2022\\\/06\\\/dpc102.jpg\",\"contentUrl\":\"https:\\\/\\\/amrtop.net\\\/wp-content\\\/uploads\\\/2022\\\/06\\\/dpc102.jpg\",\"width\":640,\"height\":640,\"caption\":\"Tube lin\u00e9aire de 0.50 m - \u00c9l\u00e9ment - Syst\u00e8me - Conduit de chemin\u00e9e ou conduit de chemin\u00e9e \u00e0 double paroi isol\u00e9 \u00e9paisseur 10 ou 25 mm en laine de roche int\u00e9rieure en acier 316 L et ext\u00e9rieur en acier 304 rev\u00eatement ext\u00e9rieur en acier - cuivre - peint en noir.\"},{\"@type\":\"BreadcrumbList\",\"@id\":\"https:\\\/\\\/amrtop.net\\\/produit\\\/dpc102-tube-lineaire-de-0-50-m\\\/#breadcrumb\",\"itemListElement\":[{\"@type\":\"ListItem\",\"position\":1,\"name\":\"Home\",\"item\":\"https:\\\/\\\/amrtop.net\\\/\"},{\"@type\":\"ListItem\",\"position\":2,\"name\":\"Shop\",\"item\":\"https:\\\/\\\/amrtop.net\\\/negozio\\\/\"},{\"@type\":\"ListItem\",\"position\":3,\"name\":\"DPC102&#8230; &#8211; Tube lin\u00e9aire de 0.50 m\"}]},{\"@type\":\"WebSite\",\"@id\":\"https:\\\/\\\/amrtop.net\\\/#website\",\"url\":\"https:\\\/\\\/amrtop.net\\\/\",\"name\":\"AMRTOP B2B \u00c9tranger - Achats r\u00e9serv\u00e9s au professionnel\",\"description\":\"Pi\u00e8ces de rechange et accessoires pour po\u00eales et chaudi\u00e8res - eCommerce B2B pour Clients Professionnels\",\"potentialAction\":[{\"@type\":\"SearchAction\",\"target\":{\"@type\":\"EntryPoint\",\"urlTemplate\":\"https:\\\/\\\/amrtop.net\\\/?s={search_term_string}\"},\"query-input\":{\"@type\":\"PropertyValueSpecification\",\"valueRequired\":true,\"valueName\":\"search_term_string\"}}],\"inLanguage\":\"ro-RO\"}]}<\/script>\n<!-- \/ Yoast SEO plugin. -->","yoast_head_json":{"title":"Tube lin\u00e9aire de 0.50 m","description":"\u021aeav\u0103 liniar\u0103 de 0,50 m - Element - Sistem - Co\u0219 de fum sau co\u0219 de fum izolat cu pere\u021bi dubli, grosime 10 sau 25 mm, din vat\u0103 mineral\u0103, interior din o\u021bel 316 L \u0219i exterior din o\u021bel 304, placare exterioar\u0103 din o\u021bel - cupru - vopsit negru.","robots":{"index":"index","follow":"follow","max-snippet":"max-snippet:-1","max-image-preview":"max-image-preview:large","max-video-preview":"max-video-preview:-1"},"canonical":"https:\/\/amrtop.net\/ro\/produs\/dpc102-tube-lineaire-de-0-50-m\/","og_locale":"ro_RO","og_type":"article","og_title":"Tube lin\u00e9aire de 0.50 m","og_description":"Tube lin\u00e9aire de 0.50 m - \u00c9l\u00e9ment - Syst\u00e8me - Conduit de chemin\u00e9e ou conduit de chemin\u00e9e \u00e0 double paroi isol\u00e9 \u00e9paisseur 10 ou 25 mm en laine de roche int\u00e9rieure en acier 316 L et ext\u00e9rieur en acier 304 rev\u00eatement ext\u00e9rieur en acier - cuivre - peint en noir.","og_url":"https:\/\/amrtop.net\/ro\/produs\/dpc102-tube-lineaire-de-0-50-m\/","og_site_name":"AMRTOP B2B \u00c9tranger - Achats r\u00e9serv\u00e9s au professionnel","article_modified_time":"2023-06-12T08:41:24+00:00","og_image":[{"width":640,"height":640,"url":"https:\/\/amrtop.net\/wp-content\/uploads\/2022\/06\/dpc102.jpg","type":"image\/jpeg"}],"twitter_card":"summary_large_image","twitter_misc":{"Timp estimat pentru citire":"2 minute"},"schema":{"@context":"https:\/\/schema.org","@graph":[{"@type":"WebPage","@id":"https:\/\/amrtop.net\/produit\/dpc102-tube-lineaire-de-0-50-m\/","url":"https:\/\/amrtop.net\/produit\/dpc102-tube-lineaire-de-0-50-m\/","name":"Tube lin\u00e9aire de 0.50 m","isPartOf":{"@id":"https:\/\/amrtop.net\/#website"},"primaryImageOfPage":{"@id":"https:\/\/amrtop.net\/produit\/dpc102-tube-lineaire-de-0-50-m\/#primaryimage"},"image":{"@id":"https:\/\/amrtop.net\/produit\/dpc102-tube-lineaire-de-0-50-m\/#primaryimage"},"thumbnailUrl":"https:\/\/amrtop.net\/wp-content\/uploads\/2022\/06\/dpc102.jpg","datePublished":"2022-06-01T07:36:08+00:00","dateModified":"2023-06-12T08:41:24+00:00","description":"\u021aeav\u0103 liniar\u0103 de 0,50 m - Element - Sistem - Co\u0219 de fum sau co\u0219 de fum izolat cu pere\u021bi dubli, grosime 10 sau 25 mm, din vat\u0103 mineral\u0103, interior din o\u021bel 316 L \u0219i exterior din o\u021bel 304, placare exterioar\u0103 din o\u021bel - cupru - vopsit negru.","breadcrumb":{"@id":"https:\/\/amrtop.net\/produit\/dpc102-tube-lineaire-de-0-50-m\/#breadcrumb"},"inLanguage":"ro-RO","potentialAction":[{"@type":"ReadAction","target":["https:\/\/amrtop.net\/produit\/dpc102-tube-lineaire-de-0-50-m\/"]}]},{"@type":"ImageObject","inLanguage":"ro-RO","@id":"https:\/\/amrtop.net\/produit\/dpc102-tube-lineaire-de-0-50-m\/#primaryimage","url":"https:\/\/amrtop.net\/wp-content\/uploads\/2022\/06\/dpc102.jpg","contentUrl":"https:\/\/amrtop.net\/wp-content\/uploads\/2022\/06\/dpc102.jpg","width":640,"height":640,"caption":"Tube lin\u00e9aire de 0.50 m - \u00c9l\u00e9ment - Syst\u00e8me - Conduit de chemin\u00e9e ou conduit de chemin\u00e9e \u00e0 double paroi isol\u00e9 \u00e9paisseur 10 ou 25 mm en laine de roche int\u00e9rieure en acier 316 L et ext\u00e9rieur en acier 304 rev\u00eatement ext\u00e9rieur en acier - cuivre - peint en noir."},{"@type":"BreadcrumbList","@id":"https:\/\/amrtop.net\/produit\/dpc102-tube-lineaire-de-0-50-m\/#breadcrumb","itemListElement":[{"@type":"ListItem","position":1,"name":"Home","item":"https:\/\/amrtop.net\/"},{"@type":"ListItem","position":2,"name":"Shop","item":"https:\/\/amrtop.net\/negozio\/"},{"@type":"ListItem","position":3,"name":"DPC102&#8230; &#8211; Tube lin\u00e9aire de 0.50 m"}]},{"@type":"WebSite","@id":"https:\/\/amrtop.net\/#website","url":"https:\/\/amrtop.net\/","name":"AMRTOP B2B Abroad - Achizi\u021bii rezervate profesioni\u0219tilor","description":"Piese de schimb \u0219i accesorii pentru sobe \u0219i cazane - eCommerce B2B pentru clien\u021bi profesioni\u0219ti","potentialAction":[{"@type":"SearchAction","target":{"@type":"EntryPoint","urlTemplate":"https:\/\/amrtop.net\/?s={search_term_string}"},"query-input":{"@type":"PropertyValueSpecification","valueRequired":true,"valueName":"search_term_string"}}],"inLanguage":"ro-RO"}]}},"_links":{"self":[{"href":"https:\/\/amrtop.net\/ro\/wp-json\/wp\/v2\/product\/26510","targetHints":{"allow":["GET"]}}],"collection":[{"href":"https:\/\/amrtop.net\/ro\/wp-json\/wp\/v2\/product"}],"about":[{"href":"https:\/\/amrtop.net\/ro\/wp-json\/wp\/v2\/types\/product"}],"replies":[{"embeddable":true,"href":"https:\/\/amrtop.net\/ro\/wp-json\/wp\/v2\/comments?post=26510"}],"wp:featuredmedia":[{"embeddable":true,"href":"https:\/\/amrtop.net\/ro\/wp-json\/wp\/v2\/media\/27878"}],"wp:attachment":[{"href":"https:\/\/amrtop.net\/ro\/wp-json\/wp\/v2\/media?parent=26510"}],"wp:term":[{"taxonomy":"product_brand","embeddable":true,"href":"https:\/\/amrtop.net\/ro\/wp-json\/wp\/v2\/product_brand?post=26510"},{"taxonomy":"product_cat","embeddable":true,"href":"https:\/\/amrtop.net\/ro\/wp-json\/wp\/v2\/product_cat?post=26510"},{"taxonomy":"product_tag","embeddable":true,"href":"https:\/\/amrtop.net\/ro\/wp-json\/wp\/v2\/product_tag?post=26510"}],"curies":[{"name":"wp","href":"https:\/\/api.w.org\/{rel}","templated":true}]}}