{"id":26742,"date":"2022-06-01T09:09:20","date_gmt":"2022-06-01T09:09:20","guid":{"rendered":"https:\/\/amrtop.com\/B2B\/?post_type=product&#038;p=26742"},"modified":"2023-06-13T07:08:57","modified_gmt":"2023-06-13T07:08:57","slug":"dpcn132-solin-plat-avec-base-inox-bride-anti-intemperies","status":"publish","type":"product","link":"https:\/\/amrtop.net\/ro\/produit\/dpcn132-solin-plat-avec-base-inox-bride-anti-intemperies\/","title":{"rendered":"DPCN132.... - Jaluzele plate cu baz\u0103 din o\u021bel inoxidabil + flan\u0219\u0103 rezistent\u0103 la intemperii"},"content":{"rendered":"<h3><strong>Solin plat avec base inox + bride anti intemp\u00e9ries noire DP10 BLACK<\/strong><\/h3>\n<p>Sistemul cu perete dublu DP10 BLACK este alc\u0103tuit din elemente modulare rigide cu un finisaj BA lustruit \u0219i un perete interior din o\u021bel inoxidabil AISI 316L.<\/p>\n<p>Cu o grosime minim\u0103 de 0,4 mm \u0219i un perete exterior din o\u021bel inoxidabil AISI 304 vopsit negru, \u00een conformitate cu standardele de marcare CE \u00een conformitate cu EN 1856\/1l\".<\/p>\n<p>Izola\u021bia este realizat\u0103 din vat\u0103 mineral\u0103 de \u00eenalt\u0103 densitate cu o grosime de 10 mm, presat\u0103 \u0219i intercalat\u0103 \u00eentre pere\u021bi, f\u0103r\u0103 elemente de jonc\u021biune \u00eentre ei (punte termic\u0103).<\/p>\n<p>Elementele modulare au grefa clasic\u0103 de sticl\u0103 mascul-femel\u0103 calibrat\u0103 pentru ambii pere\u021bi, cu un sigiliu cu buz\u0103 tripl\u0103 care se introduce pe peretele interior, \u00een conformitate cu regulamentul european EN 14241-1, \u0219i asamblare mecanic\u0103 cu o flan\u0219\u0103 de siguran\u021b\u0103.<\/p>\n<h3><strong>Aplica\u021bie<\/strong><\/h3>\n<p>Instalare \u00een interior sau exterior.<\/p>\n<h3><strong>Utilisation du Solin plat avec base inox + bride anti intemp\u00e9ries noire DP10 BLACK<\/strong><\/h3>\n<p>Conducte, co\u0219uri de fum, co\u0219uri de fum metalice, emisii de aer de la generatoare de c\u0103ldur\u0103 atmosferice, presurizate, cu aer for\u021bat, tradi\u021bionale sau cu condensare, hote de buc\u0103t\u0103rie industriale sau casnice, sobe de lemn, \u0219eminee, sobe cu pele\u021bi.<\/p>\n<p><strong>Diametre disponibile<\/strong> - mm 80\/100 100\/120 LA CERERE<\/p>\n<h3><strong>Gama de sisteme de fum AMR TOP\u00a0\u00a0\u00a0\u00a0\u00a0\u00a0 <\/strong><\/h3>\n<p><a href=\"https:\/\/amrtop.net\/ro\/categoria-de-produse\/canale-de-fum-2\/tuyaux-flexibles-en-acier-inoxydable\/\"><strong>TOP FLEX SP - Tuburi flexibile din o\u021bel inoxidabil ondulat cu perete simplu \u0219i dublu<\/strong><\/a><\/p>\n<p><a href=\"https:\/\/amrtop.net\/ro\/categoria-de-produse\/canale-de-fum-2\/tube-rigide-monoparete-en-acier-inoxydable\/\"><strong>SP - AISI 316L din o\u021bel inoxidabil cu un singur perete tub rigid<\/strong><\/a><\/p>\n<p><a href=\"https:\/\/amrtop.net\/ro\/categoria-de-produse\/canale-de-fum-2\/tube-flexible-inox-aisi-316-l-interieur-lisse-isole\/\"><strong>ISOTOP FLEX - \u021aeav\u0103 flexibil\u0103 izolat\u0103 din o\u021bel inoxidabil AISI 316L cu interior neted \u0219i izolat \u00a0<\/strong><\/a><\/p>\n<p><a href=\"https:\/\/amrtop.net\/ro\/categoria-de-produse\/canale-de-fum-2\/dp-air-tube-double-paroi-inox-a-chambre-dair\/\"><strong>DP AIR - Tub din o\u021bel inoxidabil cu pere\u021bi dubli cu camer\u0103 de aer<\/strong><\/a><\/p>\n<p><a href=\"https:\/\/amrtop.net\/ro\/categoria-de-produse\/canale-de-fum-2\/tube-coaxial-inox\/\"><strong>DP - \u021aeav\u0103 izolat\u0103 cu perete dublu 10 mm - 25 mm<\/strong><\/a><\/p>\n<p><a href=\"https:\/\/amrtop.net\/ro\/categoria-de-produse\/canale-de-fum-2\/tube-coaxial-inox\/\"><strong>COAX TOP - \u021aeav\u0103 coaxial\u0103 din o\u021bel inoxidabil \u00een PPS \u0219i PPS\/ O\u021bel inoxidabil<\/strong><\/a><\/p>\n<p><a href=\"https:\/\/amrtop.net\/ro\/categoria-de-produse\/canale-de-fum-2\/tuyau-coaxial-inox-inox-black\/\"><strong>COAX PELLET - Tub coaxial din o\u021bel inoxidabil<\/strong><\/a><\/p>\n<p><strong><a href=\"https:\/\/amrtop.net\/ro\/categoria-de-produse\/canale-de-fum-2\/conduits-de-fumee-des-appareils-a-biomasse\/\">BIOM TOP - Tuburi pentru sobe pe pele\u021bi \u0219i pe lemne<\/a><\/strong><\/p>\n<p><strong><a href=\"https:\/\/amrtop.net\/ro\/categoria-de-produse\/canale-de-fum-2\/alutop-tube-en-aluminium-flexible-extensible\/\">ALU TOP - Tuburi de aluminiu extensibile<\/a><\/strong><strong>\u00a0 \u00a0<\/strong><\/p>\n<p><strong><u>\u00a0<\/u><\/strong><\/p>\n<p><strong><u>\u00a0<\/u><\/strong><\/p>\n<p><strong><u>\u00a0<\/u><\/strong><\/p>","protected":false},"excerpt":{"rendered":"<p>Solin plat avec base inox + bride anti intemp\u00e9ries noire DP10 BLACK Le syst\u00e8me double paroi DP10 BLACK est compos\u00e9 par des \u00e9l\u00e9ments modulaires rigides avec finition polie BA,r\u00e9alis\u00e9s avec paroi int\u00e9rieure en acier inox AISI 316L De \u00e9paisseur minimale 0,4 mm et paroi ext\u00e9rieure en acier inox AISI 304 peint en noir, conformes aux [&hellip;]<\/p>\n","protected":false},"featured_media":31982,"comment_status":"open","ping_status":"closed","template":"","meta":[],"product_brand":[],"product_cat":[1533,1535],"product_tag":[],"class_list":{"0":"post-26742","1":"product","2":"type-product","3":"status-publish","4":"has-post-thumbnail","6":"product_cat-tubes-isoles-exterieur-cuivre-inox","7":"product_cat-dp10-black-tube-double-paroi-inox-exterieur-inox-peint-noir-epaisseur-disolation-10-mm","9":"first","10":"instock","11":"shipping-taxable","12":"purchasable","13":"product-type-variable"},"yoast_head":"<!-- This site is optimized with the Yoast SEO plugin v27.4 - https:\/\/yoast.com\/product\/yoast-seo-wordpress\/ -->\n<title>Solin plat avec base inox + bride anti intemp\u00e9ries noire DP10 BLACK<\/title>\n<meta name=\"description\" content=\"Solin plat avec base inox + bride anti intemp\u00e9ries noire DP10 BLACK - \u00c9l\u00e9ment - Syst\u00e8me - Conduit de chemin\u00e9e ou conduit de chemin\u00e9e \u00e0 double paroi isol\u00e9 \u00e9paisseur 10 ou 25 mm en laine de roche int\u00e9rieure en acier 316 L et ext\u00e9rieur en acier 304 rev\u00eatement ext\u00e9rieur en acier - cuivre - peint en noir.\" \/>\n<meta name=\"robots\" content=\"index, follow, max-snippet:-1, max-image-preview:large, max-video-preview:-1\" \/>\n<link rel=\"canonical\" href=\"https:\/\/amrtop.net\/ro\/produs\/dpcn132-solin-plat-avec-base-inox-bride-anti-intemperies\/\" \/>\n<meta property=\"og:locale\" content=\"ro_RO\" \/>\n<meta property=\"og:type\" content=\"article\" \/>\n<meta property=\"og:title\" content=\"Solin plat avec base inox + bride anti intemp\u00e9ries noire DP10 BLACK\" \/>\n<meta property=\"og:description\" content=\"Solin plat avec base inox + bride anti intemp\u00e9ries noire DP10 BLACK - \u00c9l\u00e9ment - Syst\u00e8me - Conduit de chemin\u00e9e ou conduit de chemin\u00e9e \u00e0 double paroi isol\u00e9 \u00e9paisseur 10 ou 25 mm en laine de roche int\u00e9rieure en acier 316 L et ext\u00e9rieur en acier 304 rev\u00eatement ext\u00e9rieur en acier - cuivre - peint en noir.\" \/>\n<meta property=\"og:url\" content=\"https:\/\/amrtop.net\/ro\/produs\/dpcn132-solin-plat-avec-base-inox-bride-anti-intemperies\/\" \/>\n<meta property=\"og:site_name\" content=\"AMRTOP B2B \u00c9tranger - Achats r\u00e9serv\u00e9s au professionnel\" \/>\n<meta property=\"article:modified_time\" content=\"2023-06-13T07:08:57+00:00\" \/>\n<meta property=\"og:image\" content=\"https:\/\/amrtop.net\/wp-content\/uploads\/2022\/06\/dpcn132.jpg\" \/>\n\t<meta property=\"og:image:width\" content=\"640\" \/>\n\t<meta property=\"og:image:height\" content=\"640\" \/>\n\t<meta property=\"og:image:type\" content=\"image\/jpeg\" \/>\n<meta name=\"twitter:card\" content=\"summary_large_image\" \/>\n<meta name=\"twitter:label1\" content=\"Timp estimat pentru citire\" \/>\n\t<meta name=\"twitter:data1\" content=\"3 minute\" \/>\n<script type=\"application\/ld+json\" class=\"yoast-schema-graph\">{\"@context\":\"https:\\\/\\\/schema.org\",\"@graph\":[{\"@type\":\"WebPage\",\"@id\":\"https:\\\/\\\/amrtop.net\\\/produit\\\/dpcn132-solin-plat-avec-base-inox-bride-anti-intemperies\\\/\",\"url\":\"https:\\\/\\\/amrtop.net\\\/produit\\\/dpcn132-solin-plat-avec-base-inox-bride-anti-intemperies\\\/\",\"name\":\"Solin plat avec base inox + bride anti intemp\u00e9ries noire DP10 BLACK\",\"isPartOf\":{\"@id\":\"https:\\\/\\\/amrtop.net\\\/#website\"},\"primaryImageOfPage\":{\"@id\":\"https:\\\/\\\/amrtop.net\\\/produit\\\/dpcn132-solin-plat-avec-base-inox-bride-anti-intemperies\\\/#primaryimage\"},\"image\":{\"@id\":\"https:\\\/\\\/amrtop.net\\\/produit\\\/dpcn132-solin-plat-avec-base-inox-bride-anti-intemperies\\\/#primaryimage\"},\"thumbnailUrl\":\"https:\\\/\\\/amrtop.net\\\/wp-content\\\/uploads\\\/2022\\\/06\\\/dpcn132.jpg\",\"datePublished\":\"2022-06-01T09:09:20+00:00\",\"dateModified\":\"2023-06-13T07:08:57+00:00\",\"description\":\"Solin plat avec base inox + bride anti intemp\u00e9ries noire DP10 BLACK - \u00c9l\u00e9ment - Syst\u00e8me - Conduit de chemin\u00e9e ou conduit de chemin\u00e9e \u00e0 double paroi isol\u00e9 \u00e9paisseur 10 ou 25 mm en laine de roche int\u00e9rieure en acier 316 L et ext\u00e9rieur en acier 304 rev\u00eatement ext\u00e9rieur en acier - cuivre - peint en noir.\",\"breadcrumb\":{\"@id\":\"https:\\\/\\\/amrtop.net\\\/produit\\\/dpcn132-solin-plat-avec-base-inox-bride-anti-intemperies\\\/#breadcrumb\"},\"inLanguage\":\"ro-RO\",\"potentialAction\":[{\"@type\":\"ReadAction\",\"target\":[\"https:\\\/\\\/amrtop.net\\\/produit\\\/dpcn132-solin-plat-avec-base-inox-bride-anti-intemperies\\\/\"]}]},{\"@type\":\"ImageObject\",\"inLanguage\":\"ro-RO\",\"@id\":\"https:\\\/\\\/amrtop.net\\\/produit\\\/dpcn132-solin-plat-avec-base-inox-bride-anti-intemperies\\\/#primaryimage\",\"url\":\"https:\\\/\\\/amrtop.net\\\/wp-content\\\/uploads\\\/2022\\\/06\\\/dpcn132.jpg\",\"contentUrl\":\"https:\\\/\\\/amrtop.net\\\/wp-content\\\/uploads\\\/2022\\\/06\\\/dpcn132.jpg\",\"width\":640,\"height\":640,\"caption\":\"Solin plat avec base inox + bride anti intemp\u00e9ries noire DP10 BLACK - \u00c9l\u00e9ment - Syst\u00e8me - Conduit de chemin\u00e9e ou conduit de chemin\u00e9e \u00e0 double paroi isol\u00e9 \u00e9paisseur 10 ou 25 mm en laine de roche int\u00e9rieure en acier 316 L et ext\u00e9rieur en acier 304 rev\u00eatement ext\u00e9rieur en acier - cuivre - peint en noir.\"},{\"@type\":\"BreadcrumbList\",\"@id\":\"https:\\\/\\\/amrtop.net\\\/produit\\\/dpcn132-solin-plat-avec-base-inox-bride-anti-intemperies\\\/#breadcrumb\",\"itemListElement\":[{\"@type\":\"ListItem\",\"position\":1,\"name\":\"Home\",\"item\":\"https:\\\/\\\/amrtop.net\\\/\"},{\"@type\":\"ListItem\",\"position\":2,\"name\":\"Shop\",\"item\":\"https:\\\/\\\/amrtop.net\\\/negozio\\\/\"},{\"@type\":\"ListItem\",\"position\":3,\"name\":\"DPCN132&#8230; &#8211; Solin plat avec base inox + bride anti intemp\u00e9ries\"}]},{\"@type\":\"WebSite\",\"@id\":\"https:\\\/\\\/amrtop.net\\\/#website\",\"url\":\"https:\\\/\\\/amrtop.net\\\/\",\"name\":\"AMRTOP B2B \u00c9tranger - Achats r\u00e9serv\u00e9s au professionnel\",\"description\":\"Pi\u00e8ces de rechange et accessoires pour po\u00eales et chaudi\u00e8res - eCommerce B2B pour Clients Professionnels\",\"potentialAction\":[{\"@type\":\"SearchAction\",\"target\":{\"@type\":\"EntryPoint\",\"urlTemplate\":\"https:\\\/\\\/amrtop.net\\\/?s={search_term_string}\"},\"query-input\":{\"@type\":\"PropertyValueSpecification\",\"valueRequired\":true,\"valueName\":\"search_term_string\"}}],\"inLanguage\":\"ro-RO\"}]}<\/script>\n<!-- \/ Yoast SEO plugin. -->","yoast_head_json":{"title":"Solin plat avec base inox + bride anti intemp\u00e9ries noire DP10 BLACK","description":"Jgheab plat cu baz\u0103 din o\u021bel inoxidabil + flan\u0219\u0103 neagr\u0103 rezistent\u0103 la intemperii DP10 BLACK - Element - Sistem - Co\u0219 de fum sau co\u0219 de fum izolat cu pere\u021bi dubli, grosime 10 sau 25 mm, din vat\u0103 mineral\u0103, interior din o\u021bel 316 L \u0219i exterior din o\u021bel 304, \u00eenveli\u0219 exterior din o\u021bel - cupru - vopsit negru.","robots":{"index":"index","follow":"follow","max-snippet":"max-snippet:-1","max-image-preview":"max-image-preview:large","max-video-preview":"max-video-preview:-1"},"canonical":"https:\/\/amrtop.net\/ro\/produs\/dpcn132-solin-plat-avec-base-inox-bride-anti-intemperies\/","og_locale":"ro_RO","og_type":"article","og_title":"Solin plat avec base inox + bride anti intemp\u00e9ries noire DP10 BLACK","og_description":"Solin plat avec base inox + bride anti intemp\u00e9ries noire DP10 BLACK - \u00c9l\u00e9ment - Syst\u00e8me - Conduit de chemin\u00e9e ou conduit de chemin\u00e9e \u00e0 double paroi isol\u00e9 \u00e9paisseur 10 ou 25 mm en laine de roche int\u00e9rieure en acier 316 L et ext\u00e9rieur en acier 304 rev\u00eatement ext\u00e9rieur en acier - cuivre - peint en noir.","og_url":"https:\/\/amrtop.net\/ro\/produs\/dpcn132-solin-plat-avec-base-inox-bride-anti-intemperies\/","og_site_name":"AMRTOP B2B \u00c9tranger - Achats r\u00e9serv\u00e9s au professionnel","article_modified_time":"2023-06-13T07:08:57+00:00","og_image":[{"width":640,"height":640,"url":"https:\/\/amrtop.net\/wp-content\/uploads\/2022\/06\/dpcn132.jpg","type":"image\/jpeg"}],"twitter_card":"summary_large_image","twitter_misc":{"Timp estimat pentru citire":"3 minute"},"schema":{"@context":"https:\/\/schema.org","@graph":[{"@type":"WebPage","@id":"https:\/\/amrtop.net\/produit\/dpcn132-solin-plat-avec-base-inox-bride-anti-intemperies\/","url":"https:\/\/amrtop.net\/produit\/dpcn132-solin-plat-avec-base-inox-bride-anti-intemperies\/","name":"Solin plat avec base inox + bride anti intemp\u00e9ries noire DP10 BLACK","isPartOf":{"@id":"https:\/\/amrtop.net\/#website"},"primaryImageOfPage":{"@id":"https:\/\/amrtop.net\/produit\/dpcn132-solin-plat-avec-base-inox-bride-anti-intemperies\/#primaryimage"},"image":{"@id":"https:\/\/amrtop.net\/produit\/dpcn132-solin-plat-avec-base-inox-bride-anti-intemperies\/#primaryimage"},"thumbnailUrl":"https:\/\/amrtop.net\/wp-content\/uploads\/2022\/06\/dpcn132.jpg","datePublished":"2022-06-01T09:09:20+00:00","dateModified":"2023-06-13T07:08:57+00:00","description":"Jgheab plat cu baz\u0103 din o\u021bel inoxidabil + flan\u0219\u0103 neagr\u0103 rezistent\u0103 la intemperii DP10 BLACK - Element - Sistem - Co\u0219 de fum sau co\u0219 de fum izolat cu pere\u021bi dubli, grosime 10 sau 25 mm, din vat\u0103 mineral\u0103, interior din o\u021bel 316 L \u0219i exterior din o\u021bel 304, \u00eenveli\u0219 exterior din o\u021bel - cupru - vopsit negru.","breadcrumb":{"@id":"https:\/\/amrtop.net\/produit\/dpcn132-solin-plat-avec-base-inox-bride-anti-intemperies\/#breadcrumb"},"inLanguage":"ro-RO","potentialAction":[{"@type":"ReadAction","target":["https:\/\/amrtop.net\/produit\/dpcn132-solin-plat-avec-base-inox-bride-anti-intemperies\/"]}]},{"@type":"ImageObject","inLanguage":"ro-RO","@id":"https:\/\/amrtop.net\/produit\/dpcn132-solin-plat-avec-base-inox-bride-anti-intemperies\/#primaryimage","url":"https:\/\/amrtop.net\/wp-content\/uploads\/2022\/06\/dpcn132.jpg","contentUrl":"https:\/\/amrtop.net\/wp-content\/uploads\/2022\/06\/dpcn132.jpg","width":640,"height":640,"caption":"Solin plat avec base inox + bride anti intemp\u00e9ries noire DP10 BLACK - \u00c9l\u00e9ment - Syst\u00e8me - Conduit de chemin\u00e9e ou conduit de chemin\u00e9e \u00e0 double paroi isol\u00e9 \u00e9paisseur 10 ou 25 mm en laine de roche int\u00e9rieure en acier 316 L et ext\u00e9rieur en acier 304 rev\u00eatement ext\u00e9rieur en acier - cuivre - peint en noir."},{"@type":"BreadcrumbList","@id":"https:\/\/amrtop.net\/produit\/dpcn132-solin-plat-avec-base-inox-bride-anti-intemperies\/#breadcrumb","itemListElement":[{"@type":"ListItem","position":1,"name":"Home","item":"https:\/\/amrtop.net\/"},{"@type":"ListItem","position":2,"name":"Shop","item":"https:\/\/amrtop.net\/negozio\/"},{"@type":"ListItem","position":3,"name":"DPCN132&#8230; &#8211; Solin plat avec base inox + bride anti intemp\u00e9ries"}]},{"@type":"WebSite","@id":"https:\/\/amrtop.net\/#website","url":"https:\/\/amrtop.net\/","name":"AMRTOP B2B Abroad - Achizi\u021bii rezervate profesioni\u0219tilor","description":"Piese de schimb \u0219i accesorii pentru sobe \u0219i cazane - eCommerce B2B pentru clien\u021bi profesioni\u0219ti","potentialAction":[{"@type":"SearchAction","target":{"@type":"EntryPoint","urlTemplate":"https:\/\/amrtop.net\/?s={search_term_string}"},"query-input":{"@type":"PropertyValueSpecification","valueRequired":true,"valueName":"search_term_string"}}],"inLanguage":"ro-RO"}]}},"_links":{"self":[{"href":"https:\/\/amrtop.net\/ro\/wp-json\/wp\/v2\/product\/26742","targetHints":{"allow":["GET"]}}],"collection":[{"href":"https:\/\/amrtop.net\/ro\/wp-json\/wp\/v2\/product"}],"about":[{"href":"https:\/\/amrtop.net\/ro\/wp-json\/wp\/v2\/types\/product"}],"replies":[{"embeddable":true,"href":"https:\/\/amrtop.net\/ro\/wp-json\/wp\/v2\/comments?post=26742"}],"wp:featuredmedia":[{"embeddable":true,"href":"https:\/\/amrtop.net\/ro\/wp-json\/wp\/v2\/media\/31982"}],"wp:attachment":[{"href":"https:\/\/amrtop.net\/ro\/wp-json\/wp\/v2\/media?parent=26742"}],"wp:term":[{"taxonomy":"product_brand","embeddable":true,"href":"https:\/\/amrtop.net\/ro\/wp-json\/wp\/v2\/product_brand?post=26742"},{"taxonomy":"product_cat","embeddable":true,"href":"https:\/\/amrtop.net\/ro\/wp-json\/wp\/v2\/product_cat?post=26742"},{"taxonomy":"product_tag","embeddable":true,"href":"https:\/\/amrtop.net\/ro\/wp-json\/wp\/v2\/product_tag?post=26742"}],"curies":[{"name":"wp","href":"https:\/\/api.w.org\/{rel}","templated":true}]}}