{"id":27140,"date":"2022-06-01T12:52:02","date_gmt":"2022-06-01T12:52:02","guid":{"rendered":"https:\/\/amrtop.com\/B2B\/?post_type=product&#038;p=27140"},"modified":"2023-06-12T11:39:48","modified_gmt":"2023-06-12T11:39:48","slug":"dpc2512-t-90-conector-cu-iesire-coaxiala-o-80-125-la-cerere","status":"publish","type":"product","link":"https:\/\/amrtop.net\/ro\/produit\/dpc2512-raccord-a-t-90-avec-sortie-coaxiale-o-80-125-sur-demande\/","title":{"rendered":"DPC2512... - Racord \"T\" de 90\u00b0 cu ie\u0219ire coaxial\u0103 (\u00d8 80-125) - La cerere"},"content":{"rendered":"<h3>Racord \"T\" de 90\u00b0 cu ie\u0219ire extern\u0103 coaxial\u0103 cu perete dublu din o\u021bel DP<\/h3>\n<p>Sistemul DPC25 cu perete dublu este format din elemente modulare rigide cu finisaj din cupru natural lustruit, fabricate cu un perete interior din o\u021bel inoxidabil AISI 316L cu o grosime minim\u0103 de 0,4 mm \u0219i un perete exterior din cupru natural cu o grosime de 0,5 mm.<\/p>\n<p>Respect\u0103 standardele de marcare CE \u00een conformitate cu EN 1856\/1.<\/p>\n<p>Izola\u021bia este din vat\u0103 mineral\u0103 de \u00eenalt\u0103 densitate, cu o grosime de 25 mm, presat\u0103 \u0219i intercalat\u0103 \u00eentre pere\u021bi, f\u0103r\u0103 elemente de jonc\u021biune \u00eentre ei (punte termic\u0103).<\/p>\n<p>Elementele modulare au un ambreiaj clasic de sticl\u0103 mascul-femel\u0103 calibrat pentru ambii pere\u021bi, cu o garnitur\u0103 de etan\u0219are cu buz\u0103 tripl\u0103 care se introduce \u00een peretele interior.<\/p>\n<p>\u00cen conformitate cu standardul european EN 14241-1, \u0219i conexiune mecanic\u0103 cu flan\u0219\u0103 de siguran\u021b\u0103.<\/p>\n<p>Referin\u021b\u0103 juridic\u0103 \u0219i denumire Marcajul produsului \u00een conformitate cu regulamentul european CE 0476 EN 1856-1. T200 H1 W V2 L50040* L50040* O xx la cerere T200 P1 W V2 L50040* L50040* O xx cu sigiliu T600 N1 W V2 L50040 O zz \/ G yy f\u0103r\u0103 sigiliu<\/p>\n<h3><strong>Aplica\u021bie<\/strong><\/h3>\n<p>Instalare \u00een interior sau exterior.<\/p>\n<h3><strong>Utilizarea de\u00a0<\/strong>Racord \"T\" de 90\u00b0 cu ie\u0219ire extern\u0103 coaxial\u0103 cu perete dublu din o\u021bel DP<\/h3>\n<p>Conducte, co\u0219uri de fum, co\u0219uri metalice, emisii de aer de la generatoarele de c\u0103ldur\u0103 atmosferice, presurizate sau cu aer for\u021bat.<\/p>\n<p>Tradi\u021bionale sau cu condensare, hote de buc\u0103t\u0103rie pentru uz industrial sau casnic, sobe pe lemne, \u0219eminee, sobe pe pele\u021bi.<\/p>\n<p><strong>Diametre disponibile<\/strong>\u00a0- mm 80\/130 - 100\/150 - 130\/180 - 150\/200 - 180\/230 - 200\/250 - 250\/300 - 300\/350 350\/400\u00a0<strong>LA CERERE<\/strong>\u00a0- Disponibil p\u00e2n\u0103 la diametrul intern 800\u00a0<strong>LA CERERE<\/strong><\/p>\n<h3><strong>Gama de sisteme de fum AMR TOP\u00a0\u00a0\u00a0\u00a0\u00a0\u00a0<\/strong><\/h3>\n<p><a href=\"https:\/\/amrtop.net\/ro\/categoria-de-produse\/canale-de-fum-2\/tuyaux-flexibles-en-acier-inoxydable\/\"><strong>TOP FLEX SP - Tuburi flexibile din o\u021bel inoxidabil ondulat cu perete simplu \u0219i dublu<\/strong><\/a><\/p>\n<p><a href=\"https:\/\/amrtop.net\/ro\/categoria-de-produse\/canale-de-fum-2\/tube-rigide-monoparete-en-acier-inoxydable\/\"><strong>SP - AISI 316L din o\u021bel inoxidabil cu un singur perete tub rigid<\/strong><\/a><\/p>\n<p><a href=\"https:\/\/amrtop.net\/ro\/categoria-de-produse\/canale-de-fum-2\/tube-flexible-inox-aisi-316-l-interieur-lisse-isole\/\"><strong>ISOTOP FLEX - \u021aeav\u0103 flexibil\u0103 izolat\u0103 din o\u021bel inoxidabil AISI 316L cu interior neted \u0219i izolat \u00a0<\/strong><\/a><\/p>\n<p><a href=\"https:\/\/amrtop.net\/ro\/categoria-de-produse\/canale-de-fum-2\/dp-air-tube-double-paroi-inox-a-chambre-dair\/\"><strong>DP AIR - Tub din o\u021bel inoxidabil cu pere\u021bi dubli cu camer\u0103 de aer<\/strong><\/a><\/p>\n<p><a href=\"https:\/\/amrtop.net\/ro\/categoria-de-produse\/canale-de-fum-2\/tube-coaxial-inox\/\"><strong>DP - \u021aeav\u0103 izolat\u0103 cu perete dublu 10 mm - 25 mm<\/strong><\/a><\/p>\n<p><a href=\"https:\/\/amrtop.net\/ro\/categoria-de-produse\/canale-de-fum-2\/tube-coaxial-inox\/\"><strong>COAX TOP - \u021aeav\u0103 coaxial\u0103 din o\u021bel inoxidabil \u00een PPS \u0219i PPS\/ O\u021bel inoxidabil<\/strong><\/a><\/p>\n<p><a href=\"https:\/\/amrtop.net\/ro\/categoria-de-produse\/canale-de-fum-2\/tuyau-coaxial-inox-inox-black\/\"><strong>COAX PELLET - Tub coaxial din o\u021bel inoxidabil<\/strong><\/a><\/p>\n<p><strong><a href=\"https:\/\/amrtop.net\/ro\/categoria-de-produse\/canale-de-fum-2\/conduits-de-fumee-des-appareils-a-biomasse\/\">BIOM TOP - Tuburi pentru sobe pe pele\u021bi \u0219i pe lemne<\/a><\/strong><\/p>","protected":false},"excerpt":{"rendered":"<p>Raccord \u00e0 \u201cT\u201d 90\u00b0 avec sortie coaxiale double paroi externe acier DP Le syst\u00e8me double paroi DPC25 est compos\u00e9 de \u00e9l\u00e9ments modulaires rigides avec finition polie en cuivre naturel, fabriqu\u00e9 avec paroi int\u00e9rieure en acier inoxydable AISI 316L d\u2019une \u00e9paisseur minimale de 0,4 mm et paroi ext\u00e9rieure en cuivre naturel d\u2019une \u00e9paisseur de 0,5 mm. [&hellip;]<\/p>\n","protected":false},"featured_media":32035,"comment_status":"open","ping_status":"closed","template":"","meta":[],"product_brand":[],"product_cat":[1533,1537],"product_tag":[],"class_list":{"0":"post-27140","1":"product","2":"type-product","3":"status-publish","4":"has-post-thumbnail","6":"product_cat-tubes-isoles-exterieur-cuivre-inox","7":"product_cat-dp25-tube-double-paroi-inox-exterieur-inox-epaisseur-disolation-25-mm","9":"first","10":"instock","11":"shipping-taxable","12":"purchasable","13":"product-type-variable"},"yoast_head":"<!-- This site is optimized with the Yoast SEO plugin v27.4 - https:\/\/yoast.com\/product\/yoast-seo-wordpress\/ -->\n<title>Raccord \u00e0 \u201cT\u201d 90\u00b0 avec sortie coaxiale double paroi externe acier DP<\/title>\n<meta name=\"description\" content=\"Raccord \u00e0 \u201cT\u201d 90\u00b0 avec sortie coaxiale double paroi externe acier DP - \u00c9l\u00e9ment - Syst\u00e8me - Conduit de chemin\u00e9e ou conduit de chemin\u00e9e \u00e0 double paroi isol\u00e9 \u00e9paisseur 10 ou 25 mm en laine de roche int\u00e9rieure en acier 316 L et ext\u00e9rieur en acier 304 rev\u00eatement ext\u00e9rieur en acier - cuivre - peint en noir.\" \/>\n<meta name=\"robots\" content=\"index, follow, max-snippet:-1, max-image-preview:large, max-video-preview:-1\" \/>\n<link rel=\"canonical\" href=\"https:\/\/amrtop.net\/ro\/produs\/dpc2512-t-90-conector-cu-iesire-coaxiala-o-80-125-la-cerere\/\" \/>\n<meta property=\"og:locale\" content=\"ro_RO\" \/>\n<meta property=\"og:type\" content=\"article\" \/>\n<meta property=\"og:title\" content=\"Raccord \u00e0 \u201cT\u201d 90\u00b0 avec sortie coaxiale double paroi externe acier DP\" \/>\n<meta property=\"og:description\" content=\"Raccord \u00e0 \u201cT\u201d 90\u00b0 avec sortie coaxiale double paroi externe acier DP - \u00c9l\u00e9ment - Syst\u00e8me - Conduit de chemin\u00e9e ou conduit de chemin\u00e9e \u00e0 double paroi isol\u00e9 \u00e9paisseur 10 ou 25 mm en laine de roche int\u00e9rieure en acier 316 L et ext\u00e9rieur en acier 304 rev\u00eatement ext\u00e9rieur en acier - cuivre - peint en noir.\" \/>\n<meta property=\"og:url\" content=\"https:\/\/amrtop.net\/ro\/produs\/dpc2512-t-90-conector-cu-iesire-coaxiala-o-80-125-la-cerere\/\" \/>\n<meta property=\"og:site_name\" content=\"AMRTOP B2B \u00c9tranger - Achats r\u00e9serv\u00e9s au professionnel\" \/>\n<meta property=\"article:modified_time\" content=\"2023-06-12T11:39:48+00:00\" \/>\n<meta property=\"og:image\" content=\"https:\/\/amrtop.net\/wp-content\/uploads\/2022\/06\/dpc2512.jpg\" \/>\n\t<meta property=\"og:image:width\" content=\"640\" \/>\n\t<meta property=\"og:image:height\" content=\"640\" \/>\n\t<meta property=\"og:image:type\" content=\"image\/jpeg\" \/>\n<meta name=\"twitter:card\" content=\"summary_large_image\" \/>\n<meta name=\"twitter:label1\" content=\"Timp estimat pentru citire\" \/>\n\t<meta name=\"twitter:data1\" content=\"2 minute\" \/>\n<script type=\"application\/ld+json\" class=\"yoast-schema-graph\">{\"@context\":\"https:\\\/\\\/schema.org\",\"@graph\":[{\"@type\":\"WebPage\",\"@id\":\"https:\\\/\\\/amrtop.net\\\/produit\\\/dpc2512-raccord-a-t-90-avec-sortie-coaxiale-o-80-125-sur-demande\\\/\",\"url\":\"https:\\\/\\\/amrtop.net\\\/produit\\\/dpc2512-raccord-a-t-90-avec-sortie-coaxiale-o-80-125-sur-demande\\\/\",\"name\":\"Raccord \u00e0 \u201cT\u201d 90\u00b0 avec sortie coaxiale double paroi externe acier DP\",\"isPartOf\":{\"@id\":\"https:\\\/\\\/amrtop.net\\\/#website\"},\"primaryImageOfPage\":{\"@id\":\"https:\\\/\\\/amrtop.net\\\/produit\\\/dpc2512-raccord-a-t-90-avec-sortie-coaxiale-o-80-125-sur-demande\\\/#primaryimage\"},\"image\":{\"@id\":\"https:\\\/\\\/amrtop.net\\\/produit\\\/dpc2512-raccord-a-t-90-avec-sortie-coaxiale-o-80-125-sur-demande\\\/#primaryimage\"},\"thumbnailUrl\":\"https:\\\/\\\/amrtop.net\\\/wp-content\\\/uploads\\\/2022\\\/06\\\/dpc2512.jpg\",\"datePublished\":\"2022-06-01T12:52:02+00:00\",\"dateModified\":\"2023-06-12T11:39:48+00:00\",\"description\":\"Raccord \u00e0 \u201cT\u201d 90\u00b0 avec sortie coaxiale double paroi externe acier DP - \u00c9l\u00e9ment - Syst\u00e8me - Conduit de chemin\u00e9e ou conduit de chemin\u00e9e \u00e0 double paroi isol\u00e9 \u00e9paisseur 10 ou 25 mm en laine de roche int\u00e9rieure en acier 316 L et ext\u00e9rieur en acier 304 rev\u00eatement ext\u00e9rieur en acier - cuivre - peint en noir.\",\"breadcrumb\":{\"@id\":\"https:\\\/\\\/amrtop.net\\\/produit\\\/dpc2512-raccord-a-t-90-avec-sortie-coaxiale-o-80-125-sur-demande\\\/#breadcrumb\"},\"inLanguage\":\"ro-RO\",\"potentialAction\":[{\"@type\":\"ReadAction\",\"target\":[\"https:\\\/\\\/amrtop.net\\\/produit\\\/dpc2512-raccord-a-t-90-avec-sortie-coaxiale-o-80-125-sur-demande\\\/\"]}]},{\"@type\":\"ImageObject\",\"inLanguage\":\"ro-RO\",\"@id\":\"https:\\\/\\\/amrtop.net\\\/produit\\\/dpc2512-raccord-a-t-90-avec-sortie-coaxiale-o-80-125-sur-demande\\\/#primaryimage\",\"url\":\"https:\\\/\\\/amrtop.net\\\/wp-content\\\/uploads\\\/2022\\\/06\\\/dpc2512.jpg\",\"contentUrl\":\"https:\\\/\\\/amrtop.net\\\/wp-content\\\/uploads\\\/2022\\\/06\\\/dpc2512.jpg\",\"width\":640,\"height\":640,\"caption\":\"Raccordo a T-90\u00b0 uscita-coassiale\"},{\"@type\":\"BreadcrumbList\",\"@id\":\"https:\\\/\\\/amrtop.net\\\/produit\\\/dpc2512-raccord-a-t-90-avec-sortie-coaxiale-o-80-125-sur-demande\\\/#breadcrumb\",\"itemListElement\":[{\"@type\":\"ListItem\",\"position\":1,\"name\":\"Home\",\"item\":\"https:\\\/\\\/amrtop.net\\\/\"},{\"@type\":\"ListItem\",\"position\":2,\"name\":\"Shop\",\"item\":\"https:\\\/\\\/amrtop.net\\\/negozio\\\/\"},{\"@type\":\"ListItem\",\"position\":3,\"name\":\"DPC2512&#8230; &#8211; Raccord \u00e0 \u201cT\u201d 90\u00b0 avec sortie coaxiale (\u00d8 80-125) \u2013 Sur demande\"}]},{\"@type\":\"WebSite\",\"@id\":\"https:\\\/\\\/amrtop.net\\\/#website\",\"url\":\"https:\\\/\\\/amrtop.net\\\/\",\"name\":\"AMRTOP B2B \u00c9tranger - Achats r\u00e9serv\u00e9s au professionnel\",\"description\":\"Pi\u00e8ces de rechange et accessoires pour po\u00eales et chaudi\u00e8res - eCommerce B2B pour Clients Professionnels\",\"potentialAction\":[{\"@type\":\"SearchAction\",\"target\":{\"@type\":\"EntryPoint\",\"urlTemplate\":\"https:\\\/\\\/amrtop.net\\\/?s={search_term_string}\"},\"query-input\":{\"@type\":\"PropertyValueSpecification\",\"valueRequired\":true,\"valueName\":\"search_term_string\"}}],\"inLanguage\":\"ro-RO\"}]}<\/script>\n<!-- \/ Yoast SEO plugin. -->","yoast_head_json":{"title":"Racord \"T\" de 90\u00b0 cu ie\u0219ire extern\u0103 coaxial\u0103 cu perete dublu din o\u021bel DP","description":"Racord \"T\" de 90\u00b0 cu ie\u0219ire exterioar\u0103 coaxial\u0103 din o\u021bel cu perete dublu DP - Element - Sistem - Co\u0219 de fum sau co\u0219 de fum izolat cu perete dublu, grosime 10 sau 25 mm, cu c\u0103ptu\u0219eal\u0103 interioar\u0103 din Rockwool din o\u021bel 316 L \u0219i c\u0103ptu\u0219eal\u0103 exterioar\u0103 din o\u021bel 304 - cupru - vopsit negru.","robots":{"index":"index","follow":"follow","max-snippet":"max-snippet:-1","max-image-preview":"max-image-preview:large","max-video-preview":"max-video-preview:-1"},"canonical":"https:\/\/amrtop.net\/ro\/produs\/dpc2512-t-90-conector-cu-iesire-coaxiala-o-80-125-la-cerere\/","og_locale":"ro_RO","og_type":"article","og_title":"Raccord \u00e0 \u201cT\u201d 90\u00b0 avec sortie coaxiale double paroi externe acier DP","og_description":"Raccord \u00e0 \u201cT\u201d 90\u00b0 avec sortie coaxiale double paroi externe acier DP - \u00c9l\u00e9ment - Syst\u00e8me - Conduit de chemin\u00e9e ou conduit de chemin\u00e9e \u00e0 double paroi isol\u00e9 \u00e9paisseur 10 ou 25 mm en laine de roche int\u00e9rieure en acier 316 L et ext\u00e9rieur en acier 304 rev\u00eatement ext\u00e9rieur en acier - cuivre - peint en noir.","og_url":"https:\/\/amrtop.net\/ro\/produs\/dpc2512-t-90-conector-cu-iesire-coaxiala-o-80-125-la-cerere\/","og_site_name":"AMRTOP B2B \u00c9tranger - Achats r\u00e9serv\u00e9s au professionnel","article_modified_time":"2023-06-12T11:39:48+00:00","og_image":[{"width":640,"height":640,"url":"https:\/\/amrtop.net\/wp-content\/uploads\/2022\/06\/dpc2512.jpg","type":"image\/jpeg"}],"twitter_card":"summary_large_image","twitter_misc":{"Timp estimat pentru citire":"2 minute"},"schema":{"@context":"https:\/\/schema.org","@graph":[{"@type":"WebPage","@id":"https:\/\/amrtop.net\/produit\/dpc2512-raccord-a-t-90-avec-sortie-coaxiale-o-80-125-sur-demande\/","url":"https:\/\/amrtop.net\/produit\/dpc2512-raccord-a-t-90-avec-sortie-coaxiale-o-80-125-sur-demande\/","name":"Racord \"T\" de 90\u00b0 cu ie\u0219ire extern\u0103 coaxial\u0103 cu perete dublu din o\u021bel DP","isPartOf":{"@id":"https:\/\/amrtop.net\/#website"},"primaryImageOfPage":{"@id":"https:\/\/amrtop.net\/produit\/dpc2512-raccord-a-t-90-avec-sortie-coaxiale-o-80-125-sur-demande\/#primaryimage"},"image":{"@id":"https:\/\/amrtop.net\/produit\/dpc2512-raccord-a-t-90-avec-sortie-coaxiale-o-80-125-sur-demande\/#primaryimage"},"thumbnailUrl":"https:\/\/amrtop.net\/wp-content\/uploads\/2022\/06\/dpc2512.jpg","datePublished":"2022-06-01T12:52:02+00:00","dateModified":"2023-06-12T11:39:48+00:00","description":"Racord \"T\" de 90\u00b0 cu ie\u0219ire exterioar\u0103 coaxial\u0103 din o\u021bel cu perete dublu DP - Element - Sistem - Co\u0219 de fum sau co\u0219 de fum izolat cu perete dublu, grosime 10 sau 25 mm, cu c\u0103ptu\u0219eal\u0103 interioar\u0103 din Rockwool din o\u021bel 316 L \u0219i c\u0103ptu\u0219eal\u0103 exterioar\u0103 din o\u021bel 304 - cupru - vopsit negru.","breadcrumb":{"@id":"https:\/\/amrtop.net\/produit\/dpc2512-raccord-a-t-90-avec-sortie-coaxiale-o-80-125-sur-demande\/#breadcrumb"},"inLanguage":"ro-RO","potentialAction":[{"@type":"ReadAction","target":["https:\/\/amrtop.net\/produit\/dpc2512-raccord-a-t-90-avec-sortie-coaxiale-o-80-125-sur-demande\/"]}]},{"@type":"ImageObject","inLanguage":"ro-RO","@id":"https:\/\/amrtop.net\/produit\/dpc2512-raccord-a-t-90-avec-sortie-coaxiale-o-80-125-sur-demande\/#primaryimage","url":"https:\/\/amrtop.net\/wp-content\/uploads\/2022\/06\/dpc2512.jpg","contentUrl":"https:\/\/amrtop.net\/wp-content\/uploads\/2022\/06\/dpc2512.jpg","width":640,"height":640,"caption":"Raccordo a T-90\u00b0 uscita-coassiale"},{"@type":"BreadcrumbList","@id":"https:\/\/amrtop.net\/produit\/dpc2512-raccord-a-t-90-avec-sortie-coaxiale-o-80-125-sur-demande\/#breadcrumb","itemListElement":[{"@type":"ListItem","position":1,"name":"Home","item":"https:\/\/amrtop.net\/"},{"@type":"ListItem","position":2,"name":"Shop","item":"https:\/\/amrtop.net\/negozio\/"},{"@type":"ListItem","position":3,"name":"DPC2512&#8230; &#8211; Raccord \u00e0 \u201cT\u201d 90\u00b0 avec sortie coaxiale (\u00d8 80-125) \u2013 Sur demande"}]},{"@type":"WebSite","@id":"https:\/\/amrtop.net\/#website","url":"https:\/\/amrtop.net\/","name":"AMRTOP B2B Abroad - Achizi\u021bii rezervate profesioni\u0219tilor","description":"Piese de schimb \u0219i accesorii pentru sobe \u0219i cazane - eCommerce B2B pentru clien\u021bi profesioni\u0219ti","potentialAction":[{"@type":"SearchAction","target":{"@type":"EntryPoint","urlTemplate":"https:\/\/amrtop.net\/?s={search_term_string}"},"query-input":{"@type":"PropertyValueSpecification","valueRequired":true,"valueName":"search_term_string"}}],"inLanguage":"ro-RO"}]}},"_links":{"self":[{"href":"https:\/\/amrtop.net\/ro\/wp-json\/wp\/v2\/product\/27140","targetHints":{"allow":["GET"]}}],"collection":[{"href":"https:\/\/amrtop.net\/ro\/wp-json\/wp\/v2\/product"}],"about":[{"href":"https:\/\/amrtop.net\/ro\/wp-json\/wp\/v2\/types\/product"}],"replies":[{"embeddable":true,"href":"https:\/\/amrtop.net\/ro\/wp-json\/wp\/v2\/comments?post=27140"}],"wp:featuredmedia":[{"embeddable":true,"href":"https:\/\/amrtop.net\/ro\/wp-json\/wp\/v2\/media\/32035"}],"wp:attachment":[{"href":"https:\/\/amrtop.net\/ro\/wp-json\/wp\/v2\/media?parent=27140"}],"wp:term":[{"taxonomy":"product_brand","embeddable":true,"href":"https:\/\/amrtop.net\/ro\/wp-json\/wp\/v2\/product_brand?post=27140"},{"taxonomy":"product_cat","embeddable":true,"href":"https:\/\/amrtop.net\/ro\/wp-json\/wp\/v2\/product_cat?post=27140"},{"taxonomy":"product_tag","embeddable":true,"href":"https:\/\/amrtop.net\/ro\/wp-json\/wp\/v2\/product_tag?post=27140"}],"curies":[{"name":"wp","href":"https:\/\/api.w.org\/{rel}","templated":true}]}}