{"id":28046,"date":"2022-06-02T15:21:07","date_gmt":"2022-06-02T15:21:07","guid":{"rendered":"https:\/\/amrtop.com\/B2B\/?post_type=product&#038;p=28046"},"modified":"2023-06-13T09:34:53","modified_gmt":"2023-06-13T09:34:53","slug":"dpc2558-brides-anti-intemperies-pour-passage-en-toit","status":"publish","type":"product","link":"https:\/\/amrtop.net\/ro\/produit\/dpc2558-brides-anti-intemperies-pour-passage-en-toit\/","title":{"rendered":"DPC2558&#8230; &#8211; Brides anti-intemp\u00e9ries pour passage en toit"},"content":{"rendered":"<h3>Brides anti-intemp\u00e9ries pour passage en toit<\/h3>\n<p>Le Banderole anti-temp\u00eate inclin\u00e9e 30&#8243; &#8211; Sur demande, c\u2019est un \u00e9l\u00e9ment qui s\u2019ins\u00e8re dans le conduit de fum\u00e9e en le prot\u00e9geant des intemp\u00e9ries et en \u00e9vitant les infiltrations de tout fluide est \u00e9galement utilis\u00e9 dans la r\u00e9alisation de conduits, conduits de fum\u00e9e, chemin\u00e9es m\u00e9talliques asservies \u00e0 des g\u00e9n\u00e9rateurs de chaleur atmosph\u00e9riques, pressuris\u00e9s, \u00e0 air souffl\u00e9, traditionnels ou \u00e0 condensation, hottes de cuisine industrielles ou domestiques, po\u00eales \u00e0 bois, chemin\u00e9es, po\u00eales \u00e0 pellets et canalisations avec ramifications pour le transport de l\u2019air chaud g\u00e9n\u00e9r\u00e9 par des appareils \u00e0 biomasse et autres \u00e0 convention naturelle ou forc\u00e9e.<\/p>\n<p>Sistemul DPC25 cu perete dublu este format din elemente modulare rigide cu finisaj din cupru natural lustruit, fabricate cu un perete interior din o\u021bel inoxidabil AISI 316L cu o grosime minim\u0103 de 0,4 mm \u0219i un perete exterior din cupru natural cu o grosime de 0,5 mm.<\/p>\n<p>Respect\u0103 standardele de marcare CE \u00een conformitate cu EN 1856\/1.<\/p>\n<p>Izola\u021bia este din vat\u0103 mineral\u0103 de \u00eenalt\u0103 densitate, cu o grosime de 25 mm, presat\u0103 \u0219i intercalat\u0103 \u00eentre pere\u021bi, f\u0103r\u0103 elemente de jonc\u021biune \u00eentre ei (punte termic\u0103).<\/p>\n<p>Elementele modulare au un ambreiaj clasic de sticl\u0103 mascul-femel\u0103 calibrat pentru ambii pere\u021bi, cu o garnitur\u0103 de etan\u0219are cu buz\u0103 tripl\u0103 care se introduce \u00een peretele interior.<\/p>\n<p>\u00cen conformitate cu standardul european EN 14241-1, \u0219i conexiune mecanic\u0103 cu flan\u0219\u0103 de siguran\u021b\u0103.<\/p>\n<p>Referin\u021b\u0103 juridic\u0103 \u0219i denumire Marcajul produsului \u00een conformitate cu regulamentul european CE 0476 EN 1856-1. T200 H1 W V2 L50040* L50040* O xx la cerere T200 P1 W V2 L50040* L50040* O xx cu sigiliu T600 N1 W V2 L50040 O zz \/ G yy f\u0103r\u0103 sigiliu<\/p>\n<h3><strong>Aplica\u021bie<\/strong><\/h3>\n<p>Instalare \u00een interior sau exterior.<\/p>\n<h3><strong>Utilizarea de <\/strong>Brides anti-intemp\u00e9ries pour passage en toit<\/h3>\n<p>Conducte, co\u0219uri de fum, co\u0219uri metalice, emisii de aer de la generatoarele de c\u0103ldur\u0103 atmosferice, presurizate sau cu aer for\u021bat.<\/p>\n<p>Tradi\u021bionale sau cu condensare, hote de buc\u0103t\u0103rie pentru uz industrial sau casnic, sobe pe lemne, \u0219eminee, sobe pe pele\u021bi.<\/p>\n<p><strong>Diametre disponibile<\/strong>\u00a0- mm 80\/130 - 100\/150 - 130\/180 - 150\/200 - 180\/230 - 200\/250 - 250\/300 - 300\/350 350\/400\u00a0<strong>LA CERERE<\/strong>\u00a0- Disponibil p\u00e2n\u0103 la diametrul intern 800\u00a0<strong>LA CERERE<\/strong><\/p>\n<h3><strong>Gama de sisteme de fum AMR TOP\u00a0\u00a0\u00a0\u00a0\u00a0\u00a0<\/strong><\/h3>\n<p><a href=\"https:\/\/amrtop.net\/ro\/categoria-de-produse\/canale-de-fum-2\/tuyaux-flexibles-en-acier-inoxydable\/\"><strong>TOP FLEX SP - Tuburi flexibile din o\u021bel inoxidabil ondulat cu perete simplu \u0219i dublu<\/strong><\/a><\/p>\n<p><a href=\"https:\/\/amrtop.net\/ro\/categoria-de-produse\/canale-de-fum-2\/tube-rigide-monoparete-en-acier-inoxydable\/\"><strong>SP - AISI 316L din o\u021bel inoxidabil cu un singur perete tub rigid<\/strong><\/a><\/p>\n<p><a href=\"https:\/\/amrtop.net\/ro\/categoria-de-produse\/canale-de-fum-2\/tube-flexible-inox-aisi-316-l-interieur-lisse-isole\/\"><strong>ISOTOP FLEX - \u021aeav\u0103 flexibil\u0103 izolat\u0103 din o\u021bel inoxidabil AISI 316L cu interior neted \u0219i izolat \u00a0<\/strong><\/a><\/p>\n<p><a href=\"https:\/\/amrtop.net\/ro\/categoria-de-produse\/canale-de-fum-2\/dp-air-tube-double-paroi-inox-a-chambre-dair\/\"><strong>DP AIR - Tub din o\u021bel inoxidabil cu pere\u021bi dubli cu camer\u0103 de aer<\/strong><\/a><\/p>\n<p><a href=\"https:\/\/amrtop.net\/ro\/categoria-de-produse\/canale-de-fum-2\/tube-coaxial-inox\/\"><strong>DP - \u021aeav\u0103 izolat\u0103 cu perete dublu 10 mm - 25 mm<\/strong><\/a><\/p>\n<p><a href=\"https:\/\/amrtop.net\/ro\/categoria-de-produse\/canale-de-fum-2\/tube-coaxial-inox\/\"><strong>COAX TOP - \u021aeav\u0103 coaxial\u0103 din o\u021bel inoxidabil \u00een PPS \u0219i PPS\/ O\u021bel inoxidabil<\/strong><\/a><\/p>\n<p><a href=\"https:\/\/amrtop.net\/ro\/categoria-de-produse\/canale-de-fum-2\/tuyau-coaxial-inox-inox-black\/\"><strong>COAX PELLET - Tub coaxial din o\u021bel inoxidabil<\/strong><\/a><\/p>\n<p><strong><a href=\"https:\/\/amrtop.net\/ro\/categoria-de-produse\/canale-de-fum-2\/conduits-de-fumee-des-appareils-a-biomasse\/\">BIOM TOP - Tuburi pentru sobe pe pele\u021bi \u0219i pe lemne<\/a><\/strong><\/p>\n<p><strong>\u00a0<\/strong><\/p>","protected":false},"excerpt":{"rendered":"<p>Brides anti-intemp\u00e9ries pour passage en toit Le Banderole anti-temp\u00eate inclin\u00e9e 30&#8243; &#8211; Sur demande, c\u2019est un \u00e9l\u00e9ment qui s\u2019ins\u00e8re dans le conduit de fum\u00e9e en le prot\u00e9geant des intemp\u00e9ries et en \u00e9vitant les infiltrations de tout fluide est \u00e9galement utilis\u00e9 dans la r\u00e9alisation de conduits, conduits de fum\u00e9e, chemin\u00e9es m\u00e9talliques asservies \u00e0 des g\u00e9n\u00e9rateurs de [&hellip;]<\/p>\n","protected":false},"featured_media":32081,"comment_status":"open","ping_status":"closed","template":"","meta":[],"product_brand":[],"product_cat":[1533,1537],"product_tag":[],"class_list":{"0":"post-28046","1":"product","2":"type-product","3":"status-publish","4":"has-post-thumbnail","6":"product_cat-tubes-isoles-exterieur-cuivre-inox","7":"product_cat-dp25-tube-double-paroi-inox-exterieur-inox-epaisseur-disolation-25-mm","9":"first","10":"instock","11":"shipping-taxable","12":"purchasable","13":"product-type-variable"},"yoast_head":"<!-- This site is optimized with the Yoast SEO plugin v27.4 - https:\/\/yoast.com\/product\/yoast-seo-wordpress\/ -->\n<title>Brides anti-intemp\u00e9ries pour passage en toit<\/title>\n<meta name=\"description\" content=\"Brides anti-intemp\u00e9ries pour passage en toit \u00c9l\u00e9ment - Syst\u00e8me - Conduit de chemin\u00e9e ou conduit de chemin\u00e9e \u00e0 double paroi isol\u00e9 \u00e9paisseur 10 ou 25 mm en laine de roche int\u00e9rieure en acier 316 L et ext\u00e9rieur en acier 304 rev\u00eatement ext\u00e9rieur en acier - cuivre - peint en noir.\" \/>\n<meta name=\"robots\" content=\"index, follow, max-snippet:-1, max-image-preview:large, max-video-preview:-1\" \/>\n<link rel=\"canonical\" href=\"https:\/\/amrtop.net\/ro\/produs\/dpc2558-brides-anti-intemperies-pour-passage-en-toit\/\" \/>\n<meta property=\"og:locale\" content=\"ro_RO\" \/>\n<meta property=\"og:type\" content=\"article\" \/>\n<meta property=\"og:title\" content=\"Brides anti-intemp\u00e9ries pour passage en toit\" \/>\n<meta property=\"og:description\" content=\"Brides anti-intemp\u00e9ries pour passage en toit \u00c9l\u00e9ment - Syst\u00e8me - Conduit de chemin\u00e9e ou conduit de chemin\u00e9e \u00e0 double paroi isol\u00e9 \u00e9paisseur 10 ou 25 mm en laine de roche int\u00e9rieure en acier 316 L et ext\u00e9rieur en acier 304 rev\u00eatement ext\u00e9rieur en acier - cuivre - peint en noir.\" \/>\n<meta property=\"og:url\" content=\"https:\/\/amrtop.net\/ro\/produs\/dpc2558-brides-anti-intemperies-pour-passage-en-toit\/\" \/>\n<meta property=\"og:site_name\" content=\"AMRTOP B2B \u00c9tranger - Achats r\u00e9serv\u00e9s au professionnel\" \/>\n<meta property=\"article:modified_time\" content=\"2023-06-13T09:34:53+00:00\" \/>\n<meta property=\"og:image\" content=\"https:\/\/amrtop.net\/wp-content\/uploads\/2022\/06\/dpc2558.jpg\" \/>\n\t<meta property=\"og:image:width\" content=\"640\" \/>\n\t<meta property=\"og:image:height\" content=\"640\" \/>\n\t<meta property=\"og:image:type\" content=\"image\/jpeg\" \/>\n<meta name=\"twitter:card\" content=\"summary_large_image\" \/>\n<meta name=\"twitter:label1\" content=\"Timp estimat pentru citire\" \/>\n\t<meta name=\"twitter:data1\" content=\"2 minute\" \/>\n<script type=\"application\/ld+json\" class=\"yoast-schema-graph\">{\"@context\":\"https:\\\/\\\/schema.org\",\"@graph\":[{\"@type\":\"WebPage\",\"@id\":\"https:\\\/\\\/amrtop.net\\\/produit\\\/dpc2558-brides-anti-intemperies-pour-passage-en-toit\\\/\",\"url\":\"https:\\\/\\\/amrtop.net\\\/produit\\\/dpc2558-brides-anti-intemperies-pour-passage-en-toit\\\/\",\"name\":\"Brides anti-intemp\u00e9ries pour passage en toit\",\"isPartOf\":{\"@id\":\"https:\\\/\\\/amrtop.net\\\/#website\"},\"primaryImageOfPage\":{\"@id\":\"https:\\\/\\\/amrtop.net\\\/produit\\\/dpc2558-brides-anti-intemperies-pour-passage-en-toit\\\/#primaryimage\"},\"image\":{\"@id\":\"https:\\\/\\\/amrtop.net\\\/produit\\\/dpc2558-brides-anti-intemperies-pour-passage-en-toit\\\/#primaryimage\"},\"thumbnailUrl\":\"https:\\\/\\\/amrtop.net\\\/wp-content\\\/uploads\\\/2022\\\/06\\\/dpc2558.jpg\",\"datePublished\":\"2022-06-02T15:21:07+00:00\",\"dateModified\":\"2023-06-13T09:34:53+00:00\",\"description\":\"Brides anti-intemp\u00e9ries pour passage en toit \u00c9l\u00e9ment - Syst\u00e8me - Conduit de chemin\u00e9e ou conduit de chemin\u00e9e \u00e0 double paroi isol\u00e9 \u00e9paisseur 10 ou 25 mm en laine de roche int\u00e9rieure en acier 316 L et ext\u00e9rieur en acier 304 rev\u00eatement ext\u00e9rieur en acier - cuivre - peint en noir.\",\"breadcrumb\":{\"@id\":\"https:\\\/\\\/amrtop.net\\\/produit\\\/dpc2558-brides-anti-intemperies-pour-passage-en-toit\\\/#breadcrumb\"},\"inLanguage\":\"ro-RO\",\"potentialAction\":[{\"@type\":\"ReadAction\",\"target\":[\"https:\\\/\\\/amrtop.net\\\/produit\\\/dpc2558-brides-anti-intemperies-pour-passage-en-toit\\\/\"]}]},{\"@type\":\"ImageObject\",\"inLanguage\":\"ro-RO\",\"@id\":\"https:\\\/\\\/amrtop.net\\\/produit\\\/dpc2558-brides-anti-intemperies-pour-passage-en-toit\\\/#primaryimage\",\"url\":\"https:\\\/\\\/amrtop.net\\\/wp-content\\\/uploads\\\/2022\\\/06\\\/dpc2558.jpg\",\"contentUrl\":\"https:\\\/\\\/amrtop.net\\\/wp-content\\\/uploads\\\/2022\\\/06\\\/dpc2558.jpg\",\"width\":640,\"height\":640,\"caption\":\"Fascetta anti-intemperie inclinata\"},{\"@type\":\"BreadcrumbList\",\"@id\":\"https:\\\/\\\/amrtop.net\\\/produit\\\/dpc2558-brides-anti-intemperies-pour-passage-en-toit\\\/#breadcrumb\",\"itemListElement\":[{\"@type\":\"ListItem\",\"position\":1,\"name\":\"Home\",\"item\":\"https:\\\/\\\/amrtop.net\\\/\"},{\"@type\":\"ListItem\",\"position\":2,\"name\":\"Shop\",\"item\":\"https:\\\/\\\/amrtop.net\\\/negozio\\\/\"},{\"@type\":\"ListItem\",\"position\":3,\"name\":\"DPC2558&#8230; &#8211; Brides anti-intemp\u00e9ries pour passage en toit\"}]},{\"@type\":\"WebSite\",\"@id\":\"https:\\\/\\\/amrtop.net\\\/#website\",\"url\":\"https:\\\/\\\/amrtop.net\\\/\",\"name\":\"AMRTOP B2B \u00c9tranger - Achats r\u00e9serv\u00e9s au professionnel\",\"description\":\"Pi\u00e8ces de rechange et accessoires pour po\u00eales et chaudi\u00e8res - eCommerce B2B pour Clients Professionnels\",\"potentialAction\":[{\"@type\":\"SearchAction\",\"target\":{\"@type\":\"EntryPoint\",\"urlTemplate\":\"https:\\\/\\\/amrtop.net\\\/?s={search_term_string}\"},\"query-input\":{\"@type\":\"PropertyValueSpecification\",\"valueRequired\":true,\"valueName\":\"search_term_string\"}}],\"inLanguage\":\"ro-RO\"}]}<\/script>\n<!-- \/ Yoast SEO plugin. -->","yoast_head_json":{"title":"Brides anti-intemp\u00e9ries pour passage en toit","description":"Brides anti-intemp\u00e9ries pour passage en toit \u00c9l\u00e9ment - Syst\u00e8me - Conduit de chemin\u00e9e ou conduit de chemin\u00e9e \u00e0 double paroi isol\u00e9 \u00e9paisseur 10 ou 25 mm en laine de roche int\u00e9rieure en acier 316 L et ext\u00e9rieur en acier 304 rev\u00eatement ext\u00e9rieur en acier - cuivre - peint en noir.","robots":{"index":"index","follow":"follow","max-snippet":"max-snippet:-1","max-image-preview":"max-image-preview:large","max-video-preview":"max-video-preview:-1"},"canonical":"https:\/\/amrtop.net\/ro\/produs\/dpc2558-brides-anti-intemperies-pour-passage-en-toit\/","og_locale":"ro_RO","og_type":"article","og_title":"Brides anti-intemp\u00e9ries pour passage en toit","og_description":"Brides anti-intemp\u00e9ries pour passage en toit \u00c9l\u00e9ment - Syst\u00e8me - Conduit de chemin\u00e9e ou conduit de chemin\u00e9e \u00e0 double paroi isol\u00e9 \u00e9paisseur 10 ou 25 mm en laine de roche int\u00e9rieure en acier 316 L et ext\u00e9rieur en acier 304 rev\u00eatement ext\u00e9rieur en acier - cuivre - peint en noir.","og_url":"https:\/\/amrtop.net\/ro\/produs\/dpc2558-brides-anti-intemperies-pour-passage-en-toit\/","og_site_name":"AMRTOP B2B \u00c9tranger - Achats r\u00e9serv\u00e9s au professionnel","article_modified_time":"2023-06-13T09:34:53+00:00","og_image":[{"width":640,"height":640,"url":"https:\/\/amrtop.net\/wp-content\/uploads\/2022\/06\/dpc2558.jpg","type":"image\/jpeg"}],"twitter_card":"summary_large_image","twitter_misc":{"Timp estimat pentru citire":"2 minute"},"schema":{"@context":"https:\/\/schema.org","@graph":[{"@type":"WebPage","@id":"https:\/\/amrtop.net\/produit\/dpc2558-brides-anti-intemperies-pour-passage-en-toit\/","url":"https:\/\/amrtop.net\/produit\/dpc2558-brides-anti-intemperies-pour-passage-en-toit\/","name":"Brides anti-intemp\u00e9ries pour passage en toit","isPartOf":{"@id":"https:\/\/amrtop.net\/#website"},"primaryImageOfPage":{"@id":"https:\/\/amrtop.net\/produit\/dpc2558-brides-anti-intemperies-pour-passage-en-toit\/#primaryimage"},"image":{"@id":"https:\/\/amrtop.net\/produit\/dpc2558-brides-anti-intemperies-pour-passage-en-toit\/#primaryimage"},"thumbnailUrl":"https:\/\/amrtop.net\/wp-content\/uploads\/2022\/06\/dpc2558.jpg","datePublished":"2022-06-02T15:21:07+00:00","dateModified":"2023-06-13T09:34:53+00:00","description":"Brides anti-intemp\u00e9ries pour passage en toit \u00c9l\u00e9ment - Syst\u00e8me - Conduit de chemin\u00e9e ou conduit de chemin\u00e9e \u00e0 double paroi isol\u00e9 \u00e9paisseur 10 ou 25 mm en laine de roche int\u00e9rieure en acier 316 L et ext\u00e9rieur en acier 304 rev\u00eatement ext\u00e9rieur en acier - cuivre - peint en noir.","breadcrumb":{"@id":"https:\/\/amrtop.net\/produit\/dpc2558-brides-anti-intemperies-pour-passage-en-toit\/#breadcrumb"},"inLanguage":"ro-RO","potentialAction":[{"@type":"ReadAction","target":["https:\/\/amrtop.net\/produit\/dpc2558-brides-anti-intemperies-pour-passage-en-toit\/"]}]},{"@type":"ImageObject","inLanguage":"ro-RO","@id":"https:\/\/amrtop.net\/produit\/dpc2558-brides-anti-intemperies-pour-passage-en-toit\/#primaryimage","url":"https:\/\/amrtop.net\/wp-content\/uploads\/2022\/06\/dpc2558.jpg","contentUrl":"https:\/\/amrtop.net\/wp-content\/uploads\/2022\/06\/dpc2558.jpg","width":640,"height":640,"caption":"Fascetta anti-intemperie inclinata"},{"@type":"BreadcrumbList","@id":"https:\/\/amrtop.net\/produit\/dpc2558-brides-anti-intemperies-pour-passage-en-toit\/#breadcrumb","itemListElement":[{"@type":"ListItem","position":1,"name":"Home","item":"https:\/\/amrtop.net\/"},{"@type":"ListItem","position":2,"name":"Shop","item":"https:\/\/amrtop.net\/negozio\/"},{"@type":"ListItem","position":3,"name":"DPC2558&#8230; &#8211; Brides anti-intemp\u00e9ries pour passage en toit"}]},{"@type":"WebSite","@id":"https:\/\/amrtop.net\/#website","url":"https:\/\/amrtop.net\/","name":"AMRTOP B2B Abroad - Achizi\u021bii rezervate profesioni\u0219tilor","description":"Piese de schimb \u0219i accesorii pentru sobe \u0219i cazane - eCommerce B2B pentru clien\u021bi profesioni\u0219ti","potentialAction":[{"@type":"SearchAction","target":{"@type":"EntryPoint","urlTemplate":"https:\/\/amrtop.net\/?s={search_term_string}"},"query-input":{"@type":"PropertyValueSpecification","valueRequired":true,"valueName":"search_term_string"}}],"inLanguage":"ro-RO"}]}},"_links":{"self":[{"href":"https:\/\/amrtop.net\/ro\/wp-json\/wp\/v2\/product\/28046","targetHints":{"allow":["GET"]}}],"collection":[{"href":"https:\/\/amrtop.net\/ro\/wp-json\/wp\/v2\/product"}],"about":[{"href":"https:\/\/amrtop.net\/ro\/wp-json\/wp\/v2\/types\/product"}],"replies":[{"embeddable":true,"href":"https:\/\/amrtop.net\/ro\/wp-json\/wp\/v2\/comments?post=28046"}],"wp:featuredmedia":[{"embeddable":true,"href":"https:\/\/amrtop.net\/ro\/wp-json\/wp\/v2\/media\/32081"}],"wp:attachment":[{"href":"https:\/\/amrtop.net\/ro\/wp-json\/wp\/v2\/media?parent=28046"}],"wp:term":[{"taxonomy":"product_brand","embeddable":true,"href":"https:\/\/amrtop.net\/ro\/wp-json\/wp\/v2\/product_brand?post=28046"},{"taxonomy":"product_cat","embeddable":true,"href":"https:\/\/amrtop.net\/ro\/wp-json\/wp\/v2\/product_cat?post=28046"},{"taxonomy":"product_tag","embeddable":true,"href":"https:\/\/amrtop.net\/ro\/wp-json\/wp\/v2\/product_tag?post=28046"}],"curies":[{"name":"wp","href":"https:\/\/api.w.org\/{rel}","templated":true}]}}