{"id":29264,"date":"2022-06-06T07:48:31","date_gmt":"2022-06-06T07:48:31","guid":{"rendered":"https:\/\/amrtop.com\/B2B\/?post_type=product&#038;p=29264"},"modified":"2023-06-15T09:31:51","modified_gmt":"2023-06-15T09:31:51","slug":"dpac09-cot-30","status":"publish","type":"product","link":"https:\/\/amrtop.net\/ro\/produit\/dpac09-coude-a-30\/","title":{"rendered":"DPAC09... - Cot de 30\u00b0"},"content":{"rendered":"<h3><strong>Cot arabizat cu perete dublu de 30\u00b0 DPAC10<\/strong><\/h3>\n<p>CO\u0218 DE FUM CU PERE\u021aI DUBLI CU CAMER\u0102 DE AER DIN O\u021aEL INOXIDABIL AISI INTERIOR 316 L EXTERIOR 304 ARABESCATO - DECALAJ DE 10 MM<\/p>\n<h3><strong>Tub arabesc cu izola\u021bie exterioar\u0103 de aer<\/strong><\/h3>\n<p>Sistemul de aer cu perete dublu DPAC10 este alc\u0103tuit din elemente modulare rigide cu un finisaj lustruit BA, fabricate cu un perete interior din o\u021bel inoxidabil austenitic AISI 316L BA (EN 1.4404) cu o grosime minim\u0103 de 0,4 mm \u0219i un perete exterior din o\u021bel arab care respect\u0103 standardele necesare pentru marcare \u00een conformitate cu EN 1856\/1-2.<\/p>\n<p>Izola\u021bia este prev\u0103zut\u0103 cu un \"spa\u021biu de aer\" static cu o grosime de 10 mm. Elementele<br \/>\nRecipientele modulare au o gref\u0103 clasic\u0103 de pahar mascul-femel\u0103 calibrat\u0103 pentru ambii pere\u021bi, cu un sigiliu cu buz\u0103 tripl\u0103 care se introduce pe peretele interior, \u00een conformitate cu standardul european EN 14241-1, \u0219i asamblare mecanic\u0103 cu o flan\u0219\u0103 de siguran\u021b\u0103.<\/p>\n<h3><strong>Aplica\u021bie<\/strong><\/h3>\n<p>Instalare \u00een interior sau exterior<\/p>\n<h3><strong>Utilizarea cotului arabizat cu perete dublu de 30\u00b0 DPAC10<\/strong><\/h3>\n<p>Conducte, co\u0219uri de fum, co\u0219uri de fum metalice, emisii de aer de la generatoare de c\u0103ldur\u0103 atmosferice, presurizate, cu aer for\u021bat, tradi\u021bionale sau cu condensare, hote de buc\u0103t\u0103rie industriale sau casnice, sobe pe pele\u021bi.<\/p>\n<p><strong>Diametre disponibile - mm 60\/80 LA CERERE<\/strong><\/p>\n<p>80\/100 &#8211; 100\/120 &#8211; 130\/150 &#8211; 160\/180 &#8211; 180\/200 &#8211; 200\/220<\/p>\n<p><strong>230\/250 LA CERERE - Diametrul 250\/270 disponibil la cerere.<\/strong><\/p>\n<h3><strong>Gama de sisteme de fum AMR TOP\u00a0\u00a0\u00a0\u00a0\u00a0\u00a0 <\/strong><\/h3>\n<p><a href=\"https:\/\/amrtop.net\/ro\/categoria-de-produse\/canale-de-fum-2\/tuyaux-flexibles-en-acier-inoxydable\/\"><strong>TOP FLEX SP - Tuburi flexibile din o\u021bel inoxidabil ondulat cu perete simplu \u0219i dublu<\/strong><\/a><\/p>\n<p><a href=\"https:\/\/amrtop.net\/ro\/categoria-de-produse\/canale-de-fum-2\/tube-rigide-monoparete-en-acier-inoxydable\/\"><strong>SP - AISI 316L din o\u021bel inoxidabil cu un singur perete tub rigid<\/strong><\/a><\/p>\n<p><a href=\"https:\/\/amrtop.net\/ro\/categoria-de-produse\/canale-de-fum-2\/tube-flexible-inox-aisi-316-l-interieur-lisse-isole\/\"><strong>ISOTOP FLEX - \u021aeav\u0103 flexibil\u0103 izolat\u0103 din o\u021bel inoxidabil AISI 316L cu interior neted \u0219i izolat \u00a0<\/strong><\/a><\/p>\n<p><a href=\"https:\/\/amrtop.net\/ro\/categoria-de-produse\/canale-de-fum-2\/dp-air-tube-double-paroi-inox-a-chambre-dair\/\"><strong>DP AIR - Tub din o\u021bel inoxidabil cu pere\u021bi dubli cu camer\u0103 de aer<\/strong><\/a><\/p>\n<p><a href=\"https:\/\/amrtop.net\/ro\/categoria-de-produse\/canale-de-fum-2\/tube-coaxial-inox\/\"><strong>DP - \u021aeav\u0103 izolat\u0103 cu perete dublu 10 mm - 25 mm<\/strong><\/a><\/p>\n<p><a href=\"https:\/\/amrtop.net\/ro\/categoria-de-produse\/canale-de-fum-2\/tube-coaxial-inox\/\"><strong>COAX TOP - \u021aeav\u0103 coaxial\u0103 din o\u021bel inoxidabil \u00een PPS \u0219i PPS\/ O\u021bel inoxidabil<\/strong><\/a><\/p>\n<p><a href=\"https:\/\/amrtop.net\/ro\/categoria-de-produse\/canale-de-fum-2\/tuyau-coaxial-inox-inox-black\/\"><strong>COAX PELLET - Tub coaxial din o\u021bel inoxidabil<\/strong><\/a><\/p>\n<p><strong><a href=\"https:\/\/amrtop.net\/ro\/categoria-de-produse\/canale-de-fum-2\/conduits-de-fumee-des-appareils-a-biomasse\/\">BIOM TOP - Tuburi pentru sobe pe pele\u021bi \u0219i pe lemne<\/a><\/strong><\/p>\n<p><strong><a href=\"https:\/\/amrtop.net\/ro\/categoria-de-produse\/canale-de-fum-2\/alutop-tube-en-aluminium-flexible-extensible\/\">ALU TOP - Tuburi de aluminiu extensibile<\/a><\/strong><\/p>","protected":false},"excerpt":{"rendered":"<p>Coude \u00e0 30\u00b0 double paroi arabis\u00e9e DPAC10 CONDUIT DE CHEMIN\u00c9E \u00c0 DOUBLE PAROI \u00c0 CHAMBRE \u00c0 AIR EN ACIER INOX AISI INT\u00c9RIEUR 316 L EXT\u00c9RIEUR 304 ARABESCATO \u2013 ESPACE DE 10 MM Tube isol\u00e9-air externe en arabesque Le syst\u00e8me double paroi air DPAC10 est compos\u00e9 par des \u00e9l\u00e9ments modulaires rigides avec finition polie BA, fabriqu\u00e9s [&hellip;]<\/p>\n","protected":false},"featured_media":32371,"comment_status":"open","ping_status":"closed","template":"","meta":[],"product_brand":[],"product_cat":[1541],"product_tag":[],"class_list":{"0":"post-29264","1":"product","2":"type-product","3":"status-publish","4":"has-post-thumbnail","6":"product_cat-tube-double-paroi-en-acier-inoxydable-a-chambre-a-air-exterieur-en-arabesque","8":"first","9":"instock","10":"shipping-taxable","11":"purchasable","12":"product-type-variable"},"yoast_head":"<!-- This site is optimized with the Yoast SEO plugin v27.4 - https:\/\/yoast.com\/product\/yoast-seo-wordpress\/ -->\n<title>Coude \u00e0 30\u00b0 double paroi arabis\u00e9e DPAC10<\/title>\n<meta name=\"description\" content=\"Coude \u00e0 30\u00b0 double paroi arabis\u00e9e DPAC10 - Tuyau - Conduit de fum\u00e9e - Conduit de fum\u00e9e - Syst\u00e8me d\u2019extraction des fum\u00e9es en acier inoxydable paroi int\u00e9rieure en acier inoxydable aust\u00e9nitique AISI 316L \u00e9paisseur minimum 0,4 mm - paroi ext\u00e9rieure arabis\u00e9e - Isolation r\u00e9alis\u00e9e avec &quot;lame d\u2019air&quot; statique d\u2019\u00e9paisseur 10 mm embo\u00eet\u00e9 au b\u00e9lier avec joint d\u2019\u00e9tanch\u00e9it\u00e9 \u00e0 triple l\u00e8vre\" \/>\n<meta name=\"robots\" content=\"index, follow, max-snippet:-1, max-image-preview:large, max-video-preview:-1\" \/>\n<link rel=\"canonical\" href=\"https:\/\/amrtop.net\/ro\/produs\/dpac09-cot-30\/\" \/>\n<meta property=\"og:locale\" content=\"ro_RO\" \/>\n<meta property=\"og:type\" content=\"article\" \/>\n<meta property=\"og:title\" content=\"Coude \u00e0 30\u00b0 double paroi arabis\u00e9e DPAC10\" \/>\n<meta property=\"og:description\" content=\"Coude \u00e0 30\u00b0 double paroi arabis\u00e9e DPAC10 - Tuyau - Conduit de fum\u00e9e - Conduit de fum\u00e9e - Syst\u00e8me d\u2019extraction des fum\u00e9es en acier inoxydable paroi int\u00e9rieure en acier inoxydable aust\u00e9nitique AISI 316L \u00e9paisseur minimum 0,4 mm - paroi ext\u00e9rieure arabis\u00e9e - Isolation r\u00e9alis\u00e9e avec &quot;lame d\u2019air&quot; statique d\u2019\u00e9paisseur 10 mm embo\u00eet\u00e9 au b\u00e9lier avec joint d\u2019\u00e9tanch\u00e9it\u00e9 \u00e0 triple l\u00e8vre\" \/>\n<meta property=\"og:url\" content=\"https:\/\/amrtop.net\/ro\/produs\/dpac09-cot-30\/\" \/>\n<meta property=\"og:site_name\" content=\"AMRTOP B2B \u00c9tranger - Achats r\u00e9serv\u00e9s au professionnel\" \/>\n<meta property=\"article:modified_time\" content=\"2023-06-15T09:31:51+00:00\" \/>\n<meta property=\"og:image\" content=\"https:\/\/amrtop.net\/wp-content\/uploads\/2022\/06\/dpac09.jpg\" \/>\n\t<meta property=\"og:image:width\" content=\"640\" \/>\n\t<meta property=\"og:image:height\" content=\"640\" \/>\n\t<meta property=\"og:image:type\" content=\"image\/jpeg\" \/>\n<meta name=\"twitter:card\" content=\"summary_large_image\" \/>\n<meta name=\"twitter:label1\" content=\"Timp estimat pentru citire\" \/>\n\t<meta name=\"twitter:data1\" content=\"2 minute\" \/>\n<script type=\"application\/ld+json\" class=\"yoast-schema-graph\">{\"@context\":\"https:\\\/\\\/schema.org\",\"@graph\":[{\"@type\":\"WebPage\",\"@id\":\"https:\\\/\\\/amrtop.net\\\/produit\\\/dpac09-coude-a-30\\\/\",\"url\":\"https:\\\/\\\/amrtop.net\\\/produit\\\/dpac09-coude-a-30\\\/\",\"name\":\"Coude \u00e0 30\u00b0 double paroi arabis\u00e9e DPAC10\",\"isPartOf\":{\"@id\":\"https:\\\/\\\/amrtop.net\\\/#website\"},\"primaryImageOfPage\":{\"@id\":\"https:\\\/\\\/amrtop.net\\\/produit\\\/dpac09-coude-a-30\\\/#primaryimage\"},\"image\":{\"@id\":\"https:\\\/\\\/amrtop.net\\\/produit\\\/dpac09-coude-a-30\\\/#primaryimage\"},\"thumbnailUrl\":\"https:\\\/\\\/amrtop.net\\\/wp-content\\\/uploads\\\/2022\\\/06\\\/dpac09.jpg\",\"datePublished\":\"2022-06-06T07:48:31+00:00\",\"dateModified\":\"2023-06-15T09:31:51+00:00\",\"description\":\"Coude \u00e0 30\u00b0 double paroi arabis\u00e9e DPAC10 - Tuyau - Conduit de fum\u00e9e - Conduit de fum\u00e9e - Syst\u00e8me d\u2019extraction des fum\u00e9es en acier inoxydable paroi int\u00e9rieure en acier inoxydable aust\u00e9nitique AISI 316L \u00e9paisseur minimum 0,4 mm - paroi ext\u00e9rieure arabis\u00e9e - Isolation r\u00e9alis\u00e9e avec \\\"lame d\u2019air\\\" statique d\u2019\u00e9paisseur 10 mm embo\u00eet\u00e9 au b\u00e9lier avec joint d\u2019\u00e9tanch\u00e9it\u00e9 \u00e0 triple l\u00e8vre\",\"breadcrumb\":{\"@id\":\"https:\\\/\\\/amrtop.net\\\/produit\\\/dpac09-coude-a-30\\\/#breadcrumb\"},\"inLanguage\":\"ro-RO\",\"potentialAction\":[{\"@type\":\"ReadAction\",\"target\":[\"https:\\\/\\\/amrtop.net\\\/produit\\\/dpac09-coude-a-30\\\/\"]}]},{\"@type\":\"ImageObject\",\"inLanguage\":\"ro-RO\",\"@id\":\"https:\\\/\\\/amrtop.net\\\/produit\\\/dpac09-coude-a-30\\\/#primaryimage\",\"url\":\"https:\\\/\\\/amrtop.net\\\/wp-content\\\/uploads\\\/2022\\\/06\\\/dpac09.jpg\",\"contentUrl\":\"https:\\\/\\\/amrtop.net\\\/wp-content\\\/uploads\\\/2022\\\/06\\\/dpac09.jpg\",\"width\":640,\"height\":640,\"caption\":\"Coude \u00e0 30\u00b0 double paroi arabis\u00e9e DPAC10 - Tuyau - Conduit de fum\u00e9e - Conduit de fum\u00e9e - Syst\u00e8me d\u2019extraction des fum\u00e9es en acier inoxydable paroi int\u00e9rieure en acier inoxydable aust\u00e9nitique AISI 316L \u00e9paisseur minimum 0,4 mm - paroi ext\u00e9rieure arabis\u00e9e - Isolation r\u00e9alis\u00e9e avec \\\"lame d\u2019air\\\" statique d\u2019\u00e9paisseur 10 mm embo\u00eet\u00e9 au b\u00e9lier avec joint d\u2019\u00e9tanch\u00e9it\u00e9 \u00e0 triple l\u00e8vre\"},{\"@type\":\"BreadcrumbList\",\"@id\":\"https:\\\/\\\/amrtop.net\\\/produit\\\/dpac09-coude-a-30\\\/#breadcrumb\",\"itemListElement\":[{\"@type\":\"ListItem\",\"position\":1,\"name\":\"Home\",\"item\":\"https:\\\/\\\/amrtop.net\\\/\"},{\"@type\":\"ListItem\",\"position\":2,\"name\":\"Shop\",\"item\":\"https:\\\/\\\/amrtop.net\\\/negozio\\\/\"},{\"@type\":\"ListItem\",\"position\":3,\"name\":\"DPAC09&#8230; &#8211; Coude \u00e0 30\u00b0\"}]},{\"@type\":\"WebSite\",\"@id\":\"https:\\\/\\\/amrtop.net\\\/#website\",\"url\":\"https:\\\/\\\/amrtop.net\\\/\",\"name\":\"AMRTOP B2B \u00c9tranger - Achats r\u00e9serv\u00e9s au professionnel\",\"description\":\"Pi\u00e8ces de rechange et accessoires pour po\u00eales et chaudi\u00e8res - eCommerce B2B pour Clients Professionnels\",\"potentialAction\":[{\"@type\":\"SearchAction\",\"target\":{\"@type\":\"EntryPoint\",\"urlTemplate\":\"https:\\\/\\\/amrtop.net\\\/?s={search_term_string}\"},\"query-input\":{\"@type\":\"PropertyValueSpecification\",\"valueRequired\":true,\"valueName\":\"search_term_string\"}}],\"inLanguage\":\"ro-RO\"}]}<\/script>\n<!-- \/ Yoast SEO plugin. -->","yoast_head_json":{"title":"Cot arabizat cu perete dublu de 30\u00b0 DPAC10","description":"Cot arabizat cu perete dublu de 30\u00b0 DPAC10 - Conduct\u0103 - Conduct\u0103 de evacuare a gazelor arse - Sistem de evacuare a gazelor arse din o\u021bel inoxidabil perete interior din o\u021bel inoxidabil austenitic AISI 316L grosime minim\u0103 0,4 mm - Perete exterior arabizat - Izola\u021bie cu \"fant\u0103 de aer\" static\u0103 de 10 mm grosime montat\u0103 pe berbec cu garnitur\u0103 cu buz\u0103 tripl\u0103","robots":{"index":"index","follow":"follow","max-snippet":"max-snippet:-1","max-image-preview":"max-image-preview:large","max-video-preview":"max-video-preview:-1"},"canonical":"https:\/\/amrtop.net\/ro\/produs\/dpac09-cot-30\/","og_locale":"ro_RO","og_type":"article","og_title":"Coude \u00e0 30\u00b0 double paroi arabis\u00e9e DPAC10","og_description":"Coude \u00e0 30\u00b0 double paroi arabis\u00e9e DPAC10 - Tuyau - Conduit de fum\u00e9e - Conduit de fum\u00e9e - Syst\u00e8me d\u2019extraction des fum\u00e9es en acier inoxydable paroi int\u00e9rieure en acier inoxydable aust\u00e9nitique AISI 316L \u00e9paisseur minimum 0,4 mm - paroi ext\u00e9rieure arabis\u00e9e - Isolation r\u00e9alis\u00e9e avec \"lame d\u2019air\" statique d\u2019\u00e9paisseur 10 mm embo\u00eet\u00e9 au b\u00e9lier avec joint d\u2019\u00e9tanch\u00e9it\u00e9 \u00e0 triple l\u00e8vre","og_url":"https:\/\/amrtop.net\/ro\/produs\/dpac09-cot-30\/","og_site_name":"AMRTOP B2B \u00c9tranger - Achats r\u00e9serv\u00e9s au professionnel","article_modified_time":"2023-06-15T09:31:51+00:00","og_image":[{"width":640,"height":640,"url":"https:\/\/amrtop.net\/wp-content\/uploads\/2022\/06\/dpac09.jpg","type":"image\/jpeg"}],"twitter_card":"summary_large_image","twitter_misc":{"Timp estimat pentru citire":"2 minute"},"schema":{"@context":"https:\/\/schema.org","@graph":[{"@type":"WebPage","@id":"https:\/\/amrtop.net\/produit\/dpac09-coude-a-30\/","url":"https:\/\/amrtop.net\/produit\/dpac09-coude-a-30\/","name":"Cot arabizat cu perete dublu de 30\u00b0 DPAC10","isPartOf":{"@id":"https:\/\/amrtop.net\/#website"},"primaryImageOfPage":{"@id":"https:\/\/amrtop.net\/produit\/dpac09-coude-a-30\/#primaryimage"},"image":{"@id":"https:\/\/amrtop.net\/produit\/dpac09-coude-a-30\/#primaryimage"},"thumbnailUrl":"https:\/\/amrtop.net\/wp-content\/uploads\/2022\/06\/dpac09.jpg","datePublished":"2022-06-06T07:48:31+00:00","dateModified":"2023-06-15T09:31:51+00:00","description":"Cot arabizat cu perete dublu de 30\u00b0 DPAC10 - Conduct\u0103 - Conduct\u0103 de evacuare a gazelor arse - Sistem de evacuare a gazelor arse din o\u021bel inoxidabil perete interior din o\u021bel inoxidabil austenitic AISI 316L grosime minim\u0103 0,4 mm - Perete exterior arabizat - Izola\u021bie cu \"fant\u0103 de aer\" static\u0103 de 10 mm grosime montat\u0103 pe berbec cu garnitur\u0103 cu buz\u0103 tripl\u0103","breadcrumb":{"@id":"https:\/\/amrtop.net\/produit\/dpac09-coude-a-30\/#breadcrumb"},"inLanguage":"ro-RO","potentialAction":[{"@type":"ReadAction","target":["https:\/\/amrtop.net\/produit\/dpac09-coude-a-30\/"]}]},{"@type":"ImageObject","inLanguage":"ro-RO","@id":"https:\/\/amrtop.net\/produit\/dpac09-coude-a-30\/#primaryimage","url":"https:\/\/amrtop.net\/wp-content\/uploads\/2022\/06\/dpac09.jpg","contentUrl":"https:\/\/amrtop.net\/wp-content\/uploads\/2022\/06\/dpac09.jpg","width":640,"height":640,"caption":"Coude \u00e0 30\u00b0 double paroi arabis\u00e9e DPAC10 - Tuyau - Conduit de fum\u00e9e - Conduit de fum\u00e9e - Syst\u00e8me d\u2019extraction des fum\u00e9es en acier inoxydable paroi int\u00e9rieure en acier inoxydable aust\u00e9nitique AISI 316L \u00e9paisseur minimum 0,4 mm - paroi ext\u00e9rieure arabis\u00e9e - Isolation r\u00e9alis\u00e9e avec \"lame d\u2019air\" statique d\u2019\u00e9paisseur 10 mm embo\u00eet\u00e9 au b\u00e9lier avec joint d\u2019\u00e9tanch\u00e9it\u00e9 \u00e0 triple l\u00e8vre"},{"@type":"BreadcrumbList","@id":"https:\/\/amrtop.net\/produit\/dpac09-coude-a-30\/#breadcrumb","itemListElement":[{"@type":"ListItem","position":1,"name":"Home","item":"https:\/\/amrtop.net\/"},{"@type":"ListItem","position":2,"name":"Shop","item":"https:\/\/amrtop.net\/negozio\/"},{"@type":"ListItem","position":3,"name":"DPAC09&#8230; &#8211; Coude \u00e0 30\u00b0"}]},{"@type":"WebSite","@id":"https:\/\/amrtop.net\/#website","url":"https:\/\/amrtop.net\/","name":"AMRTOP B2B Abroad - Achizi\u021bii rezervate profesioni\u0219tilor","description":"Piese de schimb \u0219i accesorii pentru sobe \u0219i cazane - eCommerce B2B pentru clien\u021bi profesioni\u0219ti","potentialAction":[{"@type":"SearchAction","target":{"@type":"EntryPoint","urlTemplate":"https:\/\/amrtop.net\/?s={search_term_string}"},"query-input":{"@type":"PropertyValueSpecification","valueRequired":true,"valueName":"search_term_string"}}],"inLanguage":"ro-RO"}]}},"_links":{"self":[{"href":"https:\/\/amrtop.net\/ro\/wp-json\/wp\/v2\/product\/29264","targetHints":{"allow":["GET"]}}],"collection":[{"href":"https:\/\/amrtop.net\/ro\/wp-json\/wp\/v2\/product"}],"about":[{"href":"https:\/\/amrtop.net\/ro\/wp-json\/wp\/v2\/types\/product"}],"replies":[{"embeddable":true,"href":"https:\/\/amrtop.net\/ro\/wp-json\/wp\/v2\/comments?post=29264"}],"wp:featuredmedia":[{"embeddable":true,"href":"https:\/\/amrtop.net\/ro\/wp-json\/wp\/v2\/media\/32371"}],"wp:attachment":[{"href":"https:\/\/amrtop.net\/ro\/wp-json\/wp\/v2\/media?parent=29264"}],"wp:term":[{"taxonomy":"product_brand","embeddable":true,"href":"https:\/\/amrtop.net\/ro\/wp-json\/wp\/v2\/product_brand?post=29264"},{"taxonomy":"product_cat","embeddable":true,"href":"https:\/\/amrtop.net\/ro\/wp-json\/wp\/v2\/product_cat?post=29264"},{"taxonomy":"product_tag","embeddable":true,"href":"https:\/\/amrtop.net\/ro\/wp-json\/wp\/v2\/product_tag?post=29264"}],"curies":[{"name":"wp","href":"https:\/\/api.w.org\/{rel}","templated":true}]}}