{"id":29922,"date":"2022-06-06T14:33:31","date_gmt":"2022-06-06T14:33:31","guid":{"rendered":"https:\/\/amrtop.com\/B2B\/?post_type=product&#038;p=29922"},"modified":"2023-06-13T14:52:16","modified_gmt":"2023-06-13T14:52:16","slug":"tubo-flessibile-monoparete-coibentato","status":"publish","type":"product","link":"https:\/\/amrtop.net\/ro\/produit\/tubo-flessibile-monoparete-coibentato\/","title":{"rendered":"SPF601... - Furtun flexibil cu un singur perete din AISI 316L"},"content":{"rendered":"<h3>Tuyau flexible simple paroi<\/h3>\n<p>Accesoriile pentru furtunurile flexibile sunt compatibile cu \u00eentreaga gam\u0103 TOP FLEX.<\/p>\n<h3>Furtunuri flexibile din o\u021bel inoxidabil<strong>\u00a0<\/strong><\/h3>\n<p>Sistemul TOP FLEX este ideal pentru cur\u0103\u021barea pivni\u021belor \u0219i a compartimentelor tehnice care sunt dificil de tratat cu alte sisteme. Este un sistem flexibil cu pere\u021bi dubli, cu interior neted, fabricat din o\u021bel inoxidabil austenitic AISI 316L BA (1.4404), cu o grosime minim\u0103 de 0,10 mm, care respect\u0103 standardele stabilite \u00een marcajul european \u00een conformitate cu EN 1856-2. TOP FLEX este compatibil cu toate produsele, datorit\u0103 unei game largi de fitinguri de conectare pentru fiecare cerin\u021b\u0103 a amplasamentului.<\/p>\n<h3>Referin\u021b\u0103 \u0219i denumire de reglementare<\/h3>\n<p>Marcarea produsului \u00een conformitate cu standardul european: EN 1856-2.<\/p>\n<h3>Utilizarea de furtunuri flexibile din o\u021bel inoxidabil:<\/h3>\n<p>Sisteme de co\u0219uri de fum metalice flexibile, co\u0219uri de fum metalice flexibile, vapori de aer, controlate de generatoare de c\u0103ldur\u0103 atmosferice, presurizate, cu aer for\u021bat sau tradi\u021bionale, hote pentru uz industrial sau casnic, sobe de lemn, \u0219eminee, sobe pe pele\u021bi.<\/p>\n<h3>Diametre disponibile - mm<\/h3>\n<p>50 - 60 - 80 - 100 - 110 - 120 - 125 - 130 - 140 - 150 - 155 - 160 - 175 - 180 - 200 - 220 - 225 - 230 - 250 - 280 - 300 - 350 - 400<br \/>\nSeriile SP TOP FLEX 316, DP TOP FLEX 904, SP TOP FLEX 304, DP TOP FLEX 304 sunt disponibile numai la cerere.<\/p>\n<h3>Ambalare:<\/h3>\n<p>Furtunurile flexibile din o\u021bel inoxidabil AISI 316L cu perete dublu interior neted sunt disponibile \u00een bobine, cutii americane, distribuitoare \u0219i la metru.<br \/>\nDisponibil la cerere pentru toate diametrele \u00eencep\u00e2nd cu 0,12 mm grosime pentru 20% plus<\/p>\n<h3><strong>Interior<\/strong><\/h3>\n<p><a href=\"https:\/\/wekos.it\/\">Sobe, aragazuri \u0219i aragazuri pe lemne<\/a>\u00a0-\u00a0<a href=\"https:\/\/www.greenpuros.com\/\">\u0219eminee, sobe \u0219i cazane pe pele\u021bi.<\/a><\/p>\n<p><strong>Gama de sisteme de fum AMR TOP\u00a0\u00a0\u00a0\u00a0\u00a0\u00a0<\/strong><strong>\u00a0 \u00a0 \u00a0 \u00a0 \u00a0 \u00a0 \u00a0 \u00a0 \u00a0 \u00a0 \u00a0 \u00a0 \u00a0 \u00a0 \u00a0 \u00a0 \u00a0 \u00a0 \u00a0 \u00a0 \u00a0 \u00a0 \u00a0 \u00a0 \u00a0 \u00a0 \u00a0 \u00a0 \u00a0 \u00a0 \u00a0 \u00a0 \u00a0 \u00a0 \u00a0 \u00a0 \u00a0 \u00a0 \u00a0 \u00a0 \u00a0 \u00a0 \u00a0 \u00a0 \u00a0 \u00a0 \u00a0 \u00a0 \u00a0 \u00a0<\/strong><\/p>\n<p><a href=\"https:\/\/amrtop.net\/ro\/categoria-de-produse\/canale-de-fum-2\/tuyaux-flexibles-en-acier-inoxydable\/\"><strong>TOP FLEX SP - Tuburi flexibile din o\u021bel inoxidabil ondulat cu perete simplu \u0219i dublu<\/strong><\/a><\/p>\n<p><a href=\"https:\/\/amrtop.net\/ro\/categoria-de-produse\/canale-de-fum-2\/tube-rigide-monoparete-en-acier-inoxydable\/\"><strong>SP - AISI 316L din o\u021bel inoxidabil cu un singur perete tub rigid<\/strong><\/a><\/p>\n<p><strong><u><a href=\"https:\/\/amrtop.net\/ro\/categoria-de-produse\/canale-de-fum-2\/tube-flexible-inox-aisi-316-l-interieur-lisse-isole\/\">ISOTOP FLEX - \u021aeav\u0103 flexibil\u0103 izolat\u0103 din o\u021bel inoxidabil AISI 316L cu interior neted \u0219i izolat \u00a0<\/a><\/u><\/strong><\/p>\n<p><strong><u><a href=\"https:\/\/amrtop.net\/ro\/categoria-de-produse\/canale-de-fum-2\/dp-air-tube-double-paroi-inox-a-chambre-dair\/\">DP AIR - Tub din o\u021bel inoxidabil cu pere\u021bi dubli cu camer\u0103 de aer<\/a><\/u><\/strong><\/p>\n<p><strong><u><a href=\"https:\/\/amrtop.net\/ro\/categoria-de-produse\/canale-de-fum-2\/tube-coaxial-inox\/\">DP - \u021aeav\u0103 izolat\u0103 cu perete dublu 10 mm - 25 mm<\/a><\/u><\/strong><\/p>\n<p><strong><a href=\"https:\/\/amrtop.net\/ro\/categoria-de-produse\/canale-de-fum-2\/tube-coaxial-inox\/\">COAX TOP - \u021aeav\u0103 coaxial\u0103 din o\u021bel inoxidabil \u00een PPS \u0219i PPS\/ O\u021bel inoxidabil<\/a><\/strong><\/p>\n<p><strong><u><a href=\"https:\/\/amrtop.net\/ro\/categoria-de-produse\/canale-de-fum-2\/tuyau-coaxial-inox-inox-black\/\">COAX PELLET - Tub coaxial din o\u021bel inoxidabil<\/a><\/u><\/strong><\/p>\n<p><strong><u><a href=\"https:\/\/amrtop.net\/ro\/categoria-de-produse\/canale-de-fum-2\/conduits-de-fumee-des-appareils-a-biomasse\/\">BIOM TOP - Tuburi pentru sobe pe pele\u021bi \u0219i pe lemne<\/a><\/u><\/strong><\/p>\n<p><strong><u><a href=\"https:\/\/amrtop.net\/ro\/categoria-de-produse\/canale-de-fum-2\/alutop-tube-en-aluminium-flexible-extensible\/\">ALU TOP - Tub flexibil extensibil din aluminiu<\/a><\/u><\/strong><\/p>","protected":false},"excerpt":{"rendered":"<p>Tuyau flexible simple paroi Les accessoires pour tuyaux flexibles sont compatibles avec toute la gamme TOP FLEX. Tuyaux flexibles en acier inoxydable\u00a0 Le syst\u00e8me TOP FLEX est id\u00e9al pour les assainisseurs de caves et de compartiments techniques difficiles \u00e0 traiter avec d\u2019autres syst\u00e8mes. C\u2019est un syst\u00e8me flexible \u00e0 double paroi avec int\u00e9rieur lisse, r\u00e9alis\u00e9 en [&hellip;]<\/p>\n","protected":false},"featured_media":33483,"comment_status":"open","ping_status":"closed","template":"","meta":[],"product_brand":[],"product_cat":[1525,1524],"product_tag":[],"class_list":{"0":"post-29922","1":"product","2":"type-product","3":"status-publish","4":"has-post-thumbnail","6":"product_cat-sp-top-flex-316-tube-flexible-simple-paroi-en-aisi-316l","7":"product_cat-tuyaux-flexibles-en-acier-inoxydable","9":"first","10":"instock","11":"shipping-taxable","12":"purchasable","13":"product-type-variable"},"yoast_head":"<!-- This site is optimized with the Yoast SEO plugin v27.4 - https:\/\/yoast.com\/product\/yoast-seo-wordpress\/ -->\n<title>Tubo flessibile monoparete coibentato<\/title>\n<meta name=\"description\" content=\"Tubo flessibile monoparete coibentato \u00e8 ideale per i risanamenti di cavedi e vani tecnici difficili da trattare con altri sistemi.\" \/>\n<meta name=\"robots\" content=\"index, follow, max-snippet:-1, max-image-preview:large, max-video-preview:-1\" \/>\n<link rel=\"canonical\" href=\"https:\/\/amrtop.net\/ro\/produs\/tubo-flessibile-monoparete-coibentato\/\" \/>\n<meta property=\"og:locale\" content=\"ro_RO\" \/>\n<meta property=\"og:type\" content=\"article\" \/>\n<meta property=\"og:title\" content=\"Tubo flessibile monoparete coibentato\" \/>\n<meta property=\"og:description\" content=\"Tubo flessibile monoparete coibentato \u00e8 ideale per i risanamenti di cavedi e vani tecnici difficili da trattare con altri sistemi.\" \/>\n<meta property=\"og:url\" content=\"https:\/\/amrtop.net\/ro\/produs\/tubo-flessibile-monoparete-coibentato\/\" \/>\n<meta property=\"og:site_name\" content=\"AMRTOP B2B \u00c9tranger - Achats r\u00e9serv\u00e9s au professionnel\" \/>\n<meta property=\"article:modified_time\" content=\"2023-06-13T14:52:16+00:00\" \/>\n<meta property=\"og:image\" content=\"https:\/\/amrtop.net\/wp-content\/uploads\/2022\/06\/spf601-1.jpg\" \/>\n\t<meta property=\"og:image:width\" content=\"640\" \/>\n\t<meta property=\"og:image:height\" content=\"640\" \/>\n\t<meta property=\"og:image:type\" content=\"image\/jpeg\" \/>\n<meta name=\"twitter:card\" content=\"summary_large_image\" \/>\n<meta name=\"twitter:label1\" content=\"Timp estimat pentru citire\" \/>\n\t<meta name=\"twitter:data1\" content=\"2 minute\" \/>\n<script type=\"application\/ld+json\" class=\"yoast-schema-graph\">{\"@context\":\"https:\\\/\\\/schema.org\",\"@graph\":[{\"@type\":\"WebPage\",\"@id\":\"https:\\\/\\\/amrtop.net\\\/produit\\\/tubo-flessibile-monoparete-coibentato\\\/\",\"url\":\"https:\\\/\\\/amrtop.net\\\/produit\\\/tubo-flessibile-monoparete-coibentato\\\/\",\"name\":\"Tubo flessibile monoparete coibentato\",\"isPartOf\":{\"@id\":\"https:\\\/\\\/amrtop.net\\\/#website\"},\"primaryImageOfPage\":{\"@id\":\"https:\\\/\\\/amrtop.net\\\/produit\\\/tubo-flessibile-monoparete-coibentato\\\/#primaryimage\"},\"image\":{\"@id\":\"https:\\\/\\\/amrtop.net\\\/produit\\\/tubo-flessibile-monoparete-coibentato\\\/#primaryimage\"},\"thumbnailUrl\":\"https:\\\/\\\/amrtop.net\\\/wp-content\\\/uploads\\\/2022\\\/06\\\/spf601-1.jpg\",\"datePublished\":\"2022-06-06T14:33:31+00:00\",\"dateModified\":\"2023-06-13T14:52:16+00:00\",\"description\":\"Tubo flessibile monoparete coibentato \u00e8 ideale per i risanamenti di cavedi e vani tecnici difficili da trattare con altri sistemi.\",\"breadcrumb\":{\"@id\":\"https:\\\/\\\/amrtop.net\\\/produit\\\/tubo-flessibile-monoparete-coibentato\\\/#breadcrumb\"},\"inLanguage\":\"ro-RO\",\"potentialAction\":[{\"@type\":\"ReadAction\",\"target\":[\"https:\\\/\\\/amrtop.net\\\/produit\\\/tubo-flessibile-monoparete-coibentato\\\/\"]}]},{\"@type\":\"ImageObject\",\"inLanguage\":\"ro-RO\",\"@id\":\"https:\\\/\\\/amrtop.net\\\/produit\\\/tubo-flessibile-monoparete-coibentato\\\/#primaryimage\",\"url\":\"https:\\\/\\\/amrtop.net\\\/wp-content\\\/uploads\\\/2022\\\/06\\\/spf601-1.jpg\",\"contentUrl\":\"https:\\\/\\\/amrtop.net\\\/wp-content\\\/uploads\\\/2022\\\/06\\\/spf601-1.jpg\",\"width\":640,\"height\":640,\"caption\":\"Tube flexible simple paroi AISI 316L - Tuyau - Conduit de fum\u00e9e - Chemin\u00e9e - Syst\u00e8me d\u2019extraction de l\u2019air et des fum\u00e9es en mono et double paroi interne lisse et flexible dans divers diam\u00e8tres vendus au m\u00e8tre et en rouleaux avec bo\u00eete am\u00e9ricaine et dispencer avec \u00e9paisseur minimum de 0.10 mm en aciaio inox aisi 316L\u00a0-\u00a0304L\u00a0-\u00a0904L\"},{\"@type\":\"BreadcrumbList\",\"@id\":\"https:\\\/\\\/amrtop.net\\\/produit\\\/tubo-flessibile-monoparete-coibentato\\\/#breadcrumb\",\"itemListElement\":[{\"@type\":\"ListItem\",\"position\":1,\"name\":\"Home\",\"item\":\"https:\\\/\\\/amrtop.net\\\/\"},{\"@type\":\"ListItem\",\"position\":2,\"name\":\"Shop\",\"item\":\"https:\\\/\\\/amrtop.net\\\/negozio\\\/\"},{\"@type\":\"ListItem\",\"position\":3,\"name\":\"SPF601&#8230; &#8211; Tuyau flexible simple paroi en AISI 316L\"}]},{\"@type\":\"WebSite\",\"@id\":\"https:\\\/\\\/amrtop.net\\\/#website\",\"url\":\"https:\\\/\\\/amrtop.net\\\/\",\"name\":\"AMRTOP B2B \u00c9tranger - Achats r\u00e9serv\u00e9s au professionnel\",\"description\":\"Pi\u00e8ces de rechange et accessoires pour po\u00eales et chaudi\u00e8res - eCommerce B2B pour Clients Professionnels\",\"potentialAction\":[{\"@type\":\"SearchAction\",\"target\":{\"@type\":\"EntryPoint\",\"urlTemplate\":\"https:\\\/\\\/amrtop.net\\\/?s={search_term_string}\"},\"query-input\":{\"@type\":\"PropertyValueSpecification\",\"valueRequired\":true,\"valueName\":\"search_term_string\"}}],\"inLanguage\":\"ro-RO\"}]}<\/script>\n<!-- \/ Yoast SEO plugin. -->","yoast_head_json":{"title":"Tubo flessibile monoparete coibentato","description":"Tubo flessibile monoparete coibentato \u00e8 ideale per i risanamenti di cavedi e vani tecnici difficili da trattare con altri sistemi.","robots":{"index":"index","follow":"follow","max-snippet":"max-snippet:-1","max-image-preview":"max-image-preview:large","max-video-preview":"max-video-preview:-1"},"canonical":"https:\/\/amrtop.net\/ro\/produs\/tubo-flessibile-monoparete-coibentato\/","og_locale":"ro_RO","og_type":"article","og_title":"Tubo flessibile monoparete coibentato","og_description":"Tubo flessibile monoparete coibentato \u00e8 ideale per i risanamenti di cavedi e vani tecnici difficili da trattare con altri sistemi.","og_url":"https:\/\/amrtop.net\/ro\/produs\/tubo-flessibile-monoparete-coibentato\/","og_site_name":"AMRTOP B2B \u00c9tranger - Achats r\u00e9serv\u00e9s au professionnel","article_modified_time":"2023-06-13T14:52:16+00:00","og_image":[{"width":640,"height":640,"url":"https:\/\/amrtop.net\/wp-content\/uploads\/2022\/06\/spf601-1.jpg","type":"image\/jpeg"}],"twitter_card":"summary_large_image","twitter_misc":{"Timp estimat pentru citire":"2 minute"},"schema":{"@context":"https:\/\/schema.org","@graph":[{"@type":"WebPage","@id":"https:\/\/amrtop.net\/produit\/tubo-flessibile-monoparete-coibentato\/","url":"https:\/\/amrtop.net\/produit\/tubo-flessibile-monoparete-coibentato\/","name":"Tubo flessibile monoparete coibentato","isPartOf":{"@id":"https:\/\/amrtop.net\/#website"},"primaryImageOfPage":{"@id":"https:\/\/amrtop.net\/produit\/tubo-flessibile-monoparete-coibentato\/#primaryimage"},"image":{"@id":"https:\/\/amrtop.net\/produit\/tubo-flessibile-monoparete-coibentato\/#primaryimage"},"thumbnailUrl":"https:\/\/amrtop.net\/wp-content\/uploads\/2022\/06\/spf601-1.jpg","datePublished":"2022-06-06T14:33:31+00:00","dateModified":"2023-06-13T14:52:16+00:00","description":"Tubo flessibile monoparete coibentato \u00e8 ideale per i risanamenti di cavedi e vani tecnici difficili da trattare con altri sistemi.","breadcrumb":{"@id":"https:\/\/amrtop.net\/produit\/tubo-flessibile-monoparete-coibentato\/#breadcrumb"},"inLanguage":"ro-RO","potentialAction":[{"@type":"ReadAction","target":["https:\/\/amrtop.net\/produit\/tubo-flessibile-monoparete-coibentato\/"]}]},{"@type":"ImageObject","inLanguage":"ro-RO","@id":"https:\/\/amrtop.net\/produit\/tubo-flessibile-monoparete-coibentato\/#primaryimage","url":"https:\/\/amrtop.net\/wp-content\/uploads\/2022\/06\/spf601-1.jpg","contentUrl":"https:\/\/amrtop.net\/wp-content\/uploads\/2022\/06\/spf601-1.jpg","width":640,"height":640,"caption":"Tube flexible simple paroi AISI 316L - Tuyau - Conduit de fum\u00e9e - Chemin\u00e9e - Syst\u00e8me d\u2019extraction de l\u2019air et des fum\u00e9es en mono et double paroi interne lisse et flexible dans divers diam\u00e8tres vendus au m\u00e8tre et en rouleaux avec bo\u00eete am\u00e9ricaine et dispencer avec \u00e9paisseur minimum de 0.10 mm en aciaio inox aisi 316L\u00a0-\u00a0304L\u00a0-\u00a0904L"},{"@type":"BreadcrumbList","@id":"https:\/\/amrtop.net\/produit\/tubo-flessibile-monoparete-coibentato\/#breadcrumb","itemListElement":[{"@type":"ListItem","position":1,"name":"Home","item":"https:\/\/amrtop.net\/"},{"@type":"ListItem","position":2,"name":"Shop","item":"https:\/\/amrtop.net\/negozio\/"},{"@type":"ListItem","position":3,"name":"SPF601&#8230; &#8211; Tuyau flexible simple paroi en AISI 316L"}]},{"@type":"WebSite","@id":"https:\/\/amrtop.net\/#website","url":"https:\/\/amrtop.net\/","name":"AMRTOP B2B Abroad - Achizi\u021bii rezervate profesioni\u0219tilor","description":"Piese de schimb \u0219i accesorii pentru sobe \u0219i cazane - eCommerce B2B pentru clien\u021bi profesioni\u0219ti","potentialAction":[{"@type":"SearchAction","target":{"@type":"EntryPoint","urlTemplate":"https:\/\/amrtop.net\/?s={search_term_string}"},"query-input":{"@type":"PropertyValueSpecification","valueRequired":true,"valueName":"search_term_string"}}],"inLanguage":"ro-RO"}]}},"_links":{"self":[{"href":"https:\/\/amrtop.net\/ro\/wp-json\/wp\/v2\/product\/29922","targetHints":{"allow":["GET"]}}],"collection":[{"href":"https:\/\/amrtop.net\/ro\/wp-json\/wp\/v2\/product"}],"about":[{"href":"https:\/\/amrtop.net\/ro\/wp-json\/wp\/v2\/types\/product"}],"replies":[{"embeddable":true,"href":"https:\/\/amrtop.net\/ro\/wp-json\/wp\/v2\/comments?post=29922"}],"wp:featuredmedia":[{"embeddable":true,"href":"https:\/\/amrtop.net\/ro\/wp-json\/wp\/v2\/media\/33483"}],"wp:attachment":[{"href":"https:\/\/amrtop.net\/ro\/wp-json\/wp\/v2\/media?parent=29922"}],"wp:term":[{"taxonomy":"product_brand","embeddable":true,"href":"https:\/\/amrtop.net\/ro\/wp-json\/wp\/v2\/product_brand?post=29922"},{"taxonomy":"product_cat","embeddable":true,"href":"https:\/\/amrtop.net\/ro\/wp-json\/wp\/v2\/product_cat?post=29922"},{"taxonomy":"product_tag","embeddable":true,"href":"https:\/\/amrtop.net\/ro\/wp-json\/wp\/v2\/product_tag?post=29922"}],"curies":[{"name":"wp","href":"https:\/\/api.w.org\/{rel}","templated":true}]}}