{"id":30145,"date":"2022-06-07T08:39:12","date_gmt":"2022-06-07T08:39:12","guid":{"rendered":"https:\/\/amrtop.com\/B2B\/?post_type=product&#038;p=30145"},"modified":"2023-06-15T09:35:30","modified_gmt":"2023-06-15T09:35:30","slug":"cxp24-collier-mural","status":"publish","type":"product","link":"https:\/\/amrtop.net\/ro\/produit\/cxp24-collier-mural\/","title":{"rendered":"CXP24... - Colier de perete"},"content":{"rendered":"<h3>Guler de perete<\/h3>\n<p>Sistemul coaxial pps-inox CXP este format din elemente coaxiale compozite rigide din polipropilen\u0103.<\/p>\n<p>\u0219i protejat de o carcas\u0103 exterioar\u0103 din o\u021bel inoxidabil AISI 304 de 0,4 mm grosime, cu un finisaj lustruit BA, form\u00e2nd<\/p>\n<p>camera de izolare pentru o simpl\u0103 ventila\u021bie \u0219i\/sau pentru alimentarea generatorului cu aer de ardere,<\/p>\n<p>respect\u0103 standardele stabilite pentru marcajul CE \u00een conformitate cu EN 14471. Elementele modulare au<\/p>\n<p>Conexiune clasic\u0103 calibrat\u0103 de tip spad\u0103 mascul-femel\u0103, cu garnitur\u0103 de etan\u0219are cu buz\u0103 tripl\u0103, \u00een conformitate cu<\/p>\n<p>Standardul european EN 14241-1.<\/p>\n<p>Sistemul este potrivit pentru primirea gazelor de ardere cu o temperatur\u0103 maxim\u0103 de func\u021bionare de p\u00e2n\u0103 la 120 p.c. \u0219i o presiune maxim\u0103 de 200<\/p>\n<h3>Referin\u021b\u0103 \u0219i denumire de reglementare<\/h3>\n<p>Marcarea produsului \u00een conformitate cu standardul european CE 0476 EN 1856-1<\/p>\n<h3>Utilisation du Collier mural<\/h3>\n<p>\u021aeava coaxial\u0103 de 1 metru liniar din o\u021bel inoxidabil AISI 304 exterior cu grosimea de 0,4 mm este utilizat\u0103 pentru realizarea de conducte, co\u0219uri de fum, co\u0219uri metalice, vapori de aer pentru generatoare de c\u0103ldur\u0103 atmosferice, presurizate, cu aer for\u021bat, tradi\u021bionale sau cu condensare, hote de buc\u0103t\u0103rie pentru uz industrial sau casnic, sobe de lemn, \u0219eminee, sobe pe pele\u021bi etc.<\/p>\n<h3>Aplica\u021bie<\/h3>\n<p>Instalare intern\u0103 sau extern\u0103<\/p>\n<h3>Diametre disponibile - mm<\/h3>\n<p><strong>\u00f8i 60 mm - \u00f8e 100 mm | \u00f8i 80 mm - \u00f8e 125 mm | \u00f8i 100 mm - \u00f8e 150 mm | \u00f8i 125 mm - \u00f8e 200 mm | \u00f8i 160 mm - \u00f8e 250 mm<\/strong><\/p>\n<h3><strong>Gama de sisteme de fum AMR TOP\u00a0\u00a0\u00a0\u00a0\u00a0\u00a0<\/strong><\/h3>\n<p><a href=\"https:\/\/amrtop.net\/ro\/categoria-de-produse\/canale-de-fum-2\/tuyaux-flexibles-en-acier-inoxydable\/\"><strong>TOP FLEX SP - Tuburi flexibile din o\u021bel inoxidabil ondulat cu perete simplu \u0219i dublu<\/strong><\/a><\/p>\n<p><a href=\"https:\/\/amrtop.net\/ro\/categoria-de-produse\/canale-de-fum-2\/tube-rigide-monoparete-en-acier-inoxydable\/\"><strong>SP - AISI 316L din o\u021bel inoxidabil cu un singur perete tub rigid<\/strong><\/a><\/p>\n<p><strong><u><a href=\"https:\/\/amrtop.net\/ro\/categoria-de-produse\/canale-de-fum-2\/tube-flexible-inox-aisi-316-l-interieur-lisse-isole\/\">ISOTOP FLEX - \u021aeav\u0103 flexibil\u0103 izolat\u0103 din o\u021bel inoxidabil AISI 316L cu interior neted \u0219i izolat \u00a0<\/a><\/u><\/strong><\/p>\n<p><strong><u><a href=\"https:\/\/amrtop.net\/ro\/categoria-de-produse\/canale-de-fum-2\/dp-air-tube-double-paroi-inox-a-chambre-dair\/\">DP AIR - Tub din o\u021bel inoxidabil cu pere\u021bi dubli cu camer\u0103 de aer<\/a><\/u><\/strong><\/p>\n<p><strong><u><a href=\"https:\/\/amrtop.net\/ro\/categoria-de-produse\/canale-de-fum-2\/tube-coaxial-inox\/\">DP - \u021aeav\u0103 izolat\u0103 cu perete dublu 10 mm - 25 mm<\/a><\/u><\/strong><\/p>\n<p><strong><a href=\"https:\/\/amrtop.net\/ro\/categoria-de-produse\/canale-de-fum-2\/tube-coaxial-inox\/\">COAX TOP - \u021aeav\u0103 coaxial\u0103 din o\u021bel inoxidabil \u00een PPS \u0219i PPS\/ O\u021bel inoxidabil<\/a><\/strong><\/p>\n<p><strong><u><a href=\"https:\/\/amrtop.net\/ro\/categoria-de-produse\/canale-de-fum-2\/tuyau-coaxial-inox-inox-black\/\">COAX PELLET - Tub coaxial din o\u021bel inoxidabil<\/a><\/u><\/strong><\/p>\n<p><strong><u><a href=\"https:\/\/amrtop.net\/ro\/categoria-de-produse\/canale-de-fum-2\/conduits-de-fumee-des-appareils-a-biomasse\/\">BIOM TOP - Tuburi pentru sobe pe pele\u021bi \u0219i pe lemne<\/a><\/u><\/strong><\/p>\n<p><strong><u><a href=\"https:\/\/amrtop.net\/ro\/categoria-de-produse\/canale-de-fum-2\/alutop-tube-en-aluminium-flexible-extensible\/\">ALU TOP - Tub flexibil extensibil din aluminiu<\/a><\/u><\/strong><strong>\u00a0 \u00a0\u00a0<\/strong><\/p>","protected":false},"excerpt":{"rendered":"<p>Collier mural Le syst\u00e8me coaxial pps-inox CXP est compos\u00e9 d\u2019\u00e9l\u00e9ments composables rigides coaxiaux, r\u00e9alis\u00e9s en polypropyl\u00e8ne et prot\u00e9g\u00e9s par une paroi ext\u00e9rieure en acier inox AISI 304, avec finition polie BA de 0,4 mm d\u2019\u00e9paisseur, formant la chambre de confinement pour la ventilation simple et\/ou l\u2019alimentation en air comburant du g\u00e9n\u00e9rateur, conformes aux normes pr\u00e9vues [&hellip;]<\/p>\n","protected":false},"featured_media":32509,"comment_status":"open","ping_status":"closed","template":"","meta":[],"product_brand":[],"product_cat":[1542,1543],"product_tag":[],"class_list":{"0":"post-30145","1":"product","2":"type-product","3":"status-publish","4":"has-post-thumbnail","6":"product_cat-tube-coaxial-inox","7":"product_cat-cxp-tube-coaxial-en-propylene-exterieur-inox","9":"first","10":"instock","11":"shipping-taxable","12":"purchasable","13":"product-type-variable"},"yoast_head":"<!-- This site is optimized with the Yoast SEO plugin v27.4 - https:\/\/yoast.com\/product\/yoast-seo-wordpress\/ -->\n<title>Collier mural<\/title>\n<meta name=\"description\" content=\"Collier mural Chemin\u00e9e Conduit de fum\u00e9e Syst\u00e8me d\u2019extraction des fum\u00e9es double paroi compos\u00e9 d\u2019\u00e9l\u00e9ments modulables rigides r\u00e9alis\u00e9s en acier inoxydable AISI 304 \u00e9paisseur minimum 0.4 mm et int\u00e9rieur en \u00e9l\u00e9ments modulaires rigides coaxiaux r\u00e9alis\u00e9s en polypropyl\u00e8ne avec embo\u00eetement en gobelet avec joint d\u2019\u00e9tanch\u00e9it\u00e9 \u00e0 riplice l\u00e8vre\" \/>\n<meta name=\"robots\" content=\"index, follow, max-snippet:-1, max-image-preview:large, max-video-preview:-1\" \/>\n<link rel=\"canonical\" href=\"https:\/\/amrtop.net\/ro\/produs\/cxp24-collier-mural\/\" \/>\n<meta property=\"og:locale\" content=\"ro_RO\" \/>\n<meta property=\"og:type\" content=\"article\" \/>\n<meta property=\"og:title\" content=\"Collier mural\" \/>\n<meta property=\"og:description\" content=\"Collier mural Chemin\u00e9e Conduit de fum\u00e9e Syst\u00e8me d\u2019extraction des fum\u00e9es double paroi compos\u00e9 d\u2019\u00e9l\u00e9ments modulables rigides r\u00e9alis\u00e9s en acier inoxydable AISI 304 \u00e9paisseur minimum 0.4 mm et int\u00e9rieur en \u00e9l\u00e9ments modulaires rigides coaxiaux r\u00e9alis\u00e9s en polypropyl\u00e8ne avec embo\u00eetement en gobelet avec joint d\u2019\u00e9tanch\u00e9it\u00e9 \u00e0 riplice l\u00e8vre\" \/>\n<meta property=\"og:url\" content=\"https:\/\/amrtop.net\/ro\/produs\/cxp24-collier-mural\/\" \/>\n<meta property=\"og:site_name\" content=\"AMRTOP B2B \u00c9tranger - Achats r\u00e9serv\u00e9s au professionnel\" \/>\n<meta property=\"article:modified_time\" content=\"2023-06-15T09:35:30+00:00\" \/>\n<meta property=\"og:image\" content=\"https:\/\/amrtop.net\/wp-content\/uploads\/2022\/06\/cxp24.jpg\" \/>\n\t<meta property=\"og:image:width\" content=\"640\" \/>\n\t<meta property=\"og:image:height\" content=\"640\" \/>\n\t<meta property=\"og:image:type\" content=\"image\/jpeg\" \/>\n<meta name=\"twitter:card\" content=\"summary_large_image\" \/>\n<meta name=\"twitter:label1\" content=\"Timp estimat pentru citire\" \/>\n\t<meta name=\"twitter:data1\" content=\"2 minute\" \/>\n<script type=\"application\/ld+json\" class=\"yoast-schema-graph\">{\"@context\":\"https:\\\/\\\/schema.org\",\"@graph\":[{\"@type\":\"WebPage\",\"@id\":\"https:\\\/\\\/amrtop.net\\\/produit\\\/cxp24-collier-mural\\\/\",\"url\":\"https:\\\/\\\/amrtop.net\\\/produit\\\/cxp24-collier-mural\\\/\",\"name\":\"Collier mural\",\"isPartOf\":{\"@id\":\"https:\\\/\\\/amrtop.net\\\/#website\"},\"primaryImageOfPage\":{\"@id\":\"https:\\\/\\\/amrtop.net\\\/produit\\\/cxp24-collier-mural\\\/#primaryimage\"},\"image\":{\"@id\":\"https:\\\/\\\/amrtop.net\\\/produit\\\/cxp24-collier-mural\\\/#primaryimage\"},\"thumbnailUrl\":\"https:\\\/\\\/amrtop.net\\\/wp-content\\\/uploads\\\/2022\\\/06\\\/cxp24.jpg\",\"datePublished\":\"2022-06-07T08:39:12+00:00\",\"dateModified\":\"2023-06-15T09:35:30+00:00\",\"description\":\"Collier mural Chemin\u00e9e Conduit de fum\u00e9e Syst\u00e8me d\u2019extraction des fum\u00e9es double paroi compos\u00e9 d\u2019\u00e9l\u00e9ments modulables rigides r\u00e9alis\u00e9s en acier inoxydable AISI 304 \u00e9paisseur minimum 0.4 mm et int\u00e9rieur en \u00e9l\u00e9ments modulaires rigides coaxiaux r\u00e9alis\u00e9s en polypropyl\u00e8ne avec embo\u00eetement en gobelet avec joint d\u2019\u00e9tanch\u00e9it\u00e9 \u00e0 riplice l\u00e8vre\",\"breadcrumb\":{\"@id\":\"https:\\\/\\\/amrtop.net\\\/produit\\\/cxp24-collier-mural\\\/#breadcrumb\"},\"inLanguage\":\"ro-RO\",\"potentialAction\":[{\"@type\":\"ReadAction\",\"target\":[\"https:\\\/\\\/amrtop.net\\\/produit\\\/cxp24-collier-mural\\\/\"]}]},{\"@type\":\"ImageObject\",\"inLanguage\":\"ro-RO\",\"@id\":\"https:\\\/\\\/amrtop.net\\\/produit\\\/cxp24-collier-mural\\\/#primaryimage\",\"url\":\"https:\\\/\\\/amrtop.net\\\/wp-content\\\/uploads\\\/2022\\\/06\\\/cxp24.jpg\",\"contentUrl\":\"https:\\\/\\\/amrtop.net\\\/wp-content\\\/uploads\\\/2022\\\/06\\\/cxp24.jpg\",\"width\":640,\"height\":640,\"caption\":\"Collare a muro coassiale\"},{\"@type\":\"BreadcrumbList\",\"@id\":\"https:\\\/\\\/amrtop.net\\\/produit\\\/cxp24-collier-mural\\\/#breadcrumb\",\"itemListElement\":[{\"@type\":\"ListItem\",\"position\":1,\"name\":\"Home\",\"item\":\"https:\\\/\\\/amrtop.net\\\/\"},{\"@type\":\"ListItem\",\"position\":2,\"name\":\"Shop\",\"item\":\"https:\\\/\\\/amrtop.net\\\/negozio\\\/\"},{\"@type\":\"ListItem\",\"position\":3,\"name\":\"CXP24&#8230; &#8211; Collier mural\"}]},{\"@type\":\"WebSite\",\"@id\":\"https:\\\/\\\/amrtop.net\\\/#website\",\"url\":\"https:\\\/\\\/amrtop.net\\\/\",\"name\":\"AMRTOP B2B \u00c9tranger - Achats r\u00e9serv\u00e9s au professionnel\",\"description\":\"Pi\u00e8ces de rechange et accessoires pour po\u00eales et chaudi\u00e8res - eCommerce B2B pour Clients Professionnels\",\"potentialAction\":[{\"@type\":\"SearchAction\",\"target\":{\"@type\":\"EntryPoint\",\"urlTemplate\":\"https:\\\/\\\/amrtop.net\\\/?s={search_term_string}\"},\"query-input\":{\"@type\":\"PropertyValueSpecification\",\"valueRequired\":true,\"valueName\":\"search_term_string\"}}],\"inLanguage\":\"ro-RO\"}]}<\/script>\n<!-- \/ Yoast SEO plugin. -->","yoast_head_json":{"title":"Guler de perete","description":"Collier mural Chemin\u00e9e Conduit de fum\u00e9e Syst\u00e8me d\u2019extraction des fum\u00e9es double paroi compos\u00e9 d\u2019\u00e9l\u00e9ments modulables rigides r\u00e9alis\u00e9s en acier inoxydable AISI 304 \u00e9paisseur minimum 0.4 mm et int\u00e9rieur en \u00e9l\u00e9ments modulaires rigides coaxiaux r\u00e9alis\u00e9s en polypropyl\u00e8ne avec embo\u00eetement en gobelet avec joint d\u2019\u00e9tanch\u00e9it\u00e9 \u00e0 riplice l\u00e8vre","robots":{"index":"index","follow":"follow","max-snippet":"max-snippet:-1","max-image-preview":"max-image-preview:large","max-video-preview":"max-video-preview:-1"},"canonical":"https:\/\/amrtop.net\/ro\/produs\/cxp24-collier-mural\/","og_locale":"ro_RO","og_type":"article","og_title":"Collier mural","og_description":"Collier mural Chemin\u00e9e Conduit de fum\u00e9e Syst\u00e8me d\u2019extraction des fum\u00e9es double paroi compos\u00e9 d\u2019\u00e9l\u00e9ments modulables rigides r\u00e9alis\u00e9s en acier inoxydable AISI 304 \u00e9paisseur minimum 0.4 mm et int\u00e9rieur en \u00e9l\u00e9ments modulaires rigides coaxiaux r\u00e9alis\u00e9s en polypropyl\u00e8ne avec embo\u00eetement en gobelet avec joint d\u2019\u00e9tanch\u00e9it\u00e9 \u00e0 riplice l\u00e8vre","og_url":"https:\/\/amrtop.net\/ro\/produs\/cxp24-collier-mural\/","og_site_name":"AMRTOP B2B \u00c9tranger - Achats r\u00e9serv\u00e9s au professionnel","article_modified_time":"2023-06-15T09:35:30+00:00","og_image":[{"width":640,"height":640,"url":"https:\/\/amrtop.net\/wp-content\/uploads\/2022\/06\/cxp24.jpg","type":"image\/jpeg"}],"twitter_card":"summary_large_image","twitter_misc":{"Timp estimat pentru citire":"2 minute"},"schema":{"@context":"https:\/\/schema.org","@graph":[{"@type":"WebPage","@id":"https:\/\/amrtop.net\/produit\/cxp24-collier-mural\/","url":"https:\/\/amrtop.net\/produit\/cxp24-collier-mural\/","name":"Guler de perete","isPartOf":{"@id":"https:\/\/amrtop.net\/#website"},"primaryImageOfPage":{"@id":"https:\/\/amrtop.net\/produit\/cxp24-collier-mural\/#primaryimage"},"image":{"@id":"https:\/\/amrtop.net\/produit\/cxp24-collier-mural\/#primaryimage"},"thumbnailUrl":"https:\/\/amrtop.net\/wp-content\/uploads\/2022\/06\/cxp24.jpg","datePublished":"2022-06-07T08:39:12+00:00","dateModified":"2023-06-15T09:35:30+00:00","description":"Collier mural Chemin\u00e9e Conduit de fum\u00e9e Syst\u00e8me d\u2019extraction des fum\u00e9es double paroi compos\u00e9 d\u2019\u00e9l\u00e9ments modulables rigides r\u00e9alis\u00e9s en acier inoxydable AISI 304 \u00e9paisseur minimum 0.4 mm et int\u00e9rieur en \u00e9l\u00e9ments modulaires rigides coaxiaux r\u00e9alis\u00e9s en polypropyl\u00e8ne avec embo\u00eetement en gobelet avec joint d\u2019\u00e9tanch\u00e9it\u00e9 \u00e0 riplice l\u00e8vre","breadcrumb":{"@id":"https:\/\/amrtop.net\/produit\/cxp24-collier-mural\/#breadcrumb"},"inLanguage":"ro-RO","potentialAction":[{"@type":"ReadAction","target":["https:\/\/amrtop.net\/produit\/cxp24-collier-mural\/"]}]},{"@type":"ImageObject","inLanguage":"ro-RO","@id":"https:\/\/amrtop.net\/produit\/cxp24-collier-mural\/#primaryimage","url":"https:\/\/amrtop.net\/wp-content\/uploads\/2022\/06\/cxp24.jpg","contentUrl":"https:\/\/amrtop.net\/wp-content\/uploads\/2022\/06\/cxp24.jpg","width":640,"height":640,"caption":"Collare a muro coassiale"},{"@type":"BreadcrumbList","@id":"https:\/\/amrtop.net\/produit\/cxp24-collier-mural\/#breadcrumb","itemListElement":[{"@type":"ListItem","position":1,"name":"Home","item":"https:\/\/amrtop.net\/"},{"@type":"ListItem","position":2,"name":"Shop","item":"https:\/\/amrtop.net\/negozio\/"},{"@type":"ListItem","position":3,"name":"CXP24&#8230; &#8211; Collier mural"}]},{"@type":"WebSite","@id":"https:\/\/amrtop.net\/#website","url":"https:\/\/amrtop.net\/","name":"AMRTOP B2B Abroad - Achizi\u021bii rezervate profesioni\u0219tilor","description":"Piese de schimb \u0219i accesorii pentru sobe \u0219i cazane - eCommerce B2B pentru clien\u021bi profesioni\u0219ti","potentialAction":[{"@type":"SearchAction","target":{"@type":"EntryPoint","urlTemplate":"https:\/\/amrtop.net\/?s={search_term_string}"},"query-input":{"@type":"PropertyValueSpecification","valueRequired":true,"valueName":"search_term_string"}}],"inLanguage":"ro-RO"}]}},"_links":{"self":[{"href":"https:\/\/amrtop.net\/ro\/wp-json\/wp\/v2\/product\/30145","targetHints":{"allow":["GET"]}}],"collection":[{"href":"https:\/\/amrtop.net\/ro\/wp-json\/wp\/v2\/product"}],"about":[{"href":"https:\/\/amrtop.net\/ro\/wp-json\/wp\/v2\/types\/product"}],"replies":[{"embeddable":true,"href":"https:\/\/amrtop.net\/ro\/wp-json\/wp\/v2\/comments?post=30145"}],"wp:featuredmedia":[{"embeddable":true,"href":"https:\/\/amrtop.net\/ro\/wp-json\/wp\/v2\/media\/32509"}],"wp:attachment":[{"href":"https:\/\/amrtop.net\/ro\/wp-json\/wp\/v2\/media?parent=30145"}],"wp:term":[{"taxonomy":"product_brand","embeddable":true,"href":"https:\/\/amrtop.net\/ro\/wp-json\/wp\/v2\/product_brand?post=30145"},{"taxonomy":"product_cat","embeddable":true,"href":"https:\/\/amrtop.net\/ro\/wp-json\/wp\/v2\/product_cat?post=30145"},{"taxonomy":"product_tag","embeddable":true,"href":"https:\/\/amrtop.net\/ro\/wp-json\/wp\/v2\/product_tag?post=30145"}],"curies":[{"name":"wp","href":"https:\/\/api.w.org\/{rel}","templated":true}]}}