{"id":30223,"date":"2022-06-07T09:22:23","date_gmt":"2022-06-07T09:22:23","guid":{"rendered":"https:\/\/amrtop.com\/B2B\/?post_type=product&#038;p=30223"},"modified":"2023-06-14T14:13:49","modified_gmt":"2023-06-14T14:13:49","slug":"ifx114-kitop-de-7-9-11-metri","status":"publish","type":"product","link":"https:\/\/amrtop.net\/ro\/produit\/ifx114-kitop-de-7-9-11-metres\/","title":{"rendered":"IFX114... - KITOP de 7 - 9 - 11 metri"},"content":{"rendered":"<h3><strong>\u021aeav\u0103 izolat\u0103 din o\u021bel inoxidabil <\/strong>Kitop 7 -Kitop 9 - Kitop 11<\/h3>\n<h3>Con\u021binutul din interiorul rubricii<\/h3>\n<ul>\n<li>1 rol\u0103 de Isotop-Flex<\/li>\n<li>1 plac\u0103 pentru flex<\/li>\n<li>1 Clem\u0103 flexibil\u0103<\/li>\n<li>1 cuplaj rigid Isotop de sex masculin<\/li>\n<li>1 conector rigid femel\u0103 Isotop<\/li>\n<\/ul>\n<h3>Specifica\u021bii tehnice:<\/h3>\n<ul>\n<li>Interior neted din o\u021bel inoxidabil AISI 316L cu pere\u021bi dubli<\/li>\n<li>Perete exterior din o\u021bel inoxidabil AISI 304 dintr-o singur\u0103 bucat\u0103<\/li>\n<li>25 mm de izola\u021bie din vat\u0103 mineral\u0103 de \u00eenalt\u0103 densitate<\/li>\n<li>U\u0219or de utilizat<\/li>\n<li>Men\u021binerea perfect\u0103 a temperaturii datorit\u0103 izola\u021biei<\/li>\n<li>Reduce riscul de acumulare a funinginii<\/li>\n<li>\u00cempiedic\u0103 formarea condensului \u00een conduct\u0103<\/li>\n<li>\u00cembun\u0103t\u0103\u021be\u0219te performan\u021ba aparatului<\/li>\n<li>Faciliteaz\u0103 tirajul co\u0219ului de fum<\/li>\n<li>Costurile de instalare sunt foarte reduse: fiind prer\u0103cite, nu este necesar\u0103 nicio lucrare suplimentar\u0103 pentru asamblarea conductei flexibile \u0219i a izola\u021biei, care este de obicei efectuat\u0103 la fa\u021ba locului de c\u0103tre instalator.<br \/>\nAmbalaje de v\u00e2nzare:<\/li>\n<\/ul>\n<p><strong>\u021aeava izolat\u0103 din o\u021bel inoxidabil este v\u00e2ndut\u0103 \u00een kituri \u0219i role<\/strong><\/p>\n<h3><strong>Utilizarea <\/strong><strong>\u021aeav\u0103 izolat\u0103 din o\u021bel inoxidabil <\/strong>Kitop 7 -Kitop 9 - Kitop 11<\/h3>\n<p>\u021aeav\u0103 - \u021aeav\u0103 de fum - \u021aeav\u0103 de evacuare a fumului - Sistem de evacuare a fumului din o\u021bel inoxidabil neted \u00een interiorul furtunului ondulat \u00een exterior cu izola\u021bie intern\u0103 cu accesorii pentru furtun izolat<\/p>\n<h3><strong>Gama de sisteme de fum AMR TOP\u00a0\u00a0\u00a0\u00a0\u00a0\u00a0 <\/strong><\/h3>\n<p><a href=\"https:\/\/amrtop.net\/ro\/categoria-de-produse\/canale-de-fum-2\/tuyaux-flexibles-en-acier-inoxydable\/\"><strong>TOP FLEX SP - Tuburi flexibile din o\u021bel inoxidabil ondulat cu perete simplu \u0219i dublu<\/strong><\/a><\/p>\n<p><a href=\"https:\/\/amrtop.net\/ro\/categoria-de-produse\/canale-de-fum-2\/tube-rigide-monoparete-en-acier-inoxydable\/\"><strong>SP - AISI 316L din o\u021bel inoxidabil cu un singur perete tub rigid<\/strong><\/a><\/p>\n<p><a href=\"https:\/\/amrtop.net\/ro\/categoria-de-produse\/canale-de-fum-2\/tube-flexible-inox-aisi-316-l-interieur-lisse-isole\/\"><strong>ISOTOP FLEX - \u021aeav\u0103 flexibil\u0103 izolat\u0103 din o\u021bel inoxidabil AISI 316L cu interior neted \u0219i izolat \u00a0<\/strong><\/a><\/p>\n<p><a href=\"https:\/\/amrtop.net\/ro\/categoria-de-produse\/canale-de-fum-2\/dp-air-tube-double-paroi-inox-a-chambre-dair\/\"><strong>DP AIR - Tub din o\u021bel inoxidabil cu pere\u021bi dubli cu camer\u0103 de aer<\/strong><\/a><\/p>\n<p><a href=\"https:\/\/amrtop.net\/ro\/categoria-de-produse\/canale-de-fum-2\/tube-coaxial-inox\/\"><strong>DP - \u021aeav\u0103 izolat\u0103 cu perete dublu 10 mm - 25 mm<\/strong><\/a><\/p>\n<p><a href=\"https:\/\/amrtop.net\/ro\/categoria-de-produse\/canale-de-fum-2\/tube-coaxial-inox\/\"><strong>COAX TOP - \u021aeav\u0103 coaxial\u0103 din o\u021bel inoxidabil \u00een PPS \u0219i PPS\/ O\u021bel inoxidabil<\/strong><\/a><\/p>\n<p><a href=\"https:\/\/amrtop.net\/ro\/categoria-de-produse\/canale-de-fum-2\/tuyau-coaxial-inox-inox-black\/\"><strong>COAX PELLET - Tub coaxial din o\u021bel inoxidabil<\/strong><\/a><\/p>\n<p><strong><a href=\"https:\/\/amrtop.net\/ro\/categoria-de-produse\/canale-de-fum-2\/conduits-de-fumee-des-appareils-a-biomasse\/\">BIOM TOP - Tuburi pentru sobe pe pele\u021bi \u0219i pe lemne<\/a><\/strong><\/p>\n<p><strong><a href=\"https:\/\/amrtop.net\/ro\/categoria-de-produse\/canale-de-fum-2\/alutop-tube-en-aluminium-flexible-extensible\/\">ALU TOP - Tuburi de aluminiu extensibile<\/a><\/strong><strong>\u00a0 \u00a0<\/strong><\/p>","protected":false},"excerpt":{"rendered":"<p>Tuyau en acier inoxydable isol\u00e9 Kitop 7 -Kitop 9 \u2013 Kitop 11 Contenu \u00e0 l\u2019int\u00e9rieur des 1 Rouleau de Isotop-Flex 1 plaque pour flex 1 Collier de serrage pour flex 1 Accouplement Isotop rigide m\u00e2le 1 Raccord Isotop rigide femelle Caract\u00e9ristiques techniques: Double paroi int\u00e9rieure lisse INOX AISI 316L Paroi ext\u00e9rieure monoparete INOX AISI 304 [&hellip;]<\/p>\n","protected":false},"featured_media":32633,"comment_status":"open","ping_status":"closed","template":"","meta":[],"product_brand":[],"product_cat":[1536],"product_tag":[],"class_list":{"0":"post-30223","1":"product","2":"type-product","3":"status-publish","4":"has-post-thumbnail","6":"product_cat-tube-flexible-inox-aisi-316-l-interieur-lisse-isole","8":"first","9":"instock","10":"shipping-taxable","11":"purchasable","12":"product-type-variable"},"yoast_head":"<!-- This site is optimized with the Yoast SEO plugin v27.5 - https:\/\/yoast.com\/product\/yoast-seo-wordpress\/ -->\n<title>Tuyau en acier inoxydable isol\u00e9 Kitop 7 -Kitop 9 \u2013 Kitop 11<\/title>\n<meta name=\"description\" content=\"Tuyau en acier inoxydable isol\u00e9 Kitop 7 -Kitop 9 \u2013 Kitop 11 - Tuyau - Conduit d\u2019\u00e9vacuation - Conduit d\u2019\u00e9vacuation des fum\u00e9es - Syst\u00e8me d\u2019extraction des fum\u00e9es en acier inoxydable lisse \u00e0 l\u2019int\u00e9rieur flexible ondul\u00e9 \u00e0 l\u2019ext\u00e9rieur avec isolation interne avec accessoires pour flexible isol\u00e9\" \/>\n<meta name=\"robots\" content=\"index, follow, max-snippet:-1, max-image-preview:large, max-video-preview:-1\" \/>\n<link rel=\"canonical\" href=\"https:\/\/amrtop.net\/ro\/produs\/ifx114-kitop-de-7-9-11-metri\/\" \/>\n<meta property=\"og:locale\" content=\"ro_RO\" \/>\n<meta property=\"og:type\" content=\"article\" \/>\n<meta property=\"og:title\" content=\"Tuyau en acier inoxydable isol\u00e9 Kitop 7 -Kitop 9 \u2013 Kitop 11\" \/>\n<meta property=\"og:description\" content=\"Tuyau en acier inoxydable isol\u00e9 Kitop 7 -Kitop 9 \u2013 Kitop 11 - Tuyau - Conduit d\u2019\u00e9vacuation - Conduit d\u2019\u00e9vacuation des fum\u00e9es - Syst\u00e8me d\u2019extraction des fum\u00e9es en acier inoxydable lisse \u00e0 l\u2019int\u00e9rieur flexible ondul\u00e9 \u00e0 l\u2019ext\u00e9rieur avec isolation interne avec accessoires pour flexible isol\u00e9\" \/>\n<meta property=\"og:url\" content=\"https:\/\/amrtop.net\/ro\/produs\/ifx114-kitop-de-7-9-11-metri\/\" \/>\n<meta property=\"og:site_name\" content=\"AMRTOP B2B \u00c9tranger - Achats r\u00e9serv\u00e9s au professionnel\" \/>\n<meta property=\"article:modified_time\" content=\"2023-06-14T14:13:49+00:00\" \/>\n<meta property=\"og:image\" content=\"https:\/\/amrtop.net\/wp-content\/uploads\/2022\/06\/kitop7.jpg\" \/>\n\t<meta property=\"og:image:width\" content=\"640\" \/>\n\t<meta property=\"og:image:height\" content=\"640\" \/>\n\t<meta property=\"og:image:type\" content=\"image\/jpeg\" \/>\n<meta name=\"twitter:card\" content=\"summary_large_image\" \/>\n<meta name=\"twitter:label1\" content=\"Timp estimat pentru citire\" \/>\n\t<meta name=\"twitter:data1\" content=\"2 minute\" \/>\n<script type=\"application\/ld+json\" class=\"yoast-schema-graph\">{\"@context\":\"https:\\\/\\\/schema.org\",\"@graph\":[{\"@type\":\"WebPage\",\"@id\":\"https:\\\/\\\/amrtop.net\\\/produit\\\/ifx114-kitop-de-7-9-11-metres\\\/\",\"url\":\"https:\\\/\\\/amrtop.net\\\/produit\\\/ifx114-kitop-de-7-9-11-metres\\\/\",\"name\":\"Tuyau en acier inoxydable isol\u00e9 Kitop 7 -Kitop 9 \u2013 Kitop 11\",\"isPartOf\":{\"@id\":\"https:\\\/\\\/amrtop.net\\\/#website\"},\"primaryImageOfPage\":{\"@id\":\"https:\\\/\\\/amrtop.net\\\/produit\\\/ifx114-kitop-de-7-9-11-metres\\\/#primaryimage\"},\"image\":{\"@id\":\"https:\\\/\\\/amrtop.net\\\/produit\\\/ifx114-kitop-de-7-9-11-metres\\\/#primaryimage\"},\"thumbnailUrl\":\"https:\\\/\\\/amrtop.net\\\/wp-content\\\/uploads\\\/2022\\\/06\\\/kitop7.jpg\",\"datePublished\":\"2022-06-07T09:22:23+00:00\",\"dateModified\":\"2023-06-14T14:13:49+00:00\",\"description\":\"Tuyau en acier inoxydable isol\u00e9 Kitop 7 -Kitop 9 \u2013 Kitop 11 - Tuyau - Conduit d\u2019\u00e9vacuation - Conduit d\u2019\u00e9vacuation des fum\u00e9es - Syst\u00e8me d\u2019extraction des fum\u00e9es en acier inoxydable lisse \u00e0 l\u2019int\u00e9rieur flexible ondul\u00e9 \u00e0 l\u2019ext\u00e9rieur avec isolation interne avec accessoires pour flexible isol\u00e9\",\"breadcrumb\":{\"@id\":\"https:\\\/\\\/amrtop.net\\\/produit\\\/ifx114-kitop-de-7-9-11-metres\\\/#breadcrumb\"},\"inLanguage\":\"ro-RO\",\"potentialAction\":[{\"@type\":\"ReadAction\",\"target\":[\"https:\\\/\\\/amrtop.net\\\/produit\\\/ifx114-kitop-de-7-9-11-metres\\\/\"]}]},{\"@type\":\"ImageObject\",\"inLanguage\":\"ro-RO\",\"@id\":\"https:\\\/\\\/amrtop.net\\\/produit\\\/ifx114-kitop-de-7-9-11-metres\\\/#primaryimage\",\"url\":\"https:\\\/\\\/amrtop.net\\\/wp-content\\\/uploads\\\/2022\\\/06\\\/kitop7.jpg\",\"contentUrl\":\"https:\\\/\\\/amrtop.net\\\/wp-content\\\/uploads\\\/2022\\\/06\\\/kitop7.jpg\",\"width\":640,\"height\":640,\"caption\":\"Tuyau en acier inoxydable isol\u00e9 Kitop 7 -Kitop 9 \u2013 Kitop 11 - Tuyau - Conduit d\u2019\u00e9vacuation - Conduit d\u2019\u00e9vacuation des fum\u00e9es - Syst\u00e8me d\u2019extraction des fum\u00e9es en acier inoxydable lisse \u00e0 l\u2019int\u00e9rieur flexible ondul\u00e9 \u00e0 l\u2019ext\u00e9rieur avec isolation interne avec accessoires pour flexible isol\u00e9\"},{\"@type\":\"BreadcrumbList\",\"@id\":\"https:\\\/\\\/amrtop.net\\\/produit\\\/ifx114-kitop-de-7-9-11-metres\\\/#breadcrumb\",\"itemListElement\":[{\"@type\":\"ListItem\",\"position\":1,\"name\":\"Home\",\"item\":\"https:\\\/\\\/amrtop.net\\\/\"},{\"@type\":\"ListItem\",\"position\":2,\"name\":\"Shop\",\"item\":\"https:\\\/\\\/amrtop.net\\\/negozio\\\/\"},{\"@type\":\"ListItem\",\"position\":3,\"name\":\"IFX114&#8230; &#8211; KITOP de 7 &#8211; 9 &#8211; 11 M\u00e8tres\"}]},{\"@type\":\"WebSite\",\"@id\":\"https:\\\/\\\/amrtop.net\\\/#website\",\"url\":\"https:\\\/\\\/amrtop.net\\\/\",\"name\":\"AMRTOP B2B \u00c9tranger - Achats r\u00e9serv\u00e9s au professionnel\",\"description\":\"Pi\u00e8ces de rechange et accessoires pour po\u00eales et chaudi\u00e8res - eCommerce B2B pour Clients Professionnels\",\"potentialAction\":[{\"@type\":\"SearchAction\",\"target\":{\"@type\":\"EntryPoint\",\"urlTemplate\":\"https:\\\/\\\/amrtop.net\\\/?s={search_term_string}\"},\"query-input\":{\"@type\":\"PropertyValueSpecification\",\"valueRequired\":true,\"valueName\":\"search_term_string\"}}],\"inLanguage\":\"ro-RO\"}]}<\/script>\n<!-- \/ Yoast SEO plugin. -->","yoast_head_json":{"title":"Furtun izolat din o\u021bel inoxidabil Kitop 7 -Kitop 9 - Kitop 11","description":"\u021aeav\u0103 izolat\u0103 din o\u021bel inoxidabil Kitop 7 -Kitop 9 - Kitop 11 - \u021aeav\u0103 - \u021aeav\u0103 de fum - Sistem de evacuare a fumului - Sistem de evacuare a fumului din o\u021bel inoxidabil neted la interior Ondulat flexibil la exterior cu izola\u021bie intern\u0103 cu accesorii pentru furtun izolat","robots":{"index":"index","follow":"follow","max-snippet":"max-snippet:-1","max-image-preview":"max-image-preview:large","max-video-preview":"max-video-preview:-1"},"canonical":"https:\/\/amrtop.net\/ro\/produs\/ifx114-kitop-de-7-9-11-metri\/","og_locale":"ro_RO","og_type":"article","og_title":"Tuyau en acier inoxydable isol\u00e9 Kitop 7 -Kitop 9 \u2013 Kitop 11","og_description":"Tuyau en acier inoxydable isol\u00e9 Kitop 7 -Kitop 9 \u2013 Kitop 11 - Tuyau - Conduit d\u2019\u00e9vacuation - Conduit d\u2019\u00e9vacuation des fum\u00e9es - Syst\u00e8me d\u2019extraction des fum\u00e9es en acier inoxydable lisse \u00e0 l\u2019int\u00e9rieur flexible ondul\u00e9 \u00e0 l\u2019ext\u00e9rieur avec isolation interne avec accessoires pour flexible isol\u00e9","og_url":"https:\/\/amrtop.net\/ro\/produs\/ifx114-kitop-de-7-9-11-metri\/","og_site_name":"AMRTOP B2B \u00c9tranger - Achats r\u00e9serv\u00e9s au professionnel","article_modified_time":"2023-06-14T14:13:49+00:00","og_image":[{"width":640,"height":640,"url":"https:\/\/amrtop.net\/wp-content\/uploads\/2022\/06\/kitop7.jpg","type":"image\/jpeg"}],"twitter_card":"summary_large_image","twitter_misc":{"Timp estimat pentru citire":"2 minute"},"schema":{"@context":"https:\/\/schema.org","@graph":[{"@type":"WebPage","@id":"https:\/\/amrtop.net\/produit\/ifx114-kitop-de-7-9-11-metres\/","url":"https:\/\/amrtop.net\/produit\/ifx114-kitop-de-7-9-11-metres\/","name":"Furtun izolat din o\u021bel inoxidabil Kitop 7 -Kitop 9 - Kitop 11","isPartOf":{"@id":"https:\/\/amrtop.net\/#website"},"primaryImageOfPage":{"@id":"https:\/\/amrtop.net\/produit\/ifx114-kitop-de-7-9-11-metres\/#primaryimage"},"image":{"@id":"https:\/\/amrtop.net\/produit\/ifx114-kitop-de-7-9-11-metres\/#primaryimage"},"thumbnailUrl":"https:\/\/amrtop.net\/wp-content\/uploads\/2022\/06\/kitop7.jpg","datePublished":"2022-06-07T09:22:23+00:00","dateModified":"2023-06-14T14:13:49+00:00","description":"\u021aeav\u0103 izolat\u0103 din o\u021bel inoxidabil Kitop 7 -Kitop 9 - Kitop 11 - \u021aeav\u0103 - \u021aeav\u0103 de fum - Sistem de evacuare a fumului - Sistem de evacuare a fumului din o\u021bel inoxidabil neted la interior Ondulat flexibil la exterior cu izola\u021bie intern\u0103 cu accesorii pentru furtun izolat","breadcrumb":{"@id":"https:\/\/amrtop.net\/produit\/ifx114-kitop-de-7-9-11-metres\/#breadcrumb"},"inLanguage":"ro-RO","potentialAction":[{"@type":"ReadAction","target":["https:\/\/amrtop.net\/produit\/ifx114-kitop-de-7-9-11-metres\/"]}]},{"@type":"ImageObject","inLanguage":"ro-RO","@id":"https:\/\/amrtop.net\/produit\/ifx114-kitop-de-7-9-11-metres\/#primaryimage","url":"https:\/\/amrtop.net\/wp-content\/uploads\/2022\/06\/kitop7.jpg","contentUrl":"https:\/\/amrtop.net\/wp-content\/uploads\/2022\/06\/kitop7.jpg","width":640,"height":640,"caption":"Tuyau en acier inoxydable isol\u00e9 Kitop 7 -Kitop 9 \u2013 Kitop 11 - Tuyau - Conduit d\u2019\u00e9vacuation - Conduit d\u2019\u00e9vacuation des fum\u00e9es - Syst\u00e8me d\u2019extraction des fum\u00e9es en acier inoxydable lisse \u00e0 l\u2019int\u00e9rieur flexible ondul\u00e9 \u00e0 l\u2019ext\u00e9rieur avec isolation interne avec accessoires pour flexible isol\u00e9"},{"@type":"BreadcrumbList","@id":"https:\/\/amrtop.net\/produit\/ifx114-kitop-de-7-9-11-metres\/#breadcrumb","itemListElement":[{"@type":"ListItem","position":1,"name":"Home","item":"https:\/\/amrtop.net\/"},{"@type":"ListItem","position":2,"name":"Shop","item":"https:\/\/amrtop.net\/negozio\/"},{"@type":"ListItem","position":3,"name":"IFX114&#8230; &#8211; KITOP de 7 &#8211; 9 &#8211; 11 M\u00e8tres"}]},{"@type":"WebSite","@id":"https:\/\/amrtop.net\/#website","url":"https:\/\/amrtop.net\/","name":"AMRTOP B2B Abroad - Achizi\u021bii rezervate profesioni\u0219tilor","description":"Piese de schimb \u0219i accesorii pentru sobe \u0219i cazane - eCommerce B2B pentru clien\u021bi profesioni\u0219ti","potentialAction":[{"@type":"SearchAction","target":{"@type":"EntryPoint","urlTemplate":"https:\/\/amrtop.net\/?s={search_term_string}"},"query-input":{"@type":"PropertyValueSpecification","valueRequired":true,"valueName":"search_term_string"}}],"inLanguage":"ro-RO"}]}},"_links":{"self":[{"href":"https:\/\/amrtop.net\/ro\/wp-json\/wp\/v2\/product\/30223","targetHints":{"allow":["GET"]}}],"collection":[{"href":"https:\/\/amrtop.net\/ro\/wp-json\/wp\/v2\/product"}],"about":[{"href":"https:\/\/amrtop.net\/ro\/wp-json\/wp\/v2\/types\/product"}],"replies":[{"embeddable":true,"href":"https:\/\/amrtop.net\/ro\/wp-json\/wp\/v2\/comments?post=30223"}],"wp:featuredmedia":[{"embeddable":true,"href":"https:\/\/amrtop.net\/ro\/wp-json\/wp\/v2\/media\/32633"}],"wp:attachment":[{"href":"https:\/\/amrtop.net\/ro\/wp-json\/wp\/v2\/media?parent=30223"}],"wp:term":[{"taxonomy":"product_brand","embeddable":true,"href":"https:\/\/amrtop.net\/ro\/wp-json\/wp\/v2\/product_brand?post=30223"},{"taxonomy":"product_cat","embeddable":true,"href":"https:\/\/amrtop.net\/ro\/wp-json\/wp\/v2\/product_cat?post=30223"},{"taxonomy":"product_tag","embeddable":true,"href":"https:\/\/amrtop.net\/ro\/wp-json\/wp\/v2\/product_tag?post=30223"}],"curies":[{"name":"wp","href":"https:\/\/api.w.org\/{rel}","templated":true}]}}