{"id":30732,"date":"2022-06-08T07:50:24","date_gmt":"2022-06-08T07:50:24","guid":{"rendered":"https:\/\/amrtop.com\/B2B\/?post_type=product&#038;p=30732"},"modified":"2023-06-16T13:01:23","modified_gmt":"2023-06-16T13:01:23","slug":"partenza-coassiale-con-prelievo-fumi-2","status":"publish","type":"product","link":"https:\/\/amrtop.net\/ro\/produit\/partenza-coassiale-con-prelievo-fumi-2\/","title":{"rendered":"CXPG1042 &#8211; D\u00e9parte vertical coaxial avec pr\u00e9l\u00e8vement des fum\u00e9es"},"content":{"rendered":"<h3><strong>D\u00e9parte vertical coaxial CXPG1042<\/strong><\/h3>\n<p><strong>Ie\u0219iri verticale coaxiale \u00f8 60 - 100 mm cu evacuare a fumului<\/strong><\/p>\n<p>Co\u0219urile verticale coaxiale cu extrac\u021bie a gazelor de ardere sunt de 60 mm - pl es 100 mm, 80 mm - \u0219i 125 mm pentru cazanele cu condensare.<\/p>\n<p>Distribuitoarele coaxiale cu racordare la gaze de ardere sunt prev\u0103zute cu o conexiune la cazan.<\/p>\n<ul>\n<li>Grosimea materialului: Aluminiu interior 1 mm \u0219i aluminiu exterior 1,2 mm<\/li>\n<li>Tipul de material: interior din aluminiu \u0219i exterior din aluminiu alb<\/li>\n<li>Diametre tuburi: pl 60 mm - pl 100 mm<\/li>\n<li>Culoare exterioar\u0103 \u0219i interioar\u0103: alb lucios<\/li>\n<\/ul>\n<h3><strong>Potrivit pentru cazane pe gaz :<\/strong><\/h3>\n<p>Cosmogas<\/p>\n<h3><strong>Utilisation de D\u00e9parte vertical coaxial\u00a0<\/strong><strong>CXPG1042<\/strong><\/h3>\n<p>Acest sistem coaxial de evacuare a gazelor de ardere este utilizat exclusiv pentru generatoarele de c\u0103ldur\u0103 civile care func\u021bioneaz\u0103 cu combustibili gazo\u0219i tradi\u021bionali. Temperatura maxim\u0103 a gazelor de ardere nu trebuie s\u0103 dep\u0103\u0219easc\u0103 200 oC, cu v\u00e2rfuri maxime permise de 250 oC.<\/p>\n<h3><strong>Gama de sisteme de fum AMR TOP\u00a0\u00a0\u00a0\u00a0\u00a0\u00a0 <\/strong><\/h3>\n<p><a href=\"https:\/\/amrtop.net\/ro\/categoria-de-produse\/canale-de-fum-2\/tuyaux-flexibles-en-acier-inoxydable\/\"><strong>TOP FLEX SP - Tuburi flexibile din o\u021bel inoxidabil ondulat cu perete simplu \u0219i dublu<\/strong><\/a><\/p>\n<p><a href=\"https:\/\/amrtop.net\/ro\/categoria-de-produse\/canale-de-fum-2\/tube-rigide-monoparete-en-acier-inoxydable\/\"><strong>SP - AISI 316L din o\u021bel inoxidabil cu un singur perete tub rigid<\/strong><\/a><\/p>\n<p><a href=\"https:\/\/amrtop.net\/ro\/categoria-de-produse\/canale-de-fum-2\/tube-flexible-inox-aisi-316-l-interieur-lisse-isole\/\"><strong>ISOTOP FLEX - \u021aeav\u0103 flexibil\u0103 izolat\u0103 din o\u021bel inoxidabil AISI 316L cu interior neted \u0219i izolat \u00a0<\/strong><\/a><\/p>\n<p><a href=\"https:\/\/amrtop.net\/ro\/categoria-de-produse\/canale-de-fum-2\/dp-air-tube-double-paroi-inox-a-chambre-dair\/\"><strong>DP AIR - Tub din o\u021bel inoxidabil cu pere\u021bi dubli cu camer\u0103 de aer<\/strong><\/a><\/p>\n<p><a href=\"https:\/\/amrtop.net\/ro\/categoria-de-produse\/canale-de-fum-2\/tube-coaxial-inox\/\"><strong>DP - \u021aeav\u0103 izolat\u0103 cu perete dublu 10 mm - 25 mm<\/strong><\/a><\/p>\n<p><a href=\"https:\/\/amrtop.net\/ro\/categoria-de-produse\/canale-de-fum-2\/tube-coaxial-inox\/\"><strong>COAX TOP - \u021aeav\u0103 coaxial\u0103 din o\u021bel inoxidabil \u00een PPS \u0219i PPS\/ O\u021bel inoxidabil<\/strong><\/a><\/p>\n<p><a href=\"https:\/\/amrtop.net\/ro\/categoria-de-produse\/canale-de-fum-2\/tuyau-coaxial-inox-inox-black\/\"><strong>COAX PELLET - Tub coaxial din o\u021bel inoxidabil<\/strong><\/a><\/p>\n<p><strong><a href=\"https:\/\/amrtop.net\/ro\/categoria-de-produse\/canale-de-fum-2\/conduits-de-fumee-des-appareils-a-biomasse\/\">BIOM TOP - Tuburi pentru sobe pe pele\u021bi \u0219i pe lemne<\/a><\/strong><\/p>\n<p><strong><a href=\"https:\/\/amrtop.net\/ro\/categoria-de-produse\/canale-de-fum-2\/alutop-tube-en-aluminium-flexible-extensible\/\">ALU TOP - Tuburi de aluminiu extensibile<\/a><\/strong><\/p>\n<p>&nbsp;<\/p>","protected":false},"excerpt":{"rendered":"<p>D\u00e9parte vertical coaxial CXPG1042 D\u00e9parts verticaux coaxiaux \u00f8 60 &#8211; 100 mm avec pr\u00e9l\u00e8vement des fum\u00e9es Les d\u00e9parts verticaux coaxiaux avec pr\u00e9l\u00e8vement des fum\u00e9es sont de 60 mm &#8211; pl es 100 mm, de 80 mm &#8211; et de 125 mm pour chaudi\u00e8res \u00e0 condensation. Les r\u00e9partiteurs coaxiaux avec pr\u00e9l\u00e8vement des fum\u00e9es sont \u00e9quip\u00e9s d\u2019un [&hellip;]<\/p>\n","protected":false},"featured_media":33505,"comment_status":"open","ping_status":"closed","template":"","meta":[],"product_brand":[],"product_cat":[1542,1546,1564],"product_tag":[],"class_list":{"0":"post-30732","1":"product","2":"type-product","3":"status-publish","4":"has-post-thumbnail","6":"product_cat-tube-coaxial-inox","7":"product_cat-cxp-gas-kit-kits-coaxiaux-et-accessoires-pour-chaudieres-a-condensation","8":"product_cat-departe-vertical-coaxial-avec-prelevement-des-fumees","10":"first","11":"instock","12":"shipping-taxable","13":"purchasable","14":"product-type-simple"},"yoast_head":"<!-- This site is optimized with the Yoast SEO plugin v27.4 - https:\/\/yoast.com\/product\/yoast-seo-wordpress\/ -->\n<title>D\u00e9parte vertical coaxial CXPG104<\/title>\n<meta name=\"description\" content=\"D\u00e9parte vertical coaxial CXPG104 - D\u00e9marrage vertical coaxial CXP-GAS-KIT est utilis\u00e9 exclusivement pour les g\u00e9n\u00e9rateurs de chaleur civils fonctionnant avec des combustibles\" \/>\n<meta name=\"robots\" content=\"index, follow, max-snippet:-1, max-image-preview:large, max-video-preview:-1\" \/>\n<link rel=\"canonical\" href=\"https:\/\/amrtop.net\/ro\/produs\/partenza-coassiale-con-prelievo-fumi-2\/\" \/>\n<meta property=\"og:locale\" content=\"ro_RO\" \/>\n<meta property=\"og:type\" content=\"article\" \/>\n<meta property=\"og:title\" content=\"D\u00e9parte vertical coaxial CXPG104\" \/>\n<meta property=\"og:description\" content=\"D\u00e9parte vertical coaxial CXPG104 - D\u00e9marrage vertical coaxial CXP-GAS-KIT est utilis\u00e9 exclusivement pour les g\u00e9n\u00e9rateurs de chaleur civils fonctionnant avec des combustibles\" \/>\n<meta property=\"og:url\" content=\"https:\/\/amrtop.net\/ro\/produs\/partenza-coassiale-con-prelievo-fumi-2\/\" \/>\n<meta property=\"og:site_name\" content=\"AMRTOP B2B \u00c9tranger - Achats r\u00e9serv\u00e9s au professionnel\" \/>\n<meta property=\"article:modified_time\" content=\"2023-06-16T13:01:23+00:00\" \/>\n<meta property=\"og:image\" content=\"https:\/\/amrtop.net\/wp-content\/uploads\/2022\/06\/cxpg1041.jpg\" \/>\n\t<meta property=\"og:image:width\" content=\"640\" \/>\n\t<meta property=\"og:image:height\" content=\"640\" \/>\n\t<meta property=\"og:image:type\" content=\"image\/jpeg\" \/>\n<meta name=\"twitter:card\" content=\"summary_large_image\" \/>\n<meta name=\"twitter:label1\" content=\"Timp estimat pentru citire\" \/>\n\t<meta name=\"twitter:data1\" content=\"4 minute\" \/>\n<script type=\"application\/ld+json\" class=\"yoast-schema-graph\">{\"@context\":\"https:\\\/\\\/schema.org\",\"@graph\":[{\"@type\":\"WebPage\",\"@id\":\"https:\\\/\\\/amrtop.net\\\/produit\\\/partenza-coassiale-con-prelievo-fumi-2\\\/\",\"url\":\"https:\\\/\\\/amrtop.net\\\/produit\\\/partenza-coassiale-con-prelievo-fumi-2\\\/\",\"name\":\"D\u00e9parte vertical coaxial CXPG104\",\"isPartOf\":{\"@id\":\"https:\\\/\\\/amrtop.net\\\/#website\"},\"primaryImageOfPage\":{\"@id\":\"https:\\\/\\\/amrtop.net\\\/produit\\\/partenza-coassiale-con-prelievo-fumi-2\\\/#primaryimage\"},\"image\":{\"@id\":\"https:\\\/\\\/amrtop.net\\\/produit\\\/partenza-coassiale-con-prelievo-fumi-2\\\/#primaryimage\"},\"thumbnailUrl\":\"https:\\\/\\\/amrtop.net\\\/wp-content\\\/uploads\\\/2022\\\/06\\\/cxpg1041.jpg\",\"datePublished\":\"2022-06-08T07:50:24+00:00\",\"dateModified\":\"2023-06-16T13:01:23+00:00\",\"description\":\"D\u00e9parte vertical coaxial CXPG104 - D\u00e9marrage vertical coaxial CXP-GAS-KIT est utilis\u00e9 exclusivement pour les g\u00e9n\u00e9rateurs de chaleur civils fonctionnant avec des combustibles\",\"breadcrumb\":{\"@id\":\"https:\\\/\\\/amrtop.net\\\/produit\\\/partenza-coassiale-con-prelievo-fumi-2\\\/#breadcrumb\"},\"inLanguage\":\"ro-RO\",\"potentialAction\":[{\"@type\":\"ReadAction\",\"target\":[\"https:\\\/\\\/amrtop.net\\\/produit\\\/partenza-coassiale-con-prelievo-fumi-2\\\/\"]}]},{\"@type\":\"ImageObject\",\"inLanguage\":\"ro-RO\",\"@id\":\"https:\\\/\\\/amrtop.net\\\/produit\\\/partenza-coassiale-con-prelievo-fumi-2\\\/#primaryimage\",\"url\":\"https:\\\/\\\/amrtop.net\\\/wp-content\\\/uploads\\\/2022\\\/06\\\/cxpg1041.jpg\",\"contentUrl\":\"https:\\\/\\\/amrtop.net\\\/wp-content\\\/uploads\\\/2022\\\/06\\\/cxpg1041.jpg\",\"width\":640,\"height\":640,\"caption\":\"D\u00e9parte vertical coaxial CXPG104 - D\u00e9marrage vertical coaxial CXP-GAS-KIT est utilis\u00e9 exclusivement pour les g\u00e9n\u00e9rateurs de chaleur civils fonctionnant avec des combustibles\"},{\"@type\":\"BreadcrumbList\",\"@id\":\"https:\\\/\\\/amrtop.net\\\/produit\\\/partenza-coassiale-con-prelievo-fumi-2\\\/#breadcrumb\",\"itemListElement\":[{\"@type\":\"ListItem\",\"position\":1,\"name\":\"Home\",\"item\":\"https:\\\/\\\/amrtop.net\\\/\"},{\"@type\":\"ListItem\",\"position\":2,\"name\":\"Shop\",\"item\":\"https:\\\/\\\/amrtop.net\\\/negozio\\\/\"},{\"@type\":\"ListItem\",\"position\":3,\"name\":\"CXPG1042 &#8211; D\u00e9parte vertical coaxial avec pr\u00e9l\u00e8vement des fum\u00e9es\"}]},{\"@type\":\"WebSite\",\"@id\":\"https:\\\/\\\/amrtop.net\\\/#website\",\"url\":\"https:\\\/\\\/amrtop.net\\\/\",\"name\":\"AMRTOP B2B \u00c9tranger - Achats r\u00e9serv\u00e9s au professionnel\",\"description\":\"Pi\u00e8ces de rechange et accessoires pour po\u00eales et chaudi\u00e8res - eCommerce B2B pour Clients Professionnels\",\"potentialAction\":[{\"@type\":\"SearchAction\",\"target\":{\"@type\":\"EntryPoint\",\"urlTemplate\":\"https:\\\/\\\/amrtop.net\\\/?s={search_term_string}\"},\"query-input\":{\"@type\":\"PropertyValueSpecification\",\"valueRequired\":true,\"valueName\":\"search_term_string\"}}],\"inLanguage\":\"ro-RO\"}]}<\/script>\n<!-- \/ Yoast SEO plugin. -->","yoast_head_json":{"title":"D\u00e9parte vertical coaxial CXPG104","description":"Demaror coaxial vertical CXPG104 - Demarorul coaxial vertical CXP-GAS-KIT este utilizat exclusiv pentru generatoarele de c\u0103ldur\u0103 civile care func\u021bioneaz\u0103 pe baz\u0103 de combustibili.","robots":{"index":"index","follow":"follow","max-snippet":"max-snippet:-1","max-image-preview":"max-image-preview:large","max-video-preview":"max-video-preview:-1"},"canonical":"https:\/\/amrtop.net\/ro\/produs\/partenza-coassiale-con-prelievo-fumi-2\/","og_locale":"ro_RO","og_type":"article","og_title":"D\u00e9parte vertical coaxial CXPG104","og_description":"D\u00e9parte vertical coaxial CXPG104 - D\u00e9marrage vertical coaxial CXP-GAS-KIT est utilis\u00e9 exclusivement pour les g\u00e9n\u00e9rateurs de chaleur civils fonctionnant avec des combustibles","og_url":"https:\/\/amrtop.net\/ro\/produs\/partenza-coassiale-con-prelievo-fumi-2\/","og_site_name":"AMRTOP B2B \u00c9tranger - Achats r\u00e9serv\u00e9s au professionnel","article_modified_time":"2023-06-16T13:01:23+00:00","og_image":[{"width":640,"height":640,"url":"https:\/\/amrtop.net\/wp-content\/uploads\/2022\/06\/cxpg1041.jpg","type":"image\/jpeg"}],"twitter_card":"summary_large_image","twitter_misc":{"Timp estimat pentru citire":"4 minute"},"schema":{"@context":"https:\/\/schema.org","@graph":[{"@type":"WebPage","@id":"https:\/\/amrtop.net\/produit\/partenza-coassiale-con-prelievo-fumi-2\/","url":"https:\/\/amrtop.net\/produit\/partenza-coassiale-con-prelievo-fumi-2\/","name":"D\u00e9parte vertical coaxial CXPG104","isPartOf":{"@id":"https:\/\/amrtop.net\/#website"},"primaryImageOfPage":{"@id":"https:\/\/amrtop.net\/produit\/partenza-coassiale-con-prelievo-fumi-2\/#primaryimage"},"image":{"@id":"https:\/\/amrtop.net\/produit\/partenza-coassiale-con-prelievo-fumi-2\/#primaryimage"},"thumbnailUrl":"https:\/\/amrtop.net\/wp-content\/uploads\/2022\/06\/cxpg1041.jpg","datePublished":"2022-06-08T07:50:24+00:00","dateModified":"2023-06-16T13:01:23+00:00","description":"Demaror coaxial vertical CXPG104 - Demarorul coaxial vertical CXP-GAS-KIT este utilizat exclusiv pentru generatoarele de c\u0103ldur\u0103 civile care func\u021bioneaz\u0103 pe baz\u0103 de combustibili.","breadcrumb":{"@id":"https:\/\/amrtop.net\/produit\/partenza-coassiale-con-prelievo-fumi-2\/#breadcrumb"},"inLanguage":"ro-RO","potentialAction":[{"@type":"ReadAction","target":["https:\/\/amrtop.net\/produit\/partenza-coassiale-con-prelievo-fumi-2\/"]}]},{"@type":"ImageObject","inLanguage":"ro-RO","@id":"https:\/\/amrtop.net\/produit\/partenza-coassiale-con-prelievo-fumi-2\/#primaryimage","url":"https:\/\/amrtop.net\/wp-content\/uploads\/2022\/06\/cxpg1041.jpg","contentUrl":"https:\/\/amrtop.net\/wp-content\/uploads\/2022\/06\/cxpg1041.jpg","width":640,"height":640,"caption":"D\u00e9parte vertical coaxial CXPG104 - D\u00e9marrage vertical coaxial CXP-GAS-KIT est utilis\u00e9 exclusivement pour les g\u00e9n\u00e9rateurs de chaleur civils fonctionnant avec des combustibles"},{"@type":"BreadcrumbList","@id":"https:\/\/amrtop.net\/produit\/partenza-coassiale-con-prelievo-fumi-2\/#breadcrumb","itemListElement":[{"@type":"ListItem","position":1,"name":"Home","item":"https:\/\/amrtop.net\/"},{"@type":"ListItem","position":2,"name":"Shop","item":"https:\/\/amrtop.net\/negozio\/"},{"@type":"ListItem","position":3,"name":"CXPG1042 &#8211; D\u00e9parte vertical coaxial avec pr\u00e9l\u00e8vement des fum\u00e9es"}]},{"@type":"WebSite","@id":"https:\/\/amrtop.net\/#website","url":"https:\/\/amrtop.net\/","name":"AMRTOP B2B Abroad - Achizi\u021bii rezervate profesioni\u0219tilor","description":"Piese de schimb \u0219i accesorii pentru sobe \u0219i cazane - eCommerce B2B pentru clien\u021bi profesioni\u0219ti","potentialAction":[{"@type":"SearchAction","target":{"@type":"EntryPoint","urlTemplate":"https:\/\/amrtop.net\/?s={search_term_string}"},"query-input":{"@type":"PropertyValueSpecification","valueRequired":true,"valueName":"search_term_string"}}],"inLanguage":"ro-RO"}]}},"_links":{"self":[{"href":"https:\/\/amrtop.net\/ro\/wp-json\/wp\/v2\/product\/30732","targetHints":{"allow":["GET"]}}],"collection":[{"href":"https:\/\/amrtop.net\/ro\/wp-json\/wp\/v2\/product"}],"about":[{"href":"https:\/\/amrtop.net\/ro\/wp-json\/wp\/v2\/types\/product"}],"replies":[{"embeddable":true,"href":"https:\/\/amrtop.net\/ro\/wp-json\/wp\/v2\/comments?post=30732"}],"wp:featuredmedia":[{"embeddable":true,"href":"https:\/\/amrtop.net\/ro\/wp-json\/wp\/v2\/media\/33505"}],"wp:attachment":[{"href":"https:\/\/amrtop.net\/ro\/wp-json\/wp\/v2\/media?parent=30732"}],"wp:term":[{"taxonomy":"product_brand","embeddable":true,"href":"https:\/\/amrtop.net\/ro\/wp-json\/wp\/v2\/product_brand?post=30732"},{"taxonomy":"product_cat","embeddable":true,"href":"https:\/\/amrtop.net\/ro\/wp-json\/wp\/v2\/product_cat?post=30732"},{"taxonomy":"product_tag","embeddable":true,"href":"https:\/\/amrtop.net\/ro\/wp-json\/wp\/v2\/product_tag?post=30732"}],"curies":[{"name":"wp","href":"https:\/\/api.w.org\/{rel}","templated":true}]}}