{"id":30816,"date":"2022-06-08T12:21:57","date_gmt":"2022-06-08T12:21:57","guid":{"rendered":"https:\/\/amrtop.com\/B2B\/?post_type=product&#038;p=30816"},"modified":"2023-06-16T09:46:48","modified_gmt":"2023-06-16T09:46:48","slug":"conduit-separe-pp-80-80-sans-prelevement-fumees-4","status":"publish","type":"product","link":"https:\/\/amrtop.net\/ro\/produit\/conduit-separe-pp-80-80-sans-prelevement-fumees-4\/","title":{"rendered":"CXPG1856 &#8211; Kit conduit s\u00e9par\u00e9 en PP 80-80 sans pr\u00e9l\u00e8vement de fum\u00e9es"},"content":{"rendered":"<p><strong>Potrivit pentru cazane pe gaz<\/strong>\u00a0 : Italtherm &#8211; Mcm &#8211; Baltur<\/p>\n<p><strong>Couillon inf\u00e9rieur \u00d8 60 h 20 mm<\/strong><\/p>\n<h3>Conduct\u0103 separat\u0103 PP-80-80 f\u0103r\u0103 evacuare a fumului<\/h3>\n<p><strong>KIT SEPARAT DE EVACUARE A FUMULUI PP-80-80 F\u0102R\u0102 EVACUARE A FUMULUI (LA CERERE)<\/strong><\/p>\n<p>PPS este un sistem de co\u0219 de fum cu un singur perete EN14471 T120 P1 sau W 2 010 i l\/l din polipropilen\u0103 (PPS) cu grosime de 2 mm, cu autoextinc\u021bie, utilizat \u00een sectorul casnic pentru evacuarea produselor de ardere (fum) generate de cazanele \u00een condensare. Produsul este marcat CE \u00een conformitate cu standardul EN 14471. Produsul este marcat CE \u00een conformitate cu standardul EN 14471. potrivit pentru utilizarea \u00een sisteme cu temperaturi de func\u021bionare sub 120\u00b0C, cu garnitur\u0103 de silicon. \u00eembinare cu racord de tip muf\u0103 mascul\/femel\u0103 cu prevedere pentru garnitur\u0103 de silicon (furnizat\u0103 cu) \u00eembinare mecanic\u0103 cu clem\u0103 pentru furtun.<\/p>\n<h3>Tipul de combustibil:<\/h3>\n<p>Gaz<\/p>\n<h3>Compatibil cu urm\u0103torii produc\u0103tori<\/h3>\n<p>Ferroli - Baltur - Biasi - Radiant - Joannes - Ici - Savio - Unical - Euroterm- Arca - Lamborghini - Sime - Fondital - Stargas - Mcn - Italtherm - Artherm - Beretta - Riello - Sylber - Baxi - Argo - Roca - Viessmann - Bosch - Junkers - Vaillant - Chaffeteaux - Ariston - Radi - Simat - NewFar - Ecoflam - Elco - Saunier Duval - Hermann - Cosmogas - Intergas - Atlantique<\/p>\n<h3>Utilizarea conductei separate PP-80-80 f\u0103r\u0103 evacuare a fumului<\/h3>\n<p>\u00cen sectorul casnic se utilizeaz\u0103 co\u0219uri de fum separate cu extragere a fumului pentru evacuarea produselor de ardere (fum) generate de cazanele cu condensare. Produsul este marcat CE \u00een conformitate cu EN 14471. Poate fi utilizat \u00een sisteme cu temperaturi de func\u021bionare sub 120 \u00baC.<\/p>\n<h3><strong>Interior<\/strong><\/h3>\n<p><a href=\"https:\/\/wekos.it\/\">Sobe, aragazuri \u0219i aragazuri pe lemne<\/a>\u00a0-\u00a0<a href=\"https:\/\/www.greenpuros.com\/\">\u0219eminee, sobe \u0219i cazane pe pele\u021bi.<\/a><\/p>\n<p><b>Gama de sisteme de fum AMR TOP\u00a0<\/b><\/p>\n<p><a href=\"https:\/\/amrtop.net\/ro\/categoria-de-produse\/canale-de-fum-2\/tuyaux-flexibles-en-acier-inoxydable\/\"><b>TOP FLEX SP - Tuburi flexibile din o\u021bel inoxidabil ondulat cu perete simplu \u0219i dublu<\/b><\/a><\/p>\n<p><a href=\"https:\/\/amrtop.net\/ro\/categoria-de-produse\/canale-de-fum-2\/tube-rigide-monoparete-en-acier-inoxydable\/\"><b>SP - AISI 316L din o\u021bel inoxidabil cu un singur perete tub rigid<\/b><\/a><\/p>\n<p><a href=\"https:\/\/amrtop.net\/ro\/categoria-de-produse\/canale-de-fum-2\/tube-flexible-inox-aisi-316-l-interieur-lisse-isole\/\"><b>ISOTOP FLEX - \u021aeav\u0103 flexibil\u0103 izolat\u0103 din o\u021bel inoxidabil AISI 316L cu interior neted \u0219i izolat \u00a0<\/b><\/a><\/p>\n<p><a href=\"https:\/\/amrtop.net\/ro\/categoria-de-produse\/canale-de-fum-2\/dp-air-tube-double-paroi-inox-a-chambre-dair\/\"><b>DP AIR - Tub din o\u021bel inoxidabil cu pere\u021bi dubli cu camer\u0103 de aer<\/b><\/a><\/p>\n<p><a href=\"https:\/\/amrtop.net\/ro\/categoria-de-produse\/canale-de-fum-2\/tube-coaxial-inox\/\"><b>DP - \u021aeav\u0103 izolat\u0103 cu perete dublu 10 mm - 25 mm<\/b><\/a><\/p>\n<p><a href=\"https:\/\/amrtop.net\/ro\/categoria-de-produse\/canale-de-fum-2\/tube-coaxial-inox\/\"><b>COAX TOP - \u021aeav\u0103 coaxial\u0103 din o\u021bel inoxidabil \u00een PPS \u0219i PPS\/ O\u021bel inoxidabil<\/b><\/a><\/p>\n<p><a href=\"https:\/\/amrtop.net\/ro\/categoria-de-produse\/canale-de-fum-2\/tuyau-coaxial-inox-inox-black\/\"><b>COAX PELLET - Tub coaxial din o\u021bel inoxidabil<\/b><\/a><\/p>\n<p><a href=\"https:\/\/amrtop.net\/ro\/categoria-de-produse\/canale-de-fum-2\/conduits-de-fumee-des-appareils-a-biomasse\/\"><b>BIOM TOP - Tuburi pentru sobe pe pele\u021bi \u0219i pe lemne<\/b><\/a><\/p>\n<p><a href=\"https:\/\/amrtop.net\/ro\/categoria-de-produse\/canale-de-fum-2\/alutop-tube-en-aluminium-flexible-extensible\/\"><b>ALU TOP - Tub flexibil extensibil din aluminiu<\/b><\/a><b>\u00a0 \u00a0 \u00a0 \u00a0 \u00a0 \u00a0 \u00a0 \u00a0 \u00a0 \u00a0 \u00a0 \u00a0 \u00a0\u00a0<\/b><\/p>\n<p>&nbsp;<\/p>","protected":false},"excerpt":{"rendered":"<p>Adaptables aux chaudi\u00e8res \u00e0 gaz\u00a0 : Italtherm &#8211; Mcm &#8211; Baltur Couillon inf\u00e9rieur \u00d8 60 h 20 mm Conduit s\u00e9par\u00e9 PP-80-80 sans-pr\u00e9l\u00e8vement-fum\u00e9es KIT CONDUIT S\u00c9PAR\u00c9\u00a0 PP-80-80 SANS-PR\u00c9L\u00c8VEMENT DES FUM\u00c9ES (SUR DEMANDE) PPS est un syst\u00e8me de chemin\u00e9e EN14471 T120 P1 ou W 2\u00a0010 i l\/l \u00e0 paroi simple construit en polypropyl\u00e8ne (PPS) auto-extinguible 2 mm [&hellip;]<\/p>\n","protected":false},"featured_media":33513,"comment_status":"open","ping_status":"closed","template":"","meta":[],"product_brand":[],"product_cat":[1542,1546,1567],"product_tag":[],"class_list":{"0":"post-30816","1":"product","2":"type-product","3":"status-publish","4":"has-post-thumbnail","6":"product_cat-tube-coaxial-inox","7":"product_cat-cxp-gas-kit-kits-coaxiaux-et-accessoires-pour-chaudieres-a-condensation","8":"product_cat-conduits-separes-avec-prelevement-des-fumees","10":"first","11":"instock","12":"shipping-taxable","13":"purchasable","14":"product-type-simple"},"yoast_head":"<!-- This site is optimized with the Yoast SEO plugin v27.4 - https:\/\/yoast.com\/product\/yoast-seo-wordpress\/ -->\n<title>Conduit s\u00e9par\u00e9 PP-80-80 sans-pr\u00e9l\u00e8vement-fum\u00e9es<\/title>\n<meta name=\"description\" content=\"Conduit s\u00e9par\u00e9 PP-80-80 sans-pr\u00e9l\u00e8vement-fum\u00e9es est utilis\u00e9 dans le secteur domestique d\u2019\u00e9vacuation des produits de combustion (fum\u00e9es)\" \/>\n<meta name=\"robots\" content=\"index, follow, max-snippet:-1, max-image-preview:large, max-video-preview:-1\" \/>\n<link rel=\"canonical\" href=\"https:\/\/amrtop.net\/ro\/produs\/conduit-separe-pp-80-80-sans-prelevement-fumees-4\/\" \/>\n<meta property=\"og:locale\" content=\"ro_RO\" \/>\n<meta property=\"og:type\" content=\"article\" \/>\n<meta property=\"og:title\" content=\"Conduit s\u00e9par\u00e9 PP-80-80 sans-pr\u00e9l\u00e8vement-fum\u00e9es\" \/>\n<meta property=\"og:description\" content=\"Conduit s\u00e9par\u00e9 PP-80-80 sans-pr\u00e9l\u00e8vement-fum\u00e9es est utilis\u00e9 dans le secteur domestique d\u2019\u00e9vacuation des produits de combustion (fum\u00e9es)\" \/>\n<meta property=\"og:url\" content=\"https:\/\/amrtop.net\/ro\/produs\/conduit-separe-pp-80-80-sans-prelevement-fumees-4\/\" \/>\n<meta property=\"og:site_name\" content=\"AMRTOP B2B \u00c9tranger - Achats r\u00e9serv\u00e9s au professionnel\" \/>\n<meta property=\"article:modified_time\" content=\"2023-06-16T09:46:48+00:00\" \/>\n<meta property=\"og:image\" content=\"https:\/\/amrtop.net\/wp-content\/uploads\/2022\/06\/cxpg1850-52-54-56-70.jpg\" \/>\n\t<meta property=\"og:image:width\" content=\"640\" \/>\n\t<meta property=\"og:image:height\" content=\"640\" \/>\n\t<meta property=\"og:image:type\" content=\"image\/jpeg\" \/>\n<meta name=\"twitter:card\" content=\"summary_large_image\" \/>\n<meta name=\"twitter:label1\" content=\"Timp estimat pentru citire\" \/>\n\t<meta name=\"twitter:data1\" content=\"2 minute\" \/>\n<script type=\"application\/ld+json\" class=\"yoast-schema-graph\">{\"@context\":\"https:\\\/\\\/schema.org\",\"@graph\":[{\"@type\":\"WebPage\",\"@id\":\"https:\\\/\\\/amrtop.net\\\/produit\\\/conduit-separe-pp-80-80-sans-prelevement-fumees-4\\\/\",\"url\":\"https:\\\/\\\/amrtop.net\\\/produit\\\/conduit-separe-pp-80-80-sans-prelevement-fumees-4\\\/\",\"name\":\"Conduit s\u00e9par\u00e9 PP-80-80 sans-pr\u00e9l\u00e8vement-fum\u00e9es\",\"isPartOf\":{\"@id\":\"https:\\\/\\\/amrtop.net\\\/#website\"},\"primaryImageOfPage\":{\"@id\":\"https:\\\/\\\/amrtop.net\\\/produit\\\/conduit-separe-pp-80-80-sans-prelevement-fumees-4\\\/#primaryimage\"},\"image\":{\"@id\":\"https:\\\/\\\/amrtop.net\\\/produit\\\/conduit-separe-pp-80-80-sans-prelevement-fumees-4\\\/#primaryimage\"},\"thumbnailUrl\":\"https:\\\/\\\/amrtop.net\\\/wp-content\\\/uploads\\\/2022\\\/06\\\/cxpg1850-52-54-56-70.jpg\",\"datePublished\":\"2022-06-08T12:21:57+00:00\",\"dateModified\":\"2023-06-16T09:46:48+00:00\",\"description\":\"Conduit s\u00e9par\u00e9 PP-80-80 sans-pr\u00e9l\u00e8vement-fum\u00e9es est utilis\u00e9 dans le secteur domestique d\u2019\u00e9vacuation des produits de combustion (fum\u00e9es)\",\"breadcrumb\":{\"@id\":\"https:\\\/\\\/amrtop.net\\\/produit\\\/conduit-separe-pp-80-80-sans-prelevement-fumees-4\\\/#breadcrumb\"},\"inLanguage\":\"ro-RO\",\"potentialAction\":[{\"@type\":\"ReadAction\",\"target\":[\"https:\\\/\\\/amrtop.net\\\/produit\\\/conduit-separe-pp-80-80-sans-prelevement-fumees-4\\\/\"]}]},{\"@type\":\"ImageObject\",\"inLanguage\":\"ro-RO\",\"@id\":\"https:\\\/\\\/amrtop.net\\\/produit\\\/conduit-separe-pp-80-80-sans-prelevement-fumees-4\\\/#primaryimage\",\"url\":\"https:\\\/\\\/amrtop.net\\\/wp-content\\\/uploads\\\/2022\\\/06\\\/cxpg1850-52-54-56-70.jpg\",\"contentUrl\":\"https:\\\/\\\/amrtop.net\\\/wp-content\\\/uploads\\\/2022\\\/06\\\/cxpg1850-52-54-56-70.jpg\",\"width\":640,\"height\":640,\"caption\":\"Conduit s\u00e9par\u00e9 PP-80-80 avec-pr\u00e9l\u00e8vement-fum\u00e9es est utilis\u00e9 dans le secteur domestique d\u2019\u00e9vacuation des produits de combustion (fum\u00e9es)\"},{\"@type\":\"BreadcrumbList\",\"@id\":\"https:\\\/\\\/amrtop.net\\\/produit\\\/conduit-separe-pp-80-80-sans-prelevement-fumees-4\\\/#breadcrumb\",\"itemListElement\":[{\"@type\":\"ListItem\",\"position\":1,\"name\":\"Home\",\"item\":\"https:\\\/\\\/amrtop.net\\\/\"},{\"@type\":\"ListItem\",\"position\":2,\"name\":\"Shop\",\"item\":\"https:\\\/\\\/amrtop.net\\\/negozio\\\/\"},{\"@type\":\"ListItem\",\"position\":3,\"name\":\"CXPG1856 &#8211; Kit conduit s\u00e9par\u00e9 en PP 80-80 sans pr\u00e9l\u00e8vement de fum\u00e9es\"}]},{\"@type\":\"WebSite\",\"@id\":\"https:\\\/\\\/amrtop.net\\\/#website\",\"url\":\"https:\\\/\\\/amrtop.net\\\/\",\"name\":\"AMRTOP B2B \u00c9tranger - Achats r\u00e9serv\u00e9s au professionnel\",\"description\":\"Pi\u00e8ces de rechange et accessoires pour po\u00eales et chaudi\u00e8res - eCommerce B2B pour Clients Professionnels\",\"potentialAction\":[{\"@type\":\"SearchAction\",\"target\":{\"@type\":\"EntryPoint\",\"urlTemplate\":\"https:\\\/\\\/amrtop.net\\\/?s={search_term_string}\"},\"query-input\":{\"@type\":\"PropertyValueSpecification\",\"valueRequired\":true,\"valueName\":\"search_term_string\"}}],\"inLanguage\":\"ro-RO\"}]}<\/script>\n<!-- \/ Yoast SEO plugin. -->","yoast_head_json":{"title":"Conduct\u0103 separat\u0103 PP-80-80 f\u0103r\u0103 evacuare a fumului","description":"Co\u0219ul de fum separat PP-80-80 f\u0103r\u0103 evacuare a fumului este utilizat \u00een sectorul casnic pentru evacuarea produselor de ardere (fum).","robots":{"index":"index","follow":"follow","max-snippet":"max-snippet:-1","max-image-preview":"max-image-preview:large","max-video-preview":"max-video-preview:-1"},"canonical":"https:\/\/amrtop.net\/ro\/produs\/conduit-separe-pp-80-80-sans-prelevement-fumees-4\/","og_locale":"ro_RO","og_type":"article","og_title":"Conduit s\u00e9par\u00e9 PP-80-80 sans-pr\u00e9l\u00e8vement-fum\u00e9es","og_description":"Conduit s\u00e9par\u00e9 PP-80-80 sans-pr\u00e9l\u00e8vement-fum\u00e9es est utilis\u00e9 dans le secteur domestique d\u2019\u00e9vacuation des produits de combustion (fum\u00e9es)","og_url":"https:\/\/amrtop.net\/ro\/produs\/conduit-separe-pp-80-80-sans-prelevement-fumees-4\/","og_site_name":"AMRTOP B2B \u00c9tranger - Achats r\u00e9serv\u00e9s au professionnel","article_modified_time":"2023-06-16T09:46:48+00:00","og_image":[{"width":640,"height":640,"url":"https:\/\/amrtop.net\/wp-content\/uploads\/2022\/06\/cxpg1850-52-54-56-70.jpg","type":"image\/jpeg"}],"twitter_card":"summary_large_image","twitter_misc":{"Timp estimat pentru citire":"2 minute"},"schema":{"@context":"https:\/\/schema.org","@graph":[{"@type":"WebPage","@id":"https:\/\/amrtop.net\/produit\/conduit-separe-pp-80-80-sans-prelevement-fumees-4\/","url":"https:\/\/amrtop.net\/produit\/conduit-separe-pp-80-80-sans-prelevement-fumees-4\/","name":"Conduct\u0103 separat\u0103 PP-80-80 f\u0103r\u0103 evacuare a fumului","isPartOf":{"@id":"https:\/\/amrtop.net\/#website"},"primaryImageOfPage":{"@id":"https:\/\/amrtop.net\/produit\/conduit-separe-pp-80-80-sans-prelevement-fumees-4\/#primaryimage"},"image":{"@id":"https:\/\/amrtop.net\/produit\/conduit-separe-pp-80-80-sans-prelevement-fumees-4\/#primaryimage"},"thumbnailUrl":"https:\/\/amrtop.net\/wp-content\/uploads\/2022\/06\/cxpg1850-52-54-56-70.jpg","datePublished":"2022-06-08T12:21:57+00:00","dateModified":"2023-06-16T09:46:48+00:00","description":"Co\u0219ul de fum separat PP-80-80 f\u0103r\u0103 evacuare a fumului este utilizat \u00een sectorul casnic pentru evacuarea produselor de ardere (fum).","breadcrumb":{"@id":"https:\/\/amrtop.net\/produit\/conduit-separe-pp-80-80-sans-prelevement-fumees-4\/#breadcrumb"},"inLanguage":"ro-RO","potentialAction":[{"@type":"ReadAction","target":["https:\/\/amrtop.net\/produit\/conduit-separe-pp-80-80-sans-prelevement-fumees-4\/"]}]},{"@type":"ImageObject","inLanguage":"ro-RO","@id":"https:\/\/amrtop.net\/produit\/conduit-separe-pp-80-80-sans-prelevement-fumees-4\/#primaryimage","url":"https:\/\/amrtop.net\/wp-content\/uploads\/2022\/06\/cxpg1850-52-54-56-70.jpg","contentUrl":"https:\/\/amrtop.net\/wp-content\/uploads\/2022\/06\/cxpg1850-52-54-56-70.jpg","width":640,"height":640,"caption":"Conduit s\u00e9par\u00e9 PP-80-80 avec-pr\u00e9l\u00e8vement-fum\u00e9es est utilis\u00e9 dans le secteur domestique d\u2019\u00e9vacuation des produits de combustion (fum\u00e9es)"},{"@type":"BreadcrumbList","@id":"https:\/\/amrtop.net\/produit\/conduit-separe-pp-80-80-sans-prelevement-fumees-4\/#breadcrumb","itemListElement":[{"@type":"ListItem","position":1,"name":"Home","item":"https:\/\/amrtop.net\/"},{"@type":"ListItem","position":2,"name":"Shop","item":"https:\/\/amrtop.net\/negozio\/"},{"@type":"ListItem","position":3,"name":"CXPG1856 &#8211; Kit conduit s\u00e9par\u00e9 en PP 80-80 sans pr\u00e9l\u00e8vement de fum\u00e9es"}]},{"@type":"WebSite","@id":"https:\/\/amrtop.net\/#website","url":"https:\/\/amrtop.net\/","name":"AMRTOP B2B Abroad - Achizi\u021bii rezervate profesioni\u0219tilor","description":"Piese de schimb \u0219i accesorii pentru sobe \u0219i cazane - eCommerce B2B pentru clien\u021bi profesioni\u0219ti","potentialAction":[{"@type":"SearchAction","target":{"@type":"EntryPoint","urlTemplate":"https:\/\/amrtop.net\/?s={search_term_string}"},"query-input":{"@type":"PropertyValueSpecification","valueRequired":true,"valueName":"search_term_string"}}],"inLanguage":"ro-RO"}]}},"_links":{"self":[{"href":"https:\/\/amrtop.net\/ro\/wp-json\/wp\/v2\/product\/30816","targetHints":{"allow":["GET"]}}],"collection":[{"href":"https:\/\/amrtop.net\/ro\/wp-json\/wp\/v2\/product"}],"about":[{"href":"https:\/\/amrtop.net\/ro\/wp-json\/wp\/v2\/types\/product"}],"replies":[{"embeddable":true,"href":"https:\/\/amrtop.net\/ro\/wp-json\/wp\/v2\/comments?post=30816"}],"wp:featuredmedia":[{"embeddable":true,"href":"https:\/\/amrtop.net\/ro\/wp-json\/wp\/v2\/media\/33513"}],"wp:attachment":[{"href":"https:\/\/amrtop.net\/ro\/wp-json\/wp\/v2\/media?parent=30816"}],"wp:term":[{"taxonomy":"product_brand","embeddable":true,"href":"https:\/\/amrtop.net\/ro\/wp-json\/wp\/v2\/product_brand?post=30816"},{"taxonomy":"product_cat","embeddable":true,"href":"https:\/\/amrtop.net\/ro\/wp-json\/wp\/v2\/product_cat?post=30816"},{"taxonomy":"product_tag","embeddable":true,"href":"https:\/\/amrtop.net\/ro\/wp-json\/wp\/v2\/product_tag?post=30816"}],"curies":[{"name":"wp","href":"https:\/\/api.w.org\/{rel}","templated":true}]}}