{"id":30842,"date":"2022-06-08T13:54:02","date_gmt":"2022-06-08T13:54:02","guid":{"rendered":"https:\/\/amrtop.com\/B2B\/?post_type=product&#038;p=30842"},"modified":"2023-06-13T14:53:53","modified_gmt":"2023-06-13T14:53:53","slug":"gff01-manchon-flex-flex","status":"publish","type":"product","link":"https:\/\/amrtop.net\/ro\/produit\/gff01-manchon-flex-flex\/","title":{"rendered":"GFF01... - Man\u0219on flexibil - flex"},"content":{"rendered":"<h3>Manchon flex &#8211; flex.<\/h3>\n<p>Sistemele TOP FLEX pentru accesorii sunt utilizate pentru a completa co\u0219urile de fum care \u00een mod normal igienizeaz\u0103 pivni\u021bele \u0219i compartimentele tehnice care sunt dificil de tratat cu alte sisteme. Accesoriile pentru \u021bevi flexibile sunt compatibile cu \u00eentreaga gam\u0103 TOP FLEX.<\/p>\n<p>Referin\u021b\u0103 \u0219i denumire de reglementare<\/p>\n<p>Marcarea produsului \u00een conformitate cu standardul european: EN 1856-2.<\/p>\n<h3>Utilisation Manchon flex &#8211; flex<\/h3>\n<p>Sisteme flexibile metalice de evacuare a fumului, co\u0219uri flexibile metalice, vapori de aer, controlate de generatoare de c\u0103ldur\u0103 atmosferice, presurizate, cu aer for\u021bat sau tradi\u021bionale, hote de buc\u0103t\u0103rie pentru uz industrial sau casnic, sobe pe lemne, \u0219eminee, sobe pe pele\u021bi.<\/p>\n<h3>Domestic<\/h3>\n<p>sobe, aragazuri \u0219i radiatoare pe lemne - \u0219eminee, sobe, radiatoare \u0219i boilere pe pele\u021bi.<\/p>\n<p>Aplica\u021bie Clem\u0103 pentru placa de etan\u0219are<\/p>\n<h3>Instalare intern\u0103.<\/h3>\n<p>Lista de accesorii pentru furtun<\/p>\n<p>\u00cembinare flex - rigid masculin, \u00cembinare flex - rigid feminin, \u00cembinare flex - flex, \u00cembinare flex - flex cu invita\u021bie anticondensare intern\u0103, \u00cembinare flex - rigid cu invita\u021bie anticondensare intern\u0103, Plac\u0103 de etan\u0219are a cap\u0103tului flexibil, Clem\u0103 pentru plac\u0103 de etan\u0219are a cap\u0103tului flexibil, \u00cembinare mecanic\u0103 cu str\u00e2ngere manual\u0103 flex \/ rigid 200 Pa, \u00cembinare mecanic\u0103 cu str\u00e2ngere manual\u0103 flex \/flex anticondensa 200 Pa, \u00cembinare mecanic\u0103 cu str\u00e2ngere manual\u0103 flex \/ rigid feminin 200 Pa, Plac\u0103 de etan\u0219are a cap\u0103tului (pentru a fi utilizat\u0103 cu CCF01....), Capac chinezesc pentru flex (pentru a fi utilizat cu PTT01...), Bol\u021b de vreme inspectabil, Band\u0103 de vreme \u00eenclinat\u0103 la 30 nm, Plac\u0103 de cap\u0103t de etan\u0219are pentru rigid \/ flex cu sistem de str\u00e2ngere cu \u0219uruburi, Kit de intuba\u021bie cu furtun de 9 m din o\u021bel inoxidabil 316L, Kit de intuba\u021bie din o\u021bel inoxidabil.<\/p>\n<p>Disponibil la cerere pentru toate diametrele \u00eencep\u00e2nd cu 0,12 mm grosime pentru 20% plus<\/p>\n<h3><strong>Gama de sisteme de fum AMR TOP\u00a0\u00a0\u00a0\u00a0\u00a0\u00a0<\/strong><\/h3>\n<p><a href=\"https:\/\/amrtop.net\/ro\/categoria-de-produse\/canale-de-fum-2\/tuyaux-flexibles-en-acier-inoxydable\/\"><strong>TOP FLEX SP - Tuburi flexibile din o\u021bel inoxidabil ondulat cu perete simplu \u0219i dublu<\/strong><\/a><\/p>\n<p><a href=\"https:\/\/amrtop.net\/ro\/categoria-de-produse\/canale-de-fum-2\/tube-rigide-monoparete-en-acier-inoxydable\/\"><strong>SP - AISI 316L din o\u021bel inoxidabil cu un singur perete tub rigid<\/strong><\/a><\/p>\n<p><a href=\"https:\/\/amrtop.net\/ro\/categoria-de-produse\/canale-de-fum-2\/tube-flexible-inox-aisi-316-l-interieur-lisse-isole\/\"><strong>ISOTOP FLEX - \u021aeav\u0103 flexibil\u0103 izolat\u0103 din o\u021bel inoxidabil AISI 316L cu interior neted \u0219i izolat \u00a0<\/strong><\/a><\/p>\n<p><a href=\"https:\/\/amrtop.net\/ro\/categoria-de-produse\/canale-de-fum-2\/dp-air-tube-double-paroi-inox-a-chambre-dair\/\"><strong>DP AIR - Tub din o\u021bel inoxidabil cu pere\u021bi dubli cu camer\u0103 de aer<\/strong><\/a><\/p>\n<p><a href=\"https:\/\/amrtop.net\/ro\/categoria-de-produse\/canale-de-fum-2\/tube-coaxial-inox\/\"><strong>DP - \u021aeav\u0103 izolat\u0103 cu perete dublu 10 mm - 25 mm<\/strong><\/a><\/p>\n<p><a href=\"https:\/\/amrtop.net\/ro\/categoria-de-produse\/canale-de-fum-2\/tube-coaxial-inox\/\"><strong>COAX TOP - \u021aeav\u0103 coaxial\u0103 din o\u021bel inoxidabil \u00een PPS \u0219i PPS\/ O\u021bel inoxidabil<\/strong><\/a><\/p>\n<p><a href=\"https:\/\/amrtop.net\/ro\/categoria-de-produse\/canale-de-fum-2\/tuyau-coaxial-inox-inox-black\/\"><strong>COAX PELLET - Tub coaxial din o\u021bel inoxidabil<\/strong><\/a><\/p>\n<p><strong><a href=\"https:\/\/amrtop.net\/ro\/categoria-de-produse\/canale-de-fum-2\/conduits-de-fumee-des-appareils-a-biomasse\/\">BIOM TOP - Tuburi pentru sobe pe pele\u021bi \u0219i pe lemne<\/a><\/strong><\/p>","protected":false},"excerpt":{"rendered":"<p>Manchon flex &#8211; flex. Les syst\u00e8mes TOP FLEX concernant les accessoires servent \u00e0 compl\u00e9ter les conduits de chemin\u00e9e qui, normalement, assainissent des caveaux et des compartiments techniques difficiles \u00e0 traiter avec d\u2019autres syst\u00e8mes. Les accessoires pour tuyaux flexibles sont compatibles avec toute la gamme TOP FLEX R\u00e9f\u00e9rence r\u00e9glementaire et d\u00e9signation Marquage du produit selon la [&hellip;]<\/p>\n","protected":false},"featured_media":32563,"comment_status":"open","ping_status":"closed","template":"","meta":[],"product_brand":[],"product_cat":[1530,1524],"product_tag":[],"class_list":{"0":"post-30842","1":"product","2":"type-product","3":"status-publish","4":"has-post-thumbnail","6":"product_cat-accessori-per-tubo-flessibile","7":"product_cat-tuyaux-flexibles-en-acier-inoxydable","9":"first","10":"instock","11":"shipping-taxable","12":"purchasable","13":"product-type-variable"},"yoast_head":"<!-- This site is optimized with the Yoast SEO plugin v27.4 - https:\/\/yoast.com\/product\/yoast-seo-wordpress\/ -->\n<title>Manchon flex - flex<\/title>\n<meta name=\"description\" content=\"Manchon flex - flex \u00c9l\u00e9ment - Syst\u00e8me - Conduit de chemin\u00e9e ou conduit de chemin\u00e9e \u00e0 double paroi isol\u00e9 \u00e9paisseur 10 ou 25 mm en laine de roche int\u00e9rieure en acier 316 L et ext\u00e9rieur en acier 304 rev\u00eatement ext\u00e9rieur en acier - cuivre - peint en noir.\" \/>\n<meta name=\"robots\" content=\"index, follow, max-snippet:-1, max-image-preview:large, max-video-preview:-1\" \/>\n<link rel=\"canonical\" href=\"https:\/\/amrtop.net\/ro\/produs\/gff01-manchon-flex-flex\/\" \/>\n<meta property=\"og:locale\" content=\"ro_RO\" \/>\n<meta property=\"og:type\" content=\"article\" \/>\n<meta property=\"og:title\" content=\"Manchon flex - flex\" \/>\n<meta property=\"og:description\" content=\"Manchon flex - flex \u00c9l\u00e9ment - Syst\u00e8me - Conduit de chemin\u00e9e ou conduit de chemin\u00e9e \u00e0 double paroi isol\u00e9 \u00e9paisseur 10 ou 25 mm en laine de roche int\u00e9rieure en acier 316 L et ext\u00e9rieur en acier 304 rev\u00eatement ext\u00e9rieur en acier - cuivre - peint en noir.\" \/>\n<meta property=\"og:url\" content=\"https:\/\/amrtop.net\/ro\/produs\/gff01-manchon-flex-flex\/\" \/>\n<meta property=\"og:site_name\" content=\"AMRTOP B2B \u00c9tranger - Achats r\u00e9serv\u00e9s au professionnel\" \/>\n<meta property=\"article:modified_time\" content=\"2023-06-13T14:53:53+00:00\" \/>\n<meta property=\"og:image\" content=\"https:\/\/amrtop.net\/wp-content\/uploads\/2022\/06\/gff01.jpg\" \/>\n\t<meta property=\"og:image:width\" content=\"640\" \/>\n\t<meta property=\"og:image:height\" content=\"640\" \/>\n\t<meta property=\"og:image:type\" content=\"image\/jpeg\" \/>\n<meta name=\"twitter:card\" content=\"summary_large_image\" \/>\n<meta name=\"twitter:label1\" content=\"Timp estimat pentru citire\" \/>\n\t<meta name=\"twitter:data1\" content=\"2 minute\" \/>\n<script type=\"application\/ld+json\" class=\"yoast-schema-graph\">{\"@context\":\"https:\\\/\\\/schema.org\",\"@graph\":[{\"@type\":\"WebPage\",\"@id\":\"https:\\\/\\\/amrtop.net\\\/produit\\\/gff01-manchon-flex-flex\\\/\",\"url\":\"https:\\\/\\\/amrtop.net\\\/produit\\\/gff01-manchon-flex-flex\\\/\",\"name\":\"Manchon flex - flex\",\"isPartOf\":{\"@id\":\"https:\\\/\\\/amrtop.net\\\/#website\"},\"primaryImageOfPage\":{\"@id\":\"https:\\\/\\\/amrtop.net\\\/produit\\\/gff01-manchon-flex-flex\\\/#primaryimage\"},\"image\":{\"@id\":\"https:\\\/\\\/amrtop.net\\\/produit\\\/gff01-manchon-flex-flex\\\/#primaryimage\"},\"thumbnailUrl\":\"https:\\\/\\\/amrtop.net\\\/wp-content\\\/uploads\\\/2022\\\/06\\\/gff01.jpg\",\"datePublished\":\"2022-06-08T13:54:02+00:00\",\"dateModified\":\"2023-06-13T14:53:53+00:00\",\"description\":\"Manchon flex - flex \u00c9l\u00e9ment - Syst\u00e8me - Conduit de chemin\u00e9e ou conduit de chemin\u00e9e \u00e0 double paroi isol\u00e9 \u00e9paisseur 10 ou 25 mm en laine de roche int\u00e9rieure en acier 316 L et ext\u00e9rieur en acier 304 rev\u00eatement ext\u00e9rieur en acier - cuivre - peint en noir.\",\"breadcrumb\":{\"@id\":\"https:\\\/\\\/amrtop.net\\\/produit\\\/gff01-manchon-flex-flex\\\/#breadcrumb\"},\"inLanguage\":\"ro-RO\",\"potentialAction\":[{\"@type\":\"ReadAction\",\"target\":[\"https:\\\/\\\/amrtop.net\\\/produit\\\/gff01-manchon-flex-flex\\\/\"]}]},{\"@type\":\"ImageObject\",\"inLanguage\":\"ro-RO\",\"@id\":\"https:\\\/\\\/amrtop.net\\\/produit\\\/gff01-manchon-flex-flex\\\/#primaryimage\",\"url\":\"https:\\\/\\\/amrtop.net\\\/wp-content\\\/uploads\\\/2022\\\/06\\\/gff01.jpg\",\"contentUrl\":\"https:\\\/\\\/amrtop.net\\\/wp-content\\\/uploads\\\/2022\\\/06\\\/gff01.jpg\",\"width\":640,\"height\":640,\"caption\":\"Giunto per tubo flessibile\"},{\"@type\":\"BreadcrumbList\",\"@id\":\"https:\\\/\\\/amrtop.net\\\/produit\\\/gff01-manchon-flex-flex\\\/#breadcrumb\",\"itemListElement\":[{\"@type\":\"ListItem\",\"position\":1,\"name\":\"Home\",\"item\":\"https:\\\/\\\/amrtop.net\\\/\"},{\"@type\":\"ListItem\",\"position\":2,\"name\":\"Shop\",\"item\":\"https:\\\/\\\/amrtop.net\\\/negozio\\\/\"},{\"@type\":\"ListItem\",\"position\":3,\"name\":\"GFF01&#8230; &#8211; Manchon flex &#8211; flex\"}]},{\"@type\":\"WebSite\",\"@id\":\"https:\\\/\\\/amrtop.net\\\/#website\",\"url\":\"https:\\\/\\\/amrtop.net\\\/\",\"name\":\"AMRTOP B2B \u00c9tranger - Achats r\u00e9serv\u00e9s au professionnel\",\"description\":\"Pi\u00e8ces de rechange et accessoires pour po\u00eales et chaudi\u00e8res - eCommerce B2B pour Clients Professionnels\",\"potentialAction\":[{\"@type\":\"SearchAction\",\"target\":{\"@type\":\"EntryPoint\",\"urlTemplate\":\"https:\\\/\\\/amrtop.net\\\/?s={search_term_string}\"},\"query-input\":{\"@type\":\"PropertyValueSpecification\",\"valueRequired\":true,\"valueName\":\"search_term_string\"}}],\"inLanguage\":\"ro-RO\"}]}<\/script>\n<!-- \/ Yoast SEO plugin. -->","yoast_head_json":{"title":"Manchon flex - flex","description":"Manchon flex - flex \u00c9l\u00e9ment - Syst\u00e8me - Conduit de chemin\u00e9e ou conduit de chemin\u00e9e \u00e0 double paroi isol\u00e9 \u00e9paisseur 10 ou 25 mm en laine de roche int\u00e9rieure en acier 316 L et ext\u00e9rieur en acier 304 rev\u00eatement ext\u00e9rieur en acier - cuivre - peint en noir.","robots":{"index":"index","follow":"follow","max-snippet":"max-snippet:-1","max-image-preview":"max-image-preview:large","max-video-preview":"max-video-preview:-1"},"canonical":"https:\/\/amrtop.net\/ro\/produs\/gff01-manchon-flex-flex\/","og_locale":"ro_RO","og_type":"article","og_title":"Manchon flex - flex","og_description":"Manchon flex - flex \u00c9l\u00e9ment - Syst\u00e8me - Conduit de chemin\u00e9e ou conduit de chemin\u00e9e \u00e0 double paroi isol\u00e9 \u00e9paisseur 10 ou 25 mm en laine de roche int\u00e9rieure en acier 316 L et ext\u00e9rieur en acier 304 rev\u00eatement ext\u00e9rieur en acier - cuivre - peint en noir.","og_url":"https:\/\/amrtop.net\/ro\/produs\/gff01-manchon-flex-flex\/","og_site_name":"AMRTOP B2B \u00c9tranger - Achats r\u00e9serv\u00e9s au professionnel","article_modified_time":"2023-06-13T14:53:53+00:00","og_image":[{"width":640,"height":640,"url":"https:\/\/amrtop.net\/wp-content\/uploads\/2022\/06\/gff01.jpg","type":"image\/jpeg"}],"twitter_card":"summary_large_image","twitter_misc":{"Timp estimat pentru citire":"2 minute"},"schema":{"@context":"https:\/\/schema.org","@graph":[{"@type":"WebPage","@id":"https:\/\/amrtop.net\/produit\/gff01-manchon-flex-flex\/","url":"https:\/\/amrtop.net\/produit\/gff01-manchon-flex-flex\/","name":"Manchon flex - flex","isPartOf":{"@id":"https:\/\/amrtop.net\/#website"},"primaryImageOfPage":{"@id":"https:\/\/amrtop.net\/produit\/gff01-manchon-flex-flex\/#primaryimage"},"image":{"@id":"https:\/\/amrtop.net\/produit\/gff01-manchon-flex-flex\/#primaryimage"},"thumbnailUrl":"https:\/\/amrtop.net\/wp-content\/uploads\/2022\/06\/gff01.jpg","datePublished":"2022-06-08T13:54:02+00:00","dateModified":"2023-06-13T14:53:53+00:00","description":"Manchon flex - flex \u00c9l\u00e9ment - Syst\u00e8me - Conduit de chemin\u00e9e ou conduit de chemin\u00e9e \u00e0 double paroi isol\u00e9 \u00e9paisseur 10 ou 25 mm en laine de roche int\u00e9rieure en acier 316 L et ext\u00e9rieur en acier 304 rev\u00eatement ext\u00e9rieur en acier - cuivre - peint en noir.","breadcrumb":{"@id":"https:\/\/amrtop.net\/produit\/gff01-manchon-flex-flex\/#breadcrumb"},"inLanguage":"ro-RO","potentialAction":[{"@type":"ReadAction","target":["https:\/\/amrtop.net\/produit\/gff01-manchon-flex-flex\/"]}]},{"@type":"ImageObject","inLanguage":"ro-RO","@id":"https:\/\/amrtop.net\/produit\/gff01-manchon-flex-flex\/#primaryimage","url":"https:\/\/amrtop.net\/wp-content\/uploads\/2022\/06\/gff01.jpg","contentUrl":"https:\/\/amrtop.net\/wp-content\/uploads\/2022\/06\/gff01.jpg","width":640,"height":640,"caption":"Giunto per tubo flessibile"},{"@type":"BreadcrumbList","@id":"https:\/\/amrtop.net\/produit\/gff01-manchon-flex-flex\/#breadcrumb","itemListElement":[{"@type":"ListItem","position":1,"name":"Home","item":"https:\/\/amrtop.net\/"},{"@type":"ListItem","position":2,"name":"Shop","item":"https:\/\/amrtop.net\/negozio\/"},{"@type":"ListItem","position":3,"name":"GFF01&#8230; &#8211; Manchon flex &#8211; flex"}]},{"@type":"WebSite","@id":"https:\/\/amrtop.net\/#website","url":"https:\/\/amrtop.net\/","name":"AMRTOP B2B Abroad - Achizi\u021bii rezervate profesioni\u0219tilor","description":"Piese de schimb \u0219i accesorii pentru sobe \u0219i cazane - eCommerce B2B pentru clien\u021bi profesioni\u0219ti","potentialAction":[{"@type":"SearchAction","target":{"@type":"EntryPoint","urlTemplate":"https:\/\/amrtop.net\/?s={search_term_string}"},"query-input":{"@type":"PropertyValueSpecification","valueRequired":true,"valueName":"search_term_string"}}],"inLanguage":"ro-RO"}]}},"_links":{"self":[{"href":"https:\/\/amrtop.net\/ro\/wp-json\/wp\/v2\/product\/30842","targetHints":{"allow":["GET"]}}],"collection":[{"href":"https:\/\/amrtop.net\/ro\/wp-json\/wp\/v2\/product"}],"about":[{"href":"https:\/\/amrtop.net\/ro\/wp-json\/wp\/v2\/types\/product"}],"replies":[{"embeddable":true,"href":"https:\/\/amrtop.net\/ro\/wp-json\/wp\/v2\/comments?post=30842"}],"wp:featuredmedia":[{"embeddable":true,"href":"https:\/\/amrtop.net\/ro\/wp-json\/wp\/v2\/media\/32563"}],"wp:attachment":[{"href":"https:\/\/amrtop.net\/ro\/wp-json\/wp\/v2\/media?parent=30842"}],"wp:term":[{"taxonomy":"product_brand","embeddable":true,"href":"https:\/\/amrtop.net\/ro\/wp-json\/wp\/v2\/product_brand?post=30842"},{"taxonomy":"product_cat","embeddable":true,"href":"https:\/\/amrtop.net\/ro\/wp-json\/wp\/v2\/product_cat?post=30842"},{"taxonomy":"product_tag","embeddable":true,"href":"https:\/\/amrtop.net\/ro\/wp-json\/wp\/v2\/product_tag?post=30842"}],"curies":[{"name":"wp","href":"https:\/\/api.w.org\/{rel}","templated":true}]}}