{"id":31731,"date":"2022-06-10T09:30:25","date_gmt":"2022-06-10T09:30:25","guid":{"rendered":"https:\/\/amrtop.com\/B2B\/?post_type=product&#038;p=31731"},"modified":"2023-06-08T08:19:43","modified_gmt":"2023-06-08T08:19:43","slug":"supports-pour-plaque-intermediaire","status":"publish","type":"product","link":"https:\/\/amrtop.net\/ro\/produit\/supports-pour-plaque-intermediaire\/","title":{"rendered":"CXPB18.... - Pereche de suporturi pentru placa intermediar\u0103"},"content":{"rendered":"<h3>Suporturi intermediare pentru pl\u0103ci intermediare<\/h3>\n<p>Interior: o\u021bel inoxidabil 316L - Exterior: o\u021bel inoxidabil negru mat 304<br \/>\nToate piesele sunt furnizate cu garnitura deja montat\u0103 \u00een interior.<br \/>\n\u00cen cazul \u00een care acoperi\u0219ul este \u00een consol\u0103, trebuie ad\u0103ugat\u0103 o garnitur\u0103 de etan\u0219are la partea femel\u0103.<br \/>\na peretelui exterior al COAX \u0219i o flan\u0219\u0103 de siguran\u021b\u0103.<\/p>\n<h3><strong>Lubrifia\u021bi garnitura \u00eenainte de montare<\/strong><\/h3>\n<h3><strong>Marcarea<\/strong><\/h3>\n<p>CE \u00een conformitate cu NF EN 14989-2 T600 N1 W V2 L50040 G100<\/p>\n<h3><strong>Utilizarea de s<\/strong>upports pour plaque interm\u00e9diaire<\/h3>\n<p>Utilizarea \u021bevii coaxiale din o\u021bel inoxidabil aisi 316 \u0219i a \u021bevii exterioare din o\u021bel inoxidabil negru mat 304 din gama\u00a0<strong>CXP INOX INOX - NEGRU<\/strong>\u00a0de la\u00a0<strong>Amrtop<\/strong>\u00a0se bazeaz\u0103 pe principiul grup\u0103rii a dou\u0103 tuburi unul \u00een interiorul celuilalt pentru a forma o camer\u0103 dubl\u0103 de aer: tubul interior este utilizat pentru a evacua fumul, \u00een timp ce tubul exterior este utilizat pentru a furniza aer \u00een sob\u0103 pentru ardere. Astfel, aerul se \u00eenc\u0103lze\u0219te la contactul cu tubul interior, ceea ce cre\u0219te eficien\u021ba cu aproape 10 %<\/p>\n<h3><strong>Instalarea aplica\u021biei<\/strong><\/h3>\n<p>Intern sau extern.<\/p>\n<h3><strong>Domestic<\/strong><\/h3>\n<p><a href=\"https:\/\/wekos.it\/\">stufe, cucine \u0219i termocucine a legna<\/a>\u00a0-\u00a0<a href=\"https:\/\/www.greenpuros.com\/\">caminetti, stufe, termostufe \u0219i caldaie a pellet.<\/a><\/p>\n<h3><strong>Gama de sisteme de fum AMR TOP \u00a0\u00a0\u00a0\u00a0\u00a0\u00a0\u00a0\u00a0\u00a0\u00a0\u00a0\u00a0\u00a0\u00a0\u00a0\u00a0\u00a0\u00a0\u00a0\u00a0\u00a0\u00a0\u00a0\u00a0\u00a0\u00a0\u00a0\u00a0\u00a0\u00a0\u00a0\u00a0\u00a0\u00a0\u00a0\u00a0\u00a0\u00a0\u00a0\u00a0\u00a0\u00a0\u00a0\u00a0\u00a0\u00a0\u00a0 \u00a0\u00a0\u00a0\u00a0\u00a0\u00a0\u00a0\u00a0\u00a0\u00a0\u00a0\u00a0\u00a0\u00a0\u00a0\u00a0\u00a0\u00a0\u00a0\u00a0\u00a0\u00a0\u00a0\u00a0\u00a0\u00a0\u00a0\u00a0\u00a0\u00a0\u00a0\u00a0\u00a0\u00a0\u00a0\u00a0\u00a0\u00a0\u00a0\u00a0\u00a0\u00a0\u00a0\u00a0\u00a0\u00a0\u00a0\u00a0\u00a0\u00a0\u00a0\u00a0\u00a0\u00a0\u00a0\u00a0\u00a0\u00a0\u00a0\u00a0\u00a0\u00a0\u00a0\u00a0\u00a0\u00a0<\/strong><\/h3>\n<p><a href=\"https:\/\/amrtop.com\/B2B\/categoria-prodotto\/canne-fumarie\/top-flex-sp-tubi-flessibili-inox\/\"><strong>Top flex SP - Tubi flessibili inox corrugati mono \u0219i doppia parete<\/strong><\/a><\/p>\n<p><a href=\"https:\/\/amrtop.com\/B2B\/categoria-prodotto\/canne-fumarie\/tubo-monoparete-acciaio-inox\/\"><strong>Sp - Tubo rigido mono parete inox aisi 316L<\/strong><\/a><\/p>\n<p><a href=\"https:\/\/amrtop.com\/B2B\/categoria-prodotto\/canne-fumarie\/isotop-flex-flessibile-coibentato\/\"><strong>Iso top flex - Tubo flexisbile doppia parete interno liscio coibentato<\/strong><\/a><\/p>\n<p><a href=\"https:\/\/amrtop.com\/B2B\/categoria-prodotto\/canne-fumarie\/dp-aria-doppia-parete-aria\/\"><strong>Dp air - Tubo doppia parete inox a camera d'aria<\/strong><\/a><\/p>\n<p><a href=\"https:\/\/amrtop.com\/B2B\/categoria-prodotto\/canne-fumarie\/dp-doppia-parete\/\"><strong>Dp - Tubo doppia parete inox coibentati 10 mm - 25 mm<\/strong><\/a><\/p>\n<p><a href=\"https:\/\/amrtop.com\/B2B\/categoria-prodotto\/canne-fumarie\/coax-top-coassiale\/\"><strong>Coax top - Tubo coassiale inox<\/strong><\/a><\/p>\n<p><a href=\"https:\/\/amrtop.com\/B2B\/categoria-prodotto\/canne-fumarie\/coax-pellet-tubo-coassiale-inox\/\"><strong>Pelete coaxiale - \u021aeav\u0103 coaxial\u0103 din o\u021bel inoxidabil<\/strong><\/a><\/p>\n<p><a href=\"https:\/\/amrtop.com\/B2B\/categoria-prodotto\/canne-fumarie\/biom-top\/\"><strong>Biom top - Tubi per stufe a pellet<\/strong><\/a><\/p>\n<p><a href=\"https:\/\/amrtop.com\/B2B\/categoria-prodotto\/canne-fumarie\/alutop-alluminio-estensibile\/\"><strong>Alu top - Tubo alluminio flessibile estensibile<\/strong><\/a><\/p>","protected":false},"excerpt":{"rendered":"<p>Supports pour plaque interm\u00e9diaire Int\u00e9rieur : Inox 316L \u2013 Ext\u00e9rieur : Inox 304\u00a0 noir mat Toutes les pi\u00e8ces sont livr\u00e9es avec le joint d\u2019\u00e9tanch\u00e9it\u00e9 d\u00e9j\u00e0 mont\u00e9 paroi int\u00e9rieure. En cas de d\u00e9passement de toiture, il faut imp\u00e9rativement ajouter un joint dans la partie femelle de la paroi ext\u00e9rieure du COAX ainsi qu\u2019une bride de s\u00e9curit\u00e9. [&hellip;]<\/p>\n","protected":false},"featured_media":33342,"comment_status":"open","ping_status":"closed","template":"","meta":[],"product_brand":[],"product_cat":[1555,1545],"product_tag":[],"class_list":{"0":"post-31731","1":"product","2":"type-product","3":"status-publish","4":"has-post-thumbnail","6":"product_cat-tuyau-coaxial-inox-inox-black","7":"product_cat-conduit-etanche-concentrique-inox-noir","9":"first","10":"instock","11":"shipping-taxable","12":"purchasable","13":"product-type-variable"},"yoast_head":"<!-- This site is optimized with the Yoast SEO plugin v27.4 - https:\/\/yoast.com\/product\/yoast-seo-wordpress\/ -->\n<title>Supports pour plaque interm\u00e9diaire<\/title>\n<meta name=\"description\" content=\"Supports pour plaque interm\u00e9diaire utilisation du tuyau coaxial inox aisi\u00a0 inox noir mat de la gamme\u00a0CXP INOX INOX \u2013 BLACK\u00a0\" \/>\n<meta name=\"robots\" content=\"index, follow, max-snippet:-1, max-image-preview:large, max-video-preview:-1\" \/>\n<link rel=\"canonical\" href=\"https:\/\/amrtop.net\/ro\/produs\/supports-pour-plaque-intermediaire\/\" \/>\n<meta property=\"og:locale\" content=\"ro_RO\" \/>\n<meta property=\"og:type\" content=\"article\" \/>\n<meta property=\"og:title\" content=\"Supports pour plaque interm\u00e9diaire\" \/>\n<meta property=\"og:description\" content=\"Supports pour plaque interm\u00e9diaire utilisation du tuyau coaxial inox aisi\u00a0 inox noir mat de la gamme\u00a0CXP INOX INOX \u2013 BLACK\u00a0\" \/>\n<meta property=\"og:url\" content=\"https:\/\/amrtop.net\/ro\/produs\/supports-pour-plaque-intermediaire\/\" \/>\n<meta property=\"og:site_name\" content=\"AMRTOP B2B \u00c9tranger - Achats r\u00e9serv\u00e9s au professionnel\" \/>\n<meta property=\"article:modified_time\" content=\"2023-06-08T08:19:43+00:00\" \/>\n<meta property=\"og:image\" content=\"https:\/\/amrtop.net\/wp-content\/uploads\/2022\/06\/cxpb18.jpg\" \/>\n\t<meta property=\"og:image:width\" content=\"640\" \/>\n\t<meta property=\"og:image:height\" content=\"640\" \/>\n\t<meta property=\"og:image:type\" content=\"image\/jpeg\" \/>\n<meta name=\"twitter:card\" content=\"summary_large_image\" \/>\n<meta name=\"twitter:label1\" content=\"Timp estimat pentru citire\" \/>\n\t<meta name=\"twitter:data1\" content=\"2 minute\" \/>\n<script type=\"application\/ld+json\" class=\"yoast-schema-graph\">{\"@context\":\"https:\\\/\\\/schema.org\",\"@graph\":[{\"@type\":\"WebPage\",\"@id\":\"https:\\\/\\\/amrtop.net\\\/produit\\\/supports-pour-plaque-intermediaire\\\/\",\"url\":\"https:\\\/\\\/amrtop.net\\\/produit\\\/supports-pour-plaque-intermediaire\\\/\",\"name\":\"Supports pour plaque interm\u00e9diaire\",\"isPartOf\":{\"@id\":\"https:\\\/\\\/amrtop.net\\\/#website\"},\"primaryImageOfPage\":{\"@id\":\"https:\\\/\\\/amrtop.net\\\/produit\\\/supports-pour-plaque-intermediaire\\\/#primaryimage\"},\"image\":{\"@id\":\"https:\\\/\\\/amrtop.net\\\/produit\\\/supports-pour-plaque-intermediaire\\\/#primaryimage\"},\"thumbnailUrl\":\"https:\\\/\\\/amrtop.net\\\/wp-content\\\/uploads\\\/2022\\\/06\\\/cxpb18.jpg\",\"datePublished\":\"2022-06-10T09:30:25+00:00\",\"dateModified\":\"2023-06-08T08:19:43+00:00\",\"description\":\"Supports pour plaque interm\u00e9diaire utilisation du tuyau coaxial inox aisi\u00a0 inox noir mat de la gamme\u00a0CXP INOX INOX \u2013 BLACK\u00a0\",\"breadcrumb\":{\"@id\":\"https:\\\/\\\/amrtop.net\\\/produit\\\/supports-pour-plaque-intermediaire\\\/#breadcrumb\"},\"inLanguage\":\"ro-RO\",\"potentialAction\":[{\"@type\":\"ReadAction\",\"target\":[\"https:\\\/\\\/amrtop.net\\\/produit\\\/supports-pour-plaque-intermediaire\\\/\"]}]},{\"@type\":\"ImageObject\",\"inLanguage\":\"ro-RO\",\"@id\":\"https:\\\/\\\/amrtop.net\\\/produit\\\/supports-pour-plaque-intermediaire\\\/#primaryimage\",\"url\":\"https:\\\/\\\/amrtop.net\\\/wp-content\\\/uploads\\\/2022\\\/06\\\/cxpb18.jpg\",\"contentUrl\":\"https:\\\/\\\/amrtop.net\\\/wp-content\\\/uploads\\\/2022\\\/06\\\/cxpb18.jpg\",\"width\":640,\"height\":640,\"caption\":\"Supports pour plaque interm\u00e9diaire\"},{\"@type\":\"BreadcrumbList\",\"@id\":\"https:\\\/\\\/amrtop.net\\\/produit\\\/supports-pour-plaque-intermediaire\\\/#breadcrumb\",\"itemListElement\":[{\"@type\":\"ListItem\",\"position\":1,\"name\":\"Home\",\"item\":\"https:\\\/\\\/amrtop.net\\\/\"},{\"@type\":\"ListItem\",\"position\":2,\"name\":\"Shop\",\"item\":\"https:\\\/\\\/amrtop.net\\\/negozio\\\/\"},{\"@type\":\"ListItem\",\"position\":3,\"name\":\"CXPB18&#8230; &#8211; Couple supports pour plaque interm\u00e9diaire\"}]},{\"@type\":\"WebSite\",\"@id\":\"https:\\\/\\\/amrtop.net\\\/#website\",\"url\":\"https:\\\/\\\/amrtop.net\\\/\",\"name\":\"AMRTOP B2B \u00c9tranger - Achats r\u00e9serv\u00e9s au professionnel\",\"description\":\"Pi\u00e8ces de rechange et accessoires pour po\u00eales et chaudi\u00e8res - eCommerce B2B pour Clients Professionnels\",\"potentialAction\":[{\"@type\":\"SearchAction\",\"target\":{\"@type\":\"EntryPoint\",\"urlTemplate\":\"https:\\\/\\\/amrtop.net\\\/?s={search_term_string}\"},\"query-input\":{\"@type\":\"PropertyValueSpecification\",\"valueRequired\":true,\"valueName\":\"search_term_string\"}}],\"inLanguage\":\"ro-RO\"}]}<\/script>\n<!-- \/ Yoast SEO plugin. -->","yoast_head_json":{"title":"Suporturi intermediare pentru pl\u0103ci intermediare","description":"Supports pour plaque interm\u00e9diaire utilisation du tuyau coaxial inox aisi\u00a0 inox noir mat de la gamme\u00a0CXP INOX INOX \u2013 BLACK\u00a0","robots":{"index":"index","follow":"follow","max-snippet":"max-snippet:-1","max-image-preview":"max-image-preview:large","max-video-preview":"max-video-preview:-1"},"canonical":"https:\/\/amrtop.net\/ro\/produs\/supports-pour-plaque-intermediaire\/","og_locale":"ro_RO","og_type":"article","og_title":"Supports pour plaque interm\u00e9diaire","og_description":"Supports pour plaque interm\u00e9diaire utilisation du tuyau coaxial inox aisi\u00a0 inox noir mat de la gamme\u00a0CXP INOX INOX \u2013 BLACK\u00a0","og_url":"https:\/\/amrtop.net\/ro\/produs\/supports-pour-plaque-intermediaire\/","og_site_name":"AMRTOP B2B \u00c9tranger - Achats r\u00e9serv\u00e9s au professionnel","article_modified_time":"2023-06-08T08:19:43+00:00","og_image":[{"width":640,"height":640,"url":"https:\/\/amrtop.net\/wp-content\/uploads\/2022\/06\/cxpb18.jpg","type":"image\/jpeg"}],"twitter_card":"summary_large_image","twitter_misc":{"Timp estimat pentru citire":"2 minute"},"schema":{"@context":"https:\/\/schema.org","@graph":[{"@type":"WebPage","@id":"https:\/\/amrtop.net\/produit\/supports-pour-plaque-intermediaire\/","url":"https:\/\/amrtop.net\/produit\/supports-pour-plaque-intermediaire\/","name":"Suporturi intermediare pentru pl\u0103ci intermediare","isPartOf":{"@id":"https:\/\/amrtop.net\/#website"},"primaryImageOfPage":{"@id":"https:\/\/amrtop.net\/produit\/supports-pour-plaque-intermediaire\/#primaryimage"},"image":{"@id":"https:\/\/amrtop.net\/produit\/supports-pour-plaque-intermediaire\/#primaryimage"},"thumbnailUrl":"https:\/\/amrtop.net\/wp-content\/uploads\/2022\/06\/cxpb18.jpg","datePublished":"2022-06-10T09:30:25+00:00","dateModified":"2023-06-08T08:19:43+00:00","description":"Supports pour plaque interm\u00e9diaire utilisation du tuyau coaxial inox aisi\u00a0 inox noir mat de la gamme\u00a0CXP INOX INOX \u2013 BLACK\u00a0","breadcrumb":{"@id":"https:\/\/amrtop.net\/produit\/supports-pour-plaque-intermediaire\/#breadcrumb"},"inLanguage":"ro-RO","potentialAction":[{"@type":"ReadAction","target":["https:\/\/amrtop.net\/produit\/supports-pour-plaque-intermediaire\/"]}]},{"@type":"ImageObject","inLanguage":"ro-RO","@id":"https:\/\/amrtop.net\/produit\/supports-pour-plaque-intermediaire\/#primaryimage","url":"https:\/\/amrtop.net\/wp-content\/uploads\/2022\/06\/cxpb18.jpg","contentUrl":"https:\/\/amrtop.net\/wp-content\/uploads\/2022\/06\/cxpb18.jpg","width":640,"height":640,"caption":"Supports pour plaque interm\u00e9diaire"},{"@type":"BreadcrumbList","@id":"https:\/\/amrtop.net\/produit\/supports-pour-plaque-intermediaire\/#breadcrumb","itemListElement":[{"@type":"ListItem","position":1,"name":"Home","item":"https:\/\/amrtop.net\/"},{"@type":"ListItem","position":2,"name":"Shop","item":"https:\/\/amrtop.net\/negozio\/"},{"@type":"ListItem","position":3,"name":"CXPB18&#8230; &#8211; Couple supports pour plaque interm\u00e9diaire"}]},{"@type":"WebSite","@id":"https:\/\/amrtop.net\/#website","url":"https:\/\/amrtop.net\/","name":"AMRTOP B2B Abroad - Achizi\u021bii rezervate profesioni\u0219tilor","description":"Piese de schimb \u0219i accesorii pentru sobe \u0219i cazane - eCommerce B2B pentru clien\u021bi profesioni\u0219ti","potentialAction":[{"@type":"SearchAction","target":{"@type":"EntryPoint","urlTemplate":"https:\/\/amrtop.net\/?s={search_term_string}"},"query-input":{"@type":"PropertyValueSpecification","valueRequired":true,"valueName":"search_term_string"}}],"inLanguage":"ro-RO"}]}},"_links":{"self":[{"href":"https:\/\/amrtop.net\/ro\/wp-json\/wp\/v2\/product\/31731","targetHints":{"allow":["GET"]}}],"collection":[{"href":"https:\/\/amrtop.net\/ro\/wp-json\/wp\/v2\/product"}],"about":[{"href":"https:\/\/amrtop.net\/ro\/wp-json\/wp\/v2\/types\/product"}],"replies":[{"embeddable":true,"href":"https:\/\/amrtop.net\/ro\/wp-json\/wp\/v2\/comments?post=31731"}],"wp:featuredmedia":[{"embeddable":true,"href":"https:\/\/amrtop.net\/ro\/wp-json\/wp\/v2\/media\/33342"}],"wp:attachment":[{"href":"https:\/\/amrtop.net\/ro\/wp-json\/wp\/v2\/media?parent=31731"}],"wp:term":[{"taxonomy":"product_brand","embeddable":true,"href":"https:\/\/amrtop.net\/ro\/wp-json\/wp\/v2\/product_brand?post=31731"},{"taxonomy":"product_cat","embeddable":true,"href":"https:\/\/amrtop.net\/ro\/wp-json\/wp\/v2\/product_cat?post=31731"},{"taxonomy":"product_tag","embeddable":true,"href":"https:\/\/amrtop.net\/ro\/wp-json\/wp\/v2\/product_tag?post=31731"}],"curies":[{"name":"wp","href":"https:\/\/api.w.org\/{rel}","templated":true}]}}