{"id":33207,"date":"2022-06-16T13:11:37","date_gmt":"2022-06-16T13:11:37","guid":{"rendered":"https:\/\/amrtop.com\/B2B\/?post_type=product&#038;p=33207"},"modified":"2023-06-08T08:14:20","modified_gmt":"2023-06-08T08:14:20","slug":"plaque-proprete-inclinable-inox","status":"publish","type":"product","link":"https:\/\/amrtop.net\/ro\/produit\/plaque-proprete-inclinable-inox\/","title":{"rendered":"Plaque de propret\u00e9 inclinable inox"},"content":{"rendered":"<h3>Plaque propret\u00e9 inclinable inox<\/h3>\n<p>Accesoriile pentru conducta coaxial\u0103 sunt urm\u0103toarele: Terminal vertical de renovare - Plac\u0103 de acoperire superioar\u0103 400 x 400 - Plac\u0103 intermediar\u0103 - Te izolat DP 90\u00b0 - Element COAX cu priz\u0103 de aer \u00d8 60 - Element COAX cu priz\u0103 de aer \u00d8 60 - Extensie reglabil\u0103 0,25 mm - Flan\u0219\u0103 de siguran\u021b\u0103 concentric\u0103 - Cutie de finisare rotund\u0103 alb\u0103 \u0219i neagr\u0103 - O\u021bel inoxidabil - alb - negru Plac\u0103 spate basculant\u0103 0\u00b0 la 10\u00b0 sau 10\u00b0 la 30\u00b0 sau 30\u00b0 la 40\u00b0 sau 40\u00b0 la 50\u00b0 - Flex th. din aluminiu. 0,12 mm - Flex din aluminiu th. 0,6 mm - Flex din \u021bes\u0103tur\u0103 de sticl\u0103 neagr\u0103 cu arm\u0103tur\u0103 4 m - Flex din \u021bes\u0103tur\u0103 de sticl\u0103 neagr\u0103 cu arm\u0103tur\u0103 1 m - Clem\u0103 din o\u021bel inoxidabil - Diametru cresc\u0103tor alu. mascul sau alu. negru mascul - Intrare de aer de perete neagr\u0103 sau din o\u021bel inoxidabil - Element concentric din o\u021bel inoxidabil intrare de aer orizontal\u0103 cu evacuare a fumului - Plac\u0103 de finisare alb\u0103 joas\u0103 aspira\u021bie tip C9 pentru coaxial \u0219i multe altele ....<\/p>\n<p><strong>Lubrifia\u021bi garnitura \u00eenainte de montare<\/strong><\/p>\n<h3><strong>Marcarea<\/strong><\/h3>\n<p>CE \u00een conformitate cu NF EN 14989-2 T600 N1 W V2 L50040 G100<\/p>\n<h3><strong>Utilizarea p<\/strong>laque propret\u00e9 inclinable inox<\/h3>\n<p>Accesorii pentru gama\u00a0<strong>CXP COAXIAL PELLET INOX - INOX \u0218I INOX- INOX NEGRU<\/strong>\u00a0v\u0103 va permite s\u0103 v\u0103 completa\u021bi co\u0219ul de fum, oferindu-v\u0103 solu\u021bii care s\u0103 simplifice munca operatorului care se ocup\u0103 de instalare \u0219i s\u0103 ob\u021bine\u021bi un rezultat estetic bun prin utilizarea pieselor speciale \u0219i de finisare oferite de Amrtop.<\/p>\n<h3><strong>Instalarea aplica\u021biei<\/strong><\/h3>\n<p>Intern sau extern.<\/p>\n<h3><strong>Domestic<\/strong><\/h3>\n<p><a href=\"https:\/\/wekos.it\/\">stufe, cucine \u0219i termocucine a legna<\/a>\u00a0-\u00a0<a href=\"https:\/\/www.greenpuros.com\/\">caminetti, stufe, termostufe \u0219i caldaie a pellet.<\/a><\/p>\n<h3><strong>Gama de sisteme de fum AMR TOP \u00a0\u00a0\u00a0\u00a0\u00a0\u00a0\u00a0\u00a0\u00a0\u00a0\u00a0\u00a0\u00a0\u00a0\u00a0\u00a0\u00a0\u00a0\u00a0\u00a0\u00a0\u00a0\u00a0\u00a0\u00a0\u00a0\u00a0\u00a0\u00a0\u00a0\u00a0\u00a0\u00a0\u00a0\u00a0\u00a0\u00a0\u00a0\u00a0\u00a0\u00a0\u00a0\u00a0\u00a0\u00a0\u00a0\u00a0 \u00a0\u00a0\u00a0\u00a0\u00a0\u00a0\u00a0\u00a0\u00a0\u00a0\u00a0\u00a0\u00a0\u00a0\u00a0\u00a0\u00a0\u00a0\u00a0\u00a0\u00a0\u00a0\u00a0\u00a0\u00a0\u00a0\u00a0\u00a0\u00a0\u00a0\u00a0\u00a0\u00a0\u00a0\u00a0\u00a0\u00a0\u00a0\u00a0\u00a0\u00a0\u00a0\u00a0\u00a0\u00a0\u00a0\u00a0\u00a0\u00a0\u00a0\u00a0\u00a0\u00a0\u00a0\u00a0\u00a0\u00a0\u00a0\u00a0\u00a0\u00a0\u00a0\u00a0\u00a0\u00a0\u00a0<\/strong><\/h3>\n<p><a href=\"https:\/\/amrtop.com\/B2B\/categoria-prodotto\/canne-fumarie\/top-flex-sp-tubi-flessibili-inox\/\"><strong>Top flex SP - Tubi flessibili inox corrugati mono \u0219i doppia parete<\/strong><\/a><\/p>\n<p><a href=\"https:\/\/amrtop.com\/B2B\/categoria-prodotto\/canne-fumarie\/tubo-monoparete-acciaio-inox\/\"><strong>Sp - Tubo rigido mono parete inox aisi 316L<\/strong><\/a><\/p>\n<p><a href=\"https:\/\/amrtop.com\/B2B\/categoria-prodotto\/canne-fumarie\/isotop-flex-flessibile-coibentato\/\"><strong>Iso top flex - Tubo flexisbile doppia parete interno liscio coibentato<\/strong><\/a><\/p>\n<p><a href=\"https:\/\/amrtop.com\/B2B\/categoria-prodotto\/canne-fumarie\/dp-aria-doppia-parete-aria\/\"><strong>Dp air - Tubo doppia parete inox a camera d'aria<\/strong><\/a><\/p>\n<p><a href=\"https:\/\/amrtop.com\/B2B\/categoria-prodotto\/canne-fumarie\/dp-doppia-parete\/\"><strong>Dp - Tubo doppia parete inox coibentati 10 mm - 25 mm<\/strong><\/a><\/p>\n<p><a href=\"https:\/\/amrtop.com\/B2B\/categoria-prodotto\/canne-fumarie\/coax-top-coassiale\/\"><strong>Coax top - Tubo coassiale inox<\/strong><\/a><\/p>\n<p><a href=\"https:\/\/amrtop.com\/B2B\/categoria-prodotto\/canne-fumarie\/coax-pellet-tubo-coassiale-inox\/\"><strong>Pelete coaxiale - \u021aeav\u0103 coaxial\u0103 din o\u021bel inoxidabil<\/strong><\/a><\/p>\n<p><a href=\"https:\/\/amrtop.com\/B2B\/categoria-prodotto\/canne-fumarie\/biom-top\/\"><strong>Biom top - Tubi per stufe a pellet<\/strong><\/a><\/p>\n<p><a href=\"https:\/\/amrtop.com\/B2B\/categoria-prodotto\/canne-fumarie\/alutop-alluminio-estensibile\/\"><strong>Alu top - Tubo alluminio flessibile estensibile<\/strong><\/a><\/p>","protected":false},"excerpt":{"rendered":"<p>Plaque propret\u00e9 inclinable inox Les accessoires pour le tuyau coaxial sont les suivants: Terminal vertical r\u00e9novation \u2013 Plaque de finition haute 400 x 400 \u2013 Plaque interm\u00e9diaire \u2013 T\u00e9 \u00e0 90\u00b0 DP isol\u00e9 \u2013 \u00a0El\u00e9ment COAX avec prise d\u2019air \u00d8 60 \u2013 El\u00e9ment COAX avec prise d\u2019air \u00d8 60 \u2013 Rallonge ajustable 0,25 mm \u2013 [&hellip;]<\/p>\n","protected":false},"featured_media":33101,"comment_status":"open","ping_status":"closed","template":"","meta":[],"product_brand":[],"product_cat":[1558,1555,1560],"product_tag":[],"class_list":{"0":"post-33207","1":"product","2":"type-product","3":"status-publish","4":"has-post-thumbnail","6":"product_cat-accessoires-finition-coaxiale-inox","7":"product_cat-tuyau-coaxial-inox-inox-black","8":"product_cat-conduits-de-fumee","10":"first","11":"instock","12":"shipping-taxable","13":"purchasable","14":"product-type-variable"},"yoast_head":"<!-- This site is optimized with the Yoast SEO plugin v27.4 - https:\/\/yoast.com\/product\/yoast-seo-wordpress\/ -->\n<title>Plaque propret\u00e9 inclinable inox<\/title>\n<meta name=\"description\" content=\"Plaque propret\u00e9 inclinable inox les accessoires pour la gamme\u00a0CXP COAXIAL PELLET INOX \u2013 INOX ET INOX- INOX BLACK\" \/>\n<meta name=\"robots\" content=\"index, follow, max-snippet:-1, max-image-preview:large, max-video-preview:-1\" \/>\n<link rel=\"canonical\" href=\"https:\/\/amrtop.net\/ro\/produs\/plaque-proprete-inclinable-inox\/\" \/>\n<meta property=\"og:locale\" content=\"ro_RO\" \/>\n<meta property=\"og:type\" content=\"article\" \/>\n<meta property=\"og:title\" content=\"Plaque propret\u00e9 inclinable inox\" \/>\n<meta property=\"og:description\" content=\"Plaque propret\u00e9 inclinable inox les accessoires pour la gamme\u00a0CXP COAXIAL PELLET INOX \u2013 INOX ET INOX- INOX BLACK\" \/>\n<meta property=\"og:url\" content=\"https:\/\/amrtop.net\/ro\/produs\/plaque-proprete-inclinable-inox\/\" \/>\n<meta property=\"og:site_name\" content=\"AMRTOP B2B \u00c9tranger - Achats r\u00e9serv\u00e9s au professionnel\" \/>\n<meta property=\"article:modified_time\" content=\"2023-06-08T08:14:20+00:00\" \/>\n<meta property=\"og:image\" content=\"https:\/\/amrtop.net\/wp-content\/uploads\/2022\/06\/Plaque-de-proprete-inclinable-inox-pente.jpg\" \/>\n\t<meta property=\"og:image:width\" content=\"640\" \/>\n\t<meta property=\"og:image:height\" content=\"640\" \/>\n\t<meta property=\"og:image:type\" content=\"image\/jpeg\" \/>\n<meta name=\"twitter:card\" content=\"summary_large_image\" \/>\n<meta name=\"twitter:label1\" content=\"Timp estimat pentru citire\" \/>\n\t<meta name=\"twitter:data1\" content=\"2 minute\" \/>\n<script type=\"application\/ld+json\" class=\"yoast-schema-graph\">{\"@context\":\"https:\\\/\\\/schema.org\",\"@graph\":[{\"@type\":\"WebPage\",\"@id\":\"https:\\\/\\\/amrtop.net\\\/produit\\\/plaque-proprete-inclinable-inox\\\/\",\"url\":\"https:\\\/\\\/amrtop.net\\\/produit\\\/plaque-proprete-inclinable-inox\\\/\",\"name\":\"Plaque propret\u00e9 inclinable inox\",\"isPartOf\":{\"@id\":\"https:\\\/\\\/amrtop.net\\\/#website\"},\"primaryImageOfPage\":{\"@id\":\"https:\\\/\\\/amrtop.net\\\/produit\\\/plaque-proprete-inclinable-inox\\\/#primaryimage\"},\"image\":{\"@id\":\"https:\\\/\\\/amrtop.net\\\/produit\\\/plaque-proprete-inclinable-inox\\\/#primaryimage\"},\"thumbnailUrl\":\"https:\\\/\\\/amrtop.net\\\/wp-content\\\/uploads\\\/2022\\\/06\\\/Plaque-de-proprete-inclinable-inox-pente.jpg\",\"datePublished\":\"2022-06-16T13:11:37+00:00\",\"dateModified\":\"2023-06-08T08:14:20+00:00\",\"description\":\"Plaque propret\u00e9 inclinable inox les accessoires pour la gamme\u00a0CXP COAXIAL PELLET INOX \u2013 INOX ET INOX- INOX BLACK\",\"breadcrumb\":{\"@id\":\"https:\\\/\\\/amrtop.net\\\/produit\\\/plaque-proprete-inclinable-inox\\\/#breadcrumb\"},\"inLanguage\":\"ro-RO\",\"potentialAction\":[{\"@type\":\"ReadAction\",\"target\":[\"https:\\\/\\\/amrtop.net\\\/produit\\\/plaque-proprete-inclinable-inox\\\/\"]}]},{\"@type\":\"ImageObject\",\"inLanguage\":\"ro-RO\",\"@id\":\"https:\\\/\\\/amrtop.net\\\/produit\\\/plaque-proprete-inclinable-inox\\\/#primaryimage\",\"url\":\"https:\\\/\\\/amrtop.net\\\/wp-content\\\/uploads\\\/2022\\\/06\\\/Plaque-de-proprete-inclinable-inox-pente.jpg\",\"contentUrl\":\"https:\\\/\\\/amrtop.net\\\/wp-content\\\/uploads\\\/2022\\\/06\\\/Plaque-de-proprete-inclinable-inox-pente.jpg\",\"width\":640,\"height\":640,\"caption\":\"Plaque propret\u00e9 inclinable inox\"},{\"@type\":\"BreadcrumbList\",\"@id\":\"https:\\\/\\\/amrtop.net\\\/produit\\\/plaque-proprete-inclinable-inox\\\/#breadcrumb\",\"itemListElement\":[{\"@type\":\"ListItem\",\"position\":1,\"name\":\"Home\",\"item\":\"https:\\\/\\\/amrtop.net\\\/\"},{\"@type\":\"ListItem\",\"position\":2,\"name\":\"Shop\",\"item\":\"https:\\\/\\\/amrtop.net\\\/negozio\\\/\"},{\"@type\":\"ListItem\",\"position\":3,\"name\":\"Plaque de propret\u00e9 inclinable inox\"}]},{\"@type\":\"WebSite\",\"@id\":\"https:\\\/\\\/amrtop.net\\\/#website\",\"url\":\"https:\\\/\\\/amrtop.net\\\/\",\"name\":\"AMRTOP B2B \u00c9tranger - Achats r\u00e9serv\u00e9s au professionnel\",\"description\":\"Pi\u00e8ces de rechange et accessoires pour po\u00eales et chaudi\u00e8res - eCommerce B2B pour Clients Professionnels\",\"potentialAction\":[{\"@type\":\"SearchAction\",\"target\":{\"@type\":\"EntryPoint\",\"urlTemplate\":\"https:\\\/\\\/amrtop.net\\\/?s={search_term_string}\"},\"query-input\":{\"@type\":\"PropertyValueSpecification\",\"valueRequired\":true,\"valueName\":\"search_term_string\"}}],\"inLanguage\":\"ro-RO\"}]}<\/script>\n<!-- \/ Yoast SEO plugin. -->","yoast_head_json":{"title":"Plaque propret\u00e9 inclinable inox","description":"Plaque propret\u00e9 inclinable inox les accessoires pour la gamme\u00a0CXP COAXIAL PELLET INOX \u2013 INOX ET INOX- INOX BLACK","robots":{"index":"index","follow":"follow","max-snippet":"max-snippet:-1","max-image-preview":"max-image-preview:large","max-video-preview":"max-video-preview:-1"},"canonical":"https:\/\/amrtop.net\/ro\/produs\/plaque-proprete-inclinable-inox\/","og_locale":"ro_RO","og_type":"article","og_title":"Plaque propret\u00e9 inclinable inox","og_description":"Plaque propret\u00e9 inclinable inox les accessoires pour la gamme\u00a0CXP COAXIAL PELLET INOX \u2013 INOX ET INOX- INOX BLACK","og_url":"https:\/\/amrtop.net\/ro\/produs\/plaque-proprete-inclinable-inox\/","og_site_name":"AMRTOP B2B \u00c9tranger - Achats r\u00e9serv\u00e9s au professionnel","article_modified_time":"2023-06-08T08:14:20+00:00","og_image":[{"width":640,"height":640,"url":"https:\/\/amrtop.net\/wp-content\/uploads\/2022\/06\/Plaque-de-proprete-inclinable-inox-pente.jpg","type":"image\/jpeg"}],"twitter_card":"summary_large_image","twitter_misc":{"Timp estimat pentru citire":"2 minute"},"schema":{"@context":"https:\/\/schema.org","@graph":[{"@type":"WebPage","@id":"https:\/\/amrtop.net\/produit\/plaque-proprete-inclinable-inox\/","url":"https:\/\/amrtop.net\/produit\/plaque-proprete-inclinable-inox\/","name":"Plaque propret\u00e9 inclinable inox","isPartOf":{"@id":"https:\/\/amrtop.net\/#website"},"primaryImageOfPage":{"@id":"https:\/\/amrtop.net\/produit\/plaque-proprete-inclinable-inox\/#primaryimage"},"image":{"@id":"https:\/\/amrtop.net\/produit\/plaque-proprete-inclinable-inox\/#primaryimage"},"thumbnailUrl":"https:\/\/amrtop.net\/wp-content\/uploads\/2022\/06\/Plaque-de-proprete-inclinable-inox-pente.jpg","datePublished":"2022-06-16T13:11:37+00:00","dateModified":"2023-06-08T08:14:20+00:00","description":"Plaque propret\u00e9 inclinable inox les accessoires pour la gamme\u00a0CXP COAXIAL PELLET INOX \u2013 INOX ET INOX- INOX BLACK","breadcrumb":{"@id":"https:\/\/amrtop.net\/produit\/plaque-proprete-inclinable-inox\/#breadcrumb"},"inLanguage":"ro-RO","potentialAction":[{"@type":"ReadAction","target":["https:\/\/amrtop.net\/produit\/plaque-proprete-inclinable-inox\/"]}]},{"@type":"ImageObject","inLanguage":"ro-RO","@id":"https:\/\/amrtop.net\/produit\/plaque-proprete-inclinable-inox\/#primaryimage","url":"https:\/\/amrtop.net\/wp-content\/uploads\/2022\/06\/Plaque-de-proprete-inclinable-inox-pente.jpg","contentUrl":"https:\/\/amrtop.net\/wp-content\/uploads\/2022\/06\/Plaque-de-proprete-inclinable-inox-pente.jpg","width":640,"height":640,"caption":"Plaque propret\u00e9 inclinable inox"},{"@type":"BreadcrumbList","@id":"https:\/\/amrtop.net\/produit\/plaque-proprete-inclinable-inox\/#breadcrumb","itemListElement":[{"@type":"ListItem","position":1,"name":"Home","item":"https:\/\/amrtop.net\/"},{"@type":"ListItem","position":2,"name":"Shop","item":"https:\/\/amrtop.net\/negozio\/"},{"@type":"ListItem","position":3,"name":"Plaque de propret\u00e9 inclinable inox"}]},{"@type":"WebSite","@id":"https:\/\/amrtop.net\/#website","url":"https:\/\/amrtop.net\/","name":"AMRTOP B2B Abroad - Achizi\u021bii rezervate profesioni\u0219tilor","description":"Piese de schimb \u0219i accesorii pentru sobe \u0219i cazane - eCommerce B2B pentru clien\u021bi profesioni\u0219ti","potentialAction":[{"@type":"SearchAction","target":{"@type":"EntryPoint","urlTemplate":"https:\/\/amrtop.net\/?s={search_term_string}"},"query-input":{"@type":"PropertyValueSpecification","valueRequired":true,"valueName":"search_term_string"}}],"inLanguage":"ro-RO"}]}},"_links":{"self":[{"href":"https:\/\/amrtop.net\/ro\/wp-json\/wp\/v2\/product\/33207","targetHints":{"allow":["GET"]}}],"collection":[{"href":"https:\/\/amrtop.net\/ro\/wp-json\/wp\/v2\/product"}],"about":[{"href":"https:\/\/amrtop.net\/ro\/wp-json\/wp\/v2\/types\/product"}],"replies":[{"embeddable":true,"href":"https:\/\/amrtop.net\/ro\/wp-json\/wp\/v2\/comments?post=33207"}],"wp:featuredmedia":[{"embeddable":true,"href":"https:\/\/amrtop.net\/ro\/wp-json\/wp\/v2\/media\/33101"}],"wp:attachment":[{"href":"https:\/\/amrtop.net\/ro\/wp-json\/wp\/v2\/media?parent=33207"}],"wp:term":[{"taxonomy":"product_brand","embeddable":true,"href":"https:\/\/amrtop.net\/ro\/wp-json\/wp\/v2\/product_brand?post=33207"},{"taxonomy":"product_cat","embeddable":true,"href":"https:\/\/amrtop.net\/ro\/wp-json\/wp\/v2\/product_cat?post=33207"},{"taxonomy":"product_tag","embeddable":true,"href":"https:\/\/amrtop.net\/ro\/wp-json\/wp\/v2\/product_tag?post=33207"}],"curies":[{"name":"wp","href":"https:\/\/api.w.org\/{rel}","templated":true}]}}