{"id":3579,"date":"2020-01-10T00:00:00","date_gmt":"2020-01-10T00:00:00","guid":{"rendered":"https:\/\/amrtop.com\/B2B\/?post_type=product&#038;p=3579"},"modified":"2023-05-26T13:45:52","modified_gmt":"2023-05-26T13:45:52","slug":"bougie-dallumage-raccord-3-8-l-173-mm-300-w","status":"publish","type":"product","link":"https:\/\/amrtop.net\/ro\/produit\/bougie-dallumage-raccord-3-8-l-173-mm-300-w\/","title":{"rendered":"Bujie cu conexiune 3\/8 la 9,9 mm - 300 Watt - Lungime total\u0103 173 mm - Cod ELD60029"},"content":{"rendered":"<hr \/>\n<h3><strong>Bougie d\u2019allumage raccord 3\/8 L.173 mm 300 w<\/strong><\/h3>\n<p><strong>Amrtop<\/strong>\u00a0offre 12 types de bougies d\u2019allumage avec raccord 3\/8&#8243; \u00f8 9,9 mm de diff\u00e9rentes longueurs sont de type\u00a0<strong>densitate mare de putere cu tehnologia Ultramax SC400\u00a0<\/strong>Acestea fac parte din noua genera\u021bie de elemente de \u00eenc\u0103lzire electrice, permi\u021b\u00e2nd utilizarea sarcinilor de putere mare \u00een spa\u021bii foarte concentrate. Ele garanteaz\u0103 o mare fiabilitate chiar \u0219i \u00een cele mai dificile condi\u021bii de lucru. Acest lucru este posibil datorit\u0103 tehnologiei speciale de construc\u021bie care face din aceste dispozitive cea mai avansat\u0103 expresie a elementelor de \u00eenc\u0103lzire.<\/p>\n<h3>Utilisation de la bougie de raccordement 3\/8 L.173 mm 300 w<\/h3>\n<p>La bougie de pr\u00e9chauffage, r\u00e9sistance ou cartouche d\u2019allumage commercialis\u00e9e par\u00a0<strong>Amrtop<\/strong>\u00a0pour les po\u00eales et chaudi\u00e8res \u00e0 pellets raccord\u00e9s 3\/8&#8243; \u00f8 9,9 mm &#8211; 300 Watt &#8211; Longueur totale 180 mm &#8211; Code ELD60029 est utilis\u00e9 dans le secteur du chauffage \u00e0 biomasse pellets, copeaux et autres &#8230; sont mont\u00e9es dans les po\u00eales et chaudi\u00e8res \u00e0 pellets pour cr\u00e9er l\u2019inflammation du combustible indirectement par l\u2019air ou directement.<\/p>\n<h3><strong>Avantaje :<\/strong><\/h3>\n<p>Care sunt avantajele bujiilor, rezisten\u021belor sau cartu\u0219elor de aprindere?<\/p>\n<ul>\n<li>Siguran\u021b\u0103 maxim\u0103 (f\u0103r\u0103 risc de supra\u00eenc\u0103lzire, scurtcircuit sau incendiu)<\/li>\n<li>\u00centreaga lungime poate fi utilizat\u0103 ca element de \u00eenc\u0103lzire.<\/li>\n<li>Circula\u021bie mai bun\u0103 \u0219i timp redus pentru atingerea temperaturii de func\u021bionare, ceea ce duce la un consum mai mic de energie electric\u0103.<\/li>\n<\/ul>\n<h3><strong>Interior<\/strong><\/h3>\n<p><a href=\"https:\/\/wekos.it\/\">Sobe, aragazuri \u0219i aragazuri pe lemne<\/a>\u00a0-\u00a0<a href=\"https:\/\/www.greenpuros.com\/\">\u0219eminee, sobe \u0219i cazane pe pele\u021bi.<\/a><\/p>\n<h3><strong>Gama Amrtop de piese de schimb \u0219i accesorii<\/strong><\/h3>\n<p><a href=\"https:\/\/amrtop.net\/ro\/categoria-de-produse\/piese-de-schimb-sobe-si-cazane-de-gatit-si-cazane-mixte-2\/bougies-dallumage-pour-poeles-et-chaudieres-a-pellets\/\">Bujii incandescente<\/a><\/p>\n<p><a href=\"https:\/\/amrtop.net\/ro\/categoria-de-produse\/piese-de-schimb-sobe-si-cazane-de-gatit-si-cazane-mixte-2\/electronique\/\">Electronic\u0103<\/a><\/p>\n<p><a href=\"https:\/\/amrtop.net\/ro\/categoria-de-produse\/piese-de-schimb-sobe-si-cazane-de-gatit-si-cazane-mixte-2\/extracteurs-de-fumee\/\">Extractoare de fum<\/a><\/p>\n<p><a href=\"https:\/\/amrtop.net\/ro\/categoria-de-produse\/piese-de-schimb-sobe-si-cazane-de-gatit-si-cazane-mixte-2\/gaines-cable-connecteurs\/\">Teci de cablu conector<\/a><\/p>\n<p><a href=\"https:\/\/amrtop.net\/ro\/categoria-de-produse\/piese-de-schimb-sobe-si-cazane-de-gatit-si-cazane-mixte-2\/joints-de-silicone\/\">Garnituri de silicon<\/a><\/p>\n<p><a href=\"https:\/\/amrtop.net\/ro\/categoria-de-produse\/piese-de-schimb-sobe-si-cazane-de-gatit-si-cazane-mixte-2\/motoreducteurs\/\">Motoare cu angrenaje<\/a><\/p>\n<p><a href=\"https:\/\/amrtop.net\/ro\/categoria-de-produse\/piese-de-schimb-sobe-si-cazane-de-gatit-si-cazane-mixte-2\/pressostats-et-transducteurs\/\">Presostate \u0219i traductoare de presiune<\/a><\/p>\n<p><a href=\"https:\/\/amrtop.com\/B2B\/fr\/categorie-produit\/ricambi-vari-stufe-e-caldaie\/sonde-termostati-manometri-termometri\/\">Sonde termostate manometre termometre termometre<\/a><\/p>\n<p><a href=\"https:\/\/amrtop.net\/ro\/categoria-de-produse\/piese-de-schimb-sobe-si-cazane-de-gatit-si-cazane-mixte-2\/joints-detancheite\/\">Tricotaje de etan\u0219are<\/a><\/p>\n<p><a href=\"https:\/\/amrtop.net\/ro\/categoria-de-produse\/piese-de-schimb-sobe-si-cazane-de-gatit-si-cazane-mixte-2\/ventilateurs-centrifuges-pour-poeles-a-pellets\/\">Ventilatoare centrifuge<\/a><\/p>\n<p><a href=\"https:\/\/amrtop.net\/ro\/categoria-de-produse\/piese-de-schimb-sobe-si-cazane-de-gatit-si-cazane-mixte-2\/ventilateurs-tangentiels-flux-transversal\/\">Ventilatoare cu flux \u00eencruci\u0219at<\/a><\/p>\n<p><a href=\"https:\/\/amrtop.net\/ro\/categoria-de-produse\/piese-de-schimb-sobe-si-cazane-de-gatit-si-cazane-mixte-2\/adhesifs-et-produits-detancheite\/\">Adezivi \u0219i materiale de etan\u0219are<\/a><\/p>\n<p>&nbsp;<\/p>","protected":false},"excerpt":{"rendered":"<hr \/>\n<h2><span style=\"color: #008000\">Disponibil la<\/span><\/h2>\n<hr \/>\n<h3>Bujie cu conexiune de 3\/8\u2033<\/h3>\n<p>Code.ELD60029<\/p>\n<p>\u00f8 9.9 mm<br \/>\nLongueur totale : 180 mm<br \/>\nLongueur sous-\u00e9crou : 170 mm<br \/>\nPutere: 300 W<br \/>\nLungime cablu: 500 mm<\/p>\n<h3>Compatibilitate<\/h3>\n<hr \/>\n<p><strong>Bujie\/rezistor\/cartu\u0219 de aprindere compatibil cu urm\u0103toarele m\u0103rci de sobe pe pele\u021bi<\/strong><\/p>\n<p><strong>Chazelles compatible avec les mod\u00e8les de po\u00eales suivants:\u00a0<\/strong>A8,\u00a0Amandine, Alessia,\u00a0Aleyna,\u00a0T Bice,\u00a0T Barbara,\u00a0Elance,\u00a0Facel 1000,\u00a0Tetra<\/p>\n<p><strong>Dargemont compatible avec les mod\u00e8les de po\u00eales suivants:\u00a0<\/strong>Murat, Aubrac,\u00a0 Balmet, Mauriac, Flame 6, Flame 9<\/p>\n<p><strong>De dietrich compatible avec les mod\u00e8les de po\u00eales suivants:\u00a0<\/strong>Floralis, Ppa 8bc, Quadralis<\/p>\n<p><strong>Emaflam Mod:\u00a0<\/strong>Flora<\/p>\n<p><b>Laminox Mod:\u00a0<\/b>Margherita, Valentina, Ambra, Clara, Greta, Ester, Tina, Carlotta, Victoria<\/p>\n<p><b>Lincar, Nature line by Paterno, Paterno,\u00a0<strong>Piazzetta,\u00a0<\/strong>Pirosi, Oliveri, Whitfield,\u00a0<\/b><\/p>\n<hr \/>\n<h3>Interschimbabil cu urm\u0103toarele modele de bujii-resisten\u021be-cartu\u0219e de aprindere :<\/h3>\n<p>HT62656, KIT 3,<\/p>","protected":false},"featured_media":37266,"comment_status":"open","ping_status":"closed","template":"","meta":[],"product_brand":[],"product_cat":[842,840,839],"product_tag":[73,76,1351,39],"class_list":{"0":"post-3579","1":"product","2":"type-product","3":"status-publish","4":"has-post-thumbnail","6":"product_cat-bougies-avec-raccord-3-8-o-9-9-mm","7":"product_cat-bougies-dallumage-pour-poeles-et-chaudieres-a-pellets","8":"product_cat-pieces-de-rechange-divers-poeles-et-chaudieres","9":"product_tag-kalor","10":"product_tag-laminox","11":"product_tag-oliveri","12":"product_tag-piazzetta","13":"product_shipping_class-classe-di-spedizione-01","15":"first","16":"instock","17":"shipping-taxable","18":"purchasable","19":"product-type-simple"},"yoast_head":"<!-- This site is optimized with the Yoast SEO plugin v27.5 - https:\/\/yoast.com\/product\/yoast-seo-wordpress\/ -->\n<title>Bougie d\u2019allumage raccord 3\/8 L.173 mm 300 w<\/title>\n<meta name=\"description\" content=\"Bougie d\u2019allumage raccord 3\/8 L.173 mm 300 w - r\u00e9sistance \u00e0 l\u2019allumage avec raccord 3\/8&quot; de 9,9 mm - cartouche \u00e0 allumage raccord 3\/8&quot; de 9,9 mm\" \/>\n<meta name=\"robots\" content=\"index, follow, max-snippet:-1, max-image-preview:large, max-video-preview:-1\" \/>\n<link rel=\"canonical\" href=\"https:\/\/amrtop.net\/ro\/produs\/bougie-dallumage-raccord-3-8-l-173-mm-300-w\/\" \/>\n<meta property=\"og:locale\" content=\"ro_RO\" \/>\n<meta property=\"og:type\" content=\"article\" \/>\n<meta property=\"og:title\" content=\"Bougie d\u2019allumage raccord 3\/8 L.173 mm 300 w\" \/>\n<meta property=\"og:description\" content=\"Bougie d\u2019allumage raccord 3\/8 L.173 mm 300 w - r\u00e9sistance \u00e0 l\u2019allumage avec raccord 3\/8&quot; de 9,9 mm - cartouche \u00e0 allumage raccord 3\/8&quot; de 9,9 mm\" \/>\n<meta property=\"og:url\" content=\"https:\/\/amrtop.net\/ro\/produs\/bougie-dallumage-raccord-3-8-l-173-mm-300-w\/\" \/>\n<meta property=\"og:site_name\" content=\"AMRTOP B2B \u00c9tranger - Achats r\u00e9serv\u00e9s au professionnel\" \/>\n<meta property=\"article:modified_time\" content=\"2023-05-26T13:45:52+00:00\" \/>\n<meta property=\"og:image\" content=\"https:\/\/amrtop.net\/wp-content\/uploads\/2020\/01\/ELD60029-AMR-TOP.jpg\" \/>\n\t<meta property=\"og:image:width\" content=\"960\" \/>\n\t<meta property=\"og:image:height\" content=\"960\" \/>\n\t<meta property=\"og:image:type\" content=\"image\/jpeg\" \/>\n<meta name=\"twitter:card\" content=\"summary_large_image\" \/>\n<meta name=\"twitter:label1\" content=\"Timp estimat pentru citire\" \/>\n\t<meta name=\"twitter:data1\" content=\"3 minute\" \/>\n<script type=\"application\/ld+json\" class=\"yoast-schema-graph\">{\"@context\":\"https:\\\/\\\/schema.org\",\"@graph\":[{\"@type\":\"WebPage\",\"@id\":\"https:\\\/\\\/amrtop.net\\\/produit\\\/bougie-dallumage-raccord-3-8-l-173-mm-300-w\\\/\",\"url\":\"https:\\\/\\\/amrtop.net\\\/produit\\\/bougie-dallumage-raccord-3-8-l-173-mm-300-w\\\/\",\"name\":\"Bougie d\u2019allumage raccord 3\\\/8 L.173 mm 300 w\",\"isPartOf\":{\"@id\":\"https:\\\/\\\/amrtop.net\\\/#website\"},\"primaryImageOfPage\":{\"@id\":\"https:\\\/\\\/amrtop.net\\\/produit\\\/bougie-dallumage-raccord-3-8-l-173-mm-300-w\\\/#primaryimage\"},\"image\":{\"@id\":\"https:\\\/\\\/amrtop.net\\\/produit\\\/bougie-dallumage-raccord-3-8-l-173-mm-300-w\\\/#primaryimage\"},\"thumbnailUrl\":\"https:\\\/\\\/amrtop.net\\\/wp-content\\\/uploads\\\/2020\\\/01\\\/ELD60029-AMR-TOP.jpg\",\"datePublished\":\"2020-01-10T00:00:00+00:00\",\"dateModified\":\"2023-05-26T13:45:52+00:00\",\"description\":\"Bougie d\u2019allumage raccord 3\\\/8 L.173 mm 300 w - r\u00e9sistance \u00e0 l\u2019allumage avec raccord 3\\\/8\\\" de 9,9 mm - cartouche \u00e0 allumage raccord 3\\\/8\\\" de 9,9 mm\",\"breadcrumb\":{\"@id\":\"https:\\\/\\\/amrtop.net\\\/produit\\\/bougie-dallumage-raccord-3-8-l-173-mm-300-w\\\/#breadcrumb\"},\"inLanguage\":\"ro-RO\",\"potentialAction\":[{\"@type\":\"ReadAction\",\"target\":[\"https:\\\/\\\/amrtop.net\\\/produit\\\/bougie-dallumage-raccord-3-8-l-173-mm-300-w\\\/\"]}]},{\"@type\":\"ImageObject\",\"inLanguage\":\"ro-RO\",\"@id\":\"https:\\\/\\\/amrtop.net\\\/produit\\\/bougie-dallumage-raccord-3-8-l-173-mm-300-w\\\/#primaryimage\",\"url\":\"https:\\\/\\\/amrtop.net\\\/wp-content\\\/uploads\\\/2020\\\/01\\\/ELD60029-AMR-TOP.jpg\",\"contentUrl\":\"https:\\\/\\\/amrtop.net\\\/wp-content\\\/uploads\\\/2020\\\/01\\\/ELD60029-AMR-TOP.jpg\",\"width\":960,\"height\":960,\"caption\":\"Bougie d\u2019allumage raccord 3\\\/8 L.173 mm 300 w - r\u00e9sistance \u00e0 l\u2019allumage avec raccord 3\\\/8\\\" de 9,9 mm - cartouche \u00e0 allumage raccord 3\\\/8\\\" de 9,9 mm\"},{\"@type\":\"BreadcrumbList\",\"@id\":\"https:\\\/\\\/amrtop.net\\\/produit\\\/bougie-dallumage-raccord-3-8-l-173-mm-300-w\\\/#breadcrumb\",\"itemListElement\":[{\"@type\":\"ListItem\",\"position\":1,\"name\":\"Home\",\"item\":\"https:\\\/\\\/amrtop.net\\\/\"},{\"@type\":\"ListItem\",\"position\":2,\"name\":\"Shop\",\"item\":\"https:\\\/\\\/amrtop.net\\\/negozio\\\/\"},{\"@type\":\"ListItem\",\"position\":3,\"name\":\"Bougie d\u2019allumage avec raccord 3\\\/8 \u00e0 9,9 mm &#8211; 300 Watt &#8211; Longueur totale 173 mm &#8211; Code ELD60029\"}]},{\"@type\":\"WebSite\",\"@id\":\"https:\\\/\\\/amrtop.net\\\/#website\",\"url\":\"https:\\\/\\\/amrtop.net\\\/\",\"name\":\"AMRTOP B2B \u00c9tranger - Achats r\u00e9serv\u00e9s au professionnel\",\"description\":\"Pi\u00e8ces de rechange et accessoires pour po\u00eales et chaudi\u00e8res - eCommerce B2B pour Clients Professionnels\",\"potentialAction\":[{\"@type\":\"SearchAction\",\"target\":{\"@type\":\"EntryPoint\",\"urlTemplate\":\"https:\\\/\\\/amrtop.net\\\/?s={search_term_string}\"},\"query-input\":{\"@type\":\"PropertyValueSpecification\",\"valueRequired\":true,\"valueName\":\"search_term_string\"}}],\"inLanguage\":\"ro-RO\"}]}<\/script>\n<!-- \/ Yoast SEO plugin. -->","yoast_head_json":{"title":"Bougie d\u2019allumage raccord 3\/8 L.173 mm 300 w","description":"Bujie de aprindere cu racord 3\/8\" L.173 mm 300 w - rezisten\u021b\u0103 de aprindere cu racord 3\/8\" 9,9 mm - cartu\u0219 de aprindere cu racord 3\/8\" 9,9 mm","robots":{"index":"index","follow":"follow","max-snippet":"max-snippet:-1","max-image-preview":"max-image-preview:large","max-video-preview":"max-video-preview:-1"},"canonical":"https:\/\/amrtop.net\/ro\/produs\/bougie-dallumage-raccord-3-8-l-173-mm-300-w\/","og_locale":"ro_RO","og_type":"article","og_title":"Bougie d\u2019allumage raccord 3\/8 L.173 mm 300 w","og_description":"Bougie d\u2019allumage raccord 3\/8 L.173 mm 300 w - r\u00e9sistance \u00e0 l\u2019allumage avec raccord 3\/8\" de 9,9 mm - cartouche \u00e0 allumage raccord 3\/8\" de 9,9 mm","og_url":"https:\/\/amrtop.net\/ro\/produs\/bougie-dallumage-raccord-3-8-l-173-mm-300-w\/","og_site_name":"AMRTOP B2B \u00c9tranger - Achats r\u00e9serv\u00e9s au professionnel","article_modified_time":"2023-05-26T13:45:52+00:00","og_image":[{"width":960,"height":960,"url":"https:\/\/amrtop.net\/wp-content\/uploads\/2020\/01\/ELD60029-AMR-TOP.jpg","type":"image\/jpeg"}],"twitter_card":"summary_large_image","twitter_misc":{"Timp estimat pentru citire":"3 minute"},"schema":{"@context":"https:\/\/schema.org","@graph":[{"@type":"WebPage","@id":"https:\/\/amrtop.net\/produit\/bougie-dallumage-raccord-3-8-l-173-mm-300-w\/","url":"https:\/\/amrtop.net\/produit\/bougie-dallumage-raccord-3-8-l-173-mm-300-w\/","name":"Bougie d\u2019allumage raccord 3\/8 L.173 mm 300 w","isPartOf":{"@id":"https:\/\/amrtop.net\/#website"},"primaryImageOfPage":{"@id":"https:\/\/amrtop.net\/produit\/bougie-dallumage-raccord-3-8-l-173-mm-300-w\/#primaryimage"},"image":{"@id":"https:\/\/amrtop.net\/produit\/bougie-dallumage-raccord-3-8-l-173-mm-300-w\/#primaryimage"},"thumbnailUrl":"https:\/\/amrtop.net\/wp-content\/uploads\/2020\/01\/ELD60029-AMR-TOP.jpg","datePublished":"2020-01-10T00:00:00+00:00","dateModified":"2023-05-26T13:45:52+00:00","description":"Bujie de aprindere cu racord 3\/8\" L.173 mm 300 w - rezisten\u021b\u0103 de aprindere cu racord 3\/8\" 9,9 mm - cartu\u0219 de aprindere cu racord 3\/8\" 9,9 mm","breadcrumb":{"@id":"https:\/\/amrtop.net\/produit\/bougie-dallumage-raccord-3-8-l-173-mm-300-w\/#breadcrumb"},"inLanguage":"ro-RO","potentialAction":[{"@type":"ReadAction","target":["https:\/\/amrtop.net\/produit\/bougie-dallumage-raccord-3-8-l-173-mm-300-w\/"]}]},{"@type":"ImageObject","inLanguage":"ro-RO","@id":"https:\/\/amrtop.net\/produit\/bougie-dallumage-raccord-3-8-l-173-mm-300-w\/#primaryimage","url":"https:\/\/amrtop.net\/wp-content\/uploads\/2020\/01\/ELD60029-AMR-TOP.jpg","contentUrl":"https:\/\/amrtop.net\/wp-content\/uploads\/2020\/01\/ELD60029-AMR-TOP.jpg","width":960,"height":960,"caption":"Bougie d\u2019allumage raccord 3\/8 L.173 mm 300 w - r\u00e9sistance \u00e0 l\u2019allumage avec raccord 3\/8\" de 9,9 mm - cartouche \u00e0 allumage raccord 3\/8\" de 9,9 mm"},{"@type":"BreadcrumbList","@id":"https:\/\/amrtop.net\/produit\/bougie-dallumage-raccord-3-8-l-173-mm-300-w\/#breadcrumb","itemListElement":[{"@type":"ListItem","position":1,"name":"Home","item":"https:\/\/amrtop.net\/"},{"@type":"ListItem","position":2,"name":"Shop","item":"https:\/\/amrtop.net\/negozio\/"},{"@type":"ListItem","position":3,"name":"Bougie d\u2019allumage avec raccord 3\/8 \u00e0 9,9 mm &#8211; 300 Watt &#8211; Longueur totale 173 mm &#8211; Code ELD60029"}]},{"@type":"WebSite","@id":"https:\/\/amrtop.net\/#website","url":"https:\/\/amrtop.net\/","name":"AMRTOP B2B Abroad - Achizi\u021bii rezervate profesioni\u0219tilor","description":"Piese de schimb \u0219i accesorii pentru sobe \u0219i cazane - eCommerce B2B pentru clien\u021bi profesioni\u0219ti","potentialAction":[{"@type":"SearchAction","target":{"@type":"EntryPoint","urlTemplate":"https:\/\/amrtop.net\/?s={search_term_string}"},"query-input":{"@type":"PropertyValueSpecification","valueRequired":true,"valueName":"search_term_string"}}],"inLanguage":"ro-RO"}]}},"_links":{"self":[{"href":"https:\/\/amrtop.net\/ro\/wp-json\/wp\/v2\/product\/3579","targetHints":{"allow":["GET"]}}],"collection":[{"href":"https:\/\/amrtop.net\/ro\/wp-json\/wp\/v2\/product"}],"about":[{"href":"https:\/\/amrtop.net\/ro\/wp-json\/wp\/v2\/types\/product"}],"replies":[{"embeddable":true,"href":"https:\/\/amrtop.net\/ro\/wp-json\/wp\/v2\/comments?post=3579"}],"wp:featuredmedia":[{"embeddable":true,"href":"https:\/\/amrtop.net\/ro\/wp-json\/wp\/v2\/media\/37266"}],"wp:attachment":[{"href":"https:\/\/amrtop.net\/ro\/wp-json\/wp\/v2\/media?parent=3579"}],"wp:term":[{"taxonomy":"product_brand","embeddable":true,"href":"https:\/\/amrtop.net\/ro\/wp-json\/wp\/v2\/product_brand?post=3579"},{"taxonomy":"product_cat","embeddable":true,"href":"https:\/\/amrtop.net\/ro\/wp-json\/wp\/v2\/product_cat?post=3579"},{"taxonomy":"product_tag","embeddable":true,"href":"https:\/\/amrtop.net\/ro\/wp-json\/wp\/v2\/product_tag?post=3579"}],"curies":[{"name":"wp","href":"https:\/\/api.w.org\/{rel}","templated":true}]}}