{"id":3582,"date":"2020-01-10T00:00:00","date_gmt":"2020-01-10T00:00:00","guid":{"rendered":"https:\/\/amrtop.com\/B2B\/?post_type=product&#038;p=3582"},"modified":"2024-05-21T12:41:27","modified_gmt":"2024-05-21T12:41:27","slug":"bujie-cu-conector-1-2-l-170-mm","status":"publish","type":"product","link":"https:\/\/amrtop.net\/ro\/produit\/bougie-avec-raccord-1-2-l-170-mm\/","title":{"rendered":"Bujie cu conexiune 1\/2\u2033 \u00f8 12,5 mm - 350 Watt - Lungime total\u0103 170 mm - Cod ELD60033"},"content":{"rendered":"<h3>Compatibilitate<\/h3>\n<p><strong>Interschimbabil cu urm\u0103torul model de bujie-resistor-cartu\u0219 de aprindere :<\/strong><\/p>\n<p>HT62663<\/p>\n<p><strong>Pentru urm\u0103toarele modele de sobe \u0219i cazane pe pele\u021bi Godin:<\/strong><\/p>\n<p>ALTI<br \/>\nVOLNAY<br \/>\nMAURIAC<br \/>\nCHALENCEY<br \/>\nRIVEDOUX<br \/>\nBRIFFONS<br \/>\nMERLINE<br \/>\nCALMONT<br \/>\nPOMAS<br \/>\nROUZIER<br \/>\nRIGNAC<br \/>\nSAUVAT<br \/>\nVABRE<br \/>\nLANDOGNE<br \/>\nTAUVE<br \/>\nSARROUX<\/p>\n<p>&nbsp;<\/p>","protected":false},"excerpt":{"rendered":"<hr \/>\n<h2><span style=\"color: #008000\">Disponibil la<\/span><\/h2>\n<hr \/>\n<h3>Bujie cu conexiune de 1\/2\u2033<\/h3>\n<p>Cod ELD60033<\/p>\n<p>\u00f8 12,5 mm<br \/>\nLungime total\u0103: 170 mm<br \/>\nLungime sub-dinte: 160 mm<br \/>\nPutere: 350 W<br \/>\nLungime cablu: 500 mm<\/p>\n<p>&nbsp;<\/p>","protected":false},"featured_media":34590,"comment_status":"open","ping_status":"closed","template":"","meta":[],"product_brand":[],"product_cat":[845,840,839],"product_tag":[112,69,124,81,84,40],"class_list":{"0":"post-3582","1":"product","2":"type-product","3":"status-publish","4":"has-post-thumbnail","6":"product_cat-bougies-dallumage-avec-raccord-1-2-en-12-5-mm-o-16-mm","7":"product_cat-bougies-dallumage-pour-poeles-et-chaudieres-a-pellets","8":"product_cat-pieces-de-rechange-divers-poeles-et-chaudieres","9":"product_tag-chazelles","10":"product_tag-invicta","11":"product_tag-jotul","12":"product_tag-mcz","13":"product_tag-palazzetti","14":"product_tag-qlima","15":"product_shipping_class-classe-di-spedizione-01","17":"first","18":"instock","19":"shipping-taxable","20":"purchasable","21":"product-type-simple"},"yoast_head":"<!-- This site is optimized with the Yoast SEO plugin v27.5 - https:\/\/yoast.com\/product\/yoast-seo-wordpress\/ -->\n<title>Bougie avec raccord 1\/2&quot; L.170 mm<\/title>\n<meta name=\"description\" content=\"Bougie avec raccord 1\/2&quot; L.170 mm - r\u00e9sistance \u00e0 l\u2019allumage avec raccord 1\/2&quot; - cartouche \u00e0 allumage raccord 1\/2&quot;\" \/>\n<meta name=\"robots\" content=\"index, follow, max-snippet:-1, max-image-preview:large, max-video-preview:-1\" \/>\n<link rel=\"canonical\" href=\"https:\/\/amrtop.net\/ro\/produs\/bujie-cu-conector-1-2-l-170-mm\/\" \/>\n<meta property=\"og:locale\" content=\"ro_RO\" \/>\n<meta property=\"og:type\" content=\"article\" \/>\n<meta property=\"og:title\" content=\"Bougie avec raccord 1\/2&quot; L.170 mm\" \/>\n<meta property=\"og:description\" content=\"Bougie avec raccord 1\/2&quot; L.170 mm - r\u00e9sistance \u00e0 l\u2019allumage avec raccord 1\/2&quot; - cartouche \u00e0 allumage raccord 1\/2&quot;\" \/>\n<meta property=\"og:url\" content=\"https:\/\/amrtop.net\/ro\/produs\/bujie-cu-conector-1-2-l-170-mm\/\" \/>\n<meta property=\"og:site_name\" content=\"AMRTOP B2B \u00c9tranger - Achats r\u00e9serv\u00e9s au professionnel\" \/>\n<meta property=\"article:modified_time\" content=\"2024-05-21T12:41:27+00:00\" \/>\n<meta property=\"og:image\" content=\"https:\/\/amrtop.net\/wp-content\/uploads\/2020\/01\/eld60033-1.jpg\" \/>\n\t<meta property=\"og:image:width\" content=\"960\" \/>\n\t<meta property=\"og:image:height\" content=\"960\" \/>\n\t<meta property=\"og:image:type\" content=\"image\/jpeg\" \/>\n<meta name=\"twitter:card\" content=\"summary_large_image\" \/>\n<meta name=\"twitter:label1\" content=\"Timp estimat pentru citire\" \/>\n\t<meta name=\"twitter:data1\" content=\"2 minute\" \/>\n<script type=\"application\/ld+json\" class=\"yoast-schema-graph\">{\"@context\":\"https:\\\/\\\/schema.org\",\"@graph\":[{\"@type\":\"WebPage\",\"@id\":\"https:\\\/\\\/amrtop.net\\\/produit\\\/bougie-avec-raccord-1-2-l-170-mm\\\/\",\"url\":\"https:\\\/\\\/amrtop.net\\\/produit\\\/bougie-avec-raccord-1-2-l-170-mm\\\/\",\"name\":\"Bougie avec raccord 1\\\/2\\\" L.170 mm\",\"isPartOf\":{\"@id\":\"https:\\\/\\\/amrtop.net\\\/#website\"},\"primaryImageOfPage\":{\"@id\":\"https:\\\/\\\/amrtop.net\\\/produit\\\/bougie-avec-raccord-1-2-l-170-mm\\\/#primaryimage\"},\"image\":{\"@id\":\"https:\\\/\\\/amrtop.net\\\/produit\\\/bougie-avec-raccord-1-2-l-170-mm\\\/#primaryimage\"},\"thumbnailUrl\":\"https:\\\/\\\/amrtop.net\\\/wp-content\\\/uploads\\\/2020\\\/01\\\/eld60033-1.jpg\",\"datePublished\":\"2020-01-10T00:00:00+00:00\",\"dateModified\":\"2024-05-21T12:41:27+00:00\",\"description\":\"Bougie avec raccord 1\\\/2\\\" L.170 mm - r\u00e9sistance \u00e0 l\u2019allumage avec raccord 1\\\/2\\\" - cartouche \u00e0 allumage raccord 1\\\/2\\\"\",\"breadcrumb\":{\"@id\":\"https:\\\/\\\/amrtop.net\\\/produit\\\/bougie-avec-raccord-1-2-l-170-mm\\\/#breadcrumb\"},\"inLanguage\":\"ro-RO\",\"potentialAction\":[{\"@type\":\"ReadAction\",\"target\":[\"https:\\\/\\\/amrtop.net\\\/produit\\\/bougie-avec-raccord-1-2-l-170-mm\\\/\"]}]},{\"@type\":\"ImageObject\",\"inLanguage\":\"ro-RO\",\"@id\":\"https:\\\/\\\/amrtop.net\\\/produit\\\/bougie-avec-raccord-1-2-l-170-mm\\\/#primaryimage\",\"url\":\"https:\\\/\\\/amrtop.net\\\/wp-content\\\/uploads\\\/2020\\\/01\\\/eld60033-1.jpg\",\"contentUrl\":\"https:\\\/\\\/amrtop.net\\\/wp-content\\\/uploads\\\/2020\\\/01\\\/eld60033-1.jpg\",\"width\":960,\"height\":960,\"caption\":\"Bougie avec raccord 1\\\/2\\\" L.170 mm - r\u00e9sistance \u00e0 l\u2019allumage avec raccord 1\\\/2\\\" - cartouche \u00e0 allumage raccord 1\\\/2\\\"\"},{\"@type\":\"BreadcrumbList\",\"@id\":\"https:\\\/\\\/amrtop.net\\\/produit\\\/bougie-avec-raccord-1-2-l-170-mm\\\/#breadcrumb\",\"itemListElement\":[{\"@type\":\"ListItem\",\"position\":1,\"name\":\"Home\",\"item\":\"https:\\\/\\\/amrtop.net\\\/\"},{\"@type\":\"ListItem\",\"position\":2,\"name\":\"Shop\",\"item\":\"https:\\\/\\\/amrtop.net\\\/negozio\\\/\"},{\"@type\":\"ListItem\",\"position\":3,\"name\":\"Bougie avec raccord 1\\\/2\u2033 \u00f8 12,5 mm &#8211; 350 Watt &#8211; Longueur totale 170 mm &#8211; Code ELD60033\"}]},{\"@type\":\"WebSite\",\"@id\":\"https:\\\/\\\/amrtop.net\\\/#website\",\"url\":\"https:\\\/\\\/amrtop.net\\\/\",\"name\":\"AMRTOP B2B \u00c9tranger - Achats r\u00e9serv\u00e9s au professionnel\",\"description\":\"Pi\u00e8ces de rechange et accessoires pour po\u00eales et chaudi\u00e8res - eCommerce B2B pour Clients Professionnels\",\"potentialAction\":[{\"@type\":\"SearchAction\",\"target\":{\"@type\":\"EntryPoint\",\"urlTemplate\":\"https:\\\/\\\/amrtop.net\\\/?s={search_term_string}\"},\"query-input\":{\"@type\":\"PropertyValueSpecification\",\"valueRequired\":true,\"valueName\":\"search_term_string\"}}],\"inLanguage\":\"ro-RO\"}]}<\/script>\n<!-- \/ Yoast SEO plugin. -->","yoast_head_json":{"title":"Bougie avec raccord 1\/2\" L.170 mm","description":"Bujie de aprindere cu conector de 1\/2\" L.170 mm - rezisten\u021b\u0103 de aprindere cu conector de 1\/2\" - cartu\u0219 de aprindere cu conector de 1\/2\"","robots":{"index":"index","follow":"follow","max-snippet":"max-snippet:-1","max-image-preview":"max-image-preview:large","max-video-preview":"max-video-preview:-1"},"canonical":"https:\/\/amrtop.net\/ro\/produs\/bujie-cu-conector-1-2-l-170-mm\/","og_locale":"ro_RO","og_type":"article","og_title":"Bougie avec raccord 1\/2\" L.170 mm","og_description":"Bougie avec raccord 1\/2\" L.170 mm - r\u00e9sistance \u00e0 l\u2019allumage avec raccord 1\/2\" - cartouche \u00e0 allumage raccord 1\/2\"","og_url":"https:\/\/amrtop.net\/ro\/produs\/bujie-cu-conector-1-2-l-170-mm\/","og_site_name":"AMRTOP B2B \u00c9tranger - Achats r\u00e9serv\u00e9s au professionnel","article_modified_time":"2024-05-21T12:41:27+00:00","og_image":[{"width":960,"height":960,"url":"https:\/\/amrtop.net\/wp-content\/uploads\/2020\/01\/eld60033-1.jpg","type":"image\/jpeg"}],"twitter_card":"summary_large_image","twitter_misc":{"Timp estimat pentru citire":"2 minute"},"schema":{"@context":"https:\/\/schema.org","@graph":[{"@type":"WebPage","@id":"https:\/\/amrtop.net\/produit\/bougie-avec-raccord-1-2-l-170-mm\/","url":"https:\/\/amrtop.net\/produit\/bougie-avec-raccord-1-2-l-170-mm\/","name":"Bougie avec raccord 1\/2\" L.170 mm","isPartOf":{"@id":"https:\/\/amrtop.net\/#website"},"primaryImageOfPage":{"@id":"https:\/\/amrtop.net\/produit\/bougie-avec-raccord-1-2-l-170-mm\/#primaryimage"},"image":{"@id":"https:\/\/amrtop.net\/produit\/bougie-avec-raccord-1-2-l-170-mm\/#primaryimage"},"thumbnailUrl":"https:\/\/amrtop.net\/wp-content\/uploads\/2020\/01\/eld60033-1.jpg","datePublished":"2020-01-10T00:00:00+00:00","dateModified":"2024-05-21T12:41:27+00:00","description":"Bujie de aprindere cu conector de 1\/2\" L.170 mm - rezisten\u021b\u0103 de aprindere cu conector de 1\/2\" - cartu\u0219 de aprindere cu conector de 1\/2\"","breadcrumb":{"@id":"https:\/\/amrtop.net\/produit\/bougie-avec-raccord-1-2-l-170-mm\/#breadcrumb"},"inLanguage":"ro-RO","potentialAction":[{"@type":"ReadAction","target":["https:\/\/amrtop.net\/produit\/bougie-avec-raccord-1-2-l-170-mm\/"]}]},{"@type":"ImageObject","inLanguage":"ro-RO","@id":"https:\/\/amrtop.net\/produit\/bougie-avec-raccord-1-2-l-170-mm\/#primaryimage","url":"https:\/\/amrtop.net\/wp-content\/uploads\/2020\/01\/eld60033-1.jpg","contentUrl":"https:\/\/amrtop.net\/wp-content\/uploads\/2020\/01\/eld60033-1.jpg","width":960,"height":960,"caption":"Bougie avec raccord 1\/2\" L.170 mm - r\u00e9sistance \u00e0 l\u2019allumage avec raccord 1\/2\" - cartouche \u00e0 allumage raccord 1\/2\""},{"@type":"BreadcrumbList","@id":"https:\/\/amrtop.net\/produit\/bougie-avec-raccord-1-2-l-170-mm\/#breadcrumb","itemListElement":[{"@type":"ListItem","position":1,"name":"Home","item":"https:\/\/amrtop.net\/"},{"@type":"ListItem","position":2,"name":"Shop","item":"https:\/\/amrtop.net\/negozio\/"},{"@type":"ListItem","position":3,"name":"Bougie avec raccord 1\/2\u2033 \u00f8 12,5 mm &#8211; 350 Watt &#8211; Longueur totale 170 mm &#8211; Code ELD60033"}]},{"@type":"WebSite","@id":"https:\/\/amrtop.net\/#website","url":"https:\/\/amrtop.net\/","name":"AMRTOP B2B Abroad - Achizi\u021bii rezervate profesioni\u0219tilor","description":"Piese de schimb \u0219i accesorii pentru sobe \u0219i cazane - eCommerce B2B pentru clien\u021bi profesioni\u0219ti","potentialAction":[{"@type":"SearchAction","target":{"@type":"EntryPoint","urlTemplate":"https:\/\/amrtop.net\/?s={search_term_string}"},"query-input":{"@type":"PropertyValueSpecification","valueRequired":true,"valueName":"search_term_string"}}],"inLanguage":"ro-RO"}]}},"_links":{"self":[{"href":"https:\/\/amrtop.net\/ro\/wp-json\/wp\/v2\/product\/3582","targetHints":{"allow":["GET"]}}],"collection":[{"href":"https:\/\/amrtop.net\/ro\/wp-json\/wp\/v2\/product"}],"about":[{"href":"https:\/\/amrtop.net\/ro\/wp-json\/wp\/v2\/types\/product"}],"replies":[{"embeddable":true,"href":"https:\/\/amrtop.net\/ro\/wp-json\/wp\/v2\/comments?post=3582"}],"wp:featuredmedia":[{"embeddable":true,"href":"https:\/\/amrtop.net\/ro\/wp-json\/wp\/v2\/media\/34590"}],"wp:attachment":[{"href":"https:\/\/amrtop.net\/ro\/wp-json\/wp\/v2\/media?parent=3582"}],"wp:term":[{"taxonomy":"product_brand","embeddable":true,"href":"https:\/\/amrtop.net\/ro\/wp-json\/wp\/v2\/product_brand?post=3582"},{"taxonomy":"product_cat","embeddable":true,"href":"https:\/\/amrtop.net\/ro\/wp-json\/wp\/v2\/product_cat?post=3582"},{"taxonomy":"product_tag","embeddable":true,"href":"https:\/\/amrtop.net\/ro\/wp-json\/wp\/v2\/product_tag?post=3582"}],"curies":[{"name":"wp","href":"https:\/\/api.w.org\/{rel}","templated":true}]}}