{"id":3583,"date":"2020-01-10T00:00:00","date_gmt":"2020-01-10T00:00:00","guid":{"rendered":"https:\/\/amrtop.com\/B2B\/?post_type=product&#038;p=3583"},"modified":"2023-05-26T12:21:19","modified_gmt":"2023-05-26T12:21:19","slug":"bougie-avec-raccord-1-2%e2%80%b3-l-190-mm","status":"publish","type":"product","link":"https:\/\/amrtop.net\/ro\/produit\/bougie-avec-raccord-1-2%e2%80%b3-l-190-mm\/","title":{"rendered":"Bujie cu conexiune 1\/2\u2033 \u00f8 12,5 mm - 450 Watt - Lungime total\u0103 190 mm - Cod ELD60034"},"content":{"rendered":"<hr \/>\n<h3>Bougie avec raccord 1\/2\u2033 L.190 mm<\/h3>\n<p><strong>Amrtop<\/strong>\u00a0ofer\u0103 4 tipuri de bujii incandescente cu racorduri de 1\/2\u2033 \u00f8 12,5 mm \u0219i \u00f8 16 mm \u00een lungimi diferite, dup\u0103 cum urmeaz\u0103\u00a0<strong>haute densit\u00e9 de puissance avec la technologie Ultramax SC400.<\/strong><\/p>\n<h3><strong>Utilisation de la bougie avec raccord 1\/2&#8243; L.190 mm<\/strong><\/h3>\n<p>La bougie d\u2019allumage avec raccord 1\/2&#8243; \u00f8 12,5 mm &#8211; 450 Watt &#8211; Longueur totale 190 mm &#8211; Code ELD60034 est utilis\u00e9e dans le secteur du chauffage \u00e0 biomasse granul\u00e9s, copeaux et autres&#8230; sont mont\u00e9es dans les po\u00eales et chaudi\u00e8res \u00e0 pellets pour cr\u00e9er l\u2019inflammation du combustible indirectement par l\u2019air ou directement.<\/p>\n<h3><strong>Ultramax SC400\u00a0<\/strong><\/h3>\n<p><strong>Ultramax SC 400<\/strong>est une cartouche avec un scellement absolument \u00e9tanche, compatible avec les temp\u00e9ratures \u00e9lev\u00e9es avec un processus \u00e0 cycle contr\u00f4l\u00e9, est fondu dans la t\u00eate du r\u00e9chauffeur pour former un scellage coh\u00e9rent aux surfaces m\u00e9talliques au niveau mol\u00e9culaire. L\u2019utilisation des cartouches ULTRAMAX SC400 devient indispensable dans tous les cas, qu\u2019il s\u2019agisse d\u2019une s\u00e9curit\u00e9 et d\u2019une fiabilit\u00e9 \u00e9lev\u00e9es.<\/p>\n<p><a href=\"https:\/\/wekos.it\/\">Sobe, aragazuri \u0219i aragazuri pe lemne<\/a>\u00a0-\u00a0<a href=\"https:\/\/www.greenpuros.com\/\">\u0219eminee, sobe \u0219i cazane pe pele\u021bi.<\/a><\/p>\n<h3><strong>Gama Amrtop de piese de schimb \u0219i accesorii<\/strong><\/h3>\n<p><a href=\"https:\/\/amrtop.net\/ro\/categoria-de-produse\/piese-de-schimb-sobe-si-cazane-de-gatit-si-cazane-mixte-2\/bougies-dallumage-pour-poeles-et-chaudieres-a-pellets\/\">Bujii incandescente<\/a><\/p>\n<p><a href=\"https:\/\/amrtop.net\/ro\/categoria-de-produse\/piese-de-schimb-sobe-si-cazane-de-gatit-si-cazane-mixte-2\/electronique\/\">Electronic\u0103<\/a><\/p>\n<p><a href=\"https:\/\/amrtop.net\/ro\/categoria-de-produse\/piese-de-schimb-sobe-si-cazane-de-gatit-si-cazane-mixte-2\/extracteurs-de-fumee\/\">Extractoare de fum<\/a><\/p>\n<p><a href=\"https:\/\/amrtop.net\/ro\/categoria-de-produse\/piese-de-schimb-sobe-si-cazane-de-gatit-si-cazane-mixte-2\/gaines-cable-connecteurs\/\">Teci de cablu conector<\/a><\/p>\n<p><a href=\"https:\/\/amrtop.net\/ro\/categoria-de-produse\/piese-de-schimb-sobe-si-cazane-de-gatit-si-cazane-mixte-2\/joints-de-silicone\/\">Garnituri de silicon<\/a><\/p>\n<p><a href=\"https:\/\/amrtop.net\/ro\/categoria-de-produse\/piese-de-schimb-sobe-si-cazane-de-gatit-si-cazane-mixte-2\/motoreducteurs\/\">Motoare cu angrenaje<\/a><\/p>\n<p><a href=\"https:\/\/amrtop.net\/ro\/categoria-de-produse\/piese-de-schimb-sobe-si-cazane-de-gatit-si-cazane-mixte-2\/pressostats-et-transducteurs\/\">Presostate \u0219i traductoare de presiune<\/a><\/p>\n<p><a href=\"https:\/\/amrtop.com\/B2B\/fr\/categorie-produit\/ricambi-vari-stufe-e-caldaie\/sonde-termostati-manometri-termometri\/\">Sonde termostate manometre termometre termometre<\/a><\/p>\n<p><a href=\"https:\/\/amrtop.net\/ro\/categoria-de-produse\/piese-de-schimb-sobe-si-cazane-de-gatit-si-cazane-mixte-2\/joints-detancheite\/\">Tricotaje de etan\u0219are<\/a><\/p>\n<p><a href=\"https:\/\/amrtop.net\/ro\/categoria-de-produse\/piese-de-schimb-sobe-si-cazane-de-gatit-si-cazane-mixte-2\/ventilateurs-centrifuges-pour-poeles-a-pellets\/\">Ventilatoare centrifuge<\/a><\/p>\n<p><a href=\"https:\/\/amrtop.net\/ro\/categoria-de-produse\/piese-de-schimb-sobe-si-cazane-de-gatit-si-cazane-mixte-2\/ventilateurs-tangentiels-flux-transversal\/\">Ventilatoare cu flux \u00eencruci\u0219at<\/a><\/p>\n<p><a href=\"https:\/\/amrtop.net\/ro\/categoria-de-produse\/piese-de-schimb-sobe-si-cazane-de-gatit-si-cazane-mixte-2\/adhesifs-et-produits-detancheite\/\">Adezivi \u0219i materiale de etan\u0219are<\/a><\/p>\n<p>&nbsp;<\/p>\n<p>&nbsp;<\/p>","protected":false},"excerpt":{"rendered":"<hr \/>\n<h2><span style=\"color: #008000\">Disponibil la<\/span><\/h2>\n<hr \/>\n<h3>Bujie cu conexiune de 1\/2\u2033<\/h3>\n<p>Code ELD60034<\/p>\n<p>\u00f8 12,5 mm<br \/>\nLongueur totale de la partie longue\u00a0: 190 mm<br \/>\nLungimea sub-dinte: 180 mm<br \/>\nPuissance : 450 W<br \/>\nLungime cablu: 500 mm<\/p>\n<h3>Compatibilitate<\/h3>\n<hr \/>\n<h3>Bujie\/rezistor\/cartu\u0219 de aprindere compatibil cu urm\u0103toarele m\u0103rci de sobe pe pele\u021bi<\/h3>\n<p>Palazzetti<\/p>\n<hr \/>\n<h3>Interschimbabil cu urm\u0103torul model de bujie-resistor-cartu\u0219 de aprindere :<\/h3>\n<p>HT62664<\/p>","protected":false},"featured_media":34591,"comment_status":"open","ping_status":"closed","template":"","meta":[],"product_brand":[],"product_cat":[845,840,839],"product_tag":[84,47],"class_list":{"0":"post-3583","1":"product","2":"type-product","3":"status-publish","4":"has-post-thumbnail","6":"product_cat-bougies-dallumage-avec-raccord-1-2-en-12-5-mm-o-16-mm","7":"product_cat-bougies-dallumage-pour-poeles-et-chaudieres-a-pellets","8":"product_cat-pieces-de-rechange-divers-poeles-et-chaudieres","9":"product_tag-palazzetti","10":"product_tag-xiang","11":"product_shipping_class-classe-di-spedizione-01","13":"first","14":"instock","15":"shipping-taxable","16":"purchasable","17":"product-type-simple"},"yoast_head":"<!-- This site is optimized with the Yoast SEO plugin v27.5 - https:\/\/yoast.com\/product\/yoast-seo-wordpress\/ -->\n<title>Bougie avec raccord 1\/2\u2033 L.190 mm<\/title>\n<meta name=\"description\" content=\"Bougie avec raccord 1\/2\u2033 L.190 mm - r\u00e9sistance \u00e0 l\u2019allumage avec raccord 1\/2&quot; - cartouche d\u2019allumage raccord 1\/2&quot; - Bougie allumage raccord 1\/2\u2033 L.190 mm\" \/>\n<meta name=\"robots\" content=\"index, follow, max-snippet:-1, max-image-preview:large, max-video-preview:-1\" \/>\n<link rel=\"canonical\" href=\"https:\/\/amrtop.net\/ro\/produs\/bougie-avec-raccord-1-2\u2033-l-190-mm\/\" \/>\n<meta property=\"og:locale\" content=\"ro_RO\" \/>\n<meta property=\"og:type\" content=\"article\" \/>\n<meta property=\"og:title\" content=\"Bougie avec raccord 1\/2\u2033 L.190 mm\" \/>\n<meta property=\"og:description\" content=\"Bougie avec raccord 1\/2\u2033 L.190 mm - r\u00e9sistance \u00e0 l\u2019allumage avec raccord 1\/2&quot; - cartouche d\u2019allumage raccord 1\/2&quot; - Bougie allumage raccord 1\/2\u2033 L.190 mm\" \/>\n<meta property=\"og:url\" content=\"https:\/\/amrtop.net\/ro\/produs\/bougie-avec-raccord-1-2\u2033-l-190-mm\/\" \/>\n<meta property=\"og:site_name\" content=\"AMRTOP B2B \u00c9tranger - Achats r\u00e9serv\u00e9s au professionnel\" \/>\n<meta property=\"article:modified_time\" content=\"2023-05-26T12:21:19+00:00\" \/>\n<meta property=\"og:image\" content=\"https:\/\/amrtop.net\/wp-content\/uploads\/2020\/01\/eld60034-1.jpg\" \/>\n\t<meta property=\"og:image:width\" content=\"960\" \/>\n\t<meta property=\"og:image:height\" content=\"960\" \/>\n\t<meta property=\"og:image:type\" content=\"image\/jpeg\" \/>\n<meta name=\"twitter:card\" content=\"summary_large_image\" \/>\n<meta name=\"twitter:label1\" content=\"Timp estimat pentru citire\" \/>\n\t<meta name=\"twitter:data1\" content=\"1 minut\" \/>\n<script type=\"application\/ld+json\" class=\"yoast-schema-graph\">{\"@context\":\"https:\\\/\\\/schema.org\",\"@graph\":[{\"@type\":\"WebPage\",\"@id\":\"https:\\\/\\\/amrtop.net\\\/produit\\\/bougie-avec-raccord-1-2%e2%80%b3-l-190-mm\\\/\",\"url\":\"https:\\\/\\\/amrtop.net\\\/produit\\\/bougie-avec-raccord-1-2%e2%80%b3-l-190-mm\\\/\",\"name\":\"Bougie avec raccord 1\\\/2\u2033 L.190 mm\",\"isPartOf\":{\"@id\":\"https:\\\/\\\/amrtop.net\\\/#website\"},\"primaryImageOfPage\":{\"@id\":\"https:\\\/\\\/amrtop.net\\\/produit\\\/bougie-avec-raccord-1-2%e2%80%b3-l-190-mm\\\/#primaryimage\"},\"image\":{\"@id\":\"https:\\\/\\\/amrtop.net\\\/produit\\\/bougie-avec-raccord-1-2%e2%80%b3-l-190-mm\\\/#primaryimage\"},\"thumbnailUrl\":\"https:\\\/\\\/amrtop.net\\\/wp-content\\\/uploads\\\/2020\\\/01\\\/eld60034-1.jpg\",\"datePublished\":\"2020-01-10T00:00:00+00:00\",\"dateModified\":\"2023-05-26T12:21:19+00:00\",\"description\":\"Bougie avec raccord 1\\\/2\u2033 L.190 mm - r\u00e9sistance \u00e0 l\u2019allumage avec raccord 1\\\/2\\\" - cartouche d\u2019allumage raccord 1\\\/2\\\" - Bougie allumage raccord 1\\\/2\u2033 L.190 mm\",\"breadcrumb\":{\"@id\":\"https:\\\/\\\/amrtop.net\\\/produit\\\/bougie-avec-raccord-1-2%e2%80%b3-l-190-mm\\\/#breadcrumb\"},\"inLanguage\":\"ro-RO\",\"potentialAction\":[{\"@type\":\"ReadAction\",\"target\":[\"https:\\\/\\\/amrtop.net\\\/produit\\\/bougie-avec-raccord-1-2%e2%80%b3-l-190-mm\\\/\"]}]},{\"@type\":\"ImageObject\",\"inLanguage\":\"ro-RO\",\"@id\":\"https:\\\/\\\/amrtop.net\\\/produit\\\/bougie-avec-raccord-1-2%e2%80%b3-l-190-mm\\\/#primaryimage\",\"url\":\"https:\\\/\\\/amrtop.net\\\/wp-content\\\/uploads\\\/2020\\\/01\\\/eld60034-1.jpg\",\"contentUrl\":\"https:\\\/\\\/amrtop.net\\\/wp-content\\\/uploads\\\/2020\\\/01\\\/eld60034-1.jpg\",\"width\":960,\"height\":960,\"caption\":\"Bougie avec raccord 1\\\/2\u2033 L.190 mm - r\u00e9sistance \u00e0 l\u2019allumage avec raccord 1\\\/2\\\" - cartouche d\u2019allumage raccord 1\\\/2\\\" - Bougie allumage raccord 1\\\/2\u2033 L.190 mm\"},{\"@type\":\"BreadcrumbList\",\"@id\":\"https:\\\/\\\/amrtop.net\\\/produit\\\/bougie-avec-raccord-1-2%e2%80%b3-l-190-mm\\\/#breadcrumb\",\"itemListElement\":[{\"@type\":\"ListItem\",\"position\":1,\"name\":\"Home\",\"item\":\"https:\\\/\\\/amrtop.net\\\/\"},{\"@type\":\"ListItem\",\"position\":2,\"name\":\"Shop\",\"item\":\"https:\\\/\\\/amrtop.net\\\/negozio\\\/\"},{\"@type\":\"ListItem\",\"position\":3,\"name\":\"Bougie avec raccord 1\\\/2\u2033 \u00f8 12,5 mm \u2013 450 Watt \u2013 Longueur totale 190 mm &#8211; Code ELD60034\"}]},{\"@type\":\"WebSite\",\"@id\":\"https:\\\/\\\/amrtop.net\\\/#website\",\"url\":\"https:\\\/\\\/amrtop.net\\\/\",\"name\":\"AMRTOP B2B \u00c9tranger - Achats r\u00e9serv\u00e9s au professionnel\",\"description\":\"Pi\u00e8ces de rechange et accessoires pour po\u00eales et chaudi\u00e8res - eCommerce B2B pour Clients Professionnels\",\"potentialAction\":[{\"@type\":\"SearchAction\",\"target\":{\"@type\":\"EntryPoint\",\"urlTemplate\":\"https:\\\/\\\/amrtop.net\\\/?s={search_term_string}\"},\"query-input\":{\"@type\":\"PropertyValueSpecification\",\"valueRequired\":true,\"valueName\":\"search_term_string\"}}],\"inLanguage\":\"ro-RO\"}]}<\/script>\n<!-- \/ Yoast SEO plugin. -->","yoast_head_json":{"title":"Bougie avec raccord 1\/2\u2033 L.190 mm","description":"Bujie cu racord de 1\/2\u2033 L.190 mm - Rezisten\u021b\u0103 de aprindere cu racord de 1\/2\" - Cartu\u0219 de aprindere cu racord de 1\/2\" - Bujie cu racord de 1\/2\u2033 L.190 mm","robots":{"index":"index","follow":"follow","max-snippet":"max-snippet:-1","max-image-preview":"max-image-preview:large","max-video-preview":"max-video-preview:-1"},"canonical":"https:\/\/amrtop.net\/ro\/produs\/bougie-avec-raccord-1-2\u2033-l-190-mm\/","og_locale":"ro_RO","og_type":"article","og_title":"Bougie avec raccord 1\/2\u2033 L.190 mm","og_description":"Bougie avec raccord 1\/2\u2033 L.190 mm - r\u00e9sistance \u00e0 l\u2019allumage avec raccord 1\/2\" - cartouche d\u2019allumage raccord 1\/2\" - Bougie allumage raccord 1\/2\u2033 L.190 mm","og_url":"https:\/\/amrtop.net\/ro\/produs\/bougie-avec-raccord-1-2\u2033-l-190-mm\/","og_site_name":"AMRTOP B2B \u00c9tranger - Achats r\u00e9serv\u00e9s au professionnel","article_modified_time":"2023-05-26T12:21:19+00:00","og_image":[{"width":960,"height":960,"url":"https:\/\/amrtop.net\/wp-content\/uploads\/2020\/01\/eld60034-1.jpg","type":"image\/jpeg"}],"twitter_card":"summary_large_image","twitter_misc":{"Timp estimat pentru citire":"1 minut"},"schema":{"@context":"https:\/\/schema.org","@graph":[{"@type":"WebPage","@id":"https:\/\/amrtop.net\/produit\/bougie-avec-raccord-1-2%e2%80%b3-l-190-mm\/","url":"https:\/\/amrtop.net\/produit\/bougie-avec-raccord-1-2%e2%80%b3-l-190-mm\/","name":"Bougie avec raccord 1\/2\u2033 L.190 mm","isPartOf":{"@id":"https:\/\/amrtop.net\/#website"},"primaryImageOfPage":{"@id":"https:\/\/amrtop.net\/produit\/bougie-avec-raccord-1-2%e2%80%b3-l-190-mm\/#primaryimage"},"image":{"@id":"https:\/\/amrtop.net\/produit\/bougie-avec-raccord-1-2%e2%80%b3-l-190-mm\/#primaryimage"},"thumbnailUrl":"https:\/\/amrtop.net\/wp-content\/uploads\/2020\/01\/eld60034-1.jpg","datePublished":"2020-01-10T00:00:00+00:00","dateModified":"2023-05-26T12:21:19+00:00","description":"Bujie cu racord de 1\/2\u2033 L.190 mm - Rezisten\u021b\u0103 de aprindere cu racord de 1\/2\" - Cartu\u0219 de aprindere cu racord de 1\/2\" - Bujie cu racord de 1\/2\u2033 L.190 mm","breadcrumb":{"@id":"https:\/\/amrtop.net\/produit\/bougie-avec-raccord-1-2%e2%80%b3-l-190-mm\/#breadcrumb"},"inLanguage":"ro-RO","potentialAction":[{"@type":"ReadAction","target":["https:\/\/amrtop.net\/produit\/bougie-avec-raccord-1-2%e2%80%b3-l-190-mm\/"]}]},{"@type":"ImageObject","inLanguage":"ro-RO","@id":"https:\/\/amrtop.net\/produit\/bougie-avec-raccord-1-2%e2%80%b3-l-190-mm\/#primaryimage","url":"https:\/\/amrtop.net\/wp-content\/uploads\/2020\/01\/eld60034-1.jpg","contentUrl":"https:\/\/amrtop.net\/wp-content\/uploads\/2020\/01\/eld60034-1.jpg","width":960,"height":960,"caption":"Bougie avec raccord 1\/2\u2033 L.190 mm - r\u00e9sistance \u00e0 l\u2019allumage avec raccord 1\/2\" - cartouche d\u2019allumage raccord 1\/2\" - Bougie allumage raccord 1\/2\u2033 L.190 mm"},{"@type":"BreadcrumbList","@id":"https:\/\/amrtop.net\/produit\/bougie-avec-raccord-1-2%e2%80%b3-l-190-mm\/#breadcrumb","itemListElement":[{"@type":"ListItem","position":1,"name":"Home","item":"https:\/\/amrtop.net\/"},{"@type":"ListItem","position":2,"name":"Shop","item":"https:\/\/amrtop.net\/negozio\/"},{"@type":"ListItem","position":3,"name":"Bougie avec raccord 1\/2\u2033 \u00f8 12,5 mm \u2013 450 Watt \u2013 Longueur totale 190 mm &#8211; Code ELD60034"}]},{"@type":"WebSite","@id":"https:\/\/amrtop.net\/#website","url":"https:\/\/amrtop.net\/","name":"AMRTOP B2B Abroad - Achizi\u021bii rezervate profesioni\u0219tilor","description":"Piese de schimb \u0219i accesorii pentru sobe \u0219i cazane - eCommerce B2B pentru clien\u021bi profesioni\u0219ti","potentialAction":[{"@type":"SearchAction","target":{"@type":"EntryPoint","urlTemplate":"https:\/\/amrtop.net\/?s={search_term_string}"},"query-input":{"@type":"PropertyValueSpecification","valueRequired":true,"valueName":"search_term_string"}}],"inLanguage":"ro-RO"}]}},"_links":{"self":[{"href":"https:\/\/amrtop.net\/ro\/wp-json\/wp\/v2\/product\/3583","targetHints":{"allow":["GET"]}}],"collection":[{"href":"https:\/\/amrtop.net\/ro\/wp-json\/wp\/v2\/product"}],"about":[{"href":"https:\/\/amrtop.net\/ro\/wp-json\/wp\/v2\/types\/product"}],"replies":[{"embeddable":true,"href":"https:\/\/amrtop.net\/ro\/wp-json\/wp\/v2\/comments?post=3583"}],"wp:featuredmedia":[{"embeddable":true,"href":"https:\/\/amrtop.net\/ro\/wp-json\/wp\/v2\/media\/34591"}],"wp:attachment":[{"href":"https:\/\/amrtop.net\/ro\/wp-json\/wp\/v2\/media?parent=3583"}],"wp:term":[{"taxonomy":"product_brand","embeddable":true,"href":"https:\/\/amrtop.net\/ro\/wp-json\/wp\/v2\/product_brand?post=3583"},{"taxonomy":"product_cat","embeddable":true,"href":"https:\/\/amrtop.net\/ro\/wp-json\/wp\/v2\/product_cat?post=3583"},{"taxonomy":"product_tag","embeddable":true,"href":"https:\/\/amrtop.net\/ro\/wp-json\/wp\/v2\/product_tag?post=3583"}],"curies":[{"name":"wp","href":"https:\/\/api.w.org\/{rel}","templated":true}]}}