{"id":3586,"date":"2020-01-10T00:00:00","date_gmt":"2020-01-10T00:00:00","guid":{"rendered":"https:\/\/amrtop.com\/B2B\/?post_type=product&#038;p=3586"},"modified":"2024-05-22T09:08:31","modified_gmt":"2024-05-22T09:08:31","slug":"bujii-o12-5-conexiune-3-8-204-mm","status":"publish","type":"product","link":"https:\/\/amrtop.net\/ro\/produit\/bougies-o12-5-raccord-3-8-204-mm\/","title":{"rendered":"Bujie cu conexiune 3\/8\u2033 \u00f8 12,5 mm - 420 Watt - Lungime total\u0103 204 mm - Cod ELD60037"},"content":{"rendered":"<h3>Compatibilitate<\/h3>\n<h3>Interschimbabil cu urm\u0103torul model de bujie-resistor-cartu\u0219 de aprindere :<\/h3>\n<p>HT62666<\/p>\n<p><strong>Pentru urm\u0103toarele modele de sobe \u0219i cazane pe pele\u021bi Clam:<\/strong><\/p>\n<p>Atlas<\/p>\n<p>Mizar<\/p>\n<p>Favilla F.P. 15<\/p>","protected":false},"excerpt":{"rendered":"<hr \/>\n<h2><span style=\"color: #008000\">Disponibil la<\/span><\/h2>\n<hr \/>\n<h3>Bujie cu conexiune de 3\/8\u2033<\/h3>\n<p>Cod ELD60037<\/p>\n<p>\u00f8 12,5 mm<br \/>\nLungime total\u0103: 204 mm<br \/>\nLungimea subtu\u0219ului: 194 mm<br \/>\nPutere: 420 W<br \/>\nLungime cablu: 500 mm<\/p>\n<p>&nbsp;<\/p>","protected":false},"featured_media":35175,"comment_status":"open","ping_status":"closed","template":"","meta":[],"product_brand":[],"product_cat":[843,840,839],"product_tag":[125,117,77,45],"class_list":{"0":"post-3586","1":"product","2":"type-product","3":"status-publish","4":"has-post-thumbnail","6":"product_cat-bougies-dallumage-avec-raccord-3-8-o-12-5-mm","7":"product_cat-bougies-dallumage-pour-poeles-et-chaudieres-a-pellets","8":"product_cat-pieces-de-rechange-divers-poeles-et-chaudieres","9":"product_tag-clam","10":"product_tag-ct-pasqualicchio","11":"product_tag-lincar","12":"product_tag-tectro","13":"product_shipping_class-classe-di-spedizione-01","15":"first","16":"instock","17":"shipping-taxable","18":"purchasable","19":"product-type-simple"},"yoast_head":"<!-- This site is optimized with the Yoast SEO plugin v27.5 - https:\/\/yoast.com\/product\/yoast-seo-wordpress\/ -->\n<title>Bougies \u00f812.5 raccord 3\/8&quot; 204 mm<\/title>\n<meta name=\"description\" content=\"Bougies \u00f812.5 raccord 3\/8&quot; 204mm - r\u00e9sistance \u00e0 l\u2019allumage avec raccord 3\/8&quot; par 12.5 mm - cartouche \u00e0 allumage raccord 3\/8&quot; par 12.5 mm\" \/>\n<meta name=\"robots\" content=\"index, follow, max-snippet:-1, max-image-preview:large, max-video-preview:-1\" \/>\n<link rel=\"canonical\" href=\"https:\/\/www.amrtop.com\/B2B\/prodotto\/candeletta-con-raccordo-3-8-cod-eld60037\/\" \/>\n<meta property=\"og:locale\" content=\"ro_RO\" \/>\n<meta property=\"og:type\" content=\"article\" \/>\n<meta property=\"og:title\" content=\"Bougies \u00f812.5 raccord 3\/8&quot; 204 mm\" \/>\n<meta property=\"og:description\" content=\"Bougies \u00f812.5 raccord 3\/8&quot; 204mm - r\u00e9sistance \u00e0 l\u2019allumage avec raccord 3\/8&quot; par 12.5 mm - cartouche \u00e0 allumage raccord 3\/8&quot; par 12.5 mm\" \/>\n<meta property=\"og:url\" content=\"https:\/\/www.amrtop.com\/B2B\/prodotto\/candeletta-con-raccordo-3-8-cod-eld60037\/\" \/>\n<meta property=\"og:site_name\" content=\"AMRTOP B2B \u00c9tranger - Achats r\u00e9serv\u00e9s au professionnel\" \/>\n<meta property=\"article:modified_time\" content=\"2024-05-22T09:08:31+00:00\" \/>\n<meta property=\"og:image\" content=\"https:\/\/amrtop.net\/wp-content\/uploads\/2022\/08\/eld60037.jpg\" \/>\n\t<meta property=\"og:image:width\" content=\"960\" \/>\n\t<meta property=\"og:image:height\" content=\"960\" \/>\n\t<meta property=\"og:image:type\" content=\"image\/jpeg\" \/>\n<meta name=\"twitter:card\" content=\"summary_large_image\" \/>\n<meta name=\"twitter:label1\" content=\"Timp estimat pentru citire\" \/>\n\t<meta name=\"twitter:data1\" content=\"2 minute\" \/>\n<script type=\"application\/ld+json\" class=\"yoast-schema-graph\">{\"@context\":\"https:\\\/\\\/schema.org\",\"@graph\":[{\"@type\":\"WebPage\",\"@id\":\"https:\\\/\\\/amrtop.net\\\/produit\\\/bougies-o12-5-raccord-3-8-204-mm\\\/\",\"url\":\"https:\\\/\\\/www.amrtop.com\\\/B2B\\\/prodotto\\\/candeletta-con-raccordo-3-8-cod-eld60037\\\/\",\"name\":\"Bougies \u00f812.5 raccord 3\\\/8\\\" 204 mm\",\"isPartOf\":{\"@id\":\"https:\\\/\\\/amrtop.net\\\/#website\"},\"primaryImageOfPage\":{\"@id\":\"https:\\\/\\\/www.amrtop.com\\\/B2B\\\/prodotto\\\/candeletta-con-raccordo-3-8-cod-eld60037\\\/#primaryimage\"},\"image\":{\"@id\":\"https:\\\/\\\/www.amrtop.com\\\/B2B\\\/prodotto\\\/candeletta-con-raccordo-3-8-cod-eld60037\\\/#primaryimage\"},\"thumbnailUrl\":\"https:\\\/\\\/amrtop.net\\\/wp-content\\\/uploads\\\/2022\\\/08\\\/eld60037.jpg\",\"datePublished\":\"2020-01-10T00:00:00+00:00\",\"dateModified\":\"2024-05-22T09:08:31+00:00\",\"description\":\"Bougies \u00f812.5 raccord 3\\\/8\\\" 204mm - r\u00e9sistance \u00e0 l\u2019allumage avec raccord 3\\\/8\\\" par 12.5 mm - cartouche \u00e0 allumage raccord 3\\\/8\\\" par 12.5 mm\",\"breadcrumb\":{\"@id\":\"https:\\\/\\\/www.amrtop.com\\\/B2B\\\/prodotto\\\/candeletta-con-raccordo-3-8-cod-eld60037\\\/#breadcrumb\"},\"inLanguage\":\"ro-RO\",\"potentialAction\":[{\"@type\":\"ReadAction\",\"target\":[\"https:\\\/\\\/www.amrtop.com\\\/B2B\\\/prodotto\\\/candeletta-con-raccordo-3-8-cod-eld60037\\\/\"]}]},{\"@type\":\"ImageObject\",\"inLanguage\":\"ro-RO\",\"@id\":\"https:\\\/\\\/www.amrtop.com\\\/B2B\\\/prodotto\\\/candeletta-con-raccordo-3-8-cod-eld60037\\\/#primaryimage\",\"url\":\"https:\\\/\\\/amrtop.net\\\/wp-content\\\/uploads\\\/2022\\\/08\\\/eld60037.jpg\",\"contentUrl\":\"https:\\\/\\\/amrtop.net\\\/wp-content\\\/uploads\\\/2022\\\/08\\\/eld60037.jpg\",\"width\":960,\"height\":960,\"caption\":\"Bougies \u00f812.5 raccord 3\\\/8\\\" 204mm - r\u00e9sistance \u00e0 l\u2019allumage avec raccord 3\\\/8\\\" par 12.5 mm - cartouche \u00e0 allumage raccord 3\\\/8\\\" par 12.5 mm\"},{\"@type\":\"BreadcrumbList\",\"@id\":\"https:\\\/\\\/www.amrtop.com\\\/B2B\\\/prodotto\\\/candeletta-con-raccordo-3-8-cod-eld60037\\\/#breadcrumb\",\"itemListElement\":[{\"@type\":\"ListItem\",\"position\":1,\"name\":\"Home\",\"item\":\"https:\\\/\\\/amrtop.net\\\/\"},{\"@type\":\"ListItem\",\"position\":2,\"name\":\"Shop\",\"item\":\"https:\\\/\\\/amrtop.net\\\/negozio\\\/\"},{\"@type\":\"ListItem\",\"position\":3,\"name\":\"Bougie avec raccord 3\\\/8\u2033 \u00f8 12,5 mm \u2013 420 Watt \u2013 Longueur totale 204 mm \u2013 Code ELD60037\"}]},{\"@type\":\"WebSite\",\"@id\":\"https:\\\/\\\/amrtop.net\\\/#website\",\"url\":\"https:\\\/\\\/amrtop.net\\\/\",\"name\":\"AMRTOP B2B \u00c9tranger - Achats r\u00e9serv\u00e9s au professionnel\",\"description\":\"Pi\u00e8ces de rechange et accessoires pour po\u00eales et chaudi\u00e8res - eCommerce B2B pour Clients Professionnels\",\"potentialAction\":[{\"@type\":\"SearchAction\",\"target\":{\"@type\":\"EntryPoint\",\"urlTemplate\":\"https:\\\/\\\/amrtop.net\\\/?s={search_term_string}\"},\"query-input\":{\"@type\":\"PropertyValueSpecification\",\"valueRequired\":true,\"valueName\":\"search_term_string\"}}],\"inLanguage\":\"ro-RO\"}]}<\/script>\n<!-- \/ Yoast SEO plugin. -->","yoast_head_json":{"title":"Bujii \u00f812.5 conexiune 3\/8\" 204 mm","description":"Bujii de aprindere \u00f812,5 conexiune 3\/8\" 204mm - rezisten\u021b\u0103 de aprindere cu conexiune 3\/8\" de 12,5 mm - cartu\u0219 de aprindere conexiune 3\/8\" de 12,5 mm","robots":{"index":"index","follow":"follow","max-snippet":"max-snippet:-1","max-image-preview":"max-image-preview:large","max-video-preview":"max-video-preview:-1"},"canonical":"https:\/\/www.amrtop.com\/B2B\/prodotto\/candeletta-con-raccordo-3-8-cod-eld60037\/","og_locale":"ro_RO","og_type":"article","og_title":"Bougies \u00f812.5 raccord 3\/8\" 204 mm","og_description":"Bougies \u00f812.5 raccord 3\/8\" 204mm - r\u00e9sistance \u00e0 l\u2019allumage avec raccord 3\/8\" par 12.5 mm - cartouche \u00e0 allumage raccord 3\/8\" par 12.5 mm","og_url":"https:\/\/www.amrtop.com\/B2B\/prodotto\/candeletta-con-raccordo-3-8-cod-eld60037\/","og_site_name":"AMRTOP B2B \u00c9tranger - Achats r\u00e9serv\u00e9s au professionnel","article_modified_time":"2024-05-22T09:08:31+00:00","og_image":[{"width":960,"height":960,"url":"https:\/\/amrtop.net\/wp-content\/uploads\/2022\/08\/eld60037.jpg","type":"image\/jpeg"}],"twitter_card":"summary_large_image","twitter_misc":{"Timp estimat pentru citire":"2 minute"},"schema":{"@context":"https:\/\/schema.org","@graph":[{"@type":"WebPage","@id":"https:\/\/amrtop.net\/produit\/bougies-o12-5-raccord-3-8-204-mm\/","url":"https:\/\/www.amrtop.com\/B2B\/prodotto\/candeletta-con-raccordo-3-8-cod-eld60037\/","name":"Bujii \u00f812.5 conexiune 3\/8\" 204 mm","isPartOf":{"@id":"https:\/\/amrtop.net\/#website"},"primaryImageOfPage":{"@id":"https:\/\/www.amrtop.com\/B2B\/prodotto\/candeletta-con-raccordo-3-8-cod-eld60037\/#primaryimage"},"image":{"@id":"https:\/\/www.amrtop.com\/B2B\/prodotto\/candeletta-con-raccordo-3-8-cod-eld60037\/#primaryimage"},"thumbnailUrl":"https:\/\/amrtop.net\/wp-content\/uploads\/2022\/08\/eld60037.jpg","datePublished":"2020-01-10T00:00:00+00:00","dateModified":"2024-05-22T09:08:31+00:00","description":"Bujii de aprindere \u00f812,5 conexiune 3\/8\" 204mm - rezisten\u021b\u0103 de aprindere cu conexiune 3\/8\" de 12,5 mm - cartu\u0219 de aprindere conexiune 3\/8\" de 12,5 mm","breadcrumb":{"@id":"https:\/\/www.amrtop.com\/B2B\/prodotto\/candeletta-con-raccordo-3-8-cod-eld60037\/#breadcrumb"},"inLanguage":"ro-RO","potentialAction":[{"@type":"ReadAction","target":["https:\/\/www.amrtop.com\/B2B\/prodotto\/candeletta-con-raccordo-3-8-cod-eld60037\/"]}]},{"@type":"ImageObject","inLanguage":"ro-RO","@id":"https:\/\/www.amrtop.com\/B2B\/prodotto\/candeletta-con-raccordo-3-8-cod-eld60037\/#primaryimage","url":"https:\/\/amrtop.net\/wp-content\/uploads\/2022\/08\/eld60037.jpg","contentUrl":"https:\/\/amrtop.net\/wp-content\/uploads\/2022\/08\/eld60037.jpg","width":960,"height":960,"caption":"Bougies \u00f812.5 raccord 3\/8\" 204mm - r\u00e9sistance \u00e0 l\u2019allumage avec raccord 3\/8\" par 12.5 mm - cartouche \u00e0 allumage raccord 3\/8\" par 12.5 mm"},{"@type":"BreadcrumbList","@id":"https:\/\/www.amrtop.com\/B2B\/prodotto\/candeletta-con-raccordo-3-8-cod-eld60037\/#breadcrumb","itemListElement":[{"@type":"ListItem","position":1,"name":"Home","item":"https:\/\/amrtop.net\/"},{"@type":"ListItem","position":2,"name":"Shop","item":"https:\/\/amrtop.net\/negozio\/"},{"@type":"ListItem","position":3,"name":"Bougie avec raccord 3\/8\u2033 \u00f8 12,5 mm \u2013 420 Watt \u2013 Longueur totale 204 mm \u2013 Code ELD60037"}]},{"@type":"WebSite","@id":"https:\/\/amrtop.net\/#website","url":"https:\/\/amrtop.net\/","name":"AMRTOP B2B Abroad - Achizi\u021bii rezervate profesioni\u0219tilor","description":"Piese de schimb \u0219i accesorii pentru sobe \u0219i cazane - eCommerce B2B pentru clien\u021bi profesioni\u0219ti","potentialAction":[{"@type":"SearchAction","target":{"@type":"EntryPoint","urlTemplate":"https:\/\/amrtop.net\/?s={search_term_string}"},"query-input":{"@type":"PropertyValueSpecification","valueRequired":true,"valueName":"search_term_string"}}],"inLanguage":"ro-RO"}]}},"_links":{"self":[{"href":"https:\/\/amrtop.net\/ro\/wp-json\/wp\/v2\/product\/3586","targetHints":{"allow":["GET"]}}],"collection":[{"href":"https:\/\/amrtop.net\/ro\/wp-json\/wp\/v2\/product"}],"about":[{"href":"https:\/\/amrtop.net\/ro\/wp-json\/wp\/v2\/types\/product"}],"replies":[{"embeddable":true,"href":"https:\/\/amrtop.net\/ro\/wp-json\/wp\/v2\/comments?post=3586"}],"wp:featuredmedia":[{"embeddable":true,"href":"https:\/\/amrtop.net\/ro\/wp-json\/wp\/v2\/media\/35175"}],"wp:attachment":[{"href":"https:\/\/amrtop.net\/ro\/wp-json\/wp\/v2\/media?parent=3586"}],"wp:term":[{"taxonomy":"product_brand","embeddable":true,"href":"https:\/\/amrtop.net\/ro\/wp-json\/wp\/v2\/product_brand?post=3586"},{"taxonomy":"product_cat","embeddable":true,"href":"https:\/\/amrtop.net\/ro\/wp-json\/wp\/v2\/product_cat?post=3586"},{"taxonomy":"product_tag","embeddable":true,"href":"https:\/\/amrtop.net\/ro\/wp-json\/wp\/v2\/product_tag?post=3586"}],"curies":[{"name":"wp","href":"https:\/\/api.w.org\/{rel}","templated":true}]}}