{"id":3599,"date":"2020-01-10T00:00:00","date_gmt":"2020-01-10T00:00:00","guid":{"rendered":"https:\/\/amrtop.com\/B2B\/?post_type=product&#038;p=3599"},"modified":"2023-05-28T08:42:15","modified_gmt":"2023-05-28T08:42:15","slug":"lumanare-liniara-o-10mm-l-155mm","status":"publish","type":"product","link":"https:\/\/amrtop.net\/ro\/produit\/bougie-lineaire-o-10mm-l-155mm\/","title":{"rendered":"Bujie liniar\u0103 \u00f8 10 mm - 250 Watt - lungime total\u0103 155 mm - Cod ELT60023"},"content":{"rendered":"<hr \/>\n<h3>Bujie liniar\u0103 \u00f8 10mm L.155mm<\/h3>\n<p>Amrtop ofer\u0103 o gam\u0103 larg\u0103 de bujii cu conexiuni liniare de \u00f8 10 mm \u00een diferite lungimi. Aceste \u00eenc\u0103lzitoare cu densitate mare de putere cu tehnologie Ultramax SC400 apar\u021bin noii genera\u021bii de elemente de \u00eenc\u0103lzire electric\u0103 \u0219i permit utilizarea unor sarcini mari de wa\u021bi \u00een spa\u021bii foarte concentrate, garant\u00e2nd o mare fiabilitate chiar \u0219i \u00een condi\u021bii de lucru foarte dificile. Acest lucru este posibil datorit\u0103 tehnologiei speciale de construc\u021bie care face ca aceste \u00eenc\u0103lzitoare s\u0103 fie<\/p>\n<p>S\u00e2rma, \u00eenf\u0103\u0219urat\u0103 pe un miez de oxid de magneziu, se afl\u0103 \u00eentr-o pozi\u021bie periferic\u0103 foarte apropiat\u0103 de \u00eenveli\u0219ul metalic pe tot parcursul dezvolt\u0103rii sale. Un perete izolator foarte sub\u021bire \u0219i foarte comprimat asigur\u0103 un schimb de c\u0103ldur\u0103 foarte eficient, men\u021bin\u00e2nd temperatura firului de rezisten\u021b\u0103 mult mai sc\u0103zut\u0103 dec\u00e2t \u00een cazul altor \u00eenc\u0103lzitoare \u00een care firul se afl\u0103 \u00eentr-o pozi\u021bie mai ad\u00e2nc\u0103.<\/p>\n<h3>Utilizarea fi\u0219ei liniare \u00f8 10mm L.155mm<\/h3>\n<p>Bujia liniar\u0103 \u00f8 10 mm - 250 Watt - Lungime total\u0103 155 mm - Cod ELT60023 comercializat\u0103 de Amrtop este utilizat\u0103 pentru a ini\u021bia aprinderea combustibilului pe pele\u021bi, a\u0219chii sau miez prin aerul prezent \u00een generatoarele de c\u0103ldur\u0103 din biomas\u0103.<\/p>\n<h3>Avantaje :<\/h3>\n<p>Care sunt avantajele bujiilor, rezisten\u021belor sau cartu\u0219elor de aprindere?<\/p>\n<ul>\n<li>Siguran\u021b\u0103 maxim\u0103 (f\u0103r\u0103 risc de supra\u00eenc\u0103lzire, scurtcircuit sau incendiu)<\/li>\n<li>\u00centreaga lungime poate fi utilizat\u0103 ca element de \u00eenc\u0103lzire.<\/li>\n<li>Circula\u021bie mai bun\u0103 \u0219i timp redus pentru atingerea temperaturii de func\u021bionare, ceea ce duce la un consum mai mic de energie electric\u0103.<\/li>\n<\/ul>\n<h3>Tehnologia SC400 ultramax<\/h3>\n<p>Ultramax SC 400 este un cartu\u0219 cu o etan\u0219are absolut etan\u0219\u0103, compatibil cu temperaturile ridicate, cu un proces cu ciclu controlat, este topit \u00een capul de \u00eenc\u0103lzire pentru a forma o etan\u0219are coerent\u0103 la suprafe\u021bele metalice la nivel molecular. Utilizarea cartu\u0219elor ULTRAMAX SC400 devine esen\u021bial\u0103 \u00een toate cazurile, fie c\u0103 este vorba de siguran\u021b\u0103 \u0219i fiabilitate ridicat\u0103, ca \u00een cazul utiliz\u0103rii pe echipamente electromedicale, scule de m\u00e2n\u0103, aplica\u021bii aeronautice, spa\u021biale, atomice, chirurgicale \u0219i militare.<\/p>\n<h3>Interior<\/h3>\n<p><a href=\"https:\/\/wekos.it\/\">Sobe, aragazuri \u0219i aragazuri pe lemne<\/a>\u00a0-\u00a0<a href=\"https:\/\/www.greenpuros.com\/\">\u0219eminee, sobe \u0219i cazane pe pele\u021bi.<\/a><\/p>\n<h3>Gama Amrtop de piese de schimb \u0219i accesorii<\/h3>\n<p><a href=\"https:\/\/amrtop.net\/ro\/categoria-de-produse\/piese-de-schimb-sobe-si-cazane-de-gatit-si-cazane-mixte-2\/bougies-dallumage-pour-poeles-et-chaudieres-a-pellets\/\">Bujii incandescente<\/a><\/p>\n<p><a href=\"https:\/\/amrtop.net\/ro\/categoria-de-produse\/piese-de-schimb-sobe-si-cazane-de-gatit-si-cazane-mixte-2\/electronique\/\">Electronic\u0103<\/a><\/p>\n<p><a href=\"https:\/\/amrtop.net\/ro\/categoria-de-produse\/piese-de-schimb-sobe-si-cazane-de-gatit-si-cazane-mixte-2\/extracteurs-de-fumee\/\">Extractoare de fum<\/a><\/p>\n<p><a href=\"https:\/\/amrtop.net\/ro\/categoria-de-produse\/piese-de-schimb-sobe-si-cazane-de-gatit-si-cazane-mixte-2\/gaines-cable-connecteurs\/\">Teci de cablu conector<\/a><\/p>\n<p><a href=\"https:\/\/amrtop.net\/ro\/categoria-de-produse\/piese-de-schimb-sobe-si-cazane-de-gatit-si-cazane-mixte-2\/joints-de-silicone\/\">Garnituri de silicon<\/a><\/p>\n<p><a href=\"https:\/\/amrtop.net\/ro\/categoria-de-produse\/piese-de-schimb-sobe-si-cazane-de-gatit-si-cazane-mixte-2\/motoreducteurs\/\">Motoare cu angrenaje<\/a><\/p>\n<p><a href=\"https:\/\/amrtop.net\/ro\/categoria-de-produse\/piese-de-schimb-sobe-si-cazane-de-gatit-si-cazane-mixte-2\/pressostats-et-transducteurs\/\">Presostate \u0219i traductoare de presiune<\/a><\/p>\n<p><a href=\"https:\/\/amrtop.net\/ro\/categoria-de-produse\/piese-de-schimb-sobe-si-cazane-de-gatit-si-cazane-mixte-2\/sondes-thermostats-manometres-thermometres\/\">Sonde termostate manometre termometre termometre<\/a><\/p>\n<p><a href=\"https:\/\/amrtop.net\/ro\/categoria-de-produse\/piese-de-schimb-sobe-si-cazane-de-gatit-si-cazane-mixte-2\/joints-detancheite\/\">Tricotaje de etan\u0219are<\/a><\/p>\n<p><a href=\"https:\/\/amrtop.net\/ro\/categoria-de-produse\/piese-de-schimb-sobe-si-cazane-de-gatit-si-cazane-mixte-2\/ventilateurs-centrifuges-pour-poeles-a-pellets\/\">Ventilatoare centrifuge<\/a><\/p>\n<p><a href=\"https:\/\/amrtop.net\/ro\/categoria-de-produse\/piese-de-schimb-sobe-si-cazane-de-gatit-si-cazane-mixte-2\/ventilateurs-tangentiels-flux-transversal\/\">Ventilatoare cu flux \u00eencruci\u0219at<\/a><\/p>\n<p><a href=\"https:\/\/amrtop.net\/ro\/categoria-de-produse\/piese-de-schimb-sobe-si-cazane-de-gatit-si-cazane-mixte-2\/adhesifs-et-produits-detancheite\/\">Adezivi \u0219i materiale de etan\u0219are<\/a><\/p>","protected":false},"excerpt":{"rendered":"<hr \/>\n<h2><span style=\"color: #008000\">Disponibil la<\/span><\/h2>\n<hr \/>\n<h3>Bujie neted\u0103<\/h3>\n<p>Cod ELT60023<\/p>\n<p>Bujie: \u00f8 10 mm<br \/>\nLungime total\u0103: 155 mm<br \/>\nPutere: 250 W<br \/>\nLungime cablu: 500 mm<\/p>\n<h3>Compatibilitate<\/h3>\n<hr \/>\n<h3>Bujie\/rezistor\/cartu\u0219 de aprindere compatibil cu urm\u0103toarele m\u0103rci de sobe pe pele\u021bi<\/h3>\n<p>Bestove, Brisach, Bronpi, Chemin\u00e9es Philippe, Dal zotto, Ecoteck, Edilkamin, Extraflame, Gp termocamini, Pasian, Ravelli, Tmc<\/p>\n<hr \/>\n<h3>Interschimbabil cu urm\u0103toarele modele de bujii-resisten\u021be-cartu\u0219e de aprindere :<\/h3>\n<p>HT62686, HT48485, HT42024, KIT 2<\/p>","protected":false},"featured_media":34663,"comment_status":"open","ping_status":"closed","template":"","meta":[],"product_brand":[],"product_cat":[849,840,839],"product_tag":[51,53,55,58,59,31,61,63,35,82,85,41,132],"class_list":{"0":"post-3599","1":"product","2":"type-product","3":"status-publish","4":"has-post-thumbnail","6":"product_cat-bougies-dallumage-sans-raccord-o-10-mm","7":"product_cat-bougies-dallumage-pour-poeles-et-chaudieres-a-pellets","8":"product_cat-pieces-de-rechange-divers-poeles-et-chaudieres","9":"product_tag-bestove","10":"product_tag-brisach","11":"product_tag-bronpi","12":"product_tag-cheminees-philippe","13":"product_tag-dal-zotto","14":"product_tag-ecoteck","15":"product_tag-edilkamin","16":"product_tag-extraflame","17":"product_tag-gp-termocamini","18":"product_tag-nordica-extraflame","19":"product_tag-pasian","20":"product_tag-ravelli","21":"product_tag-tmc","22":"product_shipping_class-classe-di-spedizione-01","24":"first","25":"instock","26":"shipping-taxable","27":"purchasable","28":"product-type-simple"},"yoast_head":"<!-- This site is optimized with the Yoast SEO plugin v27.4 - https:\/\/yoast.com\/product\/yoast-seo-wordpress\/ -->\n<title>Bougie lin\u00e9aire \u00f8 10mm L.155mm<\/title>\n<meta name=\"description\" content=\"Bougie lin\u00e9aire \u00f8 10mm L.155mm - r\u00e9sistance \u00e0 l\u2019allumage lisse sans raccord du po\u00eale \u00e0 pellets -syst\u00e8me d\u2019allumage pour appareils \u00e0 pellets -\" \/>\n<meta name=\"robots\" content=\"index, follow, max-snippet:-1, max-image-preview:large, max-video-preview:-1\" \/>\n<link rel=\"canonical\" href=\"https:\/\/amrtop.net\/ro\/produs\/lumanare-liniara-o-10mm-l-155mm\/\" \/>\n<meta property=\"og:locale\" content=\"ro_RO\" \/>\n<meta property=\"og:type\" content=\"article\" \/>\n<meta property=\"og:title\" content=\"Bougie lin\u00e9aire \u00f8 10mm L.155mm\" \/>\n<meta property=\"og:description\" content=\"Bougie lin\u00e9aire \u00f8 10mm L.155mm - r\u00e9sistance \u00e0 l\u2019allumage lisse sans raccord du po\u00eale \u00e0 pellets -syst\u00e8me d\u2019allumage pour appareils \u00e0 pellets -\" \/>\n<meta property=\"og:url\" content=\"https:\/\/amrtop.net\/ro\/produs\/lumanare-liniara-o-10mm-l-155mm\/\" \/>\n<meta property=\"og:site_name\" content=\"AMRTOP B2B \u00c9tranger - Achats r\u00e9serv\u00e9s au professionnel\" \/>\n<meta property=\"article:modified_time\" content=\"2023-05-28T08:42:15+00:00\" \/>\n<meta property=\"og:image\" content=\"https:\/\/amrtop.net\/wp-content\/uploads\/2020\/01\/elt60023.jpg\" \/>\n\t<meta property=\"og:image:width\" content=\"960\" \/>\n\t<meta property=\"og:image:height\" content=\"960\" \/>\n\t<meta property=\"og:image:type\" content=\"image\/jpeg\" \/>\n<meta name=\"twitter:card\" content=\"summary_large_image\" \/>\n<meta name=\"twitter:label1\" content=\"Timp estimat pentru citire\" \/>\n\t<meta name=\"twitter:data1\" content=\"3 minute\" \/>\n<script type=\"application\/ld+json\" class=\"yoast-schema-graph\">{\"@context\":\"https:\\\/\\\/schema.org\",\"@graph\":[{\"@type\":\"WebPage\",\"@id\":\"https:\\\/\\\/amrtop.net\\\/produit\\\/bougie-lineaire-o-10mm-l-155mm\\\/\",\"url\":\"https:\\\/\\\/amrtop.net\\\/produit\\\/bougie-lineaire-o-10mm-l-155mm\\\/\",\"name\":\"Bougie lin\u00e9aire \u00f8 10mm L.155mm\",\"isPartOf\":{\"@id\":\"https:\\\/\\\/amrtop.net\\\/#website\"},\"primaryImageOfPage\":{\"@id\":\"https:\\\/\\\/amrtop.net\\\/produit\\\/bougie-lineaire-o-10mm-l-155mm\\\/#primaryimage\"},\"image\":{\"@id\":\"https:\\\/\\\/amrtop.net\\\/produit\\\/bougie-lineaire-o-10mm-l-155mm\\\/#primaryimage\"},\"thumbnailUrl\":\"https:\\\/\\\/amrtop.net\\\/wp-content\\\/uploads\\\/2020\\\/01\\\/elt60023.jpg\",\"datePublished\":\"2020-01-10T00:00:00+00:00\",\"dateModified\":\"2023-05-28T08:42:15+00:00\",\"description\":\"Bougie lin\u00e9aire \u00f8 10mm L.155mm - r\u00e9sistance \u00e0 l\u2019allumage lisse sans raccord du po\u00eale \u00e0 pellets -syst\u00e8me d\u2019allumage pour appareils \u00e0 pellets -\",\"breadcrumb\":{\"@id\":\"https:\\\/\\\/amrtop.net\\\/produit\\\/bougie-lineaire-o-10mm-l-155mm\\\/#breadcrumb\"},\"inLanguage\":\"ro-RO\",\"potentialAction\":[{\"@type\":\"ReadAction\",\"target\":[\"https:\\\/\\\/amrtop.net\\\/produit\\\/bougie-lineaire-o-10mm-l-155mm\\\/\"]}]},{\"@type\":\"ImageObject\",\"inLanguage\":\"ro-RO\",\"@id\":\"https:\\\/\\\/amrtop.net\\\/produit\\\/bougie-lineaire-o-10mm-l-155mm\\\/#primaryimage\",\"url\":\"https:\\\/\\\/amrtop.net\\\/wp-content\\\/uploads\\\/2020\\\/01\\\/elt60023.jpg\",\"contentUrl\":\"https:\\\/\\\/amrtop.net\\\/wp-content\\\/uploads\\\/2020\\\/01\\\/elt60023.jpg\",\"width\":960,\"height\":960,\"caption\":\"Bougie lin\u00e9aire \u00f8 10mm L.155mm - r\u00e9sistance \u00e0 l\u2019allumage lisse sans raccord du po\u00eale \u00e0 pellets -syst\u00e8me d\u2019allumage pour appareils \u00e0 pellets -\"},{\"@type\":\"BreadcrumbList\",\"@id\":\"https:\\\/\\\/amrtop.net\\\/produit\\\/bougie-lineaire-o-10mm-l-155mm\\\/#breadcrumb\",\"itemListElement\":[{\"@type\":\"ListItem\",\"position\":1,\"name\":\"Home\",\"item\":\"https:\\\/\\\/amrtop.net\\\/\"},{\"@type\":\"ListItem\",\"position\":2,\"name\":\"Shop\",\"item\":\"https:\\\/\\\/amrtop.net\\\/negozio\\\/\"},{\"@type\":\"ListItem\",\"position\":3,\"name\":\"Bougie lin\u00e9aire \u00f8 10 mm \u2013 250 Watt \u2013 longueur totale 155 mm &#8211; Code ELT60023\"}]},{\"@type\":\"WebSite\",\"@id\":\"https:\\\/\\\/amrtop.net\\\/#website\",\"url\":\"https:\\\/\\\/amrtop.net\\\/\",\"name\":\"AMRTOP B2B \u00c9tranger - Achats r\u00e9serv\u00e9s au professionnel\",\"description\":\"Pi\u00e8ces de rechange et accessoires pour po\u00eales et chaudi\u00e8res - eCommerce B2B pour Clients Professionnels\",\"potentialAction\":[{\"@type\":\"SearchAction\",\"target\":{\"@type\":\"EntryPoint\",\"urlTemplate\":\"https:\\\/\\\/amrtop.net\\\/?s={search_term_string}\"},\"query-input\":{\"@type\":\"PropertyValueSpecification\",\"valueRequired\":true,\"valueName\":\"search_term_string\"}}],\"inLanguage\":\"ro-RO\"}]}<\/script>\n<!-- \/ Yoast SEO plugin. -->","yoast_head_json":{"title":"Bujie liniar\u0103 \u00f8 10mm L.155mm","description":"Bujie incandescent\u0103 liniar\u0103 \u00f8 10mm L.155mm - Rezisten\u021b\u0103 de aprindere lin\u0103 f\u0103r\u0103 conectare la soba pe pele\u021bi - Sistem de aprindere pentru aparate pe pele\u021bi -","robots":{"index":"index","follow":"follow","max-snippet":"max-snippet:-1","max-image-preview":"max-image-preview:large","max-video-preview":"max-video-preview:-1"},"canonical":"https:\/\/amrtop.net\/ro\/produs\/lumanare-liniara-o-10mm-l-155mm\/","og_locale":"ro_RO","og_type":"article","og_title":"Bougie lin\u00e9aire \u00f8 10mm L.155mm","og_description":"Bougie lin\u00e9aire \u00f8 10mm L.155mm - r\u00e9sistance \u00e0 l\u2019allumage lisse sans raccord du po\u00eale \u00e0 pellets -syst\u00e8me d\u2019allumage pour appareils \u00e0 pellets -","og_url":"https:\/\/amrtop.net\/ro\/produs\/lumanare-liniara-o-10mm-l-155mm\/","og_site_name":"AMRTOP B2B \u00c9tranger - Achats r\u00e9serv\u00e9s au professionnel","article_modified_time":"2023-05-28T08:42:15+00:00","og_image":[{"width":960,"height":960,"url":"https:\/\/amrtop.net\/wp-content\/uploads\/2020\/01\/elt60023.jpg","type":"image\/jpeg"}],"twitter_card":"summary_large_image","twitter_misc":{"Timp estimat pentru citire":"3 minute"},"schema":{"@context":"https:\/\/schema.org","@graph":[{"@type":"WebPage","@id":"https:\/\/amrtop.net\/produit\/bougie-lineaire-o-10mm-l-155mm\/","url":"https:\/\/amrtop.net\/produit\/bougie-lineaire-o-10mm-l-155mm\/","name":"Bujie liniar\u0103 \u00f8 10mm L.155mm","isPartOf":{"@id":"https:\/\/amrtop.net\/#website"},"primaryImageOfPage":{"@id":"https:\/\/amrtop.net\/produit\/bougie-lineaire-o-10mm-l-155mm\/#primaryimage"},"image":{"@id":"https:\/\/amrtop.net\/produit\/bougie-lineaire-o-10mm-l-155mm\/#primaryimage"},"thumbnailUrl":"https:\/\/amrtop.net\/wp-content\/uploads\/2020\/01\/elt60023.jpg","datePublished":"2020-01-10T00:00:00+00:00","dateModified":"2023-05-28T08:42:15+00:00","description":"Bujie incandescent\u0103 liniar\u0103 \u00f8 10mm L.155mm - Rezisten\u021b\u0103 de aprindere lin\u0103 f\u0103r\u0103 conectare la soba pe pele\u021bi - Sistem de aprindere pentru aparate pe pele\u021bi -","breadcrumb":{"@id":"https:\/\/amrtop.net\/produit\/bougie-lineaire-o-10mm-l-155mm\/#breadcrumb"},"inLanguage":"ro-RO","potentialAction":[{"@type":"ReadAction","target":["https:\/\/amrtop.net\/produit\/bougie-lineaire-o-10mm-l-155mm\/"]}]},{"@type":"ImageObject","inLanguage":"ro-RO","@id":"https:\/\/amrtop.net\/produit\/bougie-lineaire-o-10mm-l-155mm\/#primaryimage","url":"https:\/\/amrtop.net\/wp-content\/uploads\/2020\/01\/elt60023.jpg","contentUrl":"https:\/\/amrtop.net\/wp-content\/uploads\/2020\/01\/elt60023.jpg","width":960,"height":960,"caption":"Bougie lin\u00e9aire \u00f8 10mm L.155mm - r\u00e9sistance \u00e0 l\u2019allumage lisse sans raccord du po\u00eale \u00e0 pellets -syst\u00e8me d\u2019allumage pour appareils \u00e0 pellets -"},{"@type":"BreadcrumbList","@id":"https:\/\/amrtop.net\/produit\/bougie-lineaire-o-10mm-l-155mm\/#breadcrumb","itemListElement":[{"@type":"ListItem","position":1,"name":"Home","item":"https:\/\/amrtop.net\/"},{"@type":"ListItem","position":2,"name":"Shop","item":"https:\/\/amrtop.net\/negozio\/"},{"@type":"ListItem","position":3,"name":"Bougie lin\u00e9aire \u00f8 10 mm \u2013 250 Watt \u2013 longueur totale 155 mm &#8211; Code ELT60023"}]},{"@type":"WebSite","@id":"https:\/\/amrtop.net\/#website","url":"https:\/\/amrtop.net\/","name":"AMRTOP B2B Abroad - Achizi\u021bii rezervate profesioni\u0219tilor","description":"Piese de schimb \u0219i accesorii pentru sobe \u0219i cazane - eCommerce B2B pentru clien\u021bi profesioni\u0219ti","potentialAction":[{"@type":"SearchAction","target":{"@type":"EntryPoint","urlTemplate":"https:\/\/amrtop.net\/?s={search_term_string}"},"query-input":{"@type":"PropertyValueSpecification","valueRequired":true,"valueName":"search_term_string"}}],"inLanguage":"ro-RO"}]}},"_links":{"self":[{"href":"https:\/\/amrtop.net\/ro\/wp-json\/wp\/v2\/product\/3599","targetHints":{"allow":["GET"]}}],"collection":[{"href":"https:\/\/amrtop.net\/ro\/wp-json\/wp\/v2\/product"}],"about":[{"href":"https:\/\/amrtop.net\/ro\/wp-json\/wp\/v2\/types\/product"}],"replies":[{"embeddable":true,"href":"https:\/\/amrtop.net\/ro\/wp-json\/wp\/v2\/comments?post=3599"}],"wp:featuredmedia":[{"embeddable":true,"href":"https:\/\/amrtop.net\/ro\/wp-json\/wp\/v2\/media\/34663"}],"wp:attachment":[{"href":"https:\/\/amrtop.net\/ro\/wp-json\/wp\/v2\/media?parent=3599"}],"wp:term":[{"taxonomy":"product_brand","embeddable":true,"href":"https:\/\/amrtop.net\/ro\/wp-json\/wp\/v2\/product_brand?post=3599"},{"taxonomy":"product_cat","embeddable":true,"href":"https:\/\/amrtop.net\/ro\/wp-json\/wp\/v2\/product_cat?post=3599"},{"taxonomy":"product_tag","embeddable":true,"href":"https:\/\/amrtop.net\/ro\/wp-json\/wp\/v2\/product_tag?post=3599"}],"curies":[{"name":"wp","href":"https:\/\/api.w.org\/{rel}","templated":true}]}}