{"id":3601,"date":"2020-01-10T00:00:00","date_gmt":"2020-01-10T00:00:00","guid":{"rendered":"https:\/\/amrtop.com\/B2B\/?post_type=product&#038;p=3601"},"modified":"2024-05-22T09:22:49","modified_gmt":"2024-05-22T09:22:49","slug":"dop-liniar-o-10-mm-l-180-mm","status":"publish","type":"product","link":"https:\/\/amrtop.net\/ro\/produit\/bougie-lineaire-o-10-mm-l-180-mm\/","title":{"rendered":"Bujie liniar\u0103 \u00f8 10 mm - 320 Watt - lungime total\u0103 180 mm - Cod ELT60027"},"content":{"rendered":"<h3>Compatibilitate<\/h3>\n<h3>Interschimbabil cu urm\u0103toarele modele de bujii-resisten\u021be-cartu\u0219e de aprindere :<\/h3>\n<p>HT62701, HT54896, UTXS022952<\/p>\n<p><strong>Pentru urm\u0103toarele modele de sobe \u0219i cazane pe pele\u021bi Clam:<\/strong><\/p>\n<p>Atlas<\/p>\n<p>Mizar<\/p>\n<p>Favilla F.P. 15<\/p>\n<p>&nbsp;<\/p>","protected":false},"excerpt":{"rendered":"<hr \/>\n<h2><span style=\"color: #008000\">Disponibil la<\/span><\/h2>\n<hr \/>\n<h3>Bujie neted\u0103<\/h3>\n<p>Code ELT60027<\/p>\n<p>\u00f8 10 mm<br \/>\nLongueur totale : 180 mm<br \/>\nPuissance : 320 W<br \/>\nLungime cablu: 500 mm<\/p>\n<p>&nbsp;<\/p>","protected":false},"featured_media":34665,"comment_status":"open","ping_status":"closed","template":"","meta":[],"product_brand":[],"product_cat":[849,840,839],"product_tag":[102,103,69,105],"class_list":{"0":"post-3601","1":"product","2":"type-product","3":"status-publish","4":"has-post-thumbnail","6":"product_cat-bougies-dallumage-sans-raccord-o-10-mm","7":"product_cat-bougies-dallumage-pour-poeles-et-chaudieres-a-pellets","8":"product_cat-pieces-de-rechange-divers-poeles-et-chaudieres","9":"product_tag-caminetti-montegrappa","10":"product_tag-cmg","11":"product_tag-invicta","12":"product_tag-wanders","13":"product_shipping_class-classe-di-spedizione-01","15":"first","16":"instock","17":"shipping-taxable","18":"purchasable","19":"product-type-simple"},"yoast_head":"<!-- This site is optimized with the Yoast SEO plugin v27.4 - https:\/\/yoast.com\/product\/yoast-seo-wordpress\/ -->\n<title>Bougie lin\u00e9aire \u00f8 10 mm L.180 mm<\/title>\n<meta name=\"description\" content=\"Bougie lin\u00e9aire \u00f8 10 mm L.180 mm - r\u00e9sistance \u00e0 l\u2019allumage lisse sans raccord du po\u00eale \u00e0 pellets -syst\u00e8me d\u2019allumage pour appareils \u00e0 pellets -\" \/>\n<meta name=\"robots\" content=\"index, follow, max-snippet:-1, max-image-preview:large, max-video-preview:-1\" \/>\n<link rel=\"canonical\" href=\"https:\/\/amrtop.net\/ro\/produs\/dop-liniar-o-10-mm-l-180-mm\/\" \/>\n<meta property=\"og:locale\" content=\"ro_RO\" \/>\n<meta property=\"og:type\" content=\"article\" \/>\n<meta property=\"og:title\" content=\"Bougie lin\u00e9aire \u00f8 10 mm L.180 mm\" \/>\n<meta property=\"og:description\" content=\"Bougie lin\u00e9aire \u00f8 10 mm L.180 mm - r\u00e9sistance \u00e0 l\u2019allumage lisse sans raccord du po\u00eale \u00e0 pellets -syst\u00e8me d\u2019allumage pour appareils \u00e0 pellets -\" \/>\n<meta property=\"og:url\" content=\"https:\/\/amrtop.net\/ro\/produs\/dop-liniar-o-10-mm-l-180-mm\/\" \/>\n<meta property=\"og:site_name\" content=\"AMRTOP B2B \u00c9tranger - Achats r\u00e9serv\u00e9s au professionnel\" \/>\n<meta property=\"article:modified_time\" content=\"2024-05-22T09:22:49+00:00\" \/>\n<meta property=\"og:image\" content=\"https:\/\/amrtop.net\/wp-content\/uploads\/2020\/01\/elt60027.jpg\" \/>\n\t<meta property=\"og:image:width\" content=\"960\" \/>\n\t<meta property=\"og:image:height\" content=\"960\" \/>\n\t<meta property=\"og:image:type\" content=\"image\/jpeg\" \/>\n<meta name=\"twitter:card\" content=\"summary_large_image\" \/>\n<meta name=\"twitter:label1\" content=\"Timp estimat pentru citire\" \/>\n\t<meta name=\"twitter:data1\" content=\"3 minute\" \/>\n<script type=\"application\/ld+json\" class=\"yoast-schema-graph\">{\"@context\":\"https:\\\/\\\/schema.org\",\"@graph\":[{\"@type\":\"WebPage\",\"@id\":\"https:\\\/\\\/amrtop.net\\\/produit\\\/bougie-lineaire-o-10-mm-l-180-mm\\\/\",\"url\":\"https:\\\/\\\/amrtop.net\\\/produit\\\/bougie-lineaire-o-10-mm-l-180-mm\\\/\",\"name\":\"Bougie lin\u00e9aire \u00f8 10 mm L.180 mm\",\"isPartOf\":{\"@id\":\"https:\\\/\\\/amrtop.net\\\/#website\"},\"primaryImageOfPage\":{\"@id\":\"https:\\\/\\\/amrtop.net\\\/produit\\\/bougie-lineaire-o-10-mm-l-180-mm\\\/#primaryimage\"},\"image\":{\"@id\":\"https:\\\/\\\/amrtop.net\\\/produit\\\/bougie-lineaire-o-10-mm-l-180-mm\\\/#primaryimage\"},\"thumbnailUrl\":\"https:\\\/\\\/amrtop.net\\\/wp-content\\\/uploads\\\/2020\\\/01\\\/elt60027.jpg\",\"datePublished\":\"2020-01-10T00:00:00+00:00\",\"dateModified\":\"2024-05-22T09:22:49+00:00\",\"description\":\"Bougie lin\u00e9aire \u00f8 10 mm L.180 mm - r\u00e9sistance \u00e0 l\u2019allumage lisse sans raccord du po\u00eale \u00e0 pellets -syst\u00e8me d\u2019allumage pour appareils \u00e0 pellets -\",\"breadcrumb\":{\"@id\":\"https:\\\/\\\/amrtop.net\\\/produit\\\/bougie-lineaire-o-10-mm-l-180-mm\\\/#breadcrumb\"},\"inLanguage\":\"ro-RO\",\"potentialAction\":[{\"@type\":\"ReadAction\",\"target\":[\"https:\\\/\\\/amrtop.net\\\/produit\\\/bougie-lineaire-o-10-mm-l-180-mm\\\/\"]}]},{\"@type\":\"ImageObject\",\"inLanguage\":\"ro-RO\",\"@id\":\"https:\\\/\\\/amrtop.net\\\/produit\\\/bougie-lineaire-o-10-mm-l-180-mm\\\/#primaryimage\",\"url\":\"https:\\\/\\\/amrtop.net\\\/wp-content\\\/uploads\\\/2020\\\/01\\\/elt60027.jpg\",\"contentUrl\":\"https:\\\/\\\/amrtop.net\\\/wp-content\\\/uploads\\\/2020\\\/01\\\/elt60027.jpg\",\"width\":960,\"height\":960,\"caption\":\"Bougie lin\u00e9aire \u00f8 10 mm L.180 mm - r\u00e9sistance \u00e0 l\u2019allumage lisse sans raccord du po\u00eale \u00e0 pellets -syst\u00e8me d\u2019allumage pour appareils \u00e0 pellets -\"},{\"@type\":\"BreadcrumbList\",\"@id\":\"https:\\\/\\\/amrtop.net\\\/produit\\\/bougie-lineaire-o-10-mm-l-180-mm\\\/#breadcrumb\",\"itemListElement\":[{\"@type\":\"ListItem\",\"position\":1,\"name\":\"Home\",\"item\":\"https:\\\/\\\/amrtop.net\\\/\"},{\"@type\":\"ListItem\",\"position\":2,\"name\":\"Shop\",\"item\":\"https:\\\/\\\/amrtop.net\\\/negozio\\\/\"},{\"@type\":\"ListItem\",\"position\":3,\"name\":\"Bougie lin\u00e9aire \u00f8 10 mm \u2013 320 Watt \u2013 longueur totale 180 mm &#8211; Code ELT60027\"}]},{\"@type\":\"WebSite\",\"@id\":\"https:\\\/\\\/amrtop.net\\\/#website\",\"url\":\"https:\\\/\\\/amrtop.net\\\/\",\"name\":\"AMRTOP B2B \u00c9tranger - Achats r\u00e9serv\u00e9s au professionnel\",\"description\":\"Pi\u00e8ces de rechange et accessoires pour po\u00eales et chaudi\u00e8res - eCommerce B2B pour Clients Professionnels\",\"potentialAction\":[{\"@type\":\"SearchAction\",\"target\":{\"@type\":\"EntryPoint\",\"urlTemplate\":\"https:\\\/\\\/amrtop.net\\\/?s={search_term_string}\"},\"query-input\":{\"@type\":\"PropertyValueSpecification\",\"valueRequired\":true,\"valueName\":\"search_term_string\"}}],\"inLanguage\":\"ro-RO\"}]}<\/script>\n<!-- \/ Yoast SEO plugin. -->","yoast_head_json":{"title":"Bougie lin\u00e9aire \u00f8 10 mm L.180 mm","description":"Bujie liniar\u0103 \u00f8 10 mm L.180 mm - Rezisten\u021b\u0103 de aprindere lin\u0103 f\u0103r\u0103 conectarea sobei pe pele\u021bi - Sistem de aprindere pentru aparate pe pele\u021bi -","robots":{"index":"index","follow":"follow","max-snippet":"max-snippet:-1","max-image-preview":"max-image-preview:large","max-video-preview":"max-video-preview:-1"},"canonical":"https:\/\/amrtop.net\/ro\/produs\/dop-liniar-o-10-mm-l-180-mm\/","og_locale":"ro_RO","og_type":"article","og_title":"Bougie lin\u00e9aire \u00f8 10 mm L.180 mm","og_description":"Bougie lin\u00e9aire \u00f8 10 mm L.180 mm - r\u00e9sistance \u00e0 l\u2019allumage lisse sans raccord du po\u00eale \u00e0 pellets -syst\u00e8me d\u2019allumage pour appareils \u00e0 pellets -","og_url":"https:\/\/amrtop.net\/ro\/produs\/dop-liniar-o-10-mm-l-180-mm\/","og_site_name":"AMRTOP B2B \u00c9tranger - Achats r\u00e9serv\u00e9s au professionnel","article_modified_time":"2024-05-22T09:22:49+00:00","og_image":[{"width":960,"height":960,"url":"https:\/\/amrtop.net\/wp-content\/uploads\/2020\/01\/elt60027.jpg","type":"image\/jpeg"}],"twitter_card":"summary_large_image","twitter_misc":{"Timp estimat pentru citire":"3 minute"},"schema":{"@context":"https:\/\/schema.org","@graph":[{"@type":"WebPage","@id":"https:\/\/amrtop.net\/produit\/bougie-lineaire-o-10-mm-l-180-mm\/","url":"https:\/\/amrtop.net\/produit\/bougie-lineaire-o-10-mm-l-180-mm\/","name":"Bougie lin\u00e9aire \u00f8 10 mm L.180 mm","isPartOf":{"@id":"https:\/\/amrtop.net\/#website"},"primaryImageOfPage":{"@id":"https:\/\/amrtop.net\/produit\/bougie-lineaire-o-10-mm-l-180-mm\/#primaryimage"},"image":{"@id":"https:\/\/amrtop.net\/produit\/bougie-lineaire-o-10-mm-l-180-mm\/#primaryimage"},"thumbnailUrl":"https:\/\/amrtop.net\/wp-content\/uploads\/2020\/01\/elt60027.jpg","datePublished":"2020-01-10T00:00:00+00:00","dateModified":"2024-05-22T09:22:49+00:00","description":"Bujie liniar\u0103 \u00f8 10 mm L.180 mm - Rezisten\u021b\u0103 de aprindere lin\u0103 f\u0103r\u0103 conectarea sobei pe pele\u021bi - Sistem de aprindere pentru aparate pe pele\u021bi -","breadcrumb":{"@id":"https:\/\/amrtop.net\/produit\/bougie-lineaire-o-10-mm-l-180-mm\/#breadcrumb"},"inLanguage":"ro-RO","potentialAction":[{"@type":"ReadAction","target":["https:\/\/amrtop.net\/produit\/bougie-lineaire-o-10-mm-l-180-mm\/"]}]},{"@type":"ImageObject","inLanguage":"ro-RO","@id":"https:\/\/amrtop.net\/produit\/bougie-lineaire-o-10-mm-l-180-mm\/#primaryimage","url":"https:\/\/amrtop.net\/wp-content\/uploads\/2020\/01\/elt60027.jpg","contentUrl":"https:\/\/amrtop.net\/wp-content\/uploads\/2020\/01\/elt60027.jpg","width":960,"height":960,"caption":"Bougie lin\u00e9aire \u00f8 10 mm L.180 mm - r\u00e9sistance \u00e0 l\u2019allumage lisse sans raccord du po\u00eale \u00e0 pellets -syst\u00e8me d\u2019allumage pour appareils \u00e0 pellets -"},{"@type":"BreadcrumbList","@id":"https:\/\/amrtop.net\/produit\/bougie-lineaire-o-10-mm-l-180-mm\/#breadcrumb","itemListElement":[{"@type":"ListItem","position":1,"name":"Home","item":"https:\/\/amrtop.net\/"},{"@type":"ListItem","position":2,"name":"Shop","item":"https:\/\/amrtop.net\/negozio\/"},{"@type":"ListItem","position":3,"name":"Bougie lin\u00e9aire \u00f8 10 mm \u2013 320 Watt \u2013 longueur totale 180 mm &#8211; Code ELT60027"}]},{"@type":"WebSite","@id":"https:\/\/amrtop.net\/#website","url":"https:\/\/amrtop.net\/","name":"AMRTOP B2B Abroad - Achizi\u021bii rezervate profesioni\u0219tilor","description":"Piese de schimb \u0219i accesorii pentru sobe \u0219i cazane - eCommerce B2B pentru clien\u021bi profesioni\u0219ti","potentialAction":[{"@type":"SearchAction","target":{"@type":"EntryPoint","urlTemplate":"https:\/\/amrtop.net\/?s={search_term_string}"},"query-input":{"@type":"PropertyValueSpecification","valueRequired":true,"valueName":"search_term_string"}}],"inLanguage":"ro-RO"}]}},"_links":{"self":[{"href":"https:\/\/amrtop.net\/ro\/wp-json\/wp\/v2\/product\/3601","targetHints":{"allow":["GET"]}}],"collection":[{"href":"https:\/\/amrtop.net\/ro\/wp-json\/wp\/v2\/product"}],"about":[{"href":"https:\/\/amrtop.net\/ro\/wp-json\/wp\/v2\/types\/product"}],"replies":[{"embeddable":true,"href":"https:\/\/amrtop.net\/ro\/wp-json\/wp\/v2\/comments?post=3601"}],"wp:featuredmedia":[{"embeddable":true,"href":"https:\/\/amrtop.net\/ro\/wp-json\/wp\/v2\/media\/34665"}],"wp:attachment":[{"href":"https:\/\/amrtop.net\/ro\/wp-json\/wp\/v2\/media?parent=3601"}],"wp:term":[{"taxonomy":"product_brand","embeddable":true,"href":"https:\/\/amrtop.net\/ro\/wp-json\/wp\/v2\/product_brand?post=3601"},{"taxonomy":"product_cat","embeddable":true,"href":"https:\/\/amrtop.net\/ro\/wp-json\/wp\/v2\/product_cat?post=3601"},{"taxonomy":"product_tag","embeddable":true,"href":"https:\/\/amrtop.net\/ro\/wp-json\/wp\/v2\/product_tag?post=3601"}],"curies":[{"name":"wp","href":"https:\/\/api.w.org\/{rel}","templated":true}]}}