{"id":3612,"date":"2020-01-10T00:00:00","date_gmt":"2020-01-10T00:00:00","guid":{"rendered":"https:\/\/amrtop.com\/B2B\/?post_type=product&#038;p=3612"},"modified":"2026-02-12T10:17:14","modified_gmt":"2026-02-12T10:17:14","slug":"bougie-en-ceramique-etanche-raccord-3-8%e2%80%b3-l11-5-mm","status":"publish","type":"product","link":"https:\/\/amrtop.net\/ro\/produit\/bougie-en-ceramique-etanche-raccord-3-8%e2%80%b3-l11-5-mm\/","title":{"rendered":"Lum\u00e2nare ceramic\u0103 sigilat\u0103 cu conector 3\/8\u2033 \u00f8 11.55 mm - 240 Watt - lungime total\u0103 94 mm - Cod CER03"},"content":{"rendered":"<hr \/>\n<h3>Bougie en c\u00e9ramique \u00e9tanche raccord 3\/8\u2033 L11.5 mm<\/h3>\n<p>Amrtop dispune de diferite tipuri de lum\u00e2n\u0103ri ceramice pentru a se potrivi tuturor aparatelor pe pele\u021bi de pe pia\u021ba european\u0103. Acestea au o structur\u0103 radiant\u0103 tubular\u0103 cu un orificiu de trecere care permite aerului s\u0103 treac\u0103 prin corpul elementului de \u00eenc\u0103lzire, \u00een timp ce alte modele sunt mai ieftine \u0219i mai u\u0219or de instalat. Structura lor le confer\u0103 o performan\u021b\u0103 de aprindere de 1,4 ori mai bun\u0103 dec\u00e2t cea a \u00eenc\u0103lzitorului cu cartu\u0219 metalic.<\/p>\n<h3>Les avantages des bougies en c\u00e9ramique<\/h3>\n<ul>\n<li>Consum redus de energie \u00een compara\u021bie cu cartu\u0219ele sau rezisten\u021bele tradi\u021bionale<\/li>\n<li>Durata<\/li>\n<li>Timp de pornire 60 - 90 secunde<\/li>\n<li>Testat peste 150.000 de cicluri (pe pia\u021ba japonez\u0103 de pele\u021bi timp de 15 ani)<\/li>\n<li>U\u0219or de instalat<\/li>\n<li>Potrivit pentru toate tuburile de o\u021bel cu un diametru intern de 16-19 mm<\/li>\n<li>1000\u00b0C la temperatur\u0103 constant\u0103<\/li>\n<li>Dac\u0103 ventilatoarele func\u021bioneaz\u0103 defectuos, nu se supra\u00eenc\u0103lze\u0219te<\/li>\n<li>Tensiune disponibil\u0103 100\/120\/220\/240V<\/li>\n<li>Complet izolat electric, f\u0103r\u0103 contacte electrice expuse<\/li>\n<li>Impermeabil la oxidare \u0219i coroziune<\/li>\n<li>\u00cen deplin\u0103 conformitate cu<\/li>\n<li>Directivele CE, toate certificate TUV<\/li>\n<\/ul>\n<h3>Utilisation de la bougie en c\u00e9ramique \u00e9tanche raccord 3\/8 L11.5mm<\/h3>\n<p>La bougie de pr\u00e9chauffage ou cartouche d\u2019allumage en c\u00e9ramique raccord 3\/8&#8243; \u00f8 11,55 mm &#8211; 240 Watt &#8211; Longueur totale 94 mm &#8211; Code CER03 commercialis\u00e9e par Amrtop sert \u00e0 d\u00e9clencher l\u2019allumage de copeaux de bois, grumes divis\u00e9s, miettes de bois ou autre biomasse, paille, ma\u00efs, etc., par l\u2019interm\u00e9diaire de l\u2019air pr\u00e9sent dans les g\u00e9n\u00e9rateurs de chaleur \u00e0 biomasse<\/p>\n<p>Se g\u0103se\u0219te \u00een aparatele tipice - Soba pe pele\u021bi - Cazan pe pele\u021bi - Arz\u0103tor pe pele\u021bi - Gr\u0103tar\/barbeque pe pele\u021bi Cazan pe biomas\u0103 - Arz\u0103tor pe biomas\u0103 - \u0218i multe alte arz\u0103toare<\/p>\n<h3>Interior<\/h3>\n<p><a href=\"https:\/\/wekos.it\/\">Sobe, aragazuri \u0219i aragazuri pe lemne<\/a>\u00a0-\u00a0<a href=\"https:\/\/www.greenpuros.com\/\">\u0219eminee, sobe \u0219i cazane pe pele\u021bi.<\/a><\/p>\n<h3>Gama Amrtop de piese de schimb \u0219i accesorii<\/h3>\n<h3><\/h3>\n<p><a href=\"https:\/\/amrtop.net\/ro\/categoria-de-produse\/piese-de-schimb-sobe-si-cazane-de-gatit-si-cazane-mixte-2\/bougies-dallumage-pour-poeles-et-chaudieres-a-pellets\/\">Bujii incandescente<\/a><\/p>\n<p><a href=\"https:\/\/amrtop.net\/ro\/categoria-de-produse\/piese-de-schimb-sobe-si-cazane-de-gatit-si-cazane-mixte-2\/electronique\/\">Electronic\u0103<\/a><\/p>\n<p><a href=\"https:\/\/amrtop.net\/ro\/categoria-de-produse\/piese-de-schimb-sobe-si-cazane-de-gatit-si-cazane-mixte-2\/extracteurs-de-fumee\/\">Extractoare de fum<\/a><\/p>\n<p><a href=\"https:\/\/amrtop.net\/ro\/categoria-de-produse\/piese-de-schimb-sobe-si-cazane-de-gatit-si-cazane-mixte-2\/gaines-cable-connecteurs\/\">Teci de cablu conector<\/a><\/p>\n<p><a href=\"https:\/\/amrtop.net\/ro\/categoria-de-produse\/piese-de-schimb-sobe-si-cazane-de-gatit-si-cazane-mixte-2\/joints-de-silicone\/\">Garnituri de silicon<\/a><\/p>\n<p><a href=\"https:\/\/amrtop.net\/ro\/categoria-de-produse\/piese-de-schimb-sobe-si-cazane-de-gatit-si-cazane-mixte-2\/motoreducteurs\/\">Motoare cu angrenaje<\/a><\/p>\n<p><a href=\"https:\/\/amrtop.net\/ro\/categoria-de-produse\/piese-de-schimb-sobe-si-cazane-de-gatit-si-cazane-mixte-2\/pressostats-et-transducteurs\/\">Presostate \u0219i traductoare de presiune<\/a><\/p>\n<p><a href=\"https:\/\/amrtop.com\/B2B\/fr\/categorie-produit\/ricambi-vari-stufe-e-caldaie\/sonde-termostati-manometri-termometri\/\">Sonde termostate manometre termometre termometre<\/a><\/p>\n<p><a href=\"https:\/\/amrtop.net\/ro\/categoria-de-produse\/piese-de-schimb-sobe-si-cazane-de-gatit-si-cazane-mixte-2\/joints-detancheite\/\">Tricotaje de etan\u0219are<\/a><\/p>\n<p><a href=\"https:\/\/amrtop.net\/ro\/categoria-de-produse\/piese-de-schimb-sobe-si-cazane-de-gatit-si-cazane-mixte-2\/ventilateurs-centrifuges-pour-poeles-a-pellets\/\">Ventilatoare centrifuge<\/a><\/p>\n<p><a href=\"https:\/\/amrtop.net\/ro\/categoria-de-produse\/piese-de-schimb-sobe-si-cazane-de-gatit-si-cazane-mixte-2\/ventilateurs-tangentiels-flux-transversal\/\">Ventilatoare cu flux \u00eencruci\u0219at<\/a><\/p>\n<p><a href=\"https:\/\/amrtop.net\/ro\/categoria-de-produse\/piese-de-schimb-sobe-si-cazane-de-gatit-si-cazane-mixte-2\/adhesifs-et-produits-detancheite\/\">Adezivi \u0219i materiale de etan\u0219are<\/a><\/p>\n<p>&nbsp;<\/p>\n<p>&nbsp;<\/p>","protected":false},"excerpt":{"rendered":"<hr \/>\n<h2><span style=\"color: #008000;\">Disponibil la<\/span><\/h2>\n<hr \/>\n<h3>Bougie de pr\u00e9chauffage en c\u00e9ramique avec connexion 3\/8\u2033.<\/h3>\n<p>Code CER03<\/p>\n<p>Bujie: \u00f8 11,55 mm<br \/>\nLungime total\u0103: 94 mm<br \/>\nLungime sub piuli\u021b\u0103: 89 mm<br \/>\nPutere: 240 W<br \/>\nLungime cablu: 350 mm<\/p>\n<h3>Compatibilitate<\/h3>\n<hr \/>\n<h3>Bujie\/rezistor\/cartu\u0219 de aprindere compatibil cu urm\u0103toarele m\u0103rci de sobe pe pele\u021bi<\/h3>\n<p><strong>Amg<\/strong><\/p>\n<p><strong>Dalzotto compatible avec les mod\u00e8les de po\u00eales suivants:<\/strong>: Inserto Idro 800, Jole Idro 2.0, Malika Idro, Husky<\/p>\n<p><strong>De Dietrich compatible avec les mod\u00e8les de po\u00eales suivants:\u00a0<\/strong>Floralis, Quadralis Ppa8 V, Ppa8 PVI, Ppa8 GVI, Quadralis Ppa8, Ppa8BC, Ppa8 PBI, Quadralis Ppa8 GBI, Tectia<\/p>\n<p><strong>Deville compatible avec les mod\u00e8les de po\u00eales suivants :\u00a0<\/strong>Galaxie, Atlas, Ulys<\/p>\n<p><strong>Ecoteck, Extraflame, Ravelli, Skia design<\/strong><\/p>","protected":false},"featured_media":37254,"comment_status":"open","ping_status":"closed","template":"","meta":[],"product_brand":[],"product_cat":[840,854,839],"product_tag":[148,149,58,31,61,124,84,41,89,122,151,152],"class_list":{"0":"post-3612","1":"product","2":"type-product","3":"status-publish","4":"has-post-thumbnail","6":"product_cat-bougies-dallumage-pour-poeles-et-chaudieres-a-pellets","7":"product_cat-bougies-en-ceramique-pour-poeles-et-chaudieres-et-pellets","8":"product_cat-pieces-de-rechange-divers-poeles-et-chaudieres","9":"product_tag-atlantic","10":"product_tag-casatelli","11":"product_tag-cheminees-philippe","12":"product_tag-ecoteck","13":"product_tag-edilkamin","14":"product_tag-jotul","15":"product_tag-palazzetti","16":"product_tag-ravelli","17":"product_tag-richard-le-droff","18":"product_tag-royal","19":"product_tag-tresco","20":"product_tag-turbo-fonte","21":"product_shipping_class-classe-di-spedizione-01","23":"first","24":"instock","25":"shipping-taxable","26":"purchasable","27":"product-type-simple"},"yoast_head":"<!-- This site is optimized with the Yoast SEO plugin v27.4 - https:\/\/yoast.com\/product\/yoast-seo-wordpress\/ -->\n<title>Bougie en c\u00e9ramique \u00e9tanche raccord 3\/8\u2033 L11.5 mm<\/title>\n<meta name=\"description\" content=\"Bougie en c\u00e9ramique \u00e9tanche raccord 3\/8\u2033 L11.5 mm - r\u00e9sistance \u00e0 l\u2019allumage pour Sufa et chaudi\u00e8re \u00e0 pellets - syst\u00e8me d\u2019allumage pour appareils \u00e0 pellets\" \/>\n<meta name=\"robots\" content=\"index, follow, max-snippet:-1, max-image-preview:large, max-video-preview:-1\" \/>\n<link rel=\"canonical\" href=\"https:\/\/amrtop.net\/ro\/produs\/bougie-en-ceramique-etanche-raccord-3-8\u2033-l11-5-mm\/\" \/>\n<meta property=\"og:locale\" content=\"ro_RO\" \/>\n<meta property=\"og:type\" content=\"article\" \/>\n<meta property=\"og:title\" content=\"Bougie en c\u00e9ramique \u00e9tanche raccord 3\/8\u2033 L11.5 mm\" \/>\n<meta property=\"og:description\" content=\"Bougie en c\u00e9ramique \u00e9tanche raccord 3\/8\u2033 L11.5 mm - r\u00e9sistance \u00e0 l\u2019allumage pour Sufa et chaudi\u00e8re \u00e0 pellets - syst\u00e8me d\u2019allumage pour appareils \u00e0 pellets\" \/>\n<meta property=\"og:url\" content=\"https:\/\/amrtop.net\/ro\/produs\/bougie-en-ceramique-etanche-raccord-3-8\u2033-l11-5-mm\/\" \/>\n<meta property=\"og:site_name\" content=\"AMRTOP B2B \u00c9tranger - Achats r\u00e9serv\u00e9s au professionnel\" \/>\n<meta property=\"article:modified_time\" content=\"2026-02-12T10:17:14+00:00\" \/>\n<meta property=\"og:image\" content=\"https:\/\/amrtop.net\/wp-content\/uploads\/2020\/01\/CER03AMR-TOP.jpg\" \/>\n\t<meta property=\"og:image:width\" content=\"960\" \/>\n\t<meta property=\"og:image:height\" content=\"960\" \/>\n\t<meta property=\"og:image:type\" content=\"image\/jpeg\" \/>\n<meta name=\"twitter:card\" content=\"summary_large_image\" \/>\n<meta name=\"twitter:label1\" content=\"Timp estimat pentru citire\" \/>\n\t<meta name=\"twitter:data1\" content=\"2 minute\" \/>\n<script type=\"application\/ld+json\" class=\"yoast-schema-graph\">{\"@context\":\"https:\\\/\\\/schema.org\",\"@graph\":[{\"@type\":\"WebPage\",\"@id\":\"https:\\\/\\\/amrtop.net\\\/produit\\\/bougie-en-ceramique-etanche-raccord-3-8%e2%80%b3-l11-5-mm\\\/\",\"url\":\"https:\\\/\\\/amrtop.net\\\/produit\\\/bougie-en-ceramique-etanche-raccord-3-8%e2%80%b3-l11-5-mm\\\/\",\"name\":\"Bougie en c\u00e9ramique \u00e9tanche raccord 3\\\/8\u2033 L11.5 mm\",\"isPartOf\":{\"@id\":\"https:\\\/\\\/amrtop.net\\\/#website\"},\"primaryImageOfPage\":{\"@id\":\"https:\\\/\\\/amrtop.net\\\/produit\\\/bougie-en-ceramique-etanche-raccord-3-8%e2%80%b3-l11-5-mm\\\/#primaryimage\"},\"image\":{\"@id\":\"https:\\\/\\\/amrtop.net\\\/produit\\\/bougie-en-ceramique-etanche-raccord-3-8%e2%80%b3-l11-5-mm\\\/#primaryimage\"},\"thumbnailUrl\":\"https:\\\/\\\/amrtop.net\\\/wp-content\\\/uploads\\\/2020\\\/01\\\/CER03AMR-TOP.jpg\",\"datePublished\":\"2020-01-10T00:00:00+00:00\",\"dateModified\":\"2026-02-12T10:17:14+00:00\",\"description\":\"Bougie en c\u00e9ramique \u00e9tanche raccord 3\\\/8\u2033 L11.5 mm - r\u00e9sistance \u00e0 l\u2019allumage pour Sufa et chaudi\u00e8re \u00e0 pellets - syst\u00e8me d\u2019allumage pour appareils \u00e0 pellets\",\"breadcrumb\":{\"@id\":\"https:\\\/\\\/amrtop.net\\\/produit\\\/bougie-en-ceramique-etanche-raccord-3-8%e2%80%b3-l11-5-mm\\\/#breadcrumb\"},\"inLanguage\":\"ro-RO\",\"potentialAction\":[{\"@type\":\"ReadAction\",\"target\":[\"https:\\\/\\\/amrtop.net\\\/produit\\\/bougie-en-ceramique-etanche-raccord-3-8%e2%80%b3-l11-5-mm\\\/\"]}]},{\"@type\":\"ImageObject\",\"inLanguage\":\"ro-RO\",\"@id\":\"https:\\\/\\\/amrtop.net\\\/produit\\\/bougie-en-ceramique-etanche-raccord-3-8%e2%80%b3-l11-5-mm\\\/#primaryimage\",\"url\":\"https:\\\/\\\/amrtop.net\\\/wp-content\\\/uploads\\\/2020\\\/01\\\/CER03AMR-TOP.jpg\",\"contentUrl\":\"https:\\\/\\\/amrtop.net\\\/wp-content\\\/uploads\\\/2020\\\/01\\\/CER03AMR-TOP.jpg\",\"width\":960,\"height\":960,\"caption\":\"Bougie en c\u00e9ramique \u00e9tanche raccord 3\\\/8\u2033 L11.5 mm - r\u00e9sistance \u00e0 l\u2019allumage pour Sufa et chaudi\u00e8re \u00e0 pellets - syst\u00e8me d\u2019allumage pour appareils \u00e0 pellets\"},{\"@type\":\"BreadcrumbList\",\"@id\":\"https:\\\/\\\/amrtop.net\\\/produit\\\/bougie-en-ceramique-etanche-raccord-3-8%e2%80%b3-l11-5-mm\\\/#breadcrumb\",\"itemListElement\":[{\"@type\":\"ListItem\",\"position\":1,\"name\":\"Home\",\"item\":\"https:\\\/\\\/amrtop.net\\\/\"},{\"@type\":\"ListItem\",\"position\":2,\"name\":\"Shop\",\"item\":\"https:\\\/\\\/amrtop.net\\\/negozio\\\/\"},{\"@type\":\"ListItem\",\"position\":3,\"name\":\"Bougie \u00e9tanche en c\u00e9ramique avec raccord 3\\\/8\u2033 \u00f8 11,55 mm \u2013 240 Watt \u2013 longueur totale 94 mm \u2013 Code CER03\"}]},{\"@type\":\"WebSite\",\"@id\":\"https:\\\/\\\/amrtop.net\\\/#website\",\"url\":\"https:\\\/\\\/amrtop.net\\\/\",\"name\":\"AMRTOP B2B \u00c9tranger - Achats r\u00e9serv\u00e9s au professionnel\",\"description\":\"Pi\u00e8ces de rechange et accessoires pour po\u00eales et chaudi\u00e8res - eCommerce B2B pour Clients Professionnels\",\"potentialAction\":[{\"@type\":\"SearchAction\",\"target\":{\"@type\":\"EntryPoint\",\"urlTemplate\":\"https:\\\/\\\/amrtop.net\\\/?s={search_term_string}\"},\"query-input\":{\"@type\":\"PropertyValueSpecification\",\"valueRequired\":true,\"valueName\":\"search_term_string\"}}],\"inLanguage\":\"ro-RO\"}]}<\/script>\n<!-- \/ Yoast SEO plugin. -->","yoast_head_json":{"title":"Bougie en c\u00e9ramique \u00e9tanche raccord 3\/8\u2033 L11.5 mm","description":"Bujie incandescent\u0103 ceramic\u0103 etan\u0219\u0103 3\/8\u2033 L11,5 mm conexiune - rezisten\u021b\u0103 la aprindere pentru cazane Sufa \u0219i pe pele\u021bi - sistem de aprindere pentru aparate pe pele\u021bi","robots":{"index":"index","follow":"follow","max-snippet":"max-snippet:-1","max-image-preview":"max-image-preview:large","max-video-preview":"max-video-preview:-1"},"canonical":"https:\/\/amrtop.net\/ro\/produs\/bougie-en-ceramique-etanche-raccord-3-8\u2033-l11-5-mm\/","og_locale":"ro_RO","og_type":"article","og_title":"Bougie en c\u00e9ramique \u00e9tanche raccord 3\/8\u2033 L11.5 mm","og_description":"Bougie en c\u00e9ramique \u00e9tanche raccord 3\/8\u2033 L11.5 mm - r\u00e9sistance \u00e0 l\u2019allumage pour Sufa et chaudi\u00e8re \u00e0 pellets - syst\u00e8me d\u2019allumage pour appareils \u00e0 pellets","og_url":"https:\/\/amrtop.net\/ro\/produs\/bougie-en-ceramique-etanche-raccord-3-8\u2033-l11-5-mm\/","og_site_name":"AMRTOP B2B \u00c9tranger - Achats r\u00e9serv\u00e9s au professionnel","article_modified_time":"2026-02-12T10:17:14+00:00","og_image":[{"width":960,"height":960,"url":"https:\/\/amrtop.net\/wp-content\/uploads\/2020\/01\/CER03AMR-TOP.jpg","type":"image\/jpeg"}],"twitter_card":"summary_large_image","twitter_misc":{"Timp estimat pentru citire":"2 minute"},"schema":{"@context":"https:\/\/schema.org","@graph":[{"@type":"WebPage","@id":"https:\/\/amrtop.net\/produit\/bougie-en-ceramique-etanche-raccord-3-8%e2%80%b3-l11-5-mm\/","url":"https:\/\/amrtop.net\/produit\/bougie-en-ceramique-etanche-raccord-3-8%e2%80%b3-l11-5-mm\/","name":"Bougie en c\u00e9ramique \u00e9tanche raccord 3\/8\u2033 L11.5 mm","isPartOf":{"@id":"https:\/\/amrtop.net\/#website"},"primaryImageOfPage":{"@id":"https:\/\/amrtop.net\/produit\/bougie-en-ceramique-etanche-raccord-3-8%e2%80%b3-l11-5-mm\/#primaryimage"},"image":{"@id":"https:\/\/amrtop.net\/produit\/bougie-en-ceramique-etanche-raccord-3-8%e2%80%b3-l11-5-mm\/#primaryimage"},"thumbnailUrl":"https:\/\/amrtop.net\/wp-content\/uploads\/2020\/01\/CER03AMR-TOP.jpg","datePublished":"2020-01-10T00:00:00+00:00","dateModified":"2026-02-12T10:17:14+00:00","description":"Bujie incandescent\u0103 ceramic\u0103 etan\u0219\u0103 3\/8\u2033 L11,5 mm conexiune - rezisten\u021b\u0103 la aprindere pentru cazane Sufa \u0219i pe pele\u021bi - sistem de aprindere pentru aparate pe pele\u021bi","breadcrumb":{"@id":"https:\/\/amrtop.net\/produit\/bougie-en-ceramique-etanche-raccord-3-8%e2%80%b3-l11-5-mm\/#breadcrumb"},"inLanguage":"ro-RO","potentialAction":[{"@type":"ReadAction","target":["https:\/\/amrtop.net\/produit\/bougie-en-ceramique-etanche-raccord-3-8%e2%80%b3-l11-5-mm\/"]}]},{"@type":"ImageObject","inLanguage":"ro-RO","@id":"https:\/\/amrtop.net\/produit\/bougie-en-ceramique-etanche-raccord-3-8%e2%80%b3-l11-5-mm\/#primaryimage","url":"https:\/\/amrtop.net\/wp-content\/uploads\/2020\/01\/CER03AMR-TOP.jpg","contentUrl":"https:\/\/amrtop.net\/wp-content\/uploads\/2020\/01\/CER03AMR-TOP.jpg","width":960,"height":960,"caption":"Bougie en c\u00e9ramique \u00e9tanche raccord 3\/8\u2033 L11.5 mm - r\u00e9sistance \u00e0 l\u2019allumage pour Sufa et chaudi\u00e8re \u00e0 pellets - syst\u00e8me d\u2019allumage pour appareils \u00e0 pellets"},{"@type":"BreadcrumbList","@id":"https:\/\/amrtop.net\/produit\/bougie-en-ceramique-etanche-raccord-3-8%e2%80%b3-l11-5-mm\/#breadcrumb","itemListElement":[{"@type":"ListItem","position":1,"name":"Home","item":"https:\/\/amrtop.net\/"},{"@type":"ListItem","position":2,"name":"Shop","item":"https:\/\/amrtop.net\/negozio\/"},{"@type":"ListItem","position":3,"name":"Bougie \u00e9tanche en c\u00e9ramique avec raccord 3\/8\u2033 \u00f8 11,55 mm \u2013 240 Watt \u2013 longueur totale 94 mm \u2013 Code CER03"}]},{"@type":"WebSite","@id":"https:\/\/amrtop.net\/#website","url":"https:\/\/amrtop.net\/","name":"AMRTOP B2B Abroad - Achizi\u021bii rezervate profesioni\u0219tilor","description":"Piese de schimb \u0219i accesorii pentru sobe \u0219i cazane - eCommerce B2B pentru clien\u021bi profesioni\u0219ti","potentialAction":[{"@type":"SearchAction","target":{"@type":"EntryPoint","urlTemplate":"https:\/\/amrtop.net\/?s={search_term_string}"},"query-input":{"@type":"PropertyValueSpecification","valueRequired":true,"valueName":"search_term_string"}}],"inLanguage":"ro-RO"}]}},"_links":{"self":[{"href":"https:\/\/amrtop.net\/ro\/wp-json\/wp\/v2\/product\/3612","targetHints":{"allow":["GET"]}}],"collection":[{"href":"https:\/\/amrtop.net\/ro\/wp-json\/wp\/v2\/product"}],"about":[{"href":"https:\/\/amrtop.net\/ro\/wp-json\/wp\/v2\/types\/product"}],"replies":[{"embeddable":true,"href":"https:\/\/amrtop.net\/ro\/wp-json\/wp\/v2\/comments?post=3612"}],"wp:featuredmedia":[{"embeddable":true,"href":"https:\/\/amrtop.net\/ro\/wp-json\/wp\/v2\/media\/37254"}],"wp:attachment":[{"href":"https:\/\/amrtop.net\/ro\/wp-json\/wp\/v2\/media?parent=3612"}],"wp:term":[{"taxonomy":"product_brand","embeddable":true,"href":"https:\/\/amrtop.net\/ro\/wp-json\/wp\/v2\/product_brand?post=3612"},{"taxonomy":"product_cat","embeddable":true,"href":"https:\/\/amrtop.net\/ro\/wp-json\/wp\/v2\/product_cat?post=3612"},{"taxonomy":"product_tag","embeddable":true,"href":"https:\/\/amrtop.net\/ro\/wp-json\/wp\/v2\/product_tag?post=3612"}],"curies":[{"name":"wp","href":"https:\/\/api.w.org\/{rel}","templated":true}]}}