{"id":3613,"date":"2020-01-10T00:00:00","date_gmt":"2020-01-10T00:00:00","guid":{"rendered":"https:\/\/amrtop.com\/B2B\/?post_type=product&#038;p=3613"},"modified":"2024-05-21T09:00:54","modified_gmt":"2024-05-21T09:00:54","slug":"bougie-ceramique-avec-tube-convoyeur-air","status":"publish","type":"product","link":"https:\/\/amrtop.net\/ro\/produit\/bougie-ceramique-avec-tube-convoyeur-air\/","title":{"rendered":"Lum\u00e2nare ceramic\u0103 cu tuburi de vehiculare a aerului \u00f8 22 mm - 280 Watt - lungime total\u0103 144 mm - Cod CER04"},"content":{"rendered":"<h3>Interschimbabil cu urm\u0103torul model de bujie-resistor-cartu\u0219 de aprindere :<\/h3>\n<p>KH66386<\/p>\n<h3>Compatibilitate<\/h3>\n<p><strong>Pentru urm\u0103toarele modele de sobe \u0219i cazane pe pele\u021bi Nordica Extraflame:<\/strong><\/p>\n<p>Costanza Idro<br \/>\nDiadema Idro Evo<br \/>\nElla<br \/>\nEvelyne Idro<br \/>\nFiandra Idro<br \/>\nGuenda Idro<br \/>\nMietta<br \/>\nMietta Evo<br \/>\nPK15<br \/>\nPK20<br \/>\nPK30<br \/>\nPK40<br \/>\nPR30<br \/>\nRosanna Idro<br \/>\nSinfony<br \/>\nTerry Plus<br \/>\nVirna Idro<br \/>\nWendy<\/p>","protected":false},"excerpt":{"rendered":"<hr \/>\n<h2><span style=\"color: #008000\">Disponibil la<\/span><\/h2>\n<hr \/>\n<h3>Bougie en c\u00e9ramique avec tubes convoyage air<\/h3>\n<p>Code CER04<\/p>\n<p>\u00f8 bougie : 22 mm<br \/>\nLongueur totale : 144 mm<br \/>\nPuissance : 280 W<br \/>\nLungime cablu: 500 mm<\/p>\n<p>&nbsp;<\/p>","protected":false},"featured_media":34629,"comment_status":"open","ping_status":"closed","template":"","meta":[],"product_brand":[],"product_cat":[840,854,839],"product_tag":[63,82],"class_list":{"0":"post-3613","1":"product","2":"type-product","3":"status-publish","4":"has-post-thumbnail","6":"product_cat-bougies-dallumage-pour-poeles-et-chaudieres-a-pellets","7":"product_cat-bougies-en-ceramique-pour-poeles-et-chaudieres-et-pellets","8":"product_cat-pieces-de-rechange-divers-poeles-et-chaudieres","9":"product_tag-extraflame","10":"product_tag-nordica-extraflame","11":"product_shipping_class-classe-di-spedizione-01","13":"first","14":"instock","15":"shipping-taxable","16":"purchasable","17":"product-type-simple"},"yoast_head":"<!-- This site is optimized with the Yoast SEO plugin v27.4 - https:\/\/yoast.com\/product\/yoast-seo-wordpress\/ -->\n<title>Bougie c\u00e9ramique avec tube convoyeur air<\/title>\n<meta name=\"description\" content=\"Bougie c\u00e9ramique avec tube convoyeur air - r\u00e9sistance \u00e0 l\u2019allumage en c\u00e9ramique - cartouche d\u2019allumage en c\u00e9ramique pour po\u00eales, radiateurs, inserts et chaudi\u00e8res \u00e0 pellets\" \/>\n<meta name=\"robots\" content=\"index, follow, max-snippet:-1, max-image-preview:large, max-video-preview:-1\" \/>\n<link rel=\"canonical\" href=\"https:\/\/amrtop.net\/ro\/produs\/bougie-ceramique-avec-tube-convoyeur-air\/\" \/>\n<meta property=\"og:locale\" content=\"ro_RO\" \/>\n<meta property=\"og:type\" content=\"article\" \/>\n<meta property=\"og:title\" content=\"Bougie c\u00e9ramique avec tube convoyeur air\" \/>\n<meta property=\"og:description\" content=\"Bougie c\u00e9ramique avec tube convoyeur air - r\u00e9sistance \u00e0 l\u2019allumage en c\u00e9ramique - cartouche d\u2019allumage en c\u00e9ramique pour po\u00eales, radiateurs, inserts et chaudi\u00e8res \u00e0 pellets\" \/>\n<meta property=\"og:url\" content=\"https:\/\/amrtop.net\/ro\/produs\/bougie-ceramique-avec-tube-convoyeur-air\/\" \/>\n<meta property=\"og:site_name\" content=\"AMRTOP B2B \u00c9tranger - Achats r\u00e9serv\u00e9s au professionnel\" \/>\n<meta property=\"article:modified_time\" content=\"2024-05-21T09:00:54+00:00\" \/>\n<meta property=\"og:image\" content=\"https:\/\/amrtop.net\/wp-content\/uploads\/2020\/01\/cer04.jpg\" \/>\n\t<meta property=\"og:image:width\" content=\"960\" \/>\n\t<meta property=\"og:image:height\" content=\"960\" \/>\n\t<meta property=\"og:image:type\" content=\"image\/jpeg\" \/>\n<meta name=\"twitter:card\" content=\"summary_large_image\" \/>\n<meta name=\"twitter:label1\" content=\"Timp estimat pentru citire\" \/>\n\t<meta name=\"twitter:data1\" content=\"2 minute\" \/>\n<script type=\"application\/ld+json\" class=\"yoast-schema-graph\">{\"@context\":\"https:\\\/\\\/schema.org\",\"@graph\":[{\"@type\":\"WebPage\",\"@id\":\"https:\\\/\\\/amrtop.net\\\/produit\\\/bougie-ceramique-avec-tube-convoyeur-air\\\/\",\"url\":\"https:\\\/\\\/amrtop.net\\\/produit\\\/bougie-ceramique-avec-tube-convoyeur-air\\\/\",\"name\":\"Bougie c\u00e9ramique avec tube convoyeur air\",\"isPartOf\":{\"@id\":\"https:\\\/\\\/amrtop.net\\\/#website\"},\"primaryImageOfPage\":{\"@id\":\"https:\\\/\\\/amrtop.net\\\/produit\\\/bougie-ceramique-avec-tube-convoyeur-air\\\/#primaryimage\"},\"image\":{\"@id\":\"https:\\\/\\\/amrtop.net\\\/produit\\\/bougie-ceramique-avec-tube-convoyeur-air\\\/#primaryimage\"},\"thumbnailUrl\":\"https:\\\/\\\/amrtop.net\\\/wp-content\\\/uploads\\\/2020\\\/01\\\/cer04.jpg\",\"datePublished\":\"2020-01-10T00:00:00+00:00\",\"dateModified\":\"2024-05-21T09:00:54+00:00\",\"description\":\"Bougie c\u00e9ramique avec tube convoyeur air - r\u00e9sistance \u00e0 l\u2019allumage en c\u00e9ramique - cartouche d\u2019allumage en c\u00e9ramique pour po\u00eales, radiateurs, inserts et chaudi\u00e8res \u00e0 pellets\",\"breadcrumb\":{\"@id\":\"https:\\\/\\\/amrtop.net\\\/produit\\\/bougie-ceramique-avec-tube-convoyeur-air\\\/#breadcrumb\"},\"inLanguage\":\"ro-RO\",\"potentialAction\":[{\"@type\":\"ReadAction\",\"target\":[\"https:\\\/\\\/amrtop.net\\\/produit\\\/bougie-ceramique-avec-tube-convoyeur-air\\\/\"]}]},{\"@type\":\"ImageObject\",\"inLanguage\":\"ro-RO\",\"@id\":\"https:\\\/\\\/amrtop.net\\\/produit\\\/bougie-ceramique-avec-tube-convoyeur-air\\\/#primaryimage\",\"url\":\"https:\\\/\\\/amrtop.net\\\/wp-content\\\/uploads\\\/2020\\\/01\\\/cer04.jpg\",\"contentUrl\":\"https:\\\/\\\/amrtop.net\\\/wp-content\\\/uploads\\\/2020\\\/01\\\/cer04.jpg\",\"width\":960,\"height\":960,\"caption\":\"Bougie c\u00e9ramique avec tube convoyeur air - r\u00e9sistance \u00e0 l\u2019allumage en c\u00e9ramique - cartouche d\u2019allumage en c\u00e9ramique pour po\u00eales, radiateurs, inserts et chaudi\u00e8res \u00e0 pellets\"},{\"@type\":\"BreadcrumbList\",\"@id\":\"https:\\\/\\\/amrtop.net\\\/produit\\\/bougie-ceramique-avec-tube-convoyeur-air\\\/#breadcrumb\",\"itemListElement\":[{\"@type\":\"ListItem\",\"position\":1,\"name\":\"Home\",\"item\":\"https:\\\/\\\/amrtop.net\\\/\"},{\"@type\":\"ListItem\",\"position\":2,\"name\":\"Shop\",\"item\":\"https:\\\/\\\/amrtop.net\\\/negozio\\\/\"},{\"@type\":\"ListItem\",\"position\":3,\"name\":\"Bougie en c\u00e9ramique avec tubes convoyage air \u00f8 22 mm \u2013 280 Watt \u2013 lunghezza totale 144 mm \u2013 Code CER04\"}]},{\"@type\":\"WebSite\",\"@id\":\"https:\\\/\\\/amrtop.net\\\/#website\",\"url\":\"https:\\\/\\\/amrtop.net\\\/\",\"name\":\"AMRTOP B2B \u00c9tranger - Achats r\u00e9serv\u00e9s au professionnel\",\"description\":\"Pi\u00e8ces de rechange et accessoires pour po\u00eales et chaudi\u00e8res - eCommerce B2B pour Clients Professionnels\",\"potentialAction\":[{\"@type\":\"SearchAction\",\"target\":{\"@type\":\"EntryPoint\",\"urlTemplate\":\"https:\\\/\\\/amrtop.net\\\/?s={search_term_string}\"},\"query-input\":{\"@type\":\"PropertyValueSpecification\",\"valueRequired\":true,\"valueName\":\"search_term_string\"}}],\"inLanguage\":\"ro-RO\"}]}<\/script>\n<!-- \/ Yoast SEO plugin. -->","yoast_head_json":{"title":"Bougie c\u00e9ramique avec tube convoyeur air","description":"Bujie de incandescen\u021b\u0103 ceramic\u0103 cu tub transportor de aer - rezisten\u021b\u0103 de aprindere ceramic\u0103 - cartu\u0219 de aprindere ceramic pentru sobe, radiatoare, inser\u021bii \u0219i cazane pe pele\u021bi","robots":{"index":"index","follow":"follow","max-snippet":"max-snippet:-1","max-image-preview":"max-image-preview:large","max-video-preview":"max-video-preview:-1"},"canonical":"https:\/\/amrtop.net\/ro\/produs\/bougie-ceramique-avec-tube-convoyeur-air\/","og_locale":"ro_RO","og_type":"article","og_title":"Bougie c\u00e9ramique avec tube convoyeur air","og_description":"Bougie c\u00e9ramique avec tube convoyeur air - r\u00e9sistance \u00e0 l\u2019allumage en c\u00e9ramique - cartouche d\u2019allumage en c\u00e9ramique pour po\u00eales, radiateurs, inserts et chaudi\u00e8res \u00e0 pellets","og_url":"https:\/\/amrtop.net\/ro\/produs\/bougie-ceramique-avec-tube-convoyeur-air\/","og_site_name":"AMRTOP B2B \u00c9tranger - Achats r\u00e9serv\u00e9s au professionnel","article_modified_time":"2024-05-21T09:00:54+00:00","og_image":[{"width":960,"height":960,"url":"https:\/\/amrtop.net\/wp-content\/uploads\/2020\/01\/cer04.jpg","type":"image\/jpeg"}],"twitter_card":"summary_large_image","twitter_misc":{"Timp estimat pentru citire":"2 minute"},"schema":{"@context":"https:\/\/schema.org","@graph":[{"@type":"WebPage","@id":"https:\/\/amrtop.net\/produit\/bougie-ceramique-avec-tube-convoyeur-air\/","url":"https:\/\/amrtop.net\/produit\/bougie-ceramique-avec-tube-convoyeur-air\/","name":"Bougie c\u00e9ramique avec tube convoyeur air","isPartOf":{"@id":"https:\/\/amrtop.net\/#website"},"primaryImageOfPage":{"@id":"https:\/\/amrtop.net\/produit\/bougie-ceramique-avec-tube-convoyeur-air\/#primaryimage"},"image":{"@id":"https:\/\/amrtop.net\/produit\/bougie-ceramique-avec-tube-convoyeur-air\/#primaryimage"},"thumbnailUrl":"https:\/\/amrtop.net\/wp-content\/uploads\/2020\/01\/cer04.jpg","datePublished":"2020-01-10T00:00:00+00:00","dateModified":"2024-05-21T09:00:54+00:00","description":"Bujie de incandescen\u021b\u0103 ceramic\u0103 cu tub transportor de aer - rezisten\u021b\u0103 de aprindere ceramic\u0103 - cartu\u0219 de aprindere ceramic pentru sobe, radiatoare, inser\u021bii \u0219i cazane pe pele\u021bi","breadcrumb":{"@id":"https:\/\/amrtop.net\/produit\/bougie-ceramique-avec-tube-convoyeur-air\/#breadcrumb"},"inLanguage":"ro-RO","potentialAction":[{"@type":"ReadAction","target":["https:\/\/amrtop.net\/produit\/bougie-ceramique-avec-tube-convoyeur-air\/"]}]},{"@type":"ImageObject","inLanguage":"ro-RO","@id":"https:\/\/amrtop.net\/produit\/bougie-ceramique-avec-tube-convoyeur-air\/#primaryimage","url":"https:\/\/amrtop.net\/wp-content\/uploads\/2020\/01\/cer04.jpg","contentUrl":"https:\/\/amrtop.net\/wp-content\/uploads\/2020\/01\/cer04.jpg","width":960,"height":960,"caption":"Bougie c\u00e9ramique avec tube convoyeur air - r\u00e9sistance \u00e0 l\u2019allumage en c\u00e9ramique - cartouche d\u2019allumage en c\u00e9ramique pour po\u00eales, radiateurs, inserts et chaudi\u00e8res \u00e0 pellets"},{"@type":"BreadcrumbList","@id":"https:\/\/amrtop.net\/produit\/bougie-ceramique-avec-tube-convoyeur-air\/#breadcrumb","itemListElement":[{"@type":"ListItem","position":1,"name":"Home","item":"https:\/\/amrtop.net\/"},{"@type":"ListItem","position":2,"name":"Shop","item":"https:\/\/amrtop.net\/negozio\/"},{"@type":"ListItem","position":3,"name":"Bougie en c\u00e9ramique avec tubes convoyage air \u00f8 22 mm \u2013 280 Watt \u2013 lunghezza totale 144 mm \u2013 Code CER04"}]},{"@type":"WebSite","@id":"https:\/\/amrtop.net\/#website","url":"https:\/\/amrtop.net\/","name":"AMRTOP B2B Abroad - Achizi\u021bii rezervate profesioni\u0219tilor","description":"Piese de schimb \u0219i accesorii pentru sobe \u0219i cazane - eCommerce B2B pentru clien\u021bi profesioni\u0219ti","potentialAction":[{"@type":"SearchAction","target":{"@type":"EntryPoint","urlTemplate":"https:\/\/amrtop.net\/?s={search_term_string}"},"query-input":{"@type":"PropertyValueSpecification","valueRequired":true,"valueName":"search_term_string"}}],"inLanguage":"ro-RO"}]}},"_links":{"self":[{"href":"https:\/\/amrtop.net\/ro\/wp-json\/wp\/v2\/product\/3613","targetHints":{"allow":["GET"]}}],"collection":[{"href":"https:\/\/amrtop.net\/ro\/wp-json\/wp\/v2\/product"}],"about":[{"href":"https:\/\/amrtop.net\/ro\/wp-json\/wp\/v2\/types\/product"}],"replies":[{"embeddable":true,"href":"https:\/\/amrtop.net\/ro\/wp-json\/wp\/v2\/comments?post=3613"}],"wp:featuredmedia":[{"embeddable":true,"href":"https:\/\/amrtop.net\/ro\/wp-json\/wp\/v2\/media\/34629"}],"wp:attachment":[{"href":"https:\/\/amrtop.net\/ro\/wp-json\/wp\/v2\/media?parent=3613"}],"wp:term":[{"taxonomy":"product_brand","embeddable":true,"href":"https:\/\/amrtop.net\/ro\/wp-json\/wp\/v2\/product_brand?post=3613"},{"taxonomy":"product_cat","embeddable":true,"href":"https:\/\/amrtop.net\/ro\/wp-json\/wp\/v2\/product_cat?post=3613"},{"taxonomy":"product_tag","embeddable":true,"href":"https:\/\/amrtop.net\/ro\/wp-json\/wp\/v2\/product_tag?post=3613"}],"curies":[{"name":"wp","href":"https:\/\/api.w.org\/{rel}","templated":true}]}}