{"id":3634,"date":"2020-10-01T00:00:00","date_gmt":"2020-10-01T00:00:00","guid":{"rendered":"https:\/\/amrtop.com\/B2B\/?post_type=product&#038;p=3634"},"modified":"2023-11-09T09:51:00","modified_gmt":"2023-11-09T09:51:00","slug":"motoreductor-mellor-3-rpm-cod-fb1167-arbore-o-85-mm-foi-laminate-32-mm","status":"publish","type":"product","link":"https:\/\/amrtop.net\/ro\/produit\/motoreducteur-mellor-3-rpm-code-fb1167-arbre-o-85-mm-toles-feuilletees-32-mm\/","title":{"rendered":"Motoreductor Mellor 3 rpm Cod FB1167 - Arbore \u00f8 8,5 mm - Foi laminate de 32 mm"},"content":{"rendered":"<hr \/>\n<h3>Motoreductoare Mellor cu angrenaje 3 rpm arbore \u00f8 8,5 FB1167<\/h3>\n<p>Motorul cu ro\u021bi din\u021bate Mellor oferit de Amrtop, disponibil cu un motor de curent alternativ din seria T14 cu poli ecrana\u021bi, este fabricat de o companie lider \u00een acest sector, cu o experien\u021b\u0103 de peste 35 de ani.<\/p>\n<p>Ace\u0219tia proiecteaz\u0103 \u0219i import\u0103 motoare \u0219i motoreductoare pentru o gam\u0103 larg\u0103 de aplica\u021bii, av\u00e2nd o expertiz\u0103 specific\u0103 \u00een domeniul tehnologiilor de induc\u021bie f\u0103r\u0103 perii de curent alternativ \u0219i continuu \u0219i al tehnologiilor cu protec\u021bie polar\u0103.<\/p>\n<p>Sunt disponibile diferite rapoarte de reducere. Sunt u\u0219or de integrat \u00een aplica\u021bii speciale, cum ar fi ma\u0219inile de \u00eenghe\u021bat\u0103.<\/p>\n<p>Motoreductoare sincrone disponibile cu motor 220VAC, dimensiune 64mm, 18W.<\/p>\n<h3><strong>Principalele caracteristici ale motoarelor cu angrenaje Mellor :<\/strong><\/h3>\n<ul>\n<li>Cuplu nominal: de la 2,5 la 35 nm, \u00een func\u021bie de raportul de reducere<\/li>\n<li>Viteze disponibile: de la 0,3 la 11 rpm<\/li>\n<li>Aplica\u021bii tipice: toate cele care necesit\u0103 o rota\u021bie bidirec\u021bional\u0103 cu vitez\u0103 redus\u0103 \u0219i precis\u0103, cuplu mare \u0219i silen\u021biozitate foarte ridicat\u0103.<\/li>\n<li>Conceput pentru aplica\u021bii pentru sobe pe pele\u021bi, cazane \u0219i \u0219eminee<\/li>\n<\/ul>\n<h3>Utilizarea <strong>motoare cu angrenaje <\/strong>Arbore Mellor 3 rpm \u00f8 8,5 FB1167<\/h3>\n<p>Motoreductoarele Mellor 3 rpm Cod FB1167- Arbore 8,5 mm - Pachet lamelar 32 mm oferite de Amrtop \u0219i instalate pe aparatele pe pele\u021bi au sarcina de a roti \u0219urubul din rezervorul de pele\u021bi, transport\u00e2nd pele\u021bii \u00een creuzet pentru a fi ar\u0219i. Din ce \u00een ce mai multe sisteme automate de cur\u0103\u021bare a brazierelor sunt prezente pe multe sobe \u0219i cazane pe biomas\u0103.<\/p>\n<p>Spirala este pozi\u021bionat\u0103 astfel \u00eenc\u00e2t s\u0103 preia pele\u021bii din partea de jos a rezervorului \u0219i s\u0103 \u00eei transporte \u00een partea superioar\u0103 a sobei.<\/p>\n<p>Odat\u0103 ce ajunge \u00een partea superioar\u0103 a cohleei, peleta cade \u00een mod natural \u00eentr-un jgheab care o transport\u0103 \u00een arz\u0103tor.<\/p>\n<p><strong>Prezent \u00een aparatele tipice<\/strong>\u00a0Soba pe pele\u021bi - Cazan pe pele\u021bi - Arz\u0103tor pe pele\u021bi - Gr\u0103tar pe pele\u021bi Cazan pe biomas\u0103 - Arz\u0103tor pe biomas\u0103 - \u0218i multe alte arz\u0103toare<\/p>\n<h3><strong>Interior<\/strong><\/h3>\n<p><a href=\"https:\/\/wekos.it\/\">Sobe, aragazuri \u0219i aragazuri pe lemne<\/a>\u00a0-\u00a0<a href=\"https:\/\/www.greenpuros.com\/\">\u0219eminee, sobe \u0219i cazane pe pele\u021bi.<\/a><\/p>\n<h3><strong>Gama Amrtop de piese de schimb \u0219i accesorii<\/strong><\/h3>\n<p><a href=\"https:\/\/amrtop.net\/ro\/categoria-de-produse\/piese-de-schimb-sobe-si-cazane-de-gatit-si-cazane-mixte-2\/bougies-dallumage-pour-poeles-et-chaudieres-a-pellets\/\">Bujii incandescente<\/a><\/p>\n<p><a href=\"https:\/\/amrtop.net\/ro\/categoria-de-produse\/piese-de-schimb-sobe-si-cazane-de-gatit-si-cazane-mixte-2\/electronique\/\">Electronic\u0103<\/a><\/p>\n<p><a href=\"https:\/\/amrtop.net\/ro\/categoria-de-produse\/piese-de-schimb-sobe-si-cazane-de-gatit-si-cazane-mixte-2\/extracteurs-de-fumee\/\">Extractoare de fum<\/a><\/p>\n<p><a href=\"https:\/\/amrtop.net\/ro\/categoria-de-produse\/piese-de-schimb-sobe-si-cazane-de-gatit-si-cazane-mixte-2\/gaines-cable-connecteurs\/\">Teci de cablu conector<\/a><\/p>\n<p><a href=\"https:\/\/amrtop.net\/ro\/categoria-de-produse\/piese-de-schimb-sobe-si-cazane-de-gatit-si-cazane-mixte-2\/joints-de-silicone\/\">Garnituri de silicon<\/a><\/p>\n<p><a href=\"https:\/\/amrtop.net\/ro\/categoria-de-produse\/piese-de-schimb-sobe-si-cazane-de-gatit-si-cazane-mixte-2\/motoreducteurs\/\">Motoare cu angrenaje<\/a><\/p>\n<p><a href=\"https:\/\/amrtop.net\/ro\/categoria-de-produse\/piese-de-schimb-sobe-si-cazane-de-gatit-si-cazane-mixte-2\/pressostats-et-transducteurs\/\">Presostate \u0219i traductoare de presiune<\/a><\/p>\n<p><a href=\"https:\/\/amrtop.net\/ro\/categoria-de-produse\/piese-de-schimb-sobe-si-cazane-de-gatit-si-cazane-mixte-2\/sondes-thermostats-manometres-thermometres\/\">Sonde termostate manometre termometre termometre<\/a><\/p>\n<p><a href=\"https:\/\/amrtop.net\/ro\/categoria-de-produse\/piese-de-schimb-sobe-si-cazane-de-gatit-si-cazane-mixte-2\/joints-detancheite\/\">Tricotaje de etan\u0219are<\/a><\/p>\n<p><a href=\"https:\/\/amrtop.net\/ro\/categoria-de-produse\/piese-de-schimb-sobe-si-cazane-de-gatit-si-cazane-mixte-2\/ventilateurs-centrifuges-pour-poeles-a-pellets\/\">Ventilatoare centrifuge<\/a><\/p>\n<p><a href=\"https:\/\/amrtop.net\/ro\/categoria-de-produse\/piese-de-schimb-sobe-si-cazane-de-gatit-si-cazane-mixte-2\/ventilateurs-tangentiels-flux-transversal\/\">Ventilatoare cu flux \u00eencruci\u0219at<\/a><\/p>\n<p><a href=\"https:\/\/amrtop.net\/ro\/categoria-de-produse\/piese-de-schimb-sobe-si-cazane-de-gatit-si-cazane-mixte-2\/adhesifs-et-produits-detancheite\/\">Adezivi \u0219i materiale de etan\u0219are<\/a><\/p>","protected":false},"excerpt":{"rendered":"<hr \/>\n<h2><span style=\"color: #008000\">Disponibil la<\/span><\/h2>\n<hr \/>\n<h3>Motor cu angrenaj Mellor 3 rpm<\/h3>\n<p>Cod FB1167<\/p>\n<p>\u00f8 arbore: 8,5 mm<br \/>\nVitez\u0103: 3 rpm<br \/>\nFoi laminate: 32 mm<br \/>\nAplatizare: simplu<br \/>\nDirec\u021bia de rota\u021bie: \u00een sensul acelor de ceasornic<br \/>\nCuplu de str\u00e2ngere: 25 Nm<\/p>\n<h3>Compatibilitate<\/h3>\n<hr \/>\n<h3>Interschimbabil cu urm\u0103toarele modele de motoare cu ro\u021bi din\u021bate cu \u0219uruburi f\u0103r\u0103 sf\u00e2r\u0219it de \u00eenc\u0103rcare a pele\u021bilor :<\/h3>\n<p>Mellor: FB1152, FB1139, FB1218, FB1090, FB1118<br \/>\nSpg : ISG3230D057<\/p>\n<h3>Motor cu ro\u021bi din\u021bate cu \u0219urub instalat \u0219i compatibil cu urm\u0103toarele m\u0103rci \u0219i modele de sobe pe pele\u021bi:<\/h3>\n<p><strong>Adler,Anselmo Cola,Arce<\/strong><\/p>\n<p><strong>Clam nm rif 05010842 x Mod<\/strong>Vittoria 34 kW, Vittoria EVO 26-34 kW, Vittoria S. 34 kW, Tivoli 26\/34 kW, Termofavilla T.P. 30, Turn mic +.<\/p>\n<p><strong>Caminetti montegrappa,Ecoteck,Ecoforest,Edilkamin,Laminox,Mcz<\/strong><\/p>\n<p><strong>Moretti design ref. MFRML30 mod:<\/strong>\u00a0Mini 7kW, Venere, Alba, Sixty, Zeus, Oldy, Gioia, Pretty Rif: 04905001, Aqua 9 Style, Aqua 9 All Style, Aqua 11 Glass, Aqua 11 Iron, Aqua 11 Stone, Aqua 12 Retro, Aqua 15 Retro, Aqua 13 Style, Aqua 13 All Style, Clessidra, Aqua 15 Iron, Aqua 15 Stone, Aqua 12 Slot, Aqua 16 Slot, Tecnika 15, Tecnika 15 Compact, Iride, Artemida, Vesta, Compact, Poseidon 1<\/p>\n<p><strong>Nordica Extraflam,Palazzetti,Piazzetta,Pasian,Pasian<\/strong><\/p>\n<p><strong>Ravelli ref. 55057, FB1152 mod<\/strong>: Chiara, Genova, Genova, Pisa, Riviera, HR100, HRV120, HRB160, HRV120 Style, HR evo14, HR evo14 Touch, HRB120, HRV135 ver.1, HR evo Slim<\/p>","protected":false},"featured_media":34760,"comment_status":"open","ping_status":"closed","template":"","meta":[],"product_brand":[],"product_cat":[861,862,863],"product_tag":[24,160,49,102,125,167,31,61,76,81,154,193,84,85,39,41],"class_list":{"0":"post-3634","1":"product","2":"type-product","3":"status-publish","4":"has-post-thumbnail","6":"product_cat-motoreducteurs","7":"product_cat-motoreducteurs-mellor","8":"product_cat-motoreducteurs-mellor-arbre-o-8-5","9":"product_tag-adler","10":"product_tag-anselmo-cola","11":"product_tag-arce","12":"product_tag-caminetti-montegrappa","13":"product_tag-clam","14":"product_tag-ecoforest","15":"product_tag-ecoteck","16":"product_tag-edilkamin","17":"product_tag-laminox","18":"product_tag-mcz","19":"product_tag-moretti-design","20":"product_tag-nordica-extraflam","21":"product_tag-palazzetti","22":"product_tag-pasian","23":"product_tag-piazzetta","24":"product_tag-ravelli","25":"product_shipping_class-classe-di-spedizione-02","27":"first","28":"instock","29":"shipping-taxable","30":"purchasable","31":"product-type-simple"},"yoast_head":"<!-- This site is optimized with the Yoast SEO plugin v27.4 - https:\/\/yoast.com\/product\/yoast-seo-wordpress\/ -->\n<title>Motor\u00e9ducteurs Mellor 3 rpm arbre \u00f8 8.5 FB1167<\/title>\n<meta name=\"description\" content=\"Motor\u00e9ducteurs Mellor 3 rpm arbre \u00f8 8.5 FB1167-Motor\u00e9ducteur Mellor pour vis de po\u00eale \u00e0 granul\u00e9s d\u2019arbre 9.5-Motor\u00e9ducteur Mellor pour po\u00eales et chaudi\u00e8res\" \/>\n<meta name=\"robots\" content=\"index, follow, max-snippet:-1, max-image-preview:large, max-video-preview:-1\" \/>\n<link rel=\"canonical\" href=\"https:\/\/amrtop.net\/ro\/produs\/motoreductor-mellor-3-rpm-cod-fb1167-arbore-o-85-mm-foi-laminate-32-mm\/\" \/>\n<meta property=\"og:locale\" content=\"ro_RO\" \/>\n<meta property=\"og:type\" content=\"article\" \/>\n<meta property=\"og:title\" content=\"Motor\u00e9ducteurs Mellor 3 rpm arbre \u00f8 8.5 FB1167\" \/>\n<meta property=\"og:description\" content=\"Motor\u00e9ducteurs Mellor 3 rpm arbre \u00f8 8.5 FB1167-Motor\u00e9ducteur Mellor pour vis de po\u00eale \u00e0 granul\u00e9s d\u2019arbre 9.5-Motor\u00e9ducteur Mellor pour po\u00eales et chaudi\u00e8res\" \/>\n<meta property=\"og:url\" content=\"https:\/\/amrtop.net\/ro\/produs\/motoreductor-mellor-3-rpm-cod-fb1167-arbore-o-85-mm-foi-laminate-32-mm\/\" \/>\n<meta property=\"og:site_name\" content=\"AMRTOP B2B \u00c9tranger - Achats r\u00e9serv\u00e9s au professionnel\" \/>\n<meta property=\"article:modified_time\" content=\"2023-11-09T09:51:00+00:00\" \/>\n<meta property=\"og:image\" content=\"https:\/\/amrtop.net\/wp-content\/uploads\/2020\/10\/fb1167.jpg\" \/>\n\t<meta property=\"og:image:width\" content=\"960\" \/>\n\t<meta property=\"og:image:height\" content=\"960\" \/>\n\t<meta property=\"og:image:type\" content=\"image\/jpeg\" \/>\n<meta name=\"twitter:card\" content=\"summary_large_image\" \/>\n<meta name=\"twitter:label1\" content=\"Timp estimat pentru citire\" \/>\n\t<meta name=\"twitter:data1\" content=\"1 minut\" \/>\n<script type=\"application\/ld+json\" class=\"yoast-schema-graph\">{\"@context\":\"https:\\\/\\\/schema.org\",\"@graph\":[{\"@type\":\"WebPage\",\"@id\":\"https:\\\/\\\/amrtop.net\\\/produit\\\/motoreducteur-mellor-3-rpm-code-fb1167-arbre-o-85-mm-toles-feuilletees-32-mm\\\/\",\"url\":\"https:\\\/\\\/amrtop.net\\\/produit\\\/motoreducteur-mellor-3-rpm-code-fb1167-arbre-o-85-mm-toles-feuilletees-32-mm\\\/\",\"name\":\"Motor\u00e9ducteurs Mellor 3 rpm arbre \u00f8 8.5 FB1167\",\"isPartOf\":{\"@id\":\"https:\\\/\\\/amrtop.net\\\/#website\"},\"primaryImageOfPage\":{\"@id\":\"https:\\\/\\\/amrtop.net\\\/produit\\\/motoreducteur-mellor-3-rpm-code-fb1167-arbre-o-85-mm-toles-feuilletees-32-mm\\\/#primaryimage\"},\"image\":{\"@id\":\"https:\\\/\\\/amrtop.net\\\/produit\\\/motoreducteur-mellor-3-rpm-code-fb1167-arbre-o-85-mm-toles-feuilletees-32-mm\\\/#primaryimage\"},\"thumbnailUrl\":\"https:\\\/\\\/amrtop.net\\\/wp-content\\\/uploads\\\/2020\\\/10\\\/fb1167.jpg\",\"datePublished\":\"2020-10-01T00:00:00+00:00\",\"dateModified\":\"2023-11-09T09:51:00+00:00\",\"description\":\"Motor\u00e9ducteurs Mellor 3 rpm arbre \u00f8 8.5 FB1167-Motor\u00e9ducteur Mellor pour vis de po\u00eale \u00e0 granul\u00e9s d\u2019arbre 9.5-Motor\u00e9ducteur Mellor pour po\u00eales et chaudi\u00e8res\",\"breadcrumb\":{\"@id\":\"https:\\\/\\\/amrtop.net\\\/produit\\\/motoreducteur-mellor-3-rpm-code-fb1167-arbre-o-85-mm-toles-feuilletees-32-mm\\\/#breadcrumb\"},\"inLanguage\":\"ro-RO\",\"potentialAction\":[{\"@type\":\"ReadAction\",\"target\":[\"https:\\\/\\\/amrtop.net\\\/produit\\\/motoreducteur-mellor-3-rpm-code-fb1167-arbre-o-85-mm-toles-feuilletees-32-mm\\\/\"]}]},{\"@type\":\"ImageObject\",\"inLanguage\":\"ro-RO\",\"@id\":\"https:\\\/\\\/amrtop.net\\\/produit\\\/motoreducteur-mellor-3-rpm-code-fb1167-arbre-o-85-mm-toles-feuilletees-32-mm\\\/#primaryimage\",\"url\":\"https:\\\/\\\/amrtop.net\\\/wp-content\\\/uploads\\\/2020\\\/10\\\/fb1167.jpg\",\"contentUrl\":\"https:\\\/\\\/amrtop.net\\\/wp-content\\\/uploads\\\/2020\\\/10\\\/fb1167.jpg\",\"width\":960,\"height\":960,\"caption\":\"Motor\u00e9ducteurs Mellor 3 rpm arbre \u00f8 8.5 FB1167-Motor\u00e9ducteur Mellor pour vis de po\u00eale \u00e0 granul\u00e9s d\u2019arbre 9.5-Motor\u00e9ducteur Mellor pour po\u00eales et chaudi\u00e8res\"},{\"@type\":\"BreadcrumbList\",\"@id\":\"https:\\\/\\\/amrtop.net\\\/produit\\\/motoreducteur-mellor-3-rpm-code-fb1167-arbre-o-85-mm-toles-feuilletees-32-mm\\\/#breadcrumb\",\"itemListElement\":[{\"@type\":\"ListItem\",\"position\":1,\"name\":\"Home\",\"item\":\"https:\\\/\\\/amrtop.net\\\/\"},{\"@type\":\"ListItem\",\"position\":2,\"name\":\"Shop\",\"item\":\"https:\\\/\\\/amrtop.net\\\/negozio\\\/\"},{\"@type\":\"ListItem\",\"position\":3,\"name\":\"Motor\u00e9ducteur Mellor 3 rpm Code FB1167 &#8211; Arbre \u00f8 8,5 mm \u2013 T\u00f4les feuillet\u00e9es 32 mm\"}]},{\"@type\":\"WebSite\",\"@id\":\"https:\\\/\\\/amrtop.net\\\/#website\",\"url\":\"https:\\\/\\\/amrtop.net\\\/\",\"name\":\"AMRTOP B2B \u00c9tranger - Achats r\u00e9serv\u00e9s au professionnel\",\"description\":\"Pi\u00e8ces de rechange et accessoires pour po\u00eales et chaudi\u00e8res - eCommerce B2B pour Clients Professionnels\",\"potentialAction\":[{\"@type\":\"SearchAction\",\"target\":{\"@type\":\"EntryPoint\",\"urlTemplate\":\"https:\\\/\\\/amrtop.net\\\/?s={search_term_string}\"},\"query-input\":{\"@type\":\"PropertyValueSpecification\",\"valueRequired\":true,\"valueName\":\"search_term_string\"}}],\"inLanguage\":\"ro-RO\"}]}<\/script>\n<!-- \/ Yoast SEO plugin. -->","yoast_head_json":{"title":"Motoreductoare Mellor cu angrenaje 3 rpm arbore \u00f8 8,5 FB1167","description":"Motoreductoare Mellor cu ro\u021bi din\u021bate 3 rpm ax \u00f8 8,5 FB1167-Mellor motor cu ro\u021bi din\u021bate pentru sobe pe pele\u021bi ax cu \u0219urub 9,5-Mellor motor cu ro\u021bi din\u021bate pentru sobe \u0219i cazane","robots":{"index":"index","follow":"follow","max-snippet":"max-snippet:-1","max-image-preview":"max-image-preview:large","max-video-preview":"max-video-preview:-1"},"canonical":"https:\/\/amrtop.net\/ro\/produs\/motoreductor-mellor-3-rpm-cod-fb1167-arbore-o-85-mm-foi-laminate-32-mm\/","og_locale":"ro_RO","og_type":"article","og_title":"Motor\u00e9ducteurs Mellor 3 rpm arbre \u00f8 8.5 FB1167","og_description":"Motor\u00e9ducteurs Mellor 3 rpm arbre \u00f8 8.5 FB1167-Motor\u00e9ducteur Mellor pour vis de po\u00eale \u00e0 granul\u00e9s d\u2019arbre 9.5-Motor\u00e9ducteur Mellor pour po\u00eales et chaudi\u00e8res","og_url":"https:\/\/amrtop.net\/ro\/produs\/motoreductor-mellor-3-rpm-cod-fb1167-arbore-o-85-mm-foi-laminate-32-mm\/","og_site_name":"AMRTOP B2B \u00c9tranger - Achats r\u00e9serv\u00e9s au professionnel","article_modified_time":"2023-11-09T09:51:00+00:00","og_image":[{"width":960,"height":960,"url":"https:\/\/amrtop.net\/wp-content\/uploads\/2020\/10\/fb1167.jpg","type":"image\/jpeg"}],"twitter_card":"summary_large_image","twitter_misc":{"Timp estimat pentru citire":"1 minut"},"schema":{"@context":"https:\/\/schema.org","@graph":[{"@type":"WebPage","@id":"https:\/\/amrtop.net\/produit\/motoreducteur-mellor-3-rpm-code-fb1167-arbre-o-85-mm-toles-feuilletees-32-mm\/","url":"https:\/\/amrtop.net\/produit\/motoreducteur-mellor-3-rpm-code-fb1167-arbre-o-85-mm-toles-feuilletees-32-mm\/","name":"Motoreductoare Mellor cu angrenaje 3 rpm arbore \u00f8 8,5 FB1167","isPartOf":{"@id":"https:\/\/amrtop.net\/#website"},"primaryImageOfPage":{"@id":"https:\/\/amrtop.net\/produit\/motoreducteur-mellor-3-rpm-code-fb1167-arbre-o-85-mm-toles-feuilletees-32-mm\/#primaryimage"},"image":{"@id":"https:\/\/amrtop.net\/produit\/motoreducteur-mellor-3-rpm-code-fb1167-arbre-o-85-mm-toles-feuilletees-32-mm\/#primaryimage"},"thumbnailUrl":"https:\/\/amrtop.net\/wp-content\/uploads\/2020\/10\/fb1167.jpg","datePublished":"2020-10-01T00:00:00+00:00","dateModified":"2023-11-09T09:51:00+00:00","description":"Motoreductoare Mellor cu ro\u021bi din\u021bate 3 rpm ax \u00f8 8,5 FB1167-Mellor motor cu ro\u021bi din\u021bate pentru sobe pe pele\u021bi ax cu \u0219urub 9,5-Mellor motor cu ro\u021bi din\u021bate pentru sobe \u0219i cazane","breadcrumb":{"@id":"https:\/\/amrtop.net\/produit\/motoreducteur-mellor-3-rpm-code-fb1167-arbre-o-85-mm-toles-feuilletees-32-mm\/#breadcrumb"},"inLanguage":"ro-RO","potentialAction":[{"@type":"ReadAction","target":["https:\/\/amrtop.net\/produit\/motoreducteur-mellor-3-rpm-code-fb1167-arbre-o-85-mm-toles-feuilletees-32-mm\/"]}]},{"@type":"ImageObject","inLanguage":"ro-RO","@id":"https:\/\/amrtop.net\/produit\/motoreducteur-mellor-3-rpm-code-fb1167-arbre-o-85-mm-toles-feuilletees-32-mm\/#primaryimage","url":"https:\/\/amrtop.net\/wp-content\/uploads\/2020\/10\/fb1167.jpg","contentUrl":"https:\/\/amrtop.net\/wp-content\/uploads\/2020\/10\/fb1167.jpg","width":960,"height":960,"caption":"Motor\u00e9ducteurs Mellor 3 rpm arbre \u00f8 8.5 FB1167-Motor\u00e9ducteur Mellor pour vis de po\u00eale \u00e0 granul\u00e9s d\u2019arbre 9.5-Motor\u00e9ducteur Mellor pour po\u00eales et chaudi\u00e8res"},{"@type":"BreadcrumbList","@id":"https:\/\/amrtop.net\/produit\/motoreducteur-mellor-3-rpm-code-fb1167-arbre-o-85-mm-toles-feuilletees-32-mm\/#breadcrumb","itemListElement":[{"@type":"ListItem","position":1,"name":"Home","item":"https:\/\/amrtop.net\/"},{"@type":"ListItem","position":2,"name":"Shop","item":"https:\/\/amrtop.net\/negozio\/"},{"@type":"ListItem","position":3,"name":"Motor\u00e9ducteur Mellor 3 rpm Code FB1167 &#8211; Arbre \u00f8 8,5 mm \u2013 T\u00f4les feuillet\u00e9es 32 mm"}]},{"@type":"WebSite","@id":"https:\/\/amrtop.net\/#website","url":"https:\/\/amrtop.net\/","name":"AMRTOP B2B Abroad - Achizi\u021bii rezervate profesioni\u0219tilor","description":"Piese de schimb \u0219i accesorii pentru sobe \u0219i cazane - eCommerce B2B pentru clien\u021bi profesioni\u0219ti","potentialAction":[{"@type":"SearchAction","target":{"@type":"EntryPoint","urlTemplate":"https:\/\/amrtop.net\/?s={search_term_string}"},"query-input":{"@type":"PropertyValueSpecification","valueRequired":true,"valueName":"search_term_string"}}],"inLanguage":"ro-RO"}]}},"_links":{"self":[{"href":"https:\/\/amrtop.net\/ro\/wp-json\/wp\/v2\/product\/3634","targetHints":{"allow":["GET"]}}],"collection":[{"href":"https:\/\/amrtop.net\/ro\/wp-json\/wp\/v2\/product"}],"about":[{"href":"https:\/\/amrtop.net\/ro\/wp-json\/wp\/v2\/types\/product"}],"replies":[{"embeddable":true,"href":"https:\/\/amrtop.net\/ro\/wp-json\/wp\/v2\/comments?post=3634"}],"wp:featuredmedia":[{"embeddable":true,"href":"https:\/\/amrtop.net\/ro\/wp-json\/wp\/v2\/media\/34760"}],"wp:attachment":[{"href":"https:\/\/amrtop.net\/ro\/wp-json\/wp\/v2\/media?parent=3634"}],"wp:term":[{"taxonomy":"product_brand","embeddable":true,"href":"https:\/\/amrtop.net\/ro\/wp-json\/wp\/v2\/product_brand?post=3634"},{"taxonomy":"product_cat","embeddable":true,"href":"https:\/\/amrtop.net\/ro\/wp-json\/wp\/v2\/product_cat?post=3634"},{"taxonomy":"product_tag","embeddable":true,"href":"https:\/\/amrtop.net\/ro\/wp-json\/wp\/v2\/product_tag?post=3634"}],"curies":[{"name":"wp","href":"https:\/\/api.w.org\/{rel}","templated":true}]}}