{"id":3656,"date":"2020-01-10T00:00:00","date_gmt":"2020-01-10T00:00:00","guid":{"rendered":"https:\/\/amrtop.com\/B2B\/?post_type=product&#038;p=3656"},"modified":"2025-02-12T12:39:09","modified_gmt":"2025-02-12T12:39:09","slug":"motoreductor-merkle-korff-2-rpm-cod-s10200-arbore-o-95-mm-foi-laminate-24-mm","status":"publish","type":"product","link":"https:\/\/amrtop.net\/ro\/produit\/motoreducteur-merkle-korff-2-rpm-code-s10200-arbre-o-95-mm-toles-feuilletees-24-mm\/","title":{"rendered":"Merkle &amp; Korff Motoreductor 2 rpm Cod S10200 - Arbore \u00f8 9,5 mm - Foi laminate de 24 mm"},"content":{"rendered":"<hr \/>\n<h3>Motor\u00e9ducteur Merkle&amp;Korff 2 rpm arbre \u00f8 9.5 S10200<\/h3>\n<p>Merkle Korff Industries produce motoare cu angrenaje de curent alternativ de peste 100 de ani, inclusiv cele utilizate \u00een sobe \u0219i cazane pe pele\u021bi.<\/p>\n<p>Cercetarea \u0219i produc\u021bia Nidec\/Merkle Korff Industries, distribuit\u0103 de peste 35 de ani exclusiv \u00een Europa de Sud de c\u0103tre Autom, se concentreaz\u0103 pe acest aspect.<\/p>\n<p><strong>\u00a0<\/strong><\/p>\n<h3><strong>Dimensiunea sobei<\/strong><\/h3>\n<p>Noul motoreductor a fost complet reproiectat folosind unul dintre cele mai eficiente motoare f\u0103r\u0103 perii, construit deja \u00een zeci de milioane de exemplare de c\u0103tre Nidec Corporation.<\/p>\n<p>Designul special asigur\u0103 faptul c\u0103 unsoarea lubrifiant\u0103 r\u0103m\u00e2ne \u00eentotdeauna \u00een pozi\u021bia sa specific\u0103, \u00een contact str\u00e2ns cu din\u021bii angrenajului, garant\u00e2nd o durat\u0103 de via\u021b\u0103 lung\u0103 \u0219i f\u0103r\u0103 \u00eentre\u021binere.<\/p>\n<p>Aceste motoare asigur\u0103 o rota\u021bie dubl\u0103<\/p>\n<p><strong>\u00a0<\/strong><\/p>\n<h3>Utilisation des motor\u00e9ducteurs Merkle&amp;Korff 2 rpm arbre \u00f8 9.5 S10200<\/h3>\n<p>Odat\u0103 ce ajunge \u00een partea superioar\u0103 a cohleei, peleta cade \u00een mod natural \u00eentr-un jgheab care o transport\u0103 \u00een arz\u0103tor.<\/p>\n<h3><strong>Aplica\u021bii tipice<\/strong><\/h3>\n<p>Aparate de vending - Ansambluri de ma\u0219ini de cafea - Ma\u0219ini de \u00eempachetat \u00een vid - Rotisoare - Gyros - Ma\u0219ini de ghea\u021b\u0103 - Display-uri rotative - Sobe pe pele\u021bi - Ma\u0219ini de etichetat - Actuatoare industriale.<\/p>\n<h3><strong>Interior<\/strong><\/h3>\n<p><a href=\"https:\/\/wekos.it\/\">Sobe, aragazuri \u0219i aragazuri pe lemne<\/a>\u00a0-\u00a0<a href=\"https:\/\/www.greenpuros.com\/\">\u0219eminee, sobe \u0219i cazane pe pele\u021bi.<\/a><\/p>\n<h3><strong>Gama Amrtop de piese de schimb \u0219i accesorii<\/strong><\/h3>\n<p>&nbsp;<\/p>\n<p><a href=\"https:\/\/amrtop.net\/ro\/categoria-de-produse\/piese-de-schimb-sobe-si-cazane-de-gatit-si-cazane-mixte-2\/bougies-dallumage-pour-poeles-et-chaudieres-a-pellets\/\">Bujii incandescente<\/a><\/p>\n<p><a href=\"https:\/\/amrtop.net\/ro\/categoria-de-produse\/piese-de-schimb-sobe-si-cazane-de-gatit-si-cazane-mixte-2\/electronique\/\">Electronic\u0103<\/a><\/p>\n<p><a href=\"https:\/\/amrtop.net\/ro\/categoria-de-produse\/piese-de-schimb-sobe-si-cazane-de-gatit-si-cazane-mixte-2\/extracteurs-de-fumee\/\">Extractoare de fum<\/a><\/p>\n<p><a href=\"https:\/\/amrtop.net\/ro\/categoria-de-produse\/piese-de-schimb-sobe-si-cazane-de-gatit-si-cazane-mixte-2\/gaines-cable-connecteurs\/\">Teci de cablu conector<\/a><\/p>\n<p><a href=\"https:\/\/amrtop.net\/ro\/categoria-de-produse\/piese-de-schimb-sobe-si-cazane-de-gatit-si-cazane-mixte-2\/joints-de-silicone\/\">Garnituri de silicon<\/a><\/p>\n<p><a href=\"https:\/\/amrtop.net\/ro\/categoria-de-produse\/piese-de-schimb-sobe-si-cazane-de-gatit-si-cazane-mixte-2\/motoreducteurs\/\">Motoare cu angrenaje<\/a><\/p>\n<p><a href=\"https:\/\/amrtop.net\/ro\/categoria-de-produse\/piese-de-schimb-sobe-si-cazane-de-gatit-si-cazane-mixte-2\/pressostats-et-transducteurs\/\">Presostate \u0219i traductoare de presiune<\/a><\/p>\n<p><a href=\"https:\/\/amrtop.net\/ro\/categoria-de-produse\/piese-de-schimb-sobe-si-cazane-de-gatit-si-cazane-mixte-2\/sondes-thermostats-manometres-thermometres\/\">Sonde termostate manometre termometre termometre<\/a><\/p>\n<p><a href=\"https:\/\/amrtop.net\/ro\/categoria-de-produse\/piese-de-schimb-sobe-si-cazane-de-gatit-si-cazane-mixte-2\/joints-detancheite\/\">Tricotaje de etan\u0219are<\/a><\/p>\n<p><a href=\"https:\/\/amrtop.net\/ro\/categoria-de-produse\/piese-de-schimb-sobe-si-cazane-de-gatit-si-cazane-mixte-2\/ventilateurs-centrifuges-pour-poeles-a-pellets\/\">Ventilatoare centrifuge<\/a><\/p>\n<p><a href=\"https:\/\/amrtop.net\/ro\/categoria-de-produse\/piese-de-schimb-sobe-si-cazane-de-gatit-si-cazane-mixte-2\/ventilateurs-tangentiels-flux-transversal\/\">Ventilatoare cu flux \u00eencruci\u0219at<\/a><\/p>\n<p><a href=\"https:\/\/amrtop.net\/ro\/categoria-de-produse\/piese-de-schimb-sobe-si-cazane-de-gatit-si-cazane-mixte-2\/adhesifs-et-produits-detancheite\/\">Adezivi \u0219i materiale de etan\u0219are<\/a><\/p>\n<p>&nbsp;<\/p>","protected":false},"excerpt":{"rendered":"<hr \/>\n<h2><span style=\"color: #008000\">Disponibil la<\/span><\/h2>\n<hr \/>\n<h3>Motor\u00e9ducteur Merkle &amp; Korff 2 rpm<\/h3>\n<p>Code S10200<br \/>\nArbore \u00f8 9,5 mm<br \/>\nVitez\u0103: 2 rpm<br \/>\nFoi laminate: 24 mm<br \/>\nAplatizare: simplu<br \/>\nDirec\u021bia de rota\u021bie: \u00een sensul acelor de ceasornic<\/p>\n<h3>Compatibilitate<\/h3>\n<hr \/>\n<h3>Interschimbabil cu urm\u0103toarele modele de motoare cu ro\u021bi din\u021bate cu \u0219uruburi f\u0103r\u0103 sf\u00e2r\u0219it de \u00eenc\u0103rcare a pele\u021bilor :<\/h3>\n<p>Mellor : FB1397, FB1134, FB1190, FB1283, FB1074, FB1244, FB1319, FB1183, FB1231<br \/>\nKenta : K9115068<br \/>\nSpg : ISG3230D020<br \/>\nMerkle &amp; Korff : MKN20<\/p>\n<h3>Motor cu ro\u021bi din\u021bate cu \u0219urub instalat \u0219i compatibil cu urm\u0103toarele m\u0103rci \u0219i modele de sobe pe pele\u021bi:<\/h3>\n<p><strong>Adler, Anselmo, Artel, Arce,<\/strong><\/p>\n<p><strong>Bestove Ref:\u00a0<\/strong>50205<\/p>\n<p><strong>Brisach<\/strong><\/p>\n<p><strong>Caminetti Montegrappa Ref 1044000200 Mod:\u00a0<\/strong>Ap 6 \u2013 Ap 9 \u2013 Ap 11 \u2013 Atomo 6 Evo \u2013 Atomo 9 Evo \u2013 Atomo 11 Evo \u2013 Inside W7 \u2013 Inside W9 \u2013 Inside W12 \u2013 Inside W15 \u2013 Inside W20 \u2013 LW7 \u2013 LW9 \u2013 LW12 \u2013 LW15 \u2013 LW20 \u2013 Pellet Plus 14000 \u2013 Pellet Plus 15000 \u2013 Pellet Plus 15000 Power<\/p>\n<h3><strong>Informations pour appareils avec motor\u00e9ducteur Cod\u00a0: 4D145181020<\/strong><\/h3>\n<p>Doge Plus \u2013 Doge 3 Plus \u2013 Elise 3 Plus \u2013 Prince 3 \u2013 Prince 3 Plus \u2013 Sfera \u2013 Sfera 3 \u2013 Sfera Glass \u2013 Sfera Plus \u2013 Sfera 3 Plus \u2013 Sfera Plus Glass \u2013 Sire Plus \u2013 Sire 3 Plus \u2013 Venus 3 Plus \u2013 Globe \u2013 Globe Airtight \u2013 Joy Airtight \u2013 Trend \u2013 Vega Metal \u2013 Vega Stone:\u00a0<strong>Motor\u00e9ducteur install\u00e9 \u00e0 partir du Serial N. 1902126010015.<\/strong><\/p>\n<p><strong>Cadel Mod:\u00a0<\/strong>Perla 3 7KW WiFi, Atena 3 Plus 12, Atena 3 Plus 14, Cristal 3 7 UP, Cristal 3 7KW, Cristal 3 7KW WiFi, Doge Plus, Doge 3 Plus, Elise 3 Plus, Fenice 11, Fenice 11 Plus, Grace 3 Wifi, Kobe 11, Kobe Plus 11, Mithos Plus 12 PS, Mithos Plus 14 PS, Mithos 3 Plus 12, Mithos 3 Plus 14, Perla 3 7KW, Prince 11, Prince Plus 11, Prince 3, Prince 3 Plus, Prince 3 Plus WiFi, Prince 3 WiFi, Sfera \u2013 Sfera 3, Sfera 3 Plus WiFi, Sfera 3 WiFi, Sfera Glass, Sfera Plus, Sfera 3 Plus, Sfera Plus Glass, Sire Plus \u2013 Sire 3 Plus, Sound 5 PS, Sound 3 5 UP, Sound 3 7 UP, Spirit 3 \u2013 5KW WiFi, Sweet 3 7KW, Sweet 3 7KW WiFi , Venus 3 Plus<\/p>\n<p><strong>FreePoint Mod:<\/strong>\u00a0Accent At, Beam At, Chrome 5 At, Chrome 7 At, Duke 12 AT BI-Flux, Duke 14 AT BI-Flux, Duke12 Airtight, Duke14 Airtight, Globe, Globe Airtight, Indaco 11, Indaco 11 BI-Flux, Indigo Evo, Joy, Joy Airtight, One At, Sharp At WiFi, Trend, Vega, Vega GH, Vega Slat, Vega Airtight<\/p>\n<p><strong>Pegaso Mod:\u00a0<\/strong>Floyd 7 KW, Saba 14 KW, Spark 11 Kw, Vera 7<\/p>\n<p>Caminetti montegrappa, Cola, Ct Pasqualicchio, Ecoforest, Ecoteck, Edilkamin, Evacalor, Extraflam , Freepoint, Italiana camini, Laminox, Mcz, Nordica Extraflam, Palazzetti, Piazzetta, Ravelli, Red, Royal, Solzaima, Superior, Thermorossi<\/p>\n<p><strong>Cola<\/strong><\/p>\n<p><strong>Ecoforest ref. 60300 Mod:\u00a0<\/strong>Atenas \u2013 Aveiro \u2013 Basic \u2013 Boston Insert \u2013 Bremen \u2013 Cantina \u2013 Cantina Nova \u2013 Cantina Super \u2013 Cies \u2013 Cordoba \u2013 Dubai \u2013 Dublin \u2013 Eco 1 Aria \u2013 Eco 1 Aria insert \u2013 Eco 2 Aria insert \u2013 Eco 2 mini \u2013 Eco 3 \u2013 Ecoair \u2013 Ecoair insert \u2013 Hidrocopper \u2013 Kerala \u2013 London \u2013 Moon \u2013 Paris \u2013 Suez \u2013 Tokio \u2013 Turbo aire \u2013 Venus \u2013 Venus Ceramica \u2013 Vigo \u2013 Vigo Diamante \u2013 Vigo Ceramica \u2013 Vigo 2<\/p>\n<p><strong>Edilkamin ref. 665190 mod:<\/strong>\u00a0Aida \u2013 Bering \u2013 Bijoux \u2013 Bora \u2013 Brio \u2013 Cameo \u2013 Chip \u2013 Classica \u2013 Dida \u2013 Dida Plus \u2013 Elise \u2013 Idrochip \u2013 Idrofast \u2013 Idropellbox \u2013 Idropoint \u2013 Kelly \u2013 Lou \u2013 Marea 2008 \u2013 Medea \u2013 Micron \u2013 Mim\u00ec \u2013 Mya \u2013 Nancy \u2013 Naomy \u2013 Norma \u2013 Point \u2013 Prima \u2013 Serena \u2013 Simpli \u2013 Strass \u2013 Ten \u2013 Ten plus \u2013 Tiny \u2013 Tiny ceramica intera \u2013 Tresor \u2013 Zara \u2013 Zara plus<\/p>\n<p><strong>Edilkamin ref. 791000 mod:\u00a0<\/strong>Aida \u2013 Ania \u2013 Aris \u2013 Aris Plus \u2013 Bering \u2013 Bijoux \u2013 Bora \u2013 Classica Plus \u2013 Dame \u2013 Dida \u2013 Dida Plus \u2013 Elise \u2013 Idrochip \u2013 Idrofast \u2013 Idropellbox \u2013 Idropoint \u2013 Idrosally \u2013 Kelly \u2013 Kikka \u2013 Kikka plus \u2013 Lou \u2013 Marea 2008 \u2013 Medea \u2013 Micron \u2013 Mim\u00ec \u2013 Mya \u2013 Nancy \u2013 Naomy \u2013 Nea \u2013 Norma \u2013 Pellet blok \u2013 Point \u2013 Point plus \u2013 Polis \u2013 Polis plus \u2013 Prima \u2013 Sally \u2013 Sally plus \u2013 Serena \u2013 Simpli \u2013 Strass \u2013 Ten \u2013 Ten plus \u2013 Tiny \u2013 Tiny ceramica intera \u2013 Tresor \u2013 Zara \u2013 Zara plus<\/p>","protected":false},"featured_media":34723,"comment_status":"open","ping_status":"closed","template":"","meta":[],"product_brand":[],"product_cat":[861,868,869],"product_tag":[24,160,49,161,53,56,102,143,117,167,31,61,62,1354,64,71,76,81,193,84,39,41,88,122,92,94,95],"class_list":{"0":"post-3656","1":"product","2":"type-product","3":"status-publish","4":"has-post-thumbnail","6":"product_cat-motoreducteurs","7":"product_cat-motoreducteurs-merkle-korff","8":"product_cat-motoriduttori-merkle-korff-albero-o-95-mm","9":"product_tag-adler","10":"product_tag-anselmo-cola","11":"product_tag-arce","12":"product_tag-artel","13":"product_tag-brisach","14":"product_tag-cadel","15":"product_tag-caminetti-montegrappa","16":"product_tag-cola","17":"product_tag-ct-pasqualicchio","18":"product_tag-ecoforest","19":"product_tag-ecoteck","20":"product_tag-edilkamin","21":"product_tag-evacalor","22":"product_tag-extraflam","23":"product_tag-freepoint","24":"product_tag-italiana-camini","25":"product_tag-laminox","26":"product_tag-mcz","27":"product_tag-nordica-extraflam","28":"product_tag-palazzetti","29":"product_tag-piazzetta","30":"product_tag-ravelli","31":"product_tag-red","32":"product_tag-royal","33":"product_tag-solzaima","34":"product_tag-superior","35":"product_tag-thermorossi","36":"product_shipping_class-classe-di-spedizione-02","38":"first","39":"instock","40":"shipping-taxable","41":"purchasable","42":"product-type-simple"},"yoast_head":"<!-- This site is optimized with the Yoast SEO plugin v27.4 - https:\/\/yoast.com\/product\/yoast-seo-wordpress\/ -->\n<title>Motor\u00e9ducteur Merkle&amp;Korff 2 rpm arbre \u00f8 9.5 S10200<\/title>\n<meta name=\"description\" content=\"Motor\u00e9ducteur Merkle&amp;Korff 2 rpm arbre \u00f8 9.5 S10200-Motor\u00e9ducteur Merkle&amp;Korff pour vis de po\u00eale \u00e0 granul\u00e9s m\u00e2ts 9.5-Motor\u00e9ducteur Merkle&amp;Korff\" \/>\n<meta name=\"robots\" content=\"index, follow, max-snippet:-1, max-image-preview:large, max-video-preview:-1\" \/>\n<link rel=\"canonical\" href=\"https:\/\/amrtop.net\/ro\/produs\/motoreductor-merkle-korff-2-rpm-cod-s10200-arbore-o-95-mm-foi-laminate-24-mm\/\" \/>\n<meta property=\"og:locale\" content=\"ro_RO\" \/>\n<meta property=\"og:type\" content=\"article\" \/>\n<meta property=\"og:title\" content=\"Motor\u00e9ducteur Merkle&amp;Korff 2 rpm arbre \u00f8 9.5 S10200\" \/>\n<meta property=\"og:description\" content=\"Motor\u00e9ducteur Merkle&amp;Korff 2 rpm arbre \u00f8 9.5 S10200-Motor\u00e9ducteur Merkle&amp;Korff pour vis de po\u00eale \u00e0 granul\u00e9s m\u00e2ts 9.5-Motor\u00e9ducteur Merkle&amp;Korff\" \/>\n<meta property=\"og:url\" content=\"https:\/\/amrtop.net\/ro\/produs\/motoreductor-merkle-korff-2-rpm-cod-s10200-arbore-o-95-mm-foi-laminate-24-mm\/\" \/>\n<meta property=\"og:site_name\" content=\"AMRTOP B2B \u00c9tranger - Achats r\u00e9serv\u00e9s au professionnel\" \/>\n<meta property=\"article:modified_time\" content=\"2025-02-12T12:39:09+00:00\" \/>\n<meta property=\"og:image\" content=\"https:\/\/amrtop.net\/wp-content\/uploads\/2022\/07\/s102200.jpg\" \/>\n\t<meta property=\"og:image:width\" content=\"960\" \/>\n\t<meta property=\"og:image:height\" content=\"960\" \/>\n\t<meta property=\"og:image:type\" content=\"image\/jpeg\" \/>\n<meta name=\"twitter:card\" content=\"summary_large_image\" \/>\n<meta name=\"twitter:label1\" content=\"Timp estimat pentru citire\" \/>\n\t<meta name=\"twitter:data1\" content=\"1 minut\" \/>\n<script type=\"application\/ld+json\" class=\"yoast-schema-graph\">{\"@context\":\"https:\\\/\\\/schema.org\",\"@graph\":[{\"@type\":\"WebPage\",\"@id\":\"https:\\\/\\\/amrtop.net\\\/produit\\\/motoreducteur-merkle-korff-2-rpm-code-s10200-arbre-o-95-mm-toles-feuilletees-24-mm\\\/\",\"url\":\"https:\\\/\\\/amrtop.net\\\/produit\\\/motoreducteur-merkle-korff-2-rpm-code-s10200-arbre-o-95-mm-toles-feuilletees-24-mm\\\/\",\"name\":\"Motor\u00e9ducteur Merkle&Korff 2 rpm arbre \u00f8 9.5 S10200\",\"isPartOf\":{\"@id\":\"https:\\\/\\\/amrtop.net\\\/#website\"},\"primaryImageOfPage\":{\"@id\":\"https:\\\/\\\/amrtop.net\\\/produit\\\/motoreducteur-merkle-korff-2-rpm-code-s10200-arbre-o-95-mm-toles-feuilletees-24-mm\\\/#primaryimage\"},\"image\":{\"@id\":\"https:\\\/\\\/amrtop.net\\\/produit\\\/motoreducteur-merkle-korff-2-rpm-code-s10200-arbre-o-95-mm-toles-feuilletees-24-mm\\\/#primaryimage\"},\"thumbnailUrl\":\"https:\\\/\\\/amrtop.net\\\/wp-content\\\/uploads\\\/2022\\\/07\\\/s102200.jpg\",\"datePublished\":\"2020-01-10T00:00:00+00:00\",\"dateModified\":\"2025-02-12T12:39:09+00:00\",\"description\":\"Motor\u00e9ducteur Merkle&Korff 2 rpm arbre \u00f8 9.5 S10200-Motor\u00e9ducteur Merkle&Korff pour vis de po\u00eale \u00e0 granul\u00e9s m\u00e2ts 9.5-Motor\u00e9ducteur Merkle&Korff\",\"breadcrumb\":{\"@id\":\"https:\\\/\\\/amrtop.net\\\/produit\\\/motoreducteur-merkle-korff-2-rpm-code-s10200-arbre-o-95-mm-toles-feuilletees-24-mm\\\/#breadcrumb\"},\"inLanguage\":\"ro-RO\",\"potentialAction\":[{\"@type\":\"ReadAction\",\"target\":[\"https:\\\/\\\/amrtop.net\\\/produit\\\/motoreducteur-merkle-korff-2-rpm-code-s10200-arbre-o-95-mm-toles-feuilletees-24-mm\\\/\"]}]},{\"@type\":\"ImageObject\",\"inLanguage\":\"ro-RO\",\"@id\":\"https:\\\/\\\/amrtop.net\\\/produit\\\/motoreducteur-merkle-korff-2-rpm-code-s10200-arbre-o-95-mm-toles-feuilletees-24-mm\\\/#primaryimage\",\"url\":\"https:\\\/\\\/amrtop.net\\\/wp-content\\\/uploads\\\/2022\\\/07\\\/s102200.jpg\",\"contentUrl\":\"https:\\\/\\\/amrtop.net\\\/wp-content\\\/uploads\\\/2022\\\/07\\\/s102200.jpg\",\"width\":960,\"height\":960,\"caption\":\"Motoriduttore Merkle&Korff 2 rpm albero \u00f8 9.5 S10200\"},{\"@type\":\"BreadcrumbList\",\"@id\":\"https:\\\/\\\/amrtop.net\\\/produit\\\/motoreducteur-merkle-korff-2-rpm-code-s10200-arbre-o-95-mm-toles-feuilletees-24-mm\\\/#breadcrumb\",\"itemListElement\":[{\"@type\":\"ListItem\",\"position\":1,\"name\":\"Home\",\"item\":\"https:\\\/\\\/amrtop.net\\\/\"},{\"@type\":\"ListItem\",\"position\":2,\"name\":\"Shop\",\"item\":\"https:\\\/\\\/amrtop.net\\\/negozio\\\/\"},{\"@type\":\"ListItem\",\"position\":3,\"name\":\"Motor\u00e9ducteur Merkle &amp; Korff 2 rpm Code S10200 &#8211; Arbre \u00f8 9,5 mm &#8211; T\u00f4les feuillet\u00e9es 24 mm\"}]},{\"@type\":\"WebSite\",\"@id\":\"https:\\\/\\\/amrtop.net\\\/#website\",\"url\":\"https:\\\/\\\/amrtop.net\\\/\",\"name\":\"AMRTOP B2B \u00c9tranger - Achats r\u00e9serv\u00e9s au professionnel\",\"description\":\"Pi\u00e8ces de rechange et accessoires pour po\u00eales et chaudi\u00e8res - eCommerce B2B pour Clients Professionnels\",\"potentialAction\":[{\"@type\":\"SearchAction\",\"target\":{\"@type\":\"EntryPoint\",\"urlTemplate\":\"https:\\\/\\\/amrtop.net\\\/?s={search_term_string}\"},\"query-input\":{\"@type\":\"PropertyValueSpecification\",\"valueRequired\":true,\"valueName\":\"search_term_string\"}}],\"inLanguage\":\"ro-RO\"}]}<\/script>\n<!-- \/ Yoast SEO plugin. -->","yoast_head_json":{"title":"Motor\u00e9ducteur Merkle&Korff 2 rpm arbre \u00f8 9.5 S10200","description":"Motor\u00e9ducteur Merkle&Korff 2 rpm arbre \u00f8 9.5 S10200-Motor\u00e9ducteur Merkle&Korff pour vis de po\u00eale \u00e0 granul\u00e9s m\u00e2ts 9.5-Motor\u00e9ducteur Merkle&Korff","robots":{"index":"index","follow":"follow","max-snippet":"max-snippet:-1","max-image-preview":"max-image-preview:large","max-video-preview":"max-video-preview:-1"},"canonical":"https:\/\/amrtop.net\/ro\/produs\/motoreductor-merkle-korff-2-rpm-cod-s10200-arbore-o-95-mm-foi-laminate-24-mm\/","og_locale":"ro_RO","og_type":"article","og_title":"Motor\u00e9ducteur Merkle&Korff 2 rpm arbre \u00f8 9.5 S10200","og_description":"Motor\u00e9ducteur Merkle&Korff 2 rpm arbre \u00f8 9.5 S10200-Motor\u00e9ducteur Merkle&Korff pour vis de po\u00eale \u00e0 granul\u00e9s m\u00e2ts 9.5-Motor\u00e9ducteur Merkle&Korff","og_url":"https:\/\/amrtop.net\/ro\/produs\/motoreductor-merkle-korff-2-rpm-cod-s10200-arbore-o-95-mm-foi-laminate-24-mm\/","og_site_name":"AMRTOP B2B \u00c9tranger - Achats r\u00e9serv\u00e9s au professionnel","article_modified_time":"2025-02-12T12:39:09+00:00","og_image":[{"width":960,"height":960,"url":"https:\/\/amrtop.net\/wp-content\/uploads\/2022\/07\/s102200.jpg","type":"image\/jpeg"}],"twitter_card":"summary_large_image","twitter_misc":{"Timp estimat pentru citire":"1 minut"},"schema":{"@context":"https:\/\/schema.org","@graph":[{"@type":"WebPage","@id":"https:\/\/amrtop.net\/produit\/motoreducteur-merkle-korff-2-rpm-code-s10200-arbre-o-95-mm-toles-feuilletees-24-mm\/","url":"https:\/\/amrtop.net\/produit\/motoreducteur-merkle-korff-2-rpm-code-s10200-arbre-o-95-mm-toles-feuilletees-24-mm\/","name":"Motor\u00e9ducteur Merkle&Korff 2 rpm arbre \u00f8 9.5 S10200","isPartOf":{"@id":"https:\/\/amrtop.net\/#website"},"primaryImageOfPage":{"@id":"https:\/\/amrtop.net\/produit\/motoreducteur-merkle-korff-2-rpm-code-s10200-arbre-o-95-mm-toles-feuilletees-24-mm\/#primaryimage"},"image":{"@id":"https:\/\/amrtop.net\/produit\/motoreducteur-merkle-korff-2-rpm-code-s10200-arbre-o-95-mm-toles-feuilletees-24-mm\/#primaryimage"},"thumbnailUrl":"https:\/\/amrtop.net\/wp-content\/uploads\/2022\/07\/s102200.jpg","datePublished":"2020-01-10T00:00:00+00:00","dateModified":"2025-02-12T12:39:09+00:00","description":"Motor\u00e9ducteur Merkle&Korff 2 rpm arbre \u00f8 9.5 S10200-Motor\u00e9ducteur Merkle&Korff pour vis de po\u00eale \u00e0 granul\u00e9s m\u00e2ts 9.5-Motor\u00e9ducteur Merkle&Korff","breadcrumb":{"@id":"https:\/\/amrtop.net\/produit\/motoreducteur-merkle-korff-2-rpm-code-s10200-arbre-o-95-mm-toles-feuilletees-24-mm\/#breadcrumb"},"inLanguage":"ro-RO","potentialAction":[{"@type":"ReadAction","target":["https:\/\/amrtop.net\/produit\/motoreducteur-merkle-korff-2-rpm-code-s10200-arbre-o-95-mm-toles-feuilletees-24-mm\/"]}]},{"@type":"ImageObject","inLanguage":"ro-RO","@id":"https:\/\/amrtop.net\/produit\/motoreducteur-merkle-korff-2-rpm-code-s10200-arbre-o-95-mm-toles-feuilletees-24-mm\/#primaryimage","url":"https:\/\/amrtop.net\/wp-content\/uploads\/2022\/07\/s102200.jpg","contentUrl":"https:\/\/amrtop.net\/wp-content\/uploads\/2022\/07\/s102200.jpg","width":960,"height":960,"caption":"Motoriduttore Merkle&Korff 2 rpm albero \u00f8 9.5 S10200"},{"@type":"BreadcrumbList","@id":"https:\/\/amrtop.net\/produit\/motoreducteur-merkle-korff-2-rpm-code-s10200-arbre-o-95-mm-toles-feuilletees-24-mm\/#breadcrumb","itemListElement":[{"@type":"ListItem","position":1,"name":"Home","item":"https:\/\/amrtop.net\/"},{"@type":"ListItem","position":2,"name":"Shop","item":"https:\/\/amrtop.net\/negozio\/"},{"@type":"ListItem","position":3,"name":"Motor\u00e9ducteur Merkle &amp; Korff 2 rpm Code S10200 &#8211; Arbre \u00f8 9,5 mm &#8211; T\u00f4les feuillet\u00e9es 24 mm"}]},{"@type":"WebSite","@id":"https:\/\/amrtop.net\/#website","url":"https:\/\/amrtop.net\/","name":"AMRTOP B2B Abroad - Achizi\u021bii rezervate profesioni\u0219tilor","description":"Piese de schimb \u0219i accesorii pentru sobe \u0219i cazane - eCommerce B2B pentru clien\u021bi profesioni\u0219ti","potentialAction":[{"@type":"SearchAction","target":{"@type":"EntryPoint","urlTemplate":"https:\/\/amrtop.net\/?s={search_term_string}"},"query-input":{"@type":"PropertyValueSpecification","valueRequired":true,"valueName":"search_term_string"}}],"inLanguage":"ro-RO"}]}},"_links":{"self":[{"href":"https:\/\/amrtop.net\/ro\/wp-json\/wp\/v2\/product\/3656","targetHints":{"allow":["GET"]}}],"collection":[{"href":"https:\/\/amrtop.net\/ro\/wp-json\/wp\/v2\/product"}],"about":[{"href":"https:\/\/amrtop.net\/ro\/wp-json\/wp\/v2\/types\/product"}],"replies":[{"embeddable":true,"href":"https:\/\/amrtop.net\/ro\/wp-json\/wp\/v2\/comments?post=3656"}],"wp:featuredmedia":[{"embeddable":true,"href":"https:\/\/amrtop.net\/ro\/wp-json\/wp\/v2\/media\/34723"}],"wp:attachment":[{"href":"https:\/\/amrtop.net\/ro\/wp-json\/wp\/v2\/media?parent=3656"}],"wp:term":[{"taxonomy":"product_brand","embeddable":true,"href":"https:\/\/amrtop.net\/ro\/wp-json\/wp\/v2\/product_brand?post=3656"},{"taxonomy":"product_cat","embeddable":true,"href":"https:\/\/amrtop.net\/ro\/wp-json\/wp\/v2\/product_cat?post=3656"},{"taxonomy":"product_tag","embeddable":true,"href":"https:\/\/amrtop.net\/ro\/wp-json\/wp\/v2\/product_tag?post=3656"}],"curies":[{"name":"wp","href":"https:\/\/api.w.org\/{rel}","templated":true}]}}