{"id":3657,"date":"2020-01-10T00:00:00","date_gmt":"2020-01-10T00:00:00","guid":{"rendered":"https:\/\/amrtop.com\/B2B\/?post_type=product&#038;p=3657"},"modified":"2025-02-12T12:38:52","modified_gmt":"2025-02-12T12:38:52","slug":"merkle-korff-35-rpm-motor-cu-angrenaj-cod-s10421-arbore-o-95-mm-foi-laminate-24-mm","status":"publish","type":"product","link":"https:\/\/amrtop.net\/ro\/produit\/motoreducteur-merkle-korff-35-rpm-code-s10421-arbre-o-95-mm-toles-feuilletees-24-mm\/","title":{"rendered":"Motoreductor Merkle &amp; Korff 3,5 rpm Cod S10421 - Arbore \u00f8 9,5 mm - Foi laminate de 24 mm"},"content":{"rendered":"<hr \/>\n<h3>Motoreductor Merkle&amp;Korff 3.5 rpm \u00f8 arbore 9.5 S10421<\/h3>\n<p>Merkle Korff Industries produce motoare cu angrenaje de curent alternativ de peste 100 de ani, inclusiv cele utilizate \u00een sobe \u0219i cazane pe pele\u021bi.<\/p>\n<p>Cu peste 350 000 de piese livrate \u00een fiecare an pe pia\u021ba european\u0103 de \u00eenc\u0103lzire pe pele\u021bi, marca american\u0103 acoper\u0103 nevoile majorit\u0103\u021bii produc\u0103torilor de pele\u021bi, cu produse optimizate pentru aplica\u021bii specifice.<\/p>\n<p>Motorul de angrenaj are o importan\u021b\u0103 fundamental\u0103 \u00een garantarea func\u021bion\u0103rii sobelor pe pele\u021bi. Prin urmare, se acord\u0103 o aten\u021bie deosebit\u0103 fiabilit\u0103\u021bii \u0219i func\u021bion\u0103rii silen\u021bioase, care sunt caracteristici esen\u021biale pentru comercializarea produsului.<\/p>\n<p>Motorul cu ro\u021bi din\u021bate este responsabil pentru gestionarea eficient\u0103 a aliment\u0103rii cu combustibil a arz\u0103torului \u0219i, \u00een consecin\u021b\u0103, a produc\u021biei de c\u0103ldur\u0103 a sobei \u00een sine.<\/p>\n<p>Cercetarea \u0219i produc\u021bia Nidec\/Merkle Korff Industries, distribuit\u0103 de peste 35 de ani exclusiv \u00een Europa de Sud de c\u0103tre Autom, se concentreaz\u0103 pe acest aspect.<\/p>\n<p><strong>\u00a0<\/strong><\/p>\n<h3><strong>Dimensiunea sobei<\/strong><\/h3>\n<p>Noul motoreductor a fost complet reproiectat folosind unul dintre cele mai eficiente motoare f\u0103r\u0103 perii, construit deja \u00een zeci de milioane de exemplare de c\u0103tre Nidec Corporation.<\/p>\n<p>Aplic\u00e2nd experien\u021ba noastr\u0103 specific\u0103 \u00een sectorul sobelor pe pele\u021bi, dob\u00e2ndit\u0103 \u00een ultimii cincizeci de ani de colaborare cu majoritatea produc\u0103torilor din lume, am reu\u0219it s\u0103 cre\u0103m un motor cu angrenaj extrem de robust, silen\u021bios \u0219i controlabil.<\/p>\n<p>Designul special asigur\u0103 faptul c\u0103 unsoarea lubrifiant\u0103 r\u0103m\u00e2ne \u00eentotdeauna \u00een pozi\u021bia sa specific\u0103, \u00een contact str\u00e2ns cu din\u021bii angrenajului, garant\u00e2nd o durat\u0103 de via\u021b\u0103 lung\u0103 \u0219i f\u0103r\u0103 \u00eentre\u021binere.<\/p>\n<p>Aceste motoare asigur\u0103 o rota\u021bie dubl\u0103<\/p>\n<h3>Utilizarea motoreductorului Merkle&amp;Korff 3,5 rpm \u00f8 arbore 9,5 S10421<\/h3>\n<p>Motoreductorul Merkle &amp; Korff 3,5 rpm Cod S10421 - Arbore \u00f8 9,5 mm fa\u021b\u0103 simpl\u0103 - pachet lamelar 24 mm v\u00e2ndut de Amrtop \u0219i instalat pe aparatele pe pele\u021bi are sarcina de a roti \u0219urubul din rezervorul de pele\u021bi \u0219i de a-l transporta la creuzet pentru a fi ars. Din ce \u00een ce mai multe sisteme automate de cur\u0103\u021bare a brazierelor sunt prezente pe multe sobe \u0219i cazane pe biomas\u0103.<\/p>\n<p>Spirala este pozi\u021bionat\u0103 astfel \u00eenc\u00e2t s\u0103 preia pele\u021bii din partea de jos a rezervorului \u0219i s\u0103 \u00eei transporte \u00een partea superioar\u0103 a sobei.<\/p>\n<p>Odat\u0103 ce ajunge \u00een partea superioar\u0103 a cohleei, peleta cade \u00een mod natural \u00eentr-un jgheab care o transport\u0103 \u00een arz\u0103tor.<\/p>\n<h3><strong>Aplica\u021bii tipice<\/strong><\/h3>\n<p>Aparate de vending - Ansambluri de ma\u0219ini de cafea - Ma\u0219ini de \u00eempachetat \u00een vid - Rotisoare - Gyros - Ma\u0219ini de ghea\u021b\u0103 - Display-uri rotative - Sobe pe pele\u021bi - Ma\u0219ini de etichetat - Actuatoare industriale.<\/p>\n<h3><strong>Interior<\/strong><\/h3>\n<p><a href=\"https:\/\/wekos.it\/\">Sobe, aragazuri \u0219i aragazuri pe lemne<\/a>\u00a0-\u00a0<a href=\"https:\/\/www.greenpuros.com\/\">\u0219eminee, sobe \u0219i cazane pe pele\u021bi.<\/a><\/p>\n<h3><strong>Gama Amrtop de piese de schimb \u0219i accesorii<\/strong><\/h3>\n<p>&nbsp;<\/p>\n<p><a href=\"https:\/\/amrtop.net\/ro\/categoria-de-produse\/piese-de-schimb-sobe-si-cazane-de-gatit-si-cazane-mixte-2\/bougies-dallumage-pour-poeles-et-chaudieres-a-pellets\/\">Bujii incandescente<\/a><\/p>\n<p><a href=\"https:\/\/amrtop.net\/ro\/categoria-de-produse\/piese-de-schimb-sobe-si-cazane-de-gatit-si-cazane-mixte-2\/electronique\/\">Electronic\u0103<\/a><\/p>\n<p><a href=\"https:\/\/amrtop.net\/ro\/categoria-de-produse\/piese-de-schimb-sobe-si-cazane-de-gatit-si-cazane-mixte-2\/extracteurs-de-fumee\/\">Extractoare de fum<\/a><\/p>\n<p><a href=\"https:\/\/amrtop.net\/ro\/categoria-de-produse\/piese-de-schimb-sobe-si-cazane-de-gatit-si-cazane-mixte-2\/gaines-cable-connecteurs\/\">Teci de cablu conector<\/a><\/p>\n<p><a href=\"https:\/\/amrtop.net\/ro\/categoria-de-produse\/piese-de-schimb-sobe-si-cazane-de-gatit-si-cazane-mixte-2\/joints-de-silicone\/\">Garnituri de silicon<\/a><\/p>\n<p><a href=\"https:\/\/amrtop.net\/ro\/categoria-de-produse\/piese-de-schimb-sobe-si-cazane-de-gatit-si-cazane-mixte-2\/motoreducteurs\/\">Motoare cu angrenaje<\/a><\/p>\n<p><a href=\"https:\/\/amrtop.net\/ro\/categoria-de-produse\/piese-de-schimb-sobe-si-cazane-de-gatit-si-cazane-mixte-2\/pressostats-et-transducteurs\/\">Presostate \u0219i traductoare de presiune<\/a><\/p>\n<p><a href=\"https:\/\/amrtop.net\/ro\/categoria-de-produse\/piese-de-schimb-sobe-si-cazane-de-gatit-si-cazane-mixte-2\/sondes-thermostats-manometres-thermometres\/\">Sonde termostate manometre termometre termometre<\/a><\/p>\n<p><a href=\"https:\/\/amrtop.net\/ro\/categoria-de-produse\/piese-de-schimb-sobe-si-cazane-de-gatit-si-cazane-mixte-2\/joints-detancheite\/\">Tricotaje de etan\u0219are<\/a><\/p>\n<p><a href=\"https:\/\/amrtop.net\/ro\/categoria-de-produse\/piese-de-schimb-sobe-si-cazane-de-gatit-si-cazane-mixte-2\/ventilateurs-centrifuges-pour-poeles-a-pellets\/\">Ventilatoare centrifuge<\/a><\/p>\n<p><a href=\"https:\/\/amrtop.net\/ro\/categoria-de-produse\/piese-de-schimb-sobe-si-cazane-de-gatit-si-cazane-mixte-2\/ventilateurs-tangentiels-flux-transversal\/\">Ventilatoare cu flux \u00eencruci\u0219at<\/a><\/p>\n<p><a href=\"https:\/\/amrtop.net\/ro\/categoria-de-produse\/piese-de-schimb-sobe-si-cazane-de-gatit-si-cazane-mixte-2\/adhesifs-et-produits-detancheite\/\">Adezivi \u0219i materiale de etan\u0219are<\/a><\/p>\n<p>&nbsp;<\/p>","protected":false},"excerpt":{"rendered":"<hr \/>\n<h2><span style=\"color: #008000\">Disponibil la<\/span><\/h2>\n<hr \/>\n<h3>Motor cu angrenaj Merkle &amp; Korff 3,5 rpm<\/h3>\n<p>Cod S10421<br \/>\nArbore \u00f8 9,5 mm<br \/>\nVitez\u0103: 3,5 rpm<br \/>\nFoi laminate: 24 mm<br \/>\nAplatizare: simplu<br \/>\nDirec\u021bia de rota\u021bie: \u00een sensul acelor de ceasornic<\/p>\n<h3>Interschimbabil cu urm\u0103toarele modele de motoare cu ro\u021bi din\u021bate cu \u0219uruburi f\u0103r\u0103 sf\u00e2r\u0219it de \u00eenc\u0103rcare a pele\u021bilor :<\/h3>\n<p>Mellor: FB1340, FB1218, FB1263<br \/>\nSpg : ISG3230D054<\/p>\n<p>&nbsp;<\/p>\n<hr \/>\n<h3><strong>Informa\u021bii pentru dispozitivele cu motor cu angrenaj Cod: 4D145159010\u00a0<\/strong><\/h3>\n<p><strong>Kriss\u00b3 7kW - Evo\u00b3 7kW - Kriss\u00b3 8,5 kW - Evo\u00b3 8,5 kW - Tecna\u00b3 - Verve Airtight - Sticl\u0103:<\/strong> Motor reductor instalat din seria N. <strong>1609096020011<\/strong> la seria N. <strong>1807206020022 - interschimbabil cu Cod: 41450901600.<\/strong><\/p>\n<p><strong>Wall\u00b3 Plus:<\/strong> Motor reductor instalat p\u00e2n\u0103 la seria N. <strong>1807206020022 - interschimbabil cu Cod: 41450901600.<\/strong><\/p>\n<p><strong>Elise\u00b3 - Shell\u00b3:<\/strong> Motor reductor instalat din seria N. <strong>1609096020011<\/strong> la seria N. <strong>1901096020004 - interschimbabil cu Cod: 41450901600.<\/strong><\/p>\n<p><strong>Venus\u00b3 plus - Doge\u00b3 plus - Sire\u00b3 plus - Sfera\u00b3 - Sfera\u00b3 plus - Elise\u00b3 plus - Prince\u00b3 - Prince\u00b3 Plus - Joy Airtight - Vega - Globe:<\/strong> Motor reductor instalat din seria N. <strong>1609136010001<\/strong> la seria N. <strong>1902126010014 - interschimbabil cu Cod: 41450901600.<\/strong><\/p>\n<p><strong>Cadel Mod:<\/strong>\u00a0Cristal 7 Kw, Cristal 8,5 Kw, Diana, Doge Plus, Elise3, Elise3 Plus, Eolo, Evo, Evo 3 - 7KW, Evo 3 - 8,5KW, Family, Horizon PLUS, Kriss,Kriss 3 - 7KW, Kriss 3 - 8,5KW, Lean Plus, Lean 3 Plus, Nice, Prince 3, Prince 3 Plus, Sfera - Sfera 3, Sfera Glass, Sfera Plus - Sfera 3 Plus, Sfera Plus Glass, Shell 3 Metallo, Shell 3 Stell, Shell 3 Acier, Shell 3 Metall, Shell 3 Natural, Shell 3 Acrylic, Shell 3 Stone, Sire Plus, Sire 3 Plus, Tecna, Tecna 3, Venus, Venus 3 Plus, Wall, Wall3 Plus, Wall3 Plus WiFi<\/p>\n<hr \/>\n<h3><strong>Informa\u021bii pentru dispozitivele cu motor cu angrenaj Cod 41450901600<\/strong><\/h3>\n<p><strong>Diana - Nice - Mary - Miriam - Pretty<\/strong> Component\u0103 instalat\u0103 pe sobe fabricate \u00eencep\u00e2nd cu seria 13.100.006808.<\/p>\n<p><strong>Eolo<\/strong> \u00een cazul \u00eenlocuirii motorului de transmisie, pentru cifre<br \/>\nstandard 13.100.000459, 460, 461, 462, 463, 464, 901, 902, 903, 904, 905, 906, 907, 908, 909, 910, 911, 912 cod de utilizare <strong>4D14512001<\/strong> (motor cu angrenaj cu arbore gol de 2,5 tura\u021bii)<\/p>\n<p><strong>Familie:<\/strong> Component\u0103 instalat\u0103 pe sobele fabricate \u00eencep\u00e2nd cu seria N.\u00a0<strong>1401296010001.<\/strong><\/p>\n<p><strong>Venus - Gioia:<\/strong> Component\u0103 instalat\u0103 pe sobele fabricate \u00eencep\u00e2nd cu seria N. <strong>13.100.005856.<\/strong><\/p>\n<p><strong>Perete - mic:<\/strong> Component\u0103 instalat\u0103 pe sobele fabricate \u00eencep\u00e2nd cu seria N.\u00a0<strong>13.100.012140.<\/strong><\/p>\n<p><strong>Cristal - Kriss - Evo - Tecna :<\/strong> Component\u0103 instalat\u0103 pe sobele fabricate \u00eencep\u00e2nd cu seria N . <strong>11.100.464194.<\/strong><\/p>\n<p><strong>Cadel Serial Idro Mod:<\/strong>\u00a0Aquos 15, Aquos 22, Aquos 22\/S, Aquos 24, Aquos 24 H2O, Aquos3 - 16, Aquos3 - 23, Aquos3 - 23 H2O, Ibis 11 kW, Ibis 15 kW, Ibis 22 kW H2O, Idro Maya3 16, Idro Maya3 16 WiFi, Idro Maya3 24, Idro Maya3 24 WiFi, Idro Prince3 - 16, Idro Prince3 - 23, Idro Prince3 - 23, H2O, Idro River3 16, Idro River3 23, Idro River3 23 H2O<\/p>\n<p><strong>Freepoint Idro Mod:<\/strong>\u00a0Idron 11, Idron 15, Idron 15 \u00eenalt\u0103 eficien\u021b\u0103, Idron 16 At, Idron 16 At, Idron 22, Idron 22 At, Idron 22 At, Idron 22 At, Idron 22 H2O, Idron 22 H2O \u00eenalt\u0103 eficien\u021b\u0103, Idron 22 \u00eenalt\u0103 eficien\u021b\u0103, Tesis At 16, Tesis At 16, Tesis At 23, Tesis At 23<\/p>\n<p><strong>Pegaso Mod:<\/strong>\u00a0Mira 16 Kw, Mira 22 Kw<\/p>\n<hr \/>\n<p><strong>Edilkamin, Evacalor, Ferlux,\u00a0<\/strong><strong>Mcz, Nordica Extraflam,\u00a0<\/strong><strong>Ro\u0219u, Tsp<\/strong><\/p>","protected":false},"featured_media":34721,"comment_status":"open","ping_status":"closed","template":"","meta":[],"product_brand":[],"product_cat":[861,868,869],"product_tag":[56,61,62,187,64,81,193,88,190],"class_list":{"0":"post-3657","1":"product","2":"type-product","3":"status-publish","4":"has-post-thumbnail","6":"product_cat-motoreducteurs","7":"product_cat-motoreducteurs-merkle-korff","8":"product_cat-motoriduttori-merkle-korff-albero-o-95-mm","9":"product_tag-cadel","10":"product_tag-edilkamin","11":"product_tag-evacalor","12":"product_tag-ferlux","13":"product_tag-freepoint","14":"product_tag-mcz","15":"product_tag-nordica-extraflam","16":"product_tag-red","17":"product_tag-tsp","18":"product_shipping_class-classe-di-spedizione-02","20":"first","21":"instock","22":"shipping-taxable","23":"purchasable","24":"product-type-simple"},"yoast_head":"<!-- This site is optimized with the Yoast SEO plugin v27.5 - https:\/\/yoast.com\/product\/yoast-seo-wordpress\/ -->\n<title>Motor\u00e9ducteur\u00a0Merkle&amp;Korff 3.5 rpm arbre \u00f8 9.5 S10421<\/title>\n<meta name=\"description\" content=\"Motor\u00e9ducteur\u00a0Merkle&amp;Korff 3.5 rpm arbre \u00f8 9.5 S10421-Motor\u00e9ducteur Merkle&amp;Korff pour vis de po\u00eale \u00e0 granul\u00e9s m\u00e2ts 9.5-Motor\u00e9ducteur Merkle&amp;Korff\" \/>\n<meta name=\"robots\" content=\"index, follow, max-snippet:-1, max-image-preview:large, max-video-preview:-1\" \/>\n<link rel=\"canonical\" href=\"https:\/\/amrtop.net\/ro\/produs\/merkle-korff-35-rpm-motor-cu-angrenaj-cod-s10421-arbore-o-95-mm-foi-laminate-24-mm\/\" \/>\n<meta property=\"og:locale\" content=\"ro_RO\" \/>\n<meta property=\"og:type\" content=\"article\" \/>\n<meta property=\"og:title\" content=\"Motor\u00e9ducteur\u00a0Merkle&amp;Korff 3.5 rpm arbre \u00f8 9.5 S10421\" \/>\n<meta property=\"og:description\" content=\"Motor\u00e9ducteur\u00a0Merkle&amp;Korff 3.5 rpm arbre \u00f8 9.5 S10421-Motor\u00e9ducteur Merkle&amp;Korff pour vis de po\u00eale \u00e0 granul\u00e9s m\u00e2ts 9.5-Motor\u00e9ducteur Merkle&amp;Korff\" \/>\n<meta property=\"og:url\" content=\"https:\/\/amrtop.net\/ro\/produs\/merkle-korff-35-rpm-motor-cu-angrenaj-cod-s10421-arbore-o-95-mm-foi-laminate-24-mm\/\" \/>\n<meta property=\"og:site_name\" content=\"AMRTOP B2B \u00c9tranger - Achats r\u00e9serv\u00e9s au professionnel\" \/>\n<meta property=\"article:modified_time\" content=\"2025-02-12T12:38:52+00:00\" \/>\n<meta property=\"og:image\" content=\"https:\/\/amrtop.net\/wp-content\/uploads\/2022\/07\/s10421.jpg\" \/>\n\t<meta property=\"og:image:width\" content=\"960\" \/>\n\t<meta property=\"og:image:height\" content=\"960\" \/>\n\t<meta property=\"og:image:type\" content=\"image\/jpeg\" \/>\n<meta name=\"twitter:card\" content=\"summary_large_image\" \/>\n<meta name=\"twitter:label1\" content=\"Timp estimat pentru citire\" \/>\n\t<meta name=\"twitter:data1\" content=\"1 minut\" \/>\n<script type=\"application\/ld+json\" class=\"yoast-schema-graph\">{\"@context\":\"https:\\\/\\\/schema.org\",\"@graph\":[{\"@type\":\"WebPage\",\"@id\":\"https:\\\/\\\/amrtop.net\\\/produit\\\/motoreducteur-merkle-korff-35-rpm-code-s10421-arbre-o-95-mm-toles-feuilletees-24-mm\\\/\",\"url\":\"https:\\\/\\\/amrtop.net\\\/produit\\\/motoreducteur-merkle-korff-35-rpm-code-s10421-arbre-o-95-mm-toles-feuilletees-24-mm\\\/\",\"name\":\"Motor\u00e9ducteur\u00a0Merkle&Korff 3.5 rpm arbre \u00f8 9.5 S10421\",\"isPartOf\":{\"@id\":\"https:\\\/\\\/amrtop.net\\\/#website\"},\"primaryImageOfPage\":{\"@id\":\"https:\\\/\\\/amrtop.net\\\/produit\\\/motoreducteur-merkle-korff-35-rpm-code-s10421-arbre-o-95-mm-toles-feuilletees-24-mm\\\/#primaryimage\"},\"image\":{\"@id\":\"https:\\\/\\\/amrtop.net\\\/produit\\\/motoreducteur-merkle-korff-35-rpm-code-s10421-arbre-o-95-mm-toles-feuilletees-24-mm\\\/#primaryimage\"},\"thumbnailUrl\":\"https:\\\/\\\/amrtop.net\\\/wp-content\\\/uploads\\\/2022\\\/07\\\/s10421.jpg\",\"datePublished\":\"2020-01-10T00:00:00+00:00\",\"dateModified\":\"2025-02-12T12:38:52+00:00\",\"description\":\"Motor\u00e9ducteur\u00a0Merkle&Korff 3.5 rpm arbre \u00f8 9.5 S10421-Motor\u00e9ducteur Merkle&Korff pour vis de po\u00eale \u00e0 granul\u00e9s m\u00e2ts 9.5-Motor\u00e9ducteur Merkle&Korff\",\"breadcrumb\":{\"@id\":\"https:\\\/\\\/amrtop.net\\\/produit\\\/motoreducteur-merkle-korff-35-rpm-code-s10421-arbre-o-95-mm-toles-feuilletees-24-mm\\\/#breadcrumb\"},\"inLanguage\":\"ro-RO\",\"potentialAction\":[{\"@type\":\"ReadAction\",\"target\":[\"https:\\\/\\\/amrtop.net\\\/produit\\\/motoreducteur-merkle-korff-35-rpm-code-s10421-arbre-o-95-mm-toles-feuilletees-24-mm\\\/\"]}]},{\"@type\":\"ImageObject\",\"inLanguage\":\"ro-RO\",\"@id\":\"https:\\\/\\\/amrtop.net\\\/produit\\\/motoreducteur-merkle-korff-35-rpm-code-s10421-arbre-o-95-mm-toles-feuilletees-24-mm\\\/#primaryimage\",\"url\":\"https:\\\/\\\/amrtop.net\\\/wp-content\\\/uploads\\\/2022\\\/07\\\/s10421.jpg\",\"contentUrl\":\"https:\\\/\\\/amrtop.net\\\/wp-content\\\/uploads\\\/2022\\\/07\\\/s10421.jpg\",\"width\":960,\"height\":960,\"caption\":\"Motoriduttore Merkle&Korff per coclea stufa a pellet albero \u00f8 9.5\"},{\"@type\":\"BreadcrumbList\",\"@id\":\"https:\\\/\\\/amrtop.net\\\/produit\\\/motoreducteur-merkle-korff-35-rpm-code-s10421-arbre-o-95-mm-toles-feuilletees-24-mm\\\/#breadcrumb\",\"itemListElement\":[{\"@type\":\"ListItem\",\"position\":1,\"name\":\"Home\",\"item\":\"https:\\\/\\\/amrtop.net\\\/\"},{\"@type\":\"ListItem\",\"position\":2,\"name\":\"Shop\",\"item\":\"https:\\\/\\\/amrtop.net\\\/negozio\\\/\"},{\"@type\":\"ListItem\",\"position\":3,\"name\":\"Motor\u00e9ducteur Merkle &amp; Korff 3,5 rpm Code S10421 &#8211; Arbre \u00f8 9,5 mm &#8211; T\u00f4les feuillet\u00e9es 24 mm\"}]},{\"@type\":\"WebSite\",\"@id\":\"https:\\\/\\\/amrtop.net\\\/#website\",\"url\":\"https:\\\/\\\/amrtop.net\\\/\",\"name\":\"AMRTOP B2B \u00c9tranger - Achats r\u00e9serv\u00e9s au professionnel\",\"description\":\"Pi\u00e8ces de rechange et accessoires pour po\u00eales et chaudi\u00e8res - eCommerce B2B pour Clients Professionnels\",\"potentialAction\":[{\"@type\":\"SearchAction\",\"target\":{\"@type\":\"EntryPoint\",\"urlTemplate\":\"https:\\\/\\\/amrtop.net\\\/?s={search_term_string}\"},\"query-input\":{\"@type\":\"PropertyValueSpecification\",\"valueRequired\":true,\"valueName\":\"search_term_string\"}}],\"inLanguage\":\"ro-RO\"}]}<\/script>\n<!-- \/ Yoast SEO plugin. -->","yoast_head_json":{"title":"Motoreductor Merkle&amp;Korff 3.5 rpm \u00f8 arbore 9.5 S10421","description":"Merkle&amp;Korff motor cu angrenaj 3.5 rpm arbore \u00f8 9.5 S10421-Merkle&amp;Korff motor cu angrenaj pentru soba pe pele\u021bi \u0219uruburi arbore \u00f8 9.5-Merkle&amp;Korff motor cu angrenaj","robots":{"index":"index","follow":"follow","max-snippet":"max-snippet:-1","max-image-preview":"max-image-preview:large","max-video-preview":"max-video-preview:-1"},"canonical":"https:\/\/amrtop.net\/ro\/produs\/merkle-korff-35-rpm-motor-cu-angrenaj-cod-s10421-arbore-o-95-mm-foi-laminate-24-mm\/","og_locale":"ro_RO","og_type":"article","og_title":"Motor\u00e9ducteur\u00a0Merkle&Korff 3.5 rpm arbre \u00f8 9.5 S10421","og_description":"Motor\u00e9ducteur\u00a0Merkle&Korff 3.5 rpm arbre \u00f8 9.5 S10421-Motor\u00e9ducteur Merkle&Korff pour vis de po\u00eale \u00e0 granul\u00e9s m\u00e2ts 9.5-Motor\u00e9ducteur Merkle&Korff","og_url":"https:\/\/amrtop.net\/ro\/produs\/merkle-korff-35-rpm-motor-cu-angrenaj-cod-s10421-arbore-o-95-mm-foi-laminate-24-mm\/","og_site_name":"AMRTOP B2B \u00c9tranger - Achats r\u00e9serv\u00e9s au professionnel","article_modified_time":"2025-02-12T12:38:52+00:00","og_image":[{"width":960,"height":960,"url":"https:\/\/amrtop.net\/wp-content\/uploads\/2022\/07\/s10421.jpg","type":"image\/jpeg"}],"twitter_card":"summary_large_image","twitter_misc":{"Timp estimat pentru citire":"1 minut"},"schema":{"@context":"https:\/\/schema.org","@graph":[{"@type":"WebPage","@id":"https:\/\/amrtop.net\/produit\/motoreducteur-merkle-korff-35-rpm-code-s10421-arbre-o-95-mm-toles-feuilletees-24-mm\/","url":"https:\/\/amrtop.net\/produit\/motoreducteur-merkle-korff-35-rpm-code-s10421-arbre-o-95-mm-toles-feuilletees-24-mm\/","name":"Motoreductor Merkle&amp;Korff 3.5 rpm \u00f8 arbore 9.5 S10421","isPartOf":{"@id":"https:\/\/amrtop.net\/#website"},"primaryImageOfPage":{"@id":"https:\/\/amrtop.net\/produit\/motoreducteur-merkle-korff-35-rpm-code-s10421-arbre-o-95-mm-toles-feuilletees-24-mm\/#primaryimage"},"image":{"@id":"https:\/\/amrtop.net\/produit\/motoreducteur-merkle-korff-35-rpm-code-s10421-arbre-o-95-mm-toles-feuilletees-24-mm\/#primaryimage"},"thumbnailUrl":"https:\/\/amrtop.net\/wp-content\/uploads\/2022\/07\/s10421.jpg","datePublished":"2020-01-10T00:00:00+00:00","dateModified":"2025-02-12T12:38:52+00:00","description":"Merkle&amp;Korff motor cu angrenaj 3.5 rpm arbore \u00f8 9.5 S10421-Merkle&amp;Korff motor cu angrenaj pentru soba pe pele\u021bi \u0219uruburi arbore \u00f8 9.5-Merkle&amp;Korff motor cu angrenaj","breadcrumb":{"@id":"https:\/\/amrtop.net\/produit\/motoreducteur-merkle-korff-35-rpm-code-s10421-arbre-o-95-mm-toles-feuilletees-24-mm\/#breadcrumb"},"inLanguage":"ro-RO","potentialAction":[{"@type":"ReadAction","target":["https:\/\/amrtop.net\/produit\/motoreducteur-merkle-korff-35-rpm-code-s10421-arbre-o-95-mm-toles-feuilletees-24-mm\/"]}]},{"@type":"ImageObject","inLanguage":"ro-RO","@id":"https:\/\/amrtop.net\/produit\/motoreducteur-merkle-korff-35-rpm-code-s10421-arbre-o-95-mm-toles-feuilletees-24-mm\/#primaryimage","url":"https:\/\/amrtop.net\/wp-content\/uploads\/2022\/07\/s10421.jpg","contentUrl":"https:\/\/amrtop.net\/wp-content\/uploads\/2022\/07\/s10421.jpg","width":960,"height":960,"caption":"Motoriduttore Merkle&Korff per coclea stufa a pellet albero \u00f8 9.5"},{"@type":"BreadcrumbList","@id":"https:\/\/amrtop.net\/produit\/motoreducteur-merkle-korff-35-rpm-code-s10421-arbre-o-95-mm-toles-feuilletees-24-mm\/#breadcrumb","itemListElement":[{"@type":"ListItem","position":1,"name":"Home","item":"https:\/\/amrtop.net\/"},{"@type":"ListItem","position":2,"name":"Shop","item":"https:\/\/amrtop.net\/negozio\/"},{"@type":"ListItem","position":3,"name":"Motor\u00e9ducteur Merkle &amp; Korff 3,5 rpm Code S10421 &#8211; Arbre \u00f8 9,5 mm &#8211; T\u00f4les feuillet\u00e9es 24 mm"}]},{"@type":"WebSite","@id":"https:\/\/amrtop.net\/#website","url":"https:\/\/amrtop.net\/","name":"AMRTOP B2B Abroad - Achizi\u021bii rezervate profesioni\u0219tilor","description":"Piese de schimb \u0219i accesorii pentru sobe \u0219i cazane - eCommerce B2B pentru clien\u021bi profesioni\u0219ti","potentialAction":[{"@type":"SearchAction","target":{"@type":"EntryPoint","urlTemplate":"https:\/\/amrtop.net\/?s={search_term_string}"},"query-input":{"@type":"PropertyValueSpecification","valueRequired":true,"valueName":"search_term_string"}}],"inLanguage":"ro-RO"}]}},"_links":{"self":[{"href":"https:\/\/amrtop.net\/ro\/wp-json\/wp\/v2\/product\/3657","targetHints":{"allow":["GET"]}}],"collection":[{"href":"https:\/\/amrtop.net\/ro\/wp-json\/wp\/v2\/product"}],"about":[{"href":"https:\/\/amrtop.net\/ro\/wp-json\/wp\/v2\/types\/product"}],"replies":[{"embeddable":true,"href":"https:\/\/amrtop.net\/ro\/wp-json\/wp\/v2\/comments?post=3657"}],"wp:featuredmedia":[{"embeddable":true,"href":"https:\/\/amrtop.net\/ro\/wp-json\/wp\/v2\/media\/34721"}],"wp:attachment":[{"href":"https:\/\/amrtop.net\/ro\/wp-json\/wp\/v2\/media?parent=3657"}],"wp:term":[{"taxonomy":"product_brand","embeddable":true,"href":"https:\/\/amrtop.net\/ro\/wp-json\/wp\/v2\/product_brand?post=3657"},{"taxonomy":"product_cat","embeddable":true,"href":"https:\/\/amrtop.net\/ro\/wp-json\/wp\/v2\/product_cat?post=3657"},{"taxonomy":"product_tag","embeddable":true,"href":"https:\/\/amrtop.net\/ro\/wp-json\/wp\/v2\/product_tag?post=3657"}],"curies":[{"name":"wp","href":"https:\/\/api.w.org\/{rel}","templated":true}]}}