{"id":3659,"date":"2020-01-10T00:00:00","date_gmt":"2020-01-10T00:00:00","guid":{"rendered":"https:\/\/amrtop.com\/B2B\/?post_type=product&#038;p=3659"},"modified":"2025-02-12T12:37:56","modified_gmt":"2025-02-12T12:37:56","slug":"motoreducteur-merkle-korff-11-rpm-code-mksf11-arbre-o-95-mm-toles-feuilletees-24-mm","status":"publish","type":"product","link":"https:\/\/amrtop.net\/ro\/produit\/motoreducteur-merkle-korff-11-rpm-code-mksf11-arbre-o-95-mm-toles-feuilletees-24-mm\/","title":{"rendered":"Motoreductor Merkle &amp; Korff 1,1 rpm Cod MKSF11 - Arbore \u00f8 9,5 mm - Foi laminate de 24 mm"},"content":{"rendered":"<hr \/>\n<h3>Motor\u00e9ducteur Merkle&amp;Korff 1.1 rpm arbre \u00f8 9.5<\/h3>\n<p>Merkle Korff Industries produce motoare cu angrenaje de curent alternativ de peste 100 de ani, inclusiv cele utilizate \u00een sobe \u0219i cazane pe pele\u021bi.<\/p>\n<p>Avec plus de 350000 pi\u00e8ces livr\u00e9es chaque ann\u00e9e sur le march\u00e9 europ\u00e9en du chauffage \u00e0 pellets, la marque am\u00e9ricaine couvre les besoins de la plupart des fabricants de ces articles, avec des produits optimis\u00e9s pour l\u2019application sp\u00e9cifique..<\/p>\n<p>Cercetarea \u0219i produc\u021bia Nidec\/Merkle Korff Industries, distribuit\u0103 de peste 35 de ani exclusiv \u00een Europa de Sud de c\u0103tre Autom, se concentreaz\u0103 pe acest aspect.<\/p>\n<p><strong>\u00a0<\/strong><\/p>\n<h3>Le motor\u00e9ducteur Merkle&amp;Korff 1.1 rpm arbre \u00f8 9.5<\/h3>\n<p>Designul special asigur\u0103 faptul c\u0103 unsoarea lubrifiant\u0103 r\u0103m\u00e2ne \u00eentotdeauna \u00een pozi\u021bia sa specific\u0103, \u00een contact str\u00e2ns cu din\u021bii angrenajului, garant\u00e2nd o durat\u0103 de via\u021b\u0103 lung\u0103 \u0219i f\u0103r\u0103 \u00eentre\u021binere.<\/p>\n<p>Aceste motoare asigur\u0103 o rota\u021bie dubl\u0103<\/p>\n<p><strong>\u00a0<\/strong><\/p>\n<h3>Utilisation du motor\u00e9ducteur Merkle&amp;Korff 1.1 rpm arbre \u00f8 9.5<\/h3>\n<p>Odat\u0103 ce ajunge \u00een partea superioar\u0103 a cohleei, peleta cade \u00een mod natural \u00eentr-un jgheab care o transport\u0103 \u00een arz\u0103tor.<\/p>\n<h3><strong>Aplica\u021bii tipice<\/strong><\/h3>\n<p>Aparate de vending - Ansambluri de ma\u0219ini de cafea - Ma\u0219ini de \u00eempachetat \u00een vid - Rotisoare - Gyros - Ma\u0219ini de ghea\u021b\u0103 - Display-uri rotative - Sobe pe pele\u021bi - Ma\u0219ini de etichetat - Actuatoare industriale.<\/p>\n<h3><strong>Interior<\/strong><\/h3>\n<p><a href=\"https:\/\/wekos.it\/\">Sobe, aragazuri \u0219i aragazuri pe lemne<\/a>\u00a0-\u00a0<a href=\"https:\/\/www.greenpuros.com\/\">\u0219eminee, sobe \u0219i cazane pe pele\u021bi.<\/a><\/p>\n<h3><strong>Gama Amrtop de piese de schimb \u0219i accesorii<\/strong><\/h3>\n<p><a href=\"https:\/\/amrtop.net\/ro\/categoria-de-produse\/piese-de-schimb-sobe-si-cazane-de-gatit-si-cazane-mixte-2\/bougies-dallumage-pour-poeles-et-chaudieres-a-pellets\/\">Bujii incandescente<\/a><\/p>\n<p><a href=\"https:\/\/amrtop.net\/ro\/categoria-de-produse\/piese-de-schimb-sobe-si-cazane-de-gatit-si-cazane-mixte-2\/electronique\/\">Electronic\u0103<\/a><\/p>\n<p><a href=\"https:\/\/amrtop.net\/ro\/categoria-de-produse\/piese-de-schimb-sobe-si-cazane-de-gatit-si-cazane-mixte-2\/extracteurs-de-fumee\/\">Extractoare de fum<\/a><\/p>\n<p><a href=\"https:\/\/amrtop.net\/ro\/categoria-de-produse\/piese-de-schimb-sobe-si-cazane-de-gatit-si-cazane-mixte-2\/gaines-cable-connecteurs\/\">Teci de cablu conector<\/a><\/p>\n<p><a href=\"https:\/\/amrtop.net\/ro\/categoria-de-produse\/piese-de-schimb-sobe-si-cazane-de-gatit-si-cazane-mixte-2\/joints-de-silicone\/\">Garnituri de silicon<\/a><\/p>\n<p><a href=\"https:\/\/amrtop.net\/ro\/categoria-de-produse\/piese-de-schimb-sobe-si-cazane-de-gatit-si-cazane-mixte-2\/motoreducteurs\/\">Motoare cu angrenaje<\/a><\/p>\n<p><a href=\"https:\/\/amrtop.net\/ro\/categoria-de-produse\/piese-de-schimb-sobe-si-cazane-de-gatit-si-cazane-mixte-2\/pressostats-et-transducteurs\/\">Presostate \u0219i traductoare de presiune<\/a><\/p>\n<p><a href=\"https:\/\/amrtop.net\/ro\/categoria-de-produse\/piese-de-schimb-sobe-si-cazane-de-gatit-si-cazane-mixte-2\/sondes-thermostats-manometres-thermometres\/\">Sonde termostate manometre termometre termometre<\/a><\/p>\n<p><a href=\"https:\/\/amrtop.net\/ro\/categoria-de-produse\/piese-de-schimb-sobe-si-cazane-de-gatit-si-cazane-mixte-2\/joints-detancheite\/\">Tricotaje de etan\u0219are<\/a><\/p>\n<p><a href=\"https:\/\/amrtop.net\/ro\/categoria-de-produse\/piese-de-schimb-sobe-si-cazane-de-gatit-si-cazane-mixte-2\/ventilateurs-centrifuges-pour-poeles-a-pellets\/\">Ventilatoare centrifuge<\/a><\/p>\n<p><a href=\"https:\/\/amrtop.net\/ro\/categoria-de-produse\/piese-de-schimb-sobe-si-cazane-de-gatit-si-cazane-mixte-2\/ventilateurs-tangentiels-flux-transversal\/\">Ventilatoare cu flux \u00eencruci\u0219at<\/a><\/p>\n<p><a href=\"https:\/\/amrtop.net\/ro\/categoria-de-produse\/piese-de-schimb-sobe-si-cazane-de-gatit-si-cazane-mixte-2\/adhesifs-et-produits-detancheite\/\">Adezivi \u0219i materiale de etan\u0219are<\/a><\/p>\n<p>&nbsp;<\/p>\n<h3><\/h3>\n<p>&nbsp;<\/p>","protected":false},"excerpt":{"rendered":"<hr \/>\n<h2><span style=\"color: #008000\">Disponibil la<\/span><\/h2>\n<hr \/>\n<h3>Motor cu reductor Merkle &amp; Korff 1,1 rpm<\/h3>\n<p>Code MKSF11<br \/>\nArbore \u00f8 9,5 mm<br \/>\nVitez\u0103: 1,1 rpm<br \/>\nFoi laminate: 24 mm<br \/>\nAplatizare: simplu<br \/>\nDirec\u021bia de rota\u021bie: \u00een sensul acelor de ceasornic<\/p>\n<h3>Compatibilitate<\/h3>\n<hr \/>\n<h3>Interschimbabil cu urm\u0103toarele modele de motoare cu ro\u021bi din\u021bate cu \u0219uruburi f\u0103r\u0103 sf\u00e2r\u0219it de \u00eenc\u0103rcare a pele\u021bilor :<\/h3>\n<p>Mellor : FB1309, FB1178, FB1334, FB1330<br \/>\nKenta : K9173007<br \/>\nMerkle &amp; Korff : MKSF13, S10412<\/p>\n<h3>Motor cu ro\u021bi din\u021bate cu \u0219urub instalat \u0219i compatibil cu urm\u0103toarele m\u0103rci \u0219i modele de sobe pe pele\u021bi:<\/h3>\n<p>Adler,Anselmo Cola,Bronpi,Cadel,Caminetti montegrappa,Clam,Cola,Deville,Enviro fire,Evacalor,Fm cale,Green Puros,Kalor<br \/>\nNordica Extraflam,Mcz,Olimpia splendid,Palazzetti,,Piazzetta,Puros,Royal,Sideros,Thermorossi,Vulcania<\/p>","protected":false},"featured_media":34712,"comment_status":"open","ping_status":"closed","template":"","meta":[],"product_brand":[],"product_cat":[861,868,869],"product_tag":[24,160,55,56,102,125,143,194,62,199,67,73,81,193,136,84,39,87,122,186,95,99],"class_list":{"0":"post-3659","1":"product","2":"type-product","3":"status-publish","4":"has-post-thumbnail","6":"product_cat-motoreducteurs","7":"product_cat-motoreducteurs-merkle-korff","8":"product_cat-motoriduttori-merkle-korff-albero-o-95-mm","9":"product_tag-adler","10":"product_tag-anselmo-cola","11":"product_tag-bronpi","12":"product_tag-cadel","13":"product_tag-caminetti-montegrappa","14":"product_tag-clam","15":"product_tag-cola","16":"product_tag-enviro-fire","17":"product_tag-evacalor","18":"product_tag-fm-cale","19":"product_tag-green-puros","20":"product_tag-kalor","21":"product_tag-mcz","22":"product_tag-nordica-extraflam","23":"product_tag-olimpia-splendid","24":"product_tag-palazzetti","25":"product_tag-piazzetta","26":"product_tag-puros","27":"product_tag-royal","28":"product_tag-sideros","29":"product_tag-thermorossi","30":"product_tag-vulcania","31":"product_shipping_class-classe-di-spedizione-02","33":"first","34":"instock","35":"shipping-taxable","36":"purchasable","37":"product-type-simple"},"yoast_head":"<!-- This site is optimized with the Yoast SEO plugin v27.4 - https:\/\/yoast.com\/product\/yoast-seo-wordpress\/ -->\n<title>Motor\u00e9ducteur Merkle&amp;Korff 1.1 rpm arbre \u00f8 9.5\u00a0<\/title>\n<meta name=\"description\" content=\"Motor\u00e9ducteur Merkle&amp;Korff 1.1 rpm arbre \u00f8 9.5\u00a0-Motor\u00e9ducteur Merkle&amp;Korff pour vis de po\u00eale \u00e0 granul\u00e9s m\u00e2ts 9.5-Motor\u00e9ducteur Merkle&amp;Korff pour po\u00eales\" \/>\n<meta name=\"robots\" content=\"index, follow, max-snippet:-1, max-image-preview:large, max-video-preview:-1\" \/>\n<link rel=\"canonical\" href=\"https:\/\/amrtop.net\/ro\/produs\/motoreducteur-merkle-korff-11-rpm-code-mksf11-arbre-o-95-mm-toles-feuilletees-24-mm\/\" \/>\n<meta property=\"og:locale\" content=\"ro_RO\" \/>\n<meta property=\"og:type\" content=\"article\" \/>\n<meta property=\"og:title\" content=\"Motor\u00e9ducteur Merkle&amp;Korff 1.1 rpm arbre \u00f8 9.5\u00a0\" \/>\n<meta property=\"og:description\" content=\"Motor\u00e9ducteur Merkle&amp;Korff 1.1 rpm arbre \u00f8 9.5\u00a0-Motor\u00e9ducteur Merkle&amp;Korff pour vis de po\u00eale \u00e0 granul\u00e9s m\u00e2ts 9.5-Motor\u00e9ducteur Merkle&amp;Korff pour po\u00eales\" \/>\n<meta property=\"og:url\" content=\"https:\/\/amrtop.net\/ro\/produs\/motoreducteur-merkle-korff-11-rpm-code-mksf11-arbre-o-95-mm-toles-feuilletees-24-mm\/\" \/>\n<meta property=\"og:site_name\" content=\"AMRTOP B2B \u00c9tranger - Achats r\u00e9serv\u00e9s au professionnel\" \/>\n<meta property=\"article:modified_time\" content=\"2025-02-12T12:37:56+00:00\" \/>\n<meta property=\"og:image\" content=\"https:\/\/amrtop.net\/wp-content\/uploads\/2022\/07\/mksf11.jpg\" \/>\n\t<meta property=\"og:image:width\" content=\"960\" \/>\n\t<meta property=\"og:image:height\" content=\"960\" \/>\n\t<meta property=\"og:image:type\" content=\"image\/jpeg\" \/>\n<meta name=\"twitter:card\" content=\"summary_large_image\" \/>\n<meta name=\"twitter:label1\" content=\"Timp estimat pentru citire\" \/>\n\t<meta name=\"twitter:data1\" content=\"1 minut\" \/>\n<script type=\"application\/ld+json\" class=\"yoast-schema-graph\">{\"@context\":\"https:\\\/\\\/schema.org\",\"@graph\":[{\"@type\":\"WebPage\",\"@id\":\"https:\\\/\\\/amrtop.net\\\/produit\\\/motoreducteur-merkle-korff-11-rpm-code-mksf11-arbre-o-95-mm-toles-feuilletees-24-mm\\\/\",\"url\":\"https:\\\/\\\/amrtop.net\\\/produit\\\/motoreducteur-merkle-korff-11-rpm-code-mksf11-arbre-o-95-mm-toles-feuilletees-24-mm\\\/\",\"name\":\"Motor\u00e9ducteur Merkle&Korff 1.1 rpm arbre \u00f8 9.5\u00a0\",\"isPartOf\":{\"@id\":\"https:\\\/\\\/amrtop.net\\\/#website\"},\"primaryImageOfPage\":{\"@id\":\"https:\\\/\\\/amrtop.net\\\/produit\\\/motoreducteur-merkle-korff-11-rpm-code-mksf11-arbre-o-95-mm-toles-feuilletees-24-mm\\\/#primaryimage\"},\"image\":{\"@id\":\"https:\\\/\\\/amrtop.net\\\/produit\\\/motoreducteur-merkle-korff-11-rpm-code-mksf11-arbre-o-95-mm-toles-feuilletees-24-mm\\\/#primaryimage\"},\"thumbnailUrl\":\"https:\\\/\\\/amrtop.net\\\/wp-content\\\/uploads\\\/2022\\\/07\\\/mksf11.jpg\",\"datePublished\":\"2020-01-10T00:00:00+00:00\",\"dateModified\":\"2025-02-12T12:37:56+00:00\",\"description\":\"Motor\u00e9ducteur Merkle&Korff 1.1 rpm arbre \u00f8 9.5\u00a0-Motor\u00e9ducteur Merkle&Korff pour vis de po\u00eale \u00e0 granul\u00e9s m\u00e2ts 9.5-Motor\u00e9ducteur Merkle&Korff pour po\u00eales\",\"breadcrumb\":{\"@id\":\"https:\\\/\\\/amrtop.net\\\/produit\\\/motoreducteur-merkle-korff-11-rpm-code-mksf11-arbre-o-95-mm-toles-feuilletees-24-mm\\\/#breadcrumb\"},\"inLanguage\":\"ro-RO\",\"potentialAction\":[{\"@type\":\"ReadAction\",\"target\":[\"https:\\\/\\\/amrtop.net\\\/produit\\\/motoreducteur-merkle-korff-11-rpm-code-mksf11-arbre-o-95-mm-toles-feuilletees-24-mm\\\/\"]}]},{\"@type\":\"ImageObject\",\"inLanguage\":\"ro-RO\",\"@id\":\"https:\\\/\\\/amrtop.net\\\/produit\\\/motoreducteur-merkle-korff-11-rpm-code-mksf11-arbre-o-95-mm-toles-feuilletees-24-mm\\\/#primaryimage\",\"url\":\"https:\\\/\\\/amrtop.net\\\/wp-content\\\/uploads\\\/2022\\\/07\\\/mksf11.jpg\",\"contentUrl\":\"https:\\\/\\\/amrtop.net\\\/wp-content\\\/uploads\\\/2022\\\/07\\\/mksf11.jpg\",\"width\":960,\"height\":960,\"caption\":\"Motoriduttore Merkle&Korff per coclea stufa a pellet albero \u00f8 9.5\"},{\"@type\":\"BreadcrumbList\",\"@id\":\"https:\\\/\\\/amrtop.net\\\/produit\\\/motoreducteur-merkle-korff-11-rpm-code-mksf11-arbre-o-95-mm-toles-feuilletees-24-mm\\\/#breadcrumb\",\"itemListElement\":[{\"@type\":\"ListItem\",\"position\":1,\"name\":\"Home\",\"item\":\"https:\\\/\\\/amrtop.net\\\/\"},{\"@type\":\"ListItem\",\"position\":2,\"name\":\"Shop\",\"item\":\"https:\\\/\\\/amrtop.net\\\/negozio\\\/\"},{\"@type\":\"ListItem\",\"position\":3,\"name\":\"Motor\u00e9ducteur Merkle &amp; Korff 1,1 rpm Code MKSF11 \u2013 Arbre \u00f8 9,5 mm \u2013 T\u00f4les feuillet\u00e9es 24 mm\"}]},{\"@type\":\"WebSite\",\"@id\":\"https:\\\/\\\/amrtop.net\\\/#website\",\"url\":\"https:\\\/\\\/amrtop.net\\\/\",\"name\":\"AMRTOP B2B \u00c9tranger - Achats r\u00e9serv\u00e9s au professionnel\",\"description\":\"Pi\u00e8ces de rechange et accessoires pour po\u00eales et chaudi\u00e8res - eCommerce B2B pour Clients Professionnels\",\"potentialAction\":[{\"@type\":\"SearchAction\",\"target\":{\"@type\":\"EntryPoint\",\"urlTemplate\":\"https:\\\/\\\/amrtop.net\\\/?s={search_term_string}\"},\"query-input\":{\"@type\":\"PropertyValueSpecification\",\"valueRequired\":true,\"valueName\":\"search_term_string\"}}],\"inLanguage\":\"ro-RO\"}]}<\/script>\n<!-- \/ Yoast SEO plugin. -->","yoast_head_json":{"title":"Motor\u00e9ducteur Merkle&Korff 1.1 rpm arbre \u00f8 9.5\u00a0","description":"Motor\u00e9ducteur Merkle&Korff 1.1 rpm arbre \u00f8 9.5\u00a0-Motor\u00e9ducteur Merkle&Korff pour vis de po\u00eale \u00e0 granul\u00e9s m\u00e2ts 9.5-Motor\u00e9ducteur Merkle&Korff pour po\u00eales","robots":{"index":"index","follow":"follow","max-snippet":"max-snippet:-1","max-image-preview":"max-image-preview:large","max-video-preview":"max-video-preview:-1"},"canonical":"https:\/\/amrtop.net\/ro\/produs\/motoreducteur-merkle-korff-11-rpm-code-mksf11-arbre-o-95-mm-toles-feuilletees-24-mm\/","og_locale":"ro_RO","og_type":"article","og_title":"Motor\u00e9ducteur Merkle&Korff 1.1 rpm arbre \u00f8 9.5\u00a0","og_description":"Motor\u00e9ducteur Merkle&Korff 1.1 rpm arbre \u00f8 9.5\u00a0-Motor\u00e9ducteur Merkle&Korff pour vis de po\u00eale \u00e0 granul\u00e9s m\u00e2ts 9.5-Motor\u00e9ducteur Merkle&Korff pour po\u00eales","og_url":"https:\/\/amrtop.net\/ro\/produs\/motoreducteur-merkle-korff-11-rpm-code-mksf11-arbre-o-95-mm-toles-feuilletees-24-mm\/","og_site_name":"AMRTOP B2B \u00c9tranger - Achats r\u00e9serv\u00e9s au professionnel","article_modified_time":"2025-02-12T12:37:56+00:00","og_image":[{"width":960,"height":960,"url":"https:\/\/amrtop.net\/wp-content\/uploads\/2022\/07\/mksf11.jpg","type":"image\/jpeg"}],"twitter_card":"summary_large_image","twitter_misc":{"Timp estimat pentru citire":"1 minut"},"schema":{"@context":"https:\/\/schema.org","@graph":[{"@type":"WebPage","@id":"https:\/\/amrtop.net\/produit\/motoreducteur-merkle-korff-11-rpm-code-mksf11-arbre-o-95-mm-toles-feuilletees-24-mm\/","url":"https:\/\/amrtop.net\/produit\/motoreducteur-merkle-korff-11-rpm-code-mksf11-arbre-o-95-mm-toles-feuilletees-24-mm\/","name":"Motor\u00e9ducteur Merkle&Korff 1.1 rpm arbre \u00f8 9.5\u00a0","isPartOf":{"@id":"https:\/\/amrtop.net\/#website"},"primaryImageOfPage":{"@id":"https:\/\/amrtop.net\/produit\/motoreducteur-merkle-korff-11-rpm-code-mksf11-arbre-o-95-mm-toles-feuilletees-24-mm\/#primaryimage"},"image":{"@id":"https:\/\/amrtop.net\/produit\/motoreducteur-merkle-korff-11-rpm-code-mksf11-arbre-o-95-mm-toles-feuilletees-24-mm\/#primaryimage"},"thumbnailUrl":"https:\/\/amrtop.net\/wp-content\/uploads\/2022\/07\/mksf11.jpg","datePublished":"2020-01-10T00:00:00+00:00","dateModified":"2025-02-12T12:37:56+00:00","description":"Motor\u00e9ducteur Merkle&Korff 1.1 rpm arbre \u00f8 9.5\u00a0-Motor\u00e9ducteur Merkle&Korff pour vis de po\u00eale \u00e0 granul\u00e9s m\u00e2ts 9.5-Motor\u00e9ducteur Merkle&Korff pour po\u00eales","breadcrumb":{"@id":"https:\/\/amrtop.net\/produit\/motoreducteur-merkle-korff-11-rpm-code-mksf11-arbre-o-95-mm-toles-feuilletees-24-mm\/#breadcrumb"},"inLanguage":"ro-RO","potentialAction":[{"@type":"ReadAction","target":["https:\/\/amrtop.net\/produit\/motoreducteur-merkle-korff-11-rpm-code-mksf11-arbre-o-95-mm-toles-feuilletees-24-mm\/"]}]},{"@type":"ImageObject","inLanguage":"ro-RO","@id":"https:\/\/amrtop.net\/produit\/motoreducteur-merkle-korff-11-rpm-code-mksf11-arbre-o-95-mm-toles-feuilletees-24-mm\/#primaryimage","url":"https:\/\/amrtop.net\/wp-content\/uploads\/2022\/07\/mksf11.jpg","contentUrl":"https:\/\/amrtop.net\/wp-content\/uploads\/2022\/07\/mksf11.jpg","width":960,"height":960,"caption":"Motoriduttore Merkle&Korff per coclea stufa a pellet albero \u00f8 9.5"},{"@type":"BreadcrumbList","@id":"https:\/\/amrtop.net\/produit\/motoreducteur-merkle-korff-11-rpm-code-mksf11-arbre-o-95-mm-toles-feuilletees-24-mm\/#breadcrumb","itemListElement":[{"@type":"ListItem","position":1,"name":"Home","item":"https:\/\/amrtop.net\/"},{"@type":"ListItem","position":2,"name":"Shop","item":"https:\/\/amrtop.net\/negozio\/"},{"@type":"ListItem","position":3,"name":"Motor\u00e9ducteur Merkle &amp; Korff 1,1 rpm Code MKSF11 \u2013 Arbre \u00f8 9,5 mm \u2013 T\u00f4les feuillet\u00e9es 24 mm"}]},{"@type":"WebSite","@id":"https:\/\/amrtop.net\/#website","url":"https:\/\/amrtop.net\/","name":"AMRTOP B2B Abroad - Achizi\u021bii rezervate profesioni\u0219tilor","description":"Piese de schimb \u0219i accesorii pentru sobe \u0219i cazane - eCommerce B2B pentru clien\u021bi profesioni\u0219ti","potentialAction":[{"@type":"SearchAction","target":{"@type":"EntryPoint","urlTemplate":"https:\/\/amrtop.net\/?s={search_term_string}"},"query-input":{"@type":"PropertyValueSpecification","valueRequired":true,"valueName":"search_term_string"}}],"inLanguage":"ro-RO"}]}},"_links":{"self":[{"href":"https:\/\/amrtop.net\/ro\/wp-json\/wp\/v2\/product\/3659","targetHints":{"allow":["GET"]}}],"collection":[{"href":"https:\/\/amrtop.net\/ro\/wp-json\/wp\/v2\/product"}],"about":[{"href":"https:\/\/amrtop.net\/ro\/wp-json\/wp\/v2\/types\/product"}],"replies":[{"embeddable":true,"href":"https:\/\/amrtop.net\/ro\/wp-json\/wp\/v2\/comments?post=3659"}],"wp:featuredmedia":[{"embeddable":true,"href":"https:\/\/amrtop.net\/ro\/wp-json\/wp\/v2\/media\/34712"}],"wp:attachment":[{"href":"https:\/\/amrtop.net\/ro\/wp-json\/wp\/v2\/media?parent=3659"}],"wp:term":[{"taxonomy":"product_brand","embeddable":true,"href":"https:\/\/amrtop.net\/ro\/wp-json\/wp\/v2\/product_brand?post=3659"},{"taxonomy":"product_cat","embeddable":true,"href":"https:\/\/amrtop.net\/ro\/wp-json\/wp\/v2\/product_cat?post=3659"},{"taxonomy":"product_tag","embeddable":true,"href":"https:\/\/amrtop.net\/ro\/wp-json\/wp\/v2\/product_tag?post=3659"}],"curies":[{"name":"wp","href":"https:\/\/api.w.org\/{rel}","templated":true}]}}