{"id":36622,"date":"2023-01-05T08:55:35","date_gmt":"2023-01-05T08:55:35","guid":{"rendered":"https:\/\/amrtop.com\/B2B\/?post_type=product&#038;p=36622"},"modified":"2023-06-07T10:06:58","modified_gmt":"2023-06-07T10:06:58","slug":"thermostat-avec-ampoule-caem-pour-poeles-royal","status":"publish","type":"product","link":"https:\/\/amrtop.net\/ro\/produit\/thermostat-avec-ampoule-caem-pour-poeles-royal\/","title":{"rendered":"Termostato Caem cu bulbo a riarmo manuale 180\u00b0 Caem pentru stufe Royal codice LP3977"},"content":{"rendered":"<hr \/>\n<h3>Thermostat avec ampoule Caem pour po\u00eales Royal<\/h3>\n<p>Amrtop comercializeaz\u0103 aceste componente de la o companie cu o experien\u021b\u0103 de 100 de ani \u00een sectorul de control al temperaturii.<\/p>\n<p>O tradi\u021bie bine stabilit\u0103 care dateaz\u0103 de la sf\u00e2r\u0219itul anilor 1960 (1966), c\u00e2nd CAEM era deja specializat\u0103 \u00een crearea de elemente de detec\u021bie pentru termostatele cu bulb \u0219i capilare (diastate) pentru cuptoarele pe gaz, \u0219i care a fost dezvoltat\u0103 din 1970 \u00een fabricile Almese (\u00een provincia Torino) cu termostate electrice, prin inovare continu\u0103 \u0219i cercetare tehnologic\u0103 \u00eentotdeauna legat\u0103 de siguran\u021ba echipamentelor analogice.<\/p>\n<p>Punctul forte al unei componente care \u00eembrac\u0103 toate fa\u021betele necesare pentru a satisface o pia\u021b\u0103 complex\u0103, de la versiuni de termostate cu becuri \u0219i capilare din cupru, o\u021bel inoxidabil, izolate, presetupe de cabluri de diferite tipuri, termostate pentru \u00eenc\u0103lzire, termostate de siguran\u021b\u0103 unipolare, bipolare sau tripolare, termostate de control \u0219i alte termostate, const\u0103 tocmai \u00een fiabilitatea sa de neclintit, care se preteaz\u0103, de asemenea, prin versatilitatea sa, la aplica\u021bii mai specifice.<\/p>\n<h3>Utilisation du thermostat avec ampoule Caem pour po\u00eales Royal<\/h3>\n<p>Cum func\u021bioneaz\u0103 termostatul cu bec de cupru<\/p>\n<p>Termostatul de resetare este un dispozitiv mecanic de siguran\u021b\u0103 care ac\u021bioneaz\u0103 ca un \u00eentrerup\u0103tor, citind temperatura cazanului prin intermediul becului, care este introdus \u00een mod normal \u00een pu\u021bul special. Dac\u0103 temperatura detectat\u0103 este mai mic\u0103 dec\u00e2t valoarea la care este calibrat termostatul, contactul r\u0103m\u00e2ne \u00eenchis, permi\u021b\u00e2nd trecerea curentului \u0219i func\u021bionarea corect\u0103 a cazanului. Dac\u0103 temperatura dep\u0103\u0219e\u0219te valoarea setat\u0103 \u00een termostat, contactul se deschide trimi\u021b\u00e2nd o eroare, apoi oprind cazanul \u0219i trebuie restabilit manual prin de\u0219urubarea dopului negru corespunz\u0103tor \u0219i f\u0103c\u00e2nd clic pe butonul de mai jos.<\/p>\n<p>Presenti in apparecchi tipo \u2013\u00a0Stufa a pellet \u2013 Caldaia a pellet \u2013 Bruciatore a pellet \u2013 Pellet BBQ\/grill Caldaia a biomassa \u2013 Bruciatore a biomassa \u2013 E tanti altri bruciatori<\/p>\n<h3>Interior<\/h3>\n<p><a href=\"https:\/\/wekos.it\/\">Sobe, aragazuri \u0219i aragazuri pe lemne\u00a0<\/a>-\u00a0<a href=\"https:\/\/www.greenpuros.com\/\">\u0219eminee, sobe \u0219i cazane pe pele\u021bi.<\/a><\/p>\n<h3>Gama Amrtop de piese de schimb \u0219i accesorii<\/h3>\n<p><a href=\"https:\/\/amrtop.net\/ro\/categoria-de-produse\/piese-de-schimb-sobe-si-cazane-de-gatit-si-cazane-mixte-2\/bougies-dallumage-pour-poeles-et-chaudieres-a-pellets\/\">Bujii incandescente<\/a><\/p>\n<p><a href=\"https:\/\/amrtop.net\/ro\/categoria-de-produse\/piese-de-schimb-sobe-si-cazane-de-gatit-si-cazane-mixte-2\/electronique\/\">Electronic\u0103<\/a><\/p>\n<p><a href=\"https:\/\/amrtop.net\/ro\/categoria-de-produse\/piese-de-schimb-sobe-si-cazane-de-gatit-si-cazane-mixte-2\/extracteurs-de-fumee\/\">Extractoare de fum<\/a><\/p>\n<p><a href=\"https:\/\/amrtop.net\/ro\/categoria-de-produse\/piese-de-schimb-sobe-si-cazane-de-gatit-si-cazane-mixte-2\/gaines-cable-connecteurs\/\">Teci de cablu conector<\/a><\/p>\n<p><a href=\"https:\/\/amrtop.net\/ro\/categoria-de-produse\/piese-de-schimb-sobe-si-cazane-de-gatit-si-cazane-mixte-2\/joints-de-silicone\/\">Garnituri de silicon<\/a><\/p>\n<p><a href=\"https:\/\/amrtop.net\/ro\/categoria-de-produse\/piese-de-schimb-sobe-si-cazane-de-gatit-si-cazane-mixte-2\/motoreducteurs\/\">Motoare cu angrenaje<\/a><\/p>\n<p><a href=\"https:\/\/amrtop.net\/ro\/categoria-de-produse\/piese-de-schimb-sobe-si-cazane-de-gatit-si-cazane-mixte-2\/pressostats-et-transducteurs\/\">Presostate \u0219i traductoare de presiune<\/a><\/p>\n<p><a href=\"https:\/\/amrtop.net\/ro\/categoria-de-produse\/piese-de-schimb-sobe-si-cazane-de-gatit-si-cazane-mixte-2\/sondes-thermostats-manometres-thermometres\/\">Sonde termostate manometre termometre termometre<\/a><\/p>\n<p><a href=\"https:\/\/amrtop.net\/ro\/categoria-de-produse\/piese-de-schimb-sobe-si-cazane-de-gatit-si-cazane-mixte-2\/joints-detancheite\/\">Tricotaje de etan\u0219are<\/a><\/p>\n<p><a href=\"https:\/\/amrtop.net\/ro\/categoria-de-produse\/piese-de-schimb-sobe-si-cazane-de-gatit-si-cazane-mixte-2\/ventilateurs-centrifuges-pour-poeles-a-pellets\/\">Ventilatoare centrifuge<\/a><\/p>\n<p><a href=\"https:\/\/amrtop.net\/ro\/categoria-de-produse\/piese-de-schimb-sobe-si-cazane-de-gatit-si-cazane-mixte-2\/ventilateurs-tangentiels-flux-transversal\/\">Ventilatoare cu flux \u00eencruci\u0219at<\/a><\/p>\n<p><a href=\"https:\/\/amrtop.net\/ro\/categoria-de-produse\/piese-de-schimb-sobe-si-cazane-de-gatit-si-cazane-mixte-2\/adhesifs-et-produits-detancheite\/\">Adezivi \u0219i materiale de etan\u0219are<\/a><\/p>\n<p>&nbsp;<\/p>\n<p>&nbsp;<\/p>\n<p>&nbsp;<\/p>\n<p>&nbsp;<\/p>","protected":false},"excerpt":{"rendered":"<hr \/>\n<h2><span style=\"color: #008000\">Disponibil la<\/span><\/h2>\n<hr \/>\n<p>Code LP3977<\/p>\n<p>Termostat de siguran\u021b\u0103 Caem<\/p>\n<p>Resetare: manual\u0103<br \/>\nTemperatura: Fix 80\u00b0C<br \/>\nCapillare: rivestito in PVC nero L.900 mm<br \/>\nAmpoule\u00a0: cuivre diam\u00e8tre 6 X 80 mm<br \/>\nENEC: 16 (5) A - 250 Volt<br \/>\nCSA: 16A -250V<\/p>","protected":false},"featured_media":36606,"comment_status":"open","ping_status":"closed","template":"","meta":[],"product_brand":[],"product_cat":[1339,1342],"product_tag":[],"class_list":{"0":"post-36622","1":"product","2":"type-product","3":"status-publish","4":"has-post-thumbnail","6":"product_cat-sondes-thermostats-manometres-thermometres-pour-poeles-et-chaudieres","7":"product_cat-thermostats-et-manometres-pour-poeles-et-chaudieres-a-pellets","8":"product_shipping_class-classe-di-spedizione-01","10":"first","11":"instock","12":"shipping-taxable","13":"purchasable","14":"product-type-simple"},"yoast_head":"<!-- This site is optimized with the Yoast SEO plugin v27.4 - https:\/\/yoast.com\/product\/yoast-seo-wordpress\/ -->\n<title>Thermostat avec ampoule Caem pour po\u00eales Royal<\/title>\n<meta name=\"description\" content=\"Thermostat avec ampoule Caem pour po\u00eales Royal - Thermostat et manom\u00e8tre pour po\u00eale et chaudi\u00e8re \u00e0 pellets - D\u00e9tecteur de pression avec r\u00e9armement manuel ou automatique pour po\u00eale et chaudi\u00e8re \u00e0 pellets - Thermostat \u00e0 r\u00e9armement manuel ou automatique pour po\u00eale et chaudi\u00e8re \u00e0 pellets - Relais avec r\u00e9armement manuel ou automatique pour po\u00eale et chaudi\u00e8re \u00e0 pellets - R\u00e9gulateur de temp\u00e9rature avec r\u00e9armement manuel ou automatique pour po\u00eale et chaudi\u00e8res \u00e0 pellets -\" \/>\n<meta name=\"robots\" content=\"index, follow, max-snippet:-1, max-image-preview:large, max-video-preview:-1\" \/>\n<link rel=\"canonical\" href=\"https:\/\/amrtop.net\/ro\/produs\/thermostat-avec-ampoule-caem-pour-poeles-royal\/\" \/>\n<meta property=\"og:locale\" content=\"ro_RO\" \/>\n<meta property=\"og:type\" content=\"article\" \/>\n<meta property=\"og:title\" content=\"Thermostat avec ampoule Caem pour po\u00eales Royal\" \/>\n<meta property=\"og:description\" content=\"Thermostat avec ampoule Caem pour po\u00eales Royal - Thermostat et manom\u00e8tre pour po\u00eale et chaudi\u00e8re \u00e0 pellets - D\u00e9tecteur de pression avec r\u00e9armement manuel ou automatique pour po\u00eale et chaudi\u00e8re \u00e0 pellets - Thermostat \u00e0 r\u00e9armement manuel ou automatique pour po\u00eale et chaudi\u00e8re \u00e0 pellets - Relais avec r\u00e9armement manuel ou automatique pour po\u00eale et chaudi\u00e8re \u00e0 pellets - R\u00e9gulateur de temp\u00e9rature avec r\u00e9armement manuel ou automatique pour po\u00eale et chaudi\u00e8res \u00e0 pellets -\" \/>\n<meta property=\"og:url\" content=\"https:\/\/amrtop.net\/ro\/produs\/thermostat-avec-ampoule-caem-pour-poeles-royal\/\" \/>\n<meta property=\"og:site_name\" content=\"AMRTOP B2B \u00c9tranger - Achats r\u00e9serv\u00e9s au professionnel\" \/>\n<meta property=\"article:modified_time\" content=\"2023-06-07T10:06:58+00:00\" \/>\n<meta property=\"og:image\" content=\"https:\/\/amrtop.net\/wp-content\/uploads\/2023\/01\/LP3977.jpg\" \/>\n\t<meta property=\"og:image:width\" content=\"960\" \/>\n\t<meta property=\"og:image:height\" content=\"960\" \/>\n\t<meta property=\"og:image:type\" content=\"image\/jpeg\" \/>\n<meta name=\"twitter:card\" content=\"summary_large_image\" \/>\n<meta name=\"twitter:label1\" content=\"Timp estimat pentru citire\" \/>\n\t<meta name=\"twitter:data1\" content=\"2 minute\" \/>\n<script type=\"application\/ld+json\" class=\"yoast-schema-graph\">{\"@context\":\"https:\\\/\\\/schema.org\",\"@graph\":[{\"@type\":\"WebPage\",\"@id\":\"https:\\\/\\\/amrtop.net\\\/produit\\\/thermostat-avec-ampoule-caem-pour-poeles-royal\\\/\",\"url\":\"https:\\\/\\\/amrtop.net\\\/produit\\\/thermostat-avec-ampoule-caem-pour-poeles-royal\\\/\",\"name\":\"Thermostat avec ampoule Caem pour po\u00eales Royal\",\"isPartOf\":{\"@id\":\"https:\\\/\\\/amrtop.net\\\/#website\"},\"primaryImageOfPage\":{\"@id\":\"https:\\\/\\\/amrtop.net\\\/produit\\\/thermostat-avec-ampoule-caem-pour-poeles-royal\\\/#primaryimage\"},\"image\":{\"@id\":\"https:\\\/\\\/amrtop.net\\\/produit\\\/thermostat-avec-ampoule-caem-pour-poeles-royal\\\/#primaryimage\"},\"thumbnailUrl\":\"https:\\\/\\\/amrtop.net\\\/wp-content\\\/uploads\\\/2023\\\/01\\\/LP3977.jpg\",\"datePublished\":\"2023-01-05T08:55:35+00:00\",\"dateModified\":\"2023-06-07T10:06:58+00:00\",\"description\":\"Thermostat avec ampoule Caem pour po\u00eales Royal - Thermostat et manom\u00e8tre pour po\u00eale et chaudi\u00e8re \u00e0 pellets - D\u00e9tecteur de pression avec r\u00e9armement manuel ou automatique pour po\u00eale et chaudi\u00e8re \u00e0 pellets - Thermostat \u00e0 r\u00e9armement manuel ou automatique pour po\u00eale et chaudi\u00e8re \u00e0 pellets - Relais avec r\u00e9armement manuel ou automatique pour po\u00eale et chaudi\u00e8re \u00e0 pellets - R\u00e9gulateur de temp\u00e9rature avec r\u00e9armement manuel ou automatique pour po\u00eale et chaudi\u00e8res \u00e0 pellets -\",\"breadcrumb\":{\"@id\":\"https:\\\/\\\/amrtop.net\\\/produit\\\/thermostat-avec-ampoule-caem-pour-poeles-royal\\\/#breadcrumb\"},\"inLanguage\":\"ro-RO\",\"potentialAction\":[{\"@type\":\"ReadAction\",\"target\":[\"https:\\\/\\\/amrtop.net\\\/produit\\\/thermostat-avec-ampoule-caem-pour-poeles-royal\\\/\"]}]},{\"@type\":\"ImageObject\",\"inLanguage\":\"ro-RO\",\"@id\":\"https:\\\/\\\/amrtop.net\\\/produit\\\/thermostat-avec-ampoule-caem-pour-poeles-royal\\\/#primaryimage\",\"url\":\"https:\\\/\\\/amrtop.net\\\/wp-content\\\/uploads\\\/2023\\\/01\\\/LP3977.jpg\",\"contentUrl\":\"https:\\\/\\\/amrtop.net\\\/wp-content\\\/uploads\\\/2023\\\/01\\\/LP3977.jpg\",\"width\":960,\"height\":960,\"caption\":\"Thermostat avec ampoule Caem pour po\u00eales Royal - Thermostat et manom\u00e8tre pour po\u00eale et chaudi\u00e8re \u00e0 pellets - D\u00e9tecteur de pression avec r\u00e9armement manuel ou automatique pour po\u00eale et chaudi\u00e8re \u00e0 pellets - Thermostat \u00e0 r\u00e9armement manuel ou automatique pour po\u00eale et chaudi\u00e8re \u00e0 pellets - Relais avec r\u00e9armement manuel ou automatique pour po\u00eale et chaudi\u00e8re \u00e0 pellets - R\u00e9gulateur de temp\u00e9rature avec r\u00e9armement manuel ou automatique pour po\u00eale et chaudi\u00e8res \u00e0 pellets -\"},{\"@type\":\"BreadcrumbList\",\"@id\":\"https:\\\/\\\/amrtop.net\\\/produit\\\/thermostat-avec-ampoule-caem-pour-poeles-royal\\\/#breadcrumb\",\"itemListElement\":[{\"@type\":\"ListItem\",\"position\":1,\"name\":\"Home\",\"item\":\"https:\\\/\\\/amrtop.net\\\/\"},{\"@type\":\"ListItem\",\"position\":2,\"name\":\"Shop\",\"item\":\"https:\\\/\\\/amrtop.net\\\/negozio\\\/\"},{\"@type\":\"ListItem\",\"position\":3,\"name\":\"Termostato Caem con bulbo a riarmo manuale 180\u00b0 Caem per stufe Royal codice LP3977\"}]},{\"@type\":\"WebSite\",\"@id\":\"https:\\\/\\\/amrtop.net\\\/#website\",\"url\":\"https:\\\/\\\/amrtop.net\\\/\",\"name\":\"AMRTOP B2B \u00c9tranger - Achats r\u00e9serv\u00e9s au professionnel\",\"description\":\"Pi\u00e8ces de rechange et accessoires pour po\u00eales et chaudi\u00e8res - eCommerce B2B pour Clients Professionnels\",\"potentialAction\":[{\"@type\":\"SearchAction\",\"target\":{\"@type\":\"EntryPoint\",\"urlTemplate\":\"https:\\\/\\\/amrtop.net\\\/?s={search_term_string}\"},\"query-input\":{\"@type\":\"PropertyValueSpecification\",\"valueRequired\":true,\"valueName\":\"search_term_string\"}}],\"inLanguage\":\"ro-RO\"}]}<\/script>\n<!-- \/ Yoast SEO plugin. -->","yoast_head_json":{"title":"Thermostat avec ampoule Caem pour po\u00eales Royal","description":"Termostat cu bec Caem pentru sobe Royal - Termostat \u0219i manometru pentru sobe \u0219i cazane pe pele\u021bi - Detector de presiune cu resetare manual\u0103 sau automat\u0103 pentru sobe \u0219i cazane pe pele\u021bi - Termostat cu resetare manual\u0103 sau automat\u0103 pentru sobe \u0219i cazane pe pele\u021bi - Releu cu resetare manual\u0103 sau automat\u0103 pentru sobe \u0219i cazane pe pele\u021bi - Regulator de temperatur\u0103 cu resetare manual\u0103 sau automat\u0103 pentru sobe \u0219i cazane pe pele\u021bi","robots":{"index":"index","follow":"follow","max-snippet":"max-snippet:-1","max-image-preview":"max-image-preview:large","max-video-preview":"max-video-preview:-1"},"canonical":"https:\/\/amrtop.net\/ro\/produs\/thermostat-avec-ampoule-caem-pour-poeles-royal\/","og_locale":"ro_RO","og_type":"article","og_title":"Thermostat avec ampoule Caem pour po\u00eales Royal","og_description":"Thermostat avec ampoule Caem pour po\u00eales Royal - Thermostat et manom\u00e8tre pour po\u00eale et chaudi\u00e8re \u00e0 pellets - D\u00e9tecteur de pression avec r\u00e9armement manuel ou automatique pour po\u00eale et chaudi\u00e8re \u00e0 pellets - Thermostat \u00e0 r\u00e9armement manuel ou automatique pour po\u00eale et chaudi\u00e8re \u00e0 pellets - Relais avec r\u00e9armement manuel ou automatique pour po\u00eale et chaudi\u00e8re \u00e0 pellets - R\u00e9gulateur de temp\u00e9rature avec r\u00e9armement manuel ou automatique pour po\u00eale et chaudi\u00e8res \u00e0 pellets -","og_url":"https:\/\/amrtop.net\/ro\/produs\/thermostat-avec-ampoule-caem-pour-poeles-royal\/","og_site_name":"AMRTOP B2B \u00c9tranger - Achats r\u00e9serv\u00e9s au professionnel","article_modified_time":"2023-06-07T10:06:58+00:00","og_image":[{"width":960,"height":960,"url":"https:\/\/amrtop.net\/wp-content\/uploads\/2023\/01\/LP3977.jpg","type":"image\/jpeg"}],"twitter_card":"summary_large_image","twitter_misc":{"Timp estimat pentru citire":"2 minute"},"schema":{"@context":"https:\/\/schema.org","@graph":[{"@type":"WebPage","@id":"https:\/\/amrtop.net\/produit\/thermostat-avec-ampoule-caem-pour-poeles-royal\/","url":"https:\/\/amrtop.net\/produit\/thermostat-avec-ampoule-caem-pour-poeles-royal\/","name":"Thermostat avec ampoule Caem pour po\u00eales Royal","isPartOf":{"@id":"https:\/\/amrtop.net\/#website"},"primaryImageOfPage":{"@id":"https:\/\/amrtop.net\/produit\/thermostat-avec-ampoule-caem-pour-poeles-royal\/#primaryimage"},"image":{"@id":"https:\/\/amrtop.net\/produit\/thermostat-avec-ampoule-caem-pour-poeles-royal\/#primaryimage"},"thumbnailUrl":"https:\/\/amrtop.net\/wp-content\/uploads\/2023\/01\/LP3977.jpg","datePublished":"2023-01-05T08:55:35+00:00","dateModified":"2023-06-07T10:06:58+00:00","description":"Termostat cu bec Caem pentru sobe Royal - Termostat \u0219i manometru pentru sobe \u0219i cazane pe pele\u021bi - Detector de presiune cu resetare manual\u0103 sau automat\u0103 pentru sobe \u0219i cazane pe pele\u021bi - Termostat cu resetare manual\u0103 sau automat\u0103 pentru sobe \u0219i cazane pe pele\u021bi - Releu cu resetare manual\u0103 sau automat\u0103 pentru sobe \u0219i cazane pe pele\u021bi - Regulator de temperatur\u0103 cu resetare manual\u0103 sau automat\u0103 pentru sobe \u0219i cazane pe pele\u021bi","breadcrumb":{"@id":"https:\/\/amrtop.net\/produit\/thermostat-avec-ampoule-caem-pour-poeles-royal\/#breadcrumb"},"inLanguage":"ro-RO","potentialAction":[{"@type":"ReadAction","target":["https:\/\/amrtop.net\/produit\/thermostat-avec-ampoule-caem-pour-poeles-royal\/"]}]},{"@type":"ImageObject","inLanguage":"ro-RO","@id":"https:\/\/amrtop.net\/produit\/thermostat-avec-ampoule-caem-pour-poeles-royal\/#primaryimage","url":"https:\/\/amrtop.net\/wp-content\/uploads\/2023\/01\/LP3977.jpg","contentUrl":"https:\/\/amrtop.net\/wp-content\/uploads\/2023\/01\/LP3977.jpg","width":960,"height":960,"caption":"Thermostat avec ampoule Caem pour po\u00eales Royal - Thermostat et manom\u00e8tre pour po\u00eale et chaudi\u00e8re \u00e0 pellets - D\u00e9tecteur de pression avec r\u00e9armement manuel ou automatique pour po\u00eale et chaudi\u00e8re \u00e0 pellets - Thermostat \u00e0 r\u00e9armement manuel ou automatique pour po\u00eale et chaudi\u00e8re \u00e0 pellets - Relais avec r\u00e9armement manuel ou automatique pour po\u00eale et chaudi\u00e8re \u00e0 pellets - R\u00e9gulateur de temp\u00e9rature avec r\u00e9armement manuel ou automatique pour po\u00eale et chaudi\u00e8res \u00e0 pellets -"},{"@type":"BreadcrumbList","@id":"https:\/\/amrtop.net\/produit\/thermostat-avec-ampoule-caem-pour-poeles-royal\/#breadcrumb","itemListElement":[{"@type":"ListItem","position":1,"name":"Home","item":"https:\/\/amrtop.net\/"},{"@type":"ListItem","position":2,"name":"Shop","item":"https:\/\/amrtop.net\/negozio\/"},{"@type":"ListItem","position":3,"name":"Termostato Caem con bulbo a riarmo manuale 180\u00b0 Caem per stufe Royal codice LP3977"}]},{"@type":"WebSite","@id":"https:\/\/amrtop.net\/#website","url":"https:\/\/amrtop.net\/","name":"AMRTOP B2B Abroad - Achizi\u021bii rezervate profesioni\u0219tilor","description":"Piese de schimb \u0219i accesorii pentru sobe \u0219i cazane - eCommerce B2B pentru clien\u021bi profesioni\u0219ti","potentialAction":[{"@type":"SearchAction","target":{"@type":"EntryPoint","urlTemplate":"https:\/\/amrtop.net\/?s={search_term_string}"},"query-input":{"@type":"PropertyValueSpecification","valueRequired":true,"valueName":"search_term_string"}}],"inLanguage":"ro-RO"}]}},"_links":{"self":[{"href":"https:\/\/amrtop.net\/ro\/wp-json\/wp\/v2\/product\/36622","targetHints":{"allow":["GET"]}}],"collection":[{"href":"https:\/\/amrtop.net\/ro\/wp-json\/wp\/v2\/product"}],"about":[{"href":"https:\/\/amrtop.net\/ro\/wp-json\/wp\/v2\/types\/product"}],"replies":[{"embeddable":true,"href":"https:\/\/amrtop.net\/ro\/wp-json\/wp\/v2\/comments?post=36622"}],"wp:featuredmedia":[{"embeddable":true,"href":"https:\/\/amrtop.net\/ro\/wp-json\/wp\/v2\/media\/36606"}],"wp:attachment":[{"href":"https:\/\/amrtop.net\/ro\/wp-json\/wp\/v2\/media?parent=36622"}],"wp:term":[{"taxonomy":"product_brand","embeddable":true,"href":"https:\/\/amrtop.net\/ro\/wp-json\/wp\/v2\/product_brand?post=36622"},{"taxonomy":"product_cat","embeddable":true,"href":"https:\/\/amrtop.net\/ro\/wp-json\/wp\/v2\/product_cat?post=36622"},{"taxonomy":"product_tag","embeddable":true,"href":"https:\/\/amrtop.net\/ro\/wp-json\/wp\/v2\/product_tag?post=36622"}],"curies":[{"name":"wp","href":"https:\/\/api.w.org\/{rel}","templated":true}]}}