{"id":36624,"date":"2023-01-05T08:55:35","date_gmt":"2023-01-05T08:55:35","guid":{"rendered":"https:\/\/amrtop.com\/B2B\/?post_type=product&#038;p=36624"},"modified":"2023-06-07T12:00:47","modified_gmt":"2023-06-07T12:00:47","slug":"thermostat-caem-avec-ampoule-cuivre-pour-poeles-palazzetti-2","status":"publish","type":"product","link":"https:\/\/amrtop.net\/ro\/produit\/thermostat-caem-avec-ampoule-cuivre-pour-poeles-palazzetti-2\/","title":{"rendered":"Termostat Caem cu reset manual bec 98\u00b0 pentru sobe Palazzetti cod LP4397B"},"content":{"rendered":"<h3>Thermostat Caem avec ampoule cuivre pour po\u00eales Palazzetti<\/h3>\n<p>Amrtop comercializeaz\u0103 aceste componente de la o companie cu o experien\u021b\u0103 de 100 de ani \u00een sectorul de control al temperaturii.<\/p>\n<p>Une tradition bien \u00e9tablie qui remonte \u00e0 la fin des ann\u00e9es 60 (1966), p\u00e9riode o\u00f9 CAEM \u00e9tait d\u00e9j\u00e0 sp\u00e9cialis\u00e9e dans la cr\u00e9ation d\u2019\u00e9l\u00e9ments sensibles pour thermostats \u00e0 bulbe et capillaire (Diastats) destin\u00e9s aux fours de cuisson au gaz,.<\/p>\n<p>Et qui s\u2019est d\u00e9velopp\u00e9e depuis 1970 dans les usines d\u2019Almese (province de Turin) avec des thermostats \u00e9lectriques, \u00e0 travers une innovation continue et une recherche technologique toujours li\u00e9e \u00e0 la s\u00e9curit\u00e9 des \u00e9quipements analogiques.<\/p>\n<h3>Utilisation du Thermostat avec ampoule en cuivre pour po\u00eales Palazzetti<\/h3>\n<p>Cum func\u021bioneaz\u0103 termostatul cu bec de cupru<\/p>\n<p>Termostatul de resetare este un dispozitiv mecanic de siguran\u021b\u0103 care func\u021bioneaz\u0103 ca un \u00eentrerup\u0103tor, citind temperatura cazanului prin intermediul becului, care este introdus \u00een mod normal \u00een pu\u021bul special.<\/p>\n<p>Se g\u0103se\u0219te \u00een aparatele tipice - Soba pe pele\u021bi - Cazan pe pele\u021bi - Arz\u0103tor pe pele\u021bi - Gr\u0103tar\/barbeque pe pele\u021bi Cazan pe biomas\u0103 - Arz\u0103tor pe biomas\u0103 - \u0218i multe alte arz\u0103toare<\/p>\n<h3>Interior<\/h3>\n<p><a href=\"https:\/\/wekos.it\/\">Sobe, aragazuri \u0219i aragazuri pe lemne<\/a>\u00a0-\u00a0<a href=\"https:\/\/www.greenpuros.com\/\">\u0219eminee, sobe \u0219i cazane pe pele\u021bi.<\/a><\/p>\n<h3>Gama Amrtop de piese de schimb \u0219i accesorii<\/h3>\n<p><a href=\"https:\/\/amrtop.net\/ro\/categoria-de-produse\/piese-de-schimb-sobe-si-cazane-de-gatit-si-cazane-mixte-2\/bougies-dallumage-pour-poeles-et-chaudieres-a-pellets\/\">Bujii incandescente<\/a><\/p>\n<p><a href=\"https:\/\/amrtop.net\/ro\/categoria-de-produse\/piese-de-schimb-sobe-si-cazane-de-gatit-si-cazane-mixte-2\/electronique\/\">Electronic\u0103<\/a><\/p>\n<p><a href=\"https:\/\/amrtop.net\/ro\/categoria-de-produse\/piese-de-schimb-sobe-si-cazane-de-gatit-si-cazane-mixte-2\/extracteurs-de-fumee\/\">Extractoare de fum<\/a><\/p>\n<p><a href=\"https:\/\/amrtop.net\/ro\/categoria-de-produse\/piese-de-schimb-sobe-si-cazane-de-gatit-si-cazane-mixte-2\/gaines-cable-connecteurs\/\">Teci de cablu conector<\/a><\/p>\n<p><a href=\"https:\/\/amrtop.net\/ro\/categoria-de-produse\/piese-de-schimb-sobe-si-cazane-de-gatit-si-cazane-mixte-2\/joints-de-silicone\/\">Garnituri de silicon<\/a><\/p>\n<p><a href=\"https:\/\/amrtop.net\/ro\/categoria-de-produse\/piese-de-schimb-sobe-si-cazane-de-gatit-si-cazane-mixte-2\/motoreducteurs\/\">Motoare cu angrenaje<\/a><\/p>\n<p><a href=\"https:\/\/amrtop.net\/ro\/categoria-de-produse\/piese-de-schimb-sobe-si-cazane-de-gatit-si-cazane-mixte-2\/pressostats-et-transducteurs\/\">Presostate \u0219i traductoare de presiune<\/a><\/p>\n<p><a href=\"https:\/\/amrtop.net\/ro\/categoria-de-produse\/piese-de-schimb-sobe-si-cazane-de-gatit-si-cazane-mixte-2\/sondes-thermostats-manometres-thermometres\/\">Sonde termostate manometre termometre termometre<\/a><\/p>\n<p><a href=\"https:\/\/amrtop.net\/ro\/categoria-de-produse\/piese-de-schimb-sobe-si-cazane-de-gatit-si-cazane-mixte-2\/joints-detancheite\/\">Tricotaje de etan\u0219are<\/a><\/p>\n<p><a href=\"https:\/\/amrtop.net\/ro\/categoria-de-produse\/piese-de-schimb-sobe-si-cazane-de-gatit-si-cazane-mixte-2\/ventilateurs-centrifuges-pour-poeles-a-pellets\/\">Ventilatoare centrifuge<\/a><\/p>\n<p><a href=\"https:\/\/amrtop.net\/ro\/categoria-de-produse\/piese-de-schimb-sobe-si-cazane-de-gatit-si-cazane-mixte-2\/ventilateurs-tangentiels-flux-transversal\/\">Ventilatoare cu flux \u00eencruci\u0219at<\/a><\/p>\n<p><a href=\"https:\/\/amrtop.net\/ro\/categoria-de-produse\/piese-de-schimb-sobe-si-cazane-de-gatit-si-cazane-mixte-2\/adhesifs-et-produits-detancheite\/\">Adezivi \u0219i materiale de etan\u0219are<\/a><\/p>\n<p>&nbsp;<\/p>\n<p>&nbsp;<\/p>\n<p>&nbsp;<\/p>\n<p>&nbsp;<\/p>\n<p>&nbsp;<\/p>\n<p>&nbsp;<\/p>","protected":false},"excerpt":{"rendered":"<hr \/>\n<h2><span style=\"color: #008000\">Disponibil la<\/span><\/h2>\n<hr \/>\n<p>Code LP4397B<\/p>\n<p>Termostat de siguran\u021b\u0103 Caem<\/p>\n<p>R\u00e9armement\u00a0: Manuel<br \/>\nTemperatura: Fix 98\u00b0C<br \/>\nCapilar: cupru L.900 mm<br \/>\nAmpoule\u00a0: cuivre diam\u00e8tre 6 X 80 mm<br \/>\nENEC: 16 (5) A - 250 Volt<br \/>\nCSA: 16A -250V<\/p>","protected":false},"featured_media":36612,"comment_status":"open","ping_status":"closed","template":"","meta":[],"product_brand":[],"product_cat":[1339,1342],"product_tag":[],"class_list":{"0":"post-36624","1":"product","2":"type-product","3":"status-publish","4":"has-post-thumbnail","6":"product_cat-sondes-thermostats-manometres-thermometres-pour-poeles-et-chaudieres","7":"product_cat-thermostats-et-manometres-pour-poeles-et-chaudieres-a-pellets","8":"product_shipping_class-classe-di-spedizione-01","10":"first","11":"instock","12":"shipping-taxable","13":"purchasable","14":"product-type-simple"},"yoast_head":"<!-- This site is optimized with the Yoast SEO plugin v27.4 - https:\/\/yoast.com\/product\/yoast-seo-wordpress\/ -->\n<title>Thermostat Caem avec ampoule cuivre pour po\u00eales Palazzetti<\/title>\n<meta name=\"description\" content=\"Thermostat Caem avec ampoule cuivre pour po\u00eales Palazzetti - Thermostat et manom\u00e8tre pour po\u00eale et chaudi\u00e8re \u00e0 pellets - D\u00e9tecteur de pression avec r\u00e9armement manuel ou automatique pour po\u00eale et chaudi\u00e8re \u00e0 pellets - Thermostat \u00e0 r\u00e9armement manuel ou automatique pour po\u00eale et chaudi\u00e8re \u00e0 pellets - Relais avec r\u00e9armement manuel ou automatique pour po\u00eale et chaudi\u00e8re \u00e0 pellets - R\u00e9gulateur de temp\u00e9rature avec r\u00e9armement manuel ou automatique pour po\u00eale et chaudi\u00e8res \u00e0 pellets -\" \/>\n<meta name=\"robots\" content=\"index, follow, max-snippet:-1, max-image-preview:large, max-video-preview:-1\" \/>\n<link rel=\"canonical\" href=\"https:\/\/amrtop.net\/ro\/produs\/thermostat-caem-avec-ampoule-cuivre-pour-poeles-palazzetti-2\/\" \/>\n<meta property=\"og:locale\" content=\"ro_RO\" \/>\n<meta property=\"og:type\" content=\"article\" \/>\n<meta property=\"og:title\" content=\"Thermostat Caem avec ampoule cuivre pour po\u00eales Palazzetti\" \/>\n<meta property=\"og:description\" content=\"Thermostat Caem avec ampoule cuivre pour po\u00eales Palazzetti - Thermostat et manom\u00e8tre pour po\u00eale et chaudi\u00e8re \u00e0 pellets - D\u00e9tecteur de pression avec r\u00e9armement manuel ou automatique pour po\u00eale et chaudi\u00e8re \u00e0 pellets - Thermostat \u00e0 r\u00e9armement manuel ou automatique pour po\u00eale et chaudi\u00e8re \u00e0 pellets - Relais avec r\u00e9armement manuel ou automatique pour po\u00eale et chaudi\u00e8re \u00e0 pellets - R\u00e9gulateur de temp\u00e9rature avec r\u00e9armement manuel ou automatique pour po\u00eale et chaudi\u00e8res \u00e0 pellets -\" \/>\n<meta property=\"og:url\" content=\"https:\/\/amrtop.net\/ro\/produs\/thermostat-caem-avec-ampoule-cuivre-pour-poeles-palazzetti-2\/\" \/>\n<meta property=\"og:site_name\" content=\"AMRTOP B2B \u00c9tranger - Achats r\u00e9serv\u00e9s au professionnel\" \/>\n<meta property=\"article:modified_time\" content=\"2023-06-07T12:00:47+00:00\" \/>\n<meta property=\"og:image\" content=\"https:\/\/amrtop.net\/wp-content\/uploads\/2023\/01\/LP4397B.jpg\" \/>\n\t<meta property=\"og:image:width\" content=\"960\" \/>\n\t<meta property=\"og:image:height\" content=\"960\" \/>\n\t<meta property=\"og:image:type\" content=\"image\/jpeg\" \/>\n<meta name=\"twitter:card\" content=\"summary_large_image\" \/>\n<meta name=\"twitter:label1\" content=\"Timp estimat pentru citire\" \/>\n\t<meta name=\"twitter:data1\" content=\"1 minut\" \/>\n<script type=\"application\/ld+json\" class=\"yoast-schema-graph\">{\"@context\":\"https:\\\/\\\/schema.org\",\"@graph\":[{\"@type\":\"WebPage\",\"@id\":\"https:\\\/\\\/amrtop.net\\\/produit\\\/thermostat-caem-avec-ampoule-cuivre-pour-poeles-palazzetti-2\\\/\",\"url\":\"https:\\\/\\\/amrtop.net\\\/produit\\\/thermostat-caem-avec-ampoule-cuivre-pour-poeles-palazzetti-2\\\/\",\"name\":\"Thermostat Caem avec ampoule cuivre pour po\u00eales Palazzetti\",\"isPartOf\":{\"@id\":\"https:\\\/\\\/amrtop.net\\\/#website\"},\"primaryImageOfPage\":{\"@id\":\"https:\\\/\\\/amrtop.net\\\/produit\\\/thermostat-caem-avec-ampoule-cuivre-pour-poeles-palazzetti-2\\\/#primaryimage\"},\"image\":{\"@id\":\"https:\\\/\\\/amrtop.net\\\/produit\\\/thermostat-caem-avec-ampoule-cuivre-pour-poeles-palazzetti-2\\\/#primaryimage\"},\"thumbnailUrl\":\"https:\\\/\\\/amrtop.net\\\/wp-content\\\/uploads\\\/2023\\\/01\\\/LP4397B.jpg\",\"datePublished\":\"2023-01-05T08:55:35+00:00\",\"dateModified\":\"2023-06-07T12:00:47+00:00\",\"description\":\"Thermostat Caem avec ampoule cuivre pour po\u00eales Palazzetti - Thermostat et manom\u00e8tre pour po\u00eale et chaudi\u00e8re \u00e0 pellets - D\u00e9tecteur de pression avec r\u00e9armement manuel ou automatique pour po\u00eale et chaudi\u00e8re \u00e0 pellets - Thermostat \u00e0 r\u00e9armement manuel ou automatique pour po\u00eale et chaudi\u00e8re \u00e0 pellets - Relais avec r\u00e9armement manuel ou automatique pour po\u00eale et chaudi\u00e8re \u00e0 pellets - R\u00e9gulateur de temp\u00e9rature avec r\u00e9armement manuel ou automatique pour po\u00eale et chaudi\u00e8res \u00e0 pellets -\",\"breadcrumb\":{\"@id\":\"https:\\\/\\\/amrtop.net\\\/produit\\\/thermostat-caem-avec-ampoule-cuivre-pour-poeles-palazzetti-2\\\/#breadcrumb\"},\"inLanguage\":\"ro-RO\",\"potentialAction\":[{\"@type\":\"ReadAction\",\"target\":[\"https:\\\/\\\/amrtop.net\\\/produit\\\/thermostat-caem-avec-ampoule-cuivre-pour-poeles-palazzetti-2\\\/\"]}]},{\"@type\":\"ImageObject\",\"inLanguage\":\"ro-RO\",\"@id\":\"https:\\\/\\\/amrtop.net\\\/produit\\\/thermostat-caem-avec-ampoule-cuivre-pour-poeles-palazzetti-2\\\/#primaryimage\",\"url\":\"https:\\\/\\\/amrtop.net\\\/wp-content\\\/uploads\\\/2023\\\/01\\\/LP4397B.jpg\",\"contentUrl\":\"https:\\\/\\\/amrtop.net\\\/wp-content\\\/uploads\\\/2023\\\/01\\\/LP4397B.jpg\",\"width\":960,\"height\":960,\"caption\":\"Thermostat Caem avec ampoule cuivre pour po\u00eales Palazzetti - Thermostat et manom\u00e8tre pour po\u00eale et chaudi\u00e8re \u00e0 pellets - D\u00e9tecteur de pression avec r\u00e9armement manuel ou automatique pour po\u00eale et chaudi\u00e8re \u00e0 pellets - Thermostat \u00e0 r\u00e9armement manuel ou automatique pour po\u00eale et chaudi\u00e8re \u00e0 pellets - Relais avec r\u00e9armement manuel ou automatique pour po\u00eale et chaudi\u00e8re \u00e0 pellets - R\u00e9gulateur de temp\u00e9rature avec r\u00e9armement manuel ou automatique pour po\u00eale et chaudi\u00e8res \u00e0 pellets -\"},{\"@type\":\"BreadcrumbList\",\"@id\":\"https:\\\/\\\/amrtop.net\\\/produit\\\/thermostat-caem-avec-ampoule-cuivre-pour-poeles-palazzetti-2\\\/#breadcrumb\",\"itemListElement\":[{\"@type\":\"ListItem\",\"position\":1,\"name\":\"Home\",\"item\":\"https:\\\/\\\/amrtop.net\\\/\"},{\"@type\":\"ListItem\",\"position\":2,\"name\":\"Shop\",\"item\":\"https:\\\/\\\/amrtop.net\\\/negozio\\\/\"},{\"@type\":\"ListItem\",\"position\":3,\"name\":\"Thermostat Caem avec bulbe \u00e0 r\u00e9armement manuel 98\u00b0 Caem pour po\u00eales Palazzetti code LP4397B\"}]},{\"@type\":\"WebSite\",\"@id\":\"https:\\\/\\\/amrtop.net\\\/#website\",\"url\":\"https:\\\/\\\/amrtop.net\\\/\",\"name\":\"AMRTOP B2B \u00c9tranger - Achats r\u00e9serv\u00e9s au professionnel\",\"description\":\"Pi\u00e8ces de rechange et accessoires pour po\u00eales et chaudi\u00e8res - eCommerce B2B pour Clients Professionnels\",\"potentialAction\":[{\"@type\":\"SearchAction\",\"target\":{\"@type\":\"EntryPoint\",\"urlTemplate\":\"https:\\\/\\\/amrtop.net\\\/?s={search_term_string}\"},\"query-input\":{\"@type\":\"PropertyValueSpecification\",\"valueRequired\":true,\"valueName\":\"search_term_string\"}}],\"inLanguage\":\"ro-RO\"}]}<\/script>\n<!-- \/ Yoast SEO plugin. -->","yoast_head_json":{"title":"Thermostat Caem avec ampoule cuivre pour po\u00eales Palazzetti","description":"Termostat Caem cu bec de cupru pentru sobe Palazzetti - Termostat \u0219i manometru pentru sobe pe pele\u021bi \u0219i cazane - Detector de presiune cu resetare manual\u0103 sau automat\u0103 pentru sobe pe pele\u021bi \u0219i cazane - Termostat cu resetare manual\u0103 sau automat\u0103 pentru sobe pe pele\u021bi \u0219i cazane - Releu cu resetare manual\u0103 sau automat\u0103 pentru sobe pe pele\u021bi \u0219i cazane - Regulator de temperatur\u0103 cu resetare manual\u0103 sau automat\u0103 pentru sobe pe pele\u021bi \u0219i cazane -","robots":{"index":"index","follow":"follow","max-snippet":"max-snippet:-1","max-image-preview":"max-image-preview:large","max-video-preview":"max-video-preview:-1"},"canonical":"https:\/\/amrtop.net\/ro\/produs\/thermostat-caem-avec-ampoule-cuivre-pour-poeles-palazzetti-2\/","og_locale":"ro_RO","og_type":"article","og_title":"Thermostat Caem avec ampoule cuivre pour po\u00eales Palazzetti","og_description":"Thermostat Caem avec ampoule cuivre pour po\u00eales Palazzetti - Thermostat et manom\u00e8tre pour po\u00eale et chaudi\u00e8re \u00e0 pellets - D\u00e9tecteur de pression avec r\u00e9armement manuel ou automatique pour po\u00eale et chaudi\u00e8re \u00e0 pellets - Thermostat \u00e0 r\u00e9armement manuel ou automatique pour po\u00eale et chaudi\u00e8re \u00e0 pellets - Relais avec r\u00e9armement manuel ou automatique pour po\u00eale et chaudi\u00e8re \u00e0 pellets - R\u00e9gulateur de temp\u00e9rature avec r\u00e9armement manuel ou automatique pour po\u00eale et chaudi\u00e8res \u00e0 pellets -","og_url":"https:\/\/amrtop.net\/ro\/produs\/thermostat-caem-avec-ampoule-cuivre-pour-poeles-palazzetti-2\/","og_site_name":"AMRTOP B2B \u00c9tranger - Achats r\u00e9serv\u00e9s au professionnel","article_modified_time":"2023-06-07T12:00:47+00:00","og_image":[{"width":960,"height":960,"url":"https:\/\/amrtop.net\/wp-content\/uploads\/2023\/01\/LP4397B.jpg","type":"image\/jpeg"}],"twitter_card":"summary_large_image","twitter_misc":{"Timp estimat pentru citire":"1 minut"},"schema":{"@context":"https:\/\/schema.org","@graph":[{"@type":"WebPage","@id":"https:\/\/amrtop.net\/produit\/thermostat-caem-avec-ampoule-cuivre-pour-poeles-palazzetti-2\/","url":"https:\/\/amrtop.net\/produit\/thermostat-caem-avec-ampoule-cuivre-pour-poeles-palazzetti-2\/","name":"Thermostat Caem avec ampoule cuivre pour po\u00eales Palazzetti","isPartOf":{"@id":"https:\/\/amrtop.net\/#website"},"primaryImageOfPage":{"@id":"https:\/\/amrtop.net\/produit\/thermostat-caem-avec-ampoule-cuivre-pour-poeles-palazzetti-2\/#primaryimage"},"image":{"@id":"https:\/\/amrtop.net\/produit\/thermostat-caem-avec-ampoule-cuivre-pour-poeles-palazzetti-2\/#primaryimage"},"thumbnailUrl":"https:\/\/amrtop.net\/wp-content\/uploads\/2023\/01\/LP4397B.jpg","datePublished":"2023-01-05T08:55:35+00:00","dateModified":"2023-06-07T12:00:47+00:00","description":"Termostat Caem cu bec de cupru pentru sobe Palazzetti - Termostat \u0219i manometru pentru sobe pe pele\u021bi \u0219i cazane - Detector de presiune cu resetare manual\u0103 sau automat\u0103 pentru sobe pe pele\u021bi \u0219i cazane - Termostat cu resetare manual\u0103 sau automat\u0103 pentru sobe pe pele\u021bi \u0219i cazane - Releu cu resetare manual\u0103 sau automat\u0103 pentru sobe pe pele\u021bi \u0219i cazane - Regulator de temperatur\u0103 cu resetare manual\u0103 sau automat\u0103 pentru sobe pe pele\u021bi \u0219i cazane -","breadcrumb":{"@id":"https:\/\/amrtop.net\/produit\/thermostat-caem-avec-ampoule-cuivre-pour-poeles-palazzetti-2\/#breadcrumb"},"inLanguage":"ro-RO","potentialAction":[{"@type":"ReadAction","target":["https:\/\/amrtop.net\/produit\/thermostat-caem-avec-ampoule-cuivre-pour-poeles-palazzetti-2\/"]}]},{"@type":"ImageObject","inLanguage":"ro-RO","@id":"https:\/\/amrtop.net\/produit\/thermostat-caem-avec-ampoule-cuivre-pour-poeles-palazzetti-2\/#primaryimage","url":"https:\/\/amrtop.net\/wp-content\/uploads\/2023\/01\/LP4397B.jpg","contentUrl":"https:\/\/amrtop.net\/wp-content\/uploads\/2023\/01\/LP4397B.jpg","width":960,"height":960,"caption":"Thermostat Caem avec ampoule cuivre pour po\u00eales Palazzetti - Thermostat et manom\u00e8tre pour po\u00eale et chaudi\u00e8re \u00e0 pellets - D\u00e9tecteur de pression avec r\u00e9armement manuel ou automatique pour po\u00eale et chaudi\u00e8re \u00e0 pellets - Thermostat \u00e0 r\u00e9armement manuel ou automatique pour po\u00eale et chaudi\u00e8re \u00e0 pellets - Relais avec r\u00e9armement manuel ou automatique pour po\u00eale et chaudi\u00e8re \u00e0 pellets - R\u00e9gulateur de temp\u00e9rature avec r\u00e9armement manuel ou automatique pour po\u00eale et chaudi\u00e8res \u00e0 pellets -"},{"@type":"BreadcrumbList","@id":"https:\/\/amrtop.net\/produit\/thermostat-caem-avec-ampoule-cuivre-pour-poeles-palazzetti-2\/#breadcrumb","itemListElement":[{"@type":"ListItem","position":1,"name":"Home","item":"https:\/\/amrtop.net\/"},{"@type":"ListItem","position":2,"name":"Shop","item":"https:\/\/amrtop.net\/negozio\/"},{"@type":"ListItem","position":3,"name":"Thermostat Caem avec bulbe \u00e0 r\u00e9armement manuel 98\u00b0 Caem pour po\u00eales Palazzetti code LP4397B"}]},{"@type":"WebSite","@id":"https:\/\/amrtop.net\/#website","url":"https:\/\/amrtop.net\/","name":"AMRTOP B2B Abroad - Achizi\u021bii rezervate profesioni\u0219tilor","description":"Piese de schimb \u0219i accesorii pentru sobe \u0219i cazane - eCommerce B2B pentru clien\u021bi profesioni\u0219ti","potentialAction":[{"@type":"SearchAction","target":{"@type":"EntryPoint","urlTemplate":"https:\/\/amrtop.net\/?s={search_term_string}"},"query-input":{"@type":"PropertyValueSpecification","valueRequired":true,"valueName":"search_term_string"}}],"inLanguage":"ro-RO"}]}},"_links":{"self":[{"href":"https:\/\/amrtop.net\/ro\/wp-json\/wp\/v2\/product\/36624","targetHints":{"allow":["GET"]}}],"collection":[{"href":"https:\/\/amrtop.net\/ro\/wp-json\/wp\/v2\/product"}],"about":[{"href":"https:\/\/amrtop.net\/ro\/wp-json\/wp\/v2\/types\/product"}],"replies":[{"embeddable":true,"href":"https:\/\/amrtop.net\/ro\/wp-json\/wp\/v2\/comments?post=36624"}],"wp:featuredmedia":[{"embeddable":true,"href":"https:\/\/amrtop.net\/ro\/wp-json\/wp\/v2\/media\/36612"}],"wp:attachment":[{"href":"https:\/\/amrtop.net\/ro\/wp-json\/wp\/v2\/media?parent=36624"}],"wp:term":[{"taxonomy":"product_brand","embeddable":true,"href":"https:\/\/amrtop.net\/ro\/wp-json\/wp\/v2\/product_brand?post=36624"},{"taxonomy":"product_cat","embeddable":true,"href":"https:\/\/amrtop.net\/ro\/wp-json\/wp\/v2\/product_cat?post=36624"},{"taxonomy":"product_tag","embeddable":true,"href":"https:\/\/amrtop.net\/ro\/wp-json\/wp\/v2\/product_tag?post=36624"}],"curies":[{"name":"wp","href":"https:\/\/api.w.org\/{rel}","templated":true}]}}