{"id":3667,"date":"2020-01-10T00:00:00","date_gmt":"2020-01-10T00:00:00","guid":{"rendered":"https:\/\/amrtop.com\/B2B\/?post_type=product&#038;p=3667"},"modified":"2025-02-12T12:44:48","modified_gmt":"2025-02-12T12:44:48","slug":"motoreducteur-merkle-korff-11-rpm-avec-encodeur-code-mksf11e-albre-o-95-mm-toles-feuilletees-24-mm","status":"publish","type":"product","link":"https:\/\/amrtop.net\/ro\/produit\/motoreducteur-merkle-korff-11-rpm-avec-encodeur-code-mksf11e-albre-o-95-mm-toles-feuilletees-24-mm\/","title":{"rendered":"Merkle &amp; Korff motoreductor 1,1 rpm cu encoder Cod MKSF11E - Albre \u00f8 9,5 mm - 24 mm foi laminate"},"content":{"rendered":"<hr \/>\n<h3>Motor\u00e9ducteur Merkle&amp;Korff 1.1 rpm avec encodeur MKSF11E<\/h3>\n<p>Merkle Korff Industries produce motoare cu angrenaje de curent alternativ de peste 100 de ani, inclusiv cele utilizate \u00een sobe \u0219i cazane pe pele\u021bi.<\/p>\n<p>Cercetarea \u0219i produc\u021bia Nidec\/Merkle Korff Industries, distribuit\u0103 de peste 35 de ani exclusiv \u00een Europa de Sud de c\u0103tre Autom, se concentreaz\u0103 pe acest aspect.<\/p>\n<p><strong>Dimensiunea sobei<\/strong><\/p>\n<p>Noul motoreductor a fost complet reproiectat folosind unul dintre cele mai eficiente motoare f\u0103r\u0103 perii, construit deja \u00een zeci de milioane de exemplare de c\u0103tre Nidec Corporation.<\/p>\n<p>Designul special asigur\u0103 faptul c\u0103 unsoarea lubrifiant\u0103 r\u0103m\u00e2ne \u00eentotdeauna \u00een pozi\u021bia sa specific\u0103, \u00een contact str\u00e2ns cu din\u021bii angrenajului, garant\u00e2nd o durat\u0103 de via\u021b\u0103 lung\u0103 \u0219i f\u0103r\u0103 \u00eentre\u021binere.<\/p>\n<p>Aceste motoare asigur\u0103 o rota\u021bie dubl\u0103<\/p>\n<h3>Utilisation de motor\u00e9ducteur Merkle&amp;Korff 1.1 rpm avec encodeur MKSF11E<\/h3>\n<p>Le motor\u00e9ducteur Merkle &amp; Korff 1,1 rpm Arbre 9,5 mm aplatissement simple- Paquet lamellaire 24 mm vendus par Amrtop install\u00e9s sur les appareils \u00e0 pellets ont pour t\u00e2che<\/p>\n<p>Odat\u0103 ce ajunge \u00een partea superioar\u0103 a cohleei, peleta cade \u00een mod natural \u00eentr-un jgheab care o transport\u0103 \u00een arz\u0103tor.<\/p>\n<h3><strong>Aplica\u021bii tipice<\/strong><\/h3>\n<p>Aparate de vending - Ansambluri de ma\u0219ini de cafea - Ma\u0219ini de \u00eempachetat \u00een vid - Rotisoare - Gyros - Ma\u0219ini de ghea\u021b\u0103 - Display-uri rotative - Sobe pe pele\u021bi - Ma\u0219ini de etichetat - Actuatoare industriale.<\/p>\n<h3><strong>Interior<\/strong><\/h3>\n<p><a href=\"https:\/\/wekos.it\/\">Sobe, aragazuri \u0219i aragazuri pe lemne<\/a>\u00a0-\u00a0<a href=\"https:\/\/www.greenpuros.com\/\">\u0219eminee, sobe \u0219i cazane pe pele\u021bi.<\/a><\/p>\n<h3><strong>Gama Amrtop de piese de schimb \u0219i accesorii<\/strong><\/h3>\n<p><a href=\"https:\/\/amrtop.net\/ro\/categoria-de-produse\/piese-de-schimb-sobe-si-cazane-de-gatit-si-cazane-mixte-2\/bougies-dallumage-pour-poeles-et-chaudieres-a-pellets\/\">Bujii incandescente<\/a><\/p>\n<p><a href=\"https:\/\/amrtop.net\/ro\/categoria-de-produse\/piese-de-schimb-sobe-si-cazane-de-gatit-si-cazane-mixte-2\/electronique\/\">Electronic\u0103<\/a><\/p>\n<p><a href=\"https:\/\/amrtop.net\/ro\/categoria-de-produse\/piese-de-schimb-sobe-si-cazane-de-gatit-si-cazane-mixte-2\/extracteurs-de-fumee\/\">Extractoare de fum<\/a><\/p>\n<p><a href=\"https:\/\/amrtop.net\/ro\/categoria-de-produse\/piese-de-schimb-sobe-si-cazane-de-gatit-si-cazane-mixte-2\/gaines-cable-connecteurs\/\">Teci de cablu conector<\/a><\/p>\n<p><a href=\"https:\/\/amrtop.net\/ro\/categoria-de-produse\/piese-de-schimb-sobe-si-cazane-de-gatit-si-cazane-mixte-2\/joints-de-silicone\/\">Garnituri de silicon<\/a><\/p>\n<p><a href=\"https:\/\/amrtop.net\/ro\/categoria-de-produse\/piese-de-schimb-sobe-si-cazane-de-gatit-si-cazane-mixte-2\/motoreducteurs\/\">Motoare cu angrenaje<\/a><\/p>\n<p><a href=\"https:\/\/amrtop.net\/ro\/categoria-de-produse\/piese-de-schimb-sobe-si-cazane-de-gatit-si-cazane-mixte-2\/pressostats-et-transducteurs\/\">Presostate \u0219i traductoare de presiune<\/a><\/p>\n<p><a href=\"https:\/\/amrtop.net\/ro\/categoria-de-produse\/piese-de-schimb-sobe-si-cazane-de-gatit-si-cazane-mixte-2\/sondes-thermostats-manometres-thermometres\/\">Sonde termostate manometre termometre termometre<\/a><\/p>\n<p><a href=\"https:\/\/amrtop.net\/ro\/categoria-de-produse\/piese-de-schimb-sobe-si-cazane-de-gatit-si-cazane-mixte-2\/joints-detancheite\/\">Tricotaje de etan\u0219are<\/a><\/p>\n<p><a href=\"https:\/\/amrtop.net\/ro\/categoria-de-produse\/piese-de-schimb-sobe-si-cazane-de-gatit-si-cazane-mixte-2\/ventilateurs-centrifuges-pour-poeles-a-pellets\/\">Ventilatoare centrifuge<\/a><\/p>\n<p><a href=\"https:\/\/amrtop.net\/ro\/categoria-de-produse\/piese-de-schimb-sobe-si-cazane-de-gatit-si-cazane-mixte-2\/ventilateurs-tangentiels-flux-transversal\/\">Ventilatoare cu flux \u00eencruci\u0219at<\/a><\/p>\n<p><a href=\"https:\/\/amrtop.net\/ro\/categoria-de-produse\/piese-de-schimb-sobe-si-cazane-de-gatit-si-cazane-mixte-2\/adhesifs-et-produits-detancheite\/\">Adezivi \u0219i materiale de etan\u0219are<\/a><\/p>\n<p><strong>\u00a0<\/strong><\/p>","protected":false},"excerpt":{"rendered":"<hr \/>\n<h2><span style=\"color: #008000\">Disponibil la<\/span><\/h2>\n<hr \/>\n<div class=\"woocommerce-product-details__short-description\">\n<h3>Motor\u00e9ducteur Merkle &amp; Korff 1,1 rpm avec encoder<\/h3>\n<p>Code MKSF11E<br \/>\nArbore \u00f8 9,5 mm<br \/>\nVitez\u0103: 1,1 rpm<br \/>\nFoi laminate: 24 mm<br \/>\nAplatizare: simplu<br \/>\nDirec\u021bia de rota\u021bie: \u00een sensul acelor de ceasornic<\/p>\n<h3>Compatibilitate<\/h3>\n<hr \/>\n<h3>Interschimbabil cu urm\u0103toarele modele de motoare cu ro\u021bi din\u021bate cu \u0219uruburi f\u0103r\u0103 sf\u00e2r\u0219it de \u00eenc\u0103rcare a pele\u021bilor :<\/h3>\n<p>Merkle &amp; Korff : MKN11E<\/p>\n<p>Motor cu ro\u021bi din\u021bate cu \u0219urub instalat \u0219i compatibil cu urm\u0103toarele m\u0103rci \u0219i modele de sobe pe pele\u021bi:<\/p>\n<p>Caminetti montegrappa,Edilkamin<\/p>\n<\/div>","protected":false},"featured_media":34731,"comment_status":"open","ping_status":"closed","template":"","meta":[],"product_brand":[],"product_cat":[861,868,870],"product_tag":[102,61],"class_list":{"0":"post-3667","1":"product","2":"type-product","3":"status-publish","4":"has-post-thumbnail","6":"product_cat-motoreducteurs","7":"product_cat-motoreducteurs-merkle-korff","8":"product_cat-motoreducteurs-merkle-korff-arbre-o-9-5-mm-avec-encoder","9":"product_tag-caminetti-montegrappa","10":"product_tag-edilkamin","11":"product_shipping_class-classe-di-spedizione-02","13":"first","14":"instock","15":"shipping-taxable","16":"purchasable","17":"product-type-simple"},"yoast_head":"<!-- This site is optimized with the Yoast SEO plugin v27.4 - https:\/\/yoast.com\/product\/yoast-seo-wordpress\/ -->\n<title>Motor\u00e9ducteur Merkle&amp;Korff 1.1 rpm avec encodeur MKSF11E<\/title>\n<meta name=\"description\" content=\"Motor\u00e9ducteur Merkle&amp;Korff 1.1 rpm avec encodeur MKSF11E-Motor\u00e9ducteur Merkle&amp;Korff avec codeur pour four \u00e0 granul\u00e9s d\u2019arbre 9.5-Moteur\" \/>\n<meta name=\"robots\" content=\"index, follow, max-snippet:-1, max-image-preview:large, max-video-preview:-1\" \/>\n<link rel=\"canonical\" href=\"https:\/\/amrtop.net\/ro\/produs\/motoreducteur-merkle-korff-11-rpm-avec-encodeur-code-mksf11e-albre-o-95-mm-toles-feuilletees-24-mm\/\" \/>\n<meta property=\"og:locale\" content=\"ro_RO\" \/>\n<meta property=\"og:type\" content=\"article\" \/>\n<meta property=\"og:title\" content=\"Motor\u00e9ducteur Merkle&amp;Korff 1.1 rpm avec encodeur MKSF11E\" \/>\n<meta property=\"og:description\" content=\"Motor\u00e9ducteur Merkle&amp;Korff 1.1 rpm avec encodeur MKSF11E-Motor\u00e9ducteur Merkle&amp;Korff avec codeur pour four \u00e0 granul\u00e9s d\u2019arbre 9.5-Moteur\" \/>\n<meta property=\"og:url\" content=\"https:\/\/amrtop.net\/ro\/produs\/motoreducteur-merkle-korff-11-rpm-avec-encodeur-code-mksf11e-albre-o-95-mm-toles-feuilletees-24-mm\/\" \/>\n<meta property=\"og:site_name\" content=\"AMRTOP B2B \u00c9tranger - Achats r\u00e9serv\u00e9s au professionnel\" \/>\n<meta property=\"article:modified_time\" content=\"2025-02-12T12:44:48+00:00\" \/>\n<meta property=\"og:image\" content=\"https:\/\/amrtop.net\/wp-content\/uploads\/2022\/07\/mksf11e.jpg\" \/>\n\t<meta property=\"og:image:width\" content=\"960\" \/>\n\t<meta property=\"og:image:height\" content=\"960\" \/>\n\t<meta property=\"og:image:type\" content=\"image\/jpeg\" \/>\n<meta name=\"twitter:card\" content=\"summary_large_image\" \/>\n<meta name=\"twitter:label1\" content=\"Timp estimat pentru citire\" \/>\n\t<meta name=\"twitter:data1\" content=\"1 minut\" \/>\n<script type=\"application\/ld+json\" class=\"yoast-schema-graph\">{\"@context\":\"https:\\\/\\\/schema.org\",\"@graph\":[{\"@type\":\"WebPage\",\"@id\":\"https:\\\/\\\/amrtop.net\\\/produit\\\/motoreducteur-merkle-korff-11-rpm-avec-encodeur-code-mksf11e-albre-o-95-mm-toles-feuilletees-24-mm\\\/\",\"url\":\"https:\\\/\\\/amrtop.net\\\/produit\\\/motoreducteur-merkle-korff-11-rpm-avec-encodeur-code-mksf11e-albre-o-95-mm-toles-feuilletees-24-mm\\\/\",\"name\":\"Motor\u00e9ducteur Merkle&Korff 1.1 rpm avec encodeur MKSF11E\",\"isPartOf\":{\"@id\":\"https:\\\/\\\/amrtop.net\\\/#website\"},\"primaryImageOfPage\":{\"@id\":\"https:\\\/\\\/amrtop.net\\\/produit\\\/motoreducteur-merkle-korff-11-rpm-avec-encodeur-code-mksf11e-albre-o-95-mm-toles-feuilletees-24-mm\\\/#primaryimage\"},\"image\":{\"@id\":\"https:\\\/\\\/amrtop.net\\\/produit\\\/motoreducteur-merkle-korff-11-rpm-avec-encodeur-code-mksf11e-albre-o-95-mm-toles-feuilletees-24-mm\\\/#primaryimage\"},\"thumbnailUrl\":\"https:\\\/\\\/amrtop.net\\\/wp-content\\\/uploads\\\/2022\\\/07\\\/mksf11e.jpg\",\"datePublished\":\"2020-01-10T00:00:00+00:00\",\"dateModified\":\"2025-02-12T12:44:48+00:00\",\"description\":\"Motor\u00e9ducteur Merkle&Korff 1.1 rpm avec encodeur MKSF11E-Motor\u00e9ducteur Merkle&Korff avec codeur pour four \u00e0 granul\u00e9s d\u2019arbre 9.5-Moteur\",\"breadcrumb\":{\"@id\":\"https:\\\/\\\/amrtop.net\\\/produit\\\/motoreducteur-merkle-korff-11-rpm-avec-encodeur-code-mksf11e-albre-o-95-mm-toles-feuilletees-24-mm\\\/#breadcrumb\"},\"inLanguage\":\"ro-RO\",\"potentialAction\":[{\"@type\":\"ReadAction\",\"target\":[\"https:\\\/\\\/amrtop.net\\\/produit\\\/motoreducteur-merkle-korff-11-rpm-avec-encodeur-code-mksf11e-albre-o-95-mm-toles-feuilletees-24-mm\\\/\"]}]},{\"@type\":\"ImageObject\",\"inLanguage\":\"ro-RO\",\"@id\":\"https:\\\/\\\/amrtop.net\\\/produit\\\/motoreducteur-merkle-korff-11-rpm-avec-encodeur-code-mksf11e-albre-o-95-mm-toles-feuilletees-24-mm\\\/#primaryimage\",\"url\":\"https:\\\/\\\/amrtop.net\\\/wp-content\\\/uploads\\\/2022\\\/07\\\/mksf11e.jpg\",\"contentUrl\":\"https:\\\/\\\/amrtop.net\\\/wp-content\\\/uploads\\\/2022\\\/07\\\/mksf11e.jpg\",\"width\":960,\"height\":960,\"caption\":\"Motoriduttore Merkle&Korff 1.1 rpm con encoder MKSF11E\"},{\"@type\":\"BreadcrumbList\",\"@id\":\"https:\\\/\\\/amrtop.net\\\/produit\\\/motoreducteur-merkle-korff-11-rpm-avec-encodeur-code-mksf11e-albre-o-95-mm-toles-feuilletees-24-mm\\\/#breadcrumb\",\"itemListElement\":[{\"@type\":\"ListItem\",\"position\":1,\"name\":\"Home\",\"item\":\"https:\\\/\\\/amrtop.net\\\/\"},{\"@type\":\"ListItem\",\"position\":2,\"name\":\"Shop\",\"item\":\"https:\\\/\\\/amrtop.net\\\/negozio\\\/\"},{\"@type\":\"ListItem\",\"position\":3,\"name\":\"Motor\u00e9ducteur Merkle &amp; Korff 1,1 rpm avec encodeur Code MKSF11E &#8211; Albre \u00f8 9,5 mm &#8211; T\u00f4les feuillet\u00e9es 24 mm\"}]},{\"@type\":\"WebSite\",\"@id\":\"https:\\\/\\\/amrtop.net\\\/#website\",\"url\":\"https:\\\/\\\/amrtop.net\\\/\",\"name\":\"AMRTOP B2B \u00c9tranger - Achats r\u00e9serv\u00e9s au professionnel\",\"description\":\"Pi\u00e8ces de rechange et accessoires pour po\u00eales et chaudi\u00e8res - eCommerce B2B pour Clients Professionnels\",\"potentialAction\":[{\"@type\":\"SearchAction\",\"target\":{\"@type\":\"EntryPoint\",\"urlTemplate\":\"https:\\\/\\\/amrtop.net\\\/?s={search_term_string}\"},\"query-input\":{\"@type\":\"PropertyValueSpecification\",\"valueRequired\":true,\"valueName\":\"search_term_string\"}}],\"inLanguage\":\"ro-RO\"}]}<\/script>\n<!-- \/ Yoast SEO plugin. -->","yoast_head_json":{"title":"Motor\u00e9ducteur Merkle&Korff 1.1 rpm avec encodeur MKSF11E","description":"Motor\u00e9ducteur Merkle&Korff 1.1 rpm avec encodeur MKSF11E-Motor\u00e9ducteur Merkle&Korff avec codeur pour four \u00e0 granul\u00e9s d\u2019arbre 9.5-Moteur","robots":{"index":"index","follow":"follow","max-snippet":"max-snippet:-1","max-image-preview":"max-image-preview:large","max-video-preview":"max-video-preview:-1"},"canonical":"https:\/\/amrtop.net\/ro\/produs\/motoreducteur-merkle-korff-11-rpm-avec-encodeur-code-mksf11e-albre-o-95-mm-toles-feuilletees-24-mm\/","og_locale":"ro_RO","og_type":"article","og_title":"Motor\u00e9ducteur Merkle&Korff 1.1 rpm avec encodeur MKSF11E","og_description":"Motor\u00e9ducteur Merkle&Korff 1.1 rpm avec encodeur MKSF11E-Motor\u00e9ducteur Merkle&Korff avec codeur pour four \u00e0 granul\u00e9s d\u2019arbre 9.5-Moteur","og_url":"https:\/\/amrtop.net\/ro\/produs\/motoreducteur-merkle-korff-11-rpm-avec-encodeur-code-mksf11e-albre-o-95-mm-toles-feuilletees-24-mm\/","og_site_name":"AMRTOP B2B \u00c9tranger - Achats r\u00e9serv\u00e9s au professionnel","article_modified_time":"2025-02-12T12:44:48+00:00","og_image":[{"width":960,"height":960,"url":"https:\/\/amrtop.net\/wp-content\/uploads\/2022\/07\/mksf11e.jpg","type":"image\/jpeg"}],"twitter_card":"summary_large_image","twitter_misc":{"Timp estimat pentru citire":"1 minut"},"schema":{"@context":"https:\/\/schema.org","@graph":[{"@type":"WebPage","@id":"https:\/\/amrtop.net\/produit\/motoreducteur-merkle-korff-11-rpm-avec-encodeur-code-mksf11e-albre-o-95-mm-toles-feuilletees-24-mm\/","url":"https:\/\/amrtop.net\/produit\/motoreducteur-merkle-korff-11-rpm-avec-encodeur-code-mksf11e-albre-o-95-mm-toles-feuilletees-24-mm\/","name":"Motor\u00e9ducteur Merkle&Korff 1.1 rpm avec encodeur MKSF11E","isPartOf":{"@id":"https:\/\/amrtop.net\/#website"},"primaryImageOfPage":{"@id":"https:\/\/amrtop.net\/produit\/motoreducteur-merkle-korff-11-rpm-avec-encodeur-code-mksf11e-albre-o-95-mm-toles-feuilletees-24-mm\/#primaryimage"},"image":{"@id":"https:\/\/amrtop.net\/produit\/motoreducteur-merkle-korff-11-rpm-avec-encodeur-code-mksf11e-albre-o-95-mm-toles-feuilletees-24-mm\/#primaryimage"},"thumbnailUrl":"https:\/\/amrtop.net\/wp-content\/uploads\/2022\/07\/mksf11e.jpg","datePublished":"2020-01-10T00:00:00+00:00","dateModified":"2025-02-12T12:44:48+00:00","description":"Motor\u00e9ducteur Merkle&Korff 1.1 rpm avec encodeur MKSF11E-Motor\u00e9ducteur Merkle&Korff avec codeur pour four \u00e0 granul\u00e9s d\u2019arbre 9.5-Moteur","breadcrumb":{"@id":"https:\/\/amrtop.net\/produit\/motoreducteur-merkle-korff-11-rpm-avec-encodeur-code-mksf11e-albre-o-95-mm-toles-feuilletees-24-mm\/#breadcrumb"},"inLanguage":"ro-RO","potentialAction":[{"@type":"ReadAction","target":["https:\/\/amrtop.net\/produit\/motoreducteur-merkle-korff-11-rpm-avec-encodeur-code-mksf11e-albre-o-95-mm-toles-feuilletees-24-mm\/"]}]},{"@type":"ImageObject","inLanguage":"ro-RO","@id":"https:\/\/amrtop.net\/produit\/motoreducteur-merkle-korff-11-rpm-avec-encodeur-code-mksf11e-albre-o-95-mm-toles-feuilletees-24-mm\/#primaryimage","url":"https:\/\/amrtop.net\/wp-content\/uploads\/2022\/07\/mksf11e.jpg","contentUrl":"https:\/\/amrtop.net\/wp-content\/uploads\/2022\/07\/mksf11e.jpg","width":960,"height":960,"caption":"Motoriduttore Merkle&Korff 1.1 rpm con encoder MKSF11E"},{"@type":"BreadcrumbList","@id":"https:\/\/amrtop.net\/produit\/motoreducteur-merkle-korff-11-rpm-avec-encodeur-code-mksf11e-albre-o-95-mm-toles-feuilletees-24-mm\/#breadcrumb","itemListElement":[{"@type":"ListItem","position":1,"name":"Home","item":"https:\/\/amrtop.net\/"},{"@type":"ListItem","position":2,"name":"Shop","item":"https:\/\/amrtop.net\/negozio\/"},{"@type":"ListItem","position":3,"name":"Motor\u00e9ducteur Merkle &amp; Korff 1,1 rpm avec encodeur Code MKSF11E &#8211; Albre \u00f8 9,5 mm &#8211; T\u00f4les feuillet\u00e9es 24 mm"}]},{"@type":"WebSite","@id":"https:\/\/amrtop.net\/#website","url":"https:\/\/amrtop.net\/","name":"AMRTOP B2B Abroad - Achizi\u021bii rezervate profesioni\u0219tilor","description":"Piese de schimb \u0219i accesorii pentru sobe \u0219i cazane - eCommerce B2B pentru clien\u021bi profesioni\u0219ti","potentialAction":[{"@type":"SearchAction","target":{"@type":"EntryPoint","urlTemplate":"https:\/\/amrtop.net\/?s={search_term_string}"},"query-input":{"@type":"PropertyValueSpecification","valueRequired":true,"valueName":"search_term_string"}}],"inLanguage":"ro-RO"}]}},"_links":{"self":[{"href":"https:\/\/amrtop.net\/ro\/wp-json\/wp\/v2\/product\/3667","targetHints":{"allow":["GET"]}}],"collection":[{"href":"https:\/\/amrtop.net\/ro\/wp-json\/wp\/v2\/product"}],"about":[{"href":"https:\/\/amrtop.net\/ro\/wp-json\/wp\/v2\/types\/product"}],"replies":[{"embeddable":true,"href":"https:\/\/amrtop.net\/ro\/wp-json\/wp\/v2\/comments?post=3667"}],"wp:featuredmedia":[{"embeddable":true,"href":"https:\/\/amrtop.net\/ro\/wp-json\/wp\/v2\/media\/34731"}],"wp:attachment":[{"href":"https:\/\/amrtop.net\/ro\/wp-json\/wp\/v2\/media?parent=3667"}],"wp:term":[{"taxonomy":"product_brand","embeddable":true,"href":"https:\/\/amrtop.net\/ro\/wp-json\/wp\/v2\/product_brand?post=3667"},{"taxonomy":"product_cat","embeddable":true,"href":"https:\/\/amrtop.net\/ro\/wp-json\/wp\/v2\/product_cat?post=3667"},{"taxonomy":"product_tag","embeddable":true,"href":"https:\/\/amrtop.net\/ro\/wp-json\/wp\/v2\/product_tag?post=3667"}],"curies":[{"name":"wp","href":"https:\/\/api.w.org\/{rel}","templated":true}]}}