{"id":3677,"date":"2020-10-01T00:00:00","date_gmt":"2020-10-01T00:00:00","guid":{"rendered":"https:\/\/amrtop.com\/B2B\/?post_type=product&#038;p=3677"},"modified":"2025-02-13T14:31:47","modified_gmt":"2025-02-13T14:31:47","slug":"motoreducteur-kenta-1-5-rpm-avec-encodeur-code-k9115003-arbre-o-85-mm-toles-feuilletees-30-mm","status":"publish","type":"product","link":"https:\/\/amrtop.net\/ro\/produit\/motoreducteur-kenta-1-5-rpm-avec-encodeur-code-k9115003-arbre-o-85-mm-toles-feuilletees-30-mm\/","title":{"rendered":"Motoreductor Kenta 1,5 rpm cu encoder Cod K9115003 - Arbore \u00f8 8,5 mm - Foi laminate de 30 mm"},"content":{"rendered":"<hr \/>\n<h3><strong>Motor\u00e9ducteur Kenta 1.5 rpm \u00f8 8.5 K9115003<\/strong><\/h3>\n<p>Gama larg\u0103 de motoreductoare K911 include versiuni cu motoare de curent alternativ (AC) cu pol dublu \u0219i motoare de curent continuu (DC) cu magne\u021bi permanen\u021bi.<\/p>\n<p>Designul inovator, sistemele de produc\u021bie \u0219i controlul proceselor de produc\u021bie garanteaz\u0103 produse fiabile \u0219i de \u00eenalt\u0103 performan\u021b\u0103.<\/p>\n<h3><strong>Principalele caracteristici ale motoarelor cu ro\u021bi din\u021bate Kenta :<\/strong><\/h3>\n<p>Cutia de viteze este fabricat\u0103 din zamac turnat sub presiune \u0219i \u00eencorporeaz\u0103 elemente de fixare.<br \/>\npentru aplica\u021bie.<\/p>\n<p>Lan\u021bul cinematic de ro\u021bi din\u021bate este alc\u0103tuit din: un arbore motor cu din\u021bi elicoidali, ro\u021bi din\u021bate din materiale termoplastice speciale \u0219i ro\u021bi din\u021bate din o\u021bel sinterizat.<\/p>\n<p>Acest sistem garanteaz\u0103 o fiabilitate ridicat\u0103, permi\u021b\u00e2nd utilizarea motoreductorilor K911 at\u00e2t \u00een medii reci (de exemplu, r\u0103citoare), c\u00e2t \u0219i calde (de exemplu, cuptoare).<\/p>\n<p>Cutia de viteze are 2 orificii de montaj trec\u0103toare \u0219i 5 orificii de montaj cu o penetrare maxim\u0103 de 4 mm.<\/p>\n<p>Motoreductorii K911 AC utilizeaz\u0103 motoare asincrone monofazate bipolare cu bobine de scurtcircuit \u0219i<br \/>\ndirec\u021bia de rota\u021bie prestabilit\u0103.<\/p>\n<p>Bobinele sunt \u00eenf\u0103\u0219urate de o instala\u021bie automat\u0103 dotat\u0103 cu control al firului.<br \/>\ntensiune stabilizat\u0103.<\/p>\n<p>Tensiuni \u0219i frecven\u021be disponibile: 24 p\u00e2n\u0103 la 240 V \u0219i 50\/60 Hz.<br \/>\nMotoreductoarele K911 DC utilizeaz\u0103 motoare de curent continuu cu perii \u0219i magne\u021bi.<br \/>\npentru alimentarea cu 12 \u0219i 24 V.<\/p>\n<p>Aceste motoare asigur\u0103 o rota\u021bie dubl\u0103<\/p>\n<h3><strong>Utilisation du Motor\u00e9ducteur Kenta 1.5 rpm arbre \u00f8 8.5 K9115003<\/strong><\/h3>\n<p>Odat\u0103 ce ajunge \u00een partea superioar\u0103 a cohleei, peleta cade \u00een mod natural \u00eentr-un jgheab care o transport\u0103 \u00een arz\u0103tor.<\/p>\n<h3><strong>Aplica\u021bii tipice<\/strong><\/h3>\n<p>Aparate de vending - Ansambluri de ma\u0219ini de cafea - Ma\u0219ini de \u00eempachetat \u00een vid - Rotisoare - Gyros - Ma\u0219ini de ghea\u021b\u0103 - Display-uri rotative - Sobe pe pele\u021bi - Ma\u0219ini de etichetat - Actuatoare industriale.<\/p>\n<h3><strong>Interior<\/strong><\/h3>\n<p><a href=\"https:\/\/wekos.it\/\">Sobe, aragazuri \u0219i aragazuri pe lemne<\/a>\u00a0-\u00a0<a href=\"https:\/\/www.greenpuros.com\/\">\u0219eminee, sobe \u0219i cazane pe pele\u021bi.<\/a><\/p>\n<h3><strong>Gama Amrtop de piese de schimb \u0219i accesorii<\/strong><\/h3>\n<p>&nbsp;<\/p>\n<p><a href=\"https:\/\/amrtop.net\/ro\/categoria-de-produse\/piese-de-schimb-sobe-si-cazane-de-gatit-si-cazane-mixte-2\/bougies-dallumage-pour-poeles-et-chaudieres-a-pellets\/\">Bujii incandescente<\/a><\/p>\n<p><a href=\"https:\/\/amrtop.net\/ro\/categoria-de-produse\/piese-de-schimb-sobe-si-cazane-de-gatit-si-cazane-mixte-2\/electronique\/\">Electronic\u0103<\/a><\/p>\n<p><a href=\"https:\/\/amrtop.net\/ro\/categoria-de-produse\/piese-de-schimb-sobe-si-cazane-de-gatit-si-cazane-mixte-2\/extracteurs-de-fumee\/\">Extractoare de fum<\/a><\/p>\n<p><a href=\"https:\/\/amrtop.net\/ro\/categoria-de-produse\/piese-de-schimb-sobe-si-cazane-de-gatit-si-cazane-mixte-2\/gaines-cable-connecteurs\/\">Teci de cablu conector<\/a><\/p>\n<p><a href=\"https:\/\/amrtop.net\/ro\/categoria-de-produse\/piese-de-schimb-sobe-si-cazane-de-gatit-si-cazane-mixte-2\/joints-de-silicone\/\">Garnituri de silicon<\/a><\/p>\n<p><a href=\"https:\/\/amrtop.net\/ro\/categoria-de-produse\/piese-de-schimb-sobe-si-cazane-de-gatit-si-cazane-mixte-2\/motoreducteurs\/\">Motoare cu angrenaje<\/a><\/p>\n<p><a href=\"https:\/\/amrtop.net\/ro\/categoria-de-produse\/piese-de-schimb-sobe-si-cazane-de-gatit-si-cazane-mixte-2\/pressostats-et-transducteurs\/\">Presostate \u0219i traductoare de presiune<\/a><\/p>\n<p><a href=\"https:\/\/amrtop.net\/ro\/categoria-de-produse\/piese-de-schimb-sobe-si-cazane-de-gatit-si-cazane-mixte-2\/sondes-thermostats-manometres-thermometres\/\">Sonde termostate manometre termometre termometre<\/a><\/p>\n<p><a href=\"https:\/\/amrtop.net\/ro\/categoria-de-produse\/piese-de-schimb-sobe-si-cazane-de-gatit-si-cazane-mixte-2\/joints-detancheite\/\">Tricotaje de etan\u0219are<\/a><\/p>\n<p><a href=\"https:\/\/amrtop.net\/ro\/categoria-de-produse\/piese-de-schimb-sobe-si-cazane-de-gatit-si-cazane-mixte-2\/ventilateurs-centrifuges-pour-poeles-a-pellets\/\">Ventilatoare centrifuge<\/a><\/p>\n<p><a href=\"https:\/\/amrtop.net\/ro\/categoria-de-produse\/piese-de-schimb-sobe-si-cazane-de-gatit-si-cazane-mixte-2\/ventilateurs-tangentiels-flux-transversal\/\">Ventilatoare cu flux \u00eencruci\u0219at<\/a><\/p>\n<p><a href=\"https:\/\/amrtop.net\/ro\/categoria-de-produse\/piese-de-schimb-sobe-si-cazane-de-gatit-si-cazane-mixte-2\/adhesifs-et-produits-detancheite\/\">Adezivi \u0219i materiale de etan\u0219are<\/a><\/p>\n<h3><\/h3>\n<p>&nbsp;<\/p>","protected":false},"excerpt":{"rendered":"<hr \/>\n<h2><span style=\"color: #008000\">Disponibil la<\/span><\/h2>\n<hr \/>\n<p><strong>Motor\u00e9ducteur Kenta 1,5 rpm avec encodeur<\/strong><br \/>\nCode K9115003<\/p>\n<p>\u00f8 arbore: 8,5 mm<br \/>\nVitez\u0103: 1,5 rpm<br \/>\nPaquet lamellaire : 30 mm<br \/>\nAplatizare: simplu<br \/>\nDirec\u021bia de rota\u021bie: \u00een sensul acelor de ceasornic<br \/>\nCouple de serrage : 32 Nm<\/p>\n<p><strong>Compatibilitate<\/strong><br \/>\n<strong>Interschimbabil cu urm\u0103toarele modele de motoare cu ro\u021bi din\u021bate cu \u0219uruburi f\u0103r\u0103 sf\u00e2r\u0219it de \u00eenc\u0103rcare a pele\u021bilor :<\/strong><br \/>\nKenta : K9115001, K9115002, K9115006<br \/>\nMellor : FB1222<\/p>\n<p><strong>Motor\u00e9ducteur-moteur vis sans fin install\u00e9 et compatible avec les marques et mod\u00e8les de po\u00eales \u00e0 granul\u00e9s suivants :<\/strong><br \/>\nAdler,Artel,Burnit,Caminetti montegrappa,Clam,Ecospar,Mcz,Nordica Extraflam,Vulcania<\/p>","protected":false},"featured_media":34887,"comment_status":"open","ping_status":"closed","template":"","meta":[],"product_brand":[],"product_cat":[861,872,873],"product_tag":[24,211,162,212,125,163,81,193,99],"class_list":{"0":"post-3677","1":"product","2":"type-product","3":"status-publish","4":"has-post-thumbnail","6":"product_cat-motoreducteurs","7":"product_cat-motoreducteurs-kenta","8":"product_cat-motoreducteurs-kenta-arbre-o-8-5-mm-avec-encoder","9":"product_tag-adler","10":"product_tag-artele","11":"product_tag-burnit","12":"product_tag-caminetti-montegrapp","13":"product_tag-clam","14":"product_tag-ecospar","15":"product_tag-mcz","16":"product_tag-nordica-extraflam","17":"product_tag-vulcania","18":"product_shipping_class-classe-di-spedizione-02","20":"first","21":"instock","22":"shipping-taxable","23":"purchasable","24":"product-type-simple"},"yoast_head":"<!-- This site is optimized with the Yoast SEO plugin v27.4 - https:\/\/yoast.com\/product\/yoast-seo-wordpress\/ -->\n<title>Motor\u00e9ducteur Kenta 1.5 rpm \u00f8 8.5 K9115003<\/title>\n<meta name=\"description\" content=\"Motor\u00e9ducteur Kenta 1.5 rpm \u00f8 8.5 K9115003-Motor\u00e9ducteurs Kenta avec encodeur pour vis de po\u00eale \u00e0 granul\u00e9s d\u2019arbre, 8.5-Moteurs Kenta avec encodeur\" \/>\n<meta name=\"robots\" content=\"index, follow, max-snippet:-1, max-image-preview:large, max-video-preview:-1\" \/>\n<link rel=\"canonical\" href=\"https:\/\/amrtop.net\/ro\/produs\/motoreducteur-kenta-1-5-rpm-avec-encodeur-code-k9115003-arbre-o-85-mm-toles-feuilletees-30-mm\/\" \/>\n<meta property=\"og:locale\" content=\"ro_RO\" \/>\n<meta property=\"og:type\" content=\"article\" \/>\n<meta property=\"og:title\" content=\"Motor\u00e9ducteur Kenta 1.5 rpm \u00f8 8.5 K9115003\" \/>\n<meta property=\"og:description\" content=\"Motor\u00e9ducteur Kenta 1.5 rpm \u00f8 8.5 K9115003-Motor\u00e9ducteurs Kenta avec encodeur pour vis de po\u00eale \u00e0 granul\u00e9s d\u2019arbre, 8.5-Moteurs Kenta avec encodeur\" \/>\n<meta property=\"og:url\" content=\"https:\/\/amrtop.net\/ro\/produs\/motoreducteur-kenta-1-5-rpm-avec-encodeur-code-k9115003-arbre-o-85-mm-toles-feuilletees-30-mm\/\" \/>\n<meta property=\"og:site_name\" content=\"AMRTOP B2B \u00c9tranger - Achats r\u00e9serv\u00e9s au professionnel\" \/>\n<meta property=\"article:modified_time\" content=\"2025-02-13T14:31:47+00:00\" \/>\n<meta property=\"og:image\" content=\"https:\/\/amrtop.net\/wp-content\/uploads\/2022\/07\/K9115003.jpg\" \/>\n\t<meta property=\"og:image:width\" content=\"960\" \/>\n\t<meta property=\"og:image:height\" content=\"960\" \/>\n\t<meta property=\"og:image:type\" content=\"image\/jpeg\" \/>\n<meta name=\"twitter:card\" content=\"summary_large_image\" \/>\n<meta name=\"twitter:label1\" content=\"Timp estimat pentru citire\" \/>\n\t<meta name=\"twitter:data1\" content=\"2 minute\" \/>\n<script type=\"application\/ld+json\" class=\"yoast-schema-graph\">{\"@context\":\"https:\\\/\\\/schema.org\",\"@graph\":[{\"@type\":\"WebPage\",\"@id\":\"https:\\\/\\\/amrtop.net\\\/produit\\\/motoreducteur-kenta-1-5-rpm-avec-encodeur-code-k9115003-arbre-o-85-mm-toles-feuilletees-30-mm\\\/\",\"url\":\"https:\\\/\\\/amrtop.net\\\/produit\\\/motoreducteur-kenta-1-5-rpm-avec-encodeur-code-k9115003-arbre-o-85-mm-toles-feuilletees-30-mm\\\/\",\"name\":\"Motor\u00e9ducteur Kenta 1.5 rpm \u00f8 8.5 K9115003\",\"isPartOf\":{\"@id\":\"https:\\\/\\\/amrtop.net\\\/#website\"},\"primaryImageOfPage\":{\"@id\":\"https:\\\/\\\/amrtop.net\\\/produit\\\/motoreducteur-kenta-1-5-rpm-avec-encodeur-code-k9115003-arbre-o-85-mm-toles-feuilletees-30-mm\\\/#primaryimage\"},\"image\":{\"@id\":\"https:\\\/\\\/amrtop.net\\\/produit\\\/motoreducteur-kenta-1-5-rpm-avec-encodeur-code-k9115003-arbre-o-85-mm-toles-feuilletees-30-mm\\\/#primaryimage\"},\"thumbnailUrl\":\"https:\\\/\\\/amrtop.net\\\/wp-content\\\/uploads\\\/2022\\\/07\\\/K9115003.jpg\",\"datePublished\":\"2020-10-01T00:00:00+00:00\",\"dateModified\":\"2025-02-13T14:31:47+00:00\",\"description\":\"Motor\u00e9ducteur Kenta 1.5 rpm \u00f8 8.5 K9115003-Motor\u00e9ducteurs Kenta avec encodeur pour vis de po\u00eale \u00e0 granul\u00e9s d\u2019arbre, 8.5-Moteurs Kenta avec encodeur\",\"breadcrumb\":{\"@id\":\"https:\\\/\\\/amrtop.net\\\/produit\\\/motoreducteur-kenta-1-5-rpm-avec-encodeur-code-k9115003-arbre-o-85-mm-toles-feuilletees-30-mm\\\/#breadcrumb\"},\"inLanguage\":\"ro-RO\",\"potentialAction\":[{\"@type\":\"ReadAction\",\"target\":[\"https:\\\/\\\/amrtop.net\\\/produit\\\/motoreducteur-kenta-1-5-rpm-avec-encodeur-code-k9115003-arbre-o-85-mm-toles-feuilletees-30-mm\\\/\"]}]},{\"@type\":\"ImageObject\",\"inLanguage\":\"ro-RO\",\"@id\":\"https:\\\/\\\/amrtop.net\\\/produit\\\/motoreducteur-kenta-1-5-rpm-avec-encodeur-code-k9115003-arbre-o-85-mm-toles-feuilletees-30-mm\\\/#primaryimage\",\"url\":\"https:\\\/\\\/amrtop.net\\\/wp-content\\\/uploads\\\/2022\\\/07\\\/K9115003.jpg\",\"contentUrl\":\"https:\\\/\\\/amrtop.net\\\/wp-content\\\/uploads\\\/2022\\\/07\\\/K9115003.jpg\",\"width\":960,\"height\":960,\"caption\":\"Motor\u00e9ducteur Kenta 1.5 rpm \u00f8 8.5 K9115003-Motor\u00e9ducteurs Kenta avec encodeur pour vis de po\u00eale \u00e0 granul\u00e9s d\u2019arbre, 8.5-Moteurs Kenta avec encodeur\"},{\"@type\":\"BreadcrumbList\",\"@id\":\"https:\\\/\\\/amrtop.net\\\/produit\\\/motoreducteur-kenta-1-5-rpm-avec-encodeur-code-k9115003-arbre-o-85-mm-toles-feuilletees-30-mm\\\/#breadcrumb\",\"itemListElement\":[{\"@type\":\"ListItem\",\"position\":1,\"name\":\"Home\",\"item\":\"https:\\\/\\\/amrtop.net\\\/\"},{\"@type\":\"ListItem\",\"position\":2,\"name\":\"Shop\",\"item\":\"https:\\\/\\\/amrtop.net\\\/negozio\\\/\"},{\"@type\":\"ListItem\",\"position\":3,\"name\":\"Motor\u00e9ducteur Kenta 1.5 rpm avec encodeur Code K9115003 &#8211; Arbre \u00f8 8,5 mm \u2013 T\u00f4les feuillet\u00e9es 30 mm\"}]},{\"@type\":\"WebSite\",\"@id\":\"https:\\\/\\\/amrtop.net\\\/#website\",\"url\":\"https:\\\/\\\/amrtop.net\\\/\",\"name\":\"AMRTOP B2B \u00c9tranger - Achats r\u00e9serv\u00e9s au professionnel\",\"description\":\"Pi\u00e8ces de rechange et accessoires pour po\u00eales et chaudi\u00e8res - eCommerce B2B pour Clients Professionnels\",\"potentialAction\":[{\"@type\":\"SearchAction\",\"target\":{\"@type\":\"EntryPoint\",\"urlTemplate\":\"https:\\\/\\\/amrtop.net\\\/?s={search_term_string}\"},\"query-input\":{\"@type\":\"PropertyValueSpecification\",\"valueRequired\":true,\"valueName\":\"search_term_string\"}}],\"inLanguage\":\"ro-RO\"}]}<\/script>\n<!-- \/ Yoast SEO plugin. -->","yoast_head_json":{"title":"Motor\u00e9ducteur Kenta 1.5 rpm \u00f8 8.5 K9115003","description":"Motoreductor Kenta 1,5 rpm \u00f8 8,5 K9115003-Kenta motoreductor cu encoder pentru \u0219uruburi pentru sobe pe pele\u021bi","robots":{"index":"index","follow":"follow","max-snippet":"max-snippet:-1","max-image-preview":"max-image-preview:large","max-video-preview":"max-video-preview:-1"},"canonical":"https:\/\/amrtop.net\/ro\/produs\/motoreducteur-kenta-1-5-rpm-avec-encodeur-code-k9115003-arbre-o-85-mm-toles-feuilletees-30-mm\/","og_locale":"ro_RO","og_type":"article","og_title":"Motor\u00e9ducteur Kenta 1.5 rpm \u00f8 8.5 K9115003","og_description":"Motor\u00e9ducteur Kenta 1.5 rpm \u00f8 8.5 K9115003-Motor\u00e9ducteurs Kenta avec encodeur pour vis de po\u00eale \u00e0 granul\u00e9s d\u2019arbre, 8.5-Moteurs Kenta avec encodeur","og_url":"https:\/\/amrtop.net\/ro\/produs\/motoreducteur-kenta-1-5-rpm-avec-encodeur-code-k9115003-arbre-o-85-mm-toles-feuilletees-30-mm\/","og_site_name":"AMRTOP B2B \u00c9tranger - Achats r\u00e9serv\u00e9s au professionnel","article_modified_time":"2025-02-13T14:31:47+00:00","og_image":[{"width":960,"height":960,"url":"https:\/\/amrtop.net\/wp-content\/uploads\/2022\/07\/K9115003.jpg","type":"image\/jpeg"}],"twitter_card":"summary_large_image","twitter_misc":{"Timp estimat pentru citire":"2 minute"},"schema":{"@context":"https:\/\/schema.org","@graph":[{"@type":"WebPage","@id":"https:\/\/amrtop.net\/produit\/motoreducteur-kenta-1-5-rpm-avec-encodeur-code-k9115003-arbre-o-85-mm-toles-feuilletees-30-mm\/","url":"https:\/\/amrtop.net\/produit\/motoreducteur-kenta-1-5-rpm-avec-encodeur-code-k9115003-arbre-o-85-mm-toles-feuilletees-30-mm\/","name":"Motor\u00e9ducteur Kenta 1.5 rpm \u00f8 8.5 K9115003","isPartOf":{"@id":"https:\/\/amrtop.net\/#website"},"primaryImageOfPage":{"@id":"https:\/\/amrtop.net\/produit\/motoreducteur-kenta-1-5-rpm-avec-encodeur-code-k9115003-arbre-o-85-mm-toles-feuilletees-30-mm\/#primaryimage"},"image":{"@id":"https:\/\/amrtop.net\/produit\/motoreducteur-kenta-1-5-rpm-avec-encodeur-code-k9115003-arbre-o-85-mm-toles-feuilletees-30-mm\/#primaryimage"},"thumbnailUrl":"https:\/\/amrtop.net\/wp-content\/uploads\/2022\/07\/K9115003.jpg","datePublished":"2020-10-01T00:00:00+00:00","dateModified":"2025-02-13T14:31:47+00:00","description":"Motoreductor Kenta 1,5 rpm \u00f8 8,5 K9115003-Kenta motoreductor cu encoder pentru \u0219uruburi pentru sobe pe pele\u021bi","breadcrumb":{"@id":"https:\/\/amrtop.net\/produit\/motoreducteur-kenta-1-5-rpm-avec-encodeur-code-k9115003-arbre-o-85-mm-toles-feuilletees-30-mm\/#breadcrumb"},"inLanguage":"ro-RO","potentialAction":[{"@type":"ReadAction","target":["https:\/\/amrtop.net\/produit\/motoreducteur-kenta-1-5-rpm-avec-encodeur-code-k9115003-arbre-o-85-mm-toles-feuilletees-30-mm\/"]}]},{"@type":"ImageObject","inLanguage":"ro-RO","@id":"https:\/\/amrtop.net\/produit\/motoreducteur-kenta-1-5-rpm-avec-encodeur-code-k9115003-arbre-o-85-mm-toles-feuilletees-30-mm\/#primaryimage","url":"https:\/\/amrtop.net\/wp-content\/uploads\/2022\/07\/K9115003.jpg","contentUrl":"https:\/\/amrtop.net\/wp-content\/uploads\/2022\/07\/K9115003.jpg","width":960,"height":960,"caption":"Motor\u00e9ducteur Kenta 1.5 rpm \u00f8 8.5 K9115003-Motor\u00e9ducteurs Kenta avec encodeur pour vis de po\u00eale \u00e0 granul\u00e9s d\u2019arbre, 8.5-Moteurs Kenta avec encodeur"},{"@type":"BreadcrumbList","@id":"https:\/\/amrtop.net\/produit\/motoreducteur-kenta-1-5-rpm-avec-encodeur-code-k9115003-arbre-o-85-mm-toles-feuilletees-30-mm\/#breadcrumb","itemListElement":[{"@type":"ListItem","position":1,"name":"Home","item":"https:\/\/amrtop.net\/"},{"@type":"ListItem","position":2,"name":"Shop","item":"https:\/\/amrtop.net\/negozio\/"},{"@type":"ListItem","position":3,"name":"Motor\u00e9ducteur Kenta 1.5 rpm avec encodeur Code K9115003 &#8211; Arbre \u00f8 8,5 mm \u2013 T\u00f4les feuillet\u00e9es 30 mm"}]},{"@type":"WebSite","@id":"https:\/\/amrtop.net\/#website","url":"https:\/\/amrtop.net\/","name":"AMRTOP B2B Abroad - Achizi\u021bii rezervate profesioni\u0219tilor","description":"Piese de schimb \u0219i accesorii pentru sobe \u0219i cazane - eCommerce B2B pentru clien\u021bi profesioni\u0219ti","potentialAction":[{"@type":"SearchAction","target":{"@type":"EntryPoint","urlTemplate":"https:\/\/amrtop.net\/?s={search_term_string}"},"query-input":{"@type":"PropertyValueSpecification","valueRequired":true,"valueName":"search_term_string"}}],"inLanguage":"ro-RO"}]}},"_links":{"self":[{"href":"https:\/\/amrtop.net\/ro\/wp-json\/wp\/v2\/product\/3677","targetHints":{"allow":["GET"]}}],"collection":[{"href":"https:\/\/amrtop.net\/ro\/wp-json\/wp\/v2\/product"}],"about":[{"href":"https:\/\/amrtop.net\/ro\/wp-json\/wp\/v2\/types\/product"}],"replies":[{"embeddable":true,"href":"https:\/\/amrtop.net\/ro\/wp-json\/wp\/v2\/comments?post=3677"}],"wp:featuredmedia":[{"embeddable":true,"href":"https:\/\/amrtop.net\/ro\/wp-json\/wp\/v2\/media\/34887"}],"wp:attachment":[{"href":"https:\/\/amrtop.net\/ro\/wp-json\/wp\/v2\/media?parent=3677"}],"wp:term":[{"taxonomy":"product_brand","embeddable":true,"href":"https:\/\/amrtop.net\/ro\/wp-json\/wp\/v2\/product_brand?post=3677"},{"taxonomy":"product_cat","embeddable":true,"href":"https:\/\/amrtop.net\/ro\/wp-json\/wp\/v2\/product_cat?post=3677"},{"taxonomy":"product_tag","embeddable":true,"href":"https:\/\/amrtop.net\/ro\/wp-json\/wp\/v2\/product_tag?post=3677"}],"curies":[{"name":"wp","href":"https:\/\/api.w.org\/{rel}","templated":true}]}}