{"id":36801,"date":"2023-02-21T08:59:41","date_gmt":"2023-02-21T08:59:41","guid":{"rendered":"https:\/\/amrtop.com\/B2B\/?post_type=product&#038;p=36801"},"modified":"2023-08-02T12:06:56","modified_gmt":"2023-08-02T12:06:56","slug":"sonda-de-fum-cu-flansa-cod-2000564-extraflame","status":"publish","type":"product","link":"https:\/\/amrtop.net\/ro\/produit\/sonde-de-fumee-avec-bride-code-2000564-extraflame\/","title":{"rendered":"Sond\u0103 de fum cu flan\u0219\u0103 - Compatibil\u0103 cu Extraflame cod 2000564"},"content":{"rendered":"<h3><strong>Sond\u0103 de fum cu flan\u0219\u0103 cod.2000564 Extraflame <\/strong><\/h3>\n<ul>\n<li>Sond\u0103 termic\u0103 de fum cu flan\u0219\u0103 compatibil\u0103 cu Extraflame cod 2000564 utilizat\u0103 la urm\u0103toarele modele :<\/li>\n<li>Cazane pe pele\u021bi LP14 \u0219i LP20<\/li>\n<li>Inser\u021bii pe pele\u021bi Comfort Maxi, Comfort Mini, Comfort Mini Crystal, Comfort P70, Comfort P70H49, Comfort P70, Comfort P80, Comfort Plus, Comfort Plus Crystal<\/li>\n<li>Sobe pe pele\u021bi Anastasia Plus, Annabella, Babyfiamma, Bella, Bella Lux, Clementina, Contessa, Delizia Forno, Divina, Divina Plus, Divina Steel, Divina Plus, Divina Plus, Divina Steel, Dorothy, Duchessa, Duchessa Steel, Ecofiamma, Ecologica, Ella, Emma, Emma Plus, Esmeralda, Esmeralda Crystal, Fal\u00f2 1 XLP, Fal\u00f2 CP, Giusy Plus, Giusy Plus Evo, Giusy Plus Evo, Glenda, Graziosa Lux, Graziosa Lux Plus, Graziosa Steel, Graziosa Steel Plus, Ilenia, Irina, Irma, Irma Plus, Isabella, Karolina, Karolina Steel, Melinda Steel Air, Mietta, Novella, Novella Evo, Novella Plus, Novella Plus, Novella Plus Evo, Preziosa, Preziosa Steel, Rosy, Sibilia, Sibilia Plus, Souvenir Lux, Souvenir Steel, Teodora, Tosca Plus, Viviana Plus, Viviana Plus Evo, Wendy<\/li>\n<li>Thermoproducts Comfort Idro L80, Comfort Idro, Diadema ACS Idro, Diadema Idro, Duchessa Idro, Duchessa Idro Steel, Ecologica Idro, Ecologica Idro Steel, Evelyne Idro, Fiandra Idro, Giordana Idro, Iside Idro, Iside Idro 2.0, Liliana Idro, Lucrezia Idro, Lucrezia Idro Steel, Megan Idro Steel, Melinda Idro, Melinda Idro 2.0, Melinda Idro Steel, Melinda Idro Steel, Melinda Idro Steel 2.0, Raffaella Idro, Raffaella Idro 2.0<\/li>\n<\/ul>\n<p>Amrtop comercializeaz\u0103 acest produs c\u0103tre companii certificate ISO9001 care proiecteaz\u0103 \u0219i construiesc toate tipurile de senzori de temperatur\u0103 pentru controlul industrial \u0219i profesional al temperaturii.<\/p>\n<p>Obiectivul Amrtop este de a garanta fiabilitatea, oferind \u00een acela\u0219i timp produse tehnologice de ultim\u0103 genera\u021bie.<\/p>\n<p>Senzori de temperatur\u0103 pentru \u0219eminee electrice \u0219i sobe pe pele\u021bi prelucrate de Amrtop:<\/p>\n<ul>\n<li>Sonde de extrac\u021bie a fumului.<\/li>\n<li>Sonde de temperatur\u0103 \u00eenalt\u0103.<\/li>\n<li>Sonde de temperatur\u0103 \u00eenalt\u0103 cu tub conic pentru cuptoare<\/li>\n<li>Sonde cu cablu din silicon \u0219i arc anti-plecat din o\u021bel inoxidabil. Sond\u0103 de picurare pentru sisteme de aer.<\/li>\n<li>Sonde impermeabile cu<br \/>\nizola\u021bie dubl\u0103<\/li>\n<\/ul>\n<h3>Utilizarea s<strong>val de fum cu flan\u0219\u0103 cod.2000564 Extraflame <\/strong><\/h3>\n<p>Senzorii de gaze de ardere, de mediu \u0219i de ap\u0103 sunt instala\u021bi \u00een aparatele care ard combustibil solid (pele\u021bi, alune, Sansa, lemn \u0219i a\u0219chii).<\/p>\n<p>Sarcina lor este de a detecta \u0219i controla temperaturile generate de corpurile de combustie care produc aer \u0219i ap\u0103 cald\u0103, comunic\u00e2nd datele c\u0103tre diferitele carduri electronice.<\/p>\n<p>Cablurile pentru toate sondele oferite de Amrtop sunt disponibile \u00een diferite lungimi, cu \u0219i f\u0103r\u0103 conectori.<\/p>\n<p>Se g\u0103se\u0219te \u00een aparatele tipice - Soba pe pele\u021bi - Cazan pe pele\u021bi - Arz\u0103tor pe pele\u021bi - Gr\u0103tar\/barbeque pe pele\u021bi Cazan pe biomas\u0103 - Arz\u0103tor pe biomas\u0103 - \u0218i multe alte arz\u0103toare<\/p>\n<h3>Interior<\/h3>\n<p><a href=\"https:\/\/wekos.it\/\">Sobe, aragazuri \u0219i aragazuri pe lemne<\/a>\u00a0-\u00a0<a href=\"https:\/\/www.greenpuros.com\/\">\u0219eminee, sobe \u0219i cazane pe pele\u021bi.<\/a><\/p>\n<h3>Gama Amrtop de piese de schimb \u0219i accesorii<\/h3>\n<p><a href=\"https:\/\/amrtop.net\/ro\/categoria-de-produse\/piese-de-schimb-sobe-si-cazane-de-gatit-si-cazane-mixte-2\/bougies-dallumage-pour-poeles-et-chaudieres-a-pellets\/\">Bujii incandescente<\/a><\/p>\n<p><a href=\"https:\/\/amrtop.net\/ro\/categoria-de-produse\/piese-de-schimb-sobe-si-cazane-de-gatit-si-cazane-mixte-2\/electronique\/\">Electronic\u0103<\/a><\/p>\n<p><a href=\"https:\/\/amrtop.net\/ro\/categoria-de-produse\/piese-de-schimb-sobe-si-cazane-de-gatit-si-cazane-mixte-2\/extracteurs-de-fumee\/\">Extractoare de fum<\/a><\/p>\n<p><a href=\"https:\/\/amrtop.net\/ro\/categoria-de-produse\/piese-de-schimb-sobe-si-cazane-de-gatit-si-cazane-mixte-2\/gaines-cable-connecteurs\/\">Teci de cablu conector<\/a><\/p>\n<p><a href=\"https:\/\/amrtop.net\/ro\/categoria-de-produse\/piese-de-schimb-sobe-si-cazane-de-gatit-si-cazane-mixte-2\/joints-de-silicone\/\">Garnituri de silicon<\/a><\/p>\n<p><a href=\"https:\/\/amrtop.net\/ro\/categoria-de-produse\/piese-de-schimb-sobe-si-cazane-de-gatit-si-cazane-mixte-2\/motoreducteurs\/\">Motoare cu angrenaje<\/a><\/p>\n<p><a href=\"https:\/\/amrtop.net\/ro\/categoria-de-produse\/piese-de-schimb-sobe-si-cazane-de-gatit-si-cazane-mixte-2\/pressostats-et-transducteurs\/\">Presostate \u0219i traductoare de presiune<\/a><\/p>\n<p><a href=\"https:\/\/amrtop.net\/ro\/categoria-de-produse\/piese-de-schimb-sobe-si-cazane-de-gatit-si-cazane-mixte-2\/sondes-thermostats-manometres-thermometres\/\">Sonde termostate manometre termometre termometre<\/a><\/p>\n<p><a href=\"https:\/\/amrtop.net\/ro\/categoria-de-produse\/piese-de-schimb-sobe-si-cazane-de-gatit-si-cazane-mixte-2\/joints-detancheite\/\">Tricotaje de etan\u0219are<\/a><\/p>\n<p><a href=\"https:\/\/amrtop.net\/ro\/categoria-de-produse\/piese-de-schimb-sobe-si-cazane-de-gatit-si-cazane-mixte-2\/ventilateurs-centrifuges-pour-poeles-a-pellets\/\">Ventilatoare centrifuge<\/a><\/p>\n<p><a href=\"https:\/\/amrtop.net\/ro\/categoria-de-produse\/piese-de-schimb-sobe-si-cazane-de-gatit-si-cazane-mixte-2\/ventilateurs-tangentiels-flux-transversal\/\">Ventilatoare cu flux \u00eencruci\u0219at<\/a><\/p>\n<p><a href=\"https:\/\/amrtop.net\/ro\/categoria-de-produse\/piese-de-schimb-sobe-si-cazane-de-gatit-si-cazane-mixte-2\/adhesifs-et-produits-detancheite\/\">Adezivi \u0219i materiale de etan\u0219are<\/a><\/p>\n<p>&nbsp;<\/p>\n<p>&nbsp;<\/p>\n<p>&nbsp;<\/p>\n<p>&nbsp;<\/p>","protected":false},"excerpt":{"rendered":"<h2><span style=\"color: #008000;\">Disponibil la<\/span><\/h2>\n<hr \/>\n<p>Compatibil cu Extraflame cod 2000564<\/p>\n<p>Material capsul\u0103: o\u021bel inoxidabil<\/p>\n<p>Lungimea capsulei: 22 mm<\/p>\n<p>Diametrul capsulei: 4 mm<\/p>\n<p>Materialul cablului: VTX \u00eenvelit termic<\/p>\n<p>Lungime cablu: 880 mm<\/p>","protected":false},"featured_media":36805,"comment_status":"open","ping_status":"closed","template":"","meta":[],"product_brand":[],"product_cat":[839,1577,1339],"product_tag":[],"class_list":{"0":"post-36801","1":"product","2":"type-product","3":"status-publish","4":"has-post-thumbnail","6":"product_cat-pieces-de-rechange-divers-poeles-et-chaudieres","7":"product_cat-sondes-extraflame","8":"product_cat-sondes-thermostats-manometres-thermometres-pour-poeles-et-chaudieres","9":"product_shipping_class-classe-di-spedizione-01","11":"first","12":"instock","13":"shipping-taxable","14":"purchasable","15":"product-type-simple"},"yoast_head":"<!-- This site is optimized with the Yoast SEO plugin v27.4 - https:\/\/yoast.com\/product\/yoast-seo-wordpress\/ -->\n<title>Sonde de fum\u00e9e avec bride code.2000564 Extraflame<\/title>\n<meta name=\"description\" content=\"Sonde de fum\u00e9e avec bride code.2000564 Extraflame - Sonde d\u2019environnement compatible avec le code Extraflame 22721 - Sonde d\u2019environnement avec spirale en r\u00e9sine press\u00e9e PG7 compatible avec le code EXTARFLAME 2272721- Capteur de temp\u00e9rature 10K avec spirale en r\u00e9sine de 25 cm de long\" \/>\n<meta name=\"robots\" content=\"index, follow, max-snippet:-1, max-image-preview:large, max-video-preview:-1\" \/>\n<link rel=\"canonical\" href=\"https:\/\/amrtop.net\/ro\/produs\/sonda-de-fum-cu-flansa-cod-2000564-extraflame\/\" \/>\n<meta property=\"og:locale\" content=\"ro_RO\" \/>\n<meta property=\"og:type\" content=\"article\" \/>\n<meta property=\"og:title\" content=\"Sonde de fum\u00e9e avec bride code.2000564 Extraflame\" \/>\n<meta property=\"og:description\" content=\"Sonde de fum\u00e9e avec bride code.2000564 Extraflame - Sonde d\u2019environnement compatible avec le code Extraflame 22721 - Sonde d\u2019environnement avec spirale en r\u00e9sine press\u00e9e PG7 compatible avec le code EXTARFLAME 2272721- Capteur de temp\u00e9rature 10K avec spirale en r\u00e9sine de 25 cm de long\" \/>\n<meta property=\"og:url\" content=\"https:\/\/amrtop.net\/ro\/produs\/sonda-de-fum-cu-flansa-cod-2000564-extraflame\/\" \/>\n<meta property=\"og:site_name\" content=\"AMRTOP B2B \u00c9tranger - Achats r\u00e9serv\u00e9s au professionnel\" \/>\n<meta property=\"article:modified_time\" content=\"2023-08-02T12:06:56+00:00\" \/>\n<meta property=\"og:image\" content=\"https:\/\/amrtop.net\/wp-content\/uploads\/2023\/02\/cod-2000564-.jpg\" \/>\n\t<meta property=\"og:image:width\" content=\"640\" \/>\n\t<meta property=\"og:image:height\" content=\"640\" \/>\n\t<meta property=\"og:image:type\" content=\"image\/jpeg\" \/>\n<meta name=\"twitter:card\" content=\"summary_large_image\" \/>\n<meta name=\"twitter:label1\" content=\"Timp estimat pentru citire\" \/>\n\t<meta name=\"twitter:data1\" content=\"3 minute\" \/>\n<script type=\"application\/ld+json\" class=\"yoast-schema-graph\">{\"@context\":\"https:\\\/\\\/schema.org\",\"@graph\":[{\"@type\":\"WebPage\",\"@id\":\"https:\\\/\\\/amrtop.net\\\/produit\\\/sonde-de-fumee-avec-bride-code-2000564-extraflame\\\/\",\"url\":\"https:\\\/\\\/amrtop.net\\\/produit\\\/sonde-de-fumee-avec-bride-code-2000564-extraflame\\\/\",\"name\":\"Sonde de fum\u00e9e avec bride code.2000564 Extraflame\",\"isPartOf\":{\"@id\":\"https:\\\/\\\/amrtop.net\\\/#website\"},\"primaryImageOfPage\":{\"@id\":\"https:\\\/\\\/amrtop.net\\\/produit\\\/sonde-de-fumee-avec-bride-code-2000564-extraflame\\\/#primaryimage\"},\"image\":{\"@id\":\"https:\\\/\\\/amrtop.net\\\/produit\\\/sonde-de-fumee-avec-bride-code-2000564-extraflame\\\/#primaryimage\"},\"thumbnailUrl\":\"https:\\\/\\\/amrtop.net\\\/wp-content\\\/uploads\\\/2023\\\/02\\\/cod-2000564-.jpg\",\"datePublished\":\"2023-02-21T08:59:41+00:00\",\"dateModified\":\"2023-08-02T12:06:56+00:00\",\"description\":\"Sonde de fum\u00e9e avec bride code.2000564 Extraflame - Sonde d\u2019environnement compatible avec le code Extraflame 22721 - Sonde d\u2019environnement avec spirale en r\u00e9sine press\u00e9e PG7 compatible avec le code EXTARFLAME 2272721- Capteur de temp\u00e9rature 10K avec spirale en r\u00e9sine de 25 cm de long\",\"breadcrumb\":{\"@id\":\"https:\\\/\\\/amrtop.net\\\/produit\\\/sonde-de-fumee-avec-bride-code-2000564-extraflame\\\/#breadcrumb\"},\"inLanguage\":\"ro-RO\",\"potentialAction\":[{\"@type\":\"ReadAction\",\"target\":[\"https:\\\/\\\/amrtop.net\\\/produit\\\/sonde-de-fumee-avec-bride-code-2000564-extraflame\\\/\"]}]},{\"@type\":\"ImageObject\",\"inLanguage\":\"ro-RO\",\"@id\":\"https:\\\/\\\/amrtop.net\\\/produit\\\/sonde-de-fumee-avec-bride-code-2000564-extraflame\\\/#primaryimage\",\"url\":\"https:\\\/\\\/amrtop.net\\\/wp-content\\\/uploads\\\/2023\\\/02\\\/cod-2000564-.jpg\",\"contentUrl\":\"https:\\\/\\\/amrtop.net\\\/wp-content\\\/uploads\\\/2023\\\/02\\\/cod-2000564-.jpg\",\"width\":640,\"height\":640,\"caption\":\"Sonda fumi con flangia Extraflame codice 2000564\"},{\"@type\":\"BreadcrumbList\",\"@id\":\"https:\\\/\\\/amrtop.net\\\/produit\\\/sonde-de-fumee-avec-bride-code-2000564-extraflame\\\/#breadcrumb\",\"itemListElement\":[{\"@type\":\"ListItem\",\"position\":1,\"name\":\"Home\",\"item\":\"https:\\\/\\\/amrtop.net\\\/\"},{\"@type\":\"ListItem\",\"position\":2,\"name\":\"Shop\",\"item\":\"https:\\\/\\\/amrtop.net\\\/negozio\\\/\"},{\"@type\":\"ListItem\",\"position\":3,\"name\":\"Sonde de fum\u00e9e avec bride- Compatible avec le code Extraflame 2000564\"}]},{\"@type\":\"WebSite\",\"@id\":\"https:\\\/\\\/amrtop.net\\\/#website\",\"url\":\"https:\\\/\\\/amrtop.net\\\/\",\"name\":\"AMRTOP B2B \u00c9tranger - Achats r\u00e9serv\u00e9s au professionnel\",\"description\":\"Pi\u00e8ces de rechange et accessoires pour po\u00eales et chaudi\u00e8res - eCommerce B2B pour Clients Professionnels\",\"potentialAction\":[{\"@type\":\"SearchAction\",\"target\":{\"@type\":\"EntryPoint\",\"urlTemplate\":\"https:\\\/\\\/amrtop.net\\\/?s={search_term_string}\"},\"query-input\":{\"@type\":\"PropertyValueSpecification\",\"valueRequired\":true,\"valueName\":\"search_term_string\"}}],\"inLanguage\":\"ro-RO\"}]}<\/script>\n<!-- \/ Yoast SEO plugin. -->","yoast_head_json":{"title":"Sond\u0103 de fum cu flan\u0219\u0103 cod.2000564 Extraflame","description":"Sond\u0103 de fum cu flan\u0219\u0103 cod.2000564 Extraflame - Sond\u0103 de mediu compatibil\u0103 cu Extraflame cod 22721 - Sond\u0103 de mediu cu spiral\u0103 de r\u0103\u0219in\u0103 presat\u0103 PG7 compatibil\u0103 cu EXTARFLAME cod 2272721- Senzor de temperatur\u0103 10K cu spiral\u0103 de r\u0103\u0219in\u0103 lung\u0103 de 25 cm.","robots":{"index":"index","follow":"follow","max-snippet":"max-snippet:-1","max-image-preview":"max-image-preview:large","max-video-preview":"max-video-preview:-1"},"canonical":"https:\/\/amrtop.net\/ro\/produs\/sonda-de-fum-cu-flansa-cod-2000564-extraflame\/","og_locale":"ro_RO","og_type":"article","og_title":"Sonde de fum\u00e9e avec bride code.2000564 Extraflame","og_description":"Sonde de fum\u00e9e avec bride code.2000564 Extraflame - Sonde d\u2019environnement compatible avec le code Extraflame 22721 - Sonde d\u2019environnement avec spirale en r\u00e9sine press\u00e9e PG7 compatible avec le code EXTARFLAME 2272721- Capteur de temp\u00e9rature 10K avec spirale en r\u00e9sine de 25 cm de long","og_url":"https:\/\/amrtop.net\/ro\/produs\/sonda-de-fum-cu-flansa-cod-2000564-extraflame\/","og_site_name":"AMRTOP B2B \u00c9tranger - Achats r\u00e9serv\u00e9s au professionnel","article_modified_time":"2023-08-02T12:06:56+00:00","og_image":[{"width":640,"height":640,"url":"https:\/\/amrtop.net\/wp-content\/uploads\/2023\/02\/cod-2000564-.jpg","type":"image\/jpeg"}],"twitter_card":"summary_large_image","twitter_misc":{"Timp estimat pentru citire":"3 minute"},"schema":{"@context":"https:\/\/schema.org","@graph":[{"@type":"WebPage","@id":"https:\/\/amrtop.net\/produit\/sonde-de-fumee-avec-bride-code-2000564-extraflame\/","url":"https:\/\/amrtop.net\/produit\/sonde-de-fumee-avec-bride-code-2000564-extraflame\/","name":"Sond\u0103 de fum cu flan\u0219\u0103 cod.2000564 Extraflame","isPartOf":{"@id":"https:\/\/amrtop.net\/#website"},"primaryImageOfPage":{"@id":"https:\/\/amrtop.net\/produit\/sonde-de-fumee-avec-bride-code-2000564-extraflame\/#primaryimage"},"image":{"@id":"https:\/\/amrtop.net\/produit\/sonde-de-fumee-avec-bride-code-2000564-extraflame\/#primaryimage"},"thumbnailUrl":"https:\/\/amrtop.net\/wp-content\/uploads\/2023\/02\/cod-2000564-.jpg","datePublished":"2023-02-21T08:59:41+00:00","dateModified":"2023-08-02T12:06:56+00:00","description":"Sond\u0103 de fum cu flan\u0219\u0103 cod.2000564 Extraflame - Sond\u0103 de mediu compatibil\u0103 cu Extraflame cod 22721 - Sond\u0103 de mediu cu spiral\u0103 de r\u0103\u0219in\u0103 presat\u0103 PG7 compatibil\u0103 cu EXTARFLAME cod 2272721- Senzor de temperatur\u0103 10K cu spiral\u0103 de r\u0103\u0219in\u0103 lung\u0103 de 25 cm.","breadcrumb":{"@id":"https:\/\/amrtop.net\/produit\/sonde-de-fumee-avec-bride-code-2000564-extraflame\/#breadcrumb"},"inLanguage":"ro-RO","potentialAction":[{"@type":"ReadAction","target":["https:\/\/amrtop.net\/produit\/sonde-de-fumee-avec-bride-code-2000564-extraflame\/"]}]},{"@type":"ImageObject","inLanguage":"ro-RO","@id":"https:\/\/amrtop.net\/produit\/sonde-de-fumee-avec-bride-code-2000564-extraflame\/#primaryimage","url":"https:\/\/amrtop.net\/wp-content\/uploads\/2023\/02\/cod-2000564-.jpg","contentUrl":"https:\/\/amrtop.net\/wp-content\/uploads\/2023\/02\/cod-2000564-.jpg","width":640,"height":640,"caption":"Sonda fumi con flangia Extraflame codice 2000564"},{"@type":"BreadcrumbList","@id":"https:\/\/amrtop.net\/produit\/sonde-de-fumee-avec-bride-code-2000564-extraflame\/#breadcrumb","itemListElement":[{"@type":"ListItem","position":1,"name":"Home","item":"https:\/\/amrtop.net\/"},{"@type":"ListItem","position":2,"name":"Shop","item":"https:\/\/amrtop.net\/negozio\/"},{"@type":"ListItem","position":3,"name":"Sonde de fum\u00e9e avec bride- Compatible avec le code Extraflame 2000564"}]},{"@type":"WebSite","@id":"https:\/\/amrtop.net\/#website","url":"https:\/\/amrtop.net\/","name":"AMRTOP B2B Abroad - Achizi\u021bii rezervate profesioni\u0219tilor","description":"Piese de schimb \u0219i accesorii pentru sobe \u0219i cazane - eCommerce B2B pentru clien\u021bi profesioni\u0219ti","potentialAction":[{"@type":"SearchAction","target":{"@type":"EntryPoint","urlTemplate":"https:\/\/amrtop.net\/?s={search_term_string}"},"query-input":{"@type":"PropertyValueSpecification","valueRequired":true,"valueName":"search_term_string"}}],"inLanguage":"ro-RO"}]}},"_links":{"self":[{"href":"https:\/\/amrtop.net\/ro\/wp-json\/wp\/v2\/product\/36801","targetHints":{"allow":["GET"]}}],"collection":[{"href":"https:\/\/amrtop.net\/ro\/wp-json\/wp\/v2\/product"}],"about":[{"href":"https:\/\/amrtop.net\/ro\/wp-json\/wp\/v2\/types\/product"}],"replies":[{"embeddable":true,"href":"https:\/\/amrtop.net\/ro\/wp-json\/wp\/v2\/comments?post=36801"}],"wp:featuredmedia":[{"embeddable":true,"href":"https:\/\/amrtop.net\/ro\/wp-json\/wp\/v2\/media\/36805"}],"wp:attachment":[{"href":"https:\/\/amrtop.net\/ro\/wp-json\/wp\/v2\/media?parent=36801"}],"wp:term":[{"taxonomy":"product_brand","embeddable":true,"href":"https:\/\/amrtop.net\/ro\/wp-json\/wp\/v2\/product_brand?post=36801"},{"taxonomy":"product_cat","embeddable":true,"href":"https:\/\/amrtop.net\/ro\/wp-json\/wp\/v2\/product_cat?post=36801"},{"taxonomy":"product_tag","embeddable":true,"href":"https:\/\/amrtop.net\/ro\/wp-json\/wp\/v2\/product_tag?post=36801"}],"curies":[{"name":"wp","href":"https:\/\/api.w.org\/{rel}","templated":true}]}}