{"id":36809,"date":"2023-02-21T10:06:29","date_gmt":"2023-02-21T10:06:29","guid":{"rendered":"https:\/\/amrtop.com\/B2B\/?post_type=product&#038;p=36809"},"modified":"2023-08-02T12:06:51","modified_gmt":"2023-08-02T12:06:51","slug":"thermocouple-tck-code-2000715-pour-poeles-et-chaudieres-extraflame","status":"publish","type":"product","link":"https:\/\/amrtop.net\/ro\/produit\/thermocouple-tck-code-2000715-pour-poeles-et-chaudieres-extraflame\/","title":{"rendered":"Thermocouple TCK avec c\u00e2ble en silicone Longueur 2 mt &#8211; Compatible avec code Extraflame 2000715"},"content":{"rendered":"<h3><span class=\"text__translation\">Termocuplu <\/span>TCK code 2000715 pour po\u00eales et chaudi\u00e8res Extraflame<\/h3>\n<p>Amrtop commercializza questo prodotto da aziende con certificazione ISO9001 che progettano e costruiscono tutti i tipi di sensori di temperatura per la termoregolazione industriale e professionale.<\/p>\n<p>Lo scopo di Amrtop e di garantire affidabilit\u00e0 fornendo comunque prodotti tecnologici all\u2019avanguardia.<\/p>\n<p>Il nostro obiettivo \u00e8 fornire uno standard qualitativo elevato, oltre a soluzioni efficaci per la misurazione e il controllo della temperatura, mantenendo prezzi ragionevoli.<\/p>\n<p>Le sonde di Temperatura per caminetti elettrici e stufe a pellet trattate da Amrtop:<\/p>\n<ul>\n<li>Sonde per estrazione fumi.<\/li>\n<li>Sonde per alta temperatura.<\/li>\n<li>Sonde per alta temperatura, con tubo rastremato per forni<\/li>\n<li>Sonde con cavo in silicone e molla antipiega in Acciaio Inox. Sonda a goccia per impianti d&#8217;aria.<\/li>\n<li>Sonde costampata impermeabile, con<br \/>\nisolamento doppio<\/li>\n<\/ul>\n<h3>Utilisation de la Thermocouple TCK code 2000715 pour po\u00eales et chaudi\u00e8res Extraflame<\/h3>\n<p>Le sonde fumi,ambiente e Acqua sono istallate negli apparecchi che funzionano a combustibile solido (Pellet, Nocciolino , Sansa, Legna e cippato).<\/p>\n<p>Il loro lavoro \u00e8 di rilevare e tenere sotto controllo le temperature generate dai corpi di combustione che producono aria e acqua calda comunicando i dati alle varie schede elettroniche.<\/p>\n<p>I cavi di tutte le sonde proposte da Amrtop sono disponibili di varie lunghezze con e senza connettori.<\/p>\n<p>Presenti in apparecchi tipo - Stufa a pellet - Caldaia a pellet - Bruciatore a pellet - Pellet BBQ\/grill Caldaia a biomassa - Bruciatore a biomassa - E tanti altri bruciatori<\/p>\n<h3>Domestico<\/h3>\n<p><a href=\"https:\/\/wekos.it\/\">stufe, cucine \u0219i termocucine a legna<\/a>\u00a0-\u00a0<a href=\"https:\/\/www.greenpuros.com\/\">caminetti, stufe, termostufe \u0219i caldaie a pellet.<\/a><\/p>\n<h3>Gama de produse \u0219i accesorii Amrtop<\/h3>\n<p><a href=\"https:\/\/amrtop.com\/B2B\/categoria-prodotto\/ricambi-vari-stufe-e-caldaie\/candelette\/\">Candelete<\/a><\/p>\n<p><a href=\"https:\/\/amrtop.com\/B2B\/categoria-prodotto\/ricambi-vari-stufe-e-caldaie\/elettronica\/\">Elettronica<\/a><\/p>\n<p><a href=\"https:\/\/amrtop.com\/B2B\/categoria-prodotto\/ricambi-vari-stufe-e-caldaie\/estrattori-fumo\/\">Estrattori fumo<\/a><\/p>\n<p><a href=\"https:\/\/amrtop.com\/B2B\/categoria-prodotto\/ricambi-vari-stufe-e-caldaie\/guaine-cavi-connettori\/\">Guaine cavi conectori<\/a><\/p>\n<p><a href=\"https:\/\/amrtop.com\/B2B\/categoria-prodotto\/ricambi-vari-stufe-e-caldaie\/guaine-cavi-connettori\/\">Garnituri din silicon<\/a><\/p>\n<p><a href=\"https:\/\/amrtop.com\/B2B\/categoria-prodotto\/ricambi-vari-stufe-e-caldaie\/motoriduttori\/\">Motoriduttori<\/a><\/p>\n<p><a href=\"https:\/\/amrtop.com\/B2B\/categoria-prodotto\/ricambi-vari-stufe-e-caldaie\/pressostati-e-trasduttori\/\">Declara\u021bii de pres\u0103 \u0219i declara\u021bii de pres\u0103<\/a><\/p>\n<p><a href=\"https:\/\/amrtop.com\/B2B\/categoria-prodotto\/ricambi-vari-stufe-e-caldaie\/sonde-termostati-manometri-termometri\/\">Sonde termostati manometri termometri<\/a><\/p>\n<p><a href=\"https:\/\/amrtop.com\/B2B\/categoria-prodotto\/ricambi-vari-stufe-e-caldaie\/trecce-di-tenuta\/\">Trecce di tenuta<\/a><\/p>\n<p><a href=\"https:\/\/amrtop.com\/B2B\/categoria-prodotto\/ricambi-vari-stufe-e-caldaie\/ventilatori-centrifughi\/\">Ventilatoare centrifuge<\/a><\/p>\n<p><a href=\"https:\/\/amrtop.com\/B2B\/categoria-prodotto\/ricambi-vari-stufe-e-caldaie\/ventilatori-tangenziali\/\">Ventilatoare tangen\u021biale<\/a><\/p>\n<p><a href=\"https:\/\/amrtop.com\/B2B\/categoria-prodotto\/ricambi-vari-stufe-e-caldaie\/adesivi-e-sigillanti\/\">Adesivi \u0219i sigilan\u021bi<\/a><\/p>\n<p>Il personale di Amrtop \u00e8 stato formo con cura per aiutarvi ad identificare le eventuali parti di ricambio da sostituire offrendo un servizio di assistenza telefonica in francese, inglese, rumeno e italiano.<br \/>\nNu v\u0103 a\u0219tepta\u021bi s\u0103 v\u0103 contacta\u021bi<\/p>","protected":false},"excerpt":{"rendered":"<h2><span style=\"color: #339966\">Disponibil la<\/span><\/h2>\n<p>Compatibile con codice Extraflame 2000715<\/p>\n<p>Materiale capsula : Incoloy<\/p>\n<p>Lunghezza capsula: 110 mm<\/p>\n<p>Diametro capsula: 3 mm<\/p>\n<p>Materiale cavo: silicone<\/p>\n<p>Lunghezza cavo: 2000 mm<\/p>","protected":false},"featured_media":36810,"comment_status":"open","ping_status":"closed","template":"","meta":[],"product_brand":[],"product_cat":[839,1577,1339],"product_tag":[],"class_list":{"0":"post-36809","1":"product","2":"type-product","3":"status-publish","4":"has-post-thumbnail","6":"product_cat-pieces-de-rechange-divers-poeles-et-chaudieres","7":"product_cat-sondes-extraflame","8":"product_cat-sondes-thermostats-manometres-thermometres-pour-poeles-et-chaudieres","9":"product_shipping_class-classe-di-spedizione-01","11":"first","12":"instock","13":"shipping-taxable","14":"purchasable","15":"product-type-simple"},"yoast_head":"<!-- This site is optimized with the Yoast SEO plugin v27.5 - https:\/\/yoast.com\/product\/yoast-seo-wordpress\/ -->\n<title>Thermocouple TCK code 2000715 pour po\u00eales et chaudi\u00e8res Extraflame<\/title>\n<meta name=\"description\" content=\"Thermocouple TCK code 2000715 pour po\u00eales et chaudi\u00e8res Extraflame - Thermocouple TCK avec c\u00e2ble en silicone L 2 mt - Thermocouple TCK - D\u00e9tecteur de temp\u00e9rature - Capteur de chaleur avec c\u00e2ble en silicone de 2 m\u00e8tres de long code 2000715 pour po\u00eales et chaudi\u00e8res \u00e0 pellets marque Extraflame\" \/>\n<meta name=\"robots\" content=\"index, follow, max-snippet:-1, max-image-preview:large, max-video-preview:-1\" \/>\n<link rel=\"canonical\" href=\"https:\/\/amrtop.net\/ro\/produs\/thermocouple-tck-code-2000715-pour-poeles-et-chaudieres-extraflame\/\" \/>\n<meta property=\"og:locale\" content=\"ro_RO\" \/>\n<meta property=\"og:type\" content=\"article\" \/>\n<meta property=\"og:title\" content=\"Thermocouple TCK code 2000715 pour po\u00eales et chaudi\u00e8res Extraflame\" \/>\n<meta property=\"og:description\" content=\"Thermocouple TCK code 2000715 pour po\u00eales et chaudi\u00e8res Extraflame - Thermocouple TCK avec c\u00e2ble en silicone L 2 mt - Thermocouple TCK - D\u00e9tecteur de temp\u00e9rature - Capteur de chaleur avec c\u00e2ble en silicone de 2 m\u00e8tres de long code 2000715 pour po\u00eales et chaudi\u00e8res \u00e0 pellets marque Extraflame\" \/>\n<meta property=\"og:url\" content=\"https:\/\/amrtop.net\/ro\/produs\/thermocouple-tck-code-2000715-pour-poeles-et-chaudieres-extraflame\/\" \/>\n<meta property=\"og:site_name\" content=\"AMRTOP B2B \u00c9tranger - Achats r\u00e9serv\u00e9s au professionnel\" \/>\n<meta property=\"article:modified_time\" content=\"2023-08-02T12:06:51+00:00\" \/>\n<meta property=\"og:image\" content=\"https:\/\/amrtop.net\/wp-content\/uploads\/2023\/02\/200715.jpg\" \/>\n\t<meta property=\"og:image:width\" content=\"390\" \/>\n\t<meta property=\"og:image:height\" content=\"390\" \/>\n\t<meta property=\"og:image:type\" content=\"image\/jpeg\" \/>\n<meta name=\"twitter:card\" content=\"summary_large_image\" \/>\n<meta name=\"twitter:label1\" content=\"Timp estimat pentru citire\" \/>\n\t<meta name=\"twitter:data1\" content=\"2 minute\" \/>\n<script type=\"application\/ld+json\" class=\"yoast-schema-graph\">{\"@context\":\"https:\\\/\\\/schema.org\",\"@graph\":[{\"@type\":\"WebPage\",\"@id\":\"https:\\\/\\\/amrtop.net\\\/produit\\\/thermocouple-tck-code-2000715-pour-poeles-et-chaudieres-extraflame\\\/\",\"url\":\"https:\\\/\\\/amrtop.net\\\/produit\\\/thermocouple-tck-code-2000715-pour-poeles-et-chaudieres-extraflame\\\/\",\"name\":\"Thermocouple TCK code 2000715 pour po\u00eales et chaudi\u00e8res Extraflame\",\"isPartOf\":{\"@id\":\"https:\\\/\\\/amrtop.net\\\/#website\"},\"primaryImageOfPage\":{\"@id\":\"https:\\\/\\\/amrtop.net\\\/produit\\\/thermocouple-tck-code-2000715-pour-poeles-et-chaudieres-extraflame\\\/#primaryimage\"},\"image\":{\"@id\":\"https:\\\/\\\/amrtop.net\\\/produit\\\/thermocouple-tck-code-2000715-pour-poeles-et-chaudieres-extraflame\\\/#primaryimage\"},\"thumbnailUrl\":\"https:\\\/\\\/amrtop.net\\\/wp-content\\\/uploads\\\/2023\\\/02\\\/200715.jpg\",\"datePublished\":\"2023-02-21T10:06:29+00:00\",\"dateModified\":\"2023-08-02T12:06:51+00:00\",\"description\":\"Thermocouple TCK code 2000715 pour po\u00eales et chaudi\u00e8res Extraflame - Thermocouple TCK avec c\u00e2ble en silicone L 2 mt - Thermocouple TCK - D\u00e9tecteur de temp\u00e9rature - Capteur de chaleur avec c\u00e2ble en silicone de 2 m\u00e8tres de long code 2000715 pour po\u00eales et chaudi\u00e8res \u00e0 pellets marque Extraflame\",\"breadcrumb\":{\"@id\":\"https:\\\/\\\/amrtop.net\\\/produit\\\/thermocouple-tck-code-2000715-pour-poeles-et-chaudieres-extraflame\\\/#breadcrumb\"},\"inLanguage\":\"ro-RO\",\"potentialAction\":[{\"@type\":\"ReadAction\",\"target\":[\"https:\\\/\\\/amrtop.net\\\/produit\\\/thermocouple-tck-code-2000715-pour-poeles-et-chaudieres-extraflame\\\/\"]}]},{\"@type\":\"ImageObject\",\"inLanguage\":\"ro-RO\",\"@id\":\"https:\\\/\\\/amrtop.net\\\/produit\\\/thermocouple-tck-code-2000715-pour-poeles-et-chaudieres-extraflame\\\/#primaryimage\",\"url\":\"https:\\\/\\\/amrtop.net\\\/wp-content\\\/uploads\\\/2023\\\/02\\\/200715.jpg\",\"contentUrl\":\"https:\\\/\\\/amrtop.net\\\/wp-content\\\/uploads\\\/2023\\\/02\\\/200715.jpg\",\"width\":390,\"height\":390,\"caption\":\"Thermocouple TCK code 2000715 pour po\u00eales et chaudi\u00e8res Extraflame - Thermocouple TCK avec c\u00e2ble en silicone L 2 mt - Thermocouple TCK - D\u00e9tecteur de temp\u00e9rature - Capteur de chaleur avec c\u00e2ble en silicone de 2 m\u00e8tres de long code 2000715 pour po\u00eales et chaudi\u00e8res \u00e0 pellets marque Extraflame\"},{\"@type\":\"BreadcrumbList\",\"@id\":\"https:\\\/\\\/amrtop.net\\\/produit\\\/thermocouple-tck-code-2000715-pour-poeles-et-chaudieres-extraflame\\\/#breadcrumb\",\"itemListElement\":[{\"@type\":\"ListItem\",\"position\":1,\"name\":\"Home\",\"item\":\"https:\\\/\\\/amrtop.net\\\/\"},{\"@type\":\"ListItem\",\"position\":2,\"name\":\"Shop\",\"item\":\"https:\\\/\\\/amrtop.net\\\/negozio\\\/\"},{\"@type\":\"ListItem\",\"position\":3,\"name\":\"Thermocouple TCK avec c\u00e2ble en silicone Longueur 2 mt &#8211; Compatible avec code Extraflame 2000715\"}]},{\"@type\":\"WebSite\",\"@id\":\"https:\\\/\\\/amrtop.net\\\/#website\",\"url\":\"https:\\\/\\\/amrtop.net\\\/\",\"name\":\"AMRTOP B2B \u00c9tranger - Achats r\u00e9serv\u00e9s au professionnel\",\"description\":\"Pi\u00e8ces de rechange et accessoires pour po\u00eales et chaudi\u00e8res - eCommerce B2B pour Clients Professionnels\",\"potentialAction\":[{\"@type\":\"SearchAction\",\"target\":{\"@type\":\"EntryPoint\",\"urlTemplate\":\"https:\\\/\\\/amrtop.net\\\/?s={search_term_string}\"},\"query-input\":{\"@type\":\"PropertyValueSpecification\",\"valueRequired\":true,\"valueName\":\"search_term_string\"}}],\"inLanguage\":\"ro-RO\"}]}<\/script>\n<!-- \/ Yoast SEO plugin. -->","yoast_head_json":{"title":"Thermocouple TCK code 2000715 pour po\u00eales et chaudi\u00e8res Extraflame","description":"Thermocouple TCK code 2000715 pour po\u00eales et chaudi\u00e8res Extraflame - Thermocouple TCK avec c\u00e2ble en silicone L 2 mt - Thermocouple TCK - D\u00e9tecteur de temp\u00e9rature - Capteur de chaleur avec c\u00e2ble en silicone de 2 m\u00e8tres de long code 2000715 pour po\u00eales et chaudi\u00e8res \u00e0 pellets marque Extraflame","robots":{"index":"index","follow":"follow","max-snippet":"max-snippet:-1","max-image-preview":"max-image-preview:large","max-video-preview":"max-video-preview:-1"},"canonical":"https:\/\/amrtop.net\/ro\/produs\/thermocouple-tck-code-2000715-pour-poeles-et-chaudieres-extraflame\/","og_locale":"ro_RO","og_type":"article","og_title":"Thermocouple TCK code 2000715 pour po\u00eales et chaudi\u00e8res Extraflame","og_description":"Thermocouple TCK code 2000715 pour po\u00eales et chaudi\u00e8res Extraflame - Thermocouple TCK avec c\u00e2ble en silicone L 2 mt - Thermocouple TCK - D\u00e9tecteur de temp\u00e9rature - Capteur de chaleur avec c\u00e2ble en silicone de 2 m\u00e8tres de long code 2000715 pour po\u00eales et chaudi\u00e8res \u00e0 pellets marque Extraflame","og_url":"https:\/\/amrtop.net\/ro\/produs\/thermocouple-tck-code-2000715-pour-poeles-et-chaudieres-extraflame\/","og_site_name":"AMRTOP B2B \u00c9tranger - Achats r\u00e9serv\u00e9s au professionnel","article_modified_time":"2023-08-02T12:06:51+00:00","og_image":[{"width":390,"height":390,"url":"https:\/\/amrtop.net\/wp-content\/uploads\/2023\/02\/200715.jpg","type":"image\/jpeg"}],"twitter_card":"summary_large_image","twitter_misc":{"Timp estimat pentru citire":"2 minute"},"schema":{"@context":"https:\/\/schema.org","@graph":[{"@type":"WebPage","@id":"https:\/\/amrtop.net\/produit\/thermocouple-tck-code-2000715-pour-poeles-et-chaudieres-extraflame\/","url":"https:\/\/amrtop.net\/produit\/thermocouple-tck-code-2000715-pour-poeles-et-chaudieres-extraflame\/","name":"Thermocouple TCK code 2000715 pour po\u00eales et chaudi\u00e8res Extraflame","isPartOf":{"@id":"https:\/\/amrtop.net\/#website"},"primaryImageOfPage":{"@id":"https:\/\/amrtop.net\/produit\/thermocouple-tck-code-2000715-pour-poeles-et-chaudieres-extraflame\/#primaryimage"},"image":{"@id":"https:\/\/amrtop.net\/produit\/thermocouple-tck-code-2000715-pour-poeles-et-chaudieres-extraflame\/#primaryimage"},"thumbnailUrl":"https:\/\/amrtop.net\/wp-content\/uploads\/2023\/02\/200715.jpg","datePublished":"2023-02-21T10:06:29+00:00","dateModified":"2023-08-02T12:06:51+00:00","description":"Thermocouple TCK code 2000715 pour po\u00eales et chaudi\u00e8res Extraflame - Thermocouple TCK avec c\u00e2ble en silicone L 2 mt - Thermocouple TCK - D\u00e9tecteur de temp\u00e9rature - Capteur de chaleur avec c\u00e2ble en silicone de 2 m\u00e8tres de long code 2000715 pour po\u00eales et chaudi\u00e8res \u00e0 pellets marque Extraflame","breadcrumb":{"@id":"https:\/\/amrtop.net\/produit\/thermocouple-tck-code-2000715-pour-poeles-et-chaudieres-extraflame\/#breadcrumb"},"inLanguage":"ro-RO","potentialAction":[{"@type":"ReadAction","target":["https:\/\/amrtop.net\/produit\/thermocouple-tck-code-2000715-pour-poeles-et-chaudieres-extraflame\/"]}]},{"@type":"ImageObject","inLanguage":"ro-RO","@id":"https:\/\/amrtop.net\/produit\/thermocouple-tck-code-2000715-pour-poeles-et-chaudieres-extraflame\/#primaryimage","url":"https:\/\/amrtop.net\/wp-content\/uploads\/2023\/02\/200715.jpg","contentUrl":"https:\/\/amrtop.net\/wp-content\/uploads\/2023\/02\/200715.jpg","width":390,"height":390,"caption":"Thermocouple TCK code 2000715 pour po\u00eales et chaudi\u00e8res Extraflame - Thermocouple TCK avec c\u00e2ble en silicone L 2 mt - Thermocouple TCK - D\u00e9tecteur de temp\u00e9rature - Capteur de chaleur avec c\u00e2ble en silicone de 2 m\u00e8tres de long code 2000715 pour po\u00eales et chaudi\u00e8res \u00e0 pellets marque Extraflame"},{"@type":"BreadcrumbList","@id":"https:\/\/amrtop.net\/produit\/thermocouple-tck-code-2000715-pour-poeles-et-chaudieres-extraflame\/#breadcrumb","itemListElement":[{"@type":"ListItem","position":1,"name":"Home","item":"https:\/\/amrtop.net\/"},{"@type":"ListItem","position":2,"name":"Shop","item":"https:\/\/amrtop.net\/negozio\/"},{"@type":"ListItem","position":3,"name":"Thermocouple TCK avec c\u00e2ble en silicone Longueur 2 mt &#8211; Compatible avec code Extraflame 2000715"}]},{"@type":"WebSite","@id":"https:\/\/amrtop.net\/#website","url":"https:\/\/amrtop.net\/","name":"AMRTOP B2B Abroad - Achizi\u021bii rezervate profesioni\u0219tilor","description":"Piese de schimb \u0219i accesorii pentru sobe \u0219i cazane - eCommerce B2B pentru clien\u021bi profesioni\u0219ti","potentialAction":[{"@type":"SearchAction","target":{"@type":"EntryPoint","urlTemplate":"https:\/\/amrtop.net\/?s={search_term_string}"},"query-input":{"@type":"PropertyValueSpecification","valueRequired":true,"valueName":"search_term_string"}}],"inLanguage":"ro-RO"}]}},"_links":{"self":[{"href":"https:\/\/amrtop.net\/ro\/wp-json\/wp\/v2\/product\/36809","targetHints":{"allow":["GET"]}}],"collection":[{"href":"https:\/\/amrtop.net\/ro\/wp-json\/wp\/v2\/product"}],"about":[{"href":"https:\/\/amrtop.net\/ro\/wp-json\/wp\/v2\/types\/product"}],"replies":[{"embeddable":true,"href":"https:\/\/amrtop.net\/ro\/wp-json\/wp\/v2\/comments?post=36809"}],"wp:featuredmedia":[{"embeddable":true,"href":"https:\/\/amrtop.net\/ro\/wp-json\/wp\/v2\/media\/36810"}],"wp:attachment":[{"href":"https:\/\/amrtop.net\/ro\/wp-json\/wp\/v2\/media?parent=36809"}],"wp:term":[{"taxonomy":"product_brand","embeddable":true,"href":"https:\/\/amrtop.net\/ro\/wp-json\/wp\/v2\/product_brand?post=36809"},{"taxonomy":"product_cat","embeddable":true,"href":"https:\/\/amrtop.net\/ro\/wp-json\/wp\/v2\/product_cat?post=36809"},{"taxonomy":"product_tag","embeddable":true,"href":"https:\/\/amrtop.net\/ro\/wp-json\/wp\/v2\/product_tag?post=36809"}],"curies":[{"name":"wp","href":"https:\/\/api.w.org\/{rel}","templated":true}]}}